{"id":14391,"date":"2024-10-25T15:50:49","date_gmt":"2024-10-25T12:50:49","guid":{"rendered":"https:\/\/skaitytaknyga.lt\/?post_type=product&#038;p=14391"},"modified":"2024-10-26T11:59:35","modified_gmt":"2024-10-26T08:59:35","slug":"poezijos-pavasaris-2015-su-cd-siek-tiek-isteptas-virselis","status":"publish","type":"product","link":"https:\/\/skaitytaknyga.lt\/en\/produktas\/poezijos-pavasaris-2015-su-cd-siek-tiek-isteptas-virselis\/","title":{"rendered":"Poezijos pavasaris 2015 (su CD) (\u0161iek tiek i\u0161teptas vir\u0161elis)"},"content":{"rendered":"<div class=\"description tab-item\">\n<div class=\"tab-content\">51-ojo &#8220;Poezijos pavarasio&#8221; almanachas.<\/div>\n<\/div>\n<div class=\"details tab-item\">\n<h2 class=\"hidden-xs\"><\/h2>\n<div class=\"tab-content\">\n<table>\n<tbody>\n<tr>\n<td class=\"title\">Leid\u0117jas:<\/td>\n<td class=\"value\">Lietuvos ra\u0161ytoj\u0173 s\u0105jungos leidykla<\/td>\n<\/tr>\n<tr>\n<td class=\"title\">I\u0161leidimo metai:<\/td>\n<td class=\"value\">2015<\/td>\n<\/tr>\n<tr>\n<td class=\"title\">Knygos puslapi\u0173 skai\u010dius:<\/td>\n<td class=\"value\">264<\/td>\n<\/tr>\n<tr>\n<td class=\"title\">Formatas:<\/td>\n<td class=\"value\">14&#215;24, mink\u0161ti vir\u0161eliai<\/td>\n<\/tr>\n<tr>\n<td class=\"title\">ISBN ar kodas:<\/td>\n<td class=\"value\">0235442XX5<\/td>\n<\/tr>\n<\/tbody>\n<\/table>\n<\/div>\n<\/div>\n","protected":false},"excerpt":{"rendered":"<p>51-ojo &#8220;Poezijos pavarasio&#8221; almanachas. Leid\u0117jas: Lietuvos ra\u0161ytoj\u0173 s\u0105jungos leidykla I\u0161leidimo metai: 2015 Knygos puslapi\u0173 skai\u010dius: 264 Formatas: 14&#215;24, mink\u0161ti vir\u0161eliai ISBN ar kodas: 0235442XX5<\/p>\n","protected":false},"featured_media":14392,"comment_status":"open","ping_status":"closed","template":"","meta":{"_acf_changed":false,"site-sidebar-layout":"default","site-content-layout":"","ast-site-content-layout":"default","site-content-style":"default","site-sidebar-style":"default","ast-global-header-display":"","ast-banner-title-visibility":"","ast-main-header-display":"","ast-hfb-above-header-display":"","ast-hfb-below-header-display":"","ast-hfb-mobile-header-display":"","site-post-title":"","ast-breadcrumbs-content":"","ast-featured-img":"","footer-sml-layout":"","ast-disable-related-posts":"","theme-transparent-header-meta":"default","adv-header-id-meta":"","stick-header-meta":"","header-above-stick-meta":"","header-main-stick-meta":"","header-below-stick-meta":"","astra-migrate-meta-layouts":"set","ast-page-background-enabled":"default","ast-page-background-meta":{"desktop":{"background-color":"","background-image":"","background-repeat":"repeat","background-position":"center center","background-size":"auto","background-attachment":"scroll","background-type":"","background-media":"","overlay-type":"","overlay-color":"","overlay-opacity":"","overlay-gradient":""},"tablet":{"background-color":"","background-image":"","background-repeat":"repeat","background-position":"center center","background-size":"auto","background-attachment":"scroll","background-type":"","background-media":"","overlay-type":"","overlay-color":"","overlay-opacity":"","overlay-gradient":""},"mobile":{"background-color":"","background-image":"","background-repeat":"repeat","background-position":"center center","background-size":"auto","background-attachment":"scroll","background-type":"","background-media":"","overlay-type":"","overlay-color":"","overlay-opacity":"","overlay-gradient":""}},"ast-content-background-meta":{"desktop":{"background-color":"var(--ast-global-color-4)","background-image":"","background-repeat":"repeat","background-position":"center center","background-size":"auto","background-attachment":"scroll","background-type":"","background-media":"","overlay-type":"","overlay-color":"","overlay-opacity":"","overlay-gradient":""},"tablet":{"background-color":"var(--ast-global-color-4)","background-image":"","background-repeat":"repeat","background-position":"center center","background-size":"auto","background-attachment":"scroll","background-type":"","background-media":"","overlay-type":"","overlay-color":"","overlay-opacity":"","overlay-gradient":""},"mobile":{"background-color":"var(--ast-global-color-4)","background-image":"","background-repeat":"repeat","background-position":"center center","background-size":"auto","background-attachment":"scroll","background-type":"","background-media":"","overlay-type":"","overlay-color":"","overlay-opacity":"","overlay-gradient":""}}},"product_brand":[],"product_cat":[1085],"product_tag":[],"class_list":{"0":"post-14391","1":"product","2":"type-product","3":"status-publish","4":"has-post-thumbnail","6":"product_cat-poezija","7":"desktop-align-left","8":"tablet-align-left","9":"mobile-align-left","11":"first","12":"instock","13":"shipping-taxable","14":"purchasable","15":"product-type-simple"},"acf":[],"yoast_head":"<!-- This site is optimized with the Yoast SEO plugin v27.0 - https:\/\/yoast.com\/product\/yoast-seo-wordpress\/ -->\n<title>Poezijos pavasaris 2015 (su CD) (\u0161iek tiek i\u0161teptas vir\u0161elis)<\/title>\n<meta name=\"description\" content=\"51-ojo &quot;Poezijos pavarasio&quot; almanachas. Leid\u0117jas: Lietuvos ra\u0161ytoj\u0173 s\u0105jungos leidykla I\u0161leidimo metai: 2015 Knygos puslapi\u0173 skai\u010dius: 264 Formatas: 14x24,\" \/>\n<meta name=\"robots\" content=\"index, follow, max-snippet:-1, max-image-preview:large, max-video-preview:-1\" \/>\n<link rel=\"canonical\" href=\"https:\/\/skaitytaknyga.lt\/en\/produktas\/poezijos-pavasaris-2015-su-cd-siek-tiek-isteptas-virselis\/\" \/>\n<meta property=\"og:locale\" content=\"en_GB\" \/>\n<meta property=\"og:locale:alternate\" content=\"lt_LT\" \/>\n<meta property=\"og:type\" content=\"article\" \/>\n<meta property=\"og:title\" content=\"Poezijos pavasaris 2015 (su CD) (\u0161iek tiek i\u0161teptas vir\u0161elis)\" \/>\n<meta property=\"og:description\" content=\"51-ojo &quot;Poezijos pavarasio&quot; almanachas. Leid\u0117jas: Lietuvos ra\u0161ytoj\u0173 s\u0105jungos leidykla I\u0161leidimo metai: 2015 Knygos puslapi\u0173 skai\u010dius: 264 Formatas: 14x24,\" \/>\n<meta property=\"og:url\" content=\"https:\/\/skaitytaknyga.lt\/en\/produktas\/poezijos-pavasaris-2015-su-cd-siek-tiek-isteptas-virselis\/\" \/>\n<meta property=\"og:site_name\" content=\"Skaitytaknyga\" \/>\n<meta property=\"article:publisher\" content=\"https:\/\/www.facebook.com\/skaitytaknyga\/\" \/>\n<meta property=\"article:modified_time\" content=\"2024-10-26T08:59:35+00:00\" \/>\n<meta property=\"og:image\" content=\"https:\/\/skaitytaknyga.lt\/wp-content\/uploads\/2024\/10\/Poezijos-pavasaris-2015-su-CD.jpg\" \/>\n\t<meta property=\"og:image:width\" content=\"239\" \/>\n\t<meta property=\"og:image:height\" content=\"400\" \/>\n\t<meta property=\"og:image:type\" content=\"image\/jpeg\" \/>\n<meta name=\"twitter:card\" content=\"summary_large_image\" \/>\n<meta name=\"twitter:label1\" content=\"Estimated reading time\" \/>\n\t<meta name=\"twitter:data1\" content=\"1 minute\" \/>\n<script type=\"application\/ld+json\" class=\"yoast-schema-graph\">{\"@context\":\"https:\/\/schema.org\",\"@graph\":[{\"@type\":\"WebPage\",\"@id\":\"https:\/\/skaitytaknyga.lt\/produktas\/poezijos-pavasaris-2015-su-cd-siek-tiek-isteptas-virselis\/\",\"url\":\"https:\/\/skaitytaknyga.lt\/produktas\/poezijos-pavasaris-2015-su-cd-siek-tiek-isteptas-virselis\/\",\"name\":\"Poezijos pavasaris 2015 (su CD) (\u0161iek tiek i\u0161teptas vir\u0161elis)\",\"isPartOf\":{\"@id\":\"https:\/\/skaitytaknyga.lt\/#website\"},\"primaryImageOfPage\":{\"@id\":\"https:\/\/skaitytaknyga.lt\/produktas\/poezijos-pavasaris-2015-su-cd-siek-tiek-isteptas-virselis\/#primaryimage\"},\"image\":{\"@id\":\"https:\/\/skaitytaknyga.lt\/produktas\/poezijos-pavasaris-2015-su-cd-siek-tiek-isteptas-virselis\/#primaryimage\"},\"thumbnailUrl\":\"https:\/\/skaitytaknyga.lt\/wp-content\/uploads\/2024\/10\/Poezijos-pavasaris-2015-su-CD.jpg\",\"datePublished\":\"2024-10-25T12:50:49+00:00\",\"dateModified\":\"2024-10-26T08:59:35+00:00\",\"description\":\"51-ojo \\\"Poezijos pavarasio\\\" almanachas. Leid\u0117jas: Lietuvos ra\u0161ytoj\u0173 s\u0105jungos leidykla I\u0161leidimo metai: 2015 Knygos puslapi\u0173 skai\u010dius: 264 Formatas: 14x24,\",\"breadcrumb\":{\"@id\":\"https:\/\/skaitytaknyga.lt\/produktas\/poezijos-pavasaris-2015-su-cd-siek-tiek-isteptas-virselis\/#breadcrumb\"},\"inLanguage\":\"en-GB\",\"potentialAction\":[{\"@type\":\"ReadAction\",\"target\":[\"https:\/\/skaitytaknyga.lt\/produktas\/poezijos-pavasaris-2015-su-cd-siek-tiek-isteptas-virselis\/\"]}]},{\"@type\":\"ImageObject\",\"inLanguage\":\"en-GB\",\"@id\":\"https:\/\/skaitytaknyga.lt\/produktas\/poezijos-pavasaris-2015-su-cd-siek-tiek-isteptas-virselis\/#primaryimage\",\"url\":\"https:\/\/skaitytaknyga.lt\/wp-content\/uploads\/2024\/10\/Poezijos-pavasaris-2015-su-CD.jpg\",\"contentUrl\":\"https:\/\/skaitytaknyga.lt\/wp-content\/uploads\/2024\/10\/Poezijos-pavasaris-2015-su-CD.jpg\",\"width\":239,\"height\":400,\"caption\":\"Poezijos pavasaris 2015 (su CD)\"},{\"@type\":\"BreadcrumbList\",\"@id\":\"https:\/\/skaitytaknyga.lt\/produktas\/poezijos-pavasaris-2015-su-cd-siek-tiek-isteptas-virselis\/#breadcrumb\",\"itemListElement\":[{\"@type\":\"ListItem\",\"position\":1,\"name\":\"Home\",\"item\":\"https:\/\/skaitytaknyga.lt\/\"},{\"@type\":\"ListItem\",\"position\":2,\"name\":\"Parduotuv\u0117\",\"item\":\"https:\/\/skaitytaknyga.lt\/knygu-parduotuve\/\"},{\"@type\":\"ListItem\",\"position\":3,\"name\":\"Poezijos pavasaris 2015 (su CD) (\u0161iek tiek i\u0161teptas vir\u0161elis)\"}]},{\"@type\":\"WebSite\",\"@id\":\"https:\/\/skaitytaknyga.lt\/#website\",\"url\":\"https:\/\/skaitytaknyga.lt\/\",\"name\":\"skaitytaknyga.lt\",\"description\":\"Skaitytaknyga.lt \u2013 tai ma\u017eas \u0161eimos verslas, kuris prasid\u0117jo nuo meil\u0117s knygoms ir siekio i\u0161gelb\u0117ti knygas nuo likimo prie konteinerio. Kas vienam nereikalingas daiktas \u2013 kitam lobis, o mes esame tarpininkai, kurie padeda abiems tapti laimingesniems ???? \u017dinome kaip nelengva i\u0161gyventi ma\u017eiems verslams, tad nuo \u0161iol, \u010dia rasite ir kit\u0173, ma\u017e\u0173 \u0161eim\u0173 versl\u0173, rank\u0173 darbo, dovan\u0173 sau ir artimiesiems.\",\"publisher\":{\"@id\":\"https:\/\/skaitytaknyga.lt\/#organization\"},\"potentialAction\":[{\"@type\":\"SearchAction\",\"target\":{\"@type\":\"EntryPoint\",\"urlTemplate\":\"https:\/\/skaitytaknyga.lt\/?s={search_term_string}\"},\"query-input\":{\"@type\":\"PropertyValueSpecification\",\"valueRequired\":true,\"valueName\":\"search_term_string\"}}],\"inLanguage\":\"en-GB\"},{\"@type\":\"Organization\",\"@id\":\"https:\/\/skaitytaknyga.lt\/#organization\",\"name\":\"skaitytaknyga.lt\",\"url\":\"https:\/\/skaitytaknyga.lt\/\",\"logo\":{\"@type\":\"ImageObject\",\"inLanguage\":\"en-GB\",\"@id\":\"https:\/\/skaitytaknyga.lt\/#\/schema\/logo\/image\/\",\"url\":\"https:\/\/skaitytaknyga.lt\/wp-content\/uploads\/2024\/05\/cropped-cropped-cropped-02_00843_jt3bggkj1j3HLc7SyY6rEUpg.jpeg\",\"contentUrl\":\"https:\/\/skaitytaknyga.lt\/wp-content\/uploads\/2024\/05\/cropped-cropped-cropped-02_00843_jt3bggkj1j3HLc7SyY6rEUpg.jpeg\",\"width\":1600,\"height\":1600,\"caption\":\"skaitytaknyga.lt\"},\"image\":{\"@id\":\"https:\/\/skaitytaknyga.lt\/#\/schema\/logo\/image\/\"},\"sameAs\":[\"https:\/\/www.facebook.com\/skaitytaknyga\/\"]}]}<\/script>\n<!-- \/ Yoast SEO plugin. -->","yoast_head_json":{"title":"Poezijos pavasaris 2015 (su CD) (\u0161iek tiek i\u0161teptas vir\u0161elis)","description":"51-ojo \"Poezijos pavarasio\" almanachas. Leid\u0117jas: Lietuvos ra\u0161ytoj\u0173 s\u0105jungos leidykla I\u0161leidimo metai: 2015 Knygos puslapi\u0173 skai\u010dius: 264 Formatas: 14x24,","robots":{"index":"index","follow":"follow","max-snippet":"max-snippet:-1","max-image-preview":"max-image-preview:large","max-video-preview":"max-video-preview:-1"},"canonical":"https:\/\/skaitytaknyga.lt\/en\/produktas\/poezijos-pavasaris-2015-su-cd-siek-tiek-isteptas-virselis\/","og_locale":"en_GB","og_type":"article","og_title":"[:lt]Poezijos pavasaris 2015 (su CD) (\u0161iek tiek i\u0161teptas vir\u0161elis)[:] - Skaitytaknyga","og_description":"51-ojo \"Poezijos pavarasio\" almanachas. Leid\u0117jas: Lietuvos ra\u0161ytoj\u0173 s\u0105jungos leidykla I\u0161leidimo metai: 2015 Knygos puslapi\u0173 skai\u010dius: 264 Formatas: 14x24,","og_url":"https:\/\/skaitytaknyga.lt\/en\/produktas\/poezijos-pavasaris-2015-su-cd-siek-tiek-isteptas-virselis\/","og_site_name":"Skaitytaknyga","article_publisher":"https:\/\/www.facebook.com\/skaitytaknyga\/","article_modified_time":"2024-10-26T08:59:35+00:00","og_image":[{"width":239,"height":400,"url":"https:\/\/skaitytaknyga.lt\/wp-content\/uploads\/2024\/10\/Poezijos-pavasaris-2015-su-CD.jpg","type":"image\/jpeg"}],"twitter_card":"summary_large_image","twitter_misc":{"Estimated reading time":"1 minute"},"schema":{"@context":"https:\/\/schema.org","@graph":[{"@type":"WebPage","@id":"https:\/\/skaitytaknyga.lt\/produktas\/poezijos-pavasaris-2015-su-cd-siek-tiek-isteptas-virselis\/","url":"https:\/\/skaitytaknyga.lt\/produktas\/poezijos-pavasaris-2015-su-cd-siek-tiek-isteptas-virselis\/","name":"Poezijos pavasaris 2015 (su CD) (\u0161iek tiek i\u0161teptas vir\u0161elis)","isPartOf":{"@id":"https:\/\/skaitytaknyga.lt\/#website"},"primaryImageOfPage":{"@id":"https:\/\/skaitytaknyga.lt\/produktas\/poezijos-pavasaris-2015-su-cd-siek-tiek-isteptas-virselis\/#primaryimage"},"image":{"@id":"https:\/\/skaitytaknyga.lt\/produktas\/poezijos-pavasaris-2015-su-cd-siek-tiek-isteptas-virselis\/#primaryimage"},"thumbnailUrl":"https:\/\/skaitytaknyga.lt\/wp-content\/uploads\/2024\/10\/Poezijos-pavasaris-2015-su-CD.jpg","datePublished":"2024-10-25T12:50:49+00:00","dateModified":"2024-10-26T08:59:35+00:00","description":"51-ojo \"Poezijos pavarasio\" almanachas. Leid\u0117jas: Lietuvos ra\u0161ytoj\u0173 s\u0105jungos leidykla I\u0161leidimo metai: 2015 Knygos puslapi\u0173 skai\u010dius: 264 Formatas: 14x24,","breadcrumb":{"@id":"https:\/\/skaitytaknyga.lt\/produktas\/poezijos-pavasaris-2015-su-cd-siek-tiek-isteptas-virselis\/#breadcrumb"},"inLanguage":"en-GB","potentialAction":[{"@type":"ReadAction","target":["https:\/\/skaitytaknyga.lt\/produktas\/poezijos-pavasaris-2015-su-cd-siek-tiek-isteptas-virselis\/"]}]},{"@type":"ImageObject","inLanguage":"en-GB","@id":"https:\/\/skaitytaknyga.lt\/produktas\/poezijos-pavasaris-2015-su-cd-siek-tiek-isteptas-virselis\/#primaryimage","url":"https:\/\/skaitytaknyga.lt\/wp-content\/uploads\/2024\/10\/Poezijos-pavasaris-2015-su-CD.jpg","contentUrl":"https:\/\/skaitytaknyga.lt\/wp-content\/uploads\/2024\/10\/Poezijos-pavasaris-2015-su-CD.jpg","width":239,"height":400,"caption":"Poezijos pavasaris 2015 (su CD)"},{"@type":"BreadcrumbList","@id":"https:\/\/skaitytaknyga.lt\/produktas\/poezijos-pavasaris-2015-su-cd-siek-tiek-isteptas-virselis\/#breadcrumb","itemListElement":[{"@type":"ListItem","position":1,"name":"Home","item":"https:\/\/skaitytaknyga.lt\/"},{"@type":"ListItem","position":2,"name":"Parduotuv\u0117","item":"https:\/\/skaitytaknyga.lt\/knygu-parduotuve\/"},{"@type":"ListItem","position":3,"name":"Poezijos pavasaris 2015 (su CD) (\u0161iek tiek i\u0161teptas vir\u0161elis)"}]},{"@type":"WebSite","@id":"https:\/\/skaitytaknyga.lt\/#website","url":"https:\/\/skaitytaknyga.lt\/","name":"skaitytaknyga.lt","description":"Skaitytaknyga.lt \u2013 tai ma\u017eas \u0161eimos verslas, kuris prasid\u0117jo nuo meil\u0117s knygoms ir siekio i\u0161gelb\u0117ti knygas nuo likimo prie konteinerio. Kas vienam nereikalingas daiktas \u2013 kitam lobis, o mes esame tarpininkai, kurie padeda abiems tapti laimingesniems ???? \u017dinome kaip nelengva i\u0161gyventi ma\u017eiems verslams, tad nuo \u0161iol, \u010dia rasite ir kit\u0173, ma\u017e\u0173 \u0161eim\u0173 versl\u0173, rank\u0173 darbo, dovan\u0173 sau ir artimiesiems.","publisher":{"@id":"https:\/\/skaitytaknyga.lt\/#organization"},"potentialAction":[{"@type":"SearchAction","target":{"@type":"EntryPoint","urlTemplate":"https:\/\/skaitytaknyga.lt\/?s={search_term_string}"},"query-input":{"@type":"PropertyValueSpecification","valueRequired":true,"valueName":"search_term_string"}}],"inLanguage":"en-GB"},{"@type":"Organization","@id":"https:\/\/skaitytaknyga.lt\/#organization","name":"skaitytaknyga.lt","url":"https:\/\/skaitytaknyga.lt\/","logo":{"@type":"ImageObject","inLanguage":"en-GB","@id":"https:\/\/skaitytaknyga.lt\/#\/schema\/logo\/image\/","url":"https:\/\/skaitytaknyga.lt\/wp-content\/uploads\/2024\/05\/cropped-cropped-cropped-02_00843_jt3bggkj1j3HLc7SyY6rEUpg.jpeg","contentUrl":"https:\/\/skaitytaknyga.lt\/wp-content\/uploads\/2024\/05\/cropped-cropped-cropped-02_00843_jt3bggkj1j3HLc7SyY6rEUpg.jpeg","width":1600,"height":1600,"caption":"skaitytaknyga.lt"},"image":{"@id":"https:\/\/skaitytaknyga.lt\/#\/schema\/logo\/image\/"},"sameAs":["https:\/\/www.facebook.com\/skaitytaknyga\/"]}]}},"_links":{"self":[{"href":"https:\/\/skaitytaknyga.lt\/en\/wp-json\/wp\/v2\/product\/14391","targetHints":{"allow":["GET"]}}],"collection":[{"href":"https:\/\/skaitytaknyga.lt\/en\/wp-json\/wp\/v2\/product"}],"about":[{"href":"https:\/\/skaitytaknyga.lt\/en\/wp-json\/wp\/v2\/types\/product"}],"replies":[{"embeddable":true,"href":"https:\/\/skaitytaknyga.lt\/en\/wp-json\/wp\/v2\/comments?post=14391"}],"wp:featuredmedia":[{"embeddable":true,"href":"https:\/\/skaitytaknyga.lt\/en\/wp-json\/wp\/v2\/media\/14392"}],"wp:attachment":[{"href":"https:\/\/skaitytaknyga.lt\/en\/wp-json\/wp\/v2\/media?parent=14391"}],"wp:term":[{"taxonomy":"product_brand","embeddable":true,"href":"https:\/\/skaitytaknyga.lt\/en\/wp-json\/wp\/v2\/product_brand?post=14391"},{"taxonomy":"product_cat","embeddable":true,"href":"https:\/\/skaitytaknyga.lt\/en\/wp-json\/wp\/v2\/product_cat?post=14391"},{"taxonomy":"product_tag","embeddable":true,"href":"https:\/\/skaitytaknyga.lt\/en\/wp-json\/wp\/v2\/product_tag?post=14391"}],"curies":[{"name":"wp","href":"https:\/\/api.w.org\/{rel}","templated":true}]}}