{"id":14348,"date":"2024-10-18T13:42:58","date_gmt":"2024-10-18T10:42:58","guid":{"rendered":"https:\/\/skaitytaknyga.lt\/?post_type=product&#038;p=14348"},"modified":"2026-01-12T10:41:54","modified_gmt":"2026-01-12T08:41:54","slug":"begancios-su-vilkais","status":"publish","type":"product","link":"https:\/\/skaitytaknyga.lt\/en\/produktas\/begancios-su-vilkais\/","title":{"rendered":"B\u0117gan\u010dios su vilkais (yra nedideli\u0173 defekt\u0173)"},"content":{"rendered":"<p><strong>Dr. Clarissos Pinkolos Estes<\/strong>\u00a0<strong>\u201eB\u0117gan\u010dios su vilkais\u201d<\/strong>\u00a0\u2013 klasikinis ir novatori\u0161kas veikalas, tyrin\u0117jantis moters dvasin\u012f gyvenim\u0105, \u2013 i\u0161verstas \u012f daugiau kaip 25 kalbas ir \u012fvertintas presti\u017ein\u0117mis ir garbingomis premijomis u\u017e psichoanaliz\u0117s pl\u0117tojim\u0105.<\/p>\n<p>Kiekvienoje moteryje slypi galinga j\u0117ga, pasi\u017eyminti tobulais instinktais, k\u016brybos aistra ir nesenstan\u010dia i\u0161mintimi. Tai \u2013 Laukin\u0117 Moteris, instinktyviosios moter\u0173 prigimties \u012fsik\u016bnijimas. Bet ji gr\u0117smingai nyksta. Nors visos gimstame dosniai laukin\u0117s prigimties apdovanotos, v\u0117lesni visuomen\u0117s bandymai mus\u00a0\u201ecivilizuoti\u201d ir \u012fsprausti \u012f grie\u017etus r\u0117mus galiausiai u\u017egniau\u017eia i\u0161 sielos gelmi\u0173 aidint\u012f ir gyvyb\u0119 teikiant\u012f vidin\u012f m\u016bs\u0173 bals\u0105.<\/p>\n<p>Knygoje b\u0117gan\u010dios su vilkais dr. Estes pateikia gausyb\u0119 \u012fvairi\u0173 kult\u016br\u0173 mit\u0173, pasak\u0173 bei istorij\u0173, kuri\u0173 daugel\u012f pati paveld\u0117jo i\u0161 savo \u0161eimos, nor\u0117dama pad\u0117ti moterims atkurti laukinius, sveikus, prana\u0161i\u0161kus \u0161ios instinktyviosios prigimties bruo\u017eus. Besigilindamos \u012f \u0161ios \u012fstabios knygos autor\u0117s sekamas istorijas bei komentarus, mes i\u0161 naujo atrandame, pa\u017e\u012fstame, pamilstame ir suprantame Laukin\u0119 Moter\u012f, mes kaip stebukl\u0105 ar gyduol\u0119 glaud\u017eiame j\u0105 prie \u0161irdies. Dr. Estes psichologija dosni ir vaisinga, tai \u2013 moters sielos pa\u017einimas pa\u010dia tikriausia prasme.<\/p>\n<p><strong>Apie autor\u0119<\/strong><\/p>\n<p><strong>Dr. Clarissa Pinkola Estes<\/strong>, tarptautinio pripa\u017einimo sulaukusi mokslinink\u0117, poet\u0117 ir cantadora, sen\u0173j\u0173 tradicini\u0173 Lotyn\u0173 Amerikos pasakojim\u0173 saugotoja, yra vyresnioji Jungo krypties psichoanaliz\u0117s specialist\u0117, sukaupusi dvide\u0161imt penkeri\u0173 met\u0173 praktikos bei d\u0117stymo patirt\u012f. Ji yra dirbusi C.G. Jungo mokymo ir studij\u0173 centro Amerikoje vykdom\u0105ja direktore, apgyn\u0117 daktaro disertacij\u0105 i\u0161 lyginamosios kult\u016brologijos bei klinikin\u0117s psichologijos. U\u017e viso gyvenimo k\u016bryb\u0105 bei darbus socialinio teisingumo labui Nacionalin\u0117 Lotyn\u0173 organizacija Va\u0161ingtone apdovanojo j\u0105 Las Primeras premija.<\/p>\n<p>Knyg\u0105<strong>\u00a0\u201eB\u0117gan\u010dios su vilkais\u201d<\/strong>\u00a0dr. Estes prad\u0117jo ra\u0161yti 1971 m. ir baig\u0117 daugiau kaip po dvide\u0161imties met\u0173. Ji i\u0161versta \u012f daugiau kaip 25 kalbas ir pripa\u017e\u012fstama kaip klasikinis ir novatori\u0161kas veikalas, tyrin\u0117jantis moters dvasin\u012f gyvenim\u0105; \u012fvertinta presti\u017ein\u0117mis ir garbingomis ABBY, Kolorado ra\u0161ytoj\u0173 lygos ir Nacionalin\u0117s Asociacijos premijomis u\u017e psichoanaliz\u0117s pl\u0117tojim\u0105.<\/p>\n<ul class=\"about-product d-none d-xl-block mt-4\">\n<li><strong>Originalus pavadinimas:<\/strong>\u00a0Women Who Run With the Wolves: Myths and Stories of the Wild Woman Archetype<\/li>\n<li><strong>Autorius:<\/strong>\u00a0Clarissa Pinkola Estes<\/li>\n<li><strong>Leid\u0117jas:<\/strong>\u00a0Alma littera<\/li>\n<li><strong>Metai:<\/strong>\u00a02020<\/li>\n<li><strong>Puslapiai:<\/strong>\u00a0680<\/li>\n<li class=\"toggleable type-new-formats \"><strong>ISBN:<\/strong>\u00a09789955087151<\/li>\n<li class=\"toggleable type-new-formats \"><strong>Formatas:<\/strong>\u00a015 x 24 x 4 cm, kieti vir\u0161eliai<\/li>\n<li><strong>Kalba:<\/strong>\u00a0Lietuvi\u0173<\/li>\n<li><strong>Vert\u0117jas:<\/strong>\u00a0Lina B\u016bgien\u0117<\/li>\n<\/ul>\n","protected":false},"excerpt":{"rendered":"<p>Dr. Clarissos Pinkolos Estes\u00a0\u201eB\u0117gan\u010dios su vilkais\u201d\u00a0\u2013 klasikinis ir novatori\u0161kas veikalas, tyrin\u0117jantis moters dvasin\u012f gyvenim\u0105, \u2013 i\u0161verstas \u012f daugiau kaip 25 kalbas ir \u012fvertintas presti\u017ein\u0117mis ir garbingomis premijomis u\u017e psichoanaliz\u0117s pl\u0117tojim\u0105. Kiekvienoje moteryje slypi galinga j\u0117ga, pasi\u017eyminti tobulais instinktais, k\u016brybos aistra ir nesenstan\u010dia i\u0161mintimi. Tai \u2013 Laukin\u0117 Moteris, instinktyviosios moter\u0173 prigimties \u012fsik\u016bnijimas. Bet ji gr\u0117smingai nyksta. Nors visos gimstame dosniai laukin\u0117s prigimties apdovanotos, v\u0117lesni visuomen\u0117s bandymai mus\u00a0\u201ecivilizuoti\u201d ir \u012fsprausti \u012f grie\u017etus r\u0117mus galiausiai u\u017egniau\u017eia i\u0161 sielos gelmi\u0173 aidint\u012f ir gyvyb\u0119 teikiant\u012f vidin\u012f m\u016bs\u0173 bals\u0105. Knygoje b\u0117gan\u010dios su vilkais dr. Estes pateikia gausyb\u0119 \u012fvairi\u0173 kult\u016br\u0173 mit\u0173, pasak\u0173 bei istorij\u0173, kuri\u0173 daugel\u012f pati paveld\u0117jo i\u0161 savo \u0161eimos, nor\u0117dama pad\u0117ti moterims atkurti laukinius, sveikus, prana\u0161i\u0161kus \u0161ios instinktyviosios prigimties bruo\u017eus. Besigilindamos \u012f \u0161ios \u012fstabios knygos autor\u0117s sekamas istorijas bei komentarus, mes i\u0161 naujo atrandame, pa\u017e\u012fstame, pamilstame ir suprantame Laukin\u0119 Moter\u012f, mes kaip stebukl\u0105 ar gyduol\u0119 glaud\u017eiame j\u0105 prie \u0161irdies. Dr. Estes psichologija dosni ir vaisinga, tai \u2013 moters sielos pa\u017einimas pa\u010dia tikriausia prasme. Apie autor\u0119 Dr. Clarissa Pinkola Estes, tarptautinio pripa\u017einimo sulaukusi mokslinink\u0117, poet\u0117 ir cantadora, sen\u0173j\u0173 tradicini\u0173 Lotyn\u0173 Amerikos pasakojim\u0173 saugotoja, yra vyresnioji Jungo krypties psichoanaliz\u0117s specialist\u0117, sukaupusi dvide\u0161imt penkeri\u0173 met\u0173 praktikos bei d\u0117stymo patirt\u012f. Ji yra dirbusi C.G. Jungo mokymo ir studij\u0173 centro Amerikoje vykdom\u0105ja direktore, apgyn\u0117 daktaro disertacij\u0105 i\u0161 lyginamosios kult\u016brologijos bei klinikin\u0117s psichologijos. U\u017e viso gyvenimo k\u016bryb\u0105 bei darbus socialinio teisingumo labui Nacionalin\u0117 Lotyn\u0173 organizacija Va\u0161ingtone apdovanojo j\u0105 Las Primeras premija. Knyg\u0105\u00a0\u201eB\u0117gan\u010dios su vilkais\u201d\u00a0dr. Estes prad\u0117jo ra\u0161yti 1971 m. ir baig\u0117 daugiau kaip po dvide\u0161imties met\u0173. Ji i\u0161versta \u012f daugiau kaip 25 kalbas ir pripa\u017e\u012fstama kaip klasikinis ir novatori\u0161kas veikalas, tyrin\u0117jantis moters dvasin\u012f gyvenim\u0105; \u012fvertinta presti\u017ein\u0117mis ir garbingomis ABBY, Kolorado ra\u0161ytoj\u0173 lygos ir Nacionalin\u0117s Asociacijos premijomis u\u017e psichoanaliz\u0117s pl\u0117tojim\u0105. Originalus pavadinimas:\u00a0Women Who Run With the Wolves: Myths and Stories of the Wild Woman Archetype Autorius:\u00a0Clarissa Pinkola Estes Leid\u0117jas:\u00a0Alma littera Metai:\u00a02020 Puslapiai:\u00a0680 ISBN:\u00a09789955087151 Formatas:\u00a015 x 24 x 4 cm, kieti vir\u0161eliai Kalba:\u00a0Lietuvi\u0173 Vert\u0117jas:\u00a0Lina B\u016bgien\u0117<\/p>\n","protected":false},"featured_media":14356,"comment_status":"open","ping_status":"closed","template":"","meta":{"_acf_changed":false,"site-sidebar-layout":"default","site-content-layout":"","ast-site-content-layout":"default","site-content-style":"default","site-sidebar-style":"default","ast-global-header-display":"","ast-banner-title-visibility":"","ast-main-header-display":"","ast-hfb-above-header-display":"","ast-hfb-below-header-display":"","ast-hfb-mobile-header-display":"","site-post-title":"","ast-breadcrumbs-content":"","ast-featured-img":"","footer-sml-layout":"","ast-disable-related-posts":"","theme-transparent-header-meta":"default","adv-header-id-meta":"","stick-header-meta":"","header-above-stick-meta":"","header-main-stick-meta":"","header-below-stick-meta":"","astra-migrate-meta-layouts":"set","ast-page-background-enabled":"default","ast-page-background-meta":{"desktop":{"background-color":"","background-image":"","background-repeat":"repeat","background-position":"center center","background-size":"auto","background-attachment":"scroll","background-type":"","background-media":"","overlay-type":"","overlay-color":"","overlay-opacity":"","overlay-gradient":""},"tablet":{"background-color":"","background-image":"","background-repeat":"repeat","background-position":"center center","background-size":"auto","background-attachment":"scroll","background-type":"","background-media":"","overlay-type":"","overlay-color":"","overlay-opacity":"","overlay-gradient":""},"mobile":{"background-color":"","background-image":"","background-repeat":"repeat","background-position":"center center","background-size":"auto","background-attachment":"scroll","background-type":"","background-media":"","overlay-type":"","overlay-color":"","overlay-opacity":"","overlay-gradient":""}},"ast-content-background-meta":{"desktop":{"background-color":"var(--ast-global-color-4)","background-image":"","background-repeat":"repeat","background-position":"center center","background-size":"auto","background-attachment":"scroll","background-type":"","background-media":"","overlay-type":"","overlay-color":"","overlay-opacity":"","overlay-gradient":""},"tablet":{"background-color":"var(--ast-global-color-4)","background-image":"","background-repeat":"repeat","background-position":"center center","background-size":"auto","background-attachment":"scroll","background-type":"","background-media":"","overlay-type":"","overlay-color":"","overlay-opacity":"","overlay-gradient":""},"mobile":{"background-color":"var(--ast-global-color-4)","background-image":"","background-repeat":"repeat","background-position":"center center","background-size":"auto","background-attachment":"scroll","background-type":"","background-media":"","overlay-type":"","overlay-color":"","overlay-opacity":"","overlay-gradient":""}}},"product_brand":[],"product_cat":[15,30],"product_tag":[2584,2581,2583,2582,2504,1392],"class_list":{"0":"post-14348","1":"product","2":"type-product","3":"status-publish","4":"has-post-thumbnail","6":"product_cat-uncategorized","7":"product_cat-psichologija-ir-saviugda","8":"product_tag-archetipai","9":"product_tag-clarissa-pinkola-estes","10":"product_tag-mitai","11":"product_tag-moterys","12":"product_tag-pasamone","13":"product_tag-psichologija","14":"desktop-align-left","15":"tablet-align-left","16":"mobile-align-left","18":"first","19":"outofstock","20":"shipping-taxable","21":"purchasable","22":"product-type-simple"},"acf":[],"yoast_head":"<!-- This site is optimized with the Yoast SEO plugin v27.0 - https:\/\/yoast.com\/product\/yoast-seo-wordpress\/ -->\n<title>B\u0117gan\u010dios su vilkais (yra nedideli\u0173 defekt\u0173)<\/title>\n<meta name=\"description\" content=\"Dr. Clarissos Pinkolos Estes\u00a0\u201eB\u0117gan\u010dios su vilkais\u201d\u00a0\u2013 klasikinis ir novatori\u0161kas veikalas, tyrin\u0117jantis moters dvasin\u012f gyvenim\u0105, \u2013 i\u0161verstas \u012f daugiau\" \/>\n<meta name=\"robots\" content=\"index, follow, max-snippet:-1, max-image-preview:large, max-video-preview:-1\" \/>\n<link rel=\"canonical\" href=\"https:\/\/skaitytaknyga.lt\/en\/produktas\/begancios-su-vilkais\/\" \/>\n<meta property=\"og:locale\" content=\"en_GB\" \/>\n<meta property=\"og:locale:alternate\" content=\"lt_LT\" \/>\n<meta property=\"og:type\" content=\"article\" \/>\n<meta property=\"og:title\" content=\"B\u0117gan\u010dios su vilkais (yra nedideli\u0173 defekt\u0173)\" \/>\n<meta property=\"og:description\" content=\"Dr. Clarissos Pinkolos Estes\u00a0\u201eB\u0117gan\u010dios su vilkais\u201d\u00a0\u2013 klasikinis ir novatori\u0161kas veikalas, tyrin\u0117jantis moters dvasin\u012f gyvenim\u0105, \u2013 i\u0161verstas \u012f daugiau\" \/>\n<meta property=\"og:url\" content=\"https:\/\/skaitytaknyga.lt\/en\/produktas\/begancios-su-vilkais\/\" \/>\n<meta property=\"og:site_name\" content=\"Skaitytaknyga\" \/>\n<meta property=\"article:publisher\" content=\"https:\/\/www.facebook.com\/skaitytaknyga\/\" \/>\n<meta property=\"article:modified_time\" content=\"2026-01-12T08:41:54+00:00\" \/>\n<meta property=\"og:image\" content=\"https:\/\/skaitytaknyga.lt\/wp-content\/uploads\/2024\/10\/Begancios-su-vilkais.jpg\" \/>\n\t<meta property=\"og:image:width\" content=\"445\" \/>\n\t<meta property=\"og:image:height\" content=\"724\" \/>\n\t<meta property=\"og:image:type\" content=\"image\/jpeg\" \/>\n<meta name=\"twitter:card\" content=\"summary_large_image\" \/>\n<meta name=\"twitter:label1\" content=\"Estimated reading time\" \/>\n\t<meta name=\"twitter:data1\" content=\"2 minutes\" \/>\n<script type=\"application\/ld+json\" class=\"yoast-schema-graph\">{\"@context\":\"https:\/\/schema.org\",\"@graph\":[{\"@type\":\"WebPage\",\"@id\":\"https:\/\/skaitytaknyga.lt\/produktas\/begancios-su-vilkais\/\",\"url\":\"https:\/\/skaitytaknyga.lt\/produktas\/begancios-su-vilkais\/\",\"name\":\"B\u0117gan\u010dios su vilkais (yra nedideli\u0173 defekt\u0173)\",\"isPartOf\":{\"@id\":\"https:\/\/skaitytaknyga.lt\/#website\"},\"primaryImageOfPage\":{\"@id\":\"https:\/\/skaitytaknyga.lt\/produktas\/begancios-su-vilkais\/#primaryimage\"},\"image\":{\"@id\":\"https:\/\/skaitytaknyga.lt\/produktas\/begancios-su-vilkais\/#primaryimage\"},\"thumbnailUrl\":\"https:\/\/skaitytaknyga.lt\/wp-content\/uploads\/2024\/10\/Begancios-su-vilkais.jpg\",\"datePublished\":\"2024-10-18T10:42:58+00:00\",\"dateModified\":\"2026-01-12T08:41:54+00:00\",\"description\":\"Dr. Clarissos Pinkolos Estes\u00a0\u201eB\u0117gan\u010dios su vilkais\u201d\u00a0\u2013 klasikinis ir novatori\u0161kas veikalas, tyrin\u0117jantis moters dvasin\u012f gyvenim\u0105, \u2013 i\u0161verstas \u012f daugiau\",\"breadcrumb\":{\"@id\":\"https:\/\/skaitytaknyga.lt\/produktas\/begancios-su-vilkais\/#breadcrumb\"},\"inLanguage\":\"en-GB\",\"potentialAction\":[{\"@type\":\"ReadAction\",\"target\":[\"https:\/\/skaitytaknyga.lt\/produktas\/begancios-su-vilkais\/\"]}]},{\"@type\":\"ImageObject\",\"inLanguage\":\"en-GB\",\"@id\":\"https:\/\/skaitytaknyga.lt\/produktas\/begancios-su-vilkais\/#primaryimage\",\"url\":\"https:\/\/skaitytaknyga.lt\/wp-content\/uploads\/2024\/10\/Begancios-su-vilkais.jpg\",\"contentUrl\":\"https:\/\/skaitytaknyga.lt\/wp-content\/uploads\/2024\/10\/Begancios-su-vilkais.jpg\",\"width\":445,\"height\":724,\"caption\":\"B\u0117gan\u010dios su vilkais\"},{\"@type\":\"BreadcrumbList\",\"@id\":\"https:\/\/skaitytaknyga.lt\/produktas\/begancios-su-vilkais\/#breadcrumb\",\"itemListElement\":[{\"@type\":\"ListItem\",\"position\":1,\"name\":\"Home\",\"item\":\"https:\/\/skaitytaknyga.lt\/\"},{\"@type\":\"ListItem\",\"position\":2,\"name\":\"Parduotuv\u0117\",\"item\":\"https:\/\/skaitytaknyga.lt\/knygu-parduotuve\/\"},{\"@type\":\"ListItem\",\"position\":3,\"name\":\"B\u0117gan\u010dios su vilkais (yra nedideli\u0173 defekt\u0173)\"}]},{\"@type\":\"WebSite\",\"@id\":\"https:\/\/skaitytaknyga.lt\/#website\",\"url\":\"https:\/\/skaitytaknyga.lt\/\",\"name\":\"skaitytaknyga.lt\",\"description\":\"Skaitytaknyga.lt \u2013 tai ma\u017eas \u0161eimos verslas, kuris prasid\u0117jo nuo meil\u0117s knygoms ir siekio i\u0161gelb\u0117ti knygas nuo likimo prie konteinerio. Kas vienam nereikalingas daiktas \u2013 kitam lobis, o mes esame tarpininkai, kurie padeda abiems tapti laimingesniems ???? \u017dinome kaip nelengva i\u0161gyventi ma\u017eiems verslams, tad nuo \u0161iol, \u010dia rasite ir kit\u0173, ma\u017e\u0173 \u0161eim\u0173 versl\u0173, rank\u0173 darbo, dovan\u0173 sau ir artimiesiems.\",\"publisher\":{\"@id\":\"https:\/\/skaitytaknyga.lt\/#organization\"},\"potentialAction\":[{\"@type\":\"SearchAction\",\"target\":{\"@type\":\"EntryPoint\",\"urlTemplate\":\"https:\/\/skaitytaknyga.lt\/?s={search_term_string}\"},\"query-input\":{\"@type\":\"PropertyValueSpecification\",\"valueRequired\":true,\"valueName\":\"search_term_string\"}}],\"inLanguage\":\"en-GB\"},{\"@type\":\"Organization\",\"@id\":\"https:\/\/skaitytaknyga.lt\/#organization\",\"name\":\"skaitytaknyga.lt\",\"url\":\"https:\/\/skaitytaknyga.lt\/\",\"logo\":{\"@type\":\"ImageObject\",\"inLanguage\":\"en-GB\",\"@id\":\"https:\/\/skaitytaknyga.lt\/#\/schema\/logo\/image\/\",\"url\":\"https:\/\/skaitytaknyga.lt\/wp-content\/uploads\/2024\/05\/cropped-cropped-cropped-02_00843_jt3bggkj1j3HLc7SyY6rEUpg.jpeg\",\"contentUrl\":\"https:\/\/skaitytaknyga.lt\/wp-content\/uploads\/2024\/05\/cropped-cropped-cropped-02_00843_jt3bggkj1j3HLc7SyY6rEUpg.jpeg\",\"width\":1600,\"height\":1600,\"caption\":\"skaitytaknyga.lt\"},\"image\":{\"@id\":\"https:\/\/skaitytaknyga.lt\/#\/schema\/logo\/image\/\"},\"sameAs\":[\"https:\/\/www.facebook.com\/skaitytaknyga\/\"]}]}<\/script>\n<!-- \/ Yoast SEO plugin. -->","yoast_head_json":{"title":"B\u0117gan\u010dios su vilkais (yra nedideli\u0173 defekt\u0173)","description":"Dr. Clarissos Pinkolos Estes\u00a0\u201eB\u0117gan\u010dios su vilkais\u201d\u00a0\u2013 klasikinis ir novatori\u0161kas veikalas, tyrin\u0117jantis moters dvasin\u012f gyvenim\u0105, \u2013 i\u0161verstas \u012f daugiau","robots":{"index":"index","follow":"follow","max-snippet":"max-snippet:-1","max-image-preview":"max-image-preview:large","max-video-preview":"max-video-preview:-1"},"canonical":"https:\/\/skaitytaknyga.lt\/en\/produktas\/begancios-su-vilkais\/","og_locale":"en_GB","og_type":"article","og_title":"[:lt]B\u0117gan\u010dios su vilkais (yra nedideli\u0173 defekt\u0173)[:] - Skaitytaknyga","og_description":"Dr. Clarissos Pinkolos Estes\u00a0\u201eB\u0117gan\u010dios su vilkais\u201d\u00a0\u2013 klasikinis ir novatori\u0161kas veikalas, tyrin\u0117jantis moters dvasin\u012f gyvenim\u0105, \u2013 i\u0161verstas \u012f daugiau","og_url":"https:\/\/skaitytaknyga.lt\/en\/produktas\/begancios-su-vilkais\/","og_site_name":"Skaitytaknyga","article_publisher":"https:\/\/www.facebook.com\/skaitytaknyga\/","article_modified_time":"2026-01-12T08:41:54+00:00","og_image":[{"width":445,"height":724,"url":"https:\/\/skaitytaknyga.lt\/wp-content\/uploads\/2024\/10\/Begancios-su-vilkais.jpg","type":"image\/jpeg"}],"twitter_card":"summary_large_image","twitter_misc":{"Estimated reading time":"2 minutes"},"schema":{"@context":"https:\/\/schema.org","@graph":[{"@type":"WebPage","@id":"https:\/\/skaitytaknyga.lt\/produktas\/begancios-su-vilkais\/","url":"https:\/\/skaitytaknyga.lt\/produktas\/begancios-su-vilkais\/","name":"B\u0117gan\u010dios su vilkais (yra nedideli\u0173 defekt\u0173)","isPartOf":{"@id":"https:\/\/skaitytaknyga.lt\/#website"},"primaryImageOfPage":{"@id":"https:\/\/skaitytaknyga.lt\/produktas\/begancios-su-vilkais\/#primaryimage"},"image":{"@id":"https:\/\/skaitytaknyga.lt\/produktas\/begancios-su-vilkais\/#primaryimage"},"thumbnailUrl":"https:\/\/skaitytaknyga.lt\/wp-content\/uploads\/2024\/10\/Begancios-su-vilkais.jpg","datePublished":"2024-10-18T10:42:58+00:00","dateModified":"2026-01-12T08:41:54+00:00","description":"Dr. Clarissos Pinkolos Estes\u00a0\u201eB\u0117gan\u010dios su vilkais\u201d\u00a0\u2013 klasikinis ir novatori\u0161kas veikalas, tyrin\u0117jantis moters dvasin\u012f gyvenim\u0105, \u2013 i\u0161verstas \u012f daugiau","breadcrumb":{"@id":"https:\/\/skaitytaknyga.lt\/produktas\/begancios-su-vilkais\/#breadcrumb"},"inLanguage":"en-GB","potentialAction":[{"@type":"ReadAction","target":["https:\/\/skaitytaknyga.lt\/produktas\/begancios-su-vilkais\/"]}]},{"@type":"ImageObject","inLanguage":"en-GB","@id":"https:\/\/skaitytaknyga.lt\/produktas\/begancios-su-vilkais\/#primaryimage","url":"https:\/\/skaitytaknyga.lt\/wp-content\/uploads\/2024\/10\/Begancios-su-vilkais.jpg","contentUrl":"https:\/\/skaitytaknyga.lt\/wp-content\/uploads\/2024\/10\/Begancios-su-vilkais.jpg","width":445,"height":724,"caption":"B\u0117gan\u010dios su vilkais"},{"@type":"BreadcrumbList","@id":"https:\/\/skaitytaknyga.lt\/produktas\/begancios-su-vilkais\/#breadcrumb","itemListElement":[{"@type":"ListItem","position":1,"name":"Home","item":"https:\/\/skaitytaknyga.lt\/"},{"@type":"ListItem","position":2,"name":"Parduotuv\u0117","item":"https:\/\/skaitytaknyga.lt\/knygu-parduotuve\/"},{"@type":"ListItem","position":3,"name":"B\u0117gan\u010dios su vilkais (yra nedideli\u0173 defekt\u0173)"}]},{"@type":"WebSite","@id":"https:\/\/skaitytaknyga.lt\/#website","url":"https:\/\/skaitytaknyga.lt\/","name":"skaitytaknyga.lt","description":"Skaitytaknyga.lt \u2013 tai ma\u017eas \u0161eimos verslas, kuris prasid\u0117jo nuo meil\u0117s knygoms ir siekio i\u0161gelb\u0117ti knygas nuo likimo prie konteinerio. Kas vienam nereikalingas daiktas \u2013 kitam lobis, o mes esame tarpininkai, kurie padeda abiems tapti laimingesniems ???? \u017dinome kaip nelengva i\u0161gyventi ma\u017eiems verslams, tad nuo \u0161iol, \u010dia rasite ir kit\u0173, ma\u017e\u0173 \u0161eim\u0173 versl\u0173, rank\u0173 darbo, dovan\u0173 sau ir artimiesiems.","publisher":{"@id":"https:\/\/skaitytaknyga.lt\/#organization"},"potentialAction":[{"@type":"SearchAction","target":{"@type":"EntryPoint","urlTemplate":"https:\/\/skaitytaknyga.lt\/?s={search_term_string}"},"query-input":{"@type":"PropertyValueSpecification","valueRequired":true,"valueName":"search_term_string"}}],"inLanguage":"en-GB"},{"@type":"Organization","@id":"https:\/\/skaitytaknyga.lt\/#organization","name":"skaitytaknyga.lt","url":"https:\/\/skaitytaknyga.lt\/","logo":{"@type":"ImageObject","inLanguage":"en-GB","@id":"https:\/\/skaitytaknyga.lt\/#\/schema\/logo\/image\/","url":"https:\/\/skaitytaknyga.lt\/wp-content\/uploads\/2024\/05\/cropped-cropped-cropped-02_00843_jt3bggkj1j3HLc7SyY6rEUpg.jpeg","contentUrl":"https:\/\/skaitytaknyga.lt\/wp-content\/uploads\/2024\/05\/cropped-cropped-cropped-02_00843_jt3bggkj1j3HLc7SyY6rEUpg.jpeg","width":1600,"height":1600,"caption":"skaitytaknyga.lt"},"image":{"@id":"https:\/\/skaitytaknyga.lt\/#\/schema\/logo\/image\/"},"sameAs":["https:\/\/www.facebook.com\/skaitytaknyga\/"]}]}},"_links":{"self":[{"href":"https:\/\/skaitytaknyga.lt\/en\/wp-json\/wp\/v2\/product\/14348","targetHints":{"allow":["GET"]}}],"collection":[{"href":"https:\/\/skaitytaknyga.lt\/en\/wp-json\/wp\/v2\/product"}],"about":[{"href":"https:\/\/skaitytaknyga.lt\/en\/wp-json\/wp\/v2\/types\/product"}],"replies":[{"embeddable":true,"href":"https:\/\/skaitytaknyga.lt\/en\/wp-json\/wp\/v2\/comments?post=14348"}],"wp:featuredmedia":[{"embeddable":true,"href":"https:\/\/skaitytaknyga.lt\/en\/wp-json\/wp\/v2\/media\/14356"}],"wp:attachment":[{"href":"https:\/\/skaitytaknyga.lt\/en\/wp-json\/wp\/v2\/media?parent=14348"}],"wp:term":[{"taxonomy":"product_brand","embeddable":true,"href":"https:\/\/skaitytaknyga.lt\/en\/wp-json\/wp\/v2\/product_brand?post=14348"},{"taxonomy":"product_cat","embeddable":true,"href":"https:\/\/skaitytaknyga.lt\/en\/wp-json\/wp\/v2\/product_cat?post=14348"},{"taxonomy":"product_tag","embeddable":true,"href":"https:\/\/skaitytaknyga.lt\/en\/wp-json\/wp\/v2\/product_tag?post=14348"}],"curies":[{"name":"wp","href":"https:\/\/api.w.org\/{rel}","templated":true}]}}