{"id":14347,"date":"2024-10-18T13:42:58","date_gmt":"2024-10-18T10:42:58","guid":{"rendered":"https:\/\/skaitytaknyga.lt\/?post_type=product&#038;p=14347"},"modified":"2024-10-25T12:31:04","modified_gmt":"2024-10-25T09:31:04","slug":"jezaus-vaikyste","status":"publish","type":"product","link":"https:\/\/skaitytaknyga.lt\/en\/produktas\/jezaus-vaikyste\/","title":{"rendered":"J\u0117zaus vaikyst\u0117"},"content":{"rendered":"<p>Naujausias garsaus Nobelio premija apdovanoto ra\u0161ytojo\u00a0<strong>J. M. Coetzee<\/strong>\u00a0k\u016brinys<strong>\u00a0\u201eJ\u0117zaus vaikyst\u0117\u201c<\/strong>\u00a0n\u0117ra biblijin\u0117 istorija. Knygoje pasakojama apie vidutinio am\u017eiaus vyr\u0105 Simon\u0105 ir penkiamet\u012f berniuk\u0105 Dovyd\u0105. D\u0117l ai\u0161kiai ne\u012fvardyt\u0173 prie\u017eas\u010di\u0173 pab\u0117g\u0119 i\u0161 t\u0117vyn\u0117s jie susipa\u017e\u012fsta laive, plaukian\u010diame \u012f nauj\u0105 \u0161al\u012f.<\/p>\n<p>Dovydas kelion\u0117s metu atsiskiria nuo t\u0117v\u0173 ir nieko apie juos neprisimena. Simonas tiki, kad svarbu surasti Dovydo motin\u0105, kuri\u0105, jo \u012fsitikinimu, Dovydas atpa\u017eint\u0173 instinktyviai. Naujojoje \u0161alyje gyventojai neprisimena praeities, \u010dia svarbi tik dabartis, pilie\u010diai neturi \u012fprast\u0173 aistr\u0173, seksualumas eliminuotas, kasdienis maistas pr\u0117skas. \u010cia atvykusiems Simonui ir Dovydui skiriami nauji vardai, ta\u010diau jie dar ne visk\u0105 i\u0161 praeities u\u017emir\u0161o, tod\u0117l tokios aplinkyb\u0117s ver\u010dia mai\u0161tauti.<\/p>\n<p>Knygos autoriui\u00a0<strong>J. M. Coetzee\u00a0<\/strong>r\u016bpi \u017emogaus atmintis, prisiminimai ir j\u0173 vertinimas,\u00a0darbo ir jo prasm\u0117s santykis,\u00a0vyro ir moters artumas, motinos ir vaiko ry\u0161ys. Gyvenimas \u0161itoje visuomen\u0117je yra tikras i\u0161bandymas.<\/p>\n<ul class=\"about-product d-none d-xl-block mt-4\">\n<li><strong>Originalus pavadinimas:<\/strong>\u00a0Childhood of Jesus<\/li>\n<li><strong>Autorius:<\/strong>\u00a0J.M. Coetzee<\/li>\n<li><strong>Leid\u0117jas:<\/strong>\u00a0Sofoklis<\/li>\n<li><strong>Metai:<\/strong>\u00a02014<\/li>\n<li><strong>Puslapiai:<\/strong>\u00a0304<\/li>\n<li class=\"toggleable type-new-formats \"><strong>ISBN:<\/strong>\u00a09786094441349<\/li>\n<li><strong>Versijos kodas:<\/strong>\u00a05<\/li>\n<li class=\"toggleable type-new-formats \"><strong>Formatas:<\/strong>\u00a014 x 21 cm, kieti vir\u0161eliai<\/li>\n<li><strong>Kalba:<\/strong>\u00a0Lietuvi\u0173<\/li>\n<li><strong>Vert\u0117jas:<\/strong>\u00a0Ona Dauk\u0161ien\u0117<\/li>\n<\/ul>\n","protected":false},"excerpt":{"rendered":"<p>Naujausias garsaus Nobelio premija apdovanoto ra\u0161ytojo\u00a0J. M. Coetzee\u00a0k\u016brinys\u00a0\u201eJ\u0117zaus vaikyst\u0117\u201c\u00a0n\u0117ra biblijin\u0117 istorija. Knygoje pasakojama apie vidutinio am\u017eiaus vyr\u0105 Simon\u0105 ir penkiamet\u012f berniuk\u0105 Dovyd\u0105. D\u0117l ai\u0161kiai ne\u012fvardyt\u0173 prie\u017eas\u010di\u0173 pab\u0117g\u0119 i\u0161 t\u0117vyn\u0117s jie susipa\u017e\u012fsta laive, plaukian\u010diame \u012f nauj\u0105 \u0161al\u012f. Dovydas kelion\u0117s metu atsiskiria nuo t\u0117v\u0173 ir nieko apie juos neprisimena. Simonas tiki, kad svarbu surasti Dovydo motin\u0105, kuri\u0105, jo \u012fsitikinimu, Dovydas atpa\u017eint\u0173 instinktyviai. Naujojoje \u0161alyje gyventojai neprisimena praeities, \u010dia svarbi tik dabartis, pilie\u010diai neturi \u012fprast\u0173 aistr\u0173, seksualumas eliminuotas, kasdienis maistas pr\u0117skas. \u010cia atvykusiems Simonui ir Dovydui skiriami nauji vardai, ta\u010diau jie dar ne visk\u0105 i\u0161 praeities u\u017emir\u0161o, tod\u0117l tokios aplinkyb\u0117s ver\u010dia mai\u0161tauti. Knygos autoriui\u00a0J. M. Coetzee\u00a0r\u016bpi \u017emogaus atmintis, prisiminimai ir j\u0173 vertinimas,\u00a0darbo ir jo prasm\u0117s santykis,\u00a0vyro ir moters artumas, motinos ir vaiko ry\u0161ys. Gyvenimas \u0161itoje visuomen\u0117je yra tikras i\u0161bandymas. Originalus pavadinimas:\u00a0Childhood of Jesus Autorius:\u00a0J.M. Coetzee Leid\u0117jas:\u00a0Sofoklis Metai:\u00a02014 Puslapiai:\u00a0304 ISBN:\u00a09786094441349 Versijos kodas:\u00a05 Formatas:\u00a014 x 21 cm, kieti vir\u0161eliai Kalba:\u00a0Lietuvi\u0173 Vert\u0117jas:\u00a0Ona Dauk\u0161ien\u0117<\/p>\n","protected":false},"featured_media":14357,"comment_status":"open","ping_status":"closed","template":"","meta":{"_acf_changed":false,"site-sidebar-layout":"default","site-content-layout":"","ast-site-content-layout":"default","site-content-style":"default","site-sidebar-style":"default","ast-global-header-display":"","ast-banner-title-visibility":"","ast-main-header-display":"","ast-hfb-above-header-display":"","ast-hfb-below-header-display":"","ast-hfb-mobile-header-display":"","site-post-title":"","ast-breadcrumbs-content":"","ast-featured-img":"","footer-sml-layout":"","ast-disable-related-posts":"","theme-transparent-header-meta":"default","adv-header-id-meta":"","stick-header-meta":"","header-above-stick-meta":"","header-main-stick-meta":"","header-below-stick-meta":"","astra-migrate-meta-layouts":"set","ast-page-background-enabled":"default","ast-page-background-meta":{"desktop":{"background-color":"","background-image":"","background-repeat":"repeat","background-position":"center center","background-size":"auto","background-attachment":"scroll","background-type":"","background-media":"","overlay-type":"","overlay-color":"","overlay-opacity":"","overlay-gradient":""},"tablet":{"background-color":"","background-image":"","background-repeat":"repeat","background-position":"center center","background-size":"auto","background-attachment":"scroll","background-type":"","background-media":"","overlay-type":"","overlay-color":"","overlay-opacity":"","overlay-gradient":""},"mobile":{"background-color":"","background-image":"","background-repeat":"repeat","background-position":"center center","background-size":"auto","background-attachment":"scroll","background-type":"","background-media":"","overlay-type":"","overlay-color":"","overlay-opacity":"","overlay-gradient":""}},"ast-content-background-meta":{"desktop":{"background-color":"var(--ast-global-color-4)","background-image":"","background-repeat":"repeat","background-position":"center center","background-size":"auto","background-attachment":"scroll","background-type":"","background-media":"","overlay-type":"","overlay-color":"","overlay-opacity":"","overlay-gradient":""},"tablet":{"background-color":"var(--ast-global-color-4)","background-image":"","background-repeat":"repeat","background-position":"center center","background-size":"auto","background-attachment":"scroll","background-type":"","background-media":"","overlay-type":"","overlay-color":"","overlay-opacity":"","overlay-gradient":""},"mobile":{"background-color":"var(--ast-global-color-4)","background-image":"","background-repeat":"repeat","background-position":"center center","background-size":"auto","background-attachment":"scroll","background-type":"","background-media":"","overlay-type":"","overlay-color":"","overlay-opacity":"","overlay-gradient":""}}},"product_brand":[],"product_cat":[31,15],"product_tag":[],"class_list":{"0":"post-14347","1":"product","2":"type-product","3":"status-publish","4":"has-post-thumbnail","6":"product_cat-grozine-literatura","7":"product_cat-uncategorized","8":"desktop-align-left","9":"tablet-align-left","10":"mobile-align-left","12":"first","13":"instock","14":"shipping-taxable","15":"purchasable","16":"product-type-simple"},"acf":[],"yoast_head":"<!-- This site is optimized with the Yoast SEO plugin v27.0 - https:\/\/yoast.com\/product\/yoast-seo-wordpress\/ -->\n<title>J\u0117zaus vaikyst\u0117<\/title>\n<meta name=\"description\" content=\"Naujausias garsaus Nobelio premija apdovanoto ra\u0161ytojo\u00a0J. M. Coetzee\u00a0k\u016brinys\u00a0\u201eJ\u0117zaus vaikyst\u0117\u201c\u00a0n\u0117ra biblijin\u0117 istorija. Knygoje pasakojama apie vidutinio\" \/>\n<meta name=\"robots\" content=\"index, follow, max-snippet:-1, max-image-preview:large, max-video-preview:-1\" \/>\n<link rel=\"canonical\" href=\"https:\/\/skaitytaknyga.lt\/en\/produktas\/jezaus-vaikyste\/\" \/>\n<meta property=\"og:locale\" content=\"en_GB\" \/>\n<meta property=\"og:locale:alternate\" content=\"lt_LT\" \/>\n<meta property=\"og:type\" content=\"article\" \/>\n<meta property=\"og:title\" content=\"J\u0117zaus vaikyst\u0117\" \/>\n<meta property=\"og:description\" content=\"Naujausias garsaus Nobelio premija apdovanoto ra\u0161ytojo\u00a0J. M. Coetzee\u00a0k\u016brinys\u00a0\u201eJ\u0117zaus vaikyst\u0117\u201c\u00a0n\u0117ra biblijin\u0117 istorija. Knygoje pasakojama apie vidutinio\" \/>\n<meta property=\"og:url\" content=\"https:\/\/skaitytaknyga.lt\/en\/produktas\/jezaus-vaikyste\/\" \/>\n<meta property=\"og:site_name\" content=\"Skaitytaknyga\" \/>\n<meta property=\"article:publisher\" content=\"https:\/\/www.facebook.com\/skaitytaknyga\/\" \/>\n<meta property=\"article:modified_time\" content=\"2024-10-25T09:31:04+00:00\" \/>\n<meta property=\"og:image\" content=\"https:\/\/skaitytaknyga.lt\/wp-content\/uploads\/2024\/10\/Jezaus-vaikyste.webp\" \/>\n\t<meta property=\"og:image:width\" content=\"536\" \/>\n\t<meta property=\"og:image:height\" content=\"800\" \/>\n\t<meta property=\"og:image:type\" content=\"image\/webp\" \/>\n<meta name=\"twitter:card\" content=\"summary_large_image\" \/>\n<meta name=\"twitter:label1\" content=\"Estimated reading time\" \/>\n\t<meta name=\"twitter:data1\" content=\"2 minutes\" \/>\n<script type=\"application\/ld+json\" class=\"yoast-schema-graph\">{\"@context\":\"https:\/\/schema.org\",\"@graph\":[{\"@type\":\"WebPage\",\"@id\":\"https:\/\/skaitytaknyga.lt\/produktas\/jezaus-vaikyste\/\",\"url\":\"https:\/\/skaitytaknyga.lt\/produktas\/jezaus-vaikyste\/\",\"name\":\"J\u0117zaus vaikyst\u0117\",\"isPartOf\":{\"@id\":\"https:\/\/skaitytaknyga.lt\/#website\"},\"primaryImageOfPage\":{\"@id\":\"https:\/\/skaitytaknyga.lt\/produktas\/jezaus-vaikyste\/#primaryimage\"},\"image\":{\"@id\":\"https:\/\/skaitytaknyga.lt\/produktas\/jezaus-vaikyste\/#primaryimage\"},\"thumbnailUrl\":\"https:\/\/skaitytaknyga.lt\/wp-content\/uploads\/2024\/10\/Jezaus-vaikyste.webp\",\"datePublished\":\"2024-10-18T10:42:58+00:00\",\"dateModified\":\"2024-10-25T09:31:04+00:00\",\"description\":\"Naujausias garsaus Nobelio premija apdovanoto ra\u0161ytojo\u00a0J. M. Coetzee\u00a0k\u016brinys\u00a0\u201eJ\u0117zaus vaikyst\u0117\u201c\u00a0n\u0117ra biblijin\u0117 istorija. Knygoje pasakojama apie vidutinio\",\"breadcrumb\":{\"@id\":\"https:\/\/skaitytaknyga.lt\/produktas\/jezaus-vaikyste\/#breadcrumb\"},\"inLanguage\":\"en-GB\",\"potentialAction\":[{\"@type\":\"ReadAction\",\"target\":[\"https:\/\/skaitytaknyga.lt\/produktas\/jezaus-vaikyste\/\"]}]},{\"@type\":\"ImageObject\",\"inLanguage\":\"en-GB\",\"@id\":\"https:\/\/skaitytaknyga.lt\/produktas\/jezaus-vaikyste\/#primaryimage\",\"url\":\"https:\/\/skaitytaknyga.lt\/wp-content\/uploads\/2024\/10\/Jezaus-vaikyste.webp\",\"contentUrl\":\"https:\/\/skaitytaknyga.lt\/wp-content\/uploads\/2024\/10\/Jezaus-vaikyste.webp\",\"width\":536,\"height\":800,\"caption\":\"J\u0117zaus vaikyst\u0117\"},{\"@type\":\"BreadcrumbList\",\"@id\":\"https:\/\/skaitytaknyga.lt\/produktas\/jezaus-vaikyste\/#breadcrumb\",\"itemListElement\":[{\"@type\":\"ListItem\",\"position\":1,\"name\":\"Home\",\"item\":\"https:\/\/skaitytaknyga.lt\/\"},{\"@type\":\"ListItem\",\"position\":2,\"name\":\"Parduotuv\u0117\",\"item\":\"https:\/\/skaitytaknyga.lt\/knygu-parduotuve\/\"},{\"@type\":\"ListItem\",\"position\":3,\"name\":\"J\u0117zaus vaikyst\u0117\"}]},{\"@type\":\"WebSite\",\"@id\":\"https:\/\/skaitytaknyga.lt\/#website\",\"url\":\"https:\/\/skaitytaknyga.lt\/\",\"name\":\"skaitytaknyga.lt\",\"description\":\"Skaitytaknyga.lt \u2013 tai ma\u017eas \u0161eimos verslas, kuris prasid\u0117jo nuo meil\u0117s knygoms ir siekio i\u0161gelb\u0117ti knygas nuo likimo prie konteinerio. Kas vienam nereikalingas daiktas \u2013 kitam lobis, o mes esame tarpininkai, kurie padeda abiems tapti laimingesniems ???? \u017dinome kaip nelengva i\u0161gyventi ma\u017eiems verslams, tad nuo \u0161iol, \u010dia rasite ir kit\u0173, ma\u017e\u0173 \u0161eim\u0173 versl\u0173, rank\u0173 darbo, dovan\u0173 sau ir artimiesiems.\",\"publisher\":{\"@id\":\"https:\/\/skaitytaknyga.lt\/#organization\"},\"potentialAction\":[{\"@type\":\"SearchAction\",\"target\":{\"@type\":\"EntryPoint\",\"urlTemplate\":\"https:\/\/skaitytaknyga.lt\/?s={search_term_string}\"},\"query-input\":{\"@type\":\"PropertyValueSpecification\",\"valueRequired\":true,\"valueName\":\"search_term_string\"}}],\"inLanguage\":\"en-GB\"},{\"@type\":\"Organization\",\"@id\":\"https:\/\/skaitytaknyga.lt\/#organization\",\"name\":\"skaitytaknyga.lt\",\"url\":\"https:\/\/skaitytaknyga.lt\/\",\"logo\":{\"@type\":\"ImageObject\",\"inLanguage\":\"en-GB\",\"@id\":\"https:\/\/skaitytaknyga.lt\/#\/schema\/logo\/image\/\",\"url\":\"https:\/\/skaitytaknyga.lt\/wp-content\/uploads\/2024\/05\/cropped-cropped-cropped-02_00843_jt3bggkj1j3HLc7SyY6rEUpg.jpeg\",\"contentUrl\":\"https:\/\/skaitytaknyga.lt\/wp-content\/uploads\/2024\/05\/cropped-cropped-cropped-02_00843_jt3bggkj1j3HLc7SyY6rEUpg.jpeg\",\"width\":1600,\"height\":1600,\"caption\":\"skaitytaknyga.lt\"},\"image\":{\"@id\":\"https:\/\/skaitytaknyga.lt\/#\/schema\/logo\/image\/\"},\"sameAs\":[\"https:\/\/www.facebook.com\/skaitytaknyga\/\"]}]}<\/script>\n<!-- \/ Yoast SEO plugin. -->","yoast_head_json":{"title":"J\u0117zaus vaikyst\u0117","description":"Naujausias garsaus Nobelio premija apdovanoto ra\u0161ytojo\u00a0J. M. Coetzee\u00a0k\u016brinys\u00a0\u201eJ\u0117zaus vaikyst\u0117\u201c\u00a0n\u0117ra biblijin\u0117 istorija. Knygoje pasakojama apie vidutinio","robots":{"index":"index","follow":"follow","max-snippet":"max-snippet:-1","max-image-preview":"max-image-preview:large","max-video-preview":"max-video-preview:-1"},"canonical":"https:\/\/skaitytaknyga.lt\/en\/produktas\/jezaus-vaikyste\/","og_locale":"en_GB","og_type":"article","og_title":"[:lt]J\u0117zaus vaikyst\u0117[:] - Skaitytaknyga","og_description":"Naujausias garsaus Nobelio premija apdovanoto ra\u0161ytojo\u00a0J. M. Coetzee\u00a0k\u016brinys\u00a0\u201eJ\u0117zaus vaikyst\u0117\u201c\u00a0n\u0117ra biblijin\u0117 istorija. Knygoje pasakojama apie vidutinio","og_url":"https:\/\/skaitytaknyga.lt\/en\/produktas\/jezaus-vaikyste\/","og_site_name":"Skaitytaknyga","article_publisher":"https:\/\/www.facebook.com\/skaitytaknyga\/","article_modified_time":"2024-10-25T09:31:04+00:00","og_image":[{"width":536,"height":800,"url":"https:\/\/skaitytaknyga.lt\/wp-content\/uploads\/2024\/10\/Jezaus-vaikyste.webp","type":"image\/webp"}],"twitter_card":"summary_large_image","twitter_misc":{"Estimated reading time":"2 minutes"},"schema":{"@context":"https:\/\/schema.org","@graph":[{"@type":"WebPage","@id":"https:\/\/skaitytaknyga.lt\/produktas\/jezaus-vaikyste\/","url":"https:\/\/skaitytaknyga.lt\/produktas\/jezaus-vaikyste\/","name":"J\u0117zaus vaikyst\u0117","isPartOf":{"@id":"https:\/\/skaitytaknyga.lt\/#website"},"primaryImageOfPage":{"@id":"https:\/\/skaitytaknyga.lt\/produktas\/jezaus-vaikyste\/#primaryimage"},"image":{"@id":"https:\/\/skaitytaknyga.lt\/produktas\/jezaus-vaikyste\/#primaryimage"},"thumbnailUrl":"https:\/\/skaitytaknyga.lt\/wp-content\/uploads\/2024\/10\/Jezaus-vaikyste.webp","datePublished":"2024-10-18T10:42:58+00:00","dateModified":"2024-10-25T09:31:04+00:00","description":"Naujausias garsaus Nobelio premija apdovanoto ra\u0161ytojo\u00a0J. M. Coetzee\u00a0k\u016brinys\u00a0\u201eJ\u0117zaus vaikyst\u0117\u201c\u00a0n\u0117ra biblijin\u0117 istorija. Knygoje pasakojama apie vidutinio","breadcrumb":{"@id":"https:\/\/skaitytaknyga.lt\/produktas\/jezaus-vaikyste\/#breadcrumb"},"inLanguage":"en-GB","potentialAction":[{"@type":"ReadAction","target":["https:\/\/skaitytaknyga.lt\/produktas\/jezaus-vaikyste\/"]}]},{"@type":"ImageObject","inLanguage":"en-GB","@id":"https:\/\/skaitytaknyga.lt\/produktas\/jezaus-vaikyste\/#primaryimage","url":"https:\/\/skaitytaknyga.lt\/wp-content\/uploads\/2024\/10\/Jezaus-vaikyste.webp","contentUrl":"https:\/\/skaitytaknyga.lt\/wp-content\/uploads\/2024\/10\/Jezaus-vaikyste.webp","width":536,"height":800,"caption":"J\u0117zaus vaikyst\u0117"},{"@type":"BreadcrumbList","@id":"https:\/\/skaitytaknyga.lt\/produktas\/jezaus-vaikyste\/#breadcrumb","itemListElement":[{"@type":"ListItem","position":1,"name":"Home","item":"https:\/\/skaitytaknyga.lt\/"},{"@type":"ListItem","position":2,"name":"Parduotuv\u0117","item":"https:\/\/skaitytaknyga.lt\/knygu-parduotuve\/"},{"@type":"ListItem","position":3,"name":"J\u0117zaus vaikyst\u0117"}]},{"@type":"WebSite","@id":"https:\/\/skaitytaknyga.lt\/#website","url":"https:\/\/skaitytaknyga.lt\/","name":"skaitytaknyga.lt","description":"Skaitytaknyga.lt \u2013 tai ma\u017eas \u0161eimos verslas, kuris prasid\u0117jo nuo meil\u0117s knygoms ir siekio i\u0161gelb\u0117ti knygas nuo likimo prie konteinerio. Kas vienam nereikalingas daiktas \u2013 kitam lobis, o mes esame tarpininkai, kurie padeda abiems tapti laimingesniems ???? \u017dinome kaip nelengva i\u0161gyventi ma\u017eiems verslams, tad nuo \u0161iol, \u010dia rasite ir kit\u0173, ma\u017e\u0173 \u0161eim\u0173 versl\u0173, rank\u0173 darbo, dovan\u0173 sau ir artimiesiems.","publisher":{"@id":"https:\/\/skaitytaknyga.lt\/#organization"},"potentialAction":[{"@type":"SearchAction","target":{"@type":"EntryPoint","urlTemplate":"https:\/\/skaitytaknyga.lt\/?s={search_term_string}"},"query-input":{"@type":"PropertyValueSpecification","valueRequired":true,"valueName":"search_term_string"}}],"inLanguage":"en-GB"},{"@type":"Organization","@id":"https:\/\/skaitytaknyga.lt\/#organization","name":"skaitytaknyga.lt","url":"https:\/\/skaitytaknyga.lt\/","logo":{"@type":"ImageObject","inLanguage":"en-GB","@id":"https:\/\/skaitytaknyga.lt\/#\/schema\/logo\/image\/","url":"https:\/\/skaitytaknyga.lt\/wp-content\/uploads\/2024\/05\/cropped-cropped-cropped-02_00843_jt3bggkj1j3HLc7SyY6rEUpg.jpeg","contentUrl":"https:\/\/skaitytaknyga.lt\/wp-content\/uploads\/2024\/05\/cropped-cropped-cropped-02_00843_jt3bggkj1j3HLc7SyY6rEUpg.jpeg","width":1600,"height":1600,"caption":"skaitytaknyga.lt"},"image":{"@id":"https:\/\/skaitytaknyga.lt\/#\/schema\/logo\/image\/"},"sameAs":["https:\/\/www.facebook.com\/skaitytaknyga\/"]}]}},"_links":{"self":[{"href":"https:\/\/skaitytaknyga.lt\/en\/wp-json\/wp\/v2\/product\/14347","targetHints":{"allow":["GET"]}}],"collection":[{"href":"https:\/\/skaitytaknyga.lt\/en\/wp-json\/wp\/v2\/product"}],"about":[{"href":"https:\/\/skaitytaknyga.lt\/en\/wp-json\/wp\/v2\/types\/product"}],"replies":[{"embeddable":true,"href":"https:\/\/skaitytaknyga.lt\/en\/wp-json\/wp\/v2\/comments?post=14347"}],"wp:featuredmedia":[{"embeddable":true,"href":"https:\/\/skaitytaknyga.lt\/en\/wp-json\/wp\/v2\/media\/14357"}],"wp:attachment":[{"href":"https:\/\/skaitytaknyga.lt\/en\/wp-json\/wp\/v2\/media?parent=14347"}],"wp:term":[{"taxonomy":"product_brand","embeddable":true,"href":"https:\/\/skaitytaknyga.lt\/en\/wp-json\/wp\/v2\/product_brand?post=14347"},{"taxonomy":"product_cat","embeddable":true,"href":"https:\/\/skaitytaknyga.lt\/en\/wp-json\/wp\/v2\/product_cat?post=14347"},{"taxonomy":"product_tag","embeddable":true,"href":"https:\/\/skaitytaknyga.lt\/en\/wp-json\/wp\/v2\/product_tag?post=14347"}],"curies":[{"name":"wp","href":"https:\/\/api.w.org\/{rel}","templated":true}]}}