{"id":14344,"date":"2024-10-18T13:42:58","date_gmt":"2024-10-18T10:42:58","guid":{"rendered":"https:\/\/skaitytaknyga.lt\/?post_type=product&#038;p=14344"},"modified":"2026-03-18T14:59:52","modified_gmt":"2026-03-18T12:59:52","slug":"saules-ratu-menulio-taku-lietuviu-kalendorius","status":"publish","type":"product","link":"https:\/\/skaitytaknyga.lt\/en\/produktas\/saules-ratu-menulio-taku-lietuviu-kalendorius\/","title":{"rendered":"Saul\u0117s ratu, m\u0117nulio taku: lietuvi\u0173 kalendorius"},"content":{"rendered":"<p>Kalendorius \u2013 ne tik botag\u0117lis, genantis \u017emog\u0173 nuo vieno darbo prie kito. Lietuvis, gilios praeities tautos atstovas, gyvena tarsi dvejuose laikuose: istoriniame, \u012fsukan\u010diame kasdien \u012f naujausi\u0173 \u012fvyki\u0173 s\u016bkur\u012f, ir archajiniame, kuris susting\u0119s ties tautos \u0161aknimis, \u012fsismelk\u0119s \u012f m\u016bs\u0173 vid\u0173 per motinos lop\u0161in\u0119, mo\u010diut\u0117s pasakas, t\u0117vi\u0161k\u0117s gamt\u0105 ir vis\u0105 kult\u016bros paveld\u0105. Tinkamai tuos abudu laikus derinant, pasijuntame tautos istorinio kelio \u017eygeiviais.<\/p>\n<p>\u0160io leidinio kolontitulai papuo\u0161ti kalendoriniais \u017eenklais i\u0161 Lietuvos nacionaliniame muziejuje saugom\u0173 medini\u0173 run\u0173 kalendori\u0173, pagamint\u0173 1638 m. Paslaptingasis run\u0173 ra\u0161tas \u2013 vienas seniausi\u0173 \u0160iaur\u0117s Europoje, atsirad\u0119s Skandinavijoje pirmaisiais am\u017eiais po Kr. Istorikai nesutaria, ar \u0161is ra\u0161tas buvo \u017einomas m\u016bs\u0173 kra\u0161te. Galima manyti, kad kartu su skandinavi\u0161kaisiais matais j\u012f \u010dia bus atve\u017e\u0119 \u0161iaur\u0117s \u0161ali\u0173 pirkliai. Ra\u0161tui runos seniausiai nebevartojamos, ta\u010diau v\u0117lesniais laikais jas kaip \u017eymenis naudojo \u0161ved\u0173 valstie\u010diai; be to, runos tapo liaudi\u0161ko kalendoriaus \u017eenklais. Kalendori\u0173 su runomis rasta ne tik Skandinavijoje, bet ir Anglijoje, Baltijos j\u016bros salose, Estijoje.<\/p>\n<p>Libertas Klimka (1940 m.) \u2013 fizikas, gamtos moksl\u0173 daktaras, etnologas, mokslo istorikas, Vilniaus pedagoginio universiteto profesorius, nauj\u0173 tarpdisciplinini\u0173 mokslo \u0161ak\u0173 \u2013 paleoastronomijos ir etnokosmologijos \u2013 pradininkas Lietuvoje.<\/p>\n","protected":false},"excerpt":{"rendered":"<p>Kalendorius \u2013 ne tik botag\u0117lis, genantis \u017emog\u0173 nuo vieno darbo prie kito. Lietuvis, gilios praeities tautos atstovas, gyvena tarsi dvejuose laikuose: istoriniame, \u012fsukan\u010diame kasdien \u012f naujausi\u0173 \u012fvyki\u0173 s\u016bkur\u012f, ir archajiniame, kuris susting\u0119s ties tautos \u0161aknimis, \u012fsismelk\u0119s \u012f m\u016bs\u0173 vid\u0173 per motinos lop\u0161in\u0119, mo\u010diut\u0117s pasakas, t\u0117vi\u0161k\u0117s gamt\u0105 ir vis\u0105 kult\u016bros paveld\u0105. Tinkamai tuos abudu laikus derinant, pasijuntame tautos istorinio kelio \u017eygeiviais. \u0160io leidinio kolontitulai papuo\u0161ti kalendoriniais \u017eenklais i\u0161 Lietuvos nacionaliniame muziejuje saugom\u0173 medini\u0173 run\u0173 kalendori\u0173, pagamint\u0173 1638 m. Paslaptingasis run\u0173 ra\u0161tas \u2013 vienas seniausi\u0173 \u0160iaur\u0117s Europoje, atsirad\u0119s Skandinavijoje pirmaisiais am\u017eiais po Kr. Istorikai nesutaria, ar \u0161is ra\u0161tas buvo \u017einomas m\u016bs\u0173 kra\u0161te. Galima manyti, kad kartu su skandinavi\u0161kaisiais matais j\u012f \u010dia bus atve\u017e\u0119 \u0161iaur\u0117s \u0161ali\u0173 pirkliai. Ra\u0161tui runos seniausiai nebevartojamos, ta\u010diau v\u0117lesniais laikais jas kaip \u017eymenis naudojo \u0161ved\u0173 valstie\u010diai; be to, runos tapo liaudi\u0161ko kalendoriaus \u017eenklais. Kalendori\u0173 su runomis rasta ne tik Skandinavijoje, bet ir Anglijoje, Baltijos j\u016bros salose, Estijoje. Libertas Klimka (1940 m.) \u2013 fizikas, gamtos moksl\u0173 daktaras, etnologas, mokslo istorikas, Vilniaus pedagoginio universiteto profesorius, nauj\u0173 tarpdisciplinini\u0173 mokslo \u0161ak\u0173 \u2013 paleoastronomijos ir etnokosmologijos \u2013 pradininkas Lietuvoje.<\/p>\n","protected":false},"featured_media":14360,"comment_status":"open","ping_status":"closed","template":"","meta":{"_acf_changed":false,"site-sidebar-layout":"default","site-content-layout":"","ast-site-content-layout":"default","site-content-style":"default","site-sidebar-style":"default","ast-global-header-display":"","ast-banner-title-visibility":"","ast-main-header-display":"","ast-hfb-above-header-display":"","ast-hfb-below-header-display":"","ast-hfb-mobile-header-display":"","site-post-title":"","ast-breadcrumbs-content":"","ast-featured-img":"","footer-sml-layout":"","ast-disable-related-posts":"","theme-transparent-header-meta":"default","adv-header-id-meta":"","stick-header-meta":"","header-above-stick-meta":"","header-main-stick-meta":"","header-below-stick-meta":"","astra-migrate-meta-layouts":"set","ast-page-background-enabled":"default","ast-page-background-meta":{"desktop":{"background-color":"","background-image":"","background-repeat":"repeat","background-position":"center center","background-size":"auto","background-attachment":"scroll","background-type":"","background-media":"","overlay-type":"","overlay-color":"","overlay-opacity":"","overlay-gradient":""},"tablet":{"background-color":"","background-image":"","background-repeat":"repeat","background-position":"center center","background-size":"auto","background-attachment":"scroll","background-type":"","background-media":"","overlay-type":"","overlay-color":"","overlay-opacity":"","overlay-gradient":""},"mobile":{"background-color":"","background-image":"","background-repeat":"repeat","background-position":"center center","background-size":"auto","background-attachment":"scroll","background-type":"","background-media":"","overlay-type":"","overlay-color":"","overlay-opacity":"","overlay-gradient":""}},"ast-content-background-meta":{"desktop":{"background-color":"var(--ast-global-color-4)","background-image":"","background-repeat":"repeat","background-position":"center center","background-size":"auto","background-attachment":"scroll","background-type":"","background-media":"","overlay-type":"","overlay-color":"","overlay-opacity":"","overlay-gradient":""},"tablet":{"background-color":"var(--ast-global-color-4)","background-image":"","background-repeat":"repeat","background-position":"center center","background-size":"auto","background-attachment":"scroll","background-type":"","background-media":"","overlay-type":"","overlay-color":"","overlay-opacity":"","overlay-gradient":""},"mobile":{"background-color":"var(--ast-global-color-4)","background-image":"","background-repeat":"repeat","background-position":"center center","background-size":"auto","background-attachment":"scroll","background-type":"","background-media":"","overlay-type":"","overlay-color":"","overlay-opacity":"","overlay-gradient":""}}},"product_brand":[],"product_cat":[9862,174,15],"product_tag":[2224,5807,2376,5809,5808],"class_list":{"0":"post-14344","1":"product","2":"type-product","3":"status-publish","4":"has-post-thumbnail","6":"product_cat-lietuvos-istorija","7":"product_cat-istorija-ir-politologija","8":"product_cat-uncategorized","9":"product_tag-istorija","10":"product_tag-kalendorius","11":"product_tag-kultura","12":"product_tag-lietuviu-kalendorius","13":"product_tag-lietuviu-tradicijos","14":"desktop-align-left","15":"tablet-align-left","16":"mobile-align-left","18":"first","19":"outofstock","20":"shipping-taxable","21":"purchasable","22":"product-type-simple"},"acf":[],"yoast_head":"<!-- This site is optimized with the Yoast SEO plugin v27.0 - https:\/\/yoast.com\/product\/yoast-seo-wordpress\/ -->\n<title>Saul\u0117s ratu, m\u0117nulio taku: lietuvi\u0173 kalendorius<\/title>\n<meta name=\"description\" content=\"Kalendorius \u2013 ne tik botag\u0117lis, genantis \u017emog\u0173 nuo vieno darbo prie kito. Lietuvis, gilios praeities tautos atstovas, gyvena tarsi dvejuose laikuose:\" \/>\n<meta name=\"robots\" content=\"index, follow, max-snippet:-1, max-image-preview:large, max-video-preview:-1\" \/>\n<link rel=\"canonical\" href=\"https:\/\/skaitytaknyga.lt\/en\/produktas\/saules-ratu-menulio-taku-lietuviu-kalendorius\/\" \/>\n<meta property=\"og:locale\" content=\"en_GB\" \/>\n<meta property=\"og:locale:alternate\" content=\"lt_LT\" \/>\n<meta property=\"og:type\" content=\"article\" \/>\n<meta property=\"og:title\" content=\"Saul\u0117s ratu, m\u0117nulio taku: lietuvi\u0173 kalendorius\" \/>\n<meta property=\"og:description\" content=\"Kalendorius \u2013 ne tik botag\u0117lis, genantis \u017emog\u0173 nuo vieno darbo prie kito. Lietuvis, gilios praeities tautos atstovas, gyvena tarsi dvejuose laikuose:\" \/>\n<meta property=\"og:url\" content=\"https:\/\/skaitytaknyga.lt\/en\/produktas\/saules-ratu-menulio-taku-lietuviu-kalendorius\/\" \/>\n<meta property=\"og:site_name\" content=\"Skaitytaknyga\" \/>\n<meta property=\"article:publisher\" content=\"https:\/\/www.facebook.com\/skaitytaknyga\/\" \/>\n<meta property=\"article:modified_time\" content=\"2026-03-18T12:59:52+00:00\" \/>\n<meta property=\"og:image\" content=\"https:\/\/skaitytaknyga.lt\/wp-content\/uploads\/2024\/10\/Saules-ratu-menulio-taku-lietuviu-kalendorius.webp\" \/>\n\t<meta property=\"og:image:width\" content=\"600\" \/>\n\t<meta property=\"og:image:height\" content=\"817\" \/>\n\t<meta property=\"og:image:type\" content=\"image\/webp\" \/>\n<meta name=\"twitter:card\" content=\"summary_large_image\" \/>\n<meta name=\"twitter:label1\" content=\"Estimated reading time\" \/>\n\t<meta name=\"twitter:data1\" content=\"2 minutes\" \/>\n<script type=\"application\/ld+json\" class=\"yoast-schema-graph\">{\"@context\":\"https:\/\/schema.org\",\"@graph\":[{\"@type\":\"WebPage\",\"@id\":\"https:\/\/skaitytaknyga.lt\/produktas\/saules-ratu-menulio-taku-lietuviu-kalendorius\/\",\"url\":\"https:\/\/skaitytaknyga.lt\/produktas\/saules-ratu-menulio-taku-lietuviu-kalendorius\/\",\"name\":\"Saul\u0117s ratu, m\u0117nulio taku: lietuvi\u0173 kalendorius\",\"isPartOf\":{\"@id\":\"https:\/\/skaitytaknyga.lt\/#website\"},\"primaryImageOfPage\":{\"@id\":\"https:\/\/skaitytaknyga.lt\/produktas\/saules-ratu-menulio-taku-lietuviu-kalendorius\/#primaryimage\"},\"image\":{\"@id\":\"https:\/\/skaitytaknyga.lt\/produktas\/saules-ratu-menulio-taku-lietuviu-kalendorius\/#primaryimage\"},\"thumbnailUrl\":\"https:\/\/skaitytaknyga.lt\/wp-content\/uploads\/2024\/10\/Saules-ratu-menulio-taku-lietuviu-kalendorius.webp\",\"datePublished\":\"2024-10-18T10:42:58+00:00\",\"dateModified\":\"2026-03-18T12:59:52+00:00\",\"description\":\"Kalendorius \u2013 ne tik botag\u0117lis, genantis \u017emog\u0173 nuo vieno darbo prie kito. Lietuvis, gilios praeities tautos atstovas, gyvena tarsi dvejuose laikuose:\",\"breadcrumb\":{\"@id\":\"https:\/\/skaitytaknyga.lt\/produktas\/saules-ratu-menulio-taku-lietuviu-kalendorius\/#breadcrumb\"},\"inLanguage\":\"en-GB\",\"potentialAction\":[{\"@type\":\"ReadAction\",\"target\":[\"https:\/\/skaitytaknyga.lt\/produktas\/saules-ratu-menulio-taku-lietuviu-kalendorius\/\"]}]},{\"@type\":\"ImageObject\",\"inLanguage\":\"en-GB\",\"@id\":\"https:\/\/skaitytaknyga.lt\/produktas\/saules-ratu-menulio-taku-lietuviu-kalendorius\/#primaryimage\",\"url\":\"https:\/\/skaitytaknyga.lt\/wp-content\/uploads\/2024\/10\/Saules-ratu-menulio-taku-lietuviu-kalendorius.webp\",\"contentUrl\":\"https:\/\/skaitytaknyga.lt\/wp-content\/uploads\/2024\/10\/Saules-ratu-menulio-taku-lietuviu-kalendorius.webp\",\"width\":600,\"height\":817,\"caption\":\"Saul\u0117s ratu, m\u0117nulio taku: lietuvi\u0173 kalendorius\"},{\"@type\":\"BreadcrumbList\",\"@id\":\"https:\/\/skaitytaknyga.lt\/produktas\/saules-ratu-menulio-taku-lietuviu-kalendorius\/#breadcrumb\",\"itemListElement\":[{\"@type\":\"ListItem\",\"position\":1,\"name\":\"Home\",\"item\":\"https:\/\/skaitytaknyga.lt\/\"},{\"@type\":\"ListItem\",\"position\":2,\"name\":\"Parduotuv\u0117\",\"item\":\"https:\/\/skaitytaknyga.lt\/knygu-parduotuve\/\"},{\"@type\":\"ListItem\",\"position\":3,\"name\":\"Saul\u0117s ratu, m\u0117nulio taku: lietuvi\u0173 kalendorius\"}]},{\"@type\":\"WebSite\",\"@id\":\"https:\/\/skaitytaknyga.lt\/#website\",\"url\":\"https:\/\/skaitytaknyga.lt\/\",\"name\":\"skaitytaknyga.lt\",\"description\":\"Skaitytaknyga.lt \u2013 tai ma\u017eas \u0161eimos verslas, kuris prasid\u0117jo nuo meil\u0117s knygoms ir siekio i\u0161gelb\u0117ti knygas nuo likimo prie konteinerio. Kas vienam nereikalingas daiktas \u2013 kitam lobis, o mes esame tarpininkai, kurie padeda abiems tapti laimingesniems ???? \u017dinome kaip nelengva i\u0161gyventi ma\u017eiems verslams, tad nuo \u0161iol, \u010dia rasite ir kit\u0173, ma\u017e\u0173 \u0161eim\u0173 versl\u0173, rank\u0173 darbo, dovan\u0173 sau ir artimiesiems.\",\"publisher\":{\"@id\":\"https:\/\/skaitytaknyga.lt\/#organization\"},\"potentialAction\":[{\"@type\":\"SearchAction\",\"target\":{\"@type\":\"EntryPoint\",\"urlTemplate\":\"https:\/\/skaitytaknyga.lt\/?s={search_term_string}\"},\"query-input\":{\"@type\":\"PropertyValueSpecification\",\"valueRequired\":true,\"valueName\":\"search_term_string\"}}],\"inLanguage\":\"en-GB\"},{\"@type\":\"Organization\",\"@id\":\"https:\/\/skaitytaknyga.lt\/#organization\",\"name\":\"skaitytaknyga.lt\",\"url\":\"https:\/\/skaitytaknyga.lt\/\",\"logo\":{\"@type\":\"ImageObject\",\"inLanguage\":\"en-GB\",\"@id\":\"https:\/\/skaitytaknyga.lt\/#\/schema\/logo\/image\/\",\"url\":\"https:\/\/skaitytaknyga.lt\/wp-content\/uploads\/2024\/05\/cropped-cropped-cropped-02_00843_jt3bggkj1j3HLc7SyY6rEUpg.jpeg\",\"contentUrl\":\"https:\/\/skaitytaknyga.lt\/wp-content\/uploads\/2024\/05\/cropped-cropped-cropped-02_00843_jt3bggkj1j3HLc7SyY6rEUpg.jpeg\",\"width\":1600,\"height\":1600,\"caption\":\"skaitytaknyga.lt\"},\"image\":{\"@id\":\"https:\/\/skaitytaknyga.lt\/#\/schema\/logo\/image\/\"},\"sameAs\":[\"https:\/\/www.facebook.com\/skaitytaknyga\/\"]}]}<\/script>\n<!-- \/ Yoast SEO plugin. -->","yoast_head_json":{"title":"Saul\u0117s ratu, m\u0117nulio taku: lietuvi\u0173 kalendorius","description":"Kalendorius \u2013 ne tik botag\u0117lis, genantis \u017emog\u0173 nuo vieno darbo prie kito. Lietuvis, gilios praeities tautos atstovas, gyvena tarsi dvejuose laikuose:","robots":{"index":"index","follow":"follow","max-snippet":"max-snippet:-1","max-image-preview":"max-image-preview:large","max-video-preview":"max-video-preview:-1"},"canonical":"https:\/\/skaitytaknyga.lt\/en\/produktas\/saules-ratu-menulio-taku-lietuviu-kalendorius\/","og_locale":"en_GB","og_type":"article","og_title":"[:lt]Saul\u0117s ratu, m\u0117nulio taku: lietuvi\u0173 kalendorius[:] - Skaitytaknyga","og_description":"Kalendorius \u2013 ne tik botag\u0117lis, genantis \u017emog\u0173 nuo vieno darbo prie kito. Lietuvis, gilios praeities tautos atstovas, gyvena tarsi dvejuose laikuose:","og_url":"https:\/\/skaitytaknyga.lt\/en\/produktas\/saules-ratu-menulio-taku-lietuviu-kalendorius\/","og_site_name":"Skaitytaknyga","article_publisher":"https:\/\/www.facebook.com\/skaitytaknyga\/","article_modified_time":"2026-03-18T12:59:52+00:00","og_image":[{"width":600,"height":817,"url":"https:\/\/skaitytaknyga.lt\/wp-content\/uploads\/2024\/10\/Saules-ratu-menulio-taku-lietuviu-kalendorius.webp","type":"image\/webp"}],"twitter_card":"summary_large_image","twitter_misc":{"Estimated reading time":"2 minutes"},"schema":{"@context":"https:\/\/schema.org","@graph":[{"@type":"WebPage","@id":"https:\/\/skaitytaknyga.lt\/produktas\/saules-ratu-menulio-taku-lietuviu-kalendorius\/","url":"https:\/\/skaitytaknyga.lt\/produktas\/saules-ratu-menulio-taku-lietuviu-kalendorius\/","name":"Saul\u0117s ratu, m\u0117nulio taku: lietuvi\u0173 kalendorius","isPartOf":{"@id":"https:\/\/skaitytaknyga.lt\/#website"},"primaryImageOfPage":{"@id":"https:\/\/skaitytaknyga.lt\/produktas\/saules-ratu-menulio-taku-lietuviu-kalendorius\/#primaryimage"},"image":{"@id":"https:\/\/skaitytaknyga.lt\/produktas\/saules-ratu-menulio-taku-lietuviu-kalendorius\/#primaryimage"},"thumbnailUrl":"https:\/\/skaitytaknyga.lt\/wp-content\/uploads\/2024\/10\/Saules-ratu-menulio-taku-lietuviu-kalendorius.webp","datePublished":"2024-10-18T10:42:58+00:00","dateModified":"2026-03-18T12:59:52+00:00","description":"Kalendorius \u2013 ne tik botag\u0117lis, genantis \u017emog\u0173 nuo vieno darbo prie kito. Lietuvis, gilios praeities tautos atstovas, gyvena tarsi dvejuose laikuose:","breadcrumb":{"@id":"https:\/\/skaitytaknyga.lt\/produktas\/saules-ratu-menulio-taku-lietuviu-kalendorius\/#breadcrumb"},"inLanguage":"en-GB","potentialAction":[{"@type":"ReadAction","target":["https:\/\/skaitytaknyga.lt\/produktas\/saules-ratu-menulio-taku-lietuviu-kalendorius\/"]}]},{"@type":"ImageObject","inLanguage":"en-GB","@id":"https:\/\/skaitytaknyga.lt\/produktas\/saules-ratu-menulio-taku-lietuviu-kalendorius\/#primaryimage","url":"https:\/\/skaitytaknyga.lt\/wp-content\/uploads\/2024\/10\/Saules-ratu-menulio-taku-lietuviu-kalendorius.webp","contentUrl":"https:\/\/skaitytaknyga.lt\/wp-content\/uploads\/2024\/10\/Saules-ratu-menulio-taku-lietuviu-kalendorius.webp","width":600,"height":817,"caption":"Saul\u0117s ratu, m\u0117nulio taku: lietuvi\u0173 kalendorius"},{"@type":"BreadcrumbList","@id":"https:\/\/skaitytaknyga.lt\/produktas\/saules-ratu-menulio-taku-lietuviu-kalendorius\/#breadcrumb","itemListElement":[{"@type":"ListItem","position":1,"name":"Home","item":"https:\/\/skaitytaknyga.lt\/"},{"@type":"ListItem","position":2,"name":"Parduotuv\u0117","item":"https:\/\/skaitytaknyga.lt\/knygu-parduotuve\/"},{"@type":"ListItem","position":3,"name":"Saul\u0117s ratu, m\u0117nulio taku: lietuvi\u0173 kalendorius"}]},{"@type":"WebSite","@id":"https:\/\/skaitytaknyga.lt\/#website","url":"https:\/\/skaitytaknyga.lt\/","name":"skaitytaknyga.lt","description":"Skaitytaknyga.lt \u2013 tai ma\u017eas \u0161eimos verslas, kuris prasid\u0117jo nuo meil\u0117s knygoms ir siekio i\u0161gelb\u0117ti knygas nuo likimo prie konteinerio. Kas vienam nereikalingas daiktas \u2013 kitam lobis, o mes esame tarpininkai, kurie padeda abiems tapti laimingesniems ???? \u017dinome kaip nelengva i\u0161gyventi ma\u017eiems verslams, tad nuo \u0161iol, \u010dia rasite ir kit\u0173, ma\u017e\u0173 \u0161eim\u0173 versl\u0173, rank\u0173 darbo, dovan\u0173 sau ir artimiesiems.","publisher":{"@id":"https:\/\/skaitytaknyga.lt\/#organization"},"potentialAction":[{"@type":"SearchAction","target":{"@type":"EntryPoint","urlTemplate":"https:\/\/skaitytaknyga.lt\/?s={search_term_string}"},"query-input":{"@type":"PropertyValueSpecification","valueRequired":true,"valueName":"search_term_string"}}],"inLanguage":"en-GB"},{"@type":"Organization","@id":"https:\/\/skaitytaknyga.lt\/#organization","name":"skaitytaknyga.lt","url":"https:\/\/skaitytaknyga.lt\/","logo":{"@type":"ImageObject","inLanguage":"en-GB","@id":"https:\/\/skaitytaknyga.lt\/#\/schema\/logo\/image\/","url":"https:\/\/skaitytaknyga.lt\/wp-content\/uploads\/2024\/05\/cropped-cropped-cropped-02_00843_jt3bggkj1j3HLc7SyY6rEUpg.jpeg","contentUrl":"https:\/\/skaitytaknyga.lt\/wp-content\/uploads\/2024\/05\/cropped-cropped-cropped-02_00843_jt3bggkj1j3HLc7SyY6rEUpg.jpeg","width":1600,"height":1600,"caption":"skaitytaknyga.lt"},"image":{"@id":"https:\/\/skaitytaknyga.lt\/#\/schema\/logo\/image\/"},"sameAs":["https:\/\/www.facebook.com\/skaitytaknyga\/"]}]}},"_links":{"self":[{"href":"https:\/\/skaitytaknyga.lt\/en\/wp-json\/wp\/v2\/product\/14344","targetHints":{"allow":["GET"]}}],"collection":[{"href":"https:\/\/skaitytaknyga.lt\/en\/wp-json\/wp\/v2\/product"}],"about":[{"href":"https:\/\/skaitytaknyga.lt\/en\/wp-json\/wp\/v2\/types\/product"}],"replies":[{"embeddable":true,"href":"https:\/\/skaitytaknyga.lt\/en\/wp-json\/wp\/v2\/comments?post=14344"}],"wp:featuredmedia":[{"embeddable":true,"href":"https:\/\/skaitytaknyga.lt\/en\/wp-json\/wp\/v2\/media\/14360"}],"wp:attachment":[{"href":"https:\/\/skaitytaknyga.lt\/en\/wp-json\/wp\/v2\/media?parent=14344"}],"wp:term":[{"taxonomy":"product_brand","embeddable":true,"href":"https:\/\/skaitytaknyga.lt\/en\/wp-json\/wp\/v2\/product_brand?post=14344"},{"taxonomy":"product_cat","embeddable":true,"href":"https:\/\/skaitytaknyga.lt\/en\/wp-json\/wp\/v2\/product_cat?post=14344"},{"taxonomy":"product_tag","embeddable":true,"href":"https:\/\/skaitytaknyga.lt\/en\/wp-json\/wp\/v2\/product_tag?post=14344"}],"curies":[{"name":"wp","href":"https:\/\/api.w.org\/{rel}","templated":true}]}}