{"id":14343,"date":"2024-10-18T13:42:58","date_gmt":"2024-10-18T10:42:58","guid":{"rendered":"https:\/\/skaitytaknyga.lt\/?post_type=product&#038;p=14343"},"modified":"2025-09-12T14:43:03","modified_gmt":"2025-09-12T11:43:03","slug":"toksiski-tevai-kaip-atsikratyti-skaudzios-patirties-ir-susigrazinti-gyvenima","status":"publish","type":"product","link":"https:\/\/skaitytaknyga.lt\/en\/produktas\/toksiski-tevai-kaip-atsikratyti-skaudzios-patirties-ir-susigrazinti-gyvenima\/","title":{"rendered":"Toksi\u0161ki t\u0117vai. Kaip atsikratyti skaud\u017eios patirties ir susigr\u0105\u017einti gyvenim\u0105"},"content":{"rendered":"<p>Ar j\u016bs toksi\u0161k\u0173 t\u0117v\u0173 vaikas?<\/p>\n<p>Kai buvote ma\u017ei&#8230;<\/p>\n<p>ar t\u0117vai sak\u0117 jums, kad esate blogas ar nieko vertas?<\/p>\n<p>ar drausmindami jus naudojo fizin\u0119 j\u0117g\u0105?<\/p>\n<p>ar jums reik\u0117jo r\u016bpintis t\u0117v\u0173 problemomis?<\/p>\n<p>ar da\u017enai bijodavote t\u0117v\u0173?<\/p>\n<p>ar t\u0117vai dar\u0117 k\u0105 nors, k\u0105 prival\u0117jote laikyti paslaptyje, tik tarp j\u016bs\u0173?<\/p>\n<p>Dabar, kai jau suaugote&#8230;<\/p>\n<p>ar t\u0117vai vis dar elgiasi su jumis kaip su ma\u017eu vaiku?<\/p>\n<p>ar praleid\u0119 \u0161iek tiek laiko su t\u0117vais patiriate intensyvi\u0173 emocij\u0173 ar fizini\u0173 reakcij\u0173?<\/p>\n<p>ar t\u0117vai kontroliuoja jus grasindami, kurstydami kalt\u0117s jausm\u0105, pasitelkdami pinigus?<\/p>\n<p>ar jau\u010diate, kad ne\u012ftiksite savo t\u0117vams, kad ir k\u0105 bedarytum\u0117te?<\/p>\n<p>\u0160ioje knygoje moksl\u0173 daktar\u0117 Suzana Forvard (Susan Forward) \u2013 visame pasaulyje garsi psicholog\u0117, d\u0117stytoja, grupini\u0173 terapini\u0173 u\u017esi\u0117mim\u0173 ir mokym\u0173 vadov\u0117 daugelyje Piet\u0173 Kalifornijos medicinos ir psichiatrijos centr\u0173 \u2013 dalijasi tikromis jau suaugusi\u0173 vaik\u0173, kuriuos u\u017eaugino toksi\u0161ki t\u0117vai, istorijomis. \u0160ie nesumeluoti pasakojimai gali pad\u0117ti i\u0161silaisvinti i\u0161 \u017elugdan\u010di\u0173 santyki\u0173 su t\u0117vais ir atrasti nauj\u0105 pasaul\u012f, pripildyt\u0105 pasitik\u0117jimo savimi, vidin\u0117s stipryb\u0117s ir emocin\u0117s nepriklausomyb\u0117s.<\/p>\n<p>\u201eBandymas i\u0161 tikr\u0173j\u0173 tapti suaugusiu \u017emogumi n\u0117ra tolygus procesas. Kilsite, krisite \u017eemyn, pasist\u016bm\u0117site \u012f priek\u012f, o tada \u2013 v\u0117l atgal. Nusiteikite tam, kad ne viskas pavyks, kad nei\u0161vengsite kluptel\u0117jim\u0173. Niekuomet galutinai neatsikratysite nerimo, baim\u0117s, kalt\u0117s ir sumai\u0161ties jausm\u0173. Tai ne\u012fmanoma. Ta\u010diau \u0161ios demoni\u0161kos j\u0117gos daugiau nebegal\u0117s j\u016bs\u0173 valdyti \u2013 tai ir yra svarbiausia.\u201c<\/p>\n<ul class=\"about-product d-none d-xl-block mt-4\">\n<li><strong>Originalus pavadinimas:<\/strong>\u00a0Toxic Parents<\/li>\n<li><strong>Autorius:<\/strong>\u00a0Susan Forward,\u00a0Craig Buck<\/li>\n<li><strong>Leid\u0117jas:<\/strong>\u00a0Vaga<\/li>\n<li><strong>Metai:<\/strong>\u00a02022<\/li>\n<li><strong>Puslapiai:<\/strong>\u00a0336<\/li>\n<li class=\"toggleable type-new-formats \"><strong>ISBN:<\/strong>\u00a09785415023646<\/li>\n<li><strong>Versijos kodas:<\/strong>\u00a03<\/li>\n<li class=\"toggleable type-new-formats \"><strong>Formatas:<\/strong>\u00a014,5 x 21,5 x 2,5 cm, kieti vir\u0161eliai<\/li>\n<li><strong>Kalba:<\/strong>\u00a0Lietuvi\u0173<\/li>\n<li><strong>Vert\u0117jas:<\/strong>\u00a0Ieva \u0160imkuvien\u0117<\/li>\n<\/ul>\n","protected":false},"excerpt":{"rendered":"<p>Ar j\u016bs toksi\u0161k\u0173 t\u0117v\u0173 vaikas? Kai buvote ma\u017ei&#8230; ar t\u0117vai sak\u0117 jums, kad esate blogas ar nieko vertas? ar drausmindami jus naudojo fizin\u0119 j\u0117g\u0105? ar jums reik\u0117jo r\u016bpintis t\u0117v\u0173 problemomis? ar da\u017enai bijodavote t\u0117v\u0173? ar t\u0117vai dar\u0117 k\u0105 nors, k\u0105 prival\u0117jote laikyti paslaptyje, tik tarp j\u016bs\u0173? Dabar, kai jau suaugote&#8230; ar t\u0117vai vis dar elgiasi su jumis kaip su ma\u017eu vaiku? ar praleid\u0119 \u0161iek tiek laiko su t\u0117vais patiriate intensyvi\u0173 emocij\u0173 ar fizini\u0173 reakcij\u0173? ar t\u0117vai kontroliuoja jus grasindami, kurstydami kalt\u0117s jausm\u0105, pasitelkdami pinigus? ar jau\u010diate, kad ne\u012ftiksite savo t\u0117vams, kad ir k\u0105 bedarytum\u0117te? \u0160ioje knygoje moksl\u0173 daktar\u0117 Suzana Forvard (Susan Forward) \u2013 visame pasaulyje garsi psicholog\u0117, d\u0117stytoja, grupini\u0173 terapini\u0173 u\u017esi\u0117mim\u0173 ir mokym\u0173 vadov\u0117 daugelyje Piet\u0173 Kalifornijos medicinos ir psichiatrijos centr\u0173 \u2013 dalijasi tikromis jau suaugusi\u0173 vaik\u0173, kuriuos u\u017eaugino toksi\u0161ki t\u0117vai, istorijomis. \u0160ie nesumeluoti pasakojimai gali pad\u0117ti i\u0161silaisvinti i\u0161 \u017elugdan\u010di\u0173 santyki\u0173 su t\u0117vais ir atrasti nauj\u0105 pasaul\u012f, pripildyt\u0105 pasitik\u0117jimo savimi, vidin\u0117s stipryb\u0117s ir emocin\u0117s nepriklausomyb\u0117s. \u201eBandymas i\u0161 tikr\u0173j\u0173 tapti suaugusiu \u017emogumi n\u0117ra tolygus procesas. Kilsite, krisite \u017eemyn, pasist\u016bm\u0117site \u012f priek\u012f, o tada \u2013 v\u0117l atgal. Nusiteikite tam, kad ne viskas pavyks, kad nei\u0161vengsite kluptel\u0117jim\u0173. Niekuomet galutinai neatsikratysite nerimo, baim\u0117s, kalt\u0117s ir sumai\u0161ties jausm\u0173. Tai ne\u012fmanoma. Ta\u010diau \u0161ios demoni\u0161kos j\u0117gos daugiau nebegal\u0117s j\u016bs\u0173 valdyti \u2013 tai ir yra svarbiausia.\u201c Originalus pavadinimas:\u00a0Toxic Parents Autorius:\u00a0Susan Forward,\u00a0Craig Buck Leid\u0117jas:\u00a0Vaga Metai:\u00a02022 Puslapiai:\u00a0336 ISBN:\u00a09785415023646 Versijos kodas:\u00a03 Formatas:\u00a014,5 x 21,5 x 2,5 cm, kieti vir\u0161eliai Kalba:\u00a0Lietuvi\u0173 Vert\u0117jas:\u00a0Ieva \u0160imkuvien\u0117<\/p>\n","protected":false},"featured_media":14361,"comment_status":"open","ping_status":"closed","template":"","meta":{"_acf_changed":false,"site-sidebar-layout":"default","site-content-layout":"","ast-site-content-layout":"default","site-content-style":"default","site-sidebar-style":"default","ast-global-header-display":"","ast-banner-title-visibility":"","ast-main-header-display":"","ast-hfb-above-header-display":"","ast-hfb-below-header-display":"","ast-hfb-mobile-header-display":"","site-post-title":"","ast-breadcrumbs-content":"","ast-featured-img":"","footer-sml-layout":"","ast-disable-related-posts":"","theme-transparent-header-meta":"default","adv-header-id-meta":"","stick-header-meta":"","header-above-stick-meta":"","header-main-stick-meta":"","header-below-stick-meta":"","astra-migrate-meta-layouts":"set","ast-page-background-enabled":"default","ast-page-background-meta":{"desktop":{"background-color":"","background-image":"","background-repeat":"repeat","background-position":"center center","background-size":"auto","background-attachment":"scroll","background-type":"","background-media":"","overlay-type":"","overlay-color":"","overlay-opacity":"","overlay-gradient":""},"tablet":{"background-color":"","background-image":"","background-repeat":"repeat","background-position":"center center","background-size":"auto","background-attachment":"scroll","background-type":"","background-media":"","overlay-type":"","overlay-color":"","overlay-opacity":"","overlay-gradient":""},"mobile":{"background-color":"","background-image":"","background-repeat":"repeat","background-position":"center center","background-size":"auto","background-attachment":"scroll","background-type":"","background-media":"","overlay-type":"","overlay-color":"","overlay-opacity":"","overlay-gradient":""}},"ast-content-background-meta":{"desktop":{"background-color":"var(--ast-global-color-4)","background-image":"","background-repeat":"repeat","background-position":"center center","background-size":"auto","background-attachment":"scroll","background-type":"","background-media":"","overlay-type":"","overlay-color":"","overlay-opacity":"","overlay-gradient":""},"tablet":{"background-color":"var(--ast-global-color-4)","background-image":"","background-repeat":"repeat","background-position":"center center","background-size":"auto","background-attachment":"scroll","background-type":"","background-media":"","overlay-type":"","overlay-color":"","overlay-opacity":"","overlay-gradient":""},"mobile":{"background-color":"var(--ast-global-color-4)","background-image":"","background-repeat":"repeat","background-position":"center center","background-size":"auto","background-attachment":"scroll","background-type":"","background-media":"","overlay-type":"","overlay-color":"","overlay-opacity":"","overlay-gradient":""}}},"product_brand":[],"product_cat":[15,30],"product_tag":[],"class_list":{"0":"post-14343","1":"product","2":"type-product","3":"status-publish","4":"has-post-thumbnail","6":"product_cat-uncategorized","7":"product_cat-psichologija-ir-saviugda","8":"desktop-align-left","9":"tablet-align-left","10":"mobile-align-left","12":"first","13":"instock","14":"shipping-taxable","15":"purchasable","16":"product-type-simple"},"acf":[],"yoast_head":"<!-- This site is optimized with the Yoast SEO plugin v27.0 - https:\/\/yoast.com\/product\/yoast-seo-wordpress\/ -->\n<title>Toksi\u0161ki t\u0117vai. Kaip atsikratyti skaud\u017eios patirties ir susigr\u0105\u017einti gyvenim\u0105<\/title>\n<meta name=\"description\" content=\"Ar j\u016bs toksi\u0161k\u0173 t\u0117v\u0173 vaikas? Kai buvote ma\u017ei... ar t\u0117vai sak\u0117 jums, kad esate blogas ar nieko vertas? ar drausmindami jus naudojo fizin\u0119 j\u0117g\u0105? ar jums\" \/>\n<meta name=\"robots\" content=\"index, follow, max-snippet:-1, max-image-preview:large, max-video-preview:-1\" \/>\n<link rel=\"canonical\" href=\"https:\/\/skaitytaknyga.lt\/en\/produktas\/toksiski-tevai-kaip-atsikratyti-skaudzios-patirties-ir-susigrazinti-gyvenima\/\" \/>\n<meta property=\"og:locale\" content=\"en_GB\" \/>\n<meta property=\"og:locale:alternate\" content=\"lt_LT\" \/>\n<meta property=\"og:type\" content=\"article\" \/>\n<meta property=\"og:title\" content=\"Toksi\u0161ki t\u0117vai. Kaip atsikratyti skaud\u017eios patirties ir susigr\u0105\u017einti gyvenim\u0105\" \/>\n<meta property=\"og:description\" content=\"Ar j\u016bs toksi\u0161k\u0173 t\u0117v\u0173 vaikas? Kai buvote ma\u017ei... ar t\u0117vai sak\u0117 jums, kad esate blogas ar nieko vertas? ar drausmindami jus naudojo fizin\u0119 j\u0117g\u0105? ar jums\" \/>\n<meta property=\"og:url\" content=\"https:\/\/skaitytaknyga.lt\/en\/produktas\/toksiski-tevai-kaip-atsikratyti-skaudzios-patirties-ir-susigrazinti-gyvenima\/\" \/>\n<meta property=\"og:site_name\" content=\"Skaitytaknyga\" \/>\n<meta property=\"article:publisher\" content=\"https:\/\/www.facebook.com\/skaitytaknyga\/\" \/>\n<meta property=\"article:modified_time\" content=\"2025-09-12T11:43:03+00:00\" \/>\n<meta property=\"og:image\" content=\"https:\/\/skaitytaknyga.lt\/wp-content\/uploads\/2024\/10\/Toksiski-tevai.-Kaip-atsikratyti-skaudzios-patirties-ir-susigrazinti-gyvenima.webp\" \/>\n\t<meta property=\"og:image:width\" content=\"331\" \/>\n\t<meta property=\"og:image:height\" content=\"500\" \/>\n\t<meta property=\"og:image:type\" content=\"image\/webp\" \/>\n<meta name=\"twitter:card\" content=\"summary_large_image\" \/>\n<meta name=\"twitter:label1\" content=\"Estimated reading time\" \/>\n\t<meta name=\"twitter:data1\" content=\"2 minutes\" \/>\n<script type=\"application\/ld+json\" class=\"yoast-schema-graph\">{\"@context\":\"https:\/\/schema.org\",\"@graph\":[{\"@type\":\"WebPage\",\"@id\":\"https:\/\/skaitytaknyga.lt\/produktas\/toksiski-tevai-kaip-atsikratyti-skaudzios-patirties-ir-susigrazinti-gyvenima\/\",\"url\":\"https:\/\/skaitytaknyga.lt\/produktas\/toksiski-tevai-kaip-atsikratyti-skaudzios-patirties-ir-susigrazinti-gyvenima\/\",\"name\":\"Toksi\u0161ki t\u0117vai. Kaip atsikratyti skaud\u017eios patirties ir susigr\u0105\u017einti gyvenim\u0105\",\"isPartOf\":{\"@id\":\"https:\/\/skaitytaknyga.lt\/#website\"},\"primaryImageOfPage\":{\"@id\":\"https:\/\/skaitytaknyga.lt\/produktas\/toksiski-tevai-kaip-atsikratyti-skaudzios-patirties-ir-susigrazinti-gyvenima\/#primaryimage\"},\"image\":{\"@id\":\"https:\/\/skaitytaknyga.lt\/produktas\/toksiski-tevai-kaip-atsikratyti-skaudzios-patirties-ir-susigrazinti-gyvenima\/#primaryimage\"},\"thumbnailUrl\":\"https:\/\/skaitytaknyga.lt\/wp-content\/uploads\/2024\/10\/Toksiski-tevai.-Kaip-atsikratyti-skaudzios-patirties-ir-susigrazinti-gyvenima.webp\",\"datePublished\":\"2024-10-18T10:42:58+00:00\",\"dateModified\":\"2025-09-12T11:43:03+00:00\",\"description\":\"Ar j\u016bs toksi\u0161k\u0173 t\u0117v\u0173 vaikas? Kai buvote ma\u017ei... ar t\u0117vai sak\u0117 jums, kad esate blogas ar nieko vertas? ar drausmindami jus naudojo fizin\u0119 j\u0117g\u0105? ar jums\",\"breadcrumb\":{\"@id\":\"https:\/\/skaitytaknyga.lt\/produktas\/toksiski-tevai-kaip-atsikratyti-skaudzios-patirties-ir-susigrazinti-gyvenima\/#breadcrumb\"},\"inLanguage\":\"en-GB\",\"potentialAction\":[{\"@type\":\"ReadAction\",\"target\":[\"https:\/\/skaitytaknyga.lt\/produktas\/toksiski-tevai-kaip-atsikratyti-skaudzios-patirties-ir-susigrazinti-gyvenima\/\"]}]},{\"@type\":\"ImageObject\",\"inLanguage\":\"en-GB\",\"@id\":\"https:\/\/skaitytaknyga.lt\/produktas\/toksiski-tevai-kaip-atsikratyti-skaudzios-patirties-ir-susigrazinti-gyvenima\/#primaryimage\",\"url\":\"https:\/\/skaitytaknyga.lt\/wp-content\/uploads\/2024\/10\/Toksiski-tevai.-Kaip-atsikratyti-skaudzios-patirties-ir-susigrazinti-gyvenima.webp\",\"contentUrl\":\"https:\/\/skaitytaknyga.lt\/wp-content\/uploads\/2024\/10\/Toksiski-tevai.-Kaip-atsikratyti-skaudzios-patirties-ir-susigrazinti-gyvenima.webp\",\"width\":331,\"height\":500,\"caption\":\"Toksi\u0161ki t\u0117vai. Kaip atsikratyti skaud\u017eios patirties ir susigr\u0105\u017einti gyvenim\u0105\"},{\"@type\":\"BreadcrumbList\",\"@id\":\"https:\/\/skaitytaknyga.lt\/produktas\/toksiski-tevai-kaip-atsikratyti-skaudzios-patirties-ir-susigrazinti-gyvenima\/#breadcrumb\",\"itemListElement\":[{\"@type\":\"ListItem\",\"position\":1,\"name\":\"Home\",\"item\":\"https:\/\/skaitytaknyga.lt\/\"},{\"@type\":\"ListItem\",\"position\":2,\"name\":\"Parduotuv\u0117\",\"item\":\"https:\/\/skaitytaknyga.lt\/knygu-parduotuve\/\"},{\"@type\":\"ListItem\",\"position\":3,\"name\":\"Toksi\u0161ki t\u0117vai. Kaip atsikratyti skaud\u017eios patirties ir susigr\u0105\u017einti gyvenim\u0105\"}]},{\"@type\":\"WebSite\",\"@id\":\"https:\/\/skaitytaknyga.lt\/#website\",\"url\":\"https:\/\/skaitytaknyga.lt\/\",\"name\":\"skaitytaknyga.lt\",\"description\":\"Skaitytaknyga.lt \u2013 tai ma\u017eas \u0161eimos verslas, kuris prasid\u0117jo nuo meil\u0117s knygoms ir siekio i\u0161gelb\u0117ti knygas nuo likimo prie konteinerio. Kas vienam nereikalingas daiktas \u2013 kitam lobis, o mes esame tarpininkai, kurie padeda abiems tapti laimingesniems ???? \u017dinome kaip nelengva i\u0161gyventi ma\u017eiems verslams, tad nuo \u0161iol, \u010dia rasite ir kit\u0173, ma\u017e\u0173 \u0161eim\u0173 versl\u0173, rank\u0173 darbo, dovan\u0173 sau ir artimiesiems.\",\"publisher\":{\"@id\":\"https:\/\/skaitytaknyga.lt\/#organization\"},\"potentialAction\":[{\"@type\":\"SearchAction\",\"target\":{\"@type\":\"EntryPoint\",\"urlTemplate\":\"https:\/\/skaitytaknyga.lt\/?s={search_term_string}\"},\"query-input\":{\"@type\":\"PropertyValueSpecification\",\"valueRequired\":true,\"valueName\":\"search_term_string\"}}],\"inLanguage\":\"en-GB\"},{\"@type\":\"Organization\",\"@id\":\"https:\/\/skaitytaknyga.lt\/#organization\",\"name\":\"skaitytaknyga.lt\",\"url\":\"https:\/\/skaitytaknyga.lt\/\",\"logo\":{\"@type\":\"ImageObject\",\"inLanguage\":\"en-GB\",\"@id\":\"https:\/\/skaitytaknyga.lt\/#\/schema\/logo\/image\/\",\"url\":\"https:\/\/skaitytaknyga.lt\/wp-content\/uploads\/2024\/05\/cropped-cropped-cropped-02_00843_jt3bggkj1j3HLc7SyY6rEUpg.jpeg\",\"contentUrl\":\"https:\/\/skaitytaknyga.lt\/wp-content\/uploads\/2024\/05\/cropped-cropped-cropped-02_00843_jt3bggkj1j3HLc7SyY6rEUpg.jpeg\",\"width\":1600,\"height\":1600,\"caption\":\"skaitytaknyga.lt\"},\"image\":{\"@id\":\"https:\/\/skaitytaknyga.lt\/#\/schema\/logo\/image\/\"},\"sameAs\":[\"https:\/\/www.facebook.com\/skaitytaknyga\/\"]}]}<\/script>\n<!-- \/ Yoast SEO plugin. -->","yoast_head_json":{"title":"Toksi\u0161ki t\u0117vai. Kaip atsikratyti skaud\u017eios patirties ir susigr\u0105\u017einti gyvenim\u0105","description":"Ar j\u016bs toksi\u0161k\u0173 t\u0117v\u0173 vaikas? Kai buvote ma\u017ei... ar t\u0117vai sak\u0117 jums, kad esate blogas ar nieko vertas? ar drausmindami jus naudojo fizin\u0119 j\u0117g\u0105? ar jums","robots":{"index":"index","follow":"follow","max-snippet":"max-snippet:-1","max-image-preview":"max-image-preview:large","max-video-preview":"max-video-preview:-1"},"canonical":"https:\/\/skaitytaknyga.lt\/en\/produktas\/toksiski-tevai-kaip-atsikratyti-skaudzios-patirties-ir-susigrazinti-gyvenima\/","og_locale":"en_GB","og_type":"article","og_title":"[:lt]Toksi\u0161ki t\u0117vai. Kaip atsikratyti skaud\u017eios patirties ir susigr\u0105\u017einti gyvenim\u0105[:] - Skaitytaknyga","og_description":"Ar j\u016bs toksi\u0161k\u0173 t\u0117v\u0173 vaikas? Kai buvote ma\u017ei... ar t\u0117vai sak\u0117 jums, kad esate blogas ar nieko vertas? ar drausmindami jus naudojo fizin\u0119 j\u0117g\u0105? ar jums","og_url":"https:\/\/skaitytaknyga.lt\/en\/produktas\/toksiski-tevai-kaip-atsikratyti-skaudzios-patirties-ir-susigrazinti-gyvenima\/","og_site_name":"Skaitytaknyga","article_publisher":"https:\/\/www.facebook.com\/skaitytaknyga\/","article_modified_time":"2025-09-12T11:43:03+00:00","og_image":[{"width":331,"height":500,"url":"https:\/\/skaitytaknyga.lt\/wp-content\/uploads\/2024\/10\/Toksiski-tevai.-Kaip-atsikratyti-skaudzios-patirties-ir-susigrazinti-gyvenima.webp","type":"image\/webp"}],"twitter_card":"summary_large_image","twitter_misc":{"Estimated reading time":"2 minutes"},"schema":{"@context":"https:\/\/schema.org","@graph":[{"@type":"WebPage","@id":"https:\/\/skaitytaknyga.lt\/produktas\/toksiski-tevai-kaip-atsikratyti-skaudzios-patirties-ir-susigrazinti-gyvenima\/","url":"https:\/\/skaitytaknyga.lt\/produktas\/toksiski-tevai-kaip-atsikratyti-skaudzios-patirties-ir-susigrazinti-gyvenima\/","name":"Toksi\u0161ki t\u0117vai. Kaip atsikratyti skaud\u017eios patirties ir susigr\u0105\u017einti gyvenim\u0105","isPartOf":{"@id":"https:\/\/skaitytaknyga.lt\/#website"},"primaryImageOfPage":{"@id":"https:\/\/skaitytaknyga.lt\/produktas\/toksiski-tevai-kaip-atsikratyti-skaudzios-patirties-ir-susigrazinti-gyvenima\/#primaryimage"},"image":{"@id":"https:\/\/skaitytaknyga.lt\/produktas\/toksiski-tevai-kaip-atsikratyti-skaudzios-patirties-ir-susigrazinti-gyvenima\/#primaryimage"},"thumbnailUrl":"https:\/\/skaitytaknyga.lt\/wp-content\/uploads\/2024\/10\/Toksiski-tevai.-Kaip-atsikratyti-skaudzios-patirties-ir-susigrazinti-gyvenima.webp","datePublished":"2024-10-18T10:42:58+00:00","dateModified":"2025-09-12T11:43:03+00:00","description":"Ar j\u016bs toksi\u0161k\u0173 t\u0117v\u0173 vaikas? Kai buvote ma\u017ei... ar t\u0117vai sak\u0117 jums, kad esate blogas ar nieko vertas? ar drausmindami jus naudojo fizin\u0119 j\u0117g\u0105? ar jums","breadcrumb":{"@id":"https:\/\/skaitytaknyga.lt\/produktas\/toksiski-tevai-kaip-atsikratyti-skaudzios-patirties-ir-susigrazinti-gyvenima\/#breadcrumb"},"inLanguage":"en-GB","potentialAction":[{"@type":"ReadAction","target":["https:\/\/skaitytaknyga.lt\/produktas\/toksiski-tevai-kaip-atsikratyti-skaudzios-patirties-ir-susigrazinti-gyvenima\/"]}]},{"@type":"ImageObject","inLanguage":"en-GB","@id":"https:\/\/skaitytaknyga.lt\/produktas\/toksiski-tevai-kaip-atsikratyti-skaudzios-patirties-ir-susigrazinti-gyvenima\/#primaryimage","url":"https:\/\/skaitytaknyga.lt\/wp-content\/uploads\/2024\/10\/Toksiski-tevai.-Kaip-atsikratyti-skaudzios-patirties-ir-susigrazinti-gyvenima.webp","contentUrl":"https:\/\/skaitytaknyga.lt\/wp-content\/uploads\/2024\/10\/Toksiski-tevai.-Kaip-atsikratyti-skaudzios-patirties-ir-susigrazinti-gyvenima.webp","width":331,"height":500,"caption":"Toksi\u0161ki t\u0117vai. Kaip atsikratyti skaud\u017eios patirties ir susigr\u0105\u017einti gyvenim\u0105"},{"@type":"BreadcrumbList","@id":"https:\/\/skaitytaknyga.lt\/produktas\/toksiski-tevai-kaip-atsikratyti-skaudzios-patirties-ir-susigrazinti-gyvenima\/#breadcrumb","itemListElement":[{"@type":"ListItem","position":1,"name":"Home","item":"https:\/\/skaitytaknyga.lt\/"},{"@type":"ListItem","position":2,"name":"Parduotuv\u0117","item":"https:\/\/skaitytaknyga.lt\/knygu-parduotuve\/"},{"@type":"ListItem","position":3,"name":"Toksi\u0161ki t\u0117vai. Kaip atsikratyti skaud\u017eios patirties ir susigr\u0105\u017einti gyvenim\u0105"}]},{"@type":"WebSite","@id":"https:\/\/skaitytaknyga.lt\/#website","url":"https:\/\/skaitytaknyga.lt\/","name":"skaitytaknyga.lt","description":"Skaitytaknyga.lt \u2013 tai ma\u017eas \u0161eimos verslas, kuris prasid\u0117jo nuo meil\u0117s knygoms ir siekio i\u0161gelb\u0117ti knygas nuo likimo prie konteinerio. Kas vienam nereikalingas daiktas \u2013 kitam lobis, o mes esame tarpininkai, kurie padeda abiems tapti laimingesniems ???? \u017dinome kaip nelengva i\u0161gyventi ma\u017eiems verslams, tad nuo \u0161iol, \u010dia rasite ir kit\u0173, ma\u017e\u0173 \u0161eim\u0173 versl\u0173, rank\u0173 darbo, dovan\u0173 sau ir artimiesiems.","publisher":{"@id":"https:\/\/skaitytaknyga.lt\/#organization"},"potentialAction":[{"@type":"SearchAction","target":{"@type":"EntryPoint","urlTemplate":"https:\/\/skaitytaknyga.lt\/?s={search_term_string}"},"query-input":{"@type":"PropertyValueSpecification","valueRequired":true,"valueName":"search_term_string"}}],"inLanguage":"en-GB"},{"@type":"Organization","@id":"https:\/\/skaitytaknyga.lt\/#organization","name":"skaitytaknyga.lt","url":"https:\/\/skaitytaknyga.lt\/","logo":{"@type":"ImageObject","inLanguage":"en-GB","@id":"https:\/\/skaitytaknyga.lt\/#\/schema\/logo\/image\/","url":"https:\/\/skaitytaknyga.lt\/wp-content\/uploads\/2024\/05\/cropped-cropped-cropped-02_00843_jt3bggkj1j3HLc7SyY6rEUpg.jpeg","contentUrl":"https:\/\/skaitytaknyga.lt\/wp-content\/uploads\/2024\/05\/cropped-cropped-cropped-02_00843_jt3bggkj1j3HLc7SyY6rEUpg.jpeg","width":1600,"height":1600,"caption":"skaitytaknyga.lt"},"image":{"@id":"https:\/\/skaitytaknyga.lt\/#\/schema\/logo\/image\/"},"sameAs":["https:\/\/www.facebook.com\/skaitytaknyga\/"]}]}},"_links":{"self":[{"href":"https:\/\/skaitytaknyga.lt\/en\/wp-json\/wp\/v2\/product\/14343","targetHints":{"allow":["GET"]}}],"collection":[{"href":"https:\/\/skaitytaknyga.lt\/en\/wp-json\/wp\/v2\/product"}],"about":[{"href":"https:\/\/skaitytaknyga.lt\/en\/wp-json\/wp\/v2\/types\/product"}],"replies":[{"embeddable":true,"href":"https:\/\/skaitytaknyga.lt\/en\/wp-json\/wp\/v2\/comments?post=14343"}],"wp:featuredmedia":[{"embeddable":true,"href":"https:\/\/skaitytaknyga.lt\/en\/wp-json\/wp\/v2\/media\/14361"}],"wp:attachment":[{"href":"https:\/\/skaitytaknyga.lt\/en\/wp-json\/wp\/v2\/media?parent=14343"}],"wp:term":[{"taxonomy":"product_brand","embeddable":true,"href":"https:\/\/skaitytaknyga.lt\/en\/wp-json\/wp\/v2\/product_brand?post=14343"},{"taxonomy":"product_cat","embeddable":true,"href":"https:\/\/skaitytaknyga.lt\/en\/wp-json\/wp\/v2\/product_cat?post=14343"},{"taxonomy":"product_tag","embeddable":true,"href":"https:\/\/skaitytaknyga.lt\/en\/wp-json\/wp\/v2\/product_tag?post=14343"}],"curies":[{"name":"wp","href":"https:\/\/api.w.org\/{rel}","templated":true}]}}