{"id":14342,"date":"2024-10-18T13:42:58","date_gmt":"2024-10-18T10:42:58","guid":{"rendered":"https:\/\/skaitytaknyga.lt\/?post_type=product&#038;p=14342"},"modified":"2026-03-10T09:54:54","modified_gmt":"2026-03-10T07:54:54","slug":"tora-namas-su-akla-stiklo-veranda","status":"publish","type":"product","link":"https:\/\/skaitytaknyga.lt\/en\/produktas\/tora-namas-su-akla-stiklo-veranda\/","title":{"rendered":"Tora. Namas su akla stiklo veranda"},"content":{"rendered":"<p>\u201eNamas su akla stiklo veranda\u201c \u2013 pirmasis trilogijos \u201eTora\u201c romanas. Tai jaudinantis pasakojimas apie vieni\u0161\u0105 mergait\u0119, \u201evokie\u010dio pavainik\u0119\u201c (jos t\u0117vas \u2013 vokie\u010di\u0173 kareivis, ding\u0119s per kar\u0105), augan\u010di\u0105 ma\u017eyt\u0117je bendruomen\u0117je Norvegijos \u0161iaur\u0117je. Ji gyvena su pat\u0117viu ir ma\u017eakalbe, u\u017edara mama, per r\u016bpes\u010dius nerandan\u010dia laiko meilei. Vieninteliai jos gyvenimo \u0161viesuliai \u2013 teta Rakel\u0117 ir d\u0117d\u0117 Simonas.<\/p>\n<p>Roman\u0173 trilogija, para\u0161yta poetine humoro bei jaudinan\u010dios rimties nestokojan\u010dia kalba, vaizduoja gra\u017e\u0173 bei spalving\u0105 Toros paveiksl\u0105.<\/p>\n<p><strong>Apie autor\u0119<\/strong><\/p>\n<p>Herbjorg Wassmo gim\u0117 1942 m. Vesterolene, Skugs\u0117jos saloje. Ra\u0161ytoja 1976 m. debiutavo su eil\u0117ra\u0161\u010di\u0173 rinktine\u00a0<em>Sparn\u0173 mojai<\/em>. Knygose apie Tor\u0105, kaip ir romanuose<em>\u00a0Dinos knyga\u00a0<\/em>(1989),\u00a0<em>Laim\u0117s s\u016bnus<\/em>\u00a0(1992) ir\u00a0<em>Karnos kraitis<\/em>\u00a0(1997) autor\u0117 pasakoja apie \u0160iaur\u0117s Norvegijos pakrant\u0117s bendruomen\u0117s gyvenim\u0105. H. Wassmo para\u0161\u0117 romanus\u00a0<em>Septintas susitikimas\u00a0<\/em>(2000) ir\u00a0<em>Stiklin\u0117 pieno<\/em>.<\/p>\n<ul class=\"about-product d-none d-xl-block mt-4\">\n<li><strong>Autorius:<\/strong>\u00a0Herbj\u00f8rg Wassmo<\/li>\n<li><strong>Leid\u0117jas:<\/strong>\u00a0Alma littera<\/li>\n<li><strong>Metai:<\/strong>\u00a02009<\/li>\n<li><strong>Puslapiai:<\/strong>\u00a0208<\/li>\n<li class=\"toggleable type-new-formats \"><strong>ISBN:<\/strong>\u00a09789955244868<\/li>\n<li><strong>Versijos kodas:<\/strong>\u00a0PT.<\/li>\n<li class=\"toggleable type-new-formats \"><strong>Formatas:<\/strong>\u00a015 x 24,3 cm, kieti vir\u0161eliai<\/li>\n<li><strong>Kalba:<\/strong>\u00a0Lietuvi\u0173<\/li>\n<li><strong>Vert\u0117jas:<\/strong>\u00a0Asta Grabauskien\u0117<\/li>\n<\/ul>\n","protected":false},"excerpt":{"rendered":"<p>\u201eNamas su akla stiklo veranda\u201c \u2013 pirmasis trilogijos \u201eTora\u201c romanas. Tai jaudinantis pasakojimas apie vieni\u0161\u0105 mergait\u0119, \u201evokie\u010dio pavainik\u0119\u201c (jos t\u0117vas \u2013 vokie\u010di\u0173 kareivis, ding\u0119s per kar\u0105), augan\u010di\u0105 ma\u017eyt\u0117je bendruomen\u0117je Norvegijos \u0161iaur\u0117je. Ji gyvena su pat\u0117viu ir ma\u017eakalbe, u\u017edara mama, per r\u016bpes\u010dius nerandan\u010dia laiko meilei. Vieninteliai jos gyvenimo \u0161viesuliai \u2013 teta Rakel\u0117 ir d\u0117d\u0117 Simonas. Roman\u0173 trilogija, para\u0161yta poetine humoro bei jaudinan\u010dios rimties nestokojan\u010dia kalba, vaizduoja gra\u017e\u0173 bei spalving\u0105 Toros paveiksl\u0105. Apie autor\u0119 Herbjorg Wassmo gim\u0117 1942 m. Vesterolene, Skugs\u0117jos saloje. Ra\u0161ytoja 1976 m. debiutavo su eil\u0117ra\u0161\u010di\u0173 rinktine\u00a0Sparn\u0173 mojai. Knygose apie Tor\u0105, kaip ir romanuose\u00a0Dinos knyga\u00a0(1989),\u00a0Laim\u0117s s\u016bnus\u00a0(1992) ir\u00a0Karnos kraitis\u00a0(1997) autor\u0117 pasakoja apie \u0160iaur\u0117s Norvegijos pakrant\u0117s bendruomen\u0117s gyvenim\u0105. H. Wassmo para\u0161\u0117 romanus\u00a0Septintas susitikimas\u00a0(2000) ir\u00a0Stiklin\u0117 pieno. Autorius:\u00a0Herbj\u00f8rg Wassmo Leid\u0117jas:\u00a0Alma littera Metai:\u00a02009 Puslapiai:\u00a0208 ISBN:\u00a09789955244868 Versijos kodas:\u00a0PT. Formatas:\u00a015 x 24,3 cm, kieti vir\u0161eliai Kalba:\u00a0Lietuvi\u0173 Vert\u0117jas:\u00a0Asta Grabauskien\u0117<\/p>\n","protected":false},"featured_media":14363,"comment_status":"open","ping_status":"closed","template":"","meta":{"_acf_changed":false,"site-sidebar-layout":"default","site-content-layout":"","ast-site-content-layout":"default","site-content-style":"default","site-sidebar-style":"default","ast-global-header-display":"","ast-banner-title-visibility":"","ast-main-header-display":"","ast-hfb-above-header-display":"","ast-hfb-below-header-display":"","ast-hfb-mobile-header-display":"","site-post-title":"","ast-breadcrumbs-content":"","ast-featured-img":"","footer-sml-layout":"","ast-disable-related-posts":"","theme-transparent-header-meta":"default","adv-header-id-meta":"","stick-header-meta":"","header-above-stick-meta":"","header-main-stick-meta":"","header-below-stick-meta":"","astra-migrate-meta-layouts":"set","ast-page-background-enabled":"default","ast-page-background-meta":{"desktop":{"background-color":"","background-image":"","background-repeat":"repeat","background-position":"center center","background-size":"auto","background-attachment":"scroll","background-type":"","background-media":"","overlay-type":"","overlay-color":"","overlay-opacity":"","overlay-gradient":""},"tablet":{"background-color":"","background-image":"","background-repeat":"repeat","background-position":"center center","background-size":"auto","background-attachment":"scroll","background-type":"","background-media":"","overlay-type":"","overlay-color":"","overlay-opacity":"","overlay-gradient":""},"mobile":{"background-color":"","background-image":"","background-repeat":"repeat","background-position":"center center","background-size":"auto","background-attachment":"scroll","background-type":"","background-media":"","overlay-type":"","overlay-color":"","overlay-opacity":"","overlay-gradient":""}},"ast-content-background-meta":{"desktop":{"background-color":"var(--ast-global-color-4)","background-image":"","background-repeat":"repeat","background-position":"center center","background-size":"auto","background-attachment":"scroll","background-type":"","background-media":"","overlay-type":"","overlay-color":"","overlay-opacity":"","overlay-gradient":""},"tablet":{"background-color":"var(--ast-global-color-4)","background-image":"","background-repeat":"repeat","background-position":"center center","background-size":"auto","background-attachment":"scroll","background-type":"","background-media":"","overlay-type":"","overlay-color":"","overlay-opacity":"","overlay-gradient":""},"mobile":{"background-color":"var(--ast-global-color-4)","background-image":"","background-repeat":"repeat","background-position":"center center","background-size":"auto","background-attachment":"scroll","background-type":"","background-media":"","overlay-type":"","overlay-color":"","overlay-opacity":"","overlay-gradient":""}}},"product_brand":[],"product_cat":[15],"product_tag":[2633],"class_list":{"0":"post-14342","1":"product","2":"type-product","3":"status-publish","4":"has-post-thumbnail","6":"product_cat-uncategorized","7":"product_tag-herbjorg-wassmo","8":"desktop-align-left","9":"tablet-align-left","10":"mobile-align-left","12":"first","13":"instock","14":"sale","15":"shipping-taxable","16":"purchasable","17":"product-type-simple"},"acf":[],"yoast_head":"<!-- This site is optimized with the Yoast SEO plugin v27.0 - https:\/\/yoast.com\/product\/yoast-seo-wordpress\/ -->\n<title>Tora. Namas su akla stiklo veranda<\/title>\n<meta name=\"description\" content=\"\u201eNamas su akla stiklo veranda\u201c \u2013 pirmasis trilogijos \u201eTora\u201c romanas. Tai jaudinantis pasakojimas apie vieni\u0161\u0105 mergait\u0119, \u201evokie\u010dio pavainik\u0119\u201c (jos t\u0117vas \u2013\" \/>\n<meta name=\"robots\" content=\"index, follow, max-snippet:-1, max-image-preview:large, max-video-preview:-1\" \/>\n<link rel=\"canonical\" href=\"https:\/\/skaitytaknyga.lt\/en\/produktas\/tora-namas-su-akla-stiklo-veranda\/\" \/>\n<meta property=\"og:locale\" content=\"en_GB\" \/>\n<meta property=\"og:locale:alternate\" content=\"lt_LT\" \/>\n<meta property=\"og:type\" content=\"article\" \/>\n<meta property=\"og:title\" content=\"Tora. Namas su akla stiklo veranda\" \/>\n<meta property=\"og:description\" content=\"\u201eNamas su akla stiklo veranda\u201c \u2013 pirmasis trilogijos \u201eTora\u201c romanas. Tai jaudinantis pasakojimas apie vieni\u0161\u0105 mergait\u0119, \u201evokie\u010dio pavainik\u0119\u201c (jos t\u0117vas \u2013\" \/>\n<meta property=\"og:url\" content=\"https:\/\/skaitytaknyga.lt\/en\/produktas\/tora-namas-su-akla-stiklo-veranda\/\" \/>\n<meta property=\"og:site_name\" content=\"Skaitytaknyga\" \/>\n<meta property=\"article:publisher\" content=\"https:\/\/www.facebook.com\/skaitytaknyga\/\" \/>\n<meta property=\"article:modified_time\" content=\"2026-03-10T07:54:54+00:00\" \/>\n<meta property=\"og:image\" content=\"https:\/\/skaitytaknyga.lt\/wp-content\/uploads\/2024\/10\/Tora.-Namas-su-akla-stiklo-veranda.webp\" \/>\n\t<meta property=\"og:image:width\" content=\"464\" \/>\n\t<meta property=\"og:image:height\" content=\"760\" \/>\n\t<meta property=\"og:image:type\" content=\"image\/webp\" \/>\n<meta name=\"twitter:card\" content=\"summary_large_image\" \/>\n<meta name=\"twitter:label1\" content=\"Estimated reading time\" \/>\n\t<meta name=\"twitter:data1\" content=\"2 minutes\" \/>\n<script type=\"application\/ld+json\" class=\"yoast-schema-graph\">{\"@context\":\"https:\/\/schema.org\",\"@graph\":[{\"@type\":\"WebPage\",\"@id\":\"https:\/\/skaitytaknyga.lt\/produktas\/tora-namas-su-akla-stiklo-veranda\/\",\"url\":\"https:\/\/skaitytaknyga.lt\/produktas\/tora-namas-su-akla-stiklo-veranda\/\",\"name\":\"Tora. Namas su akla stiklo veranda\",\"isPartOf\":{\"@id\":\"https:\/\/skaitytaknyga.lt\/#website\"},\"primaryImageOfPage\":{\"@id\":\"https:\/\/skaitytaknyga.lt\/produktas\/tora-namas-su-akla-stiklo-veranda\/#primaryimage\"},\"image\":{\"@id\":\"https:\/\/skaitytaknyga.lt\/produktas\/tora-namas-su-akla-stiklo-veranda\/#primaryimage\"},\"thumbnailUrl\":\"https:\/\/skaitytaknyga.lt\/wp-content\/uploads\/2024\/10\/Tora.-Namas-su-akla-stiklo-veranda.webp\",\"datePublished\":\"2024-10-18T10:42:58+00:00\",\"dateModified\":\"2026-03-10T07:54:54+00:00\",\"description\":\"\u201eNamas su akla stiklo veranda\u201c \u2013 pirmasis trilogijos \u201eTora\u201c romanas. Tai jaudinantis pasakojimas apie vieni\u0161\u0105 mergait\u0119, \u201evokie\u010dio pavainik\u0119\u201c (jos t\u0117vas \u2013\",\"breadcrumb\":{\"@id\":\"https:\/\/skaitytaknyga.lt\/produktas\/tora-namas-su-akla-stiklo-veranda\/#breadcrumb\"},\"inLanguage\":\"en-GB\",\"potentialAction\":[{\"@type\":\"ReadAction\",\"target\":[\"https:\/\/skaitytaknyga.lt\/produktas\/tora-namas-su-akla-stiklo-veranda\/\"]}]},{\"@type\":\"ImageObject\",\"inLanguage\":\"en-GB\",\"@id\":\"https:\/\/skaitytaknyga.lt\/produktas\/tora-namas-su-akla-stiklo-veranda\/#primaryimage\",\"url\":\"https:\/\/skaitytaknyga.lt\/wp-content\/uploads\/2024\/10\/Tora.-Namas-su-akla-stiklo-veranda.webp\",\"contentUrl\":\"https:\/\/skaitytaknyga.lt\/wp-content\/uploads\/2024\/10\/Tora.-Namas-su-akla-stiklo-veranda.webp\",\"width\":464,\"height\":760,\"caption\":\"Tora. Namas su akla stiklo veranda\"},{\"@type\":\"BreadcrumbList\",\"@id\":\"https:\/\/skaitytaknyga.lt\/produktas\/tora-namas-su-akla-stiklo-veranda\/#breadcrumb\",\"itemListElement\":[{\"@type\":\"ListItem\",\"position\":1,\"name\":\"Home\",\"item\":\"https:\/\/skaitytaknyga.lt\/\"},{\"@type\":\"ListItem\",\"position\":2,\"name\":\"Parduotuv\u0117\",\"item\":\"https:\/\/skaitytaknyga.lt\/knygu-parduotuve\/\"},{\"@type\":\"ListItem\",\"position\":3,\"name\":\"Tora. Namas su akla stiklo veranda\"}]},{\"@type\":\"WebSite\",\"@id\":\"https:\/\/skaitytaknyga.lt\/#website\",\"url\":\"https:\/\/skaitytaknyga.lt\/\",\"name\":\"skaitytaknyga.lt\",\"description\":\"Skaitytaknyga.lt \u2013 tai ma\u017eas \u0161eimos verslas, kuris prasid\u0117jo nuo meil\u0117s knygoms ir siekio i\u0161gelb\u0117ti knygas nuo likimo prie konteinerio. Kas vienam nereikalingas daiktas \u2013 kitam lobis, o mes esame tarpininkai, kurie padeda abiems tapti laimingesniems ???? \u017dinome kaip nelengva i\u0161gyventi ma\u017eiems verslams, tad nuo \u0161iol, \u010dia rasite ir kit\u0173, ma\u017e\u0173 \u0161eim\u0173 versl\u0173, rank\u0173 darbo, dovan\u0173 sau ir artimiesiems.\",\"publisher\":{\"@id\":\"https:\/\/skaitytaknyga.lt\/#organization\"},\"potentialAction\":[{\"@type\":\"SearchAction\",\"target\":{\"@type\":\"EntryPoint\",\"urlTemplate\":\"https:\/\/skaitytaknyga.lt\/?s={search_term_string}\"},\"query-input\":{\"@type\":\"PropertyValueSpecification\",\"valueRequired\":true,\"valueName\":\"search_term_string\"}}],\"inLanguage\":\"en-GB\"},{\"@type\":\"Organization\",\"@id\":\"https:\/\/skaitytaknyga.lt\/#organization\",\"name\":\"skaitytaknyga.lt\",\"url\":\"https:\/\/skaitytaknyga.lt\/\",\"logo\":{\"@type\":\"ImageObject\",\"inLanguage\":\"en-GB\",\"@id\":\"https:\/\/skaitytaknyga.lt\/#\/schema\/logo\/image\/\",\"url\":\"https:\/\/skaitytaknyga.lt\/wp-content\/uploads\/2024\/05\/cropped-cropped-cropped-02_00843_jt3bggkj1j3HLc7SyY6rEUpg.jpeg\",\"contentUrl\":\"https:\/\/skaitytaknyga.lt\/wp-content\/uploads\/2024\/05\/cropped-cropped-cropped-02_00843_jt3bggkj1j3HLc7SyY6rEUpg.jpeg\",\"width\":1600,\"height\":1600,\"caption\":\"skaitytaknyga.lt\"},\"image\":{\"@id\":\"https:\/\/skaitytaknyga.lt\/#\/schema\/logo\/image\/\"},\"sameAs\":[\"https:\/\/www.facebook.com\/skaitytaknyga\/\"]}]}<\/script>\n<!-- \/ Yoast SEO plugin. -->","yoast_head_json":{"title":"Tora. Namas su akla stiklo veranda","description":"\u201eNamas su akla stiklo veranda\u201c \u2013 pirmasis trilogijos \u201eTora\u201c romanas. Tai jaudinantis pasakojimas apie vieni\u0161\u0105 mergait\u0119, \u201evokie\u010dio pavainik\u0119\u201c (jos t\u0117vas \u2013","robots":{"index":"index","follow":"follow","max-snippet":"max-snippet:-1","max-image-preview":"max-image-preview:large","max-video-preview":"max-video-preview:-1"},"canonical":"https:\/\/skaitytaknyga.lt\/en\/produktas\/tora-namas-su-akla-stiklo-veranda\/","og_locale":"en_GB","og_type":"article","og_title":"[:lt]Tora. Namas su akla stiklo veranda[:] - Skaitytaknyga","og_description":"\u201eNamas su akla stiklo veranda\u201c \u2013 pirmasis trilogijos \u201eTora\u201c romanas. Tai jaudinantis pasakojimas apie vieni\u0161\u0105 mergait\u0119, \u201evokie\u010dio pavainik\u0119\u201c (jos t\u0117vas \u2013","og_url":"https:\/\/skaitytaknyga.lt\/en\/produktas\/tora-namas-su-akla-stiklo-veranda\/","og_site_name":"Skaitytaknyga","article_publisher":"https:\/\/www.facebook.com\/skaitytaknyga\/","article_modified_time":"2026-03-10T07:54:54+00:00","og_image":[{"width":464,"height":760,"url":"https:\/\/skaitytaknyga.lt\/wp-content\/uploads\/2024\/10\/Tora.-Namas-su-akla-stiklo-veranda.webp","type":"image\/webp"}],"twitter_card":"summary_large_image","twitter_misc":{"Estimated reading time":"2 minutes"},"schema":{"@context":"https:\/\/schema.org","@graph":[{"@type":"WebPage","@id":"https:\/\/skaitytaknyga.lt\/produktas\/tora-namas-su-akla-stiklo-veranda\/","url":"https:\/\/skaitytaknyga.lt\/produktas\/tora-namas-su-akla-stiklo-veranda\/","name":"Tora. Namas su akla stiklo veranda","isPartOf":{"@id":"https:\/\/skaitytaknyga.lt\/#website"},"primaryImageOfPage":{"@id":"https:\/\/skaitytaknyga.lt\/produktas\/tora-namas-su-akla-stiklo-veranda\/#primaryimage"},"image":{"@id":"https:\/\/skaitytaknyga.lt\/produktas\/tora-namas-su-akla-stiklo-veranda\/#primaryimage"},"thumbnailUrl":"https:\/\/skaitytaknyga.lt\/wp-content\/uploads\/2024\/10\/Tora.-Namas-su-akla-stiklo-veranda.webp","datePublished":"2024-10-18T10:42:58+00:00","dateModified":"2026-03-10T07:54:54+00:00","description":"\u201eNamas su akla stiklo veranda\u201c \u2013 pirmasis trilogijos \u201eTora\u201c romanas. Tai jaudinantis pasakojimas apie vieni\u0161\u0105 mergait\u0119, \u201evokie\u010dio pavainik\u0119\u201c (jos t\u0117vas \u2013","breadcrumb":{"@id":"https:\/\/skaitytaknyga.lt\/produktas\/tora-namas-su-akla-stiklo-veranda\/#breadcrumb"},"inLanguage":"en-GB","potentialAction":[{"@type":"ReadAction","target":["https:\/\/skaitytaknyga.lt\/produktas\/tora-namas-su-akla-stiklo-veranda\/"]}]},{"@type":"ImageObject","inLanguage":"en-GB","@id":"https:\/\/skaitytaknyga.lt\/produktas\/tora-namas-su-akla-stiklo-veranda\/#primaryimage","url":"https:\/\/skaitytaknyga.lt\/wp-content\/uploads\/2024\/10\/Tora.-Namas-su-akla-stiklo-veranda.webp","contentUrl":"https:\/\/skaitytaknyga.lt\/wp-content\/uploads\/2024\/10\/Tora.-Namas-su-akla-stiklo-veranda.webp","width":464,"height":760,"caption":"Tora. Namas su akla stiklo veranda"},{"@type":"BreadcrumbList","@id":"https:\/\/skaitytaknyga.lt\/produktas\/tora-namas-su-akla-stiklo-veranda\/#breadcrumb","itemListElement":[{"@type":"ListItem","position":1,"name":"Home","item":"https:\/\/skaitytaknyga.lt\/"},{"@type":"ListItem","position":2,"name":"Parduotuv\u0117","item":"https:\/\/skaitytaknyga.lt\/knygu-parduotuve\/"},{"@type":"ListItem","position":3,"name":"Tora. Namas su akla stiklo veranda"}]},{"@type":"WebSite","@id":"https:\/\/skaitytaknyga.lt\/#website","url":"https:\/\/skaitytaknyga.lt\/","name":"skaitytaknyga.lt","description":"Skaitytaknyga.lt \u2013 tai ma\u017eas \u0161eimos verslas, kuris prasid\u0117jo nuo meil\u0117s knygoms ir siekio i\u0161gelb\u0117ti knygas nuo likimo prie konteinerio. Kas vienam nereikalingas daiktas \u2013 kitam lobis, o mes esame tarpininkai, kurie padeda abiems tapti laimingesniems ???? \u017dinome kaip nelengva i\u0161gyventi ma\u017eiems verslams, tad nuo \u0161iol, \u010dia rasite ir kit\u0173, ma\u017e\u0173 \u0161eim\u0173 versl\u0173, rank\u0173 darbo, dovan\u0173 sau ir artimiesiems.","publisher":{"@id":"https:\/\/skaitytaknyga.lt\/#organization"},"potentialAction":[{"@type":"SearchAction","target":{"@type":"EntryPoint","urlTemplate":"https:\/\/skaitytaknyga.lt\/?s={search_term_string}"},"query-input":{"@type":"PropertyValueSpecification","valueRequired":true,"valueName":"search_term_string"}}],"inLanguage":"en-GB"},{"@type":"Organization","@id":"https:\/\/skaitytaknyga.lt\/#organization","name":"skaitytaknyga.lt","url":"https:\/\/skaitytaknyga.lt\/","logo":{"@type":"ImageObject","inLanguage":"en-GB","@id":"https:\/\/skaitytaknyga.lt\/#\/schema\/logo\/image\/","url":"https:\/\/skaitytaknyga.lt\/wp-content\/uploads\/2024\/05\/cropped-cropped-cropped-02_00843_jt3bggkj1j3HLc7SyY6rEUpg.jpeg","contentUrl":"https:\/\/skaitytaknyga.lt\/wp-content\/uploads\/2024\/05\/cropped-cropped-cropped-02_00843_jt3bggkj1j3HLc7SyY6rEUpg.jpeg","width":1600,"height":1600,"caption":"skaitytaknyga.lt"},"image":{"@id":"https:\/\/skaitytaknyga.lt\/#\/schema\/logo\/image\/"},"sameAs":["https:\/\/www.facebook.com\/skaitytaknyga\/"]}]}},"_links":{"self":[{"href":"https:\/\/skaitytaknyga.lt\/en\/wp-json\/wp\/v2\/product\/14342","targetHints":{"allow":["GET"]}}],"collection":[{"href":"https:\/\/skaitytaknyga.lt\/en\/wp-json\/wp\/v2\/product"}],"about":[{"href":"https:\/\/skaitytaknyga.lt\/en\/wp-json\/wp\/v2\/types\/product"}],"replies":[{"embeddable":true,"href":"https:\/\/skaitytaknyga.lt\/en\/wp-json\/wp\/v2\/comments?post=14342"}],"wp:featuredmedia":[{"embeddable":true,"href":"https:\/\/skaitytaknyga.lt\/en\/wp-json\/wp\/v2\/media\/14363"}],"wp:attachment":[{"href":"https:\/\/skaitytaknyga.lt\/en\/wp-json\/wp\/v2\/media?parent=14342"}],"wp:term":[{"taxonomy":"product_brand","embeddable":true,"href":"https:\/\/skaitytaknyga.lt\/en\/wp-json\/wp\/v2\/product_brand?post=14342"},{"taxonomy":"product_cat","embeddable":true,"href":"https:\/\/skaitytaknyga.lt\/en\/wp-json\/wp\/v2\/product_cat?post=14342"},{"taxonomy":"product_tag","embeddable":true,"href":"https:\/\/skaitytaknyga.lt\/en\/wp-json\/wp\/v2\/product_tag?post=14342"}],"curies":[{"name":"wp","href":"https:\/\/api.w.org\/{rel}","templated":true}]}}