{"id":14341,"date":"2024-10-18T13:42:57","date_gmt":"2024-10-18T10:42:57","guid":{"rendered":"https:\/\/skaitytaknyga.lt\/?post_type=product&#038;p=14341"},"modified":"2025-12-20T17:19:42","modified_gmt":"2025-12-20T15:19:42","slug":"kaip-sveikai-gyventi-150-metu","status":"publish","type":"product","link":"https:\/\/skaitytaknyga.lt\/en\/produktas\/kaip-sveikai-gyventi-150-metu\/","title":{"rendered":"Kaip sveikai gyventi 150 met\u0173"},"content":{"rendered":"<p><strong>Micha\u0142 Tombak<\/strong>\u00a0&#8211; habilituotas moksl\u0173 daktaras, baig\u0119s Maskvos universiteto Biologijos ir chemijos fakultet\u0105. Autorius teigia, kad b\u016btent \u0161ie mokslai suteik\u0117 jam ne\u012fkainojam\u0173 \u017eini\u0173 apie unikal\u0173 \u017emogaus organizm\u0105 ir jo veikimo principus. KnygojeKaip sveikai gyventi 150 met\u0173, remdamasis t\u016bkstantmete Ryt\u0173 ir Vakar\u0173 nat\u016brali\u0105ja medicina bei pasitelkdamas m\u016bs\u0173 senoli\u0173 i\u0161mint\u012f, autorius aptaria pagrindinius veiksnius, lemian\u010dius \u017emogaus (ne)sveikat\u0105. Be to, skaitytojams si\u016blo gausyb\u0119 sveiko maisto recept\u0173 bei i\u0161minting\u0173 ir prakti\u0161k\u0173 patarim\u0173.<\/p>\n<ul>\n<li>Ar \u017einote, kad labiausiai i\u0161sivys\u010diusiose \u0161alyse per pastaruosius 25-erius metus u\u017efiksuotas did\u017eiausias sergamumas v\u0117\u017ein\u0117mis, \u0161irdies ir kraujagysli\u0173 l\u0117tin\u0117mis ligomis, padvigub\u0117jo naujagimi\u0173 su \u012fgimtomis negaliomis skai\u010dius.<\/li>\n<li>Ar \u017einote, kad \u0160aolino vienuolyne pasmerktuosius mir\u010diai maitindavo tik m\u0117sa. Po 20-40 dien\u0173 jie mirdavo.<\/li>\n<li>Ir &#8211; paradoksas! Pagal Pasaulin\u0117s sveikatos organizacijos tyrimus keliasde\u0161imtyje Himalaj\u0173 auk\u0161tikalni\u0173 vienuolyn\u0173 nustatyta, kad 60% j\u0173 gyventoj\u0173, nepriklausomai nuo am\u017eiaus, yra veikl\u016bs ir tiesiog visi\u0161kai sveiki!<\/li>\n<li>Tibetie\u010di\u0173 i\u0161mintis liudija: Da\u017eniausiai \u017emon\u0117s serga d\u0117l 2 prie\u017eas\u010di\u0173: nuo apsirijimo arba nuo bado.<\/li>\n<\/ul>\n<ul class=\"about-product d-none d-xl-block mt-4\">\n<li><strong>Originalus pavadinimas:<\/strong>\u00a0Czy mo\u017cna \u017cy\u0107 150 lat<\/li>\n<li><strong>Autorius:<\/strong>\u00a0Michail Tombak<\/li>\n<li><strong>Leid\u0117jas:<\/strong>\u00a0Asveja<\/li>\n<li><strong>Metai:<\/strong>\u00a02005<\/li>\n<li><strong>Puslapiai:<\/strong>\u00a0296<\/li>\n<li class=\"toggleable type-new-formats \"><strong>ISBN:<\/strong>\u00a09789955464662<\/li>\n<li><strong>Versijos kodas:<\/strong>\u00a0PT.<\/li>\n<li class=\"toggleable type-new-formats \"><strong>Formatas:<\/strong>\u00a014,5 x 21,5 cm, mink\u0161ti vir\u0161eliai<\/li>\n<li><strong>Kalba:<\/strong>\u00a0Lietuvi\u0173<\/li>\n<li><strong>Vert\u0117jas:<\/strong>\u00a0Vaclovas Mikailionis<\/li>\n<\/ul>\n","protected":false},"excerpt":{"rendered":"<p>Micha\u0142 Tombak\u00a0&#8211; habilituotas moksl\u0173 daktaras, baig\u0119s Maskvos universiteto Biologijos ir chemijos fakultet\u0105. Autorius teigia, kad b\u016btent \u0161ie mokslai suteik\u0117 jam ne\u012fkainojam\u0173 \u017eini\u0173 apie unikal\u0173 \u017emogaus organizm\u0105 ir jo veikimo principus. KnygojeKaip sveikai gyventi 150 met\u0173, remdamasis t\u016bkstantmete Ryt\u0173 ir Vakar\u0173 nat\u016brali\u0105ja medicina bei pasitelkdamas m\u016bs\u0173 senoli\u0173 i\u0161mint\u012f, autorius aptaria pagrindinius veiksnius, lemian\u010dius \u017emogaus (ne)sveikat\u0105. Be to, skaitytojams si\u016blo gausyb\u0119 sveiko maisto recept\u0173 bei i\u0161minting\u0173 ir prakti\u0161k\u0173 patarim\u0173. Ar \u017einote, kad labiausiai i\u0161sivys\u010diusiose \u0161alyse per pastaruosius 25-erius metus u\u017efiksuotas did\u017eiausias sergamumas v\u0117\u017ein\u0117mis, \u0161irdies ir kraujagysli\u0173 l\u0117tin\u0117mis ligomis, padvigub\u0117jo naujagimi\u0173 su \u012fgimtomis negaliomis skai\u010dius. Ar \u017einote, kad \u0160aolino vienuolyne pasmerktuosius mir\u010diai maitindavo tik m\u0117sa. Po 20-40 dien\u0173 jie mirdavo. Ir &#8211; paradoksas! Pagal Pasaulin\u0117s sveikatos organizacijos tyrimus keliasde\u0161imtyje Himalaj\u0173 auk\u0161tikalni\u0173 vienuolyn\u0173 nustatyta, kad 60% j\u0173 gyventoj\u0173, nepriklausomai nuo am\u017eiaus, yra veikl\u016bs ir tiesiog visi\u0161kai sveiki! Tibetie\u010di\u0173 i\u0161mintis liudija: Da\u017eniausiai \u017emon\u0117s serga d\u0117l 2 prie\u017eas\u010di\u0173: nuo apsirijimo arba nuo bado. Originalus pavadinimas:\u00a0Czy mo\u017cna \u017cy\u0107 150 lat Autorius:\u00a0Michail Tombak Leid\u0117jas:\u00a0Asveja Metai:\u00a02005 Puslapiai:\u00a0296 ISBN:\u00a09789955464662 Versijos kodas:\u00a0PT. Formatas:\u00a014,5 x 21,5 cm, mink\u0161ti vir\u0161eliai Kalba:\u00a0Lietuvi\u0173 Vert\u0117jas:\u00a0Vaclovas Mikailionis<\/p>\n","protected":false},"featured_media":14364,"comment_status":"open","ping_status":"closed","template":"","meta":{"_acf_changed":false,"site-sidebar-layout":"default","site-content-layout":"","ast-site-content-layout":"default","site-content-style":"default","site-sidebar-style":"default","ast-global-header-display":"","ast-banner-title-visibility":"","ast-main-header-display":"","ast-hfb-above-header-display":"","ast-hfb-below-header-display":"","ast-hfb-mobile-header-display":"","site-post-title":"","ast-breadcrumbs-content":"","ast-featured-img":"","footer-sml-layout":"","ast-disable-related-posts":"","theme-transparent-header-meta":"default","adv-header-id-meta":"","stick-header-meta":"","header-above-stick-meta":"","header-main-stick-meta":"","header-below-stick-meta":"","astra-migrate-meta-layouts":"set","ast-page-background-enabled":"default","ast-page-background-meta":{"desktop":{"background-color":"","background-image":"","background-repeat":"repeat","background-position":"center center","background-size":"auto","background-attachment":"scroll","background-type":"","background-media":"","overlay-type":"","overlay-color":"","overlay-opacity":"","overlay-gradient":""},"tablet":{"background-color":"","background-image":"","background-repeat":"repeat","background-position":"center center","background-size":"auto","background-attachment":"scroll","background-type":"","background-media":"","overlay-type":"","overlay-color":"","overlay-opacity":"","overlay-gradient":""},"mobile":{"background-color":"","background-image":"","background-repeat":"repeat","background-position":"center center","background-size":"auto","background-attachment":"scroll","background-type":"","background-media":"","overlay-type":"","overlay-color":"","overlay-opacity":"","overlay-gradient":""}},"ast-content-background-meta":{"desktop":{"background-color":"var(--ast-global-color-4)","background-image":"","background-repeat":"repeat","background-position":"center center","background-size":"auto","background-attachment":"scroll","background-type":"","background-media":"","overlay-type":"","overlay-color":"","overlay-opacity":"","overlay-gradient":""},"tablet":{"background-color":"var(--ast-global-color-4)","background-image":"","background-repeat":"repeat","background-position":"center center","background-size":"auto","background-attachment":"scroll","background-type":"","background-media":"","overlay-type":"","overlay-color":"","overlay-opacity":"","overlay-gradient":""},"mobile":{"background-color":"var(--ast-global-color-4)","background-image":"","background-repeat":"repeat","background-position":"center center","background-size":"auto","background-attachment":"scroll","background-type":"","background-media":"","overlay-type":"","overlay-color":"","overlay-opacity":"","overlay-gradient":""}}},"product_brand":[],"product_cat":[15,55],"product_tag":[5598,4597,5806,5804,5776,5777,1883,5779,2001,5778,1680,5780],"class_list":{"0":"post-14341","1":"product","2":"type-product","3":"status-publish","4":"has-post-thumbnail","6":"product_cat-uncategorized","7":"product_cat-sveikata-ir-sveika-mityba","8":"product_tag-biologija","9":"product_tag-chemija","10":"product_tag-habilituotas-mokslu-daktaras","11":"product_tag-maskvos-universitetas","12":"product_tag-michail-tombak","13":"product_tag-naturali-medicina","14":"product_tag-receptai","15":"product_tag-rytu-medicina","16":"product_tag-sveika-gyvensena","17":"product_tag-sveikas-maistas","18":"product_tag-sveikata","19":"product_tag-vakaru-medicina","20":"desktop-align-left","21":"tablet-align-left","22":"mobile-align-left","24":"first","25":"instock","26":"shipping-taxable","27":"purchasable","28":"product-type-simple"},"acf":[],"yoast_head":"<!-- This site is optimized with the Yoast SEO plugin v27.0 - https:\/\/yoast.com\/product\/yoast-seo-wordpress\/ -->\n<title>Kaip sveikai gyventi 150 met\u0173<\/title>\n<meta name=\"description\" content=\"Micha\u0142 Tombak\u00a0- habilituotas moksl\u0173 daktaras, baig\u0119s Maskvos universiteto Biologijos ir chemijos fakultet\u0105. Autorius teigia, kad b\u016btent \u0161ie mokslai\" \/>\n<meta name=\"robots\" content=\"index, follow, max-snippet:-1, max-image-preview:large, max-video-preview:-1\" \/>\n<link rel=\"canonical\" href=\"https:\/\/skaitytaknyga.lt\/en\/produktas\/kaip-sveikai-gyventi-150-metu\/\" \/>\n<meta property=\"og:locale\" content=\"en_GB\" \/>\n<meta property=\"og:locale:alternate\" content=\"lt_LT\" \/>\n<meta property=\"og:type\" content=\"article\" \/>\n<meta property=\"og:title\" content=\"Kaip sveikai gyventi 150 met\u0173\" \/>\n<meta property=\"og:description\" content=\"Micha\u0142 Tombak\u00a0- habilituotas moksl\u0173 daktaras, baig\u0119s Maskvos universiteto Biologijos ir chemijos fakultet\u0105. Autorius teigia, kad b\u016btent \u0161ie mokslai\" \/>\n<meta property=\"og:url\" content=\"https:\/\/skaitytaknyga.lt\/en\/produktas\/kaip-sveikai-gyventi-150-metu\/\" \/>\n<meta property=\"og:site_name\" content=\"Skaitytaknyga\" \/>\n<meta property=\"article:publisher\" content=\"https:\/\/www.facebook.com\/skaitytaknyga\/\" \/>\n<meta property=\"article:modified_time\" content=\"2025-12-20T15:19:42+00:00\" \/>\n<meta property=\"og:image\" content=\"https:\/\/skaitytaknyga.lt\/wp-content\/uploads\/2024\/10\/Kaip-sveikai-gyventi-150-metu.webp\" \/>\n\t<meta property=\"og:image:width\" content=\"286\" \/>\n\t<meta property=\"og:image:height\" content=\"450\" \/>\n\t<meta property=\"og:image:type\" content=\"image\/webp\" \/>\n<meta name=\"twitter:card\" content=\"summary_large_image\" \/>\n<meta name=\"twitter:label1\" content=\"Estimated reading time\" \/>\n\t<meta name=\"twitter:data1\" content=\"1 minute\" \/>\n<script type=\"application\/ld+json\" class=\"yoast-schema-graph\">{\"@context\":\"https:\/\/schema.org\",\"@graph\":[{\"@type\":\"WebPage\",\"@id\":\"https:\/\/skaitytaknyga.lt\/produktas\/kaip-sveikai-gyventi-150-metu\/\",\"url\":\"https:\/\/skaitytaknyga.lt\/produktas\/kaip-sveikai-gyventi-150-metu\/\",\"name\":\"Kaip sveikai gyventi 150 met\u0173\",\"isPartOf\":{\"@id\":\"https:\/\/skaitytaknyga.lt\/#website\"},\"primaryImageOfPage\":{\"@id\":\"https:\/\/skaitytaknyga.lt\/produktas\/kaip-sveikai-gyventi-150-metu\/#primaryimage\"},\"image\":{\"@id\":\"https:\/\/skaitytaknyga.lt\/produktas\/kaip-sveikai-gyventi-150-metu\/#primaryimage\"},\"thumbnailUrl\":\"https:\/\/skaitytaknyga.lt\/wp-content\/uploads\/2024\/10\/Kaip-sveikai-gyventi-150-metu.webp\",\"datePublished\":\"2024-10-18T10:42:57+00:00\",\"dateModified\":\"2025-12-20T15:19:42+00:00\",\"description\":\"Micha\u0142 Tombak\u00a0- habilituotas moksl\u0173 daktaras, baig\u0119s Maskvos universiteto Biologijos ir chemijos fakultet\u0105. Autorius teigia, kad b\u016btent \u0161ie mokslai\",\"breadcrumb\":{\"@id\":\"https:\/\/skaitytaknyga.lt\/produktas\/kaip-sveikai-gyventi-150-metu\/#breadcrumb\"},\"inLanguage\":\"en-GB\",\"potentialAction\":[{\"@type\":\"ReadAction\",\"target\":[\"https:\/\/skaitytaknyga.lt\/produktas\/kaip-sveikai-gyventi-150-metu\/\"]}]},{\"@type\":\"ImageObject\",\"inLanguage\":\"en-GB\",\"@id\":\"https:\/\/skaitytaknyga.lt\/produktas\/kaip-sveikai-gyventi-150-metu\/#primaryimage\",\"url\":\"https:\/\/skaitytaknyga.lt\/wp-content\/uploads\/2024\/10\/Kaip-sveikai-gyventi-150-metu.webp\",\"contentUrl\":\"https:\/\/skaitytaknyga.lt\/wp-content\/uploads\/2024\/10\/Kaip-sveikai-gyventi-150-metu.webp\",\"width\":286,\"height\":450,\"caption\":\"Kaip sveikai gyventi 150 met\u0173\"},{\"@type\":\"BreadcrumbList\",\"@id\":\"https:\/\/skaitytaknyga.lt\/produktas\/kaip-sveikai-gyventi-150-metu\/#breadcrumb\",\"itemListElement\":[{\"@type\":\"ListItem\",\"position\":1,\"name\":\"Home\",\"item\":\"https:\/\/skaitytaknyga.lt\/\"},{\"@type\":\"ListItem\",\"position\":2,\"name\":\"Parduotuv\u0117\",\"item\":\"https:\/\/skaitytaknyga.lt\/knygu-parduotuve\/\"},{\"@type\":\"ListItem\",\"position\":3,\"name\":\"Kaip sveikai gyventi 150 met\u0173\"}]},{\"@type\":\"WebSite\",\"@id\":\"https:\/\/skaitytaknyga.lt\/#website\",\"url\":\"https:\/\/skaitytaknyga.lt\/\",\"name\":\"skaitytaknyga.lt\",\"description\":\"Skaitytaknyga.lt \u2013 tai ma\u017eas \u0161eimos verslas, kuris prasid\u0117jo nuo meil\u0117s knygoms ir siekio i\u0161gelb\u0117ti knygas nuo likimo prie konteinerio. Kas vienam nereikalingas daiktas \u2013 kitam lobis, o mes esame tarpininkai, kurie padeda abiems tapti laimingesniems ???? \u017dinome kaip nelengva i\u0161gyventi ma\u017eiems verslams, tad nuo \u0161iol, \u010dia rasite ir kit\u0173, ma\u017e\u0173 \u0161eim\u0173 versl\u0173, rank\u0173 darbo, dovan\u0173 sau ir artimiesiems.\",\"publisher\":{\"@id\":\"https:\/\/skaitytaknyga.lt\/#organization\"},\"potentialAction\":[{\"@type\":\"SearchAction\",\"target\":{\"@type\":\"EntryPoint\",\"urlTemplate\":\"https:\/\/skaitytaknyga.lt\/?s={search_term_string}\"},\"query-input\":{\"@type\":\"PropertyValueSpecification\",\"valueRequired\":true,\"valueName\":\"search_term_string\"}}],\"inLanguage\":\"en-GB\"},{\"@type\":\"Organization\",\"@id\":\"https:\/\/skaitytaknyga.lt\/#organization\",\"name\":\"skaitytaknyga.lt\",\"url\":\"https:\/\/skaitytaknyga.lt\/\",\"logo\":{\"@type\":\"ImageObject\",\"inLanguage\":\"en-GB\",\"@id\":\"https:\/\/skaitytaknyga.lt\/#\/schema\/logo\/image\/\",\"url\":\"https:\/\/skaitytaknyga.lt\/wp-content\/uploads\/2024\/05\/cropped-cropped-cropped-02_00843_jt3bggkj1j3HLc7SyY6rEUpg.jpeg\",\"contentUrl\":\"https:\/\/skaitytaknyga.lt\/wp-content\/uploads\/2024\/05\/cropped-cropped-cropped-02_00843_jt3bggkj1j3HLc7SyY6rEUpg.jpeg\",\"width\":1600,\"height\":1600,\"caption\":\"skaitytaknyga.lt\"},\"image\":{\"@id\":\"https:\/\/skaitytaknyga.lt\/#\/schema\/logo\/image\/\"},\"sameAs\":[\"https:\/\/www.facebook.com\/skaitytaknyga\/\"]}]}<\/script>\n<!-- \/ Yoast SEO plugin. -->","yoast_head_json":{"title":"Kaip sveikai gyventi 150 met\u0173","description":"Micha\u0142 Tombak\u00a0- habilituotas moksl\u0173 daktaras, baig\u0119s Maskvos universiteto Biologijos ir chemijos fakultet\u0105. Autorius teigia, kad b\u016btent \u0161ie mokslai","robots":{"index":"index","follow":"follow","max-snippet":"max-snippet:-1","max-image-preview":"max-image-preview:large","max-video-preview":"max-video-preview:-1"},"canonical":"https:\/\/skaitytaknyga.lt\/en\/produktas\/kaip-sveikai-gyventi-150-metu\/","og_locale":"en_GB","og_type":"article","og_title":"[:lt]Kaip sveikai gyventi 150 met\u0173[:] - Skaitytaknyga","og_description":"Micha\u0142 Tombak\u00a0- habilituotas moksl\u0173 daktaras, baig\u0119s Maskvos universiteto Biologijos ir chemijos fakultet\u0105. Autorius teigia, kad b\u016btent \u0161ie mokslai","og_url":"https:\/\/skaitytaknyga.lt\/en\/produktas\/kaip-sveikai-gyventi-150-metu\/","og_site_name":"Skaitytaknyga","article_publisher":"https:\/\/www.facebook.com\/skaitytaknyga\/","article_modified_time":"2025-12-20T15:19:42+00:00","og_image":[{"width":286,"height":450,"url":"https:\/\/skaitytaknyga.lt\/wp-content\/uploads\/2024\/10\/Kaip-sveikai-gyventi-150-metu.webp","type":"image\/webp"}],"twitter_card":"summary_large_image","twitter_misc":{"Estimated reading time":"1 minute"},"schema":{"@context":"https:\/\/schema.org","@graph":[{"@type":"WebPage","@id":"https:\/\/skaitytaknyga.lt\/produktas\/kaip-sveikai-gyventi-150-metu\/","url":"https:\/\/skaitytaknyga.lt\/produktas\/kaip-sveikai-gyventi-150-metu\/","name":"Kaip sveikai gyventi 150 met\u0173","isPartOf":{"@id":"https:\/\/skaitytaknyga.lt\/#website"},"primaryImageOfPage":{"@id":"https:\/\/skaitytaknyga.lt\/produktas\/kaip-sveikai-gyventi-150-metu\/#primaryimage"},"image":{"@id":"https:\/\/skaitytaknyga.lt\/produktas\/kaip-sveikai-gyventi-150-metu\/#primaryimage"},"thumbnailUrl":"https:\/\/skaitytaknyga.lt\/wp-content\/uploads\/2024\/10\/Kaip-sveikai-gyventi-150-metu.webp","datePublished":"2024-10-18T10:42:57+00:00","dateModified":"2025-12-20T15:19:42+00:00","description":"Micha\u0142 Tombak\u00a0- habilituotas moksl\u0173 daktaras, baig\u0119s Maskvos universiteto Biologijos ir chemijos fakultet\u0105. Autorius teigia, kad b\u016btent \u0161ie mokslai","breadcrumb":{"@id":"https:\/\/skaitytaknyga.lt\/produktas\/kaip-sveikai-gyventi-150-metu\/#breadcrumb"},"inLanguage":"en-GB","potentialAction":[{"@type":"ReadAction","target":["https:\/\/skaitytaknyga.lt\/produktas\/kaip-sveikai-gyventi-150-metu\/"]}]},{"@type":"ImageObject","inLanguage":"en-GB","@id":"https:\/\/skaitytaknyga.lt\/produktas\/kaip-sveikai-gyventi-150-metu\/#primaryimage","url":"https:\/\/skaitytaknyga.lt\/wp-content\/uploads\/2024\/10\/Kaip-sveikai-gyventi-150-metu.webp","contentUrl":"https:\/\/skaitytaknyga.lt\/wp-content\/uploads\/2024\/10\/Kaip-sveikai-gyventi-150-metu.webp","width":286,"height":450,"caption":"Kaip sveikai gyventi 150 met\u0173"},{"@type":"BreadcrumbList","@id":"https:\/\/skaitytaknyga.lt\/produktas\/kaip-sveikai-gyventi-150-metu\/#breadcrumb","itemListElement":[{"@type":"ListItem","position":1,"name":"Home","item":"https:\/\/skaitytaknyga.lt\/"},{"@type":"ListItem","position":2,"name":"Parduotuv\u0117","item":"https:\/\/skaitytaknyga.lt\/knygu-parduotuve\/"},{"@type":"ListItem","position":3,"name":"Kaip sveikai gyventi 150 met\u0173"}]},{"@type":"WebSite","@id":"https:\/\/skaitytaknyga.lt\/#website","url":"https:\/\/skaitytaknyga.lt\/","name":"skaitytaknyga.lt","description":"Skaitytaknyga.lt \u2013 tai ma\u017eas \u0161eimos verslas, kuris prasid\u0117jo nuo meil\u0117s knygoms ir siekio i\u0161gelb\u0117ti knygas nuo likimo prie konteinerio. Kas vienam nereikalingas daiktas \u2013 kitam lobis, o mes esame tarpininkai, kurie padeda abiems tapti laimingesniems ???? \u017dinome kaip nelengva i\u0161gyventi ma\u017eiems verslams, tad nuo \u0161iol, \u010dia rasite ir kit\u0173, ma\u017e\u0173 \u0161eim\u0173 versl\u0173, rank\u0173 darbo, dovan\u0173 sau ir artimiesiems.","publisher":{"@id":"https:\/\/skaitytaknyga.lt\/#organization"},"potentialAction":[{"@type":"SearchAction","target":{"@type":"EntryPoint","urlTemplate":"https:\/\/skaitytaknyga.lt\/?s={search_term_string}"},"query-input":{"@type":"PropertyValueSpecification","valueRequired":true,"valueName":"search_term_string"}}],"inLanguage":"en-GB"},{"@type":"Organization","@id":"https:\/\/skaitytaknyga.lt\/#organization","name":"skaitytaknyga.lt","url":"https:\/\/skaitytaknyga.lt\/","logo":{"@type":"ImageObject","inLanguage":"en-GB","@id":"https:\/\/skaitytaknyga.lt\/#\/schema\/logo\/image\/","url":"https:\/\/skaitytaknyga.lt\/wp-content\/uploads\/2024\/05\/cropped-cropped-cropped-02_00843_jt3bggkj1j3HLc7SyY6rEUpg.jpeg","contentUrl":"https:\/\/skaitytaknyga.lt\/wp-content\/uploads\/2024\/05\/cropped-cropped-cropped-02_00843_jt3bggkj1j3HLc7SyY6rEUpg.jpeg","width":1600,"height":1600,"caption":"skaitytaknyga.lt"},"image":{"@id":"https:\/\/skaitytaknyga.lt\/#\/schema\/logo\/image\/"},"sameAs":["https:\/\/www.facebook.com\/skaitytaknyga\/"]}]}},"_links":{"self":[{"href":"https:\/\/skaitytaknyga.lt\/en\/wp-json\/wp\/v2\/product\/14341","targetHints":{"allow":["GET"]}}],"collection":[{"href":"https:\/\/skaitytaknyga.lt\/en\/wp-json\/wp\/v2\/product"}],"about":[{"href":"https:\/\/skaitytaknyga.lt\/en\/wp-json\/wp\/v2\/types\/product"}],"replies":[{"embeddable":true,"href":"https:\/\/skaitytaknyga.lt\/en\/wp-json\/wp\/v2\/comments?post=14341"}],"wp:featuredmedia":[{"embeddable":true,"href":"https:\/\/skaitytaknyga.lt\/en\/wp-json\/wp\/v2\/media\/14364"}],"wp:attachment":[{"href":"https:\/\/skaitytaknyga.lt\/en\/wp-json\/wp\/v2\/media?parent=14341"}],"wp:term":[{"taxonomy":"product_brand","embeddable":true,"href":"https:\/\/skaitytaknyga.lt\/en\/wp-json\/wp\/v2\/product_brand?post=14341"},{"taxonomy":"product_cat","embeddable":true,"href":"https:\/\/skaitytaknyga.lt\/en\/wp-json\/wp\/v2\/product_cat?post=14341"},{"taxonomy":"product_tag","embeddable":true,"href":"https:\/\/skaitytaknyga.lt\/en\/wp-json\/wp\/v2\/product_tag?post=14341"}],"curies":[{"name":"wp","href":"https:\/\/api.w.org\/{rel}","templated":true}]}}