{"id":14339,"date":"2024-10-18T13:42:57","date_gmt":"2024-10-18T10:42:57","guid":{"rendered":"https:\/\/skaitytaknyga.lt\/?post_type=product&#038;p=14339"},"modified":"2025-06-26T15:36:50","modified_gmt":"2025-06-26T12:36:50","slug":"kaip-ilgai-ir-sveikai-gyventi","status":"publish","type":"product","link":"https:\/\/skaitytaknyga.lt\/en\/produktas\/kaip-ilgai-ir-sveikai-gyventi\/","title":{"rendered":"Kaip ilgai ir sveikai gyventi"},"content":{"rendered":"<p>Tais atvejais, kai nepadeda tradicin\u0117 medicina, reikia nepamir\u0161ti, kad yra ir nat\u016braliojo gydymo metod\u0173, kurie gali b\u016bti labai veiksmingi.<\/p>\n<p>Knygoje\u00a0<strong>\u201eKaip ilgai ir sveikai gyventi\u201c<\/strong>\u00a0pateikiama ne\u012fprast\u0173, dar niekur neskelbt\u0173 recept\u0173, ne tik leid\u017eian\u010di\u0173 i\u0161laikyti puiki\u0105 sveikat\u0105, bet ir suteikian\u010di\u0173 prog\u0105 atsikratyti daugelio negalavim\u0173.<\/p>\n<p>Habilituotas daktaras<strong>\u00a0Michalas Tombakas<\/strong>\u00a0yra baig\u0119s Maskvos universiteto Biologijos ir chemijos fakultet\u0105, JAV ir Rusijos hipnoz\u0117s ir bioenergoterapijos mokyklos absolventas. Para\u0161\u0117 kelet\u0105 knyg\u0173 apie sveikat\u0105 ir gydym\u0105. Priklauso nat\u016brali\u0173j\u0173 gydymo metod\u0173 pasaulio specialist\u0173 elitui.<\/p>\n<ul class=\"about-product d-none d-xl-block mt-4\">\n<li><strong>Originalus pavadinimas:<\/strong>\u00a0Jak \u017cy\u0107 d\u0142ugo i zdrowo<\/li>\n<li><strong>Autorius:<\/strong>\u00a0Michalas Tombakas<\/li>\n<li><strong>Leid\u0117jas:<\/strong>\u00a0Asveja<\/li>\n<li><strong>Metai:<\/strong>\u00a02011<\/li>\n<li><strong>Puslapiai:<\/strong>\u00a0192<\/li>\n<li class=\"toggleable type-new-formats \"><strong>ISBN:<\/strong>\u00a09789955464259<\/li>\n<li class=\"toggleable type-new-formats \"><strong>Formatas:<\/strong>\u00a012,6 x 20 cm, mink\u0161ti vir\u0161eliai<\/li>\n<li><strong>Kalba:<\/strong>\u00a0Lietuvi\u0173<\/li>\n<li><strong>Vert\u0117jas:<\/strong>\u00a0Vilmantas Vilkon\u010dius<\/li>\n<\/ul>\n","protected":false},"excerpt":{"rendered":"<p>Tais atvejais, kai nepadeda tradicin\u0117 medicina, reikia nepamir\u0161ti, kad yra ir nat\u016braliojo gydymo metod\u0173, kurie gali b\u016bti labai veiksmingi. Knygoje\u00a0\u201eKaip ilgai ir sveikai gyventi\u201c\u00a0pateikiama ne\u012fprast\u0173, dar niekur neskelbt\u0173 recept\u0173, ne tik leid\u017eian\u010di\u0173 i\u0161laikyti puiki\u0105 sveikat\u0105, bet ir suteikian\u010di\u0173 prog\u0105 atsikratyti daugelio negalavim\u0173. Habilituotas daktaras\u00a0Michalas Tombakas\u00a0yra baig\u0119s Maskvos universiteto Biologijos ir chemijos fakultet\u0105, JAV ir Rusijos hipnoz\u0117s ir bioenergoterapijos mokyklos absolventas. Para\u0161\u0117 kelet\u0105 knyg\u0173 apie sveikat\u0105 ir gydym\u0105. Priklauso nat\u016brali\u0173j\u0173 gydymo metod\u0173 pasaulio specialist\u0173 elitui. Originalus pavadinimas:\u00a0Jak \u017cy\u0107 d\u0142ugo i zdrowo Autorius:\u00a0Michalas Tombakas Leid\u0117jas:\u00a0Asveja Metai:\u00a02011 Puslapiai:\u00a0192 ISBN:\u00a09789955464259 Formatas:\u00a012,6 x 20 cm, mink\u0161ti vir\u0161eliai Kalba:\u00a0Lietuvi\u0173 Vert\u0117jas:\u00a0Vilmantas Vilkon\u010dius<\/p>\n","protected":false},"featured_media":14366,"comment_status":"open","ping_status":"closed","template":"","meta":{"_acf_changed":false,"site-sidebar-layout":"default","site-content-layout":"","ast-site-content-layout":"default","site-content-style":"default","site-sidebar-style":"default","ast-global-header-display":"","ast-banner-title-visibility":"","ast-main-header-display":"","ast-hfb-above-header-display":"","ast-hfb-below-header-display":"","ast-hfb-mobile-header-display":"","site-post-title":"","ast-breadcrumbs-content":"","ast-featured-img":"","footer-sml-layout":"","ast-disable-related-posts":"","theme-transparent-header-meta":"default","adv-header-id-meta":"","stick-header-meta":"","header-above-stick-meta":"","header-main-stick-meta":"","header-below-stick-meta":"","astra-migrate-meta-layouts":"set","ast-page-background-enabled":"default","ast-page-background-meta":{"desktop":{"background-color":"","background-image":"","background-repeat":"repeat","background-position":"center center","background-size":"auto","background-attachment":"scroll","background-type":"","background-media":"","overlay-type":"","overlay-color":"","overlay-opacity":"","overlay-gradient":""},"tablet":{"background-color":"","background-image":"","background-repeat":"repeat","background-position":"center center","background-size":"auto","background-attachment":"scroll","background-type":"","background-media":"","overlay-type":"","overlay-color":"","overlay-opacity":"","overlay-gradient":""},"mobile":{"background-color":"","background-image":"","background-repeat":"repeat","background-position":"center center","background-size":"auto","background-attachment":"scroll","background-type":"","background-media":"","overlay-type":"","overlay-color":"","overlay-opacity":"","overlay-gradient":""}},"ast-content-background-meta":{"desktop":{"background-color":"var(--ast-global-color-4)","background-image":"","background-repeat":"repeat","background-position":"center center","background-size":"auto","background-attachment":"scroll","background-type":"","background-media":"","overlay-type":"","overlay-color":"","overlay-opacity":"","overlay-gradient":""},"tablet":{"background-color":"var(--ast-global-color-4)","background-image":"","background-repeat":"repeat","background-position":"center center","background-size":"auto","background-attachment":"scroll","background-type":"","background-media":"","overlay-type":"","overlay-color":"","overlay-opacity":"","overlay-gradient":""},"mobile":{"background-color":"var(--ast-global-color-4)","background-image":"","background-repeat":"repeat","background-position":"center center","background-size":"auto","background-attachment":"scroll","background-type":"","background-media":"","overlay-type":"","overlay-color":"","overlay-opacity":"","overlay-gradient":""}}},"product_brand":[],"product_cat":[15,55],"product_tag":[5805,5598,4597,4636,5804,5803,1682,1883,1680],"class_list":{"0":"post-14339","1":"product","2":"type-product","3":"status-publish","4":"has-post-thumbnail","6":"product_cat-uncategorized","7":"product_cat-sveikata-ir-sveika-mityba","8":"product_tag-bioenergoterapija","9":"product_tag-biologija","10":"product_tag-chemija","11":"product_tag-hipnoze","12":"product_tag-maskvos-universitetas","13":"product_tag-michalas-tombakas","14":"product_tag-naturalus-gydymas","15":"product_tag-receptai","16":"product_tag-sveikata","17":"desktop-align-left","18":"tablet-align-left","19":"mobile-align-left","21":"first","22":"instock","23":"shipping-taxable","24":"purchasable","25":"product-type-simple"},"acf":[],"yoast_head":"<!-- This site is optimized with the Yoast SEO plugin v27.0 - https:\/\/yoast.com\/product\/yoast-seo-wordpress\/ -->\n<title>Kaip ilgai ir sveikai gyventi<\/title>\n<meta name=\"description\" content=\"Tais atvejais, kai nepadeda tradicin\u0117 medicina, reikia nepamir\u0161ti, kad yra ir nat\u016braliojo gydymo metod\u0173, kurie gali b\u016bti labai veiksmingi. Knygoje\u00a0\u201eKaip\" \/>\n<meta name=\"robots\" content=\"index, follow, max-snippet:-1, max-image-preview:large, max-video-preview:-1\" \/>\n<link rel=\"canonical\" href=\"https:\/\/skaitytaknyga.lt\/en\/produktas\/kaip-ilgai-ir-sveikai-gyventi\/\" \/>\n<meta property=\"og:locale\" content=\"en_GB\" \/>\n<meta property=\"og:locale:alternate\" content=\"lt_LT\" \/>\n<meta property=\"og:type\" content=\"article\" \/>\n<meta property=\"og:title\" content=\"Kaip ilgai ir sveikai gyventi\" \/>\n<meta property=\"og:description\" content=\"Tais atvejais, kai nepadeda tradicin\u0117 medicina, reikia nepamir\u0161ti, kad yra ir nat\u016braliojo gydymo metod\u0173, kurie gali b\u016bti labai veiksmingi. Knygoje\u00a0\u201eKaip\" \/>\n<meta property=\"og:url\" content=\"https:\/\/skaitytaknyga.lt\/en\/produktas\/kaip-ilgai-ir-sveikai-gyventi\/\" \/>\n<meta property=\"og:site_name\" content=\"Skaitytaknyga\" \/>\n<meta property=\"article:publisher\" content=\"https:\/\/www.facebook.com\/skaitytaknyga\/\" \/>\n<meta property=\"article:modified_time\" content=\"2025-06-26T12:36:50+00:00\" \/>\n<meta property=\"og:image\" content=\"https:\/\/skaitytaknyga.lt\/wp-content\/uploads\/2024\/10\/Kaip-ilgai-ir-sveikai-gyventi.webp\" \/>\n\t<meta property=\"og:image:width\" content=\"505\" \/>\n\t<meta property=\"og:image:height\" content=\"799\" \/>\n\t<meta property=\"og:image:type\" content=\"image\/webp\" \/>\n<meta name=\"twitter:card\" content=\"summary_large_image\" \/>\n<meta name=\"twitter:label1\" content=\"Estimated reading time\" \/>\n\t<meta name=\"twitter:data1\" content=\"1 minute\" \/>\n<script type=\"application\/ld+json\" class=\"yoast-schema-graph\">{\"@context\":\"https:\/\/schema.org\",\"@graph\":[{\"@type\":\"WebPage\",\"@id\":\"https:\/\/skaitytaknyga.lt\/produktas\/kaip-ilgai-ir-sveikai-gyventi\/\",\"url\":\"https:\/\/skaitytaknyga.lt\/produktas\/kaip-ilgai-ir-sveikai-gyventi\/\",\"name\":\"Kaip ilgai ir sveikai gyventi\",\"isPartOf\":{\"@id\":\"https:\/\/skaitytaknyga.lt\/#website\"},\"primaryImageOfPage\":{\"@id\":\"https:\/\/skaitytaknyga.lt\/produktas\/kaip-ilgai-ir-sveikai-gyventi\/#primaryimage\"},\"image\":{\"@id\":\"https:\/\/skaitytaknyga.lt\/produktas\/kaip-ilgai-ir-sveikai-gyventi\/#primaryimage\"},\"thumbnailUrl\":\"https:\/\/skaitytaknyga.lt\/wp-content\/uploads\/2024\/10\/Kaip-ilgai-ir-sveikai-gyventi.webp\",\"datePublished\":\"2024-10-18T10:42:57+00:00\",\"dateModified\":\"2025-06-26T12:36:50+00:00\",\"description\":\"Tais atvejais, kai nepadeda tradicin\u0117 medicina, reikia nepamir\u0161ti, kad yra ir nat\u016braliojo gydymo metod\u0173, kurie gali b\u016bti labai veiksmingi. Knygoje\u00a0\u201eKaip\",\"breadcrumb\":{\"@id\":\"https:\/\/skaitytaknyga.lt\/produktas\/kaip-ilgai-ir-sveikai-gyventi\/#breadcrumb\"},\"inLanguage\":\"en-GB\",\"potentialAction\":[{\"@type\":\"ReadAction\",\"target\":[\"https:\/\/skaitytaknyga.lt\/produktas\/kaip-ilgai-ir-sveikai-gyventi\/\"]}]},{\"@type\":\"ImageObject\",\"inLanguage\":\"en-GB\",\"@id\":\"https:\/\/skaitytaknyga.lt\/produktas\/kaip-ilgai-ir-sveikai-gyventi\/#primaryimage\",\"url\":\"https:\/\/skaitytaknyga.lt\/wp-content\/uploads\/2024\/10\/Kaip-ilgai-ir-sveikai-gyventi.webp\",\"contentUrl\":\"https:\/\/skaitytaknyga.lt\/wp-content\/uploads\/2024\/10\/Kaip-ilgai-ir-sveikai-gyventi.webp\",\"width\":505,\"height\":799,\"caption\":\"Kaip ilgai ir sveikai gyventi\"},{\"@type\":\"BreadcrumbList\",\"@id\":\"https:\/\/skaitytaknyga.lt\/produktas\/kaip-ilgai-ir-sveikai-gyventi\/#breadcrumb\",\"itemListElement\":[{\"@type\":\"ListItem\",\"position\":1,\"name\":\"Home\",\"item\":\"https:\/\/skaitytaknyga.lt\/\"},{\"@type\":\"ListItem\",\"position\":2,\"name\":\"Parduotuv\u0117\",\"item\":\"https:\/\/skaitytaknyga.lt\/knygu-parduotuve\/\"},{\"@type\":\"ListItem\",\"position\":3,\"name\":\"Kaip ilgai ir sveikai gyventi\"}]},{\"@type\":\"WebSite\",\"@id\":\"https:\/\/skaitytaknyga.lt\/#website\",\"url\":\"https:\/\/skaitytaknyga.lt\/\",\"name\":\"skaitytaknyga.lt\",\"description\":\"Skaitytaknyga.lt \u2013 tai ma\u017eas \u0161eimos verslas, kuris prasid\u0117jo nuo meil\u0117s knygoms ir siekio i\u0161gelb\u0117ti knygas nuo likimo prie konteinerio. Kas vienam nereikalingas daiktas \u2013 kitam lobis, o mes esame tarpininkai, kurie padeda abiems tapti laimingesniems ???? \u017dinome kaip nelengva i\u0161gyventi ma\u017eiems verslams, tad nuo \u0161iol, \u010dia rasite ir kit\u0173, ma\u017e\u0173 \u0161eim\u0173 versl\u0173, rank\u0173 darbo, dovan\u0173 sau ir artimiesiems.\",\"publisher\":{\"@id\":\"https:\/\/skaitytaknyga.lt\/#organization\"},\"potentialAction\":[{\"@type\":\"SearchAction\",\"target\":{\"@type\":\"EntryPoint\",\"urlTemplate\":\"https:\/\/skaitytaknyga.lt\/?s={search_term_string}\"},\"query-input\":{\"@type\":\"PropertyValueSpecification\",\"valueRequired\":true,\"valueName\":\"search_term_string\"}}],\"inLanguage\":\"en-GB\"},{\"@type\":\"Organization\",\"@id\":\"https:\/\/skaitytaknyga.lt\/#organization\",\"name\":\"skaitytaknyga.lt\",\"url\":\"https:\/\/skaitytaknyga.lt\/\",\"logo\":{\"@type\":\"ImageObject\",\"inLanguage\":\"en-GB\",\"@id\":\"https:\/\/skaitytaknyga.lt\/#\/schema\/logo\/image\/\",\"url\":\"https:\/\/skaitytaknyga.lt\/wp-content\/uploads\/2024\/05\/cropped-cropped-cropped-02_00843_jt3bggkj1j3HLc7SyY6rEUpg.jpeg\",\"contentUrl\":\"https:\/\/skaitytaknyga.lt\/wp-content\/uploads\/2024\/05\/cropped-cropped-cropped-02_00843_jt3bggkj1j3HLc7SyY6rEUpg.jpeg\",\"width\":1600,\"height\":1600,\"caption\":\"skaitytaknyga.lt\"},\"image\":{\"@id\":\"https:\/\/skaitytaknyga.lt\/#\/schema\/logo\/image\/\"},\"sameAs\":[\"https:\/\/www.facebook.com\/skaitytaknyga\/\"]}]}<\/script>\n<!-- \/ Yoast SEO plugin. -->","yoast_head_json":{"title":"Kaip ilgai ir sveikai gyventi","description":"Tais atvejais, kai nepadeda tradicin\u0117 medicina, reikia nepamir\u0161ti, kad yra ir nat\u016braliojo gydymo metod\u0173, kurie gali b\u016bti labai veiksmingi. Knygoje\u00a0\u201eKaip","robots":{"index":"index","follow":"follow","max-snippet":"max-snippet:-1","max-image-preview":"max-image-preview:large","max-video-preview":"max-video-preview:-1"},"canonical":"https:\/\/skaitytaknyga.lt\/en\/produktas\/kaip-ilgai-ir-sveikai-gyventi\/","og_locale":"en_GB","og_type":"article","og_title":"[:lt]Kaip ilgai ir sveikai gyventi[:] - Skaitytaknyga","og_description":"Tais atvejais, kai nepadeda tradicin\u0117 medicina, reikia nepamir\u0161ti, kad yra ir nat\u016braliojo gydymo metod\u0173, kurie gali b\u016bti labai veiksmingi. Knygoje\u00a0\u201eKaip","og_url":"https:\/\/skaitytaknyga.lt\/en\/produktas\/kaip-ilgai-ir-sveikai-gyventi\/","og_site_name":"Skaitytaknyga","article_publisher":"https:\/\/www.facebook.com\/skaitytaknyga\/","article_modified_time":"2025-06-26T12:36:50+00:00","og_image":[{"width":505,"height":799,"url":"https:\/\/skaitytaknyga.lt\/wp-content\/uploads\/2024\/10\/Kaip-ilgai-ir-sveikai-gyventi.webp","type":"image\/webp"}],"twitter_card":"summary_large_image","twitter_misc":{"Estimated reading time":"1 minute"},"schema":{"@context":"https:\/\/schema.org","@graph":[{"@type":"WebPage","@id":"https:\/\/skaitytaknyga.lt\/produktas\/kaip-ilgai-ir-sveikai-gyventi\/","url":"https:\/\/skaitytaknyga.lt\/produktas\/kaip-ilgai-ir-sveikai-gyventi\/","name":"Kaip ilgai ir sveikai gyventi","isPartOf":{"@id":"https:\/\/skaitytaknyga.lt\/#website"},"primaryImageOfPage":{"@id":"https:\/\/skaitytaknyga.lt\/produktas\/kaip-ilgai-ir-sveikai-gyventi\/#primaryimage"},"image":{"@id":"https:\/\/skaitytaknyga.lt\/produktas\/kaip-ilgai-ir-sveikai-gyventi\/#primaryimage"},"thumbnailUrl":"https:\/\/skaitytaknyga.lt\/wp-content\/uploads\/2024\/10\/Kaip-ilgai-ir-sveikai-gyventi.webp","datePublished":"2024-10-18T10:42:57+00:00","dateModified":"2025-06-26T12:36:50+00:00","description":"Tais atvejais, kai nepadeda tradicin\u0117 medicina, reikia nepamir\u0161ti, kad yra ir nat\u016braliojo gydymo metod\u0173, kurie gali b\u016bti labai veiksmingi. Knygoje\u00a0\u201eKaip","breadcrumb":{"@id":"https:\/\/skaitytaknyga.lt\/produktas\/kaip-ilgai-ir-sveikai-gyventi\/#breadcrumb"},"inLanguage":"en-GB","potentialAction":[{"@type":"ReadAction","target":["https:\/\/skaitytaknyga.lt\/produktas\/kaip-ilgai-ir-sveikai-gyventi\/"]}]},{"@type":"ImageObject","inLanguage":"en-GB","@id":"https:\/\/skaitytaknyga.lt\/produktas\/kaip-ilgai-ir-sveikai-gyventi\/#primaryimage","url":"https:\/\/skaitytaknyga.lt\/wp-content\/uploads\/2024\/10\/Kaip-ilgai-ir-sveikai-gyventi.webp","contentUrl":"https:\/\/skaitytaknyga.lt\/wp-content\/uploads\/2024\/10\/Kaip-ilgai-ir-sveikai-gyventi.webp","width":505,"height":799,"caption":"Kaip ilgai ir sveikai gyventi"},{"@type":"BreadcrumbList","@id":"https:\/\/skaitytaknyga.lt\/produktas\/kaip-ilgai-ir-sveikai-gyventi\/#breadcrumb","itemListElement":[{"@type":"ListItem","position":1,"name":"Home","item":"https:\/\/skaitytaknyga.lt\/"},{"@type":"ListItem","position":2,"name":"Parduotuv\u0117","item":"https:\/\/skaitytaknyga.lt\/knygu-parduotuve\/"},{"@type":"ListItem","position":3,"name":"Kaip ilgai ir sveikai gyventi"}]},{"@type":"WebSite","@id":"https:\/\/skaitytaknyga.lt\/#website","url":"https:\/\/skaitytaknyga.lt\/","name":"skaitytaknyga.lt","description":"Skaitytaknyga.lt \u2013 tai ma\u017eas \u0161eimos verslas, kuris prasid\u0117jo nuo meil\u0117s knygoms ir siekio i\u0161gelb\u0117ti knygas nuo likimo prie konteinerio. Kas vienam nereikalingas daiktas \u2013 kitam lobis, o mes esame tarpininkai, kurie padeda abiems tapti laimingesniems ???? \u017dinome kaip nelengva i\u0161gyventi ma\u017eiems verslams, tad nuo \u0161iol, \u010dia rasite ir kit\u0173, ma\u017e\u0173 \u0161eim\u0173 versl\u0173, rank\u0173 darbo, dovan\u0173 sau ir artimiesiems.","publisher":{"@id":"https:\/\/skaitytaknyga.lt\/#organization"},"potentialAction":[{"@type":"SearchAction","target":{"@type":"EntryPoint","urlTemplate":"https:\/\/skaitytaknyga.lt\/?s={search_term_string}"},"query-input":{"@type":"PropertyValueSpecification","valueRequired":true,"valueName":"search_term_string"}}],"inLanguage":"en-GB"},{"@type":"Organization","@id":"https:\/\/skaitytaknyga.lt\/#organization","name":"skaitytaknyga.lt","url":"https:\/\/skaitytaknyga.lt\/","logo":{"@type":"ImageObject","inLanguage":"en-GB","@id":"https:\/\/skaitytaknyga.lt\/#\/schema\/logo\/image\/","url":"https:\/\/skaitytaknyga.lt\/wp-content\/uploads\/2024\/05\/cropped-cropped-cropped-02_00843_jt3bggkj1j3HLc7SyY6rEUpg.jpeg","contentUrl":"https:\/\/skaitytaknyga.lt\/wp-content\/uploads\/2024\/05\/cropped-cropped-cropped-02_00843_jt3bggkj1j3HLc7SyY6rEUpg.jpeg","width":1600,"height":1600,"caption":"skaitytaknyga.lt"},"image":{"@id":"https:\/\/skaitytaknyga.lt\/#\/schema\/logo\/image\/"},"sameAs":["https:\/\/www.facebook.com\/skaitytaknyga\/"]}]}},"_links":{"self":[{"href":"https:\/\/skaitytaknyga.lt\/en\/wp-json\/wp\/v2\/product\/14339","targetHints":{"allow":["GET"]}}],"collection":[{"href":"https:\/\/skaitytaknyga.lt\/en\/wp-json\/wp\/v2\/product"}],"about":[{"href":"https:\/\/skaitytaknyga.lt\/en\/wp-json\/wp\/v2\/types\/product"}],"replies":[{"embeddable":true,"href":"https:\/\/skaitytaknyga.lt\/en\/wp-json\/wp\/v2\/comments?post=14339"}],"wp:featuredmedia":[{"embeddable":true,"href":"https:\/\/skaitytaknyga.lt\/en\/wp-json\/wp\/v2\/media\/14366"}],"wp:attachment":[{"href":"https:\/\/skaitytaknyga.lt\/en\/wp-json\/wp\/v2\/media?parent=14339"}],"wp:term":[{"taxonomy":"product_brand","embeddable":true,"href":"https:\/\/skaitytaknyga.lt\/en\/wp-json\/wp\/v2\/product_brand?post=14339"},{"taxonomy":"product_cat","embeddable":true,"href":"https:\/\/skaitytaknyga.lt\/en\/wp-json\/wp\/v2\/product_cat?post=14339"},{"taxonomy":"product_tag","embeddable":true,"href":"https:\/\/skaitytaknyga.lt\/en\/wp-json\/wp\/v2\/product_tag?post=14339"}],"curies":[{"name":"wp","href":"https:\/\/api.w.org\/{rel}","templated":true}]}}