{"id":14337,"date":"2024-10-18T13:32:45","date_gmt":"2024-10-18T10:32:45","guid":{"rendered":"https:\/\/skaitytaknyga.lt\/?post_type=product&#038;p=14337"},"modified":"2024-10-25T12:34:52","modified_gmt":"2024-10-25T09:34:52","slug":"amzinos-sveikatos-ir-jaunystes-receptai","status":"publish","type":"product","link":"https:\/\/skaitytaknyga.lt\/en\/produktas\/amzinos-sveikatos-ir-jaunystes-receptai\/","title":{"rendered":"Am\u017einos sveikatos ir jaunyst\u0117s receptai"},"content":{"rendered":"<p>Domit\u0117s sveika gyvensena ir norite sveikatos sutrikimus \u012fveikti be chemini\u0173 medikament\u0173? Knyga\u00a0<strong>\u201eAm\u017einosios sveikatos ir jaunyst\u0117s receptai\u201c<\/strong>\u00a0kaip tik Jums!<\/p>\n<p>Daugyb\u0117 patarim\u0173, kaip b\u016bti \u017evaliems ir energingiems, gydytis nat\u016braliais b\u016bdais: vaistiniais augalais, vandeniu, bi\u010di\u0173 produktais, akupres\u016bra, masa\u017eu, aromaterapija, inhaliacijomis; kaip taisyklingai atlikti kv\u0117pavimo pratimus, sveikai maitintis ir tinkamai mank\u0161tintis.<\/p>\n<p>Knyga sudaryta atsi\u017evelgiant \u012f Pasaulio sveikatos organizacijos \u017emogaus am\u017eiaus skirstym\u0105 tarpsniais iki 45-eri\u0173, 45\u201360 ir nuo 60-ties met\u0173. Atskirai aptariamos vyr\u0173 ir moter\u0173 sveikatos problemos, kiekvienu am\u017eiaus tarpsniu pasirei\u0161kiantys sutrikimai ir j\u0173 gydymo b\u016bdai. Atskiras skyrelis skirtas nuo ma\u017eum\u0117s iki senatv\u0117s u\u017eklumpan\u010dioms per\u0161alimo ligoms.<\/p>\n<ul class=\"about-product d-none d-xl-block mt-4\">\n<li><strong>Autorius:<\/strong>\u00a0Juozas Vasiliauskas,\u00a0Audrius Vasiliauskas,\u00a0Danguol\u0117 Vasiliauskien\u0117<\/li>\n<li><strong>Leid\u0117jas:<\/strong>\u00a0Alma littera<\/li>\n<li><strong>Metai:<\/strong>\u00a02013<\/li>\n<li><strong>Puslapiai:<\/strong>\u00a0351<\/li>\n<li class=\"toggleable type-new-formats \"><strong>ISBN:<\/strong>\u00a09786090112069<\/li>\n<li class=\"toggleable type-new-formats \"><strong>Formatas:<\/strong>\u00a022 x 28 x 2 cm, kieti vir\u0161eliai<\/li>\n<li><strong>Kalba:<\/strong>\u00a0Lietuvi\u0173<\/li>\n<\/ul>\n","protected":false},"excerpt":{"rendered":"<p>Domit\u0117s sveika gyvensena ir norite sveikatos sutrikimus \u012fveikti be chemini\u0173 medikament\u0173? Knyga\u00a0\u201eAm\u017einosios sveikatos ir jaunyst\u0117s receptai\u201c\u00a0kaip tik Jums! Daugyb\u0117 patarim\u0173, kaip b\u016bti \u017evaliems ir energingiems, gydytis nat\u016braliais b\u016bdais: vaistiniais augalais, vandeniu, bi\u010di\u0173 produktais, akupres\u016bra, masa\u017eu, aromaterapija, inhaliacijomis; kaip taisyklingai atlikti kv\u0117pavimo pratimus, sveikai maitintis ir tinkamai mank\u0161tintis. Knyga sudaryta atsi\u017evelgiant \u012f Pasaulio sveikatos organizacijos \u017emogaus am\u017eiaus skirstym\u0105 tarpsniais iki 45-eri\u0173, 45\u201360 ir nuo 60-ties met\u0173. Atskirai aptariamos vyr\u0173 ir moter\u0173 sveikatos problemos, kiekvienu am\u017eiaus tarpsniu pasirei\u0161kiantys sutrikimai ir j\u0173 gydymo b\u016bdai. Atskiras skyrelis skirtas nuo ma\u017eum\u0117s iki senatv\u0117s u\u017eklumpan\u010dioms per\u0161alimo ligoms. Autorius:\u00a0Juozas Vasiliauskas,\u00a0Audrius Vasiliauskas,\u00a0Danguol\u0117 Vasiliauskien\u0117 Leid\u0117jas:\u00a0Alma littera Metai:\u00a02013 Puslapiai:\u00a0351 ISBN:\u00a09786090112069 Formatas:\u00a022 x 28 x 2 cm, kieti vir\u0161eliai Kalba:\u00a0Lietuvi\u0173<\/p>\n","protected":false},"featured_media":14369,"comment_status":"open","ping_status":"closed","template":"","meta":{"_acf_changed":false,"site-sidebar-layout":"default","site-content-layout":"","ast-site-content-layout":"default","site-content-style":"default","site-sidebar-style":"default","ast-global-header-display":"","ast-banner-title-visibility":"","ast-main-header-display":"","ast-hfb-above-header-display":"","ast-hfb-below-header-display":"","ast-hfb-mobile-header-display":"","site-post-title":"","ast-breadcrumbs-content":"","ast-featured-img":"","footer-sml-layout":"","ast-disable-related-posts":"","theme-transparent-header-meta":"default","adv-header-id-meta":"","stick-header-meta":"","header-above-stick-meta":"","header-main-stick-meta":"","header-below-stick-meta":"","astra-migrate-meta-layouts":"set","ast-page-background-enabled":"default","ast-page-background-meta":{"desktop":{"background-color":"","background-image":"","background-repeat":"repeat","background-position":"center center","background-size":"auto","background-attachment":"scroll","background-type":"","background-media":"","overlay-type":"","overlay-color":"","overlay-opacity":"","overlay-gradient":""},"tablet":{"background-color":"","background-image":"","background-repeat":"repeat","background-position":"center center","background-size":"auto","background-attachment":"scroll","background-type":"","background-media":"","overlay-type":"","overlay-color":"","overlay-opacity":"","overlay-gradient":""},"mobile":{"background-color":"","background-image":"","background-repeat":"repeat","background-position":"center center","background-size":"auto","background-attachment":"scroll","background-type":"","background-media":"","overlay-type":"","overlay-color":"","overlay-opacity":"","overlay-gradient":""}},"ast-content-background-meta":{"desktop":{"background-color":"var(--ast-global-color-4)","background-image":"","background-repeat":"repeat","background-position":"center center","background-size":"auto","background-attachment":"scroll","background-type":"","background-media":"","overlay-type":"","overlay-color":"","overlay-opacity":"","overlay-gradient":""},"tablet":{"background-color":"var(--ast-global-color-4)","background-image":"","background-repeat":"repeat","background-position":"center center","background-size":"auto","background-attachment":"scroll","background-type":"","background-media":"","overlay-type":"","overlay-color":"","overlay-opacity":"","overlay-gradient":""},"mobile":{"background-color":"var(--ast-global-color-4)","background-image":"","background-repeat":"repeat","background-position":"center center","background-size":"auto","background-attachment":"scroll","background-type":"","background-media":"","overlay-type":"","overlay-color":"","overlay-opacity":"","overlay-gradient":""}}},"product_brand":[],"product_cat":[15,55],"product_tag":[],"class_list":{"0":"post-14337","1":"product","2":"type-product","3":"status-publish","4":"has-post-thumbnail","6":"product_cat-uncategorized","7":"product_cat-sveikata-ir-sveika-mityba","8":"desktop-align-left","9":"tablet-align-left","10":"mobile-align-left","12":"first","13":"instock","14":"shipping-taxable","15":"purchasable","16":"product-type-simple"},"acf":[],"yoast_head":"<!-- This site is optimized with the Yoast SEO plugin v27.0 - https:\/\/yoast.com\/product\/yoast-seo-wordpress\/ -->\n<title>Am\u017einos sveikatos ir jaunyst\u0117s receptai<\/title>\n<meta name=\"description\" content=\"Domit\u0117s sveika gyvensena ir norite sveikatos sutrikimus \u012fveikti be chemini\u0173 medikament\u0173? Knyga\u00a0\u201eAm\u017einosios sveikatos ir jaunyst\u0117s receptai\u201c\u00a0kaip tik Jums!\" \/>\n<meta name=\"robots\" content=\"index, follow, max-snippet:-1, max-image-preview:large, max-video-preview:-1\" \/>\n<link rel=\"canonical\" href=\"https:\/\/skaitytaknyga.lt\/en\/produktas\/amzinos-sveikatos-ir-jaunystes-receptai\/\" \/>\n<meta property=\"og:locale\" content=\"en_GB\" \/>\n<meta property=\"og:locale:alternate\" content=\"lt_LT\" \/>\n<meta property=\"og:type\" content=\"article\" \/>\n<meta property=\"og:title\" content=\"Am\u017einos sveikatos ir jaunyst\u0117s receptai\" \/>\n<meta property=\"og:description\" content=\"Domit\u0117s sveika gyvensena ir norite sveikatos sutrikimus \u012fveikti be chemini\u0173 medikament\u0173? Knyga\u00a0\u201eAm\u017einosios sveikatos ir jaunyst\u0117s receptai\u201c\u00a0kaip tik Jums!\" \/>\n<meta property=\"og:url\" content=\"https:\/\/skaitytaknyga.lt\/en\/produktas\/amzinos-sveikatos-ir-jaunystes-receptai\/\" \/>\n<meta property=\"og:site_name\" content=\"Skaitytaknyga\" \/>\n<meta property=\"article:publisher\" content=\"https:\/\/www.facebook.com\/skaitytaknyga\/\" \/>\n<meta property=\"article:modified_time\" content=\"2024-10-25T09:34:52+00:00\" \/>\n<meta property=\"og:image\" content=\"https:\/\/skaitytaknyga.lt\/wp-content\/uploads\/2024\/10\/Amzinos-sveikatos-ir-jaunystes-receptai.webp\" \/>\n\t<meta property=\"og:image:width\" content=\"610\" \/>\n\t<meta property=\"og:image:height\" content=\"800\" \/>\n\t<meta property=\"og:image:type\" content=\"image\/webp\" \/>\n<meta name=\"twitter:card\" content=\"summary_large_image\" \/>\n<meta name=\"twitter:label1\" content=\"Estimated reading time\" \/>\n\t<meta name=\"twitter:data1\" content=\"1 minute\" \/>\n<script type=\"application\/ld+json\" class=\"yoast-schema-graph\">{\"@context\":\"https:\/\/schema.org\",\"@graph\":[{\"@type\":\"WebPage\",\"@id\":\"https:\/\/skaitytaknyga.lt\/produktas\/amzinos-sveikatos-ir-jaunystes-receptai\/\",\"url\":\"https:\/\/skaitytaknyga.lt\/produktas\/amzinos-sveikatos-ir-jaunystes-receptai\/\",\"name\":\"Am\u017einos sveikatos ir jaunyst\u0117s receptai\",\"isPartOf\":{\"@id\":\"https:\/\/skaitytaknyga.lt\/#website\"},\"primaryImageOfPage\":{\"@id\":\"https:\/\/skaitytaknyga.lt\/produktas\/amzinos-sveikatos-ir-jaunystes-receptai\/#primaryimage\"},\"image\":{\"@id\":\"https:\/\/skaitytaknyga.lt\/produktas\/amzinos-sveikatos-ir-jaunystes-receptai\/#primaryimage\"},\"thumbnailUrl\":\"https:\/\/skaitytaknyga.lt\/wp-content\/uploads\/2024\/10\/Amzinos-sveikatos-ir-jaunystes-receptai.webp\",\"datePublished\":\"2024-10-18T10:32:45+00:00\",\"dateModified\":\"2024-10-25T09:34:52+00:00\",\"description\":\"Domit\u0117s sveika gyvensena ir norite sveikatos sutrikimus \u012fveikti be chemini\u0173 medikament\u0173? Knyga\u00a0\u201eAm\u017einosios sveikatos ir jaunyst\u0117s receptai\u201c\u00a0kaip tik Jums!\",\"breadcrumb\":{\"@id\":\"https:\/\/skaitytaknyga.lt\/produktas\/amzinos-sveikatos-ir-jaunystes-receptai\/#breadcrumb\"},\"inLanguage\":\"en-GB\",\"potentialAction\":[{\"@type\":\"ReadAction\",\"target\":[\"https:\/\/skaitytaknyga.lt\/produktas\/amzinos-sveikatos-ir-jaunystes-receptai\/\"]}]},{\"@type\":\"ImageObject\",\"inLanguage\":\"en-GB\",\"@id\":\"https:\/\/skaitytaknyga.lt\/produktas\/amzinos-sveikatos-ir-jaunystes-receptai\/#primaryimage\",\"url\":\"https:\/\/skaitytaknyga.lt\/wp-content\/uploads\/2024\/10\/Amzinos-sveikatos-ir-jaunystes-receptai.webp\",\"contentUrl\":\"https:\/\/skaitytaknyga.lt\/wp-content\/uploads\/2024\/10\/Amzinos-sveikatos-ir-jaunystes-receptai.webp\",\"width\":610,\"height\":800,\"caption\":\"Am\u017einos sveikatos ir jaunyst\u0117s receptai\"},{\"@type\":\"BreadcrumbList\",\"@id\":\"https:\/\/skaitytaknyga.lt\/produktas\/amzinos-sveikatos-ir-jaunystes-receptai\/#breadcrumb\",\"itemListElement\":[{\"@type\":\"ListItem\",\"position\":1,\"name\":\"Home\",\"item\":\"https:\/\/skaitytaknyga.lt\/\"},{\"@type\":\"ListItem\",\"position\":2,\"name\":\"Parduotuv\u0117\",\"item\":\"https:\/\/skaitytaknyga.lt\/knygu-parduotuve\/\"},{\"@type\":\"ListItem\",\"position\":3,\"name\":\"Am\u017einos sveikatos ir jaunyst\u0117s receptai\"}]},{\"@type\":\"WebSite\",\"@id\":\"https:\/\/skaitytaknyga.lt\/#website\",\"url\":\"https:\/\/skaitytaknyga.lt\/\",\"name\":\"skaitytaknyga.lt\",\"description\":\"Skaitytaknyga.lt \u2013 tai ma\u017eas \u0161eimos verslas, kuris prasid\u0117jo nuo meil\u0117s knygoms ir siekio i\u0161gelb\u0117ti knygas nuo likimo prie konteinerio. Kas vienam nereikalingas daiktas \u2013 kitam lobis, o mes esame tarpininkai, kurie padeda abiems tapti laimingesniems ???? \u017dinome kaip nelengva i\u0161gyventi ma\u017eiems verslams, tad nuo \u0161iol, \u010dia rasite ir kit\u0173, ma\u017e\u0173 \u0161eim\u0173 versl\u0173, rank\u0173 darbo, dovan\u0173 sau ir artimiesiems.\",\"publisher\":{\"@id\":\"https:\/\/skaitytaknyga.lt\/#organization\"},\"potentialAction\":[{\"@type\":\"SearchAction\",\"target\":{\"@type\":\"EntryPoint\",\"urlTemplate\":\"https:\/\/skaitytaknyga.lt\/?s={search_term_string}\"},\"query-input\":{\"@type\":\"PropertyValueSpecification\",\"valueRequired\":true,\"valueName\":\"search_term_string\"}}],\"inLanguage\":\"en-GB\"},{\"@type\":\"Organization\",\"@id\":\"https:\/\/skaitytaknyga.lt\/#organization\",\"name\":\"skaitytaknyga.lt\",\"url\":\"https:\/\/skaitytaknyga.lt\/\",\"logo\":{\"@type\":\"ImageObject\",\"inLanguage\":\"en-GB\",\"@id\":\"https:\/\/skaitytaknyga.lt\/#\/schema\/logo\/image\/\",\"url\":\"https:\/\/skaitytaknyga.lt\/wp-content\/uploads\/2024\/05\/cropped-cropped-cropped-02_00843_jt3bggkj1j3HLc7SyY6rEUpg.jpeg\",\"contentUrl\":\"https:\/\/skaitytaknyga.lt\/wp-content\/uploads\/2024\/05\/cropped-cropped-cropped-02_00843_jt3bggkj1j3HLc7SyY6rEUpg.jpeg\",\"width\":1600,\"height\":1600,\"caption\":\"skaitytaknyga.lt\"},\"image\":{\"@id\":\"https:\/\/skaitytaknyga.lt\/#\/schema\/logo\/image\/\"},\"sameAs\":[\"https:\/\/www.facebook.com\/skaitytaknyga\/\"]}]}<\/script>\n<!-- \/ Yoast SEO plugin. -->","yoast_head_json":{"title":"Am\u017einos sveikatos ir jaunyst\u0117s receptai","description":"Domit\u0117s sveika gyvensena ir norite sveikatos sutrikimus \u012fveikti be chemini\u0173 medikament\u0173? Knyga\u00a0\u201eAm\u017einosios sveikatos ir jaunyst\u0117s receptai\u201c\u00a0kaip tik Jums!","robots":{"index":"index","follow":"follow","max-snippet":"max-snippet:-1","max-image-preview":"max-image-preview:large","max-video-preview":"max-video-preview:-1"},"canonical":"https:\/\/skaitytaknyga.lt\/en\/produktas\/amzinos-sveikatos-ir-jaunystes-receptai\/","og_locale":"en_GB","og_type":"article","og_title":"[:lt]Am\u017einos sveikatos ir jaunyst\u0117s receptai[:] - Skaitytaknyga","og_description":"Domit\u0117s sveika gyvensena ir norite sveikatos sutrikimus \u012fveikti be chemini\u0173 medikament\u0173? Knyga\u00a0\u201eAm\u017einosios sveikatos ir jaunyst\u0117s receptai\u201c\u00a0kaip tik Jums!","og_url":"https:\/\/skaitytaknyga.lt\/en\/produktas\/amzinos-sveikatos-ir-jaunystes-receptai\/","og_site_name":"Skaitytaknyga","article_publisher":"https:\/\/www.facebook.com\/skaitytaknyga\/","article_modified_time":"2024-10-25T09:34:52+00:00","og_image":[{"width":610,"height":800,"url":"https:\/\/skaitytaknyga.lt\/wp-content\/uploads\/2024\/10\/Amzinos-sveikatos-ir-jaunystes-receptai.webp","type":"image\/webp"}],"twitter_card":"summary_large_image","twitter_misc":{"Estimated reading time":"1 minute"},"schema":{"@context":"https:\/\/schema.org","@graph":[{"@type":"WebPage","@id":"https:\/\/skaitytaknyga.lt\/produktas\/amzinos-sveikatos-ir-jaunystes-receptai\/","url":"https:\/\/skaitytaknyga.lt\/produktas\/amzinos-sveikatos-ir-jaunystes-receptai\/","name":"Am\u017einos sveikatos ir jaunyst\u0117s receptai","isPartOf":{"@id":"https:\/\/skaitytaknyga.lt\/#website"},"primaryImageOfPage":{"@id":"https:\/\/skaitytaknyga.lt\/produktas\/amzinos-sveikatos-ir-jaunystes-receptai\/#primaryimage"},"image":{"@id":"https:\/\/skaitytaknyga.lt\/produktas\/amzinos-sveikatos-ir-jaunystes-receptai\/#primaryimage"},"thumbnailUrl":"https:\/\/skaitytaknyga.lt\/wp-content\/uploads\/2024\/10\/Amzinos-sveikatos-ir-jaunystes-receptai.webp","datePublished":"2024-10-18T10:32:45+00:00","dateModified":"2024-10-25T09:34:52+00:00","description":"Domit\u0117s sveika gyvensena ir norite sveikatos sutrikimus \u012fveikti be chemini\u0173 medikament\u0173? Knyga\u00a0\u201eAm\u017einosios sveikatos ir jaunyst\u0117s receptai\u201c\u00a0kaip tik Jums!","breadcrumb":{"@id":"https:\/\/skaitytaknyga.lt\/produktas\/amzinos-sveikatos-ir-jaunystes-receptai\/#breadcrumb"},"inLanguage":"en-GB","potentialAction":[{"@type":"ReadAction","target":["https:\/\/skaitytaknyga.lt\/produktas\/amzinos-sveikatos-ir-jaunystes-receptai\/"]}]},{"@type":"ImageObject","inLanguage":"en-GB","@id":"https:\/\/skaitytaknyga.lt\/produktas\/amzinos-sveikatos-ir-jaunystes-receptai\/#primaryimage","url":"https:\/\/skaitytaknyga.lt\/wp-content\/uploads\/2024\/10\/Amzinos-sveikatos-ir-jaunystes-receptai.webp","contentUrl":"https:\/\/skaitytaknyga.lt\/wp-content\/uploads\/2024\/10\/Amzinos-sveikatos-ir-jaunystes-receptai.webp","width":610,"height":800,"caption":"Am\u017einos sveikatos ir jaunyst\u0117s receptai"},{"@type":"BreadcrumbList","@id":"https:\/\/skaitytaknyga.lt\/produktas\/amzinos-sveikatos-ir-jaunystes-receptai\/#breadcrumb","itemListElement":[{"@type":"ListItem","position":1,"name":"Home","item":"https:\/\/skaitytaknyga.lt\/"},{"@type":"ListItem","position":2,"name":"Parduotuv\u0117","item":"https:\/\/skaitytaknyga.lt\/knygu-parduotuve\/"},{"@type":"ListItem","position":3,"name":"Am\u017einos sveikatos ir jaunyst\u0117s receptai"}]},{"@type":"WebSite","@id":"https:\/\/skaitytaknyga.lt\/#website","url":"https:\/\/skaitytaknyga.lt\/","name":"skaitytaknyga.lt","description":"Skaitytaknyga.lt \u2013 tai ma\u017eas \u0161eimos verslas, kuris prasid\u0117jo nuo meil\u0117s knygoms ir siekio i\u0161gelb\u0117ti knygas nuo likimo prie konteinerio. Kas vienam nereikalingas daiktas \u2013 kitam lobis, o mes esame tarpininkai, kurie padeda abiems tapti laimingesniems ???? \u017dinome kaip nelengva i\u0161gyventi ma\u017eiems verslams, tad nuo \u0161iol, \u010dia rasite ir kit\u0173, ma\u017e\u0173 \u0161eim\u0173 versl\u0173, rank\u0173 darbo, dovan\u0173 sau ir artimiesiems.","publisher":{"@id":"https:\/\/skaitytaknyga.lt\/#organization"},"potentialAction":[{"@type":"SearchAction","target":{"@type":"EntryPoint","urlTemplate":"https:\/\/skaitytaknyga.lt\/?s={search_term_string}"},"query-input":{"@type":"PropertyValueSpecification","valueRequired":true,"valueName":"search_term_string"}}],"inLanguage":"en-GB"},{"@type":"Organization","@id":"https:\/\/skaitytaknyga.lt\/#organization","name":"skaitytaknyga.lt","url":"https:\/\/skaitytaknyga.lt\/","logo":{"@type":"ImageObject","inLanguage":"en-GB","@id":"https:\/\/skaitytaknyga.lt\/#\/schema\/logo\/image\/","url":"https:\/\/skaitytaknyga.lt\/wp-content\/uploads\/2024\/05\/cropped-cropped-cropped-02_00843_jt3bggkj1j3HLc7SyY6rEUpg.jpeg","contentUrl":"https:\/\/skaitytaknyga.lt\/wp-content\/uploads\/2024\/05\/cropped-cropped-cropped-02_00843_jt3bggkj1j3HLc7SyY6rEUpg.jpeg","width":1600,"height":1600,"caption":"skaitytaknyga.lt"},"image":{"@id":"https:\/\/skaitytaknyga.lt\/#\/schema\/logo\/image\/"},"sameAs":["https:\/\/www.facebook.com\/skaitytaknyga\/"]}]}},"_links":{"self":[{"href":"https:\/\/skaitytaknyga.lt\/en\/wp-json\/wp\/v2\/product\/14337","targetHints":{"allow":["GET"]}}],"collection":[{"href":"https:\/\/skaitytaknyga.lt\/en\/wp-json\/wp\/v2\/product"}],"about":[{"href":"https:\/\/skaitytaknyga.lt\/en\/wp-json\/wp\/v2\/types\/product"}],"replies":[{"embeddable":true,"href":"https:\/\/skaitytaknyga.lt\/en\/wp-json\/wp\/v2\/comments?post=14337"}],"wp:featuredmedia":[{"embeddable":true,"href":"https:\/\/skaitytaknyga.lt\/en\/wp-json\/wp\/v2\/media\/14369"}],"wp:attachment":[{"href":"https:\/\/skaitytaknyga.lt\/en\/wp-json\/wp\/v2\/media?parent=14337"}],"wp:term":[{"taxonomy":"product_brand","embeddable":true,"href":"https:\/\/skaitytaknyga.lt\/en\/wp-json\/wp\/v2\/product_brand?post=14337"},{"taxonomy":"product_cat","embeddable":true,"href":"https:\/\/skaitytaknyga.lt\/en\/wp-json\/wp\/v2\/product_cat?post=14337"},{"taxonomy":"product_tag","embeddable":true,"href":"https:\/\/skaitytaknyga.lt\/en\/wp-json\/wp\/v2\/product_tag?post=14337"}],"curies":[{"name":"wp","href":"https:\/\/api.w.org\/{rel}","templated":true}]}}