{"id":14336,"date":"2024-10-18T13:32:45","date_gmt":"2024-10-18T10:32:45","guid":{"rendered":"https:\/\/skaitytaknyga.lt\/?post_type=product&#038;p=14336"},"modified":"2025-10-30T11:33:16","modified_gmt":"2025-10-30T09:33:16","slug":"tarptautiniu-zodziu-zodynas","status":"publish","type":"product","link":"https:\/\/skaitytaknyga.lt\/en\/produktas\/tarptautiniu-zodziu-zodynas\/","title":{"rendered":"Tarptautini\u0173 \u017eod\u017ei\u0173 \u017eodynas"},"content":{"rendered":"<p>\u0160is \u017eodynas apima apie 25 000 antra\u0161tini\u0173 \u017eod\u017ei\u0173 ir daugiau kaip 31 000 j\u0173 reik\u0161mi\u0173 ai\u0161kinim\u0173. Tai did\u017eiausias i\u0161 iki \u0161iol Lietuvoje i\u0161leist\u0173 tarptautini\u0173 \u017eod\u017ei\u0173 \u017eodyn\u0173.<\/p>\n<p>\u017dodynas bus pravartus mokytojui ir moksleiviui, profesoriui ir studentui, spaudos darbuotojui, gydytojui \u2013 visiems, kam r\u016bpi greitai surasti ne\u017einom\u0105 \u017eod\u017eio reik\u0161m\u0119, kartais ir lietuvi\u0161k\u0105 jo atitikmen\u012f, i\u0161mokti taisyklingai vartoti tarptautinius \u017eod\u017eius.<\/p>\n<ul class=\"about-product d-none d-xl-block mt-4\">\n<li><strong>Leid\u0117jas:<\/strong>\u00a0Alma littera<\/li>\n<li><strong>Metai:<\/strong>\u00a02008<\/li>\n<li><strong>Puslapiai:<\/strong>\u00a0792<\/li>\n<li class=\"toggleable type-new-formats \"><strong>ISBN:<\/strong>\u00a09789955081005<\/li>\n<li><strong>Versijos kodas:<\/strong>\u00a0PT.<\/li>\n<li class=\"toggleable type-new-formats \"><strong>Formatas:<\/strong>\u00a017 x 26,5 cm, kieti vir\u0161eliai<\/li>\n<li><strong>Kalba:<\/strong>\u00a0Lietuvi\u0173<\/li>\n<\/ul>\n","protected":false},"excerpt":{"rendered":"<p>\u0160is \u017eodynas apima apie 25 000 antra\u0161tini\u0173 \u017eod\u017ei\u0173 ir daugiau kaip 31 000 j\u0173 reik\u0161mi\u0173 ai\u0161kinim\u0173. Tai did\u017eiausias i\u0161 iki \u0161iol Lietuvoje i\u0161leist\u0173 tarptautini\u0173 \u017eod\u017ei\u0173 \u017eodyn\u0173. \u017dodynas bus pravartus mokytojui ir moksleiviui, profesoriui ir studentui, spaudos darbuotojui, gydytojui \u2013 visiems, kam r\u016bpi greitai surasti ne\u017einom\u0105 \u017eod\u017eio reik\u0161m\u0119, kartais ir lietuvi\u0161k\u0105 jo atitikmen\u012f, i\u0161mokti taisyklingai vartoti tarptautinius \u017eod\u017eius. Leid\u0117jas:\u00a0Alma littera Metai:\u00a02008 Puslapiai:\u00a0792 ISBN:\u00a09789955081005 Versijos kodas:\u00a0PT. Formatas:\u00a017 x 26,5 cm, kieti vir\u0161eliai Kalba:\u00a0Lietuvi\u0173<\/p>\n","protected":false},"featured_media":14370,"comment_status":"open","ping_status":"closed","template":"","meta":{"_acf_changed":false,"site-sidebar-layout":"default","site-content-layout":"","ast-site-content-layout":"default","site-content-style":"default","site-sidebar-style":"default","ast-global-header-display":"","ast-banner-title-visibility":"","ast-main-header-display":"","ast-hfb-above-header-display":"","ast-hfb-below-header-display":"","ast-hfb-mobile-header-display":"","site-post-title":"","ast-breadcrumbs-content":"","ast-featured-img":"","footer-sml-layout":"","ast-disable-related-posts":"","theme-transparent-header-meta":"default","adv-header-id-meta":"","stick-header-meta":"","header-above-stick-meta":"","header-main-stick-meta":"","header-below-stick-meta":"","astra-migrate-meta-layouts":"set","ast-page-background-enabled":"default","ast-page-background-meta":{"desktop":{"background-color":"","background-image":"","background-repeat":"repeat","background-position":"center center","background-size":"auto","background-attachment":"scroll","background-type":"","background-media":"","overlay-type":"","overlay-color":"","overlay-opacity":"","overlay-gradient":""},"tablet":{"background-color":"","background-image":"","background-repeat":"repeat","background-position":"center center","background-size":"auto","background-attachment":"scroll","background-type":"","background-media":"","overlay-type":"","overlay-color":"","overlay-opacity":"","overlay-gradient":""},"mobile":{"background-color":"","background-image":"","background-repeat":"repeat","background-position":"center center","background-size":"auto","background-attachment":"scroll","background-type":"","background-media":"","overlay-type":"","overlay-color":"","overlay-opacity":"","overlay-gradient":""}},"ast-content-background-meta":{"desktop":{"background-color":"var(--ast-global-color-4)","background-image":"","background-repeat":"repeat","background-position":"center center","background-size":"auto","background-attachment":"scroll","background-type":"","background-media":"","overlay-type":"","overlay-color":"","overlay-opacity":"","overlay-gradient":""},"tablet":{"background-color":"var(--ast-global-color-4)","background-image":"","background-repeat":"repeat","background-position":"center center","background-size":"auto","background-attachment":"scroll","background-type":"","background-media":"","overlay-type":"","overlay-color":"","overlay-opacity":"","overlay-gradient":""},"mobile":{"background-color":"var(--ast-global-color-4)","background-image":"","background-repeat":"repeat","background-position":"center center","background-size":"auto","background-attachment":"scroll","background-type":"","background-media":"","overlay-type":"","overlay-color":"","overlay-opacity":"","overlay-gradient":""}}},"product_brand":[],"product_cat":[390,15],"product_tag":[],"class_list":{"0":"post-14336","1":"product","2":"type-product","3":"status-publish","4":"has-post-thumbnail","6":"product_cat-kalba-kalbotyra-zodynai","7":"product_cat-uncategorized","8":"desktop-align-left","9":"tablet-align-left","10":"mobile-align-left","12":"first","13":"outofstock","14":"shipping-taxable","15":"purchasable","16":"product-type-simple"},"acf":[],"yoast_head":"<!-- This site is optimized with the Yoast SEO plugin v27.0 - https:\/\/yoast.com\/product\/yoast-seo-wordpress\/ -->\n<title>Tarptautini\u0173 \u017eod\u017ei\u0173 \u017eodynas<\/title>\n<meta name=\"description\" content=\"\u0160is \u017eodynas apima apie 25 000 antra\u0161tini\u0173 \u017eod\u017ei\u0173 ir daugiau kaip 31 000 j\u0173 reik\u0161mi\u0173 ai\u0161kinim\u0173. Tai did\u017eiausias i\u0161 iki \u0161iol Lietuvoje i\u0161leist\u0173 tarptautini\u0173\" \/>\n<meta name=\"robots\" content=\"index, follow, max-snippet:-1, max-image-preview:large, max-video-preview:-1\" \/>\n<link rel=\"canonical\" href=\"https:\/\/skaitytaknyga.lt\/en\/produktas\/tarptautiniu-zodziu-zodynas\/\" \/>\n<meta property=\"og:locale\" content=\"en_GB\" \/>\n<meta property=\"og:locale:alternate\" content=\"lt_LT\" \/>\n<meta property=\"og:type\" content=\"article\" \/>\n<meta property=\"og:title\" content=\"Tarptautini\u0173 \u017eod\u017ei\u0173 \u017eodynas\" \/>\n<meta property=\"og:description\" content=\"\u0160is \u017eodynas apima apie 25 000 antra\u0161tini\u0173 \u017eod\u017ei\u0173 ir daugiau kaip 31 000 j\u0173 reik\u0161mi\u0173 ai\u0161kinim\u0173. Tai did\u017eiausias i\u0161 iki \u0161iol Lietuvoje i\u0161leist\u0173 tarptautini\u0173\" \/>\n<meta property=\"og:url\" content=\"https:\/\/skaitytaknyga.lt\/en\/produktas\/tarptautiniu-zodziu-zodynas\/\" \/>\n<meta property=\"og:site_name\" content=\"Skaitytaknyga\" \/>\n<meta property=\"article:publisher\" content=\"https:\/\/www.facebook.com\/skaitytaknyga\/\" \/>\n<meta property=\"article:modified_time\" content=\"2025-10-30T09:33:16+00:00\" \/>\n<meta property=\"og:image\" content=\"https:\/\/skaitytaknyga.lt\/wp-content\/uploads\/2024\/10\/Tarptautiniu-zodziu-zodynas.webp\" \/>\n\t<meta property=\"og:image:width\" content=\"468\" \/>\n\t<meta property=\"og:image:height\" content=\"740\" \/>\n\t<meta property=\"og:image:type\" content=\"image\/webp\" \/>\n<meta name=\"twitter:card\" content=\"summary_large_image\" \/>\n<meta name=\"twitter:label1\" content=\"Estimated reading time\" \/>\n\t<meta name=\"twitter:data1\" content=\"1 minute\" \/>\n<script type=\"application\/ld+json\" class=\"yoast-schema-graph\">{\"@context\":\"https:\/\/schema.org\",\"@graph\":[{\"@type\":\"WebPage\",\"@id\":\"https:\/\/skaitytaknyga.lt\/produktas\/tarptautiniu-zodziu-zodynas\/\",\"url\":\"https:\/\/skaitytaknyga.lt\/produktas\/tarptautiniu-zodziu-zodynas\/\",\"name\":\"Tarptautini\u0173 \u017eod\u017ei\u0173 \u017eodynas\",\"isPartOf\":{\"@id\":\"https:\/\/skaitytaknyga.lt\/#website\"},\"primaryImageOfPage\":{\"@id\":\"https:\/\/skaitytaknyga.lt\/produktas\/tarptautiniu-zodziu-zodynas\/#primaryimage\"},\"image\":{\"@id\":\"https:\/\/skaitytaknyga.lt\/produktas\/tarptautiniu-zodziu-zodynas\/#primaryimage\"},\"thumbnailUrl\":\"https:\/\/skaitytaknyga.lt\/wp-content\/uploads\/2024\/10\/Tarptautiniu-zodziu-zodynas.webp\",\"datePublished\":\"2024-10-18T10:32:45+00:00\",\"dateModified\":\"2025-10-30T09:33:16+00:00\",\"description\":\"\u0160is \u017eodynas apima apie 25 000 antra\u0161tini\u0173 \u017eod\u017ei\u0173 ir daugiau kaip 31 000 j\u0173 reik\u0161mi\u0173 ai\u0161kinim\u0173. Tai did\u017eiausias i\u0161 iki \u0161iol Lietuvoje i\u0161leist\u0173 tarptautini\u0173\",\"breadcrumb\":{\"@id\":\"https:\/\/skaitytaknyga.lt\/produktas\/tarptautiniu-zodziu-zodynas\/#breadcrumb\"},\"inLanguage\":\"en-GB\",\"potentialAction\":[{\"@type\":\"ReadAction\",\"target\":[\"https:\/\/skaitytaknyga.lt\/produktas\/tarptautiniu-zodziu-zodynas\/\"]}]},{\"@type\":\"ImageObject\",\"inLanguage\":\"en-GB\",\"@id\":\"https:\/\/skaitytaknyga.lt\/produktas\/tarptautiniu-zodziu-zodynas\/#primaryimage\",\"url\":\"https:\/\/skaitytaknyga.lt\/wp-content\/uploads\/2024\/10\/Tarptautiniu-zodziu-zodynas.webp\",\"contentUrl\":\"https:\/\/skaitytaknyga.lt\/wp-content\/uploads\/2024\/10\/Tarptautiniu-zodziu-zodynas.webp\",\"width\":468,\"height\":740,\"caption\":\"Tarptautini\u0173 \u017eod\u017ei\u0173 \u017eodynas\"},{\"@type\":\"BreadcrumbList\",\"@id\":\"https:\/\/skaitytaknyga.lt\/produktas\/tarptautiniu-zodziu-zodynas\/#breadcrumb\",\"itemListElement\":[{\"@type\":\"ListItem\",\"position\":1,\"name\":\"Home\",\"item\":\"https:\/\/skaitytaknyga.lt\/\"},{\"@type\":\"ListItem\",\"position\":2,\"name\":\"Parduotuv\u0117\",\"item\":\"https:\/\/skaitytaknyga.lt\/knygu-parduotuve\/\"},{\"@type\":\"ListItem\",\"position\":3,\"name\":\"Tarptautini\u0173 \u017eod\u017ei\u0173 \u017eodynas\"}]},{\"@type\":\"WebSite\",\"@id\":\"https:\/\/skaitytaknyga.lt\/#website\",\"url\":\"https:\/\/skaitytaknyga.lt\/\",\"name\":\"skaitytaknyga.lt\",\"description\":\"Skaitytaknyga.lt \u2013 tai ma\u017eas \u0161eimos verslas, kuris prasid\u0117jo nuo meil\u0117s knygoms ir siekio i\u0161gelb\u0117ti knygas nuo likimo prie konteinerio. Kas vienam nereikalingas daiktas \u2013 kitam lobis, o mes esame tarpininkai, kurie padeda abiems tapti laimingesniems ???? \u017dinome kaip nelengva i\u0161gyventi ma\u017eiems verslams, tad nuo \u0161iol, \u010dia rasite ir kit\u0173, ma\u017e\u0173 \u0161eim\u0173 versl\u0173, rank\u0173 darbo, dovan\u0173 sau ir artimiesiems.\",\"publisher\":{\"@id\":\"https:\/\/skaitytaknyga.lt\/#organization\"},\"potentialAction\":[{\"@type\":\"SearchAction\",\"target\":{\"@type\":\"EntryPoint\",\"urlTemplate\":\"https:\/\/skaitytaknyga.lt\/?s={search_term_string}\"},\"query-input\":{\"@type\":\"PropertyValueSpecification\",\"valueRequired\":true,\"valueName\":\"search_term_string\"}}],\"inLanguage\":\"en-GB\"},{\"@type\":\"Organization\",\"@id\":\"https:\/\/skaitytaknyga.lt\/#organization\",\"name\":\"skaitytaknyga.lt\",\"url\":\"https:\/\/skaitytaknyga.lt\/\",\"logo\":{\"@type\":\"ImageObject\",\"inLanguage\":\"en-GB\",\"@id\":\"https:\/\/skaitytaknyga.lt\/#\/schema\/logo\/image\/\",\"url\":\"https:\/\/skaitytaknyga.lt\/wp-content\/uploads\/2024\/05\/cropped-cropped-cropped-02_00843_jt3bggkj1j3HLc7SyY6rEUpg.jpeg\",\"contentUrl\":\"https:\/\/skaitytaknyga.lt\/wp-content\/uploads\/2024\/05\/cropped-cropped-cropped-02_00843_jt3bggkj1j3HLc7SyY6rEUpg.jpeg\",\"width\":1600,\"height\":1600,\"caption\":\"skaitytaknyga.lt\"},\"image\":{\"@id\":\"https:\/\/skaitytaknyga.lt\/#\/schema\/logo\/image\/\"},\"sameAs\":[\"https:\/\/www.facebook.com\/skaitytaknyga\/\"]}]}<\/script>\n<!-- \/ Yoast SEO plugin. -->","yoast_head_json":{"title":"Tarptautini\u0173 \u017eod\u017ei\u0173 \u017eodynas","description":"\u0160is \u017eodynas apima apie 25 000 antra\u0161tini\u0173 \u017eod\u017ei\u0173 ir daugiau kaip 31 000 j\u0173 reik\u0161mi\u0173 ai\u0161kinim\u0173. Tai did\u017eiausias i\u0161 iki \u0161iol Lietuvoje i\u0161leist\u0173 tarptautini\u0173","robots":{"index":"index","follow":"follow","max-snippet":"max-snippet:-1","max-image-preview":"max-image-preview:large","max-video-preview":"max-video-preview:-1"},"canonical":"https:\/\/skaitytaknyga.lt\/en\/produktas\/tarptautiniu-zodziu-zodynas\/","og_locale":"en_GB","og_type":"article","og_title":"[:lt]Tarptautini\u0173 \u017eod\u017ei\u0173 \u017eodynas[:] - Skaitytaknyga","og_description":"\u0160is \u017eodynas apima apie 25 000 antra\u0161tini\u0173 \u017eod\u017ei\u0173 ir daugiau kaip 31 000 j\u0173 reik\u0161mi\u0173 ai\u0161kinim\u0173. Tai did\u017eiausias i\u0161 iki \u0161iol Lietuvoje i\u0161leist\u0173 tarptautini\u0173","og_url":"https:\/\/skaitytaknyga.lt\/en\/produktas\/tarptautiniu-zodziu-zodynas\/","og_site_name":"Skaitytaknyga","article_publisher":"https:\/\/www.facebook.com\/skaitytaknyga\/","article_modified_time":"2025-10-30T09:33:16+00:00","og_image":[{"width":468,"height":740,"url":"https:\/\/skaitytaknyga.lt\/wp-content\/uploads\/2024\/10\/Tarptautiniu-zodziu-zodynas.webp","type":"image\/webp"}],"twitter_card":"summary_large_image","twitter_misc":{"Estimated reading time":"1 minute"},"schema":{"@context":"https:\/\/schema.org","@graph":[{"@type":"WebPage","@id":"https:\/\/skaitytaknyga.lt\/produktas\/tarptautiniu-zodziu-zodynas\/","url":"https:\/\/skaitytaknyga.lt\/produktas\/tarptautiniu-zodziu-zodynas\/","name":"Tarptautini\u0173 \u017eod\u017ei\u0173 \u017eodynas","isPartOf":{"@id":"https:\/\/skaitytaknyga.lt\/#website"},"primaryImageOfPage":{"@id":"https:\/\/skaitytaknyga.lt\/produktas\/tarptautiniu-zodziu-zodynas\/#primaryimage"},"image":{"@id":"https:\/\/skaitytaknyga.lt\/produktas\/tarptautiniu-zodziu-zodynas\/#primaryimage"},"thumbnailUrl":"https:\/\/skaitytaknyga.lt\/wp-content\/uploads\/2024\/10\/Tarptautiniu-zodziu-zodynas.webp","datePublished":"2024-10-18T10:32:45+00:00","dateModified":"2025-10-30T09:33:16+00:00","description":"\u0160is \u017eodynas apima apie 25 000 antra\u0161tini\u0173 \u017eod\u017ei\u0173 ir daugiau kaip 31 000 j\u0173 reik\u0161mi\u0173 ai\u0161kinim\u0173. Tai did\u017eiausias i\u0161 iki \u0161iol Lietuvoje i\u0161leist\u0173 tarptautini\u0173","breadcrumb":{"@id":"https:\/\/skaitytaknyga.lt\/produktas\/tarptautiniu-zodziu-zodynas\/#breadcrumb"},"inLanguage":"en-GB","potentialAction":[{"@type":"ReadAction","target":["https:\/\/skaitytaknyga.lt\/produktas\/tarptautiniu-zodziu-zodynas\/"]}]},{"@type":"ImageObject","inLanguage":"en-GB","@id":"https:\/\/skaitytaknyga.lt\/produktas\/tarptautiniu-zodziu-zodynas\/#primaryimage","url":"https:\/\/skaitytaknyga.lt\/wp-content\/uploads\/2024\/10\/Tarptautiniu-zodziu-zodynas.webp","contentUrl":"https:\/\/skaitytaknyga.lt\/wp-content\/uploads\/2024\/10\/Tarptautiniu-zodziu-zodynas.webp","width":468,"height":740,"caption":"Tarptautini\u0173 \u017eod\u017ei\u0173 \u017eodynas"},{"@type":"BreadcrumbList","@id":"https:\/\/skaitytaknyga.lt\/produktas\/tarptautiniu-zodziu-zodynas\/#breadcrumb","itemListElement":[{"@type":"ListItem","position":1,"name":"Home","item":"https:\/\/skaitytaknyga.lt\/"},{"@type":"ListItem","position":2,"name":"Parduotuv\u0117","item":"https:\/\/skaitytaknyga.lt\/knygu-parduotuve\/"},{"@type":"ListItem","position":3,"name":"Tarptautini\u0173 \u017eod\u017ei\u0173 \u017eodynas"}]},{"@type":"WebSite","@id":"https:\/\/skaitytaknyga.lt\/#website","url":"https:\/\/skaitytaknyga.lt\/","name":"skaitytaknyga.lt","description":"Skaitytaknyga.lt \u2013 tai ma\u017eas \u0161eimos verslas, kuris prasid\u0117jo nuo meil\u0117s knygoms ir siekio i\u0161gelb\u0117ti knygas nuo likimo prie konteinerio. Kas vienam nereikalingas daiktas \u2013 kitam lobis, o mes esame tarpininkai, kurie padeda abiems tapti laimingesniems ???? \u017dinome kaip nelengva i\u0161gyventi ma\u017eiems verslams, tad nuo \u0161iol, \u010dia rasite ir kit\u0173, ma\u017e\u0173 \u0161eim\u0173 versl\u0173, rank\u0173 darbo, dovan\u0173 sau ir artimiesiems.","publisher":{"@id":"https:\/\/skaitytaknyga.lt\/#organization"},"potentialAction":[{"@type":"SearchAction","target":{"@type":"EntryPoint","urlTemplate":"https:\/\/skaitytaknyga.lt\/?s={search_term_string}"},"query-input":{"@type":"PropertyValueSpecification","valueRequired":true,"valueName":"search_term_string"}}],"inLanguage":"en-GB"},{"@type":"Organization","@id":"https:\/\/skaitytaknyga.lt\/#organization","name":"skaitytaknyga.lt","url":"https:\/\/skaitytaknyga.lt\/","logo":{"@type":"ImageObject","inLanguage":"en-GB","@id":"https:\/\/skaitytaknyga.lt\/#\/schema\/logo\/image\/","url":"https:\/\/skaitytaknyga.lt\/wp-content\/uploads\/2024\/05\/cropped-cropped-cropped-02_00843_jt3bggkj1j3HLc7SyY6rEUpg.jpeg","contentUrl":"https:\/\/skaitytaknyga.lt\/wp-content\/uploads\/2024\/05\/cropped-cropped-cropped-02_00843_jt3bggkj1j3HLc7SyY6rEUpg.jpeg","width":1600,"height":1600,"caption":"skaitytaknyga.lt"},"image":{"@id":"https:\/\/skaitytaknyga.lt\/#\/schema\/logo\/image\/"},"sameAs":["https:\/\/www.facebook.com\/skaitytaknyga\/"]}]}},"_links":{"self":[{"href":"https:\/\/skaitytaknyga.lt\/en\/wp-json\/wp\/v2\/product\/14336","targetHints":{"allow":["GET"]}}],"collection":[{"href":"https:\/\/skaitytaknyga.lt\/en\/wp-json\/wp\/v2\/product"}],"about":[{"href":"https:\/\/skaitytaknyga.lt\/en\/wp-json\/wp\/v2\/types\/product"}],"replies":[{"embeddable":true,"href":"https:\/\/skaitytaknyga.lt\/en\/wp-json\/wp\/v2\/comments?post=14336"}],"wp:featuredmedia":[{"embeddable":true,"href":"https:\/\/skaitytaknyga.lt\/en\/wp-json\/wp\/v2\/media\/14370"}],"wp:attachment":[{"href":"https:\/\/skaitytaknyga.lt\/en\/wp-json\/wp\/v2\/media?parent=14336"}],"wp:term":[{"taxonomy":"product_brand","embeddable":true,"href":"https:\/\/skaitytaknyga.lt\/en\/wp-json\/wp\/v2\/product_brand?post=14336"},{"taxonomy":"product_cat","embeddable":true,"href":"https:\/\/skaitytaknyga.lt\/en\/wp-json\/wp\/v2\/product_cat?post=14336"},{"taxonomy":"product_tag","embeddable":true,"href":"https:\/\/skaitytaknyga.lt\/en\/wp-json\/wp\/v2\/product_tag?post=14336"}],"curies":[{"name":"wp","href":"https:\/\/api.w.org\/{rel}","templated":true}]}}