{"id":14335,"date":"2024-10-18T13:32:44","date_gmt":"2024-10-18T10:32:44","guid":{"rendered":"https:\/\/skaitytaknyga.lt\/?post_type=product&#038;p=14335"},"modified":"2025-05-15T10:52:58","modified_gmt":"2025-05-15T07:52:58","slug":"kodel-vyrai-vienu-metu-gali-dirbti-tik-viena-darba-o-moterys-tiek-daug-kalba","status":"publish","type":"product","link":"https:\/\/skaitytaknyga.lt\/en\/produktas\/kodel-vyrai-vienu-metu-gali-dirbti-tik-viena-darba-o-moterys-tiek-daug-kalba\/","title":{"rendered":"Kod\u0117l vyrai vienu metu gali dirbti tik vien\u0105 darb\u0105, o moterys tiek daug kalba"},"content":{"rendered":"<p>Pamir\u0161kite visus politi\u0161kai teisingus dalykus, kuriuos esate gird\u0117j\u0119 apie prie\u0161ing\u0105 lyt\u012f!<\/p>\n<p>Glaustai ir \u0161maik\u0161\u010diai pateiktos mintys bei i\u0161vados i\u0161 Allano ir Barbaros Peas&#8217;\u0173 knyg\u0173 \u201eKod\u0117l vyrai nesiklauso, o moterys nesiorientuoja \u017eem\u0117lapiuose\u201c, \u201eKod\u0117l vyrai meluoja, o moterys verkia\u201c tiks visiems, kurie dar nepavargo dom\u0117tis vyr\u0173 ir moter\u0173 m\u0105stymo, pasaulio suvokimo, ly\u010di\u0173 prigimties, elgsenos skirtyb\u0117mis, nori puosel\u0117ti savitarpio santykius ir ie\u0161ko patarim\u0173, kaip suprasti galyb\u0119 keist\u0173 dalyk\u0173, nutinkan\u010di\u0173 vyrams ir moterims&#8230;<\/p>\n<ul class=\"about-product d-none d-xl-block mt-4\">\n<li><strong>Autorius:<\/strong>\u00a0Allan Pease,\u00a0Barbara Pease<\/li>\n<li><strong>Leid\u0117jas:<\/strong>\u00a0Alma littera<\/li>\n<li><strong>Metai:<\/strong>\u00a02005<\/li>\n<li><strong>Puslapiai:<\/strong>\u00a0127<\/li>\n<li class=\"toggleable type-new-formats \"><strong>ISBN:<\/strong>\u00a09789955086628<\/li>\n<li class=\"toggleable type-new-formats \"><strong>Formatas:<\/strong>\u00a011,5 x 16 x 1,5 cm, kieti vir\u0161eliai<\/li>\n<li><strong>Kalba:<\/strong>\u00a0Lietuvi\u0173<\/li>\n<li><strong>Vert\u0117jas:<\/strong>\u00a0Margarita Bautr\u0117nien\u0117, Renata Valotkien\u0117<\/li>\n<\/ul>\n","protected":false},"excerpt":{"rendered":"<p>Pamir\u0161kite visus politi\u0161kai teisingus dalykus, kuriuos esate gird\u0117j\u0119 apie prie\u0161ing\u0105 lyt\u012f! Glaustai ir \u0161maik\u0161\u010diai pateiktos mintys bei i\u0161vados i\u0161 Allano ir Barbaros Peas&#8217;\u0173 knyg\u0173 \u201eKod\u0117l vyrai nesiklauso, o moterys nesiorientuoja \u017eem\u0117lapiuose\u201c, \u201eKod\u0117l vyrai meluoja, o moterys verkia\u201c tiks visiems, kurie dar nepavargo dom\u0117tis vyr\u0173 ir moter\u0173 m\u0105stymo, pasaulio suvokimo, ly\u010di\u0173 prigimties, elgsenos skirtyb\u0117mis, nori puosel\u0117ti savitarpio santykius ir ie\u0161ko patarim\u0173, kaip suprasti galyb\u0119 keist\u0173 dalyk\u0173, nutinkan\u010di\u0173 vyrams ir moterims&#8230; Autorius:\u00a0Allan Pease,\u00a0Barbara Pease Leid\u0117jas:\u00a0Alma littera Metai:\u00a02005 Puslapiai:\u00a0127 ISBN:\u00a09789955086628 Formatas:\u00a011,5 x 16 x 1,5 cm, kieti vir\u0161eliai Kalba:\u00a0Lietuvi\u0173 Vert\u0117jas:\u00a0Margarita Bautr\u0117nien\u0117, Renata Valotkien\u0117<\/p>\n","protected":false},"featured_media":14372,"comment_status":"open","ping_status":"closed","template":"","meta":{"_acf_changed":false,"site-sidebar-layout":"default","site-content-layout":"","ast-site-content-layout":"default","site-content-style":"default","site-sidebar-style":"default","ast-global-header-display":"","ast-banner-title-visibility":"","ast-main-header-display":"","ast-hfb-above-header-display":"","ast-hfb-below-header-display":"","ast-hfb-mobile-header-display":"","site-post-title":"","ast-breadcrumbs-content":"","ast-featured-img":"","footer-sml-layout":"","ast-disable-related-posts":"","theme-transparent-header-meta":"default","adv-header-id-meta":"","stick-header-meta":"","header-above-stick-meta":"","header-main-stick-meta":"","header-below-stick-meta":"","astra-migrate-meta-layouts":"set","ast-page-background-enabled":"default","ast-page-background-meta":{"desktop":{"background-color":"","background-image":"","background-repeat":"repeat","background-position":"center center","background-size":"auto","background-attachment":"scroll","background-type":"","background-media":"","overlay-type":"","overlay-color":"","overlay-opacity":"","overlay-gradient":""},"tablet":{"background-color":"","background-image":"","background-repeat":"repeat","background-position":"center center","background-size":"auto","background-attachment":"scroll","background-type":"","background-media":"","overlay-type":"","overlay-color":"","overlay-opacity":"","overlay-gradient":""},"mobile":{"background-color":"","background-image":"","background-repeat":"repeat","background-position":"center center","background-size":"auto","background-attachment":"scroll","background-type":"","background-media":"","overlay-type":"","overlay-color":"","overlay-opacity":"","overlay-gradient":""}},"ast-content-background-meta":{"desktop":{"background-color":"var(--ast-global-color-4)","background-image":"","background-repeat":"repeat","background-position":"center center","background-size":"auto","background-attachment":"scroll","background-type":"","background-media":"","overlay-type":"","overlay-color":"","overlay-opacity":"","overlay-gradient":""},"tablet":{"background-color":"var(--ast-global-color-4)","background-image":"","background-repeat":"repeat","background-position":"center center","background-size":"auto","background-attachment":"scroll","background-type":"","background-media":"","overlay-type":"","overlay-color":"","overlay-opacity":"","overlay-gradient":""},"mobile":{"background-color":"var(--ast-global-color-4)","background-image":"","background-repeat":"repeat","background-position":"center center","background-size":"auto","background-attachment":"scroll","background-type":"","background-media":"","overlay-type":"","overlay-color":"","overlay-opacity":"","overlay-gradient":""}}},"product_brand":[],"product_cat":[15,30],"product_tag":[3030,3031,1403,3043,3042,1417,1646,3041],"class_list":{"0":"post-14335","1":"product","2":"type-product","3":"status-publish","4":"has-post-thumbnail","6":"product_cat-uncategorized","7":"product_cat-psichologija-ir-saviugda","8":"product_tag-allan-pease","9":"product_tag-barbara-pease","10":"product_tag-bendravimas","11":"product_tag-humoro-knyga","12":"product_tag-lyciu-psichologija","13":"product_tag-santykiai","14":"product_tag-seima","15":"product_tag-vyru-ir-moteru-skirtumai","16":"desktop-align-left","17":"tablet-align-left","18":"mobile-align-left","20":"first","21":"instock","22":"shipping-taxable","23":"purchasable","24":"product-type-simple"},"acf":[],"yoast_head":"<!-- This site is optimized with the Yoast SEO plugin v27.0 - https:\/\/yoast.com\/product\/yoast-seo-wordpress\/ -->\n<title>Kod\u0117l vyrai vienu metu gali dirbti tik vien\u0105 darb\u0105, o moterys tiek daug kalba<\/title>\n<meta name=\"description\" content=\"Pamir\u0161kite visus politi\u0161kai teisingus dalykus, kuriuos esate gird\u0117j\u0119 apie prie\u0161ing\u0105 lyt\u012f! Glaustai ir \u0161maik\u0161\u010diai pateiktos mintys bei i\u0161vados i\u0161 Allano ir\" \/>\n<meta name=\"robots\" content=\"index, follow, max-snippet:-1, max-image-preview:large, max-video-preview:-1\" \/>\n<link rel=\"canonical\" href=\"https:\/\/skaitytaknyga.lt\/en\/produktas\/kodel-vyrai-vienu-metu-gali-dirbti-tik-viena-darba-o-moterys-tiek-daug-kalba\/\" \/>\n<meta property=\"og:locale\" content=\"en_GB\" \/>\n<meta property=\"og:locale:alternate\" content=\"lt_LT\" \/>\n<meta property=\"og:type\" content=\"article\" \/>\n<meta property=\"og:title\" content=\"Kod\u0117l vyrai vienu metu gali dirbti tik vien\u0105 darb\u0105, o moterys tiek daug kalba\" \/>\n<meta property=\"og:description\" content=\"Pamir\u0161kite visus politi\u0161kai teisingus dalykus, kuriuos esate gird\u0117j\u0119 apie prie\u0161ing\u0105 lyt\u012f! Glaustai ir \u0161maik\u0161\u010diai pateiktos mintys bei i\u0161vados i\u0161 Allano ir\" \/>\n<meta property=\"og:url\" content=\"https:\/\/skaitytaknyga.lt\/en\/produktas\/kodel-vyrai-vienu-metu-gali-dirbti-tik-viena-darba-o-moterys-tiek-daug-kalba\/\" \/>\n<meta property=\"og:site_name\" content=\"Skaitytaknyga\" \/>\n<meta property=\"article:publisher\" content=\"https:\/\/www.facebook.com\/skaitytaknyga\/\" \/>\n<meta property=\"article:modified_time\" content=\"2025-05-15T07:52:58+00:00\" \/>\n<meta property=\"og:image\" content=\"https:\/\/skaitytaknyga.lt\/wp-content\/uploads\/2024\/10\/Kodel-vyrai-vienu-metu-gali-dirbti-tik-viena-darba-o-moterys-tiek-daug-kalba.webp\" \/>\n\t<meta property=\"og:image:width\" content=\"556\" \/>\n\t<meta property=\"og:image:height\" content=\"800\" \/>\n\t<meta property=\"og:image:type\" content=\"image\/webp\" \/>\n<meta name=\"twitter:card\" content=\"summary_large_image\" \/>\n<meta name=\"twitter:label1\" content=\"Estimated reading time\" \/>\n\t<meta name=\"twitter:data1\" content=\"1 minute\" \/>\n<script type=\"application\/ld+json\" class=\"yoast-schema-graph\">{\"@context\":\"https:\/\/schema.org\",\"@graph\":[{\"@type\":\"WebPage\",\"@id\":\"https:\/\/skaitytaknyga.lt\/produktas\/kodel-vyrai-vienu-metu-gali-dirbti-tik-viena-darba-o-moterys-tiek-daug-kalba\/\",\"url\":\"https:\/\/skaitytaknyga.lt\/produktas\/kodel-vyrai-vienu-metu-gali-dirbti-tik-viena-darba-o-moterys-tiek-daug-kalba\/\",\"name\":\"Kod\u0117l vyrai vienu metu gali dirbti tik vien\u0105 darb\u0105, o moterys tiek daug kalba\",\"isPartOf\":{\"@id\":\"https:\/\/skaitytaknyga.lt\/#website\"},\"primaryImageOfPage\":{\"@id\":\"https:\/\/skaitytaknyga.lt\/produktas\/kodel-vyrai-vienu-metu-gali-dirbti-tik-viena-darba-o-moterys-tiek-daug-kalba\/#primaryimage\"},\"image\":{\"@id\":\"https:\/\/skaitytaknyga.lt\/produktas\/kodel-vyrai-vienu-metu-gali-dirbti-tik-viena-darba-o-moterys-tiek-daug-kalba\/#primaryimage\"},\"thumbnailUrl\":\"https:\/\/skaitytaknyga.lt\/wp-content\/uploads\/2024\/10\/Kodel-vyrai-vienu-metu-gali-dirbti-tik-viena-darba-o-moterys-tiek-daug-kalba.webp\",\"datePublished\":\"2024-10-18T10:32:44+00:00\",\"dateModified\":\"2025-05-15T07:52:58+00:00\",\"description\":\"Pamir\u0161kite visus politi\u0161kai teisingus dalykus, kuriuos esate gird\u0117j\u0119 apie prie\u0161ing\u0105 lyt\u012f! Glaustai ir \u0161maik\u0161\u010diai pateiktos mintys bei i\u0161vados i\u0161 Allano ir\",\"breadcrumb\":{\"@id\":\"https:\/\/skaitytaknyga.lt\/produktas\/kodel-vyrai-vienu-metu-gali-dirbti-tik-viena-darba-o-moterys-tiek-daug-kalba\/#breadcrumb\"},\"inLanguage\":\"en-GB\",\"potentialAction\":[{\"@type\":\"ReadAction\",\"target\":[\"https:\/\/skaitytaknyga.lt\/produktas\/kodel-vyrai-vienu-metu-gali-dirbti-tik-viena-darba-o-moterys-tiek-daug-kalba\/\"]}]},{\"@type\":\"ImageObject\",\"inLanguage\":\"en-GB\",\"@id\":\"https:\/\/skaitytaknyga.lt\/produktas\/kodel-vyrai-vienu-metu-gali-dirbti-tik-viena-darba-o-moterys-tiek-daug-kalba\/#primaryimage\",\"url\":\"https:\/\/skaitytaknyga.lt\/wp-content\/uploads\/2024\/10\/Kodel-vyrai-vienu-metu-gali-dirbti-tik-viena-darba-o-moterys-tiek-daug-kalba.webp\",\"contentUrl\":\"https:\/\/skaitytaknyga.lt\/wp-content\/uploads\/2024\/10\/Kodel-vyrai-vienu-metu-gali-dirbti-tik-viena-darba-o-moterys-tiek-daug-kalba.webp\",\"width\":556,\"height\":800,\"caption\":\"Kod\u0117l vyrai vienu metu gali dirbti tik vien\u0105 darb\u0105, o moterys tiek daug kalba\"},{\"@type\":\"BreadcrumbList\",\"@id\":\"https:\/\/skaitytaknyga.lt\/produktas\/kodel-vyrai-vienu-metu-gali-dirbti-tik-viena-darba-o-moterys-tiek-daug-kalba\/#breadcrumb\",\"itemListElement\":[{\"@type\":\"ListItem\",\"position\":1,\"name\":\"Home\",\"item\":\"https:\/\/skaitytaknyga.lt\/\"},{\"@type\":\"ListItem\",\"position\":2,\"name\":\"Parduotuv\u0117\",\"item\":\"https:\/\/skaitytaknyga.lt\/knygu-parduotuve\/\"},{\"@type\":\"ListItem\",\"position\":3,\"name\":\"Kod\u0117l vyrai vienu metu gali dirbti tik vien\u0105 darb\u0105, o moterys tiek daug kalba\"}]},{\"@type\":\"WebSite\",\"@id\":\"https:\/\/skaitytaknyga.lt\/#website\",\"url\":\"https:\/\/skaitytaknyga.lt\/\",\"name\":\"skaitytaknyga.lt\",\"description\":\"Skaitytaknyga.lt \u2013 tai ma\u017eas \u0161eimos verslas, kuris prasid\u0117jo nuo meil\u0117s knygoms ir siekio i\u0161gelb\u0117ti knygas nuo likimo prie konteinerio. Kas vienam nereikalingas daiktas \u2013 kitam lobis, o mes esame tarpininkai, kurie padeda abiems tapti laimingesniems ???? \u017dinome kaip nelengva i\u0161gyventi ma\u017eiems verslams, tad nuo \u0161iol, \u010dia rasite ir kit\u0173, ma\u017e\u0173 \u0161eim\u0173 versl\u0173, rank\u0173 darbo, dovan\u0173 sau ir artimiesiems.\",\"publisher\":{\"@id\":\"https:\/\/skaitytaknyga.lt\/#organization\"},\"potentialAction\":[{\"@type\":\"SearchAction\",\"target\":{\"@type\":\"EntryPoint\",\"urlTemplate\":\"https:\/\/skaitytaknyga.lt\/?s={search_term_string}\"},\"query-input\":{\"@type\":\"PropertyValueSpecification\",\"valueRequired\":true,\"valueName\":\"search_term_string\"}}],\"inLanguage\":\"en-GB\"},{\"@type\":\"Organization\",\"@id\":\"https:\/\/skaitytaknyga.lt\/#organization\",\"name\":\"skaitytaknyga.lt\",\"url\":\"https:\/\/skaitytaknyga.lt\/\",\"logo\":{\"@type\":\"ImageObject\",\"inLanguage\":\"en-GB\",\"@id\":\"https:\/\/skaitytaknyga.lt\/#\/schema\/logo\/image\/\",\"url\":\"https:\/\/skaitytaknyga.lt\/wp-content\/uploads\/2024\/05\/cropped-cropped-cropped-02_00843_jt3bggkj1j3HLc7SyY6rEUpg.jpeg\",\"contentUrl\":\"https:\/\/skaitytaknyga.lt\/wp-content\/uploads\/2024\/05\/cropped-cropped-cropped-02_00843_jt3bggkj1j3HLc7SyY6rEUpg.jpeg\",\"width\":1600,\"height\":1600,\"caption\":\"skaitytaknyga.lt\"},\"image\":{\"@id\":\"https:\/\/skaitytaknyga.lt\/#\/schema\/logo\/image\/\"},\"sameAs\":[\"https:\/\/www.facebook.com\/skaitytaknyga\/\"]}]}<\/script>\n<!-- \/ Yoast SEO plugin. -->","yoast_head_json":{"title":"Kod\u0117l vyrai vienu metu gali dirbti tik vien\u0105 darb\u0105, o moterys tiek daug kalba","description":"Pamir\u0161kite visus politi\u0161kai teisingus dalykus, kuriuos esate gird\u0117j\u0119 apie prie\u0161ing\u0105 lyt\u012f! Glaustai ir \u0161maik\u0161\u010diai pateiktos mintys bei i\u0161vados i\u0161 Allano ir","robots":{"index":"index","follow":"follow","max-snippet":"max-snippet:-1","max-image-preview":"max-image-preview:large","max-video-preview":"max-video-preview:-1"},"canonical":"https:\/\/skaitytaknyga.lt\/en\/produktas\/kodel-vyrai-vienu-metu-gali-dirbti-tik-viena-darba-o-moterys-tiek-daug-kalba\/","og_locale":"en_GB","og_type":"article","og_title":"[:lt]Kod\u0117l vyrai vienu metu gali dirbti tik vien\u0105 darb\u0105, o moterys tiek daug kalba[:] - Skaitytaknyga","og_description":"Pamir\u0161kite visus politi\u0161kai teisingus dalykus, kuriuos esate gird\u0117j\u0119 apie prie\u0161ing\u0105 lyt\u012f! Glaustai ir \u0161maik\u0161\u010diai pateiktos mintys bei i\u0161vados i\u0161 Allano ir","og_url":"https:\/\/skaitytaknyga.lt\/en\/produktas\/kodel-vyrai-vienu-metu-gali-dirbti-tik-viena-darba-o-moterys-tiek-daug-kalba\/","og_site_name":"Skaitytaknyga","article_publisher":"https:\/\/www.facebook.com\/skaitytaknyga\/","article_modified_time":"2025-05-15T07:52:58+00:00","og_image":[{"width":556,"height":800,"url":"https:\/\/skaitytaknyga.lt\/wp-content\/uploads\/2024\/10\/Kodel-vyrai-vienu-metu-gali-dirbti-tik-viena-darba-o-moterys-tiek-daug-kalba.webp","type":"image\/webp"}],"twitter_card":"summary_large_image","twitter_misc":{"Estimated reading time":"1 minute"},"schema":{"@context":"https:\/\/schema.org","@graph":[{"@type":"WebPage","@id":"https:\/\/skaitytaknyga.lt\/produktas\/kodel-vyrai-vienu-metu-gali-dirbti-tik-viena-darba-o-moterys-tiek-daug-kalba\/","url":"https:\/\/skaitytaknyga.lt\/produktas\/kodel-vyrai-vienu-metu-gali-dirbti-tik-viena-darba-o-moterys-tiek-daug-kalba\/","name":"Kod\u0117l vyrai vienu metu gali dirbti tik vien\u0105 darb\u0105, o moterys tiek daug kalba","isPartOf":{"@id":"https:\/\/skaitytaknyga.lt\/#website"},"primaryImageOfPage":{"@id":"https:\/\/skaitytaknyga.lt\/produktas\/kodel-vyrai-vienu-metu-gali-dirbti-tik-viena-darba-o-moterys-tiek-daug-kalba\/#primaryimage"},"image":{"@id":"https:\/\/skaitytaknyga.lt\/produktas\/kodel-vyrai-vienu-metu-gali-dirbti-tik-viena-darba-o-moterys-tiek-daug-kalba\/#primaryimage"},"thumbnailUrl":"https:\/\/skaitytaknyga.lt\/wp-content\/uploads\/2024\/10\/Kodel-vyrai-vienu-metu-gali-dirbti-tik-viena-darba-o-moterys-tiek-daug-kalba.webp","datePublished":"2024-10-18T10:32:44+00:00","dateModified":"2025-05-15T07:52:58+00:00","description":"Pamir\u0161kite visus politi\u0161kai teisingus dalykus, kuriuos esate gird\u0117j\u0119 apie prie\u0161ing\u0105 lyt\u012f! Glaustai ir \u0161maik\u0161\u010diai pateiktos mintys bei i\u0161vados i\u0161 Allano ir","breadcrumb":{"@id":"https:\/\/skaitytaknyga.lt\/produktas\/kodel-vyrai-vienu-metu-gali-dirbti-tik-viena-darba-o-moterys-tiek-daug-kalba\/#breadcrumb"},"inLanguage":"en-GB","potentialAction":[{"@type":"ReadAction","target":["https:\/\/skaitytaknyga.lt\/produktas\/kodel-vyrai-vienu-metu-gali-dirbti-tik-viena-darba-o-moterys-tiek-daug-kalba\/"]}]},{"@type":"ImageObject","inLanguage":"en-GB","@id":"https:\/\/skaitytaknyga.lt\/produktas\/kodel-vyrai-vienu-metu-gali-dirbti-tik-viena-darba-o-moterys-tiek-daug-kalba\/#primaryimage","url":"https:\/\/skaitytaknyga.lt\/wp-content\/uploads\/2024\/10\/Kodel-vyrai-vienu-metu-gali-dirbti-tik-viena-darba-o-moterys-tiek-daug-kalba.webp","contentUrl":"https:\/\/skaitytaknyga.lt\/wp-content\/uploads\/2024\/10\/Kodel-vyrai-vienu-metu-gali-dirbti-tik-viena-darba-o-moterys-tiek-daug-kalba.webp","width":556,"height":800,"caption":"Kod\u0117l vyrai vienu metu gali dirbti tik vien\u0105 darb\u0105, o moterys tiek daug kalba"},{"@type":"BreadcrumbList","@id":"https:\/\/skaitytaknyga.lt\/produktas\/kodel-vyrai-vienu-metu-gali-dirbti-tik-viena-darba-o-moterys-tiek-daug-kalba\/#breadcrumb","itemListElement":[{"@type":"ListItem","position":1,"name":"Home","item":"https:\/\/skaitytaknyga.lt\/"},{"@type":"ListItem","position":2,"name":"Parduotuv\u0117","item":"https:\/\/skaitytaknyga.lt\/knygu-parduotuve\/"},{"@type":"ListItem","position":3,"name":"Kod\u0117l vyrai vienu metu gali dirbti tik vien\u0105 darb\u0105, o moterys tiek daug kalba"}]},{"@type":"WebSite","@id":"https:\/\/skaitytaknyga.lt\/#website","url":"https:\/\/skaitytaknyga.lt\/","name":"skaitytaknyga.lt","description":"Skaitytaknyga.lt \u2013 tai ma\u017eas \u0161eimos verslas, kuris prasid\u0117jo nuo meil\u0117s knygoms ir siekio i\u0161gelb\u0117ti knygas nuo likimo prie konteinerio. Kas vienam nereikalingas daiktas \u2013 kitam lobis, o mes esame tarpininkai, kurie padeda abiems tapti laimingesniems ???? \u017dinome kaip nelengva i\u0161gyventi ma\u017eiems verslams, tad nuo \u0161iol, \u010dia rasite ir kit\u0173, ma\u017e\u0173 \u0161eim\u0173 versl\u0173, rank\u0173 darbo, dovan\u0173 sau ir artimiesiems.","publisher":{"@id":"https:\/\/skaitytaknyga.lt\/#organization"},"potentialAction":[{"@type":"SearchAction","target":{"@type":"EntryPoint","urlTemplate":"https:\/\/skaitytaknyga.lt\/?s={search_term_string}"},"query-input":{"@type":"PropertyValueSpecification","valueRequired":true,"valueName":"search_term_string"}}],"inLanguage":"en-GB"},{"@type":"Organization","@id":"https:\/\/skaitytaknyga.lt\/#organization","name":"skaitytaknyga.lt","url":"https:\/\/skaitytaknyga.lt\/","logo":{"@type":"ImageObject","inLanguage":"en-GB","@id":"https:\/\/skaitytaknyga.lt\/#\/schema\/logo\/image\/","url":"https:\/\/skaitytaknyga.lt\/wp-content\/uploads\/2024\/05\/cropped-cropped-cropped-02_00843_jt3bggkj1j3HLc7SyY6rEUpg.jpeg","contentUrl":"https:\/\/skaitytaknyga.lt\/wp-content\/uploads\/2024\/05\/cropped-cropped-cropped-02_00843_jt3bggkj1j3HLc7SyY6rEUpg.jpeg","width":1600,"height":1600,"caption":"skaitytaknyga.lt"},"image":{"@id":"https:\/\/skaitytaknyga.lt\/#\/schema\/logo\/image\/"},"sameAs":["https:\/\/www.facebook.com\/skaitytaknyga\/"]}]}},"_links":{"self":[{"href":"https:\/\/skaitytaknyga.lt\/en\/wp-json\/wp\/v2\/product\/14335","targetHints":{"allow":["GET"]}}],"collection":[{"href":"https:\/\/skaitytaknyga.lt\/en\/wp-json\/wp\/v2\/product"}],"about":[{"href":"https:\/\/skaitytaknyga.lt\/en\/wp-json\/wp\/v2\/types\/product"}],"replies":[{"embeddable":true,"href":"https:\/\/skaitytaknyga.lt\/en\/wp-json\/wp\/v2\/comments?post=14335"}],"wp:featuredmedia":[{"embeddable":true,"href":"https:\/\/skaitytaknyga.lt\/en\/wp-json\/wp\/v2\/media\/14372"}],"wp:attachment":[{"href":"https:\/\/skaitytaknyga.lt\/en\/wp-json\/wp\/v2\/media?parent=14335"}],"wp:term":[{"taxonomy":"product_brand","embeddable":true,"href":"https:\/\/skaitytaknyga.lt\/en\/wp-json\/wp\/v2\/product_brand?post=14335"},{"taxonomy":"product_cat","embeddable":true,"href":"https:\/\/skaitytaknyga.lt\/en\/wp-json\/wp\/v2\/product_cat?post=14335"},{"taxonomy":"product_tag","embeddable":true,"href":"https:\/\/skaitytaknyga.lt\/en\/wp-json\/wp\/v2\/product_tag?post=14335"}],"curies":[{"name":"wp","href":"https:\/\/api.w.org\/{rel}","templated":true}]}}