{"id":14333,"date":"2024-10-18T13:32:44","date_gmt":"2024-10-18T10:32:44","guid":{"rendered":"https:\/\/skaitytaknyga.lt\/?post_type=product&#038;p=14333"},"modified":"2024-10-25T12:37:42","modified_gmt":"2024-10-25T09:37:42","slug":"mazasis-princas","status":"publish","type":"product","link":"https:\/\/skaitytaknyga.lt\/en\/produktas\/mazasis-princas\/","title":{"rendered":"Ma\u017easis princas"},"content":{"rendered":"<p>\u201eSvarbiausi dalykai akims nematomi.\u201c \u2013 Antoine de Saint-Exup\u00e9ry<\/p>\n<p><strong>\u201eMa\u017easis princas\u201c<\/strong>\u00a0\u2013 klasika tapusi alegorin\u0117 pasaka, iki \u0161iol \u017eavinti viso pasaulio vaikus ir suaugusiuosius. A. de Saint-Exup\u00e9ry moko mus i\u0161minties nemoralizuodamas ir nenusileisdamas iki sentimentalumo, o neretai ir \u0161maik\u0161\u010diai pajuokaudamas. Tai knyga apie berniuk\u0105 i\u0161 kitos planetos, apie jo tarpplanetines keliones ir sykiu i\u0161mintingas pasakojimas apie \u017emogaus lemt\u012f, draugyst\u0119, vienatv\u0119 ir vieni\u0161um\u0105.<\/p>\n<p><strong>Antoine&#8217;as de Saint-Exup\u00e9ry<\/strong>\u00a0(1900\u20131944) \u2013 pranc\u016bz\u0173 ra\u0161ytojas ir lak\u016bnas. B\u016bdamas dvylikos met\u0173 pirm\u0105 kart\u0105 pakilo \u012f or\u0105 l\u0117ktuvu, ir \u0161is \u012fvykis nul\u0117m\u0117 jo likim\u0105: jis tapo profesionaliu lak\u016bnu. Antrojo pasaulinio karo metais ra\u0161ytojas tarnavo karo \u017evalgybos aviacijoje. 1943 m. para\u0161\u0119s \u201eMa\u017e\u0105j\u012f princ\u0105\u201c ir pats \u0161i\u0105 knyg\u0105 iliustrav\u0119s, peln\u0117 nebl\u0117stan\u010di\u0105 \u0161lov\u0119. Vos po met\u0173 nuo knygos pasirodymo ra\u0161ytojas \u017euvo vykdydamas karin\u0119 u\u017eduot\u012f.<\/p>\n<p><strong>Rekomenduojama literat\u016bra 4 klasei.<\/strong><\/p>\n","protected":false},"excerpt":{"rendered":"<p>\u201eSvarbiausi dalykai akims nematomi.\u201c \u2013 Antoine de Saint-Exup\u00e9ry \u201eMa\u017easis princas\u201c\u00a0\u2013 klasika tapusi alegorin\u0117 pasaka, iki \u0161iol \u017eavinti viso pasaulio vaikus ir suaugusiuosius. A. de Saint-Exup\u00e9ry moko mus i\u0161minties nemoralizuodamas ir nenusileisdamas iki sentimentalumo, o neretai ir \u0161maik\u0161\u010diai pajuokaudamas. Tai knyga apie berniuk\u0105 i\u0161 kitos planetos, apie jo tarpplanetines keliones ir sykiu i\u0161mintingas pasakojimas apie \u017emogaus lemt\u012f, draugyst\u0119, vienatv\u0119 ir vieni\u0161um\u0105. Antoine&#8217;as de Saint-Exup\u00e9ry\u00a0(1900\u20131944) \u2013 pranc\u016bz\u0173 ra\u0161ytojas ir lak\u016bnas. B\u016bdamas dvylikos met\u0173 pirm\u0105 kart\u0105 pakilo \u012f or\u0105 l\u0117ktuvu, ir \u0161is \u012fvykis nul\u0117m\u0117 jo likim\u0105: jis tapo profesionaliu lak\u016bnu. Antrojo pasaulinio karo metais ra\u0161ytojas tarnavo karo \u017evalgybos aviacijoje. 1943 m. para\u0161\u0119s \u201eMa\u017e\u0105j\u012f princ\u0105\u201c ir pats \u0161i\u0105 knyg\u0105 iliustrav\u0119s, peln\u0117 nebl\u0117stan\u010di\u0105 \u0161lov\u0119. Vos po met\u0173 nuo knygos pasirodymo ra\u0161ytojas \u017euvo vykdydamas karin\u0119 u\u017eduot\u012f. Rekomenduojama literat\u016bra 4 klasei.<\/p>\n","protected":false},"featured_media":14374,"comment_status":"open","ping_status":"closed","template":"","meta":{"_acf_changed":false,"site-sidebar-layout":"default","site-content-layout":"","ast-site-content-layout":"default","site-content-style":"default","site-sidebar-style":"default","ast-global-header-display":"","ast-banner-title-visibility":"","ast-main-header-display":"","ast-hfb-above-header-display":"","ast-hfb-below-header-display":"","ast-hfb-mobile-header-display":"","site-post-title":"","ast-breadcrumbs-content":"","ast-featured-img":"","footer-sml-layout":"","ast-disable-related-posts":"","theme-transparent-header-meta":"default","adv-header-id-meta":"","stick-header-meta":"","header-above-stick-meta":"","header-main-stick-meta":"","header-below-stick-meta":"","astra-migrate-meta-layouts":"set","ast-page-background-enabled":"default","ast-page-background-meta":{"desktop":{"background-color":"","background-image":"","background-repeat":"repeat","background-position":"center center","background-size":"auto","background-attachment":"scroll","background-type":"","background-media":"","overlay-type":"","overlay-color":"","overlay-opacity":"","overlay-gradient":""},"tablet":{"background-color":"","background-image":"","background-repeat":"repeat","background-position":"center center","background-size":"auto","background-attachment":"scroll","background-type":"","background-media":"","overlay-type":"","overlay-color":"","overlay-opacity":"","overlay-gradient":""},"mobile":{"background-color":"","background-image":"","background-repeat":"repeat","background-position":"center center","background-size":"auto","background-attachment":"scroll","background-type":"","background-media":"","overlay-type":"","overlay-color":"","overlay-opacity":"","overlay-gradient":""}},"ast-content-background-meta":{"desktop":{"background-color":"var(--ast-global-color-4)","background-image":"","background-repeat":"repeat","background-position":"center center","background-size":"auto","background-attachment":"scroll","background-type":"","background-media":"","overlay-type":"","overlay-color":"","overlay-opacity":"","overlay-gradient":""},"tablet":{"background-color":"var(--ast-global-color-4)","background-image":"","background-repeat":"repeat","background-position":"center center","background-size":"auto","background-attachment":"scroll","background-type":"","background-media":"","overlay-type":"","overlay-color":"","overlay-opacity":"","overlay-gradient":""},"mobile":{"background-color":"var(--ast-global-color-4)","background-image":"","background-repeat":"repeat","background-position":"center center","background-size":"auto","background-attachment":"scroll","background-type":"","background-media":"","overlay-type":"","overlay-color":"","overlay-opacity":"","overlay-gradient":""}}},"product_brand":[],"product_cat":[15,35],"product_tag":[],"class_list":{"0":"post-14333","1":"product","2":"type-product","3":"status-publish","4":"has-post-thumbnail","6":"product_cat-uncategorized","7":"product_cat-vaikams-ir-paaugliams","8":"desktop-align-left","9":"tablet-align-left","10":"mobile-align-left","12":"first","13":"instock","14":"shipping-taxable","15":"purchasable","16":"product-type-simple"},"acf":[],"yoast_head":"<!-- This site is optimized with the Yoast SEO plugin v27.0 - https:\/\/yoast.com\/product\/yoast-seo-wordpress\/ -->\n<title>Ma\u017easis princas<\/title>\n<meta name=\"description\" content=\"\u201eSvarbiausi dalykai akims nematomi.\u201c \u2013 Antoine de Saint-Exup\u00e9ry \u201eMa\u017easis princas\u201c\u00a0\u2013 klasika tapusi alegorin\u0117 pasaka, iki \u0161iol \u017eavinti viso pasaulio vaikus\" \/>\n<meta name=\"robots\" content=\"index, follow, max-snippet:-1, max-image-preview:large, max-video-preview:-1\" \/>\n<link rel=\"canonical\" href=\"https:\/\/skaitytaknyga.lt\/en\/produktas\/mazasis-princas\/\" \/>\n<meta property=\"og:locale\" content=\"en_GB\" \/>\n<meta property=\"og:locale:alternate\" content=\"lt_LT\" \/>\n<meta property=\"og:type\" content=\"article\" \/>\n<meta property=\"og:title\" content=\"Ma\u017easis princas\" \/>\n<meta property=\"og:description\" content=\"\u201eSvarbiausi dalykai akims nematomi.\u201c \u2013 Antoine de Saint-Exup\u00e9ry \u201eMa\u017easis princas\u201c\u00a0\u2013 klasika tapusi alegorin\u0117 pasaka, iki \u0161iol \u017eavinti viso pasaulio vaikus\" \/>\n<meta property=\"og:url\" content=\"https:\/\/skaitytaknyga.lt\/en\/produktas\/mazasis-princas\/\" \/>\n<meta property=\"og:site_name\" content=\"Skaitytaknyga\" \/>\n<meta property=\"article:publisher\" content=\"https:\/\/www.facebook.com\/skaitytaknyga\/\" \/>\n<meta property=\"article:modified_time\" content=\"2024-10-25T09:37:42+00:00\" \/>\n<meta property=\"og:image\" content=\"https:\/\/skaitytaknyga.lt\/wp-content\/uploads\/2024\/10\/Mazasis-princas.webp\" \/>\n\t<meta property=\"og:image:width\" content=\"380\" \/>\n\t<meta property=\"og:image:height\" content=\"600\" \/>\n\t<meta property=\"og:image:type\" content=\"image\/webp\" \/>\n<meta name=\"twitter:card\" content=\"summary_large_image\" \/>\n<meta name=\"twitter:label1\" content=\"Estimated reading time\" \/>\n\t<meta name=\"twitter:data1\" content=\"1 minute\" \/>\n<script type=\"application\/ld+json\" class=\"yoast-schema-graph\">{\"@context\":\"https:\/\/schema.org\",\"@graph\":[{\"@type\":\"WebPage\",\"@id\":\"https:\/\/skaitytaknyga.lt\/produktas\/mazasis-princas\/\",\"url\":\"https:\/\/skaitytaknyga.lt\/produktas\/mazasis-princas\/\",\"name\":\"Ma\u017easis princas\",\"isPartOf\":{\"@id\":\"https:\/\/skaitytaknyga.lt\/#website\"},\"primaryImageOfPage\":{\"@id\":\"https:\/\/skaitytaknyga.lt\/produktas\/mazasis-princas\/#primaryimage\"},\"image\":{\"@id\":\"https:\/\/skaitytaknyga.lt\/produktas\/mazasis-princas\/#primaryimage\"},\"thumbnailUrl\":\"https:\/\/skaitytaknyga.lt\/wp-content\/uploads\/2024\/10\/Mazasis-princas.webp\",\"datePublished\":\"2024-10-18T10:32:44+00:00\",\"dateModified\":\"2024-10-25T09:37:42+00:00\",\"description\":\"\u201eSvarbiausi dalykai akims nematomi.\u201c \u2013 Antoine de Saint-Exup\u00e9ry \u201eMa\u017easis princas\u201c\u00a0\u2013 klasika tapusi alegorin\u0117 pasaka, iki \u0161iol \u017eavinti viso pasaulio vaikus\",\"breadcrumb\":{\"@id\":\"https:\/\/skaitytaknyga.lt\/produktas\/mazasis-princas\/#breadcrumb\"},\"inLanguage\":\"en-GB\",\"potentialAction\":[{\"@type\":\"ReadAction\",\"target\":[\"https:\/\/skaitytaknyga.lt\/produktas\/mazasis-princas\/\"]}]},{\"@type\":\"ImageObject\",\"inLanguage\":\"en-GB\",\"@id\":\"https:\/\/skaitytaknyga.lt\/produktas\/mazasis-princas\/#primaryimage\",\"url\":\"https:\/\/skaitytaknyga.lt\/wp-content\/uploads\/2024\/10\/Mazasis-princas.webp\",\"contentUrl\":\"https:\/\/skaitytaknyga.lt\/wp-content\/uploads\/2024\/10\/Mazasis-princas.webp\",\"width\":380,\"height\":600,\"caption\":\"Ma\u017easis princas\"},{\"@type\":\"BreadcrumbList\",\"@id\":\"https:\/\/skaitytaknyga.lt\/produktas\/mazasis-princas\/#breadcrumb\",\"itemListElement\":[{\"@type\":\"ListItem\",\"position\":1,\"name\":\"Home\",\"item\":\"https:\/\/skaitytaknyga.lt\/\"},{\"@type\":\"ListItem\",\"position\":2,\"name\":\"Parduotuv\u0117\",\"item\":\"https:\/\/skaitytaknyga.lt\/knygu-parduotuve\/\"},{\"@type\":\"ListItem\",\"position\":3,\"name\":\"Ma\u017easis princas\"}]},{\"@type\":\"WebSite\",\"@id\":\"https:\/\/skaitytaknyga.lt\/#website\",\"url\":\"https:\/\/skaitytaknyga.lt\/\",\"name\":\"skaitytaknyga.lt\",\"description\":\"Skaitytaknyga.lt \u2013 tai ma\u017eas \u0161eimos verslas, kuris prasid\u0117jo nuo meil\u0117s knygoms ir siekio i\u0161gelb\u0117ti knygas nuo likimo prie konteinerio. Kas vienam nereikalingas daiktas \u2013 kitam lobis, o mes esame tarpininkai, kurie padeda abiems tapti laimingesniems ???? \u017dinome kaip nelengva i\u0161gyventi ma\u017eiems verslams, tad nuo \u0161iol, \u010dia rasite ir kit\u0173, ma\u017e\u0173 \u0161eim\u0173 versl\u0173, rank\u0173 darbo, dovan\u0173 sau ir artimiesiems.\",\"publisher\":{\"@id\":\"https:\/\/skaitytaknyga.lt\/#organization\"},\"potentialAction\":[{\"@type\":\"SearchAction\",\"target\":{\"@type\":\"EntryPoint\",\"urlTemplate\":\"https:\/\/skaitytaknyga.lt\/?s={search_term_string}\"},\"query-input\":{\"@type\":\"PropertyValueSpecification\",\"valueRequired\":true,\"valueName\":\"search_term_string\"}}],\"inLanguage\":\"en-GB\"},{\"@type\":\"Organization\",\"@id\":\"https:\/\/skaitytaknyga.lt\/#organization\",\"name\":\"skaitytaknyga.lt\",\"url\":\"https:\/\/skaitytaknyga.lt\/\",\"logo\":{\"@type\":\"ImageObject\",\"inLanguage\":\"en-GB\",\"@id\":\"https:\/\/skaitytaknyga.lt\/#\/schema\/logo\/image\/\",\"url\":\"https:\/\/skaitytaknyga.lt\/wp-content\/uploads\/2024\/05\/cropped-cropped-cropped-02_00843_jt3bggkj1j3HLc7SyY6rEUpg.jpeg\",\"contentUrl\":\"https:\/\/skaitytaknyga.lt\/wp-content\/uploads\/2024\/05\/cropped-cropped-cropped-02_00843_jt3bggkj1j3HLc7SyY6rEUpg.jpeg\",\"width\":1600,\"height\":1600,\"caption\":\"skaitytaknyga.lt\"},\"image\":{\"@id\":\"https:\/\/skaitytaknyga.lt\/#\/schema\/logo\/image\/\"},\"sameAs\":[\"https:\/\/www.facebook.com\/skaitytaknyga\/\"]}]}<\/script>\n<!-- \/ Yoast SEO plugin. -->","yoast_head_json":{"title":"Ma\u017easis princas","description":"\u201eSvarbiausi dalykai akims nematomi.\u201c \u2013 Antoine de Saint-Exup\u00e9ry \u201eMa\u017easis princas\u201c\u00a0\u2013 klasika tapusi alegorin\u0117 pasaka, iki \u0161iol \u017eavinti viso pasaulio vaikus","robots":{"index":"index","follow":"follow","max-snippet":"max-snippet:-1","max-image-preview":"max-image-preview:large","max-video-preview":"max-video-preview:-1"},"canonical":"https:\/\/skaitytaknyga.lt\/en\/produktas\/mazasis-princas\/","og_locale":"en_GB","og_type":"article","og_title":"[:lt]Ma\u017easis princas[:] - Skaitytaknyga","og_description":"\u201eSvarbiausi dalykai akims nematomi.\u201c \u2013 Antoine de Saint-Exup\u00e9ry \u201eMa\u017easis princas\u201c\u00a0\u2013 klasika tapusi alegorin\u0117 pasaka, iki \u0161iol \u017eavinti viso pasaulio vaikus","og_url":"https:\/\/skaitytaknyga.lt\/en\/produktas\/mazasis-princas\/","og_site_name":"Skaitytaknyga","article_publisher":"https:\/\/www.facebook.com\/skaitytaknyga\/","article_modified_time":"2024-10-25T09:37:42+00:00","og_image":[{"width":380,"height":600,"url":"https:\/\/skaitytaknyga.lt\/wp-content\/uploads\/2024\/10\/Mazasis-princas.webp","type":"image\/webp"}],"twitter_card":"summary_large_image","twitter_misc":{"Estimated reading time":"1 minute"},"schema":{"@context":"https:\/\/schema.org","@graph":[{"@type":"WebPage","@id":"https:\/\/skaitytaknyga.lt\/produktas\/mazasis-princas\/","url":"https:\/\/skaitytaknyga.lt\/produktas\/mazasis-princas\/","name":"Ma\u017easis princas","isPartOf":{"@id":"https:\/\/skaitytaknyga.lt\/#website"},"primaryImageOfPage":{"@id":"https:\/\/skaitytaknyga.lt\/produktas\/mazasis-princas\/#primaryimage"},"image":{"@id":"https:\/\/skaitytaknyga.lt\/produktas\/mazasis-princas\/#primaryimage"},"thumbnailUrl":"https:\/\/skaitytaknyga.lt\/wp-content\/uploads\/2024\/10\/Mazasis-princas.webp","datePublished":"2024-10-18T10:32:44+00:00","dateModified":"2024-10-25T09:37:42+00:00","description":"\u201eSvarbiausi dalykai akims nematomi.\u201c \u2013 Antoine de Saint-Exup\u00e9ry \u201eMa\u017easis princas\u201c\u00a0\u2013 klasika tapusi alegorin\u0117 pasaka, iki \u0161iol \u017eavinti viso pasaulio vaikus","breadcrumb":{"@id":"https:\/\/skaitytaknyga.lt\/produktas\/mazasis-princas\/#breadcrumb"},"inLanguage":"en-GB","potentialAction":[{"@type":"ReadAction","target":["https:\/\/skaitytaknyga.lt\/produktas\/mazasis-princas\/"]}]},{"@type":"ImageObject","inLanguage":"en-GB","@id":"https:\/\/skaitytaknyga.lt\/produktas\/mazasis-princas\/#primaryimage","url":"https:\/\/skaitytaknyga.lt\/wp-content\/uploads\/2024\/10\/Mazasis-princas.webp","contentUrl":"https:\/\/skaitytaknyga.lt\/wp-content\/uploads\/2024\/10\/Mazasis-princas.webp","width":380,"height":600,"caption":"Ma\u017easis princas"},{"@type":"BreadcrumbList","@id":"https:\/\/skaitytaknyga.lt\/produktas\/mazasis-princas\/#breadcrumb","itemListElement":[{"@type":"ListItem","position":1,"name":"Home","item":"https:\/\/skaitytaknyga.lt\/"},{"@type":"ListItem","position":2,"name":"Parduotuv\u0117","item":"https:\/\/skaitytaknyga.lt\/knygu-parduotuve\/"},{"@type":"ListItem","position":3,"name":"Ma\u017easis princas"}]},{"@type":"WebSite","@id":"https:\/\/skaitytaknyga.lt\/#website","url":"https:\/\/skaitytaknyga.lt\/","name":"skaitytaknyga.lt","description":"Skaitytaknyga.lt \u2013 tai ma\u017eas \u0161eimos verslas, kuris prasid\u0117jo nuo meil\u0117s knygoms ir siekio i\u0161gelb\u0117ti knygas nuo likimo prie konteinerio. Kas vienam nereikalingas daiktas \u2013 kitam lobis, o mes esame tarpininkai, kurie padeda abiems tapti laimingesniems ???? \u017dinome kaip nelengva i\u0161gyventi ma\u017eiems verslams, tad nuo \u0161iol, \u010dia rasite ir kit\u0173, ma\u017e\u0173 \u0161eim\u0173 versl\u0173, rank\u0173 darbo, dovan\u0173 sau ir artimiesiems.","publisher":{"@id":"https:\/\/skaitytaknyga.lt\/#organization"},"potentialAction":[{"@type":"SearchAction","target":{"@type":"EntryPoint","urlTemplate":"https:\/\/skaitytaknyga.lt\/?s={search_term_string}"},"query-input":{"@type":"PropertyValueSpecification","valueRequired":true,"valueName":"search_term_string"}}],"inLanguage":"en-GB"},{"@type":"Organization","@id":"https:\/\/skaitytaknyga.lt\/#organization","name":"skaitytaknyga.lt","url":"https:\/\/skaitytaknyga.lt\/","logo":{"@type":"ImageObject","inLanguage":"en-GB","@id":"https:\/\/skaitytaknyga.lt\/#\/schema\/logo\/image\/","url":"https:\/\/skaitytaknyga.lt\/wp-content\/uploads\/2024\/05\/cropped-cropped-cropped-02_00843_jt3bggkj1j3HLc7SyY6rEUpg.jpeg","contentUrl":"https:\/\/skaitytaknyga.lt\/wp-content\/uploads\/2024\/05\/cropped-cropped-cropped-02_00843_jt3bggkj1j3HLc7SyY6rEUpg.jpeg","width":1600,"height":1600,"caption":"skaitytaknyga.lt"},"image":{"@id":"https:\/\/skaitytaknyga.lt\/#\/schema\/logo\/image\/"},"sameAs":["https:\/\/www.facebook.com\/skaitytaknyga\/"]}]}},"_links":{"self":[{"href":"https:\/\/skaitytaknyga.lt\/en\/wp-json\/wp\/v2\/product\/14333","targetHints":{"allow":["GET"]}}],"collection":[{"href":"https:\/\/skaitytaknyga.lt\/en\/wp-json\/wp\/v2\/product"}],"about":[{"href":"https:\/\/skaitytaknyga.lt\/en\/wp-json\/wp\/v2\/types\/product"}],"replies":[{"embeddable":true,"href":"https:\/\/skaitytaknyga.lt\/en\/wp-json\/wp\/v2\/comments?post=14333"}],"wp:featuredmedia":[{"embeddable":true,"href":"https:\/\/skaitytaknyga.lt\/en\/wp-json\/wp\/v2\/media\/14374"}],"wp:attachment":[{"href":"https:\/\/skaitytaknyga.lt\/en\/wp-json\/wp\/v2\/media?parent=14333"}],"wp:term":[{"taxonomy":"product_brand","embeddable":true,"href":"https:\/\/skaitytaknyga.lt\/en\/wp-json\/wp\/v2\/product_brand?post=14333"},{"taxonomy":"product_cat","embeddable":true,"href":"https:\/\/skaitytaknyga.lt\/en\/wp-json\/wp\/v2\/product_cat?post=14333"},{"taxonomy":"product_tag","embeddable":true,"href":"https:\/\/skaitytaknyga.lt\/en\/wp-json\/wp\/v2\/product_tag?post=14333"}],"curies":[{"name":"wp","href":"https:\/\/api.w.org\/{rel}","templated":true}]}}