{"id":14332,"date":"2024-10-18T13:32:44","date_gmt":"2024-10-18T10:32:44","guid":{"rendered":"https:\/\/skaitytaknyga.lt\/?post_type=product&#038;p=14332"},"modified":"2024-10-25T12:37:09","modified_gmt":"2024-10-25T09:37:09","slug":"biciu-produktu-gydomosios-ypatybes-medaus-valgiai","status":"publish","type":"product","link":"https:\/\/skaitytaknyga.lt\/en\/produktas\/biciu-produktu-gydomosios-ypatybes-medaus-valgiai\/","title":{"rendered":"Bi\u010di\u0173 produkt\u0173 gydomosios ypatyb\u0117s. Medaus valgiai"},"content":{"rendered":"<p>Latvi\u0173 gydytojos knygel\u0117je supa\u017eindinama su bi\u010di\u0173 pikio, pienelio, nuod\u0173, \u017eiedadulki\u0173 ir duonos, medaus chemine sud\u0117timi bei biologin\u0117mis ypatyb\u0117mis.<\/p>\n<p>Patariama kaip vartoti bi\u010di\u0173 produktus sergant \u012fvairiomis ligomis, taip pat profilaktikai namie ir gydymosi \u012fstaigose.<\/p>\n<p>Knygel\u0117je gausu \u012fvairi\u0173 patiekal\u0173 su medumi.<\/p>\n","protected":false},"excerpt":{"rendered":"<p>Latvi\u0173 gydytojos knygel\u0117je supa\u017eindinama su bi\u010di\u0173 pikio, pienelio, nuod\u0173, \u017eiedadulki\u0173 ir duonos, medaus chemine sud\u0117timi bei biologin\u0117mis ypatyb\u0117mis. Patariama kaip vartoti bi\u010di\u0173 produktus sergant \u012fvairiomis ligomis, taip pat profilaktikai namie ir gydymosi \u012fstaigose. Knygel\u0117je gausu \u012fvairi\u0173 patiekal\u0173 su medumi.<\/p>\n","protected":false},"featured_media":14375,"comment_status":"open","ping_status":"closed","template":"","meta":{"_acf_changed":false,"site-sidebar-layout":"default","site-content-layout":"","ast-site-content-layout":"default","site-content-style":"default","site-sidebar-style":"default","ast-global-header-display":"","ast-banner-title-visibility":"","ast-main-header-display":"","ast-hfb-above-header-display":"","ast-hfb-below-header-display":"","ast-hfb-mobile-header-display":"","site-post-title":"","ast-breadcrumbs-content":"","ast-featured-img":"","footer-sml-layout":"","ast-disable-related-posts":"","theme-transparent-header-meta":"default","adv-header-id-meta":"","stick-header-meta":"","header-above-stick-meta":"","header-main-stick-meta":"","header-below-stick-meta":"","astra-migrate-meta-layouts":"set","ast-page-background-enabled":"default","ast-page-background-meta":{"desktop":{"background-color":"","background-image":"","background-repeat":"repeat","background-position":"center center","background-size":"auto","background-attachment":"scroll","background-type":"","background-media":"","overlay-type":"","overlay-color":"","overlay-opacity":"","overlay-gradient":""},"tablet":{"background-color":"","background-image":"","background-repeat":"repeat","background-position":"center center","background-size":"auto","background-attachment":"scroll","background-type":"","background-media":"","overlay-type":"","overlay-color":"","overlay-opacity":"","overlay-gradient":""},"mobile":{"background-color":"","background-image":"","background-repeat":"repeat","background-position":"center center","background-size":"auto","background-attachment":"scroll","background-type":"","background-media":"","overlay-type":"","overlay-color":"","overlay-opacity":"","overlay-gradient":""}},"ast-content-background-meta":{"desktop":{"background-color":"var(--ast-global-color-4)","background-image":"","background-repeat":"repeat","background-position":"center center","background-size":"auto","background-attachment":"scroll","background-type":"","background-media":"","overlay-type":"","overlay-color":"","overlay-opacity":"","overlay-gradient":""},"tablet":{"background-color":"var(--ast-global-color-4)","background-image":"","background-repeat":"repeat","background-position":"center center","background-size":"auto","background-attachment":"scroll","background-type":"","background-media":"","overlay-type":"","overlay-color":"","overlay-opacity":"","overlay-gradient":""},"mobile":{"background-color":"var(--ast-global-color-4)","background-image":"","background-repeat":"repeat","background-position":"center center","background-size":"auto","background-attachment":"scroll","background-type":"","background-media":"","overlay-type":"","overlay-color":"","overlay-opacity":"","overlay-gradient":""}}},"product_brand":[],"product_cat":[15,55],"product_tag":[],"class_list":{"0":"post-14332","1":"product","2":"type-product","3":"status-publish","4":"has-post-thumbnail","6":"product_cat-uncategorized","7":"product_cat-sveikata-ir-sveika-mityba","8":"desktop-align-left","9":"tablet-align-left","10":"mobile-align-left","12":"first","13":"instock","14":"shipping-taxable","15":"purchasable","16":"product-type-simple"},"acf":[],"yoast_head":"<!-- This site is optimized with the Yoast SEO plugin v27.0 - https:\/\/yoast.com\/product\/yoast-seo-wordpress\/ -->\n<title>Bi\u010di\u0173 produkt\u0173 gydomosios ypatyb\u0117s. Medaus valgiai<\/title>\n<meta name=\"description\" content=\"Latvi\u0173 gydytojos knygel\u0117je supa\u017eindinama su bi\u010di\u0173 pikio, pienelio, nuod\u0173, \u017eiedadulki\u0173 ir duonos, medaus chemine sud\u0117timi bei biologin\u0117mis ypatyb\u0117mis.\" \/>\n<meta name=\"robots\" content=\"index, follow, max-snippet:-1, max-image-preview:large, max-video-preview:-1\" \/>\n<link rel=\"canonical\" href=\"https:\/\/skaitytaknyga.lt\/en\/produktas\/biciu-produktu-gydomosios-ypatybes-medaus-valgiai\/\" \/>\n<meta property=\"og:locale\" content=\"en_GB\" \/>\n<meta property=\"og:locale:alternate\" content=\"lt_LT\" \/>\n<meta property=\"og:type\" content=\"article\" \/>\n<meta property=\"og:title\" content=\"Bi\u010di\u0173 produkt\u0173 gydomosios ypatyb\u0117s. Medaus valgiai\" \/>\n<meta property=\"og:description\" content=\"Latvi\u0173 gydytojos knygel\u0117je supa\u017eindinama su bi\u010di\u0173 pikio, pienelio, nuod\u0173, \u017eiedadulki\u0173 ir duonos, medaus chemine sud\u0117timi bei biologin\u0117mis ypatyb\u0117mis.\" \/>\n<meta property=\"og:url\" content=\"https:\/\/skaitytaknyga.lt\/en\/produktas\/biciu-produktu-gydomosios-ypatybes-medaus-valgiai\/\" \/>\n<meta property=\"og:site_name\" content=\"Skaitytaknyga\" \/>\n<meta property=\"article:publisher\" content=\"https:\/\/www.facebook.com\/skaitytaknyga\/\" \/>\n<meta property=\"article:modified_time\" content=\"2024-10-25T09:37:09+00:00\" \/>\n<meta property=\"og:image\" content=\"https:\/\/skaitytaknyga.lt\/wp-content\/uploads\/2024\/10\/Biciu-produktu-gydomosios-ypatybes.-Medaus-valgiai.webp\" \/>\n\t<meta property=\"og:image:width\" content=\"363\" \/>\n\t<meta property=\"og:image:height\" content=\"597\" \/>\n\t<meta property=\"og:image:type\" content=\"image\/webp\" \/>\n<meta name=\"twitter:card\" content=\"summary_large_image\" \/>\n<meta name=\"twitter:label1\" content=\"Estimated reading time\" \/>\n\t<meta name=\"twitter:data1\" content=\"1 minute\" \/>\n<script type=\"application\/ld+json\" class=\"yoast-schema-graph\">{\"@context\":\"https:\/\/schema.org\",\"@graph\":[{\"@type\":\"WebPage\",\"@id\":\"https:\/\/skaitytaknyga.lt\/produktas\/biciu-produktu-gydomosios-ypatybes-medaus-valgiai\/\",\"url\":\"https:\/\/skaitytaknyga.lt\/produktas\/biciu-produktu-gydomosios-ypatybes-medaus-valgiai\/\",\"name\":\"Bi\u010di\u0173 produkt\u0173 gydomosios ypatyb\u0117s. Medaus valgiai\",\"isPartOf\":{\"@id\":\"https:\/\/skaitytaknyga.lt\/#website\"},\"primaryImageOfPage\":{\"@id\":\"https:\/\/skaitytaknyga.lt\/produktas\/biciu-produktu-gydomosios-ypatybes-medaus-valgiai\/#primaryimage\"},\"image\":{\"@id\":\"https:\/\/skaitytaknyga.lt\/produktas\/biciu-produktu-gydomosios-ypatybes-medaus-valgiai\/#primaryimage\"},\"thumbnailUrl\":\"https:\/\/skaitytaknyga.lt\/wp-content\/uploads\/2024\/10\/Biciu-produktu-gydomosios-ypatybes.-Medaus-valgiai.webp\",\"datePublished\":\"2024-10-18T10:32:44+00:00\",\"dateModified\":\"2024-10-25T09:37:09+00:00\",\"description\":\"Latvi\u0173 gydytojos knygel\u0117je supa\u017eindinama su bi\u010di\u0173 pikio, pienelio, nuod\u0173, \u017eiedadulki\u0173 ir duonos, medaus chemine sud\u0117timi bei biologin\u0117mis ypatyb\u0117mis.\",\"breadcrumb\":{\"@id\":\"https:\/\/skaitytaknyga.lt\/produktas\/biciu-produktu-gydomosios-ypatybes-medaus-valgiai\/#breadcrumb\"},\"inLanguage\":\"en-GB\",\"potentialAction\":[{\"@type\":\"ReadAction\",\"target\":[\"https:\/\/skaitytaknyga.lt\/produktas\/biciu-produktu-gydomosios-ypatybes-medaus-valgiai\/\"]}]},{\"@type\":\"ImageObject\",\"inLanguage\":\"en-GB\",\"@id\":\"https:\/\/skaitytaknyga.lt\/produktas\/biciu-produktu-gydomosios-ypatybes-medaus-valgiai\/#primaryimage\",\"url\":\"https:\/\/skaitytaknyga.lt\/wp-content\/uploads\/2024\/10\/Biciu-produktu-gydomosios-ypatybes.-Medaus-valgiai.webp\",\"contentUrl\":\"https:\/\/skaitytaknyga.lt\/wp-content\/uploads\/2024\/10\/Biciu-produktu-gydomosios-ypatybes.-Medaus-valgiai.webp\",\"width\":363,\"height\":597,\"caption\":\"Bi\u010di\u0173 produkt\u0173 gydomosios ypatyb\u0117s. Medaus valgiai\"},{\"@type\":\"BreadcrumbList\",\"@id\":\"https:\/\/skaitytaknyga.lt\/produktas\/biciu-produktu-gydomosios-ypatybes-medaus-valgiai\/#breadcrumb\",\"itemListElement\":[{\"@type\":\"ListItem\",\"position\":1,\"name\":\"Home\",\"item\":\"https:\/\/skaitytaknyga.lt\/\"},{\"@type\":\"ListItem\",\"position\":2,\"name\":\"Parduotuv\u0117\",\"item\":\"https:\/\/skaitytaknyga.lt\/knygu-parduotuve\/\"},{\"@type\":\"ListItem\",\"position\":3,\"name\":\"Bi\u010di\u0173 produkt\u0173 gydomosios ypatyb\u0117s. Medaus valgiai\"}]},{\"@type\":\"WebSite\",\"@id\":\"https:\/\/skaitytaknyga.lt\/#website\",\"url\":\"https:\/\/skaitytaknyga.lt\/\",\"name\":\"skaitytaknyga.lt\",\"description\":\"Skaitytaknyga.lt \u2013 tai ma\u017eas \u0161eimos verslas, kuris prasid\u0117jo nuo meil\u0117s knygoms ir siekio i\u0161gelb\u0117ti knygas nuo likimo prie konteinerio. Kas vienam nereikalingas daiktas \u2013 kitam lobis, o mes esame tarpininkai, kurie padeda abiems tapti laimingesniems ???? \u017dinome kaip nelengva i\u0161gyventi ma\u017eiems verslams, tad nuo \u0161iol, \u010dia rasite ir kit\u0173, ma\u017e\u0173 \u0161eim\u0173 versl\u0173, rank\u0173 darbo, dovan\u0173 sau ir artimiesiems.\",\"publisher\":{\"@id\":\"https:\/\/skaitytaknyga.lt\/#organization\"},\"potentialAction\":[{\"@type\":\"SearchAction\",\"target\":{\"@type\":\"EntryPoint\",\"urlTemplate\":\"https:\/\/skaitytaknyga.lt\/?s={search_term_string}\"},\"query-input\":{\"@type\":\"PropertyValueSpecification\",\"valueRequired\":true,\"valueName\":\"search_term_string\"}}],\"inLanguage\":\"en-GB\"},{\"@type\":\"Organization\",\"@id\":\"https:\/\/skaitytaknyga.lt\/#organization\",\"name\":\"skaitytaknyga.lt\",\"url\":\"https:\/\/skaitytaknyga.lt\/\",\"logo\":{\"@type\":\"ImageObject\",\"inLanguage\":\"en-GB\",\"@id\":\"https:\/\/skaitytaknyga.lt\/#\/schema\/logo\/image\/\",\"url\":\"https:\/\/skaitytaknyga.lt\/wp-content\/uploads\/2024\/05\/cropped-cropped-cropped-02_00843_jt3bggkj1j3HLc7SyY6rEUpg.jpeg\",\"contentUrl\":\"https:\/\/skaitytaknyga.lt\/wp-content\/uploads\/2024\/05\/cropped-cropped-cropped-02_00843_jt3bggkj1j3HLc7SyY6rEUpg.jpeg\",\"width\":1600,\"height\":1600,\"caption\":\"skaitytaknyga.lt\"},\"image\":{\"@id\":\"https:\/\/skaitytaknyga.lt\/#\/schema\/logo\/image\/\"},\"sameAs\":[\"https:\/\/www.facebook.com\/skaitytaknyga\/\"]}]}<\/script>\n<!-- \/ Yoast SEO plugin. -->","yoast_head_json":{"title":"Bi\u010di\u0173 produkt\u0173 gydomosios ypatyb\u0117s. Medaus valgiai","description":"Latvi\u0173 gydytojos knygel\u0117je supa\u017eindinama su bi\u010di\u0173 pikio, pienelio, nuod\u0173, \u017eiedadulki\u0173 ir duonos, medaus chemine sud\u0117timi bei biologin\u0117mis ypatyb\u0117mis.","robots":{"index":"index","follow":"follow","max-snippet":"max-snippet:-1","max-image-preview":"max-image-preview:large","max-video-preview":"max-video-preview:-1"},"canonical":"https:\/\/skaitytaknyga.lt\/en\/produktas\/biciu-produktu-gydomosios-ypatybes-medaus-valgiai\/","og_locale":"en_GB","og_type":"article","og_title":"[:lt]Bi\u010di\u0173 produkt\u0173 gydomosios ypatyb\u0117s. Medaus valgiai[:] - Skaitytaknyga","og_description":"Latvi\u0173 gydytojos knygel\u0117je supa\u017eindinama su bi\u010di\u0173 pikio, pienelio, nuod\u0173, \u017eiedadulki\u0173 ir duonos, medaus chemine sud\u0117timi bei biologin\u0117mis ypatyb\u0117mis.","og_url":"https:\/\/skaitytaknyga.lt\/en\/produktas\/biciu-produktu-gydomosios-ypatybes-medaus-valgiai\/","og_site_name":"Skaitytaknyga","article_publisher":"https:\/\/www.facebook.com\/skaitytaknyga\/","article_modified_time":"2024-10-25T09:37:09+00:00","og_image":[{"width":363,"height":597,"url":"https:\/\/skaitytaknyga.lt\/wp-content\/uploads\/2024\/10\/Biciu-produktu-gydomosios-ypatybes.-Medaus-valgiai.webp","type":"image\/webp"}],"twitter_card":"summary_large_image","twitter_misc":{"Estimated reading time":"1 minute"},"schema":{"@context":"https:\/\/schema.org","@graph":[{"@type":"WebPage","@id":"https:\/\/skaitytaknyga.lt\/produktas\/biciu-produktu-gydomosios-ypatybes-medaus-valgiai\/","url":"https:\/\/skaitytaknyga.lt\/produktas\/biciu-produktu-gydomosios-ypatybes-medaus-valgiai\/","name":"Bi\u010di\u0173 produkt\u0173 gydomosios ypatyb\u0117s. Medaus valgiai","isPartOf":{"@id":"https:\/\/skaitytaknyga.lt\/#website"},"primaryImageOfPage":{"@id":"https:\/\/skaitytaknyga.lt\/produktas\/biciu-produktu-gydomosios-ypatybes-medaus-valgiai\/#primaryimage"},"image":{"@id":"https:\/\/skaitytaknyga.lt\/produktas\/biciu-produktu-gydomosios-ypatybes-medaus-valgiai\/#primaryimage"},"thumbnailUrl":"https:\/\/skaitytaknyga.lt\/wp-content\/uploads\/2024\/10\/Biciu-produktu-gydomosios-ypatybes.-Medaus-valgiai.webp","datePublished":"2024-10-18T10:32:44+00:00","dateModified":"2024-10-25T09:37:09+00:00","description":"Latvi\u0173 gydytojos knygel\u0117je supa\u017eindinama su bi\u010di\u0173 pikio, pienelio, nuod\u0173, \u017eiedadulki\u0173 ir duonos, medaus chemine sud\u0117timi bei biologin\u0117mis ypatyb\u0117mis.","breadcrumb":{"@id":"https:\/\/skaitytaknyga.lt\/produktas\/biciu-produktu-gydomosios-ypatybes-medaus-valgiai\/#breadcrumb"},"inLanguage":"en-GB","potentialAction":[{"@type":"ReadAction","target":["https:\/\/skaitytaknyga.lt\/produktas\/biciu-produktu-gydomosios-ypatybes-medaus-valgiai\/"]}]},{"@type":"ImageObject","inLanguage":"en-GB","@id":"https:\/\/skaitytaknyga.lt\/produktas\/biciu-produktu-gydomosios-ypatybes-medaus-valgiai\/#primaryimage","url":"https:\/\/skaitytaknyga.lt\/wp-content\/uploads\/2024\/10\/Biciu-produktu-gydomosios-ypatybes.-Medaus-valgiai.webp","contentUrl":"https:\/\/skaitytaknyga.lt\/wp-content\/uploads\/2024\/10\/Biciu-produktu-gydomosios-ypatybes.-Medaus-valgiai.webp","width":363,"height":597,"caption":"Bi\u010di\u0173 produkt\u0173 gydomosios ypatyb\u0117s. Medaus valgiai"},{"@type":"BreadcrumbList","@id":"https:\/\/skaitytaknyga.lt\/produktas\/biciu-produktu-gydomosios-ypatybes-medaus-valgiai\/#breadcrumb","itemListElement":[{"@type":"ListItem","position":1,"name":"Home","item":"https:\/\/skaitytaknyga.lt\/"},{"@type":"ListItem","position":2,"name":"Parduotuv\u0117","item":"https:\/\/skaitytaknyga.lt\/knygu-parduotuve\/"},{"@type":"ListItem","position":3,"name":"Bi\u010di\u0173 produkt\u0173 gydomosios ypatyb\u0117s. Medaus valgiai"}]},{"@type":"WebSite","@id":"https:\/\/skaitytaknyga.lt\/#website","url":"https:\/\/skaitytaknyga.lt\/","name":"skaitytaknyga.lt","description":"Skaitytaknyga.lt \u2013 tai ma\u017eas \u0161eimos verslas, kuris prasid\u0117jo nuo meil\u0117s knygoms ir siekio i\u0161gelb\u0117ti knygas nuo likimo prie konteinerio. Kas vienam nereikalingas daiktas \u2013 kitam lobis, o mes esame tarpininkai, kurie padeda abiems tapti laimingesniems ???? \u017dinome kaip nelengva i\u0161gyventi ma\u017eiems verslams, tad nuo \u0161iol, \u010dia rasite ir kit\u0173, ma\u017e\u0173 \u0161eim\u0173 versl\u0173, rank\u0173 darbo, dovan\u0173 sau ir artimiesiems.","publisher":{"@id":"https:\/\/skaitytaknyga.lt\/#organization"},"potentialAction":[{"@type":"SearchAction","target":{"@type":"EntryPoint","urlTemplate":"https:\/\/skaitytaknyga.lt\/?s={search_term_string}"},"query-input":{"@type":"PropertyValueSpecification","valueRequired":true,"valueName":"search_term_string"}}],"inLanguage":"en-GB"},{"@type":"Organization","@id":"https:\/\/skaitytaknyga.lt\/#organization","name":"skaitytaknyga.lt","url":"https:\/\/skaitytaknyga.lt\/","logo":{"@type":"ImageObject","inLanguage":"en-GB","@id":"https:\/\/skaitytaknyga.lt\/#\/schema\/logo\/image\/","url":"https:\/\/skaitytaknyga.lt\/wp-content\/uploads\/2024\/05\/cropped-cropped-cropped-02_00843_jt3bggkj1j3HLc7SyY6rEUpg.jpeg","contentUrl":"https:\/\/skaitytaknyga.lt\/wp-content\/uploads\/2024\/05\/cropped-cropped-cropped-02_00843_jt3bggkj1j3HLc7SyY6rEUpg.jpeg","width":1600,"height":1600,"caption":"skaitytaknyga.lt"},"image":{"@id":"https:\/\/skaitytaknyga.lt\/#\/schema\/logo\/image\/"},"sameAs":["https:\/\/www.facebook.com\/skaitytaknyga\/"]}]}},"_links":{"self":[{"href":"https:\/\/skaitytaknyga.lt\/en\/wp-json\/wp\/v2\/product\/14332","targetHints":{"allow":["GET"]}}],"collection":[{"href":"https:\/\/skaitytaknyga.lt\/en\/wp-json\/wp\/v2\/product"}],"about":[{"href":"https:\/\/skaitytaknyga.lt\/en\/wp-json\/wp\/v2\/types\/product"}],"replies":[{"embeddable":true,"href":"https:\/\/skaitytaknyga.lt\/en\/wp-json\/wp\/v2\/comments?post=14332"}],"wp:featuredmedia":[{"embeddable":true,"href":"https:\/\/skaitytaknyga.lt\/en\/wp-json\/wp\/v2\/media\/14375"}],"wp:attachment":[{"href":"https:\/\/skaitytaknyga.lt\/en\/wp-json\/wp\/v2\/media?parent=14332"}],"wp:term":[{"taxonomy":"product_brand","embeddable":true,"href":"https:\/\/skaitytaknyga.lt\/en\/wp-json\/wp\/v2\/product_brand?post=14332"},{"taxonomy":"product_cat","embeddable":true,"href":"https:\/\/skaitytaknyga.lt\/en\/wp-json\/wp\/v2\/product_cat?post=14332"},{"taxonomy":"product_tag","embeddable":true,"href":"https:\/\/skaitytaknyga.lt\/en\/wp-json\/wp\/v2\/product_tag?post=14332"}],"curies":[{"name":"wp","href":"https:\/\/api.w.org\/{rel}","templated":true}]}}