{"id":14329,"date":"2024-10-18T13:32:44","date_gmt":"2024-10-18T10:32:44","guid":{"rendered":"https:\/\/skaitytaknyga.lt\/?post_type=product&#038;p=14329"},"modified":"2025-10-12T18:09:02","modified_gmt":"2025-10-12T15:09:02","slug":"saulelydis","status":"publish","type":"product","link":"https:\/\/skaitytaknyga.lt\/en\/produktas\/saulelydis\/","title":{"rendered":"Saul\u0117lydis"},"content":{"rendered":"<p>Tai nepaprastai \u012ftraukianti, antgamti\u0161ka meil\u0117s istorija, kupina stulbinam\u0173 netik\u0117tum\u0173, kvap\u0105 gniau\u017eian\u010di\u0173 pos\u016bki\u0173 ir mirtin\u0173 pavoj\u0173. Ji nepalieka abejing\u0173.<\/p>\n<p>D\u0117l trij\u0173 dalyk\u0173 buvau visi\u0161kai tikra.<br \/>\nPirma, Edvardas \u2013 vampyras.<br \/>\nAntra, viena jo dalis \u2013 ne\u017einojau, kokia ji stipri, \u2013 trok\u0161ta mano kraujo.<br \/>\nTre\u010dia, a\u0161 bes\u0105lygi\u0161kai ir neat\u0161aukiamai j\u012f \u012fsimyl\u0117jau.<\/p>\n<p>Septyniolikmet\u0117 Bela Svan persikrausto gyventi pas t\u0117t\u012f \u012f nedidel\u012f ni\u016br\u0173 Forkso miestel\u012f. Atrodo, kad gyvenimas \u010dia bus nuobodus, ta\u010diau vos tik ji pradeda lankyti nauj\u0105 mokykl\u0105, pastebi keist\u0105 kone tobulai atrodan\u010di\u0173 jaunuoli\u0173 grupel\u0119. Vienas i\u0161 j\u0173 \u2013 paslaptingasis Edvardas Kalenas \u2013 kaipmat ir am\u017eiams prikausto jos d\u0117mes\u012f. Kad ir kaip Edvardas stengiasi i\u0161saugoti savo paslapt\u012f ir nepamilti Belos, tarp j\u0173 u\u017esimezga stipri ir be galo pavojinga meil\u0117, ver\u010dianti \u012fsimyl\u0117j\u0117lius vaik\u0161\u010dioti peilio a\u0161menimis.<\/p>\n<p>Stephenie Meyer \u2013 amerikie\u010di\u0173 ra\u0161ytoja, kuriai mil\u017eini\u0161k\u0105 populiarum\u0105 visame pasaulyje peln\u0117 \u201eSaul\u0117lyd\u017eio&#8221; saga. Ji i\u0161versta \u012f 49 kalbas, parduota per 160 milijon\u0173 jos egzempliori\u0173. Pagal \u0161i\u0105 knyg\u0173 serij\u0105 pastatyti Holivudo filmai prikausto daugyb\u0117s gerb\u0117j\u0173 d\u0117mes\u012f. Lietuvi\u0161kai galime skaityti ir kitas autor\u0117s knygas: \u201eSielone\u0161\u0117&#8221;, \u201eChemik\u0117&#8221;, taip pat \u201eTrumpas antrasis Bri Taner gyvenimas&#8221;, para\u0161yt\u0105 \u201eSaul\u0117lyd\u017eio&#8221; sagos motyvais.<\/p>\n","protected":false},"excerpt":{"rendered":"<p>Tai nepaprastai \u012ftraukianti, antgamti\u0161ka meil\u0117s istorija, kupina stulbinam\u0173 netik\u0117tum\u0173, kvap\u0105 gniau\u017eian\u010di\u0173 pos\u016bki\u0173 ir mirtin\u0173 pavoj\u0173. Ji nepalieka abejing\u0173. D\u0117l trij\u0173 dalyk\u0173 buvau visi\u0161kai tikra. Pirma, Edvardas \u2013 vampyras. Antra, viena jo dalis \u2013 ne\u017einojau, kokia ji stipri, \u2013 trok\u0161ta mano kraujo. Tre\u010dia, a\u0161 bes\u0105lygi\u0161kai ir neat\u0161aukiamai j\u012f \u012fsimyl\u0117jau. Septyniolikmet\u0117 Bela Svan persikrausto gyventi pas t\u0117t\u012f \u012f nedidel\u012f ni\u016br\u0173 Forkso miestel\u012f. Atrodo, kad gyvenimas \u010dia bus nuobodus, ta\u010diau vos tik ji pradeda lankyti nauj\u0105 mokykl\u0105, pastebi keist\u0105 kone tobulai atrodan\u010di\u0173 jaunuoli\u0173 grupel\u0119. Vienas i\u0161 j\u0173 \u2013 paslaptingasis Edvardas Kalenas \u2013 kaipmat ir am\u017eiams prikausto jos d\u0117mes\u012f. Kad ir kaip Edvardas stengiasi i\u0161saugoti savo paslapt\u012f ir nepamilti Belos, tarp j\u0173 u\u017esimezga stipri ir be galo pavojinga meil\u0117, ver\u010dianti \u012fsimyl\u0117j\u0117lius vaik\u0161\u010dioti peilio a\u0161menimis. Stephenie Meyer \u2013 amerikie\u010di\u0173 ra\u0161ytoja, kuriai mil\u017eini\u0161k\u0105 populiarum\u0105 visame pasaulyje peln\u0117 \u201eSaul\u0117lyd\u017eio&#8221; saga. Ji i\u0161versta \u012f 49 kalbas, parduota per 160 milijon\u0173 jos egzempliori\u0173. Pagal \u0161i\u0105 knyg\u0173 serij\u0105 pastatyti Holivudo filmai prikausto daugyb\u0117s gerb\u0117j\u0173 d\u0117mes\u012f. Lietuvi\u0161kai galime skaityti ir kitas autor\u0117s knygas: \u201eSielone\u0161\u0117&#8221;, \u201eChemik\u0117&#8221;, taip pat \u201eTrumpas antrasis Bri Taner gyvenimas&#8221;, para\u0161yt\u0105 \u201eSaul\u0117lyd\u017eio&#8221; sagos motyvais.<\/p>\n","protected":false},"featured_media":14378,"comment_status":"open","ping_status":"closed","template":"","meta":{"_acf_changed":false,"site-sidebar-layout":"default","site-content-layout":"","ast-site-content-layout":"default","site-content-style":"default","site-sidebar-style":"default","ast-global-header-display":"","ast-banner-title-visibility":"","ast-main-header-display":"","ast-hfb-above-header-display":"","ast-hfb-below-header-display":"","ast-hfb-mobile-header-display":"","site-post-title":"","ast-breadcrumbs-content":"","ast-featured-img":"","footer-sml-layout":"","ast-disable-related-posts":"","theme-transparent-header-meta":"default","adv-header-id-meta":"","stick-header-meta":"","header-above-stick-meta":"","header-main-stick-meta":"","header-below-stick-meta":"","astra-migrate-meta-layouts":"set","ast-page-background-enabled":"default","ast-page-background-meta":{"desktop":{"background-color":"","background-image":"","background-repeat":"repeat","background-position":"center center","background-size":"auto","background-attachment":"scroll","background-type":"","background-media":"","overlay-type":"","overlay-color":"","overlay-opacity":"","overlay-gradient":""},"tablet":{"background-color":"","background-image":"","background-repeat":"repeat","background-position":"center center","background-size":"auto","background-attachment":"scroll","background-type":"","background-media":"","overlay-type":"","overlay-color":"","overlay-opacity":"","overlay-gradient":""},"mobile":{"background-color":"","background-image":"","background-repeat":"repeat","background-position":"center center","background-size":"auto","background-attachment":"scroll","background-type":"","background-media":"","overlay-type":"","overlay-color":"","overlay-opacity":"","overlay-gradient":""}},"ast-content-background-meta":{"desktop":{"background-color":"var(--ast-global-color-4)","background-image":"","background-repeat":"repeat","background-position":"center center","background-size":"auto","background-attachment":"scroll","background-type":"","background-media":"","overlay-type":"","overlay-color":"","overlay-opacity":"","overlay-gradient":""},"tablet":{"background-color":"var(--ast-global-color-4)","background-image":"","background-repeat":"repeat","background-position":"center center","background-size":"auto","background-attachment":"scroll","background-type":"","background-media":"","overlay-type":"","overlay-color":"","overlay-opacity":"","overlay-gradient":""},"mobile":{"background-color":"var(--ast-global-color-4)","background-image":"","background-repeat":"repeat","background-position":"center center","background-size":"auto","background-attachment":"scroll","background-type":"","background-media":"","overlay-type":"","overlay-color":"","overlay-opacity":"","overlay-gradient":""}}},"product_brand":[],"product_cat":[15,35],"product_tag":[1249],"class_list":{"0":"post-14329","1":"product","2":"type-product","3":"status-publish","4":"has-post-thumbnail","6":"product_cat-uncategorized","7":"product_cat-vaikams-ir-paaugliams","8":"product_tag-stephenie-meyer","9":"desktop-align-left","10":"tablet-align-left","11":"mobile-align-left","13":"first","14":"outofstock","15":"shipping-taxable","16":"purchasable","17":"product-type-simple"},"acf":[],"yoast_head":"<!-- This site is optimized with the Yoast SEO plugin v27.0 - https:\/\/yoast.com\/product\/yoast-seo-wordpress\/ -->\n<title>Saul\u0117lydis<\/title>\n<meta name=\"description\" content=\"Tai nepaprastai \u012ftraukianti, antgamti\u0161ka meil\u0117s istorija, kupina stulbinam\u0173 netik\u0117tum\u0173, kvap\u0105 gniau\u017eian\u010di\u0173 pos\u016bki\u0173 ir mirtin\u0173 pavoj\u0173. Ji nepalieka\" \/>\n<meta name=\"robots\" content=\"index, follow, max-snippet:-1, max-image-preview:large, max-video-preview:-1\" \/>\n<link rel=\"canonical\" href=\"https:\/\/skaitytaknyga.lt\/en\/produktas\/saulelydis\/\" \/>\n<meta property=\"og:locale\" content=\"en_GB\" \/>\n<meta property=\"og:locale:alternate\" content=\"lt_LT\" \/>\n<meta property=\"og:type\" content=\"article\" \/>\n<meta property=\"og:title\" content=\"Saul\u0117lydis\" \/>\n<meta property=\"og:description\" content=\"Tai nepaprastai \u012ftraukianti, antgamti\u0161ka meil\u0117s istorija, kupina stulbinam\u0173 netik\u0117tum\u0173, kvap\u0105 gniau\u017eian\u010di\u0173 pos\u016bki\u0173 ir mirtin\u0173 pavoj\u0173. Ji nepalieka\" \/>\n<meta property=\"og:url\" content=\"https:\/\/skaitytaknyga.lt\/en\/produktas\/saulelydis\/\" \/>\n<meta property=\"og:site_name\" content=\"Skaitytaknyga\" \/>\n<meta property=\"article:publisher\" content=\"https:\/\/www.facebook.com\/skaitytaknyga\/\" \/>\n<meta property=\"article:modified_time\" content=\"2025-10-12T15:09:02+00:00\" \/>\n<meta property=\"og:image\" content=\"https:\/\/skaitytaknyga.lt\/wp-content\/uploads\/2024\/10\/1611760908_Saulelydis.webp\" \/>\n\t<meta property=\"og:image:width\" content=\"537\" \/>\n\t<meta property=\"og:image:height\" content=\"800\" \/>\n\t<meta property=\"og:image:type\" content=\"image\/webp\" \/>\n<meta name=\"twitter:card\" content=\"summary_large_image\" \/>\n<meta name=\"twitter:label1\" content=\"Estimated reading time\" \/>\n\t<meta name=\"twitter:data1\" content=\"2 minutes\" \/>\n<script type=\"application\/ld+json\" class=\"yoast-schema-graph\">{\"@context\":\"https:\/\/schema.org\",\"@graph\":[{\"@type\":\"WebPage\",\"@id\":\"https:\/\/skaitytaknyga.lt\/produktas\/saulelydis\/\",\"url\":\"https:\/\/skaitytaknyga.lt\/produktas\/saulelydis\/\",\"name\":\"Saul\u0117lydis\",\"isPartOf\":{\"@id\":\"https:\/\/skaitytaknyga.lt\/#website\"},\"primaryImageOfPage\":{\"@id\":\"https:\/\/skaitytaknyga.lt\/produktas\/saulelydis\/#primaryimage\"},\"image\":{\"@id\":\"https:\/\/skaitytaknyga.lt\/produktas\/saulelydis\/#primaryimage\"},\"thumbnailUrl\":\"https:\/\/skaitytaknyga.lt\/wp-content\/uploads\/2024\/10\/1611760908_Saulelydis.webp\",\"datePublished\":\"2024-10-18T10:32:44+00:00\",\"dateModified\":\"2025-10-12T15:09:02+00:00\",\"description\":\"Tai nepaprastai \u012ftraukianti, antgamti\u0161ka meil\u0117s istorija, kupina stulbinam\u0173 netik\u0117tum\u0173, kvap\u0105 gniau\u017eian\u010di\u0173 pos\u016bki\u0173 ir mirtin\u0173 pavoj\u0173. Ji nepalieka\",\"breadcrumb\":{\"@id\":\"https:\/\/skaitytaknyga.lt\/produktas\/saulelydis\/#breadcrumb\"},\"inLanguage\":\"en-GB\",\"potentialAction\":[{\"@type\":\"ReadAction\",\"target\":[\"https:\/\/skaitytaknyga.lt\/produktas\/saulelydis\/\"]}]},{\"@type\":\"ImageObject\",\"inLanguage\":\"en-GB\",\"@id\":\"https:\/\/skaitytaknyga.lt\/produktas\/saulelydis\/#primaryimage\",\"url\":\"https:\/\/skaitytaknyga.lt\/wp-content\/uploads\/2024\/10\/1611760908_Saulelydis.webp\",\"contentUrl\":\"https:\/\/skaitytaknyga.lt\/wp-content\/uploads\/2024\/10\/1611760908_Saulelydis.webp\",\"width\":537,\"height\":800,\"caption\":\"Saul\u0117lydis\"},{\"@type\":\"BreadcrumbList\",\"@id\":\"https:\/\/skaitytaknyga.lt\/produktas\/saulelydis\/#breadcrumb\",\"itemListElement\":[{\"@type\":\"ListItem\",\"position\":1,\"name\":\"Home\",\"item\":\"https:\/\/skaitytaknyga.lt\/\"},{\"@type\":\"ListItem\",\"position\":2,\"name\":\"Parduotuv\u0117\",\"item\":\"https:\/\/skaitytaknyga.lt\/knygu-parduotuve\/\"},{\"@type\":\"ListItem\",\"position\":3,\"name\":\"Saul\u0117lydis\"}]},{\"@type\":\"WebSite\",\"@id\":\"https:\/\/skaitytaknyga.lt\/#website\",\"url\":\"https:\/\/skaitytaknyga.lt\/\",\"name\":\"skaitytaknyga.lt\",\"description\":\"Skaitytaknyga.lt \u2013 tai ma\u017eas \u0161eimos verslas, kuris prasid\u0117jo nuo meil\u0117s knygoms ir siekio i\u0161gelb\u0117ti knygas nuo likimo prie konteinerio. Kas vienam nereikalingas daiktas \u2013 kitam lobis, o mes esame tarpininkai, kurie padeda abiems tapti laimingesniems ???? \u017dinome kaip nelengva i\u0161gyventi ma\u017eiems verslams, tad nuo \u0161iol, \u010dia rasite ir kit\u0173, ma\u017e\u0173 \u0161eim\u0173 versl\u0173, rank\u0173 darbo, dovan\u0173 sau ir artimiesiems.\",\"publisher\":{\"@id\":\"https:\/\/skaitytaknyga.lt\/#organization\"},\"potentialAction\":[{\"@type\":\"SearchAction\",\"target\":{\"@type\":\"EntryPoint\",\"urlTemplate\":\"https:\/\/skaitytaknyga.lt\/?s={search_term_string}\"},\"query-input\":{\"@type\":\"PropertyValueSpecification\",\"valueRequired\":true,\"valueName\":\"search_term_string\"}}],\"inLanguage\":\"en-GB\"},{\"@type\":\"Organization\",\"@id\":\"https:\/\/skaitytaknyga.lt\/#organization\",\"name\":\"skaitytaknyga.lt\",\"url\":\"https:\/\/skaitytaknyga.lt\/\",\"logo\":{\"@type\":\"ImageObject\",\"inLanguage\":\"en-GB\",\"@id\":\"https:\/\/skaitytaknyga.lt\/#\/schema\/logo\/image\/\",\"url\":\"https:\/\/skaitytaknyga.lt\/wp-content\/uploads\/2024\/05\/cropped-cropped-cropped-02_00843_jt3bggkj1j3HLc7SyY6rEUpg.jpeg\",\"contentUrl\":\"https:\/\/skaitytaknyga.lt\/wp-content\/uploads\/2024\/05\/cropped-cropped-cropped-02_00843_jt3bggkj1j3HLc7SyY6rEUpg.jpeg\",\"width\":1600,\"height\":1600,\"caption\":\"skaitytaknyga.lt\"},\"image\":{\"@id\":\"https:\/\/skaitytaknyga.lt\/#\/schema\/logo\/image\/\"},\"sameAs\":[\"https:\/\/www.facebook.com\/skaitytaknyga\/\"]}]}<\/script>\n<!-- \/ Yoast SEO plugin. -->","yoast_head_json":{"title":"Saul\u0117lydis","description":"Tai nepaprastai \u012ftraukianti, antgamti\u0161ka meil\u0117s istorija, kupina stulbinam\u0173 netik\u0117tum\u0173, kvap\u0105 gniau\u017eian\u010di\u0173 pos\u016bki\u0173 ir mirtin\u0173 pavoj\u0173. Ji nepalieka","robots":{"index":"index","follow":"follow","max-snippet":"max-snippet:-1","max-image-preview":"max-image-preview:large","max-video-preview":"max-video-preview:-1"},"canonical":"https:\/\/skaitytaknyga.lt\/en\/produktas\/saulelydis\/","og_locale":"en_GB","og_type":"article","og_title":"[:lt]Saul\u0117lydis[:] - Skaitytaknyga","og_description":"Tai nepaprastai \u012ftraukianti, antgamti\u0161ka meil\u0117s istorija, kupina stulbinam\u0173 netik\u0117tum\u0173, kvap\u0105 gniau\u017eian\u010di\u0173 pos\u016bki\u0173 ir mirtin\u0173 pavoj\u0173. Ji nepalieka","og_url":"https:\/\/skaitytaknyga.lt\/en\/produktas\/saulelydis\/","og_site_name":"Skaitytaknyga","article_publisher":"https:\/\/www.facebook.com\/skaitytaknyga\/","article_modified_time":"2025-10-12T15:09:02+00:00","og_image":[{"width":537,"height":800,"url":"https:\/\/skaitytaknyga.lt\/wp-content\/uploads\/2024\/10\/1611760908_Saulelydis.webp","type":"image\/webp"}],"twitter_card":"summary_large_image","twitter_misc":{"Estimated reading time":"2 minutes"},"schema":{"@context":"https:\/\/schema.org","@graph":[{"@type":"WebPage","@id":"https:\/\/skaitytaknyga.lt\/produktas\/saulelydis\/","url":"https:\/\/skaitytaknyga.lt\/produktas\/saulelydis\/","name":"Saul\u0117lydis","isPartOf":{"@id":"https:\/\/skaitytaknyga.lt\/#website"},"primaryImageOfPage":{"@id":"https:\/\/skaitytaknyga.lt\/produktas\/saulelydis\/#primaryimage"},"image":{"@id":"https:\/\/skaitytaknyga.lt\/produktas\/saulelydis\/#primaryimage"},"thumbnailUrl":"https:\/\/skaitytaknyga.lt\/wp-content\/uploads\/2024\/10\/1611760908_Saulelydis.webp","datePublished":"2024-10-18T10:32:44+00:00","dateModified":"2025-10-12T15:09:02+00:00","description":"Tai nepaprastai \u012ftraukianti, antgamti\u0161ka meil\u0117s istorija, kupina stulbinam\u0173 netik\u0117tum\u0173, kvap\u0105 gniau\u017eian\u010di\u0173 pos\u016bki\u0173 ir mirtin\u0173 pavoj\u0173. Ji nepalieka","breadcrumb":{"@id":"https:\/\/skaitytaknyga.lt\/produktas\/saulelydis\/#breadcrumb"},"inLanguage":"en-GB","potentialAction":[{"@type":"ReadAction","target":["https:\/\/skaitytaknyga.lt\/produktas\/saulelydis\/"]}]},{"@type":"ImageObject","inLanguage":"en-GB","@id":"https:\/\/skaitytaknyga.lt\/produktas\/saulelydis\/#primaryimage","url":"https:\/\/skaitytaknyga.lt\/wp-content\/uploads\/2024\/10\/1611760908_Saulelydis.webp","contentUrl":"https:\/\/skaitytaknyga.lt\/wp-content\/uploads\/2024\/10\/1611760908_Saulelydis.webp","width":537,"height":800,"caption":"Saul\u0117lydis"},{"@type":"BreadcrumbList","@id":"https:\/\/skaitytaknyga.lt\/produktas\/saulelydis\/#breadcrumb","itemListElement":[{"@type":"ListItem","position":1,"name":"Home","item":"https:\/\/skaitytaknyga.lt\/"},{"@type":"ListItem","position":2,"name":"Parduotuv\u0117","item":"https:\/\/skaitytaknyga.lt\/knygu-parduotuve\/"},{"@type":"ListItem","position":3,"name":"Saul\u0117lydis"}]},{"@type":"WebSite","@id":"https:\/\/skaitytaknyga.lt\/#website","url":"https:\/\/skaitytaknyga.lt\/","name":"skaitytaknyga.lt","description":"Skaitytaknyga.lt \u2013 tai ma\u017eas \u0161eimos verslas, kuris prasid\u0117jo nuo meil\u0117s knygoms ir siekio i\u0161gelb\u0117ti knygas nuo likimo prie konteinerio. Kas vienam nereikalingas daiktas \u2013 kitam lobis, o mes esame tarpininkai, kurie padeda abiems tapti laimingesniems ???? \u017dinome kaip nelengva i\u0161gyventi ma\u017eiems verslams, tad nuo \u0161iol, \u010dia rasite ir kit\u0173, ma\u017e\u0173 \u0161eim\u0173 versl\u0173, rank\u0173 darbo, dovan\u0173 sau ir artimiesiems.","publisher":{"@id":"https:\/\/skaitytaknyga.lt\/#organization"},"potentialAction":[{"@type":"SearchAction","target":{"@type":"EntryPoint","urlTemplate":"https:\/\/skaitytaknyga.lt\/?s={search_term_string}"},"query-input":{"@type":"PropertyValueSpecification","valueRequired":true,"valueName":"search_term_string"}}],"inLanguage":"en-GB"},{"@type":"Organization","@id":"https:\/\/skaitytaknyga.lt\/#organization","name":"skaitytaknyga.lt","url":"https:\/\/skaitytaknyga.lt\/","logo":{"@type":"ImageObject","inLanguage":"en-GB","@id":"https:\/\/skaitytaknyga.lt\/#\/schema\/logo\/image\/","url":"https:\/\/skaitytaknyga.lt\/wp-content\/uploads\/2024\/05\/cropped-cropped-cropped-02_00843_jt3bggkj1j3HLc7SyY6rEUpg.jpeg","contentUrl":"https:\/\/skaitytaknyga.lt\/wp-content\/uploads\/2024\/05\/cropped-cropped-cropped-02_00843_jt3bggkj1j3HLc7SyY6rEUpg.jpeg","width":1600,"height":1600,"caption":"skaitytaknyga.lt"},"image":{"@id":"https:\/\/skaitytaknyga.lt\/#\/schema\/logo\/image\/"},"sameAs":["https:\/\/www.facebook.com\/skaitytaknyga\/"]}]}},"_links":{"self":[{"href":"https:\/\/skaitytaknyga.lt\/en\/wp-json\/wp\/v2\/product\/14329","targetHints":{"allow":["GET"]}}],"collection":[{"href":"https:\/\/skaitytaknyga.lt\/en\/wp-json\/wp\/v2\/product"}],"about":[{"href":"https:\/\/skaitytaknyga.lt\/en\/wp-json\/wp\/v2\/types\/product"}],"replies":[{"embeddable":true,"href":"https:\/\/skaitytaknyga.lt\/en\/wp-json\/wp\/v2\/comments?post=14329"}],"wp:featuredmedia":[{"embeddable":true,"href":"https:\/\/skaitytaknyga.lt\/en\/wp-json\/wp\/v2\/media\/14378"}],"wp:attachment":[{"href":"https:\/\/skaitytaknyga.lt\/en\/wp-json\/wp\/v2\/media?parent=14329"}],"wp:term":[{"taxonomy":"product_brand","embeddable":true,"href":"https:\/\/skaitytaknyga.lt\/en\/wp-json\/wp\/v2\/product_brand?post=14329"},{"taxonomy":"product_cat","embeddable":true,"href":"https:\/\/skaitytaknyga.lt\/en\/wp-json\/wp\/v2\/product_cat?post=14329"},{"taxonomy":"product_tag","embeddable":true,"href":"https:\/\/skaitytaknyga.lt\/en\/wp-json\/wp\/v2\/product_tag?post=14329"}],"curies":[{"name":"wp","href":"https:\/\/api.w.org\/{rel}","templated":true}]}}