{"id":14326,"date":"2024-10-18T13:19:37","date_gmt":"2024-10-18T10:19:37","guid":{"rendered":"https:\/\/skaitytaknyga.lt\/?post_type=product&#038;p=14326"},"modified":"2024-10-25T12:44:23","modified_gmt":"2024-10-25T09:44:23","slug":"didzioji-niderlandu-tapyba","status":"publish","type":"product","link":"https:\/\/skaitytaknyga.lt\/en\/produktas\/didzioji-niderlandu-tapyba\/","title":{"rendered":"Did\u017eioji Niderland\u0173 tapyba"},"content":{"rendered":"<p>XV-XVII a. Niderlanduose i\u0161augo tapybos menas, kuris dav\u0117 pasauliui did\u017eiuosius dailininkus &#8211; Rubens\u0105, Rembrant\u0105, van Deik\u0105 ir kitus. Po ital\u0173 Renesanso tai buvo antras nepaprastas pasaulin\u0117s tapybos pakilimas.<\/p>\n<p>Apie tai pasakoja \u0161io \u0161ioje knygoje Levas Liubimovas, literatas ir menotyrininkas, kuris, sekdamas Niderland\u0173 tapybos istorij\u0105, padeda skaitytojui suvokti tapybos meistri\u0161kumo paslaptis ir pajusti jos \u0161edevr\u0173 skon\u012f.<\/p>\n<ul class=\"about-product d-none d-xl-block mt-4\">\n<li><strong>Autorius:<\/strong>\u00a0Levas Liubimovas<\/li>\n<li><strong>Leid\u0117jas:<\/strong>\u00a0Vaga<\/li>\n<li><strong>Metai:<\/strong>\u00a01972<\/li>\n<li><strong>Puslapiai:<\/strong>\u00a0148<\/li>\n<li class=\"toggleable type-new-formats \"><strong>Formatas:<\/strong>\u00a017 x 22 x 1,4 cm, kieti vir\u0161eliai<\/li>\n<li><strong>Vert\u0117jas:<\/strong>\u00a0Irena Ja\u0161inskait\u0117<\/li>\n<\/ul>\n","protected":false},"excerpt":{"rendered":"<p>XV-XVII a. Niderlanduose i\u0161augo tapybos menas, kuris dav\u0117 pasauliui did\u017eiuosius dailininkus &#8211; Rubens\u0105, Rembrant\u0105, van Deik\u0105 ir kitus. Po ital\u0173 Renesanso tai buvo antras nepaprastas pasaulin\u0117s tapybos pakilimas. Apie tai pasakoja \u0161io \u0161ioje knygoje Levas Liubimovas, literatas ir menotyrininkas, kuris, sekdamas Niderland\u0173 tapybos istorij\u0105, padeda skaitytojui suvokti tapybos meistri\u0161kumo paslaptis ir pajusti jos \u0161edevr\u0173 skon\u012f. Autorius:\u00a0Levas Liubimovas Leid\u0117jas:\u00a0Vaga Metai:\u00a01972 Puslapiai:\u00a0148 Formatas:\u00a017 x 22 x 1,4 cm, kieti vir\u0161eliai Vert\u0117jas:\u00a0Irena Ja\u0161inskait\u0117<\/p>\n","protected":false},"featured_media":14381,"comment_status":"open","ping_status":"closed","template":"","meta":{"_acf_changed":false,"site-sidebar-layout":"default","site-content-layout":"","ast-site-content-layout":"default","site-content-style":"default","site-sidebar-style":"default","ast-global-header-display":"","ast-banner-title-visibility":"","ast-main-header-display":"","ast-hfb-above-header-display":"","ast-hfb-below-header-display":"","ast-hfb-mobile-header-display":"","site-post-title":"","ast-breadcrumbs-content":"","ast-featured-img":"","footer-sml-layout":"","ast-disable-related-posts":"","theme-transparent-header-meta":"default","adv-header-id-meta":"","stick-header-meta":"","header-above-stick-meta":"","header-main-stick-meta":"","header-below-stick-meta":"","astra-migrate-meta-layouts":"set","ast-page-background-enabled":"default","ast-page-background-meta":{"desktop":{"background-color":"","background-image":"","background-repeat":"repeat","background-position":"center center","background-size":"auto","background-attachment":"scroll","background-type":"","background-media":"","overlay-type":"","overlay-color":"","overlay-opacity":"","overlay-gradient":""},"tablet":{"background-color":"","background-image":"","background-repeat":"repeat","background-position":"center center","background-size":"auto","background-attachment":"scroll","background-type":"","background-media":"","overlay-type":"","overlay-color":"","overlay-opacity":"","overlay-gradient":""},"mobile":{"background-color":"","background-image":"","background-repeat":"repeat","background-position":"center center","background-size":"auto","background-attachment":"scroll","background-type":"","background-media":"","overlay-type":"","overlay-color":"","overlay-opacity":"","overlay-gradient":""}},"ast-content-background-meta":{"desktop":{"background-color":"var(--ast-global-color-4)","background-image":"","background-repeat":"repeat","background-position":"center center","background-size":"auto","background-attachment":"scroll","background-type":"","background-media":"","overlay-type":"","overlay-color":"","overlay-opacity":"","overlay-gradient":""},"tablet":{"background-color":"var(--ast-global-color-4)","background-image":"","background-repeat":"repeat","background-position":"center center","background-size":"auto","background-attachment":"scroll","background-type":"","background-media":"","overlay-type":"","overlay-color":"","overlay-opacity":"","overlay-gradient":""},"mobile":{"background-color":"var(--ast-global-color-4)","background-image":"","background-repeat":"repeat","background-position":"center center","background-size":"auto","background-attachment":"scroll","background-type":"","background-media":"","overlay-type":"","overlay-color":"","overlay-opacity":"","overlay-gradient":""}}},"product_brand":[],"product_cat":[15,57],"product_tag":[],"class_list":{"0":"post-14326","1":"product","2":"type-product","3":"status-publish","4":"has-post-thumbnail","6":"product_cat-uncategorized","7":"product_cat-menas-ir-albumai","8":"desktop-align-left","9":"tablet-align-left","10":"mobile-align-left","12":"first","13":"instock","14":"shipping-taxable","15":"purchasable","16":"product-type-simple"},"acf":[],"yoast_head":"<!-- This site is optimized with the Yoast SEO plugin v27.0 - https:\/\/yoast.com\/product\/yoast-seo-wordpress\/ -->\n<title>Did\u017eioji Niderland\u0173 tapyba<\/title>\n<meta name=\"description\" content=\"XV-XVII a. Niderlanduose i\u0161augo tapybos menas, kuris dav\u0117 pasauliui did\u017eiuosius dailininkus - Rubens\u0105, Rembrant\u0105, van Deik\u0105 ir kitus. Po ital\u0173 Renesanso\" \/>\n<meta name=\"robots\" content=\"index, follow, max-snippet:-1, max-image-preview:large, max-video-preview:-1\" \/>\n<link rel=\"canonical\" href=\"https:\/\/skaitytaknyga.lt\/en\/produktas\/didzioji-niderlandu-tapyba\/\" \/>\n<meta property=\"og:locale\" content=\"en_GB\" \/>\n<meta property=\"og:locale:alternate\" content=\"lt_LT\" \/>\n<meta property=\"og:type\" content=\"article\" \/>\n<meta property=\"og:title\" content=\"Did\u017eioji Niderland\u0173 tapyba\" \/>\n<meta property=\"og:description\" content=\"XV-XVII a. Niderlanduose i\u0161augo tapybos menas, kuris dav\u0117 pasauliui did\u017eiuosius dailininkus - Rubens\u0105, Rembrant\u0105, van Deik\u0105 ir kitus. Po ital\u0173 Renesanso\" \/>\n<meta property=\"og:url\" content=\"https:\/\/skaitytaknyga.lt\/en\/produktas\/didzioji-niderlandu-tapyba\/\" \/>\n<meta property=\"og:site_name\" content=\"Skaitytaknyga\" \/>\n<meta property=\"article:publisher\" content=\"https:\/\/www.facebook.com\/skaitytaknyga\/\" \/>\n<meta property=\"article:modified_time\" content=\"2024-10-25T09:44:23+00:00\" \/>\n<meta property=\"og:image\" content=\"https:\/\/skaitytaknyga.lt\/wp-content\/uploads\/2024\/10\/Didzioji-Niderlandu-tapyba.webp\" \/>\n\t<meta property=\"og:image:width\" content=\"608\" \/>\n\t<meta property=\"og:image:height\" content=\"800\" \/>\n\t<meta property=\"og:image:type\" content=\"image\/webp\" \/>\n<meta name=\"twitter:card\" content=\"summary_large_image\" \/>\n<meta name=\"twitter:label1\" content=\"Estimated reading time\" \/>\n\t<meta name=\"twitter:data1\" content=\"1 minute\" \/>\n<script type=\"application\/ld+json\" class=\"yoast-schema-graph\">{\"@context\":\"https:\/\/schema.org\",\"@graph\":[{\"@type\":\"WebPage\",\"@id\":\"https:\/\/skaitytaknyga.lt\/produktas\/didzioji-niderlandu-tapyba\/\",\"url\":\"https:\/\/skaitytaknyga.lt\/produktas\/didzioji-niderlandu-tapyba\/\",\"name\":\"Did\u017eioji Niderland\u0173 tapyba\",\"isPartOf\":{\"@id\":\"https:\/\/skaitytaknyga.lt\/#website\"},\"primaryImageOfPage\":{\"@id\":\"https:\/\/skaitytaknyga.lt\/produktas\/didzioji-niderlandu-tapyba\/#primaryimage\"},\"image\":{\"@id\":\"https:\/\/skaitytaknyga.lt\/produktas\/didzioji-niderlandu-tapyba\/#primaryimage\"},\"thumbnailUrl\":\"https:\/\/skaitytaknyga.lt\/wp-content\/uploads\/2024\/10\/Didzioji-Niderlandu-tapyba.webp\",\"datePublished\":\"2024-10-18T10:19:37+00:00\",\"dateModified\":\"2024-10-25T09:44:23+00:00\",\"description\":\"XV-XVII a. Niderlanduose i\u0161augo tapybos menas, kuris dav\u0117 pasauliui did\u017eiuosius dailininkus - Rubens\u0105, Rembrant\u0105, van Deik\u0105 ir kitus. Po ital\u0173 Renesanso\",\"breadcrumb\":{\"@id\":\"https:\/\/skaitytaknyga.lt\/produktas\/didzioji-niderlandu-tapyba\/#breadcrumb\"},\"inLanguage\":\"en-GB\",\"potentialAction\":[{\"@type\":\"ReadAction\",\"target\":[\"https:\/\/skaitytaknyga.lt\/produktas\/didzioji-niderlandu-tapyba\/\"]}]},{\"@type\":\"ImageObject\",\"inLanguage\":\"en-GB\",\"@id\":\"https:\/\/skaitytaknyga.lt\/produktas\/didzioji-niderlandu-tapyba\/#primaryimage\",\"url\":\"https:\/\/skaitytaknyga.lt\/wp-content\/uploads\/2024\/10\/Didzioji-Niderlandu-tapyba.webp\",\"contentUrl\":\"https:\/\/skaitytaknyga.lt\/wp-content\/uploads\/2024\/10\/Didzioji-Niderlandu-tapyba.webp\",\"width\":608,\"height\":800,\"caption\":\"Did\u017eioji Niderland\u0173 tapyba\"},{\"@type\":\"BreadcrumbList\",\"@id\":\"https:\/\/skaitytaknyga.lt\/produktas\/didzioji-niderlandu-tapyba\/#breadcrumb\",\"itemListElement\":[{\"@type\":\"ListItem\",\"position\":1,\"name\":\"Home\",\"item\":\"https:\/\/skaitytaknyga.lt\/\"},{\"@type\":\"ListItem\",\"position\":2,\"name\":\"Parduotuv\u0117\",\"item\":\"https:\/\/skaitytaknyga.lt\/knygu-parduotuve\/\"},{\"@type\":\"ListItem\",\"position\":3,\"name\":\"Did\u017eioji Niderland\u0173 tapyba\"}]},{\"@type\":\"WebSite\",\"@id\":\"https:\/\/skaitytaknyga.lt\/#website\",\"url\":\"https:\/\/skaitytaknyga.lt\/\",\"name\":\"skaitytaknyga.lt\",\"description\":\"Skaitytaknyga.lt \u2013 tai ma\u017eas \u0161eimos verslas, kuris prasid\u0117jo nuo meil\u0117s knygoms ir siekio i\u0161gelb\u0117ti knygas nuo likimo prie konteinerio. Kas vienam nereikalingas daiktas \u2013 kitam lobis, o mes esame tarpininkai, kurie padeda abiems tapti laimingesniems ???? \u017dinome kaip nelengva i\u0161gyventi ma\u017eiems verslams, tad nuo \u0161iol, \u010dia rasite ir kit\u0173, ma\u017e\u0173 \u0161eim\u0173 versl\u0173, rank\u0173 darbo, dovan\u0173 sau ir artimiesiems.\",\"publisher\":{\"@id\":\"https:\/\/skaitytaknyga.lt\/#organization\"},\"potentialAction\":[{\"@type\":\"SearchAction\",\"target\":{\"@type\":\"EntryPoint\",\"urlTemplate\":\"https:\/\/skaitytaknyga.lt\/?s={search_term_string}\"},\"query-input\":{\"@type\":\"PropertyValueSpecification\",\"valueRequired\":true,\"valueName\":\"search_term_string\"}}],\"inLanguage\":\"en-GB\"},{\"@type\":\"Organization\",\"@id\":\"https:\/\/skaitytaknyga.lt\/#organization\",\"name\":\"skaitytaknyga.lt\",\"url\":\"https:\/\/skaitytaknyga.lt\/\",\"logo\":{\"@type\":\"ImageObject\",\"inLanguage\":\"en-GB\",\"@id\":\"https:\/\/skaitytaknyga.lt\/#\/schema\/logo\/image\/\",\"url\":\"https:\/\/skaitytaknyga.lt\/wp-content\/uploads\/2024\/05\/cropped-cropped-cropped-02_00843_jt3bggkj1j3HLc7SyY6rEUpg.jpeg\",\"contentUrl\":\"https:\/\/skaitytaknyga.lt\/wp-content\/uploads\/2024\/05\/cropped-cropped-cropped-02_00843_jt3bggkj1j3HLc7SyY6rEUpg.jpeg\",\"width\":1600,\"height\":1600,\"caption\":\"skaitytaknyga.lt\"},\"image\":{\"@id\":\"https:\/\/skaitytaknyga.lt\/#\/schema\/logo\/image\/\"},\"sameAs\":[\"https:\/\/www.facebook.com\/skaitytaknyga\/\"]}]}<\/script>\n<!-- \/ Yoast SEO plugin. -->","yoast_head_json":{"title":"Did\u017eioji Niderland\u0173 tapyba","description":"XV-XVII a. Niderlanduose i\u0161augo tapybos menas, kuris dav\u0117 pasauliui did\u017eiuosius dailininkus - Rubens\u0105, Rembrant\u0105, van Deik\u0105 ir kitus. Po ital\u0173 Renesanso","robots":{"index":"index","follow":"follow","max-snippet":"max-snippet:-1","max-image-preview":"max-image-preview:large","max-video-preview":"max-video-preview:-1"},"canonical":"https:\/\/skaitytaknyga.lt\/en\/produktas\/didzioji-niderlandu-tapyba\/","og_locale":"en_GB","og_type":"article","og_title":"[:lt]Did\u017eioji Niderland\u0173 tapyba[:] - Skaitytaknyga","og_description":"XV-XVII a. Niderlanduose i\u0161augo tapybos menas, kuris dav\u0117 pasauliui did\u017eiuosius dailininkus - Rubens\u0105, Rembrant\u0105, van Deik\u0105 ir kitus. Po ital\u0173 Renesanso","og_url":"https:\/\/skaitytaknyga.lt\/en\/produktas\/didzioji-niderlandu-tapyba\/","og_site_name":"Skaitytaknyga","article_publisher":"https:\/\/www.facebook.com\/skaitytaknyga\/","article_modified_time":"2024-10-25T09:44:23+00:00","og_image":[{"width":608,"height":800,"url":"https:\/\/skaitytaknyga.lt\/wp-content\/uploads\/2024\/10\/Didzioji-Niderlandu-tapyba.webp","type":"image\/webp"}],"twitter_card":"summary_large_image","twitter_misc":{"Estimated reading time":"1 minute"},"schema":{"@context":"https:\/\/schema.org","@graph":[{"@type":"WebPage","@id":"https:\/\/skaitytaknyga.lt\/produktas\/didzioji-niderlandu-tapyba\/","url":"https:\/\/skaitytaknyga.lt\/produktas\/didzioji-niderlandu-tapyba\/","name":"Did\u017eioji Niderland\u0173 tapyba","isPartOf":{"@id":"https:\/\/skaitytaknyga.lt\/#website"},"primaryImageOfPage":{"@id":"https:\/\/skaitytaknyga.lt\/produktas\/didzioji-niderlandu-tapyba\/#primaryimage"},"image":{"@id":"https:\/\/skaitytaknyga.lt\/produktas\/didzioji-niderlandu-tapyba\/#primaryimage"},"thumbnailUrl":"https:\/\/skaitytaknyga.lt\/wp-content\/uploads\/2024\/10\/Didzioji-Niderlandu-tapyba.webp","datePublished":"2024-10-18T10:19:37+00:00","dateModified":"2024-10-25T09:44:23+00:00","description":"XV-XVII a. Niderlanduose i\u0161augo tapybos menas, kuris dav\u0117 pasauliui did\u017eiuosius dailininkus - Rubens\u0105, Rembrant\u0105, van Deik\u0105 ir kitus. Po ital\u0173 Renesanso","breadcrumb":{"@id":"https:\/\/skaitytaknyga.lt\/produktas\/didzioji-niderlandu-tapyba\/#breadcrumb"},"inLanguage":"en-GB","potentialAction":[{"@type":"ReadAction","target":["https:\/\/skaitytaknyga.lt\/produktas\/didzioji-niderlandu-tapyba\/"]}]},{"@type":"ImageObject","inLanguage":"en-GB","@id":"https:\/\/skaitytaknyga.lt\/produktas\/didzioji-niderlandu-tapyba\/#primaryimage","url":"https:\/\/skaitytaknyga.lt\/wp-content\/uploads\/2024\/10\/Didzioji-Niderlandu-tapyba.webp","contentUrl":"https:\/\/skaitytaknyga.lt\/wp-content\/uploads\/2024\/10\/Didzioji-Niderlandu-tapyba.webp","width":608,"height":800,"caption":"Did\u017eioji Niderland\u0173 tapyba"},{"@type":"BreadcrumbList","@id":"https:\/\/skaitytaknyga.lt\/produktas\/didzioji-niderlandu-tapyba\/#breadcrumb","itemListElement":[{"@type":"ListItem","position":1,"name":"Home","item":"https:\/\/skaitytaknyga.lt\/"},{"@type":"ListItem","position":2,"name":"Parduotuv\u0117","item":"https:\/\/skaitytaknyga.lt\/knygu-parduotuve\/"},{"@type":"ListItem","position":3,"name":"Did\u017eioji Niderland\u0173 tapyba"}]},{"@type":"WebSite","@id":"https:\/\/skaitytaknyga.lt\/#website","url":"https:\/\/skaitytaknyga.lt\/","name":"skaitytaknyga.lt","description":"Skaitytaknyga.lt \u2013 tai ma\u017eas \u0161eimos verslas, kuris prasid\u0117jo nuo meil\u0117s knygoms ir siekio i\u0161gelb\u0117ti knygas nuo likimo prie konteinerio. Kas vienam nereikalingas daiktas \u2013 kitam lobis, o mes esame tarpininkai, kurie padeda abiems tapti laimingesniems ???? \u017dinome kaip nelengva i\u0161gyventi ma\u017eiems verslams, tad nuo \u0161iol, \u010dia rasite ir kit\u0173, ma\u017e\u0173 \u0161eim\u0173 versl\u0173, rank\u0173 darbo, dovan\u0173 sau ir artimiesiems.","publisher":{"@id":"https:\/\/skaitytaknyga.lt\/#organization"},"potentialAction":[{"@type":"SearchAction","target":{"@type":"EntryPoint","urlTemplate":"https:\/\/skaitytaknyga.lt\/?s={search_term_string}"},"query-input":{"@type":"PropertyValueSpecification","valueRequired":true,"valueName":"search_term_string"}}],"inLanguage":"en-GB"},{"@type":"Organization","@id":"https:\/\/skaitytaknyga.lt\/#organization","name":"skaitytaknyga.lt","url":"https:\/\/skaitytaknyga.lt\/","logo":{"@type":"ImageObject","inLanguage":"en-GB","@id":"https:\/\/skaitytaknyga.lt\/#\/schema\/logo\/image\/","url":"https:\/\/skaitytaknyga.lt\/wp-content\/uploads\/2024\/05\/cropped-cropped-cropped-02_00843_jt3bggkj1j3HLc7SyY6rEUpg.jpeg","contentUrl":"https:\/\/skaitytaknyga.lt\/wp-content\/uploads\/2024\/05\/cropped-cropped-cropped-02_00843_jt3bggkj1j3HLc7SyY6rEUpg.jpeg","width":1600,"height":1600,"caption":"skaitytaknyga.lt"},"image":{"@id":"https:\/\/skaitytaknyga.lt\/#\/schema\/logo\/image\/"},"sameAs":["https:\/\/www.facebook.com\/skaitytaknyga\/"]}]}},"_links":{"self":[{"href":"https:\/\/skaitytaknyga.lt\/en\/wp-json\/wp\/v2\/product\/14326","targetHints":{"allow":["GET"]}}],"collection":[{"href":"https:\/\/skaitytaknyga.lt\/en\/wp-json\/wp\/v2\/product"}],"about":[{"href":"https:\/\/skaitytaknyga.lt\/en\/wp-json\/wp\/v2\/types\/product"}],"replies":[{"embeddable":true,"href":"https:\/\/skaitytaknyga.lt\/en\/wp-json\/wp\/v2\/comments?post=14326"}],"wp:featuredmedia":[{"embeddable":true,"href":"https:\/\/skaitytaknyga.lt\/en\/wp-json\/wp\/v2\/media\/14381"}],"wp:attachment":[{"href":"https:\/\/skaitytaknyga.lt\/en\/wp-json\/wp\/v2\/media?parent=14326"}],"wp:term":[{"taxonomy":"product_brand","embeddable":true,"href":"https:\/\/skaitytaknyga.lt\/en\/wp-json\/wp\/v2\/product_brand?post=14326"},{"taxonomy":"product_cat","embeddable":true,"href":"https:\/\/skaitytaknyga.lt\/en\/wp-json\/wp\/v2\/product_cat?post=14326"},{"taxonomy":"product_tag","embeddable":true,"href":"https:\/\/skaitytaknyga.lt\/en\/wp-json\/wp\/v2\/product_tag?post=14326"}],"curies":[{"name":"wp","href":"https:\/\/api.w.org\/{rel}","templated":true}]}}