{"id":14325,"date":"2024-10-18T13:19:37","date_gmt":"2024-10-18T10:19:37","guid":{"rendered":"https:\/\/skaitytaknyga.lt\/?post_type=product&#038;p=14325"},"modified":"2026-03-18T12:04:42","modified_gmt":"2026-03-18T10:04:42","slug":"tampant-savimi-nauja-bestseleriu-autoriaus-ir-psichoterapeuto-irvino-d-yalomo-atsiminimu-knyga","status":"publish","type":"product","link":"https:\/\/skaitytaknyga.lt\/en\/produktas\/tampant-savimi-nauja-bestseleriu-autoriaus-ir-psichoterapeuto-irvino-d-yalomo-atsiminimu-knyga\/","title":{"rendered":"TAMPANT SAVIMI: nauja bestseleri\u0173 autoriaus ir psichoterapeuto Irvino D. Yalomo atsiminim\u0173 knyga"},"content":{"rendered":"<p><strong>Irvinas D. Yalomas<\/strong>\u00a0karjeros auk\u0161tum\u0173 pasiek\u0117 tyrin\u0117damas kit\u0173 gyvenimus. Ilgai lauktoje atsiminim\u0173 knygoje\u00a0<strong>\u201eTampant savimi\u201c<\/strong>\u00a0jis atgr\u0119\u017eia psichoterapeuto \u017evilgsn\u012f \u012f save: gilinasi \u012f santykius su \u017emon\u0117mis, kurie formavo jo asmenyb\u0119, analizuoja k\u016brinius, i\u0161garsinusius j\u012f visame pasaulyje.<\/p>\n<p>Rusijos \u017eyd\u0173 imigrant\u0173 \u0161eimoje gim\u0119s<strong>\u00a0Yalomas<\/strong>\u00a0u\u017eaugo skurd\u017eioje aplinkoje, Va\u0161ingtone. Nusprend\u0119s i\u0161tr\u016bkti i\u0161 gyvenimo, kuris jo netenkino, nutar\u0117 tapti gydytoju. O tuomet sek\u0117 ne\u012ftik\u0117tinas kilsmas: nuo studij\u0173 met\u0173 Stanfordo medicinos mokykloje neramiais ir did\u017eiulius kult\u016brinius poslinkius liudijusiais septintojo de\u0161imtme\u010dio laikais; pirm\u0173j\u0173 gro\u017ein\u0117s literat\u016bros k\u016brini\u0173, kuriais siek\u0117 dar labiau pasinerti \u012f \u017emogaus psichikos tyrin\u0117jimus, iki tarptautin\u0117s \u0161lov\u0117s ir pripa\u017einimo.<\/p>\n<p>Knygoje\u00a0<strong>\u201eTampant savimi\u201c<\/strong>\u00a0Yalomas pasakoja apie svarbius pasiekimus grupin\u0117s psichoterapijos srityje ir tai, kaip tapo egzistencin\u0117s psichoterapijos \u2013 metodikos, kuri apima vis\u0173 laik\u0173 did\u017eiausi\u0173 m\u0105stytoj\u0173 i\u0161mint\u012f \u2013 praktiku. Atskleid\u017eia, kas \u012fkv\u0117p\u0117 vienas garsiausi\u0173 jo knyg\u0173, tarp kuri\u0173 Meil\u0117s budelis ir Kai Ny\u010d\u0117 verk\u0117, kuriose sulyd\u017eius psichologij\u0105 ir filosofij\u0105, gim\u0117 naujos \u012f\u017evalgos apie \u017emogaus psichologij\u0105. Prisimena ry\u0161kiausi\u0173 pacient\u0173 istorijas ir dalijasi asmeninio gyvenimo, meil\u0117s, netek\u010di\u0173, apgailestavim\u0173 akimirkomis, suteikdamas skaitytojui prog\u0105 dar geriau pa\u017einti savitus jo terapijos metodus bei k\u016brybinio ra\u0161ymo u\u017ekulisius.<\/p>\n<ul class=\"about-product d-none d-xl-block mt-4\">\n<li><strong>Originalus pavadinimas:<\/strong>\u00a0Becoming Myself<\/li>\n<li><strong>Autorius:<\/strong>\u00a0Irvin D. Yalom<\/li>\n<li><strong>Leid\u0117jas:<\/strong>\u00a0Vaga<\/li>\n<li><strong>Metai:<\/strong>\u00a02019<\/li>\n<li><strong>Puslapiai:<\/strong>\u00a0392<\/li>\n<li class=\"toggleable type-new-formats \"><strong>ISBN:<\/strong>\u00a09785415025763<\/li>\n<li><strong>Versijos kodas:<\/strong>\u00a0PT.<\/li>\n<li class=\"toggleable type-new-formats \"><strong>Formatas:<\/strong>\u00a015,5 x 23,5 x 2,6 cm, kieti vir\u0161eliai<\/li>\n<li><strong>Kalba:<\/strong>\u00a0Lietuvi\u0173<\/li>\n<li><strong>Vert\u0117jas:<\/strong>\u00a0Irena Jomantien\u0117, Milda Dyke<\/li>\n<\/ul>\n","protected":false},"excerpt":{"rendered":"<p>Irvinas D. Yalomas\u00a0karjeros auk\u0161tum\u0173 pasiek\u0117 tyrin\u0117damas kit\u0173 gyvenimus. Ilgai lauktoje atsiminim\u0173 knygoje\u00a0\u201eTampant savimi\u201c\u00a0jis atgr\u0119\u017eia psichoterapeuto \u017evilgsn\u012f \u012f save: gilinasi \u012f santykius su \u017emon\u0117mis, kurie formavo jo asmenyb\u0119, analizuoja k\u016brinius, i\u0161garsinusius j\u012f visame pasaulyje. Rusijos \u017eyd\u0173 imigrant\u0173 \u0161eimoje gim\u0119s\u00a0Yalomas\u00a0u\u017eaugo skurd\u017eioje aplinkoje, Va\u0161ingtone. Nusprend\u0119s i\u0161tr\u016bkti i\u0161 gyvenimo, kuris jo netenkino, nutar\u0117 tapti gydytoju. O tuomet sek\u0117 ne\u012ftik\u0117tinas kilsmas: nuo studij\u0173 met\u0173 Stanfordo medicinos mokykloje neramiais ir did\u017eiulius kult\u016brinius poslinkius liudijusiais septintojo de\u0161imtme\u010dio laikais; pirm\u0173j\u0173 gro\u017ein\u0117s literat\u016bros k\u016brini\u0173, kuriais siek\u0117 dar labiau pasinerti \u012f \u017emogaus psichikos tyrin\u0117jimus, iki tarptautin\u0117s \u0161lov\u0117s ir pripa\u017einimo. Knygoje\u00a0\u201eTampant savimi\u201c\u00a0Yalomas pasakoja apie svarbius pasiekimus grupin\u0117s psichoterapijos srityje ir tai, kaip tapo egzistencin\u0117s psichoterapijos \u2013 metodikos, kuri apima vis\u0173 laik\u0173 did\u017eiausi\u0173 m\u0105stytoj\u0173 i\u0161mint\u012f \u2013 praktiku. Atskleid\u017eia, kas \u012fkv\u0117p\u0117 vienas garsiausi\u0173 jo knyg\u0173, tarp kuri\u0173 Meil\u0117s budelis ir Kai Ny\u010d\u0117 verk\u0117, kuriose sulyd\u017eius psichologij\u0105 ir filosofij\u0105, gim\u0117 naujos \u012f\u017evalgos apie \u017emogaus psichologij\u0105. Prisimena ry\u0161kiausi\u0173 pacient\u0173 istorijas ir dalijasi asmeninio gyvenimo, meil\u0117s, netek\u010di\u0173, apgailestavim\u0173 akimirkomis, suteikdamas skaitytojui prog\u0105 dar geriau pa\u017einti savitus jo terapijos metodus bei k\u016brybinio ra\u0161ymo u\u017ekulisius. Originalus pavadinimas:\u00a0Becoming Myself Autorius:\u00a0Irvin D. Yalom Leid\u0117jas:\u00a0Vaga Metai:\u00a02019 Puslapiai:\u00a0392 ISBN:\u00a09785415025763 Versijos kodas:\u00a0PT. Formatas:\u00a015,5 x 23,5 x 2,6 cm, kieti vir\u0161eliai Kalba:\u00a0Lietuvi\u0173 Vert\u0117jas:\u00a0Irena Jomantien\u0117, Milda Dyke<\/p>\n","protected":false},"featured_media":14382,"comment_status":"open","ping_status":"closed","template":"","meta":{"_acf_changed":false,"site-sidebar-layout":"default","site-content-layout":"","ast-site-content-layout":"default","site-content-style":"default","site-sidebar-style":"default","ast-global-header-display":"","ast-banner-title-visibility":"","ast-main-header-display":"","ast-hfb-above-header-display":"","ast-hfb-below-header-display":"","ast-hfb-mobile-header-display":"","site-post-title":"","ast-breadcrumbs-content":"","ast-featured-img":"","footer-sml-layout":"","ast-disable-related-posts":"","theme-transparent-header-meta":"default","adv-header-id-meta":"","stick-header-meta":"","header-above-stick-meta":"","header-main-stick-meta":"","header-below-stick-meta":"","astra-migrate-meta-layouts":"set","ast-page-background-enabled":"default","ast-page-background-meta":{"desktop":{"background-color":"","background-image":"","background-repeat":"repeat","background-position":"center center","background-size":"auto","background-attachment":"scroll","background-type":"","background-media":"","overlay-type":"","overlay-color":"","overlay-opacity":"","overlay-gradient":""},"tablet":{"background-color":"","background-image":"","background-repeat":"repeat","background-position":"center center","background-size":"auto","background-attachment":"scroll","background-type":"","background-media":"","overlay-type":"","overlay-color":"","overlay-opacity":"","overlay-gradient":""},"mobile":{"background-color":"","background-image":"","background-repeat":"repeat","background-position":"center center","background-size":"auto","background-attachment":"scroll","background-type":"","background-media":"","overlay-type":"","overlay-color":"","overlay-opacity":"","overlay-gradient":""}},"ast-content-background-meta":{"desktop":{"background-color":"var(--ast-global-color-4)","background-image":"","background-repeat":"repeat","background-position":"center center","background-size":"auto","background-attachment":"scroll","background-type":"","background-media":"","overlay-type":"","overlay-color":"","overlay-opacity":"","overlay-gradient":""},"tablet":{"background-color":"var(--ast-global-color-4)","background-image":"","background-repeat":"repeat","background-position":"center center","background-size":"auto","background-attachment":"scroll","background-type":"","background-media":"","overlay-type":"","overlay-color":"","overlay-opacity":"","overlay-gradient":""},"mobile":{"background-color":"var(--ast-global-color-4)","background-image":"","background-repeat":"repeat","background-position":"center center","background-size":"auto","background-attachment":"scroll","background-type":"","background-media":"","overlay-type":"","overlay-color":"","overlay-opacity":"","overlay-gradient":""}}},"product_brand":[],"product_cat":[30],"product_tag":[1349,3429],"class_list":{"0":"post-14325","1":"product","2":"type-product","3":"status-publish","4":"has-post-thumbnail","6":"product_cat-psichologija-ir-saviugda","7":"product_tag-atsiminimai","8":"product_tag-psichoterapija","9":"desktop-align-left","10":"tablet-align-left","11":"mobile-align-left","13":"first","14":"outofstock","15":"shipping-taxable","16":"purchasable","17":"product-type-simple"},"acf":[],"yoast_head":"<!-- This site is optimized with the Yoast SEO plugin v27.4 - https:\/\/yoast.com\/product\/yoast-seo-wordpress\/ -->\n<title>TAMPANT SAVIMI: nauja bestseleri\u0173 autoriaus ir psichoterapeuto Irvino D. Yalomo atsiminim\u0173 knyga<\/title>\n<meta name=\"description\" content=\"Irvinas D. Yalomas\u00a0karjeros auk\u0161tum\u0173 pasiek\u0117 tyrin\u0117damas kit\u0173 gyvenimus. Ilgai lauktoje atsiminim\u0173 knygoje\u00a0\u201eTampant savimi\u201c\u00a0jis atgr\u0119\u017eia psichoterapeuto\" \/>\n<meta name=\"robots\" content=\"index, follow, max-snippet:-1, max-image-preview:large, max-video-preview:-1\" \/>\n<link rel=\"canonical\" href=\"https:\/\/skaitytaknyga.lt\/en\/produktas\/tampant-savimi-nauja-bestseleriu-autoriaus-ir-psichoterapeuto-irvino-d-yalomo-atsiminimu-knyga\/\" \/>\n<meta property=\"og:locale\" content=\"en_GB\" \/>\n<meta property=\"og:locale:alternate\" content=\"lt_LT\" \/>\n<meta property=\"og:type\" content=\"article\" \/>\n<meta property=\"og:title\" content=\"TAMPANT SAVIMI: nauja bestseleri\u0173 autoriaus ir psichoterapeuto Irvino D. Yalomo atsiminim\u0173 knyga\" \/>\n<meta property=\"og:description\" content=\"Irvinas D. Yalomas\u00a0karjeros auk\u0161tum\u0173 pasiek\u0117 tyrin\u0117damas kit\u0173 gyvenimus. Ilgai lauktoje atsiminim\u0173 knygoje\u00a0\u201eTampant savimi\u201c\u00a0jis atgr\u0119\u017eia psichoterapeuto\" \/>\n<meta property=\"og:url\" content=\"https:\/\/skaitytaknyga.lt\/en\/produktas\/tampant-savimi-nauja-bestseleriu-autoriaus-ir-psichoterapeuto-irvino-d-yalomo-atsiminimu-knyga\/\" \/>\n<meta property=\"og:site_name\" content=\"Skaitytaknyga\" \/>\n<meta property=\"article:publisher\" content=\"https:\/\/www.facebook.com\/skaitytaknyga\/\" \/>\n<meta property=\"article:modified_time\" content=\"2026-03-18T10:04:42+00:00\" \/>\n<meta property=\"og:image\" content=\"https:\/\/skaitytaknyga.lt\/wp-content\/uploads\/2024\/10\/TAMPANT-SAVIMI.-nauja-bestseleriu-autoriaus-ir-psichoterapeuto-Irvino-D.-Yalomo-atsiminimu-knyga.webp\" \/>\n\t<meta property=\"og:image:width\" content=\"520\" \/>\n\t<meta property=\"og:image:height\" content=\"800\" \/>\n\t<meta property=\"og:image:type\" content=\"image\/webp\" \/>\n<meta name=\"twitter:card\" content=\"summary_large_image\" \/>\n<meta name=\"twitter:label1\" content=\"Estimated reading time\" \/>\n\t<meta name=\"twitter:data1\" content=\"2 minutes\" \/>\n<script type=\"application\/ld+json\" class=\"yoast-schema-graph\">{\"@context\":\"https:\\\/\\\/schema.org\",\"@graph\":[{\"@type\":\"WebPage\",\"@id\":\"https:\\\/\\\/skaitytaknyga.lt\\\/produktas\\\/tampant-savimi-nauja-bestseleriu-autoriaus-ir-psichoterapeuto-irvino-d-yalomo-atsiminimu-knyga\\\/\",\"url\":\"https:\\\/\\\/skaitytaknyga.lt\\\/produktas\\\/tampant-savimi-nauja-bestseleriu-autoriaus-ir-psichoterapeuto-irvino-d-yalomo-atsiminimu-knyga\\\/\",\"name\":\"TAMPANT SAVIMI: nauja bestseleri\u0173 autoriaus ir psichoterapeuto Irvino D. Yalomo atsiminim\u0173 knyga\",\"isPartOf\":{\"@id\":\"https:\\\/\\\/skaitytaknyga.lt\\\/#website\"},\"primaryImageOfPage\":{\"@id\":\"https:\\\/\\\/skaitytaknyga.lt\\\/produktas\\\/tampant-savimi-nauja-bestseleriu-autoriaus-ir-psichoterapeuto-irvino-d-yalomo-atsiminimu-knyga\\\/#primaryimage\"},\"image\":{\"@id\":\"https:\\\/\\\/skaitytaknyga.lt\\\/produktas\\\/tampant-savimi-nauja-bestseleriu-autoriaus-ir-psichoterapeuto-irvino-d-yalomo-atsiminimu-knyga\\\/#primaryimage\"},\"thumbnailUrl\":\"https:\\\/\\\/skaitytaknyga.lt\\\/wp-content\\\/uploads\\\/2024\\\/10\\\/TAMPANT-SAVIMI.-nauja-bestseleriu-autoriaus-ir-psichoterapeuto-Irvino-D.-Yalomo-atsiminimu-knyga.webp\",\"datePublished\":\"2024-10-18T10:19:37+00:00\",\"dateModified\":\"2026-03-18T10:04:42+00:00\",\"description\":\"Irvinas D. Yalomas\u00a0karjeros auk\u0161tum\u0173 pasiek\u0117 tyrin\u0117damas kit\u0173 gyvenimus. Ilgai lauktoje atsiminim\u0173 knygoje\u00a0\u201eTampant savimi\u201c\u00a0jis atgr\u0119\u017eia psichoterapeuto\",\"breadcrumb\":{\"@id\":\"https:\\\/\\\/skaitytaknyga.lt\\\/produktas\\\/tampant-savimi-nauja-bestseleriu-autoriaus-ir-psichoterapeuto-irvino-d-yalomo-atsiminimu-knyga\\\/#breadcrumb\"},\"inLanguage\":\"en-GB\",\"potentialAction\":[{\"@type\":\"ReadAction\",\"target\":[\"https:\\\/\\\/skaitytaknyga.lt\\\/produktas\\\/tampant-savimi-nauja-bestseleriu-autoriaus-ir-psichoterapeuto-irvino-d-yalomo-atsiminimu-knyga\\\/\"]}]},{\"@type\":\"ImageObject\",\"inLanguage\":\"en-GB\",\"@id\":\"https:\\\/\\\/skaitytaknyga.lt\\\/produktas\\\/tampant-savimi-nauja-bestseleriu-autoriaus-ir-psichoterapeuto-irvino-d-yalomo-atsiminimu-knyga\\\/#primaryimage\",\"url\":\"https:\\\/\\\/skaitytaknyga.lt\\\/wp-content\\\/uploads\\\/2024\\\/10\\\/TAMPANT-SAVIMI.-nauja-bestseleriu-autoriaus-ir-psichoterapeuto-Irvino-D.-Yalomo-atsiminimu-knyga.webp\",\"contentUrl\":\"https:\\\/\\\/skaitytaknyga.lt\\\/wp-content\\\/uploads\\\/2024\\\/10\\\/TAMPANT-SAVIMI.-nauja-bestseleriu-autoriaus-ir-psichoterapeuto-Irvino-D.-Yalomo-atsiminimu-knyga.webp\",\"width\":520,\"height\":800,\"caption\":\"TAMPANT SAVIMI: nauja bestseleri\u0173 autoriaus ir psichoterapeuto Irvino D. Yalomo atsiminim\u0173 knyga\"},{\"@type\":\"BreadcrumbList\",\"@id\":\"https:\\\/\\\/skaitytaknyga.lt\\\/produktas\\\/tampant-savimi-nauja-bestseleriu-autoriaus-ir-psichoterapeuto-irvino-d-yalomo-atsiminimu-knyga\\\/#breadcrumb\",\"itemListElement\":[{\"@type\":\"ListItem\",\"position\":1,\"name\":\"Home\",\"item\":\"https:\\\/\\\/skaitytaknyga.lt\\\/\"},{\"@type\":\"ListItem\",\"position\":2,\"name\":\"Parduotuv\u0117\",\"item\":\"https:\\\/\\\/skaitytaknyga.lt\\\/knygu-parduotuve\\\/\"},{\"@type\":\"ListItem\",\"position\":3,\"name\":\"TAMPANT SAVIMI: nauja bestseleri\u0173 autoriaus ir psichoterapeuto Irvino D. Yalomo atsiminim\u0173 knyga\"}]},{\"@type\":\"WebSite\",\"@id\":\"https:\\\/\\\/skaitytaknyga.lt\\\/#website\",\"url\":\"https:\\\/\\\/skaitytaknyga.lt\\\/\",\"name\":\"skaitytaknyga.lt\",\"description\":\"Skaitytaknyga.lt \u2013 tai ma\u017eas \u0161eimos verslas, kuris prasid\u0117jo nuo meil\u0117s knygoms ir siekio i\u0161gelb\u0117ti knygas nuo likimo prie konteinerio. Kas vienam nereikalingas daiktas \u2013 kitam lobis, o mes esame tarpininkai, kurie padeda abiems tapti laimingesniems ???? \u017dinome kaip nelengva i\u0161gyventi ma\u017eiems verslams, tad nuo \u0161iol, \u010dia rasite ir kit\u0173, ma\u017e\u0173 \u0161eim\u0173 versl\u0173, rank\u0173 darbo, dovan\u0173 sau ir artimiesiems.\",\"publisher\":{\"@id\":\"https:\\\/\\\/skaitytaknyga.lt\\\/#organization\"},\"potentialAction\":[{\"@type\":\"SearchAction\",\"target\":{\"@type\":\"EntryPoint\",\"urlTemplate\":\"https:\\\/\\\/skaitytaknyga.lt\\\/?s={search_term_string}\"},\"query-input\":{\"@type\":\"PropertyValueSpecification\",\"valueRequired\":true,\"valueName\":\"search_term_string\"}}],\"inLanguage\":\"en-GB\"},{\"@type\":\"Organization\",\"@id\":\"https:\\\/\\\/skaitytaknyga.lt\\\/#organization\",\"name\":\"skaitytaknyga.lt\",\"url\":\"https:\\\/\\\/skaitytaknyga.lt\\\/\",\"logo\":{\"@type\":\"ImageObject\",\"inLanguage\":\"en-GB\",\"@id\":\"https:\\\/\\\/skaitytaknyga.lt\\\/#\\\/schema\\\/logo\\\/image\\\/\",\"url\":\"https:\\\/\\\/skaitytaknyga.lt\\\/wp-content\\\/uploads\\\/2024\\\/05\\\/cropped-cropped-cropped-02_00843_jt3bggkj1j3HLc7SyY6rEUpg.jpeg\",\"contentUrl\":\"https:\\\/\\\/skaitytaknyga.lt\\\/wp-content\\\/uploads\\\/2024\\\/05\\\/cropped-cropped-cropped-02_00843_jt3bggkj1j3HLc7SyY6rEUpg.jpeg\",\"width\":1600,\"height\":1600,\"caption\":\"skaitytaknyga.lt\"},\"image\":{\"@id\":\"https:\\\/\\\/skaitytaknyga.lt\\\/#\\\/schema\\\/logo\\\/image\\\/\"},\"sameAs\":[\"https:\\\/\\\/www.facebook.com\\\/skaitytaknyga\\\/\"]}]}<\/script>\n<!-- \/ Yoast SEO plugin. -->","yoast_head_json":{"title":"TAMPANT SAVIMI: nauja bestseleri\u0173 autoriaus ir psichoterapeuto Irvino D. Yalomo atsiminim\u0173 knyga","description":"Irvinas D. Yalomas\u00a0karjeros auk\u0161tum\u0173 pasiek\u0117 tyrin\u0117damas kit\u0173 gyvenimus. Ilgai lauktoje atsiminim\u0173 knygoje\u00a0\u201eTampant savimi\u201c\u00a0jis atgr\u0119\u017eia psichoterapeuto","robots":{"index":"index","follow":"follow","max-snippet":"max-snippet:-1","max-image-preview":"max-image-preview:large","max-video-preview":"max-video-preview:-1"},"canonical":"https:\/\/skaitytaknyga.lt\/en\/produktas\/tampant-savimi-nauja-bestseleriu-autoriaus-ir-psichoterapeuto-irvino-d-yalomo-atsiminimu-knyga\/","og_locale":"en_GB","og_type":"article","og_title":"[:lt]TAMPANT SAVIMI: nauja bestseleri\u0173 autoriaus ir psichoterapeuto Irvino D. Yalomo atsiminim\u0173 knyga[:] - Skaitytaknyga","og_description":"Irvinas D. Yalomas\u00a0karjeros auk\u0161tum\u0173 pasiek\u0117 tyrin\u0117damas kit\u0173 gyvenimus. Ilgai lauktoje atsiminim\u0173 knygoje\u00a0\u201eTampant savimi\u201c\u00a0jis atgr\u0119\u017eia psichoterapeuto","og_url":"https:\/\/skaitytaknyga.lt\/en\/produktas\/tampant-savimi-nauja-bestseleriu-autoriaus-ir-psichoterapeuto-irvino-d-yalomo-atsiminimu-knyga\/","og_site_name":"Skaitytaknyga","article_publisher":"https:\/\/www.facebook.com\/skaitytaknyga\/","article_modified_time":"2026-03-18T10:04:42+00:00","og_image":[{"width":520,"height":800,"url":"https:\/\/skaitytaknyga.lt\/wp-content\/uploads\/2024\/10\/TAMPANT-SAVIMI.-nauja-bestseleriu-autoriaus-ir-psichoterapeuto-Irvino-D.-Yalomo-atsiminimu-knyga.webp","type":"image\/webp"}],"twitter_card":"summary_large_image","twitter_misc":{"Estimated reading time":"2 minutes"},"schema":{"@context":"https:\/\/schema.org","@graph":[{"@type":"WebPage","@id":"https:\/\/skaitytaknyga.lt\/produktas\/tampant-savimi-nauja-bestseleriu-autoriaus-ir-psichoterapeuto-irvino-d-yalomo-atsiminimu-knyga\/","url":"https:\/\/skaitytaknyga.lt\/produktas\/tampant-savimi-nauja-bestseleriu-autoriaus-ir-psichoterapeuto-irvino-d-yalomo-atsiminimu-knyga\/","name":"TAMPANT SAVIMI: nauja bestseleri\u0173 autoriaus ir psichoterapeuto Irvino D. Yalomo atsiminim\u0173 knyga","isPartOf":{"@id":"https:\/\/skaitytaknyga.lt\/#website"},"primaryImageOfPage":{"@id":"https:\/\/skaitytaknyga.lt\/produktas\/tampant-savimi-nauja-bestseleriu-autoriaus-ir-psichoterapeuto-irvino-d-yalomo-atsiminimu-knyga\/#primaryimage"},"image":{"@id":"https:\/\/skaitytaknyga.lt\/produktas\/tampant-savimi-nauja-bestseleriu-autoriaus-ir-psichoterapeuto-irvino-d-yalomo-atsiminimu-knyga\/#primaryimage"},"thumbnailUrl":"https:\/\/skaitytaknyga.lt\/wp-content\/uploads\/2024\/10\/TAMPANT-SAVIMI.-nauja-bestseleriu-autoriaus-ir-psichoterapeuto-Irvino-D.-Yalomo-atsiminimu-knyga.webp","datePublished":"2024-10-18T10:19:37+00:00","dateModified":"2026-03-18T10:04:42+00:00","description":"Irvinas D. Yalomas\u00a0karjeros auk\u0161tum\u0173 pasiek\u0117 tyrin\u0117damas kit\u0173 gyvenimus. Ilgai lauktoje atsiminim\u0173 knygoje\u00a0\u201eTampant savimi\u201c\u00a0jis atgr\u0119\u017eia psichoterapeuto","breadcrumb":{"@id":"https:\/\/skaitytaknyga.lt\/produktas\/tampant-savimi-nauja-bestseleriu-autoriaus-ir-psichoterapeuto-irvino-d-yalomo-atsiminimu-knyga\/#breadcrumb"},"inLanguage":"en-GB","potentialAction":[{"@type":"ReadAction","target":["https:\/\/skaitytaknyga.lt\/produktas\/tampant-savimi-nauja-bestseleriu-autoriaus-ir-psichoterapeuto-irvino-d-yalomo-atsiminimu-knyga\/"]}]},{"@type":"ImageObject","inLanguage":"en-GB","@id":"https:\/\/skaitytaknyga.lt\/produktas\/tampant-savimi-nauja-bestseleriu-autoriaus-ir-psichoterapeuto-irvino-d-yalomo-atsiminimu-knyga\/#primaryimage","url":"https:\/\/skaitytaknyga.lt\/wp-content\/uploads\/2024\/10\/TAMPANT-SAVIMI.-nauja-bestseleriu-autoriaus-ir-psichoterapeuto-Irvino-D.-Yalomo-atsiminimu-knyga.webp","contentUrl":"https:\/\/skaitytaknyga.lt\/wp-content\/uploads\/2024\/10\/TAMPANT-SAVIMI.-nauja-bestseleriu-autoriaus-ir-psichoterapeuto-Irvino-D.-Yalomo-atsiminimu-knyga.webp","width":520,"height":800,"caption":"TAMPANT SAVIMI: nauja bestseleri\u0173 autoriaus ir psichoterapeuto Irvino D. Yalomo atsiminim\u0173 knyga"},{"@type":"BreadcrumbList","@id":"https:\/\/skaitytaknyga.lt\/produktas\/tampant-savimi-nauja-bestseleriu-autoriaus-ir-psichoterapeuto-irvino-d-yalomo-atsiminimu-knyga\/#breadcrumb","itemListElement":[{"@type":"ListItem","position":1,"name":"Home","item":"https:\/\/skaitytaknyga.lt\/"},{"@type":"ListItem","position":2,"name":"Parduotuv\u0117","item":"https:\/\/skaitytaknyga.lt\/knygu-parduotuve\/"},{"@type":"ListItem","position":3,"name":"TAMPANT SAVIMI: nauja bestseleri\u0173 autoriaus ir psichoterapeuto Irvino D. Yalomo atsiminim\u0173 knyga"}]},{"@type":"WebSite","@id":"https:\/\/skaitytaknyga.lt\/#website","url":"https:\/\/skaitytaknyga.lt\/","name":"skaitytaknyga.lt","description":"Skaitytaknyga.lt \u2013 tai ma\u017eas \u0161eimos verslas, kuris prasid\u0117jo nuo meil\u0117s knygoms ir siekio i\u0161gelb\u0117ti knygas nuo likimo prie konteinerio. Kas vienam nereikalingas daiktas \u2013 kitam lobis, o mes esame tarpininkai, kurie padeda abiems tapti laimingesniems ???? \u017dinome kaip nelengva i\u0161gyventi ma\u017eiems verslams, tad nuo \u0161iol, \u010dia rasite ir kit\u0173, ma\u017e\u0173 \u0161eim\u0173 versl\u0173, rank\u0173 darbo, dovan\u0173 sau ir artimiesiems.","publisher":{"@id":"https:\/\/skaitytaknyga.lt\/#organization"},"potentialAction":[{"@type":"SearchAction","target":{"@type":"EntryPoint","urlTemplate":"https:\/\/skaitytaknyga.lt\/?s={search_term_string}"},"query-input":{"@type":"PropertyValueSpecification","valueRequired":true,"valueName":"search_term_string"}}],"inLanguage":"en-GB"},{"@type":"Organization","@id":"https:\/\/skaitytaknyga.lt\/#organization","name":"skaitytaknyga.lt","url":"https:\/\/skaitytaknyga.lt\/","logo":{"@type":"ImageObject","inLanguage":"en-GB","@id":"https:\/\/skaitytaknyga.lt\/#\/schema\/logo\/image\/","url":"https:\/\/skaitytaknyga.lt\/wp-content\/uploads\/2024\/05\/cropped-cropped-cropped-02_00843_jt3bggkj1j3HLc7SyY6rEUpg.jpeg","contentUrl":"https:\/\/skaitytaknyga.lt\/wp-content\/uploads\/2024\/05\/cropped-cropped-cropped-02_00843_jt3bggkj1j3HLc7SyY6rEUpg.jpeg","width":1600,"height":1600,"caption":"skaitytaknyga.lt"},"image":{"@id":"https:\/\/skaitytaknyga.lt\/#\/schema\/logo\/image\/"},"sameAs":["https:\/\/www.facebook.com\/skaitytaknyga\/"]}]}},"_links":{"self":[{"href":"https:\/\/skaitytaknyga.lt\/en\/wp-json\/wp\/v2\/product\/14325","targetHints":{"allow":["GET"]}}],"collection":[{"href":"https:\/\/skaitytaknyga.lt\/en\/wp-json\/wp\/v2\/product"}],"about":[{"href":"https:\/\/skaitytaknyga.lt\/en\/wp-json\/wp\/v2\/types\/product"}],"replies":[{"embeddable":true,"href":"https:\/\/skaitytaknyga.lt\/en\/wp-json\/wp\/v2\/comments?post=14325"}],"wp:featuredmedia":[{"embeddable":true,"href":"https:\/\/skaitytaknyga.lt\/en\/wp-json\/wp\/v2\/media\/14382"}],"wp:attachment":[{"href":"https:\/\/skaitytaknyga.lt\/en\/wp-json\/wp\/v2\/media?parent=14325"}],"wp:term":[{"taxonomy":"product_brand","embeddable":true,"href":"https:\/\/skaitytaknyga.lt\/en\/wp-json\/wp\/v2\/product_brand?post=14325"},{"taxonomy":"product_cat","embeddable":true,"href":"https:\/\/skaitytaknyga.lt\/en\/wp-json\/wp\/v2\/product_cat?post=14325"},{"taxonomy":"product_tag","embeddable":true,"href":"https:\/\/skaitytaknyga.lt\/en\/wp-json\/wp\/v2\/product_tag?post=14325"}],"curies":[{"name":"wp","href":"https:\/\/api.w.org\/{rel}","templated":true}]}}