{"id":14323,"date":"2024-10-18T13:19:37","date_gmt":"2024-10-18T10:19:37","guid":{"rendered":"https:\/\/skaitytaknyga.lt\/?post_type=product&#038;p=14323"},"modified":"2026-03-05T12:34:29","modified_gmt":"2026-03-05T10:34:29","slug":"rivertono-dvaro-paslaptis","status":"publish","type":"product","link":"https:\/\/skaitytaknyga.lt\/en\/produktas\/rivertono-dvaro-paslaptis\/","title":{"rendered":"Rivertono dvaro paslaptis"},"content":{"rendered":"<p>Pasaulin\u0117s \u0161lov\u0117s sulaukusio romano siu\u017eetas mus nukelia \u012f tarpukario Anglij\u0105, \u012f diding\u0105 Rivertono dvar\u0105. Tarnait\u0117s Greis\u0117s Bredli l\u016bpomis pasakojamoje istorijoje atsiskleid\u017eia aristokrati\u0161kos Hartford\u0173 \u0161eimos gyvenimo peripetijos ir ai\u0161k\u0117ja ilgai sl\u0117pta paslaptis.<\/p>\n<p>Tai ir jaudinantis, painus detektyvas, ir kerinti, romanti\u0161ka meil\u0117s istorija.<\/p>\n<p>1924-\u0173j\u0173 vasara<\/p>\n<p>Rivertono dvare vyksta prabangus pokylis. \u0160ventin\u0119 nuotaik\u0105 sudrums\u010dia lemtingas nutikimas \u2013 nusi\u0161auna jaunas poetas. Vienintel\u0117s \u012fvykio liudinink\u0117s, \u017einan\u010dios, kaip viskas buvo i\u0161 tikr\u0173j\u0173, \u2013 seserys Hana ir Emelina Hartford, taip pat j\u0173 kukli tarnait\u0117 Greis\u0117.<\/p>\n<p>1999-\u0173j\u0173 \u017eiema<\/p>\n<p>Po daugelio met\u0173 jau senyvo am\u017eiaus Greis\u0117 sulaukia netik\u0117tos vie\u0161nios. Pas j\u0105 apsilanko jauna kino re\u017eisier\u0117, kurianti film\u0105 apie m\u012fsling\u0105 1924-\u0173j\u0173 vasaros nutikim\u0105 Rivertone. Ji nusive\u017ea Greis\u0119 \u012f dvar\u0105, kuriame \u0161i tarnavo. Buvusios tarnait\u0117s atmintyje i\u0161kyla jaunyst\u0117s dien\u0173 prisiminimai, o kartu su jais \u2013 ir kraupi paslaptis, kuri sl\u0117g\u0117 Greis\u0119 vis\u0105 gyvenim\u0105.<\/p>\n<ul class=\"about-product d-none d-xl-block mt-4\">\n<li><strong>Originalus pavadinimas:<\/strong>\u00a0The House at Riverton<\/li>\n<li><strong>Autorius:<\/strong>\u00a0Kate Morton<\/li>\n<li><strong>Leid\u0117jas:<\/strong>\u00a0Svajoni\u0173 knygos<\/li>\n<li><strong>Metai:<\/strong>\u00a02020<\/li>\n<li><strong>Puslapiai:<\/strong>\u00a0560<\/li>\n<li class=\"toggleable type-new-formats \"><strong>ISBN:<\/strong>\u00a09786090305584<\/li>\n<li><strong>Versijos kodas:<\/strong>\u00a0PT.<\/li>\n<li class=\"toggleable type-new-formats \"><strong>Formatas:<\/strong>\u00a015 x 21,5 x 4,5 cm, kieti vir\u0161eliai<\/li>\n<li><strong>Kalba:<\/strong>\u00a0Lietuvi\u0173<\/li>\n<li><strong>Vert\u0117jas:<\/strong>\u00a0Aist\u0117 Masiokait\u0117<\/li>\n<\/ul>\n","protected":false},"excerpt":{"rendered":"<p>Pasaulin\u0117s \u0161lov\u0117s sulaukusio romano siu\u017eetas mus nukelia \u012f tarpukario Anglij\u0105, \u012f diding\u0105 Rivertono dvar\u0105. Tarnait\u0117s Greis\u0117s Bredli l\u016bpomis pasakojamoje istorijoje atsiskleid\u017eia aristokrati\u0161kos Hartford\u0173 \u0161eimos gyvenimo peripetijos ir ai\u0161k\u0117ja ilgai sl\u0117pta paslaptis. Tai ir jaudinantis, painus detektyvas, ir kerinti, romanti\u0161ka meil\u0117s istorija. 1924-\u0173j\u0173 vasara Rivertono dvare vyksta prabangus pokylis. \u0160ventin\u0119 nuotaik\u0105 sudrums\u010dia lemtingas nutikimas \u2013 nusi\u0161auna jaunas poetas. Vienintel\u0117s \u012fvykio liudinink\u0117s, \u017einan\u010dios, kaip viskas buvo i\u0161 tikr\u0173j\u0173, \u2013 seserys Hana ir Emelina Hartford, taip pat j\u0173 kukli tarnait\u0117 Greis\u0117. 1999-\u0173j\u0173 \u017eiema Po daugelio met\u0173 jau senyvo am\u017eiaus Greis\u0117 sulaukia netik\u0117tos vie\u0161nios. Pas j\u0105 apsilanko jauna kino re\u017eisier\u0117, kurianti film\u0105 apie m\u012fsling\u0105 1924-\u0173j\u0173 vasaros nutikim\u0105 Rivertone. Ji nusive\u017ea Greis\u0119 \u012f dvar\u0105, kuriame \u0161i tarnavo. Buvusios tarnait\u0117s atmintyje i\u0161kyla jaunyst\u0117s dien\u0173 prisiminimai, o kartu su jais \u2013 ir kraupi paslaptis, kuri sl\u0117g\u0117 Greis\u0119 vis\u0105 gyvenim\u0105. Originalus pavadinimas:\u00a0The House at Riverton Autorius:\u00a0Kate Morton Leid\u0117jas:\u00a0Svajoni\u0173 knygos Metai:\u00a02020 Puslapiai:\u00a0560 ISBN:\u00a09786090305584 Versijos kodas:\u00a0PT. Formatas:\u00a015 x 21,5 x 4,5 cm, kieti vir\u0161eliai Kalba:\u00a0Lietuvi\u0173 Vert\u0117jas:\u00a0Aist\u0117 Masiokait\u0117<\/p>\n","protected":false},"featured_media":14383,"comment_status":"open","ping_status":"closed","template":"","meta":{"_acf_changed":false,"site-sidebar-layout":"default","site-content-layout":"","ast-site-content-layout":"default","site-content-style":"default","site-sidebar-style":"default","ast-global-header-display":"","ast-banner-title-visibility":"","ast-main-header-display":"","ast-hfb-above-header-display":"","ast-hfb-below-header-display":"","ast-hfb-mobile-header-display":"","site-post-title":"","ast-breadcrumbs-content":"","ast-featured-img":"","footer-sml-layout":"","ast-disable-related-posts":"","theme-transparent-header-meta":"default","adv-header-id-meta":"","stick-header-meta":"","header-above-stick-meta":"","header-main-stick-meta":"","header-below-stick-meta":"","astra-migrate-meta-layouts":"set","ast-page-background-enabled":"default","ast-page-background-meta":{"desktop":{"background-color":"","background-image":"","background-repeat":"repeat","background-position":"center center","background-size":"auto","background-attachment":"scroll","background-type":"","background-media":"","overlay-type":"","overlay-color":"","overlay-opacity":"","overlay-gradient":""},"tablet":{"background-color":"","background-image":"","background-repeat":"repeat","background-position":"center center","background-size":"auto","background-attachment":"scroll","background-type":"","background-media":"","overlay-type":"","overlay-color":"","overlay-opacity":"","overlay-gradient":""},"mobile":{"background-color":"","background-image":"","background-repeat":"repeat","background-position":"center center","background-size":"auto","background-attachment":"scroll","background-type":"","background-media":"","overlay-type":"","overlay-color":"","overlay-opacity":"","overlay-gradient":""}},"ast-content-background-meta":{"desktop":{"background-color":"var(--ast-global-color-4)","background-image":"","background-repeat":"repeat","background-position":"center center","background-size":"auto","background-attachment":"scroll","background-type":"","background-media":"","overlay-type":"","overlay-color":"","overlay-opacity":"","overlay-gradient":""},"tablet":{"background-color":"var(--ast-global-color-4)","background-image":"","background-repeat":"repeat","background-position":"center center","background-size":"auto","background-attachment":"scroll","background-type":"","background-media":"","overlay-type":"","overlay-color":"","overlay-opacity":"","overlay-gradient":""},"mobile":{"background-color":"var(--ast-global-color-4)","background-image":"","background-repeat":"repeat","background-position":"center center","background-size":"auto","background-attachment":"scroll","background-type":"","background-media":"","overlay-type":"","overlay-color":"","overlay-opacity":"","overlay-gradient":""}}},"product_brand":[],"product_cat":[9618],"product_tag":[4510,4509,4519,2069,4518,1796,1478],"class_list":{"0":"post-14323","1":"product","2":"type-product","3":"status-publish","4":"has-post-thumbnail","6":"product_cat-istoriniai-romanai","7":"product_tag-1920-ieji","8":"product_tag-anglija","9":"product_tag-dvaras","10":"product_tag-istorinis-romanas","11":"product_tag-kate-morton","12":"product_tag-meile","13":"product_tag-paslaptys","14":"desktop-align-left","15":"tablet-align-left","16":"mobile-align-left","18":"first","19":"instock","20":"shipping-taxable","21":"purchasable","22":"product-type-simple"},"acf":[],"yoast_head":"<!-- This site is optimized with the Yoast SEO plugin v27.4 - https:\/\/yoast.com\/product\/yoast-seo-wordpress\/ -->\n<title>Rivertono dvaro paslaptis<\/title>\n<meta name=\"description\" content=\"Pasaulin\u0117s \u0161lov\u0117s sulaukusio romano siu\u017eetas mus nukelia \u012f tarpukario Anglij\u0105, \u012f diding\u0105 Rivertono dvar\u0105. Tarnait\u0117s Greis\u0117s Bredli l\u016bpomis pasakojamoje\" \/>\n<meta name=\"robots\" content=\"index, follow, max-snippet:-1, max-image-preview:large, max-video-preview:-1\" \/>\n<link rel=\"canonical\" href=\"https:\/\/skaitytaknyga.lt\/en\/produktas\/rivertono-dvaro-paslaptis\/\" \/>\n<meta property=\"og:locale\" content=\"en_GB\" \/>\n<meta property=\"og:locale:alternate\" content=\"lt_LT\" \/>\n<meta property=\"og:type\" content=\"article\" \/>\n<meta property=\"og:title\" content=\"Rivertono dvaro paslaptis\" \/>\n<meta property=\"og:description\" content=\"Pasaulin\u0117s \u0161lov\u0117s sulaukusio romano siu\u017eetas mus nukelia \u012f tarpukario Anglij\u0105, \u012f diding\u0105 Rivertono dvar\u0105. Tarnait\u0117s Greis\u0117s Bredli l\u016bpomis pasakojamoje\" \/>\n<meta property=\"og:url\" content=\"https:\/\/skaitytaknyga.lt\/en\/produktas\/rivertono-dvaro-paslaptis\/\" \/>\n<meta property=\"og:site_name\" content=\"Skaitytaknyga\" \/>\n<meta property=\"article:publisher\" content=\"https:\/\/www.facebook.com\/skaitytaknyga\/\" \/>\n<meta property=\"article:modified_time\" content=\"2026-03-05T10:34:29+00:00\" \/>\n<meta property=\"og:image\" content=\"https:\/\/skaitytaknyga.lt\/wp-content\/uploads\/2024\/10\/Rivertono-dvaro-paslaptis-e1729849248352.jpg\" \/>\n\t<meta property=\"og:image:width\" content=\"538\" \/>\n\t<meta property=\"og:image:height\" content=\"793\" \/>\n\t<meta property=\"og:image:type\" content=\"image\/jpeg\" \/>\n<meta name=\"twitter:card\" content=\"summary_large_image\" \/>\n<meta name=\"twitter:label1\" content=\"Estimated reading time\" \/>\n\t<meta name=\"twitter:data1\" content=\"2 minutes\" \/>\n<script type=\"application\/ld+json\" class=\"yoast-schema-graph\">{\"@context\":\"https:\\\/\\\/schema.org\",\"@graph\":[{\"@type\":\"WebPage\",\"@id\":\"https:\\\/\\\/skaitytaknyga.lt\\\/produktas\\\/rivertono-dvaro-paslaptis\\\/\",\"url\":\"https:\\\/\\\/skaitytaknyga.lt\\\/produktas\\\/rivertono-dvaro-paslaptis\\\/\",\"name\":\"Rivertono dvaro paslaptis\",\"isPartOf\":{\"@id\":\"https:\\\/\\\/skaitytaknyga.lt\\\/#website\"},\"primaryImageOfPage\":{\"@id\":\"https:\\\/\\\/skaitytaknyga.lt\\\/produktas\\\/rivertono-dvaro-paslaptis\\\/#primaryimage\"},\"image\":{\"@id\":\"https:\\\/\\\/skaitytaknyga.lt\\\/produktas\\\/rivertono-dvaro-paslaptis\\\/#primaryimage\"},\"thumbnailUrl\":\"https:\\\/\\\/skaitytaknyga.lt\\\/wp-content\\\/uploads\\\/2024\\\/10\\\/Rivertono-dvaro-paslaptis-e1729849248352.jpg\",\"datePublished\":\"2024-10-18T10:19:37+00:00\",\"dateModified\":\"2026-03-05T10:34:29+00:00\",\"description\":\"Pasaulin\u0117s \u0161lov\u0117s sulaukusio romano siu\u017eetas mus nukelia \u012f tarpukario Anglij\u0105, \u012f diding\u0105 Rivertono dvar\u0105. Tarnait\u0117s Greis\u0117s Bredli l\u016bpomis pasakojamoje\",\"breadcrumb\":{\"@id\":\"https:\\\/\\\/skaitytaknyga.lt\\\/produktas\\\/rivertono-dvaro-paslaptis\\\/#breadcrumb\"},\"inLanguage\":\"en-GB\",\"potentialAction\":[{\"@type\":\"ReadAction\",\"target\":[\"https:\\\/\\\/skaitytaknyga.lt\\\/produktas\\\/rivertono-dvaro-paslaptis\\\/\"]}]},{\"@type\":\"ImageObject\",\"inLanguage\":\"en-GB\",\"@id\":\"https:\\\/\\\/skaitytaknyga.lt\\\/produktas\\\/rivertono-dvaro-paslaptis\\\/#primaryimage\",\"url\":\"https:\\\/\\\/skaitytaknyga.lt\\\/wp-content\\\/uploads\\\/2024\\\/10\\\/Rivertono-dvaro-paslaptis-e1729849248352.jpg\",\"contentUrl\":\"https:\\\/\\\/skaitytaknyga.lt\\\/wp-content\\\/uploads\\\/2024\\\/10\\\/Rivertono-dvaro-paslaptis-e1729849248352.jpg\",\"width\":538,\"height\":793,\"caption\":\"Rivertono dvaro paslaptis\"},{\"@type\":\"BreadcrumbList\",\"@id\":\"https:\\\/\\\/skaitytaknyga.lt\\\/produktas\\\/rivertono-dvaro-paslaptis\\\/#breadcrumb\",\"itemListElement\":[{\"@type\":\"ListItem\",\"position\":1,\"name\":\"Home\",\"item\":\"https:\\\/\\\/skaitytaknyga.lt\\\/\"},{\"@type\":\"ListItem\",\"position\":2,\"name\":\"Parduotuv\u0117\",\"item\":\"https:\\\/\\\/skaitytaknyga.lt\\\/knygu-parduotuve\\\/\"},{\"@type\":\"ListItem\",\"position\":3,\"name\":\"Rivertono dvaro paslaptis\"}]},{\"@type\":\"WebSite\",\"@id\":\"https:\\\/\\\/skaitytaknyga.lt\\\/#website\",\"url\":\"https:\\\/\\\/skaitytaknyga.lt\\\/\",\"name\":\"skaitytaknyga.lt\",\"description\":\"Skaitytaknyga.lt \u2013 tai ma\u017eas \u0161eimos verslas, kuris prasid\u0117jo nuo meil\u0117s knygoms ir siekio i\u0161gelb\u0117ti knygas nuo likimo prie konteinerio. Kas vienam nereikalingas daiktas \u2013 kitam lobis, o mes esame tarpininkai, kurie padeda abiems tapti laimingesniems ???? \u017dinome kaip nelengva i\u0161gyventi ma\u017eiems verslams, tad nuo \u0161iol, \u010dia rasite ir kit\u0173, ma\u017e\u0173 \u0161eim\u0173 versl\u0173, rank\u0173 darbo, dovan\u0173 sau ir artimiesiems.\",\"publisher\":{\"@id\":\"https:\\\/\\\/skaitytaknyga.lt\\\/#organization\"},\"potentialAction\":[{\"@type\":\"SearchAction\",\"target\":{\"@type\":\"EntryPoint\",\"urlTemplate\":\"https:\\\/\\\/skaitytaknyga.lt\\\/?s={search_term_string}\"},\"query-input\":{\"@type\":\"PropertyValueSpecification\",\"valueRequired\":true,\"valueName\":\"search_term_string\"}}],\"inLanguage\":\"en-GB\"},{\"@type\":\"Organization\",\"@id\":\"https:\\\/\\\/skaitytaknyga.lt\\\/#organization\",\"name\":\"skaitytaknyga.lt\",\"url\":\"https:\\\/\\\/skaitytaknyga.lt\\\/\",\"logo\":{\"@type\":\"ImageObject\",\"inLanguage\":\"en-GB\",\"@id\":\"https:\\\/\\\/skaitytaknyga.lt\\\/#\\\/schema\\\/logo\\\/image\\\/\",\"url\":\"https:\\\/\\\/skaitytaknyga.lt\\\/wp-content\\\/uploads\\\/2024\\\/05\\\/cropped-cropped-cropped-02_00843_jt3bggkj1j3HLc7SyY6rEUpg.jpeg\",\"contentUrl\":\"https:\\\/\\\/skaitytaknyga.lt\\\/wp-content\\\/uploads\\\/2024\\\/05\\\/cropped-cropped-cropped-02_00843_jt3bggkj1j3HLc7SyY6rEUpg.jpeg\",\"width\":1600,\"height\":1600,\"caption\":\"skaitytaknyga.lt\"},\"image\":{\"@id\":\"https:\\\/\\\/skaitytaknyga.lt\\\/#\\\/schema\\\/logo\\\/image\\\/\"},\"sameAs\":[\"https:\\\/\\\/www.facebook.com\\\/skaitytaknyga\\\/\"]}]}<\/script>\n<!-- \/ Yoast SEO plugin. -->","yoast_head_json":{"title":"Rivertono dvaro paslaptis","description":"Pasaulin\u0117s \u0161lov\u0117s sulaukusio romano siu\u017eetas mus nukelia \u012f tarpukario Anglij\u0105, \u012f diding\u0105 Rivertono dvar\u0105. Tarnait\u0117s Greis\u0117s Bredli l\u016bpomis pasakojamoje","robots":{"index":"index","follow":"follow","max-snippet":"max-snippet:-1","max-image-preview":"max-image-preview:large","max-video-preview":"max-video-preview:-1"},"canonical":"https:\/\/skaitytaknyga.lt\/en\/produktas\/rivertono-dvaro-paslaptis\/","og_locale":"en_GB","og_type":"article","og_title":"[:lt]Rivertono dvaro paslaptis[:] - Skaitytaknyga","og_description":"Pasaulin\u0117s \u0161lov\u0117s sulaukusio romano siu\u017eetas mus nukelia \u012f tarpukario Anglij\u0105, \u012f diding\u0105 Rivertono dvar\u0105. Tarnait\u0117s Greis\u0117s Bredli l\u016bpomis pasakojamoje","og_url":"https:\/\/skaitytaknyga.lt\/en\/produktas\/rivertono-dvaro-paslaptis\/","og_site_name":"Skaitytaknyga","article_publisher":"https:\/\/www.facebook.com\/skaitytaknyga\/","article_modified_time":"2026-03-05T10:34:29+00:00","og_image":[{"width":538,"height":793,"url":"https:\/\/skaitytaknyga.lt\/wp-content\/uploads\/2024\/10\/Rivertono-dvaro-paslaptis-e1729849248352.jpg","type":"image\/jpeg"}],"twitter_card":"summary_large_image","twitter_misc":{"Estimated reading time":"2 minutes"},"schema":{"@context":"https:\/\/schema.org","@graph":[{"@type":"WebPage","@id":"https:\/\/skaitytaknyga.lt\/produktas\/rivertono-dvaro-paslaptis\/","url":"https:\/\/skaitytaknyga.lt\/produktas\/rivertono-dvaro-paslaptis\/","name":"Rivertono dvaro paslaptis","isPartOf":{"@id":"https:\/\/skaitytaknyga.lt\/#website"},"primaryImageOfPage":{"@id":"https:\/\/skaitytaknyga.lt\/produktas\/rivertono-dvaro-paslaptis\/#primaryimage"},"image":{"@id":"https:\/\/skaitytaknyga.lt\/produktas\/rivertono-dvaro-paslaptis\/#primaryimage"},"thumbnailUrl":"https:\/\/skaitytaknyga.lt\/wp-content\/uploads\/2024\/10\/Rivertono-dvaro-paslaptis-e1729849248352.jpg","datePublished":"2024-10-18T10:19:37+00:00","dateModified":"2026-03-05T10:34:29+00:00","description":"Pasaulin\u0117s \u0161lov\u0117s sulaukusio romano siu\u017eetas mus nukelia \u012f tarpukario Anglij\u0105, \u012f diding\u0105 Rivertono dvar\u0105. Tarnait\u0117s Greis\u0117s Bredli l\u016bpomis pasakojamoje","breadcrumb":{"@id":"https:\/\/skaitytaknyga.lt\/produktas\/rivertono-dvaro-paslaptis\/#breadcrumb"},"inLanguage":"en-GB","potentialAction":[{"@type":"ReadAction","target":["https:\/\/skaitytaknyga.lt\/produktas\/rivertono-dvaro-paslaptis\/"]}]},{"@type":"ImageObject","inLanguage":"en-GB","@id":"https:\/\/skaitytaknyga.lt\/produktas\/rivertono-dvaro-paslaptis\/#primaryimage","url":"https:\/\/skaitytaknyga.lt\/wp-content\/uploads\/2024\/10\/Rivertono-dvaro-paslaptis-e1729849248352.jpg","contentUrl":"https:\/\/skaitytaknyga.lt\/wp-content\/uploads\/2024\/10\/Rivertono-dvaro-paslaptis-e1729849248352.jpg","width":538,"height":793,"caption":"Rivertono dvaro paslaptis"},{"@type":"BreadcrumbList","@id":"https:\/\/skaitytaknyga.lt\/produktas\/rivertono-dvaro-paslaptis\/#breadcrumb","itemListElement":[{"@type":"ListItem","position":1,"name":"Home","item":"https:\/\/skaitytaknyga.lt\/"},{"@type":"ListItem","position":2,"name":"Parduotuv\u0117","item":"https:\/\/skaitytaknyga.lt\/knygu-parduotuve\/"},{"@type":"ListItem","position":3,"name":"Rivertono dvaro paslaptis"}]},{"@type":"WebSite","@id":"https:\/\/skaitytaknyga.lt\/#website","url":"https:\/\/skaitytaknyga.lt\/","name":"skaitytaknyga.lt","description":"Skaitytaknyga.lt \u2013 tai ma\u017eas \u0161eimos verslas, kuris prasid\u0117jo nuo meil\u0117s knygoms ir siekio i\u0161gelb\u0117ti knygas nuo likimo prie konteinerio. Kas vienam nereikalingas daiktas \u2013 kitam lobis, o mes esame tarpininkai, kurie padeda abiems tapti laimingesniems ???? \u017dinome kaip nelengva i\u0161gyventi ma\u017eiems verslams, tad nuo \u0161iol, \u010dia rasite ir kit\u0173, ma\u017e\u0173 \u0161eim\u0173 versl\u0173, rank\u0173 darbo, dovan\u0173 sau ir artimiesiems.","publisher":{"@id":"https:\/\/skaitytaknyga.lt\/#organization"},"potentialAction":[{"@type":"SearchAction","target":{"@type":"EntryPoint","urlTemplate":"https:\/\/skaitytaknyga.lt\/?s={search_term_string}"},"query-input":{"@type":"PropertyValueSpecification","valueRequired":true,"valueName":"search_term_string"}}],"inLanguage":"en-GB"},{"@type":"Organization","@id":"https:\/\/skaitytaknyga.lt\/#organization","name":"skaitytaknyga.lt","url":"https:\/\/skaitytaknyga.lt\/","logo":{"@type":"ImageObject","inLanguage":"en-GB","@id":"https:\/\/skaitytaknyga.lt\/#\/schema\/logo\/image\/","url":"https:\/\/skaitytaknyga.lt\/wp-content\/uploads\/2024\/05\/cropped-cropped-cropped-02_00843_jt3bggkj1j3HLc7SyY6rEUpg.jpeg","contentUrl":"https:\/\/skaitytaknyga.lt\/wp-content\/uploads\/2024\/05\/cropped-cropped-cropped-02_00843_jt3bggkj1j3HLc7SyY6rEUpg.jpeg","width":1600,"height":1600,"caption":"skaitytaknyga.lt"},"image":{"@id":"https:\/\/skaitytaknyga.lt\/#\/schema\/logo\/image\/"},"sameAs":["https:\/\/www.facebook.com\/skaitytaknyga\/"]}]}},"_links":{"self":[{"href":"https:\/\/skaitytaknyga.lt\/en\/wp-json\/wp\/v2\/product\/14323","targetHints":{"allow":["GET"]}}],"collection":[{"href":"https:\/\/skaitytaknyga.lt\/en\/wp-json\/wp\/v2\/product"}],"about":[{"href":"https:\/\/skaitytaknyga.lt\/en\/wp-json\/wp\/v2\/types\/product"}],"replies":[{"embeddable":true,"href":"https:\/\/skaitytaknyga.lt\/en\/wp-json\/wp\/v2\/comments?post=14323"}],"wp:featuredmedia":[{"embeddable":true,"href":"https:\/\/skaitytaknyga.lt\/en\/wp-json\/wp\/v2\/media\/14383"}],"wp:attachment":[{"href":"https:\/\/skaitytaknyga.lt\/en\/wp-json\/wp\/v2\/media?parent=14323"}],"wp:term":[{"taxonomy":"product_brand","embeddable":true,"href":"https:\/\/skaitytaknyga.lt\/en\/wp-json\/wp\/v2\/product_brand?post=14323"},{"taxonomy":"product_cat","embeddable":true,"href":"https:\/\/skaitytaknyga.lt\/en\/wp-json\/wp\/v2\/product_cat?post=14323"},{"taxonomy":"product_tag","embeddable":true,"href":"https:\/\/skaitytaknyga.lt\/en\/wp-json\/wp\/v2\/product_tag?post=14323"}],"curies":[{"name":"wp","href":"https:\/\/api.w.org\/{rel}","templated":true}]}}