{"id":14321,"date":"2024-10-18T13:19:36","date_gmt":"2024-10-18T10:19:36","guid":{"rendered":"https:\/\/skaitytaknyga.lt\/?post_type=product&#038;p=14321"},"modified":"2024-10-25T12:45:24","modified_gmt":"2024-10-25T09:45:24","slug":"vynu-vadovas-panelems","status":"publish","type":"product","link":"https:\/\/skaitytaknyga.lt\/en\/produktas\/vynu-vadovas-panelems\/","title":{"rendered":"Vyn\u0173 vadovas panel\u0117ms"},"content":{"rendered":"<p>Suglumusi ir sutrikusi? Kiek r\u016b\u0161i\u0173, etike\u010di\u0173, vynuogi\u0173 veisli\u0173, o laiko tiek nedaug \u2013 kok\u012f vyn\u0105 pasirinkti? Ne b\u0117da: \u0161is ki\u0161eninis gyvai para\u0161ytas vadovas pad\u0117s kiekvienai panelei susigaudyti klaid\u017eiame vyn\u0173 pasaulyje. \u010cia gausu proting\u0173 patarim\u0173, kaip pirkti, kaip ragauti, kaip patiekti ir netgi kaip pa\u017einti tinkam\u0105 vyn\u0105 ir&#8230; vyr\u0105.<\/p>\n<p>\u0160is \u017eaismingas vyn\u0173 vadovas \u2013 jums, panel\u0117s!<\/p>\n<ul class=\"about-product d-none d-xl-block mt-4\">\n<li><strong>Autorius:<\/strong>\u00a0Susy Atkins<\/li>\n<li><strong>Leid\u0117jas:<\/strong>\u00a0Alma littera<\/li>\n<li><strong>Metai:<\/strong>\u00a02004<\/li>\n<li><strong>Puslapiai:<\/strong>\u00a0143<\/li>\n<li class=\"toggleable type-new-formats \"><strong>ISBN:<\/strong>\u00a09789955084655<\/li>\n<li class=\"toggleable type-new-formats \"><strong>Formatas:<\/strong>\u00a011,5 x 18 x 1,2 cm, mink\u0161ti vir\u0161eliai<\/li>\n<li><strong>Kalba:<\/strong>\u00a0Lietuvi\u0173<\/li>\n<li><strong>Vert\u0117jas:<\/strong>\u00a0Dalia Zaikauskien\u0117<\/li>\n<\/ul>\n","protected":false},"excerpt":{"rendered":"<p>Suglumusi ir sutrikusi? Kiek r\u016b\u0161i\u0173, etike\u010di\u0173, vynuogi\u0173 veisli\u0173, o laiko tiek nedaug \u2013 kok\u012f vyn\u0105 pasirinkti? Ne b\u0117da: \u0161is ki\u0161eninis gyvai para\u0161ytas vadovas pad\u0117s kiekvienai panelei susigaudyti klaid\u017eiame vyn\u0173 pasaulyje. \u010cia gausu proting\u0173 patarim\u0173, kaip pirkti, kaip ragauti, kaip patiekti ir netgi kaip pa\u017einti tinkam\u0105 vyn\u0105 ir&#8230; vyr\u0105. \u0160is \u017eaismingas vyn\u0173 vadovas \u2013 jums, panel\u0117s! Autorius:\u00a0Susy Atkins Leid\u0117jas:\u00a0Alma littera Metai:\u00a02004 Puslapiai:\u00a0143 ISBN:\u00a09789955084655 Formatas:\u00a011,5 x 18 x 1,2 cm, mink\u0161ti vir\u0161eliai Kalba:\u00a0Lietuvi\u0173 Vert\u0117jas:\u00a0Dalia Zaikauskien\u0117<\/p>\n","protected":false},"featured_media":14385,"comment_status":"open","ping_status":"closed","template":"","meta":{"_acf_changed":false,"site-sidebar-layout":"default","site-content-layout":"","ast-site-content-layout":"default","site-content-style":"default","site-sidebar-style":"default","ast-global-header-display":"","ast-banner-title-visibility":"","ast-main-header-display":"","ast-hfb-above-header-display":"","ast-hfb-below-header-display":"","ast-hfb-mobile-header-display":"","site-post-title":"","ast-breadcrumbs-content":"","ast-featured-img":"","footer-sml-layout":"","ast-disable-related-posts":"","theme-transparent-header-meta":"default","adv-header-id-meta":"","stick-header-meta":"","header-above-stick-meta":"","header-main-stick-meta":"","header-below-stick-meta":"","astra-migrate-meta-layouts":"set","ast-page-background-enabled":"default","ast-page-background-meta":{"desktop":{"background-color":"","background-image":"","background-repeat":"repeat","background-position":"center center","background-size":"auto","background-attachment":"scroll","background-type":"","background-media":"","overlay-type":"","overlay-color":"","overlay-opacity":"","overlay-gradient":""},"tablet":{"background-color":"","background-image":"","background-repeat":"repeat","background-position":"center center","background-size":"auto","background-attachment":"scroll","background-type":"","background-media":"","overlay-type":"","overlay-color":"","overlay-opacity":"","overlay-gradient":""},"mobile":{"background-color":"","background-image":"","background-repeat":"repeat","background-position":"center center","background-size":"auto","background-attachment":"scroll","background-type":"","background-media":"","overlay-type":"","overlay-color":"","overlay-opacity":"","overlay-gradient":""}},"ast-content-background-meta":{"desktop":{"background-color":"var(--ast-global-color-4)","background-image":"","background-repeat":"repeat","background-position":"center center","background-size":"auto","background-attachment":"scroll","background-type":"","background-media":"","overlay-type":"","overlay-color":"","overlay-opacity":"","overlay-gradient":""},"tablet":{"background-color":"var(--ast-global-color-4)","background-image":"","background-repeat":"repeat","background-position":"center center","background-size":"auto","background-attachment":"scroll","background-type":"","background-media":"","overlay-type":"","overlay-color":"","overlay-opacity":"","overlay-gradient":""},"mobile":{"background-color":"var(--ast-global-color-4)","background-image":"","background-repeat":"repeat","background-position":"center center","background-size":"auto","background-attachment":"scroll","background-type":"","background-media":"","overlay-type":"","overlay-color":"","overlay-opacity":"","overlay-gradient":""}}},"product_brand":[],"product_cat":[15],"product_tag":[],"class_list":{"0":"post-14321","1":"product","2":"type-product","3":"status-publish","4":"has-post-thumbnail","6":"product_cat-uncategorized","7":"desktop-align-left","8":"tablet-align-left","9":"mobile-align-left","11":"first","12":"instock","13":"shipping-taxable","14":"purchasable","15":"product-type-simple"},"acf":[],"yoast_head":"<!-- This site is optimized with the Yoast SEO plugin v27.0 - https:\/\/yoast.com\/product\/yoast-seo-wordpress\/ -->\n<title>Vyn\u0173 vadovas panel\u0117ms<\/title>\n<meta name=\"description\" content=\"Suglumusi ir sutrikusi? Kiek r\u016b\u0161i\u0173, etike\u010di\u0173, vynuogi\u0173 veisli\u0173, o laiko tiek nedaug \u2013 kok\u012f vyn\u0105 pasirinkti? Ne b\u0117da: \u0161is ki\u0161eninis gyvai para\u0161ytas vadovas\" \/>\n<meta name=\"robots\" content=\"index, follow, max-snippet:-1, max-image-preview:large, max-video-preview:-1\" \/>\n<link rel=\"canonical\" href=\"https:\/\/skaitytaknyga.lt\/en\/produktas\/vynu-vadovas-panelems\/\" \/>\n<meta property=\"og:locale\" content=\"en_GB\" \/>\n<meta property=\"og:locale:alternate\" content=\"lt_LT\" \/>\n<meta property=\"og:type\" content=\"article\" \/>\n<meta property=\"og:title\" content=\"Vyn\u0173 vadovas panel\u0117ms\" \/>\n<meta property=\"og:description\" content=\"Suglumusi ir sutrikusi? Kiek r\u016b\u0161i\u0173, etike\u010di\u0173, vynuogi\u0173 veisli\u0173, o laiko tiek nedaug \u2013 kok\u012f vyn\u0105 pasirinkti? Ne b\u0117da: \u0161is ki\u0161eninis gyvai para\u0161ytas vadovas\" \/>\n<meta property=\"og:url\" content=\"https:\/\/skaitytaknyga.lt\/en\/produktas\/vynu-vadovas-panelems\/\" \/>\n<meta property=\"og:site_name\" content=\"Skaitytaknyga\" \/>\n<meta property=\"article:publisher\" content=\"https:\/\/www.facebook.com\/skaitytaknyga\/\" \/>\n<meta property=\"article:modified_time\" content=\"2024-10-25T09:45:24+00:00\" \/>\n<meta property=\"og:image\" content=\"https:\/\/skaitytaknyga.lt\/wp-content\/uploads\/2024\/10\/Vynu-vadovas-panelems-e1729849517744.webp\" \/>\n\t<meta property=\"og:image:width\" content=\"185\" \/>\n\t<meta property=\"og:image:height\" content=\"297\" \/>\n\t<meta property=\"og:image:type\" content=\"image\/webp\" \/>\n<meta name=\"twitter:card\" content=\"summary_large_image\" \/>\n<meta name=\"twitter:label1\" content=\"Estimated reading time\" \/>\n\t<meta name=\"twitter:data1\" content=\"1 minute\" \/>\n<script type=\"application\/ld+json\" class=\"yoast-schema-graph\">{\"@context\":\"https:\/\/schema.org\",\"@graph\":[{\"@type\":\"WebPage\",\"@id\":\"https:\/\/skaitytaknyga.lt\/produktas\/vynu-vadovas-panelems\/\",\"url\":\"https:\/\/skaitytaknyga.lt\/produktas\/vynu-vadovas-panelems\/\",\"name\":\"Vyn\u0173 vadovas panel\u0117ms\",\"isPartOf\":{\"@id\":\"https:\/\/skaitytaknyga.lt\/#website\"},\"primaryImageOfPage\":{\"@id\":\"https:\/\/skaitytaknyga.lt\/produktas\/vynu-vadovas-panelems\/#primaryimage\"},\"image\":{\"@id\":\"https:\/\/skaitytaknyga.lt\/produktas\/vynu-vadovas-panelems\/#primaryimage\"},\"thumbnailUrl\":\"https:\/\/skaitytaknyga.lt\/wp-content\/uploads\/2024\/10\/Vynu-vadovas-panelems-e1729849517744.webp\",\"datePublished\":\"2024-10-18T10:19:36+00:00\",\"dateModified\":\"2024-10-25T09:45:24+00:00\",\"description\":\"Suglumusi ir sutrikusi? Kiek r\u016b\u0161i\u0173, etike\u010di\u0173, vynuogi\u0173 veisli\u0173, o laiko tiek nedaug \u2013 kok\u012f vyn\u0105 pasirinkti? Ne b\u0117da: \u0161is ki\u0161eninis gyvai para\u0161ytas vadovas\",\"breadcrumb\":{\"@id\":\"https:\/\/skaitytaknyga.lt\/produktas\/vynu-vadovas-panelems\/#breadcrumb\"},\"inLanguage\":\"en-GB\",\"potentialAction\":[{\"@type\":\"ReadAction\",\"target\":[\"https:\/\/skaitytaknyga.lt\/produktas\/vynu-vadovas-panelems\/\"]}]},{\"@type\":\"ImageObject\",\"inLanguage\":\"en-GB\",\"@id\":\"https:\/\/skaitytaknyga.lt\/produktas\/vynu-vadovas-panelems\/#primaryimage\",\"url\":\"https:\/\/skaitytaknyga.lt\/wp-content\/uploads\/2024\/10\/Vynu-vadovas-panelems-e1729849517744.webp\",\"contentUrl\":\"https:\/\/skaitytaknyga.lt\/wp-content\/uploads\/2024\/10\/Vynu-vadovas-panelems-e1729849517744.webp\",\"width\":185,\"height\":297,\"caption\":\"Vyn\u0173 vadovas panel\u0117ms\"},{\"@type\":\"BreadcrumbList\",\"@id\":\"https:\/\/skaitytaknyga.lt\/produktas\/vynu-vadovas-panelems\/#breadcrumb\",\"itemListElement\":[{\"@type\":\"ListItem\",\"position\":1,\"name\":\"Home\",\"item\":\"https:\/\/skaitytaknyga.lt\/\"},{\"@type\":\"ListItem\",\"position\":2,\"name\":\"Parduotuv\u0117\",\"item\":\"https:\/\/skaitytaknyga.lt\/knygu-parduotuve\/\"},{\"@type\":\"ListItem\",\"position\":3,\"name\":\"Vyn\u0173 vadovas panel\u0117ms\"}]},{\"@type\":\"WebSite\",\"@id\":\"https:\/\/skaitytaknyga.lt\/#website\",\"url\":\"https:\/\/skaitytaknyga.lt\/\",\"name\":\"skaitytaknyga.lt\",\"description\":\"Skaitytaknyga.lt \u2013 tai ma\u017eas \u0161eimos verslas, kuris prasid\u0117jo nuo meil\u0117s knygoms ir siekio i\u0161gelb\u0117ti knygas nuo likimo prie konteinerio. Kas vienam nereikalingas daiktas \u2013 kitam lobis, o mes esame tarpininkai, kurie padeda abiems tapti laimingesniems ???? \u017dinome kaip nelengva i\u0161gyventi ma\u017eiems verslams, tad nuo \u0161iol, \u010dia rasite ir kit\u0173, ma\u017e\u0173 \u0161eim\u0173 versl\u0173, rank\u0173 darbo, dovan\u0173 sau ir artimiesiems.\",\"publisher\":{\"@id\":\"https:\/\/skaitytaknyga.lt\/#organization\"},\"potentialAction\":[{\"@type\":\"SearchAction\",\"target\":{\"@type\":\"EntryPoint\",\"urlTemplate\":\"https:\/\/skaitytaknyga.lt\/?s={search_term_string}\"},\"query-input\":{\"@type\":\"PropertyValueSpecification\",\"valueRequired\":true,\"valueName\":\"search_term_string\"}}],\"inLanguage\":\"en-GB\"},{\"@type\":\"Organization\",\"@id\":\"https:\/\/skaitytaknyga.lt\/#organization\",\"name\":\"skaitytaknyga.lt\",\"url\":\"https:\/\/skaitytaknyga.lt\/\",\"logo\":{\"@type\":\"ImageObject\",\"inLanguage\":\"en-GB\",\"@id\":\"https:\/\/skaitytaknyga.lt\/#\/schema\/logo\/image\/\",\"url\":\"https:\/\/skaitytaknyga.lt\/wp-content\/uploads\/2024\/05\/cropped-cropped-cropped-02_00843_jt3bggkj1j3HLc7SyY6rEUpg.jpeg\",\"contentUrl\":\"https:\/\/skaitytaknyga.lt\/wp-content\/uploads\/2024\/05\/cropped-cropped-cropped-02_00843_jt3bggkj1j3HLc7SyY6rEUpg.jpeg\",\"width\":1600,\"height\":1600,\"caption\":\"skaitytaknyga.lt\"},\"image\":{\"@id\":\"https:\/\/skaitytaknyga.lt\/#\/schema\/logo\/image\/\"},\"sameAs\":[\"https:\/\/www.facebook.com\/skaitytaknyga\/\"]}]}<\/script>\n<!-- \/ Yoast SEO plugin. -->","yoast_head_json":{"title":"Vyn\u0173 vadovas panel\u0117ms","description":"Suglumusi ir sutrikusi? Kiek r\u016b\u0161i\u0173, etike\u010di\u0173, vynuogi\u0173 veisli\u0173, o laiko tiek nedaug \u2013 kok\u012f vyn\u0105 pasirinkti? Ne b\u0117da: \u0161is ki\u0161eninis gyvai para\u0161ytas vadovas","robots":{"index":"index","follow":"follow","max-snippet":"max-snippet:-1","max-image-preview":"max-image-preview:large","max-video-preview":"max-video-preview:-1"},"canonical":"https:\/\/skaitytaknyga.lt\/en\/produktas\/vynu-vadovas-panelems\/","og_locale":"en_GB","og_type":"article","og_title":"[:lt]Vyn\u0173 vadovas panel\u0117ms[:] - Skaitytaknyga","og_description":"Suglumusi ir sutrikusi? Kiek r\u016b\u0161i\u0173, etike\u010di\u0173, vynuogi\u0173 veisli\u0173, o laiko tiek nedaug \u2013 kok\u012f vyn\u0105 pasirinkti? Ne b\u0117da: \u0161is ki\u0161eninis gyvai para\u0161ytas vadovas","og_url":"https:\/\/skaitytaknyga.lt\/en\/produktas\/vynu-vadovas-panelems\/","og_site_name":"Skaitytaknyga","article_publisher":"https:\/\/www.facebook.com\/skaitytaknyga\/","article_modified_time":"2024-10-25T09:45:24+00:00","og_image":[{"width":185,"height":297,"url":"https:\/\/skaitytaknyga.lt\/wp-content\/uploads\/2024\/10\/Vynu-vadovas-panelems-e1729849517744.webp","type":"image\/webp"}],"twitter_card":"summary_large_image","twitter_misc":{"Estimated reading time":"1 minute"},"schema":{"@context":"https:\/\/schema.org","@graph":[{"@type":"WebPage","@id":"https:\/\/skaitytaknyga.lt\/produktas\/vynu-vadovas-panelems\/","url":"https:\/\/skaitytaknyga.lt\/produktas\/vynu-vadovas-panelems\/","name":"Vyn\u0173 vadovas panel\u0117ms","isPartOf":{"@id":"https:\/\/skaitytaknyga.lt\/#website"},"primaryImageOfPage":{"@id":"https:\/\/skaitytaknyga.lt\/produktas\/vynu-vadovas-panelems\/#primaryimage"},"image":{"@id":"https:\/\/skaitytaknyga.lt\/produktas\/vynu-vadovas-panelems\/#primaryimage"},"thumbnailUrl":"https:\/\/skaitytaknyga.lt\/wp-content\/uploads\/2024\/10\/Vynu-vadovas-panelems-e1729849517744.webp","datePublished":"2024-10-18T10:19:36+00:00","dateModified":"2024-10-25T09:45:24+00:00","description":"Suglumusi ir sutrikusi? Kiek r\u016b\u0161i\u0173, etike\u010di\u0173, vynuogi\u0173 veisli\u0173, o laiko tiek nedaug \u2013 kok\u012f vyn\u0105 pasirinkti? Ne b\u0117da: \u0161is ki\u0161eninis gyvai para\u0161ytas vadovas","breadcrumb":{"@id":"https:\/\/skaitytaknyga.lt\/produktas\/vynu-vadovas-panelems\/#breadcrumb"},"inLanguage":"en-GB","potentialAction":[{"@type":"ReadAction","target":["https:\/\/skaitytaknyga.lt\/produktas\/vynu-vadovas-panelems\/"]}]},{"@type":"ImageObject","inLanguage":"en-GB","@id":"https:\/\/skaitytaknyga.lt\/produktas\/vynu-vadovas-panelems\/#primaryimage","url":"https:\/\/skaitytaknyga.lt\/wp-content\/uploads\/2024\/10\/Vynu-vadovas-panelems-e1729849517744.webp","contentUrl":"https:\/\/skaitytaknyga.lt\/wp-content\/uploads\/2024\/10\/Vynu-vadovas-panelems-e1729849517744.webp","width":185,"height":297,"caption":"Vyn\u0173 vadovas panel\u0117ms"},{"@type":"BreadcrumbList","@id":"https:\/\/skaitytaknyga.lt\/produktas\/vynu-vadovas-panelems\/#breadcrumb","itemListElement":[{"@type":"ListItem","position":1,"name":"Home","item":"https:\/\/skaitytaknyga.lt\/"},{"@type":"ListItem","position":2,"name":"Parduotuv\u0117","item":"https:\/\/skaitytaknyga.lt\/knygu-parduotuve\/"},{"@type":"ListItem","position":3,"name":"Vyn\u0173 vadovas panel\u0117ms"}]},{"@type":"WebSite","@id":"https:\/\/skaitytaknyga.lt\/#website","url":"https:\/\/skaitytaknyga.lt\/","name":"skaitytaknyga.lt","description":"Skaitytaknyga.lt \u2013 tai ma\u017eas \u0161eimos verslas, kuris prasid\u0117jo nuo meil\u0117s knygoms ir siekio i\u0161gelb\u0117ti knygas nuo likimo prie konteinerio. Kas vienam nereikalingas daiktas \u2013 kitam lobis, o mes esame tarpininkai, kurie padeda abiems tapti laimingesniems ???? \u017dinome kaip nelengva i\u0161gyventi ma\u017eiems verslams, tad nuo \u0161iol, \u010dia rasite ir kit\u0173, ma\u017e\u0173 \u0161eim\u0173 versl\u0173, rank\u0173 darbo, dovan\u0173 sau ir artimiesiems.","publisher":{"@id":"https:\/\/skaitytaknyga.lt\/#organization"},"potentialAction":[{"@type":"SearchAction","target":{"@type":"EntryPoint","urlTemplate":"https:\/\/skaitytaknyga.lt\/?s={search_term_string}"},"query-input":{"@type":"PropertyValueSpecification","valueRequired":true,"valueName":"search_term_string"}}],"inLanguage":"en-GB"},{"@type":"Organization","@id":"https:\/\/skaitytaknyga.lt\/#organization","name":"skaitytaknyga.lt","url":"https:\/\/skaitytaknyga.lt\/","logo":{"@type":"ImageObject","inLanguage":"en-GB","@id":"https:\/\/skaitytaknyga.lt\/#\/schema\/logo\/image\/","url":"https:\/\/skaitytaknyga.lt\/wp-content\/uploads\/2024\/05\/cropped-cropped-cropped-02_00843_jt3bggkj1j3HLc7SyY6rEUpg.jpeg","contentUrl":"https:\/\/skaitytaknyga.lt\/wp-content\/uploads\/2024\/05\/cropped-cropped-cropped-02_00843_jt3bggkj1j3HLc7SyY6rEUpg.jpeg","width":1600,"height":1600,"caption":"skaitytaknyga.lt"},"image":{"@id":"https:\/\/skaitytaknyga.lt\/#\/schema\/logo\/image\/"},"sameAs":["https:\/\/www.facebook.com\/skaitytaknyga\/"]}]}},"_links":{"self":[{"href":"https:\/\/skaitytaknyga.lt\/en\/wp-json\/wp\/v2\/product\/14321","targetHints":{"allow":["GET"]}}],"collection":[{"href":"https:\/\/skaitytaknyga.lt\/en\/wp-json\/wp\/v2\/product"}],"about":[{"href":"https:\/\/skaitytaknyga.lt\/en\/wp-json\/wp\/v2\/types\/product"}],"replies":[{"embeddable":true,"href":"https:\/\/skaitytaknyga.lt\/en\/wp-json\/wp\/v2\/comments?post=14321"}],"wp:featuredmedia":[{"embeddable":true,"href":"https:\/\/skaitytaknyga.lt\/en\/wp-json\/wp\/v2\/media\/14385"}],"wp:attachment":[{"href":"https:\/\/skaitytaknyga.lt\/en\/wp-json\/wp\/v2\/media?parent=14321"}],"wp:term":[{"taxonomy":"product_brand","embeddable":true,"href":"https:\/\/skaitytaknyga.lt\/en\/wp-json\/wp\/v2\/product_brand?post=14321"},{"taxonomy":"product_cat","embeddable":true,"href":"https:\/\/skaitytaknyga.lt\/en\/wp-json\/wp\/v2\/product_cat?post=14321"},{"taxonomy":"product_tag","embeddable":true,"href":"https:\/\/skaitytaknyga.lt\/en\/wp-json\/wp\/v2\/product_tag?post=14321"}],"curies":[{"name":"wp","href":"https:\/\/api.w.org\/{rel}","templated":true}]}}