{"id":14295,"date":"2024-10-18T11:15:25","date_gmt":"2024-10-18T08:15:25","guid":{"rendered":"https:\/\/skaitytaknyga.lt\/?post_type=product&#038;p=14295"},"modified":"2026-03-18T13:13:22","modified_gmt":"2026-03-18T11:13:22","slug":"sveika-mityba-esant-antsvoriui-su-126-liesinamojo-maisto-valgiarasciais","status":"publish","type":"product","link":"https:\/\/skaitytaknyga.lt\/en\/produktas\/sveika-mityba-esant-antsvoriui-su-126-liesinamojo-maisto-valgiarasciais\/","title":{"rendered":"Sveika mityba esant antsvoriui: su 126 liesinamojo maisto valgiara\u0161\u010diais"},"content":{"rendered":"<p>Bandymai atsikratyti antsvoriu tapo masiniu rei\u0161kiniu. Milijonai \u017emoni\u0173 panoro maitintis dieti\u0161kai ir kankinasi rinkdamiesi i\u0161 keli\u0173 de\u0161im\u010di\u0173 diet\u0173. Itin apk\u016bniems \u017emon\u0117ms (turintiems ma\u017edaug 40 procent\u0173 antsvor\u012f) gresia didel\u0117 sveikatos sutrikim\u0173 rizika:<\/p>\n<ul>\n<li>didelis kraujosp\u016bdis,<\/li>\n<li>kraujagysli\u0173 susiaur\u0117jimas,<\/li>\n<li>diabetas,<\/li>\n<li>dusulys,<\/li>\n<li>degeneraciniai s\u0105nari\u0173 poky\u010diai.<\/li>\n<\/ul>\n<p>\u0160i knyga (Vokietijoje i\u0161leistos jau devynios jos laidos) padeda susivokti diet\u0173 gausyb\u0117je ir duoda praktini\u0173 sveikos mitybos nurodym\u0173. Valgiara\u0161\u010diai sudaryti ir patikrinti Vokietijos Freiburgo medicinos universiteto klinikos ir Hohenheimo universiteto Mitybos fiziologijos skyriuose. Jau daugel\u012f met\u0173 jais naudojamasi ligonin\u0117se, dietin\u0117se virtuv\u0117se ir namie.<\/p>\n<p>Pus\u0119 knygos u\u017eima 126 liesinamojo maisto valgiara\u0161\u010diai, tarp j\u0173 ir vir\u0161kinamojo trakto, \u0161irdies, kepen\u0173 ligoniams.<\/p>\n<p>Rengiant spaudai lietuvi\u0161k\u0105j\u012f \u0161ios knygos leidim\u0105, stengtasi j\u0105 pritaikyti Lietuvos s\u0105lygoms: voki\u0161ki maisto produktai, gydom\u0173j\u0173 preparat\u0173, vaist\u0173 pavadinimai ir pan. Kur galima pakeisti lietuvi\u0161kais ar Lietuvoje pla\u010diau vartojamais, praleistas voki\u0161kos literat\u016bros s\u0105ra\u0161as (jame nurodyt\u0173 leidini\u0173 Lietuvos bibliotekose beveik n\u0117ra), kai kurios specialesn\u0117 nuorodos \u012f informacijos \u0161altinius, mokslo \u012fstaigas ar tyrim\u0173 autorius.<\/p>\n<ul class=\"about-product d-none d-xl-block mt-4\">\n<li><strong>Originalus pavadinimas:<\/strong>\u00a0Di\u00e4t bei \u00dcbergewicht und gesunde Ern\u00e4hrung: Mit 126 Kostvorschl\u00e4gen auch f\u00fcr Magen-, Darm-, Galle-, Herz- und Zuckerkranke<\/li>\n<li><strong>Autorius:<\/strong>\u00a0Hans-J\u00fcrgen Holtmeier<\/li>\n<li><strong>Leid\u0117jas:<\/strong>\u00a0Alma littera<\/li>\n<li><strong>Metai:<\/strong>\u00a02000<\/li>\n<li><strong>Puslapiai:<\/strong>\u00a0320<\/li>\n<li class=\"toggleable type-new-formats \"><strong>ISBN:<\/strong>\u00a09799955085743<\/li>\n<li class=\"toggleable type-new-formats \"><strong>Formatas:<\/strong>\u00a016,6 x 23,5 x 1,6 cm, mink\u0161ti vir\u0161eliai<\/li>\n<li><strong>Vert\u0117jas:<\/strong>\u00a0Algimantas Kinderys, Birut\u0117 Simanavi\u010dien\u0117<\/li>\n<\/ul>\n","protected":false},"excerpt":{"rendered":"<p>Bandymai atsikratyti antsvoriu tapo masiniu rei\u0161kiniu. Milijonai \u017emoni\u0173 panoro maitintis dieti\u0161kai ir kankinasi rinkdamiesi i\u0161 keli\u0173 de\u0161im\u010di\u0173 diet\u0173. Itin apk\u016bniems \u017emon\u0117ms (turintiems ma\u017edaug 40 procent\u0173 antsvor\u012f) gresia didel\u0117 sveikatos sutrikim\u0173 rizika: didelis kraujosp\u016bdis, kraujagysli\u0173 susiaur\u0117jimas, diabetas, dusulys, degeneraciniai s\u0105nari\u0173 poky\u010diai. \u0160i knyga (Vokietijoje i\u0161leistos jau devynios jos laidos) padeda susivokti diet\u0173 gausyb\u0117je ir duoda praktini\u0173 sveikos mitybos nurodym\u0173. Valgiara\u0161\u010diai sudaryti ir patikrinti Vokietijos Freiburgo medicinos universiteto klinikos ir Hohenheimo universiteto Mitybos fiziologijos skyriuose. Jau daugel\u012f met\u0173 jais naudojamasi ligonin\u0117se, dietin\u0117se virtuv\u0117se ir namie. Pus\u0119 knygos u\u017eima 126 liesinamojo maisto valgiara\u0161\u010diai, tarp j\u0173 ir vir\u0161kinamojo trakto, \u0161irdies, kepen\u0173 ligoniams. Rengiant spaudai lietuvi\u0161k\u0105j\u012f \u0161ios knygos leidim\u0105, stengtasi j\u0105 pritaikyti Lietuvos s\u0105lygoms: voki\u0161ki maisto produktai, gydom\u0173j\u0173 preparat\u0173, vaist\u0173 pavadinimai ir pan. Kur galima pakeisti lietuvi\u0161kais ar Lietuvoje pla\u010diau vartojamais, praleistas voki\u0161kos literat\u016bros s\u0105ra\u0161as (jame nurodyt\u0173 leidini\u0173 Lietuvos bibliotekose beveik n\u0117ra), kai kurios specialesn\u0117 nuorodos \u012f informacijos \u0161altinius, mokslo \u012fstaigas ar tyrim\u0173 autorius. Originalus pavadinimas:\u00a0Di\u00e4t bei \u00dcbergewicht und gesunde Ern\u00e4hrung: Mit 126 Kostvorschl\u00e4gen auch f\u00fcr Magen-, Darm-, Galle-, Herz- und Zuckerkranke Autorius:\u00a0Hans-J\u00fcrgen Holtmeier Leid\u0117jas:\u00a0Alma littera Metai:\u00a02000 Puslapiai:\u00a0320 ISBN:\u00a09799955085743 Formatas:\u00a016,6 x 23,5 x 1,6 cm, mink\u0161ti vir\u0161eliai Vert\u0117jas:\u00a0Algimantas Kinderys, Birut\u0117 Simanavi\u010dien\u0117<\/p>\n","protected":false},"featured_media":14316,"comment_status":"open","ping_status":"closed","template":"","meta":{"_acf_changed":false,"site-sidebar-layout":"default","site-content-layout":"","ast-site-content-layout":"default","site-content-style":"default","site-sidebar-style":"default","ast-global-header-display":"","ast-banner-title-visibility":"","ast-main-header-display":"","ast-hfb-above-header-display":"","ast-hfb-below-header-display":"","ast-hfb-mobile-header-display":"","site-post-title":"","ast-breadcrumbs-content":"","ast-featured-img":"","footer-sml-layout":"","ast-disable-related-posts":"","theme-transparent-header-meta":"default","adv-header-id-meta":"","stick-header-meta":"","header-above-stick-meta":"","header-main-stick-meta":"","header-below-stick-meta":"","astra-migrate-meta-layouts":"set","ast-page-background-enabled":"default","ast-page-background-meta":{"desktop":{"background-color":"","background-image":"","background-repeat":"repeat","background-position":"center center","background-size":"auto","background-attachment":"scroll","background-type":"","background-media":"","overlay-type":"","overlay-color":"","overlay-opacity":"","overlay-gradient":""},"tablet":{"background-color":"","background-image":"","background-repeat":"repeat","background-position":"center center","background-size":"auto","background-attachment":"scroll","background-type":"","background-media":"","overlay-type":"","overlay-color":"","overlay-opacity":"","overlay-gradient":""},"mobile":{"background-color":"","background-image":"","background-repeat":"repeat","background-position":"center center","background-size":"auto","background-attachment":"scroll","background-type":"","background-media":"","overlay-type":"","overlay-color":"","overlay-opacity":"","overlay-gradient":""}},"ast-content-background-meta":{"desktop":{"background-color":"var(--ast-global-color-4)","background-image":"","background-repeat":"repeat","background-position":"center center","background-size":"auto","background-attachment":"scroll","background-type":"","background-media":"","overlay-type":"","overlay-color":"","overlay-opacity":"","overlay-gradient":""},"tablet":{"background-color":"var(--ast-global-color-4)","background-image":"","background-repeat":"repeat","background-position":"center center","background-size":"auto","background-attachment":"scroll","background-type":"","background-media":"","overlay-type":"","overlay-color":"","overlay-opacity":"","overlay-gradient":""},"mobile":{"background-color":"var(--ast-global-color-4)","background-image":"","background-repeat":"repeat","background-position":"center center","background-size":"auto","background-attachment":"scroll","background-type":"","background-media":"","overlay-type":"","overlay-color":"","overlay-opacity":"","overlay-gradient":""}}},"product_brand":[],"product_cat":[9855,15,55],"product_tag":[],"class_list":{"0":"post-14295","1":"product","2":"type-product","3":"status-publish","4":"has-post-thumbnail","6":"product_cat-mityba-ir-dieta","7":"product_cat-uncategorized","8":"product_cat-sveikata-ir-sveika-mityba","9":"desktop-align-left","10":"tablet-align-left","11":"mobile-align-left","13":"first","14":"outofstock","15":"shipping-taxable","16":"purchasable","17":"product-type-simple"},"acf":[],"yoast_head":"<!-- This site is optimized with the Yoast SEO plugin v27.0 - https:\/\/yoast.com\/product\/yoast-seo-wordpress\/ -->\n<title>Sveika mityba esant antsvoriui: su 126 liesinamojo maisto valgiara\u0161\u010diais<\/title>\n<meta name=\"description\" content=\"Bandymai atsikratyti antsvoriu tapo masiniu rei\u0161kiniu. Milijonai \u017emoni\u0173 panoro maitintis dieti\u0161kai ir kankinasi rinkdamiesi i\u0161 keli\u0173 de\u0161im\u010di\u0173 diet\u0173. Itin\" \/>\n<meta name=\"robots\" content=\"index, follow, max-snippet:-1, max-image-preview:large, max-video-preview:-1\" \/>\n<link rel=\"canonical\" href=\"https:\/\/skaitytaknyga.lt\/en\/produktas\/sveika-mityba-esant-antsvoriui-su-126-liesinamojo-maisto-valgiarasciais\/\" \/>\n<meta property=\"og:locale\" content=\"en_GB\" \/>\n<meta property=\"og:locale:alternate\" content=\"lt_LT\" \/>\n<meta property=\"og:type\" content=\"article\" \/>\n<meta property=\"og:title\" content=\"Sveika mityba esant antsvoriui: su 126 liesinamojo maisto valgiara\u0161\u010diais\" \/>\n<meta property=\"og:description\" content=\"Bandymai atsikratyti antsvoriu tapo masiniu rei\u0161kiniu. Milijonai \u017emoni\u0173 panoro maitintis dieti\u0161kai ir kankinasi rinkdamiesi i\u0161 keli\u0173 de\u0161im\u010di\u0173 diet\u0173. Itin\" \/>\n<meta property=\"og:url\" content=\"https:\/\/skaitytaknyga.lt\/en\/produktas\/sveika-mityba-esant-antsvoriui-su-126-liesinamojo-maisto-valgiarasciais\/\" \/>\n<meta property=\"og:site_name\" content=\"Skaitytaknyga\" \/>\n<meta property=\"article:publisher\" content=\"https:\/\/www.facebook.com\/skaitytaknyga\/\" \/>\n<meta property=\"article:modified_time\" content=\"2026-03-18T11:13:22+00:00\" \/>\n<meta property=\"og:image\" content=\"https:\/\/skaitytaknyga.lt\/wp-content\/uploads\/2024\/10\/Sveika-mityba-esant-antsvoriui-su-126-liesinamojo-maisto-valgiarasciais-e1729240754506.webp\" \/>\n\t<meta property=\"og:image:width\" content=\"345\" \/>\n\t<meta property=\"og:image:height\" content=\"497\" \/>\n\t<meta property=\"og:image:type\" content=\"image\/webp\" \/>\n<meta name=\"twitter:card\" content=\"summary_large_image\" \/>\n<meta name=\"twitter:label1\" content=\"Estimated reading time\" \/>\n\t<meta name=\"twitter:data1\" content=\"2 minutes\" \/>\n<script type=\"application\/ld+json\" class=\"yoast-schema-graph\">{\"@context\":\"https:\/\/schema.org\",\"@graph\":[{\"@type\":\"WebPage\",\"@id\":\"https:\/\/skaitytaknyga.lt\/produktas\/sveika-mityba-esant-antsvoriui-su-126-liesinamojo-maisto-valgiarasciais\/\",\"url\":\"https:\/\/skaitytaknyga.lt\/produktas\/sveika-mityba-esant-antsvoriui-su-126-liesinamojo-maisto-valgiarasciais\/\",\"name\":\"Sveika mityba esant antsvoriui: su 126 liesinamojo maisto valgiara\u0161\u010diais\",\"isPartOf\":{\"@id\":\"https:\/\/skaitytaknyga.lt\/#website\"},\"primaryImageOfPage\":{\"@id\":\"https:\/\/skaitytaknyga.lt\/produktas\/sveika-mityba-esant-antsvoriui-su-126-liesinamojo-maisto-valgiarasciais\/#primaryimage\"},\"image\":{\"@id\":\"https:\/\/skaitytaknyga.lt\/produktas\/sveika-mityba-esant-antsvoriui-su-126-liesinamojo-maisto-valgiarasciais\/#primaryimage\"},\"thumbnailUrl\":\"https:\/\/skaitytaknyga.lt\/wp-content\/uploads\/2024\/10\/Sveika-mityba-esant-antsvoriui-su-126-liesinamojo-maisto-valgiarasciais-e1729240754506.webp\",\"datePublished\":\"2024-10-18T08:15:25+00:00\",\"dateModified\":\"2026-03-18T11:13:22+00:00\",\"description\":\"Bandymai atsikratyti antsvoriu tapo masiniu rei\u0161kiniu. Milijonai \u017emoni\u0173 panoro maitintis dieti\u0161kai ir kankinasi rinkdamiesi i\u0161 keli\u0173 de\u0161im\u010di\u0173 diet\u0173. Itin\",\"breadcrumb\":{\"@id\":\"https:\/\/skaitytaknyga.lt\/produktas\/sveika-mityba-esant-antsvoriui-su-126-liesinamojo-maisto-valgiarasciais\/#breadcrumb\"},\"inLanguage\":\"en-GB\",\"potentialAction\":[{\"@type\":\"ReadAction\",\"target\":[\"https:\/\/skaitytaknyga.lt\/produktas\/sveika-mityba-esant-antsvoriui-su-126-liesinamojo-maisto-valgiarasciais\/\"]}]},{\"@type\":\"ImageObject\",\"inLanguage\":\"en-GB\",\"@id\":\"https:\/\/skaitytaknyga.lt\/produktas\/sveika-mityba-esant-antsvoriui-su-126-liesinamojo-maisto-valgiarasciais\/#primaryimage\",\"url\":\"https:\/\/skaitytaknyga.lt\/wp-content\/uploads\/2024\/10\/Sveika-mityba-esant-antsvoriui-su-126-liesinamojo-maisto-valgiarasciais-e1729240754506.webp\",\"contentUrl\":\"https:\/\/skaitytaknyga.lt\/wp-content\/uploads\/2024\/10\/Sveika-mityba-esant-antsvoriui-su-126-liesinamojo-maisto-valgiarasciais-e1729240754506.webp\",\"width\":345,\"height\":497,\"caption\":\"Sveika mityba esant antsvoriui: su 126 liesinamojo maisto valgiara\u0161\u010diais\"},{\"@type\":\"BreadcrumbList\",\"@id\":\"https:\/\/skaitytaknyga.lt\/produktas\/sveika-mityba-esant-antsvoriui-su-126-liesinamojo-maisto-valgiarasciais\/#breadcrumb\",\"itemListElement\":[{\"@type\":\"ListItem\",\"position\":1,\"name\":\"Home\",\"item\":\"https:\/\/skaitytaknyga.lt\/\"},{\"@type\":\"ListItem\",\"position\":2,\"name\":\"Parduotuv\u0117\",\"item\":\"https:\/\/skaitytaknyga.lt\/knygu-parduotuve\/\"},{\"@type\":\"ListItem\",\"position\":3,\"name\":\"Sveika mityba esant antsvoriui: su 126 liesinamojo maisto valgiara\u0161\u010diais\"}]},{\"@type\":\"WebSite\",\"@id\":\"https:\/\/skaitytaknyga.lt\/#website\",\"url\":\"https:\/\/skaitytaknyga.lt\/\",\"name\":\"skaitytaknyga.lt\",\"description\":\"Skaitytaknyga.lt \u2013 tai ma\u017eas \u0161eimos verslas, kuris prasid\u0117jo nuo meil\u0117s knygoms ir siekio i\u0161gelb\u0117ti knygas nuo likimo prie konteinerio. Kas vienam nereikalingas daiktas \u2013 kitam lobis, o mes esame tarpininkai, kurie padeda abiems tapti laimingesniems ???? \u017dinome kaip nelengva i\u0161gyventi ma\u017eiems verslams, tad nuo \u0161iol, \u010dia rasite ir kit\u0173, ma\u017e\u0173 \u0161eim\u0173 versl\u0173, rank\u0173 darbo, dovan\u0173 sau ir artimiesiems.\",\"publisher\":{\"@id\":\"https:\/\/skaitytaknyga.lt\/#organization\"},\"potentialAction\":[{\"@type\":\"SearchAction\",\"target\":{\"@type\":\"EntryPoint\",\"urlTemplate\":\"https:\/\/skaitytaknyga.lt\/?s={search_term_string}\"},\"query-input\":{\"@type\":\"PropertyValueSpecification\",\"valueRequired\":true,\"valueName\":\"search_term_string\"}}],\"inLanguage\":\"en-GB\"},{\"@type\":\"Organization\",\"@id\":\"https:\/\/skaitytaknyga.lt\/#organization\",\"name\":\"skaitytaknyga.lt\",\"url\":\"https:\/\/skaitytaknyga.lt\/\",\"logo\":{\"@type\":\"ImageObject\",\"inLanguage\":\"en-GB\",\"@id\":\"https:\/\/skaitytaknyga.lt\/#\/schema\/logo\/image\/\",\"url\":\"https:\/\/skaitytaknyga.lt\/wp-content\/uploads\/2024\/05\/cropped-cropped-cropped-02_00843_jt3bggkj1j3HLc7SyY6rEUpg.jpeg\",\"contentUrl\":\"https:\/\/skaitytaknyga.lt\/wp-content\/uploads\/2024\/05\/cropped-cropped-cropped-02_00843_jt3bggkj1j3HLc7SyY6rEUpg.jpeg\",\"width\":1600,\"height\":1600,\"caption\":\"skaitytaknyga.lt\"},\"image\":{\"@id\":\"https:\/\/skaitytaknyga.lt\/#\/schema\/logo\/image\/\"},\"sameAs\":[\"https:\/\/www.facebook.com\/skaitytaknyga\/\"]}]}<\/script>\n<!-- \/ Yoast SEO plugin. -->","yoast_head_json":{"title":"Sveika mityba esant antsvoriui: su 126 liesinamojo maisto valgiara\u0161\u010diais","description":"Bandymai atsikratyti antsvoriu tapo masiniu rei\u0161kiniu. Milijonai \u017emoni\u0173 panoro maitintis dieti\u0161kai ir kankinasi rinkdamiesi i\u0161 keli\u0173 de\u0161im\u010di\u0173 diet\u0173. Itin","robots":{"index":"index","follow":"follow","max-snippet":"max-snippet:-1","max-image-preview":"max-image-preview:large","max-video-preview":"max-video-preview:-1"},"canonical":"https:\/\/skaitytaknyga.lt\/en\/produktas\/sveika-mityba-esant-antsvoriui-su-126-liesinamojo-maisto-valgiarasciais\/","og_locale":"en_GB","og_type":"article","og_title":"[:lt]Sveika mityba esant antsvoriui: su 126 liesinamojo maisto valgiara\u0161\u010diais[:] - Skaitytaknyga","og_description":"Bandymai atsikratyti antsvoriu tapo masiniu rei\u0161kiniu. Milijonai \u017emoni\u0173 panoro maitintis dieti\u0161kai ir kankinasi rinkdamiesi i\u0161 keli\u0173 de\u0161im\u010di\u0173 diet\u0173. Itin","og_url":"https:\/\/skaitytaknyga.lt\/en\/produktas\/sveika-mityba-esant-antsvoriui-su-126-liesinamojo-maisto-valgiarasciais\/","og_site_name":"Skaitytaknyga","article_publisher":"https:\/\/www.facebook.com\/skaitytaknyga\/","article_modified_time":"2026-03-18T11:13:22+00:00","og_image":[{"width":345,"height":497,"url":"https:\/\/skaitytaknyga.lt\/wp-content\/uploads\/2024\/10\/Sveika-mityba-esant-antsvoriui-su-126-liesinamojo-maisto-valgiarasciais-e1729240754506.webp","type":"image\/webp"}],"twitter_card":"summary_large_image","twitter_misc":{"Estimated reading time":"2 minutes"},"schema":{"@context":"https:\/\/schema.org","@graph":[{"@type":"WebPage","@id":"https:\/\/skaitytaknyga.lt\/produktas\/sveika-mityba-esant-antsvoriui-su-126-liesinamojo-maisto-valgiarasciais\/","url":"https:\/\/skaitytaknyga.lt\/produktas\/sveika-mityba-esant-antsvoriui-su-126-liesinamojo-maisto-valgiarasciais\/","name":"Sveika mityba esant antsvoriui: su 126 liesinamojo maisto valgiara\u0161\u010diais","isPartOf":{"@id":"https:\/\/skaitytaknyga.lt\/#website"},"primaryImageOfPage":{"@id":"https:\/\/skaitytaknyga.lt\/produktas\/sveika-mityba-esant-antsvoriui-su-126-liesinamojo-maisto-valgiarasciais\/#primaryimage"},"image":{"@id":"https:\/\/skaitytaknyga.lt\/produktas\/sveika-mityba-esant-antsvoriui-su-126-liesinamojo-maisto-valgiarasciais\/#primaryimage"},"thumbnailUrl":"https:\/\/skaitytaknyga.lt\/wp-content\/uploads\/2024\/10\/Sveika-mityba-esant-antsvoriui-su-126-liesinamojo-maisto-valgiarasciais-e1729240754506.webp","datePublished":"2024-10-18T08:15:25+00:00","dateModified":"2026-03-18T11:13:22+00:00","description":"Bandymai atsikratyti antsvoriu tapo masiniu rei\u0161kiniu. Milijonai \u017emoni\u0173 panoro maitintis dieti\u0161kai ir kankinasi rinkdamiesi i\u0161 keli\u0173 de\u0161im\u010di\u0173 diet\u0173. Itin","breadcrumb":{"@id":"https:\/\/skaitytaknyga.lt\/produktas\/sveika-mityba-esant-antsvoriui-su-126-liesinamojo-maisto-valgiarasciais\/#breadcrumb"},"inLanguage":"en-GB","potentialAction":[{"@type":"ReadAction","target":["https:\/\/skaitytaknyga.lt\/produktas\/sveika-mityba-esant-antsvoriui-su-126-liesinamojo-maisto-valgiarasciais\/"]}]},{"@type":"ImageObject","inLanguage":"en-GB","@id":"https:\/\/skaitytaknyga.lt\/produktas\/sveika-mityba-esant-antsvoriui-su-126-liesinamojo-maisto-valgiarasciais\/#primaryimage","url":"https:\/\/skaitytaknyga.lt\/wp-content\/uploads\/2024\/10\/Sveika-mityba-esant-antsvoriui-su-126-liesinamojo-maisto-valgiarasciais-e1729240754506.webp","contentUrl":"https:\/\/skaitytaknyga.lt\/wp-content\/uploads\/2024\/10\/Sveika-mityba-esant-antsvoriui-su-126-liesinamojo-maisto-valgiarasciais-e1729240754506.webp","width":345,"height":497,"caption":"Sveika mityba esant antsvoriui: su 126 liesinamojo maisto valgiara\u0161\u010diais"},{"@type":"BreadcrumbList","@id":"https:\/\/skaitytaknyga.lt\/produktas\/sveika-mityba-esant-antsvoriui-su-126-liesinamojo-maisto-valgiarasciais\/#breadcrumb","itemListElement":[{"@type":"ListItem","position":1,"name":"Home","item":"https:\/\/skaitytaknyga.lt\/"},{"@type":"ListItem","position":2,"name":"Parduotuv\u0117","item":"https:\/\/skaitytaknyga.lt\/knygu-parduotuve\/"},{"@type":"ListItem","position":3,"name":"Sveika mityba esant antsvoriui: su 126 liesinamojo maisto valgiara\u0161\u010diais"}]},{"@type":"WebSite","@id":"https:\/\/skaitytaknyga.lt\/#website","url":"https:\/\/skaitytaknyga.lt\/","name":"skaitytaknyga.lt","description":"Skaitytaknyga.lt \u2013 tai ma\u017eas \u0161eimos verslas, kuris prasid\u0117jo nuo meil\u0117s knygoms ir siekio i\u0161gelb\u0117ti knygas nuo likimo prie konteinerio. Kas vienam nereikalingas daiktas \u2013 kitam lobis, o mes esame tarpininkai, kurie padeda abiems tapti laimingesniems ???? \u017dinome kaip nelengva i\u0161gyventi ma\u017eiems verslams, tad nuo \u0161iol, \u010dia rasite ir kit\u0173, ma\u017e\u0173 \u0161eim\u0173 versl\u0173, rank\u0173 darbo, dovan\u0173 sau ir artimiesiems.","publisher":{"@id":"https:\/\/skaitytaknyga.lt\/#organization"},"potentialAction":[{"@type":"SearchAction","target":{"@type":"EntryPoint","urlTemplate":"https:\/\/skaitytaknyga.lt\/?s={search_term_string}"},"query-input":{"@type":"PropertyValueSpecification","valueRequired":true,"valueName":"search_term_string"}}],"inLanguage":"en-GB"},{"@type":"Organization","@id":"https:\/\/skaitytaknyga.lt\/#organization","name":"skaitytaknyga.lt","url":"https:\/\/skaitytaknyga.lt\/","logo":{"@type":"ImageObject","inLanguage":"en-GB","@id":"https:\/\/skaitytaknyga.lt\/#\/schema\/logo\/image\/","url":"https:\/\/skaitytaknyga.lt\/wp-content\/uploads\/2024\/05\/cropped-cropped-cropped-02_00843_jt3bggkj1j3HLc7SyY6rEUpg.jpeg","contentUrl":"https:\/\/skaitytaknyga.lt\/wp-content\/uploads\/2024\/05\/cropped-cropped-cropped-02_00843_jt3bggkj1j3HLc7SyY6rEUpg.jpeg","width":1600,"height":1600,"caption":"skaitytaknyga.lt"},"image":{"@id":"https:\/\/skaitytaknyga.lt\/#\/schema\/logo\/image\/"},"sameAs":["https:\/\/www.facebook.com\/skaitytaknyga\/"]}]}},"_links":{"self":[{"href":"https:\/\/skaitytaknyga.lt\/en\/wp-json\/wp\/v2\/product\/14295","targetHints":{"allow":["GET"]}}],"collection":[{"href":"https:\/\/skaitytaknyga.lt\/en\/wp-json\/wp\/v2\/product"}],"about":[{"href":"https:\/\/skaitytaknyga.lt\/en\/wp-json\/wp\/v2\/types\/product"}],"replies":[{"embeddable":true,"href":"https:\/\/skaitytaknyga.lt\/en\/wp-json\/wp\/v2\/comments?post=14295"}],"wp:featuredmedia":[{"embeddable":true,"href":"https:\/\/skaitytaknyga.lt\/en\/wp-json\/wp\/v2\/media\/14316"}],"wp:attachment":[{"href":"https:\/\/skaitytaknyga.lt\/en\/wp-json\/wp\/v2\/media?parent=14295"}],"wp:term":[{"taxonomy":"product_brand","embeddable":true,"href":"https:\/\/skaitytaknyga.lt\/en\/wp-json\/wp\/v2\/product_brand?post=14295"},{"taxonomy":"product_cat","embeddable":true,"href":"https:\/\/skaitytaknyga.lt\/en\/wp-json\/wp\/v2\/product_cat?post=14295"},{"taxonomy":"product_tag","embeddable":true,"href":"https:\/\/skaitytaknyga.lt\/en\/wp-json\/wp\/v2\/product_tag?post=14295"}],"curies":[{"name":"wp","href":"https:\/\/api.w.org\/{rel}","templated":true}]}}