{"id":14294,"date":"2024-10-18T11:15:25","date_gmt":"2024-10-18T08:15:25","guid":{"rendered":"https:\/\/skaitytaknyga.lt\/?post_type=product&#038;p=14294"},"modified":"2024-10-18T11:37:29","modified_gmt":"2024-10-18T08:37:29","slug":"guru-protas-pokalbiai-su-dvasiniais-mokytojais","status":"publish","type":"product","link":"https:\/\/skaitytaknyga.lt\/en\/produktas\/guru-protas-pokalbiai-su-dvasiniais-mokytojais\/","title":{"rendered":"Guru protas. Pokalbiai su dvasiniais mokytojais"},"content":{"rendered":"<p>\u012e \u0161i\u0105 knyg\u0105 Indijos televizijos laid\u0173 k\u016br\u0117jas ir ra\u0161ytojas, asmeninis Dalai Lamos mokinys Rad\u017eivas Mehrotra sud\u0117jo savo pokalbius su \u017einomiausiais \u0161io meto dvasiniais mokytojais, arba guru, kurie ap\u0161viet\u0117 milijon\u0173 pasaulio \u017emoni\u0173 protus.<\/p>\n<p>Pokalbi\u0173 temos yra dvasingumo ugdymas, mokinio ir mokytojo bendravimas, reinkarnacija, \u017emogaus s\u0105mon\u0117s paslaptys, taikos i\u0161saugojimas, santykiai tarp religij\u0173, visuotin\u0117 atsakomyb\u0117, astrologija ir kitos.<\/p>\n<p>\u012e knyg\u0105 \u201eGuru protas\u201c traukti pokalbiai su tokiais skirtingais mokytojais kaip B. K. S. Ajengaras, atne\u0161\u0119s jog\u0105 i\u0161 ezoterinio pasaulio \u012f m\u016bs\u0173 svetaines, Svamis Ramdevas, populiarin\u0119s jog\u0105 per televizij\u0105, ir Motina Amritanandamaji, \u0161alia kurios visus u\u017elieja meil\u0117s poj\u016btis. Dipakas \u010copra kalba apie kvantin\u012f proto ir k\u016bno gydym\u0105, Sogjalas Rinpo\u010d\u0117 dr\u0105sina pa\u017evelgti \u012f mirt\u012f, kad gyvenimas tapt\u0173 prasmingesnis, \u0160ri \u0160ri Ravi \u0160ankaras u\u017etvirtina kiekvieno asmens teis\u0119 \u012f laim\u0119. I\u0161girsime prie\u0161tarauti nebijan\u010dio U. G. Kri\u0161namur\u010dio bals\u0105, kuris teikia, jog visos \u0161nekos apie transformacij\u0105 yra niekai.<\/p>\n<p>Knygoje \u201eGuru protas\u201c nerasite kvap\u0105 gniau\u017eian\u010di\u0173 istorij\u0173 ar paruo\u0161t\u0173 sprendim\u0173, o tik gairi\u0173, kreipian\u010di\u0173 \u012f vidin\u0119 \u0161vies\u0105. Skaitydami j\u0105 mokysit\u0117s i\u0161 toki\u0173 skirting\u0173 asmenybi\u0173 kaip Tik Nat Hanas, vyskupas Desmondas Tutu, Baba Amte ir Stanislavas Grofas. I\u0161 pokalbi\u0173 ry\u0161k\u0117ja mokytoj\u0173 i\u0161mintis, j\u0173 patarimai padeda pasikeisti ir rasti laim\u0119.<\/p>\n<ul class=\"about-product d-none d-xl-block mt-4\">\n<li><strong>Originalus pavadinimas:<\/strong>\u00a0The Mind of the Guru: Conversations with Spiritual Masters<\/li>\n<li><strong>Autorius:<\/strong>\u00a0Rajiv Mehrotra<\/li>\n<li><strong>Leid\u0117jas:<\/strong>\u00a0Mijalba<\/li>\n<li><strong>Metai:<\/strong>\u00a02015<\/li>\n<li><strong>Puslapiai:<\/strong>\u00a0272<\/li>\n<li class=\"toggleable type-new-formats \"><strong>ISBN:<\/strong>\u00a09786094690082<\/li>\n<li><strong>Versijos kodas:<\/strong>\u00a0PT.<\/li>\n<li class=\"toggleable type-new-formats \"><strong>Formatas:<\/strong>\u00a014,5 x 22 cm, kieti vir\u0161eliai<\/li>\n<li><strong>Kalba:<\/strong>\u00a0Lietuvi\u0173<\/li>\n<\/ul>\n","protected":false},"excerpt":{"rendered":"<p>\u012e \u0161i\u0105 knyg\u0105 Indijos televizijos laid\u0173 k\u016br\u0117jas ir ra\u0161ytojas, asmeninis Dalai Lamos mokinys Rad\u017eivas Mehrotra sud\u0117jo savo pokalbius su \u017einomiausiais \u0161io meto dvasiniais mokytojais, arba guru, kurie ap\u0161viet\u0117 milijon\u0173 pasaulio \u017emoni\u0173 protus. Pokalbi\u0173 temos yra dvasingumo ugdymas, mokinio ir mokytojo bendravimas, reinkarnacija, \u017emogaus s\u0105mon\u0117s paslaptys, taikos i\u0161saugojimas, santykiai tarp religij\u0173, visuotin\u0117 atsakomyb\u0117, astrologija ir kitos. \u012e knyg\u0105 \u201eGuru protas\u201c traukti pokalbiai su tokiais skirtingais mokytojais kaip B. K. S. Ajengaras, atne\u0161\u0119s jog\u0105 i\u0161 ezoterinio pasaulio \u012f m\u016bs\u0173 svetaines, Svamis Ramdevas, populiarin\u0119s jog\u0105 per televizij\u0105, ir Motina Amritanandamaji, \u0161alia kurios visus u\u017elieja meil\u0117s poj\u016btis. Dipakas \u010copra kalba apie kvantin\u012f proto ir k\u016bno gydym\u0105, Sogjalas Rinpo\u010d\u0117 dr\u0105sina pa\u017evelgti \u012f mirt\u012f, kad gyvenimas tapt\u0173 prasmingesnis, \u0160ri \u0160ri Ravi \u0160ankaras u\u017etvirtina kiekvieno asmens teis\u0119 \u012f laim\u0119. I\u0161girsime prie\u0161tarauti nebijan\u010dio U. G. Kri\u0161namur\u010dio bals\u0105, kuris teikia, jog visos \u0161nekos apie transformacij\u0105 yra niekai. Knygoje \u201eGuru protas\u201c nerasite kvap\u0105 gniau\u017eian\u010di\u0173 istorij\u0173 ar paruo\u0161t\u0173 sprendim\u0173, o tik gairi\u0173, kreipian\u010di\u0173 \u012f vidin\u0119 \u0161vies\u0105. Skaitydami j\u0105 mokysit\u0117s i\u0161 toki\u0173 skirting\u0173 asmenybi\u0173 kaip Tik Nat Hanas, vyskupas Desmondas Tutu, Baba Amte ir Stanislavas Grofas. I\u0161 pokalbi\u0173 ry\u0161k\u0117ja mokytoj\u0173 i\u0161mintis, j\u0173 patarimai padeda pasikeisti ir rasti laim\u0119. Originalus pavadinimas:\u00a0The Mind of the Guru: Conversations with Spiritual Masters Autorius:\u00a0Rajiv Mehrotra Leid\u0117jas:\u00a0Mijalba Metai:\u00a02015 Puslapiai:\u00a0272 ISBN:\u00a09786094690082 Versijos kodas:\u00a0PT. Formatas:\u00a014,5 x 22 cm, kieti vir\u0161eliai Kalba:\u00a0Lietuvi\u0173<\/p>\n","protected":false},"featured_media":14301,"comment_status":"open","ping_status":"closed","template":"","meta":{"_acf_changed":false,"site-sidebar-layout":"default","site-content-layout":"","ast-site-content-layout":"default","site-content-style":"default","site-sidebar-style":"default","ast-global-header-display":"","ast-banner-title-visibility":"","ast-main-header-display":"","ast-hfb-above-header-display":"","ast-hfb-below-header-display":"","ast-hfb-mobile-header-display":"","site-post-title":"","ast-breadcrumbs-content":"","ast-featured-img":"","footer-sml-layout":"","ast-disable-related-posts":"","theme-transparent-header-meta":"default","adv-header-id-meta":"","stick-header-meta":"","header-above-stick-meta":"","header-main-stick-meta":"","header-below-stick-meta":"","astra-migrate-meta-layouts":"set","ast-page-background-enabled":"default","ast-page-background-meta":{"desktop":{"background-color":"","background-image":"","background-repeat":"repeat","background-position":"center center","background-size":"auto","background-attachment":"scroll","background-type":"","background-media":"","overlay-type":"","overlay-color":"","overlay-opacity":"","overlay-gradient":""},"tablet":{"background-color":"","background-image":"","background-repeat":"repeat","background-position":"center center","background-size":"auto","background-attachment":"scroll","background-type":"","background-media":"","overlay-type":"","overlay-color":"","overlay-opacity":"","overlay-gradient":""},"mobile":{"background-color":"","background-image":"","background-repeat":"repeat","background-position":"center center","background-size":"auto","background-attachment":"scroll","background-type":"","background-media":"","overlay-type":"","overlay-color":"","overlay-opacity":"","overlay-gradient":""}},"ast-content-background-meta":{"desktop":{"background-color":"var(--ast-global-color-4)","background-image":"","background-repeat":"repeat","background-position":"center center","background-size":"auto","background-attachment":"scroll","background-type":"","background-media":"","overlay-type":"","overlay-color":"","overlay-opacity":"","overlay-gradient":""},"tablet":{"background-color":"var(--ast-global-color-4)","background-image":"","background-repeat":"repeat","background-position":"center center","background-size":"auto","background-attachment":"scroll","background-type":"","background-media":"","overlay-type":"","overlay-color":"","overlay-opacity":"","overlay-gradient":""},"mobile":{"background-color":"var(--ast-global-color-4)","background-image":"","background-repeat":"repeat","background-position":"center center","background-size":"auto","background-attachment":"scroll","background-type":"","background-media":"","overlay-type":"","overlay-color":"","overlay-opacity":"","overlay-gradient":""}}},"product_brand":[],"product_cat":[15,165],"product_tag":[],"class_list":{"0":"post-14294","1":"product","2":"type-product","3":"status-publish","4":"has-post-thumbnail","6":"product_cat-uncategorized","7":"product_cat-religija-filosofija-ir-ezoterika","8":"desktop-align-left","9":"tablet-align-left","10":"mobile-align-left","12":"first","13":"instock","14":"shipping-taxable","15":"purchasable","16":"product-type-simple"},"acf":[],"yoast_head":"<!-- This site is optimized with the Yoast SEO plugin v27.0 - https:\/\/yoast.com\/product\/yoast-seo-wordpress\/ -->\n<title>Guru protas. Pokalbiai su dvasiniais mokytojais<\/title>\n<meta name=\"description\" content=\"\u012e \u0161i\u0105 knyg\u0105 Indijos televizijos laid\u0173 k\u016br\u0117jas ir ra\u0161ytojas, asmeninis Dalai Lamos mokinys Rad\u017eivas Mehrotra sud\u0117jo savo pokalbius su \u017einomiausiais \u0161io\" \/>\n<meta name=\"robots\" content=\"index, follow, max-snippet:-1, max-image-preview:large, max-video-preview:-1\" \/>\n<link rel=\"canonical\" href=\"https:\/\/skaitytaknyga.lt\/en\/produktas\/guru-protas-pokalbiai-su-dvasiniais-mokytojais\/\" \/>\n<meta property=\"og:locale\" content=\"en_GB\" \/>\n<meta property=\"og:locale:alternate\" content=\"lt_LT\" \/>\n<meta property=\"og:type\" content=\"article\" \/>\n<meta property=\"og:title\" content=\"Guru protas. Pokalbiai su dvasiniais mokytojais\" \/>\n<meta property=\"og:description\" content=\"\u012e \u0161i\u0105 knyg\u0105 Indijos televizijos laid\u0173 k\u016br\u0117jas ir ra\u0161ytojas, asmeninis Dalai Lamos mokinys Rad\u017eivas Mehrotra sud\u0117jo savo pokalbius su \u017einomiausiais \u0161io\" \/>\n<meta property=\"og:url\" content=\"https:\/\/skaitytaknyga.lt\/en\/produktas\/guru-protas-pokalbiai-su-dvasiniais-mokytojais\/\" \/>\n<meta property=\"og:site_name\" content=\"Skaitytaknyga\" \/>\n<meta property=\"article:publisher\" content=\"https:\/\/www.facebook.com\/skaitytaknyga\/\" \/>\n<meta property=\"article:modified_time\" content=\"2024-10-18T08:37:29+00:00\" \/>\n<meta property=\"og:image\" content=\"https:\/\/skaitytaknyga.lt\/wp-content\/uploads\/2024\/10\/Guru-protas.-Pokalbiai-su-dvasiniais-mokytojais.webp\" \/>\n\t<meta property=\"og:image:width\" content=\"560\" \/>\n\t<meta property=\"og:image:height\" content=\"800\" \/>\n\t<meta property=\"og:image:type\" content=\"image\/webp\" \/>\n<meta name=\"twitter:card\" content=\"summary_large_image\" \/>\n<meta name=\"twitter:label1\" content=\"Estimated reading time\" \/>\n\t<meta name=\"twitter:data1\" content=\"2 minutes\" \/>\n<script type=\"application\/ld+json\" class=\"yoast-schema-graph\">{\"@context\":\"https:\/\/schema.org\",\"@graph\":[{\"@type\":\"WebPage\",\"@id\":\"https:\/\/skaitytaknyga.lt\/produktas\/guru-protas-pokalbiai-su-dvasiniais-mokytojais\/\",\"url\":\"https:\/\/skaitytaknyga.lt\/produktas\/guru-protas-pokalbiai-su-dvasiniais-mokytojais\/\",\"name\":\"Guru protas. Pokalbiai su dvasiniais mokytojais\",\"isPartOf\":{\"@id\":\"https:\/\/skaitytaknyga.lt\/#website\"},\"primaryImageOfPage\":{\"@id\":\"https:\/\/skaitytaknyga.lt\/produktas\/guru-protas-pokalbiai-su-dvasiniais-mokytojais\/#primaryimage\"},\"image\":{\"@id\":\"https:\/\/skaitytaknyga.lt\/produktas\/guru-protas-pokalbiai-su-dvasiniais-mokytojais\/#primaryimage\"},\"thumbnailUrl\":\"https:\/\/skaitytaknyga.lt\/wp-content\/uploads\/2024\/10\/Guru-protas.-Pokalbiai-su-dvasiniais-mokytojais.webp\",\"datePublished\":\"2024-10-18T08:15:25+00:00\",\"dateModified\":\"2024-10-18T08:37:29+00:00\",\"description\":\"\u012e \u0161i\u0105 knyg\u0105 Indijos televizijos laid\u0173 k\u016br\u0117jas ir ra\u0161ytojas, asmeninis Dalai Lamos mokinys Rad\u017eivas Mehrotra sud\u0117jo savo pokalbius su \u017einomiausiais \u0161io\",\"breadcrumb\":{\"@id\":\"https:\/\/skaitytaknyga.lt\/produktas\/guru-protas-pokalbiai-su-dvasiniais-mokytojais\/#breadcrumb\"},\"inLanguage\":\"en-GB\",\"potentialAction\":[{\"@type\":\"ReadAction\",\"target\":[\"https:\/\/skaitytaknyga.lt\/produktas\/guru-protas-pokalbiai-su-dvasiniais-mokytojais\/\"]}]},{\"@type\":\"ImageObject\",\"inLanguage\":\"en-GB\",\"@id\":\"https:\/\/skaitytaknyga.lt\/produktas\/guru-protas-pokalbiai-su-dvasiniais-mokytojais\/#primaryimage\",\"url\":\"https:\/\/skaitytaknyga.lt\/wp-content\/uploads\/2024\/10\/Guru-protas.-Pokalbiai-su-dvasiniais-mokytojais.webp\",\"contentUrl\":\"https:\/\/skaitytaknyga.lt\/wp-content\/uploads\/2024\/10\/Guru-protas.-Pokalbiai-su-dvasiniais-mokytojais.webp\",\"width\":560,\"height\":800,\"caption\":\"Guru protas. Pokalbiai su dvasiniais mokytojais\"},{\"@type\":\"BreadcrumbList\",\"@id\":\"https:\/\/skaitytaknyga.lt\/produktas\/guru-protas-pokalbiai-su-dvasiniais-mokytojais\/#breadcrumb\",\"itemListElement\":[{\"@type\":\"ListItem\",\"position\":1,\"name\":\"Home\",\"item\":\"https:\/\/skaitytaknyga.lt\/\"},{\"@type\":\"ListItem\",\"position\":2,\"name\":\"Parduotuv\u0117\",\"item\":\"https:\/\/skaitytaknyga.lt\/knygu-parduotuve\/\"},{\"@type\":\"ListItem\",\"position\":3,\"name\":\"Guru protas. Pokalbiai su dvasiniais mokytojais\"}]},{\"@type\":\"WebSite\",\"@id\":\"https:\/\/skaitytaknyga.lt\/#website\",\"url\":\"https:\/\/skaitytaknyga.lt\/\",\"name\":\"skaitytaknyga.lt\",\"description\":\"Skaitytaknyga.lt \u2013 tai ma\u017eas \u0161eimos verslas, kuris prasid\u0117jo nuo meil\u0117s knygoms ir siekio i\u0161gelb\u0117ti knygas nuo likimo prie konteinerio. Kas vienam nereikalingas daiktas \u2013 kitam lobis, o mes esame tarpininkai, kurie padeda abiems tapti laimingesniems ???? \u017dinome kaip nelengva i\u0161gyventi ma\u017eiems verslams, tad nuo \u0161iol, \u010dia rasite ir kit\u0173, ma\u017e\u0173 \u0161eim\u0173 versl\u0173, rank\u0173 darbo, dovan\u0173 sau ir artimiesiems.\",\"publisher\":{\"@id\":\"https:\/\/skaitytaknyga.lt\/#organization\"},\"potentialAction\":[{\"@type\":\"SearchAction\",\"target\":{\"@type\":\"EntryPoint\",\"urlTemplate\":\"https:\/\/skaitytaknyga.lt\/?s={search_term_string}\"},\"query-input\":{\"@type\":\"PropertyValueSpecification\",\"valueRequired\":true,\"valueName\":\"search_term_string\"}}],\"inLanguage\":\"en-GB\"},{\"@type\":\"Organization\",\"@id\":\"https:\/\/skaitytaknyga.lt\/#organization\",\"name\":\"skaitytaknyga.lt\",\"url\":\"https:\/\/skaitytaknyga.lt\/\",\"logo\":{\"@type\":\"ImageObject\",\"inLanguage\":\"en-GB\",\"@id\":\"https:\/\/skaitytaknyga.lt\/#\/schema\/logo\/image\/\",\"url\":\"https:\/\/skaitytaknyga.lt\/wp-content\/uploads\/2024\/05\/cropped-cropped-cropped-02_00843_jt3bggkj1j3HLc7SyY6rEUpg.jpeg\",\"contentUrl\":\"https:\/\/skaitytaknyga.lt\/wp-content\/uploads\/2024\/05\/cropped-cropped-cropped-02_00843_jt3bggkj1j3HLc7SyY6rEUpg.jpeg\",\"width\":1600,\"height\":1600,\"caption\":\"skaitytaknyga.lt\"},\"image\":{\"@id\":\"https:\/\/skaitytaknyga.lt\/#\/schema\/logo\/image\/\"},\"sameAs\":[\"https:\/\/www.facebook.com\/skaitytaknyga\/\"]}]}<\/script>\n<!-- \/ Yoast SEO plugin. -->","yoast_head_json":{"title":"Guru protas. Pokalbiai su dvasiniais mokytojais","description":"\u012e \u0161i\u0105 knyg\u0105 Indijos televizijos laid\u0173 k\u016br\u0117jas ir ra\u0161ytojas, asmeninis Dalai Lamos mokinys Rad\u017eivas Mehrotra sud\u0117jo savo pokalbius su \u017einomiausiais \u0161io","robots":{"index":"index","follow":"follow","max-snippet":"max-snippet:-1","max-image-preview":"max-image-preview:large","max-video-preview":"max-video-preview:-1"},"canonical":"https:\/\/skaitytaknyga.lt\/en\/produktas\/guru-protas-pokalbiai-su-dvasiniais-mokytojais\/","og_locale":"en_GB","og_type":"article","og_title":"[:lt]Guru protas. Pokalbiai su dvasiniais mokytojais[:] - Skaitytaknyga","og_description":"\u012e \u0161i\u0105 knyg\u0105 Indijos televizijos laid\u0173 k\u016br\u0117jas ir ra\u0161ytojas, asmeninis Dalai Lamos mokinys Rad\u017eivas Mehrotra sud\u0117jo savo pokalbius su \u017einomiausiais \u0161io","og_url":"https:\/\/skaitytaknyga.lt\/en\/produktas\/guru-protas-pokalbiai-su-dvasiniais-mokytojais\/","og_site_name":"Skaitytaknyga","article_publisher":"https:\/\/www.facebook.com\/skaitytaknyga\/","article_modified_time":"2024-10-18T08:37:29+00:00","og_image":[{"width":560,"height":800,"url":"https:\/\/skaitytaknyga.lt\/wp-content\/uploads\/2024\/10\/Guru-protas.-Pokalbiai-su-dvasiniais-mokytojais.webp","type":"image\/webp"}],"twitter_card":"summary_large_image","twitter_misc":{"Estimated reading time":"2 minutes"},"schema":{"@context":"https:\/\/schema.org","@graph":[{"@type":"WebPage","@id":"https:\/\/skaitytaknyga.lt\/produktas\/guru-protas-pokalbiai-su-dvasiniais-mokytojais\/","url":"https:\/\/skaitytaknyga.lt\/produktas\/guru-protas-pokalbiai-su-dvasiniais-mokytojais\/","name":"Guru protas. Pokalbiai su dvasiniais mokytojais","isPartOf":{"@id":"https:\/\/skaitytaknyga.lt\/#website"},"primaryImageOfPage":{"@id":"https:\/\/skaitytaknyga.lt\/produktas\/guru-protas-pokalbiai-su-dvasiniais-mokytojais\/#primaryimage"},"image":{"@id":"https:\/\/skaitytaknyga.lt\/produktas\/guru-protas-pokalbiai-su-dvasiniais-mokytojais\/#primaryimage"},"thumbnailUrl":"https:\/\/skaitytaknyga.lt\/wp-content\/uploads\/2024\/10\/Guru-protas.-Pokalbiai-su-dvasiniais-mokytojais.webp","datePublished":"2024-10-18T08:15:25+00:00","dateModified":"2024-10-18T08:37:29+00:00","description":"\u012e \u0161i\u0105 knyg\u0105 Indijos televizijos laid\u0173 k\u016br\u0117jas ir ra\u0161ytojas, asmeninis Dalai Lamos mokinys Rad\u017eivas Mehrotra sud\u0117jo savo pokalbius su \u017einomiausiais \u0161io","breadcrumb":{"@id":"https:\/\/skaitytaknyga.lt\/produktas\/guru-protas-pokalbiai-su-dvasiniais-mokytojais\/#breadcrumb"},"inLanguage":"en-GB","potentialAction":[{"@type":"ReadAction","target":["https:\/\/skaitytaknyga.lt\/produktas\/guru-protas-pokalbiai-su-dvasiniais-mokytojais\/"]}]},{"@type":"ImageObject","inLanguage":"en-GB","@id":"https:\/\/skaitytaknyga.lt\/produktas\/guru-protas-pokalbiai-su-dvasiniais-mokytojais\/#primaryimage","url":"https:\/\/skaitytaknyga.lt\/wp-content\/uploads\/2024\/10\/Guru-protas.-Pokalbiai-su-dvasiniais-mokytojais.webp","contentUrl":"https:\/\/skaitytaknyga.lt\/wp-content\/uploads\/2024\/10\/Guru-protas.-Pokalbiai-su-dvasiniais-mokytojais.webp","width":560,"height":800,"caption":"Guru protas. Pokalbiai su dvasiniais mokytojais"},{"@type":"BreadcrumbList","@id":"https:\/\/skaitytaknyga.lt\/produktas\/guru-protas-pokalbiai-su-dvasiniais-mokytojais\/#breadcrumb","itemListElement":[{"@type":"ListItem","position":1,"name":"Home","item":"https:\/\/skaitytaknyga.lt\/"},{"@type":"ListItem","position":2,"name":"Parduotuv\u0117","item":"https:\/\/skaitytaknyga.lt\/knygu-parduotuve\/"},{"@type":"ListItem","position":3,"name":"Guru protas. Pokalbiai su dvasiniais mokytojais"}]},{"@type":"WebSite","@id":"https:\/\/skaitytaknyga.lt\/#website","url":"https:\/\/skaitytaknyga.lt\/","name":"skaitytaknyga.lt","description":"Skaitytaknyga.lt \u2013 tai ma\u017eas \u0161eimos verslas, kuris prasid\u0117jo nuo meil\u0117s knygoms ir siekio i\u0161gelb\u0117ti knygas nuo likimo prie konteinerio. Kas vienam nereikalingas daiktas \u2013 kitam lobis, o mes esame tarpininkai, kurie padeda abiems tapti laimingesniems ???? \u017dinome kaip nelengva i\u0161gyventi ma\u017eiems verslams, tad nuo \u0161iol, \u010dia rasite ir kit\u0173, ma\u017e\u0173 \u0161eim\u0173 versl\u0173, rank\u0173 darbo, dovan\u0173 sau ir artimiesiems.","publisher":{"@id":"https:\/\/skaitytaknyga.lt\/#organization"},"potentialAction":[{"@type":"SearchAction","target":{"@type":"EntryPoint","urlTemplate":"https:\/\/skaitytaknyga.lt\/?s={search_term_string}"},"query-input":{"@type":"PropertyValueSpecification","valueRequired":true,"valueName":"search_term_string"}}],"inLanguage":"en-GB"},{"@type":"Organization","@id":"https:\/\/skaitytaknyga.lt\/#organization","name":"skaitytaknyga.lt","url":"https:\/\/skaitytaknyga.lt\/","logo":{"@type":"ImageObject","inLanguage":"en-GB","@id":"https:\/\/skaitytaknyga.lt\/#\/schema\/logo\/image\/","url":"https:\/\/skaitytaknyga.lt\/wp-content\/uploads\/2024\/05\/cropped-cropped-cropped-02_00843_jt3bggkj1j3HLc7SyY6rEUpg.jpeg","contentUrl":"https:\/\/skaitytaknyga.lt\/wp-content\/uploads\/2024\/05\/cropped-cropped-cropped-02_00843_jt3bggkj1j3HLc7SyY6rEUpg.jpeg","width":1600,"height":1600,"caption":"skaitytaknyga.lt"},"image":{"@id":"https:\/\/skaitytaknyga.lt\/#\/schema\/logo\/image\/"},"sameAs":["https:\/\/www.facebook.com\/skaitytaknyga\/"]}]}},"_links":{"self":[{"href":"https:\/\/skaitytaknyga.lt\/en\/wp-json\/wp\/v2\/product\/14294","targetHints":{"allow":["GET"]}}],"collection":[{"href":"https:\/\/skaitytaknyga.lt\/en\/wp-json\/wp\/v2\/product"}],"about":[{"href":"https:\/\/skaitytaknyga.lt\/en\/wp-json\/wp\/v2\/types\/product"}],"replies":[{"embeddable":true,"href":"https:\/\/skaitytaknyga.lt\/en\/wp-json\/wp\/v2\/comments?post=14294"}],"wp:featuredmedia":[{"embeddable":true,"href":"https:\/\/skaitytaknyga.lt\/en\/wp-json\/wp\/v2\/media\/14301"}],"wp:attachment":[{"href":"https:\/\/skaitytaknyga.lt\/en\/wp-json\/wp\/v2\/media?parent=14294"}],"wp:term":[{"taxonomy":"product_brand","embeddable":true,"href":"https:\/\/skaitytaknyga.lt\/en\/wp-json\/wp\/v2\/product_brand?post=14294"},{"taxonomy":"product_cat","embeddable":true,"href":"https:\/\/skaitytaknyga.lt\/en\/wp-json\/wp\/v2\/product_cat?post=14294"},{"taxonomy":"product_tag","embeddable":true,"href":"https:\/\/skaitytaknyga.lt\/en\/wp-json\/wp\/v2\/product_tag?post=14294"}],"curies":[{"name":"wp","href":"https:\/\/api.w.org\/{rel}","templated":true}]}}