{"id":14293,"date":"2024-10-18T11:15:24","date_gmt":"2024-10-18T08:15:24","guid":{"rendered":"https:\/\/skaitytaknyga.lt\/?post_type=product&#038;p=14293"},"modified":"2024-10-18T11:42:23","modified_gmt":"2024-10-18T08:42:23","slug":"prijaukintoji-anglija","status":"publish","type":"product","link":"https:\/\/skaitytaknyga.lt\/en\/produktas\/prijaukintoji-anglija\/","title":{"rendered":"Prijaukintoji Anglija"},"content":{"rendered":"<p>Dviej\u0173 bestseleri\u0173 (\u201eAnglija: apie tuos \u017emones ir j\u0173 \u0161al\u012f\u201c, 2009, ir \u201eKelioni\u0173 istorijos\u201c, 2010) autorius, \u017eurnalistas ir keliautojas Andrius U\u017ekalnis t\u0119sia pirmoje knygoje prad\u0117t\u0105 pasakojim\u0105. \u0160\u012f kart\u0105 d\u0117mesio centre ne tik patys anglai, j\u0173 papro\u010diai ir gyvenimo b\u016bdas, bet ir sal\u0105 kaip laikinus ar nuolatinius namus pasirink\u0119 lietuviai. Nuo darbo Anglijoje paie\u0161k\u0173 iki kvailys\u010di\u0173 ir nusikaltim\u0173, nuo skausmingos mi\u0161ri\u0173 santuok\u0173 realyb\u0117s iki ma\u017e\u0173j\u0173 lietuviuk\u0173, u\u017esivilkusi\u0173 angli\u0161kas uniformas ir \u017eygiuojan\u010di\u0173 \u012f svetimos \u0161alies mokyklas. Autorius apie m\u016bs\u0173 tautie\u010di\u0173 prisijaukint\u0105 \u0161al\u012f pasakoja informatyviai ir jautriai, bet nenuslysta \u012f nereikalingus sentimentus ir \u2013 jei reikia \u2013 nevengia be gailes\u010dio \u012fk\u0105sti.<\/p>\n<p>\u201ePrijaukintoji Anglija\u201c nekartoja pirmosios knygos, nemina i\u0161vaik\u0161\u010diotu taku, bet tuo pa\u010diu autoriaus \u017evilgsniu \u012fd\u0117miai skrod\u017eia \u0161alies ir jos taisykli\u0173 kertes. Tai lyg dar vienas susitikimas su draugu, su kuriuo pirm\u0105 kart\u0105 nesp\u0117jote iki galo i\u0161si\u0161nek\u0117ti.<\/p>\n<ul class=\"about-product d-none d-xl-block mt-4\">\n<li><strong>Autorius:<\/strong>\u00a0Andrius U\u017ekalnis<\/li>\n<li><strong>Leid\u0117jas:<\/strong>\u00a0Baltos lankos<\/li>\n<li><strong>Metai:<\/strong>\u00a02010<\/li>\n<li><strong>Puslapiai:<\/strong>\u00a0232<\/li>\n<li class=\"toggleable type-new-formats \"><strong>ISBN:<\/strong>\u00a09789955234142<\/li>\n<li><strong>Versijos kodas:<\/strong>\u00a0PT.<\/li>\n<li class=\"toggleable type-new-formats \"><strong>Formatas:<\/strong>\u00a014,5 x 21,5 cm, mink\u0161ti vir\u0161eliai<\/li>\n<li><strong>Kalba:<\/strong>\u00a0Lietuvi\u0173<\/li>\n<\/ul>\n","protected":false},"excerpt":{"rendered":"<p>Dviej\u0173 bestseleri\u0173 (\u201eAnglija: apie tuos \u017emones ir j\u0173 \u0161al\u012f\u201c, 2009, ir \u201eKelioni\u0173 istorijos\u201c, 2010) autorius, \u017eurnalistas ir keliautojas Andrius U\u017ekalnis t\u0119sia pirmoje knygoje prad\u0117t\u0105 pasakojim\u0105. \u0160\u012f kart\u0105 d\u0117mesio centre ne tik patys anglai, j\u0173 papro\u010diai ir gyvenimo b\u016bdas, bet ir sal\u0105 kaip laikinus ar nuolatinius namus pasirink\u0119 lietuviai. Nuo darbo Anglijoje paie\u0161k\u0173 iki kvailys\u010di\u0173 ir nusikaltim\u0173, nuo skausmingos mi\u0161ri\u0173 santuok\u0173 realyb\u0117s iki ma\u017e\u0173j\u0173 lietuviuk\u0173, u\u017esivilkusi\u0173 angli\u0161kas uniformas ir \u017eygiuojan\u010di\u0173 \u012f svetimos \u0161alies mokyklas. Autorius apie m\u016bs\u0173 tautie\u010di\u0173 prisijaukint\u0105 \u0161al\u012f pasakoja informatyviai ir jautriai, bet nenuslysta \u012f nereikalingus sentimentus ir \u2013 jei reikia \u2013 nevengia be gailes\u010dio \u012fk\u0105sti. \u201ePrijaukintoji Anglija\u201c nekartoja pirmosios knygos, nemina i\u0161vaik\u0161\u010diotu taku, bet tuo pa\u010diu autoriaus \u017evilgsniu \u012fd\u0117miai skrod\u017eia \u0161alies ir jos taisykli\u0173 kertes. Tai lyg dar vienas susitikimas su draugu, su kuriuo pirm\u0105 kart\u0105 nesp\u0117jote iki galo i\u0161si\u0161nek\u0117ti. Autorius:\u00a0Andrius U\u017ekalnis Leid\u0117jas:\u00a0Baltos lankos Metai:\u00a02010 Puslapiai:\u00a0232 ISBN:\u00a09789955234142 Versijos kodas:\u00a0PT. Formatas:\u00a014,5 x 21,5 cm, mink\u0161ti vir\u0161eliai Kalba:\u00a0Lietuvi\u0173<\/p>\n","protected":false},"featured_media":14302,"comment_status":"open","ping_status":"closed","template":"","meta":{"_acf_changed":false,"site-sidebar-layout":"default","site-content-layout":"","ast-site-content-layout":"default","site-content-style":"default","site-sidebar-style":"default","ast-global-header-display":"","ast-banner-title-visibility":"","ast-main-header-display":"","ast-hfb-above-header-display":"","ast-hfb-below-header-display":"","ast-hfb-mobile-header-display":"","site-post-title":"","ast-breadcrumbs-content":"","ast-featured-img":"","footer-sml-layout":"","ast-disable-related-posts":"","theme-transparent-header-meta":"default","adv-header-id-meta":"","stick-header-meta":"","header-above-stick-meta":"","header-main-stick-meta":"","header-below-stick-meta":"","astra-migrate-meta-layouts":"set","ast-page-background-enabled":"default","ast-page-background-meta":{"desktop":{"background-color":"","background-image":"","background-repeat":"repeat","background-position":"center center","background-size":"auto","background-attachment":"scroll","background-type":"","background-media":"","overlay-type":"","overlay-color":"","overlay-opacity":"","overlay-gradient":""},"tablet":{"background-color":"","background-image":"","background-repeat":"repeat","background-position":"center center","background-size":"auto","background-attachment":"scroll","background-type":"","background-media":"","overlay-type":"","overlay-color":"","overlay-opacity":"","overlay-gradient":""},"mobile":{"background-color":"","background-image":"","background-repeat":"repeat","background-position":"center center","background-size":"auto","background-attachment":"scroll","background-type":"","background-media":"","overlay-type":"","overlay-color":"","overlay-opacity":"","overlay-gradient":""}},"ast-content-background-meta":{"desktop":{"background-color":"var(--ast-global-color-4)","background-image":"","background-repeat":"repeat","background-position":"center center","background-size":"auto","background-attachment":"scroll","background-type":"","background-media":"","overlay-type":"","overlay-color":"","overlay-opacity":"","overlay-gradient":""},"tablet":{"background-color":"var(--ast-global-color-4)","background-image":"","background-repeat":"repeat","background-position":"center center","background-size":"auto","background-attachment":"scroll","background-type":"","background-media":"","overlay-type":"","overlay-color":"","overlay-opacity":"","overlay-gradient":""},"mobile":{"background-color":"var(--ast-global-color-4)","background-image":"","background-repeat":"repeat","background-position":"center center","background-size":"auto","background-attachment":"scroll","background-type":"","background-media":"","overlay-type":"","overlay-color":"","overlay-opacity":"","overlay-gradient":""}}},"product_brand":[],"product_cat":[15],"product_tag":[],"class_list":{"0":"post-14293","1":"product","2":"type-product","3":"status-publish","4":"has-post-thumbnail","6":"product_cat-uncategorized","7":"desktop-align-left","8":"tablet-align-left","9":"mobile-align-left","11":"first","12":"instock","13":"shipping-taxable","14":"purchasable","15":"product-type-simple"},"acf":[],"yoast_head":"<!-- This site is optimized with the Yoast SEO plugin v27.0 - https:\/\/yoast.com\/product\/yoast-seo-wordpress\/ -->\n<title>Prijaukintoji Anglija<\/title>\n<meta name=\"description\" content=\"Dviej\u0173 bestseleri\u0173 (\u201eAnglija: apie tuos \u017emones ir j\u0173 \u0161al\u012f\u201c, 2009, ir \u201eKelioni\u0173 istorijos\u201c, 2010) autorius, \u017eurnalistas ir keliautojas Andrius U\u017ekalnis\" \/>\n<meta name=\"robots\" content=\"index, follow, max-snippet:-1, max-image-preview:large, max-video-preview:-1\" \/>\n<link rel=\"canonical\" href=\"https:\/\/skaitytaknyga.lt\/en\/produktas\/prijaukintoji-anglija\/\" \/>\n<meta property=\"og:locale\" content=\"en_GB\" \/>\n<meta property=\"og:locale:alternate\" content=\"lt_LT\" \/>\n<meta property=\"og:type\" content=\"article\" \/>\n<meta property=\"og:title\" content=\"Prijaukintoji Anglija\" \/>\n<meta property=\"og:description\" content=\"Dviej\u0173 bestseleri\u0173 (\u201eAnglija: apie tuos \u017emones ir j\u0173 \u0161al\u012f\u201c, 2009, ir \u201eKelioni\u0173 istorijos\u201c, 2010) autorius, \u017eurnalistas ir keliautojas Andrius U\u017ekalnis\" \/>\n<meta property=\"og:url\" content=\"https:\/\/skaitytaknyga.lt\/en\/produktas\/prijaukintoji-anglija\/\" \/>\n<meta property=\"og:site_name\" content=\"Skaitytaknyga\" \/>\n<meta property=\"article:publisher\" content=\"https:\/\/www.facebook.com\/skaitytaknyga\/\" \/>\n<meta property=\"article:modified_time\" content=\"2024-10-18T08:42:23+00:00\" \/>\n<meta property=\"og:image\" content=\"https:\/\/skaitytaknyga.lt\/wp-content\/uploads\/2024\/10\/Prijaukintoji-Anglija.webp\" \/>\n\t<meta property=\"og:image:width\" content=\"399\" \/>\n\t<meta property=\"og:image:height\" content=\"598\" \/>\n\t<meta property=\"og:image:type\" content=\"image\/webp\" \/>\n<meta name=\"twitter:card\" content=\"summary_large_image\" \/>\n<meta name=\"twitter:label1\" content=\"Estimated reading time\" \/>\n\t<meta name=\"twitter:data1\" content=\"1 minute\" \/>\n<script type=\"application\/ld+json\" class=\"yoast-schema-graph\">{\"@context\":\"https:\/\/schema.org\",\"@graph\":[{\"@type\":\"WebPage\",\"@id\":\"https:\/\/skaitytaknyga.lt\/produktas\/prijaukintoji-anglija\/\",\"url\":\"https:\/\/skaitytaknyga.lt\/produktas\/prijaukintoji-anglija\/\",\"name\":\"Prijaukintoji Anglija\",\"isPartOf\":{\"@id\":\"https:\/\/skaitytaknyga.lt\/#website\"},\"primaryImageOfPage\":{\"@id\":\"https:\/\/skaitytaknyga.lt\/produktas\/prijaukintoji-anglija\/#primaryimage\"},\"image\":{\"@id\":\"https:\/\/skaitytaknyga.lt\/produktas\/prijaukintoji-anglija\/#primaryimage\"},\"thumbnailUrl\":\"https:\/\/skaitytaknyga.lt\/wp-content\/uploads\/2024\/10\/Prijaukintoji-Anglija.webp\",\"datePublished\":\"2024-10-18T08:15:24+00:00\",\"dateModified\":\"2024-10-18T08:42:23+00:00\",\"description\":\"Dviej\u0173 bestseleri\u0173 (\u201eAnglija: apie tuos \u017emones ir j\u0173 \u0161al\u012f\u201c, 2009, ir \u201eKelioni\u0173 istorijos\u201c, 2010) autorius, \u017eurnalistas ir keliautojas Andrius U\u017ekalnis\",\"breadcrumb\":{\"@id\":\"https:\/\/skaitytaknyga.lt\/produktas\/prijaukintoji-anglija\/#breadcrumb\"},\"inLanguage\":\"en-GB\",\"potentialAction\":[{\"@type\":\"ReadAction\",\"target\":[\"https:\/\/skaitytaknyga.lt\/produktas\/prijaukintoji-anglija\/\"]}]},{\"@type\":\"ImageObject\",\"inLanguage\":\"en-GB\",\"@id\":\"https:\/\/skaitytaknyga.lt\/produktas\/prijaukintoji-anglija\/#primaryimage\",\"url\":\"https:\/\/skaitytaknyga.lt\/wp-content\/uploads\/2024\/10\/Prijaukintoji-Anglija.webp\",\"contentUrl\":\"https:\/\/skaitytaknyga.lt\/wp-content\/uploads\/2024\/10\/Prijaukintoji-Anglija.webp\",\"width\":399,\"height\":598,\"caption\":\"Prijaukintoji Anglija\"},{\"@type\":\"BreadcrumbList\",\"@id\":\"https:\/\/skaitytaknyga.lt\/produktas\/prijaukintoji-anglija\/#breadcrumb\",\"itemListElement\":[{\"@type\":\"ListItem\",\"position\":1,\"name\":\"Home\",\"item\":\"https:\/\/skaitytaknyga.lt\/\"},{\"@type\":\"ListItem\",\"position\":2,\"name\":\"Parduotuv\u0117\",\"item\":\"https:\/\/skaitytaknyga.lt\/knygu-parduotuve\/\"},{\"@type\":\"ListItem\",\"position\":3,\"name\":\"Prijaukintoji Anglija\"}]},{\"@type\":\"WebSite\",\"@id\":\"https:\/\/skaitytaknyga.lt\/#website\",\"url\":\"https:\/\/skaitytaknyga.lt\/\",\"name\":\"skaitytaknyga.lt\",\"description\":\"Skaitytaknyga.lt \u2013 tai ma\u017eas \u0161eimos verslas, kuris prasid\u0117jo nuo meil\u0117s knygoms ir siekio i\u0161gelb\u0117ti knygas nuo likimo prie konteinerio. Kas vienam nereikalingas daiktas \u2013 kitam lobis, o mes esame tarpininkai, kurie padeda abiems tapti laimingesniems ???? \u017dinome kaip nelengva i\u0161gyventi ma\u017eiems verslams, tad nuo \u0161iol, \u010dia rasite ir kit\u0173, ma\u017e\u0173 \u0161eim\u0173 versl\u0173, rank\u0173 darbo, dovan\u0173 sau ir artimiesiems.\",\"publisher\":{\"@id\":\"https:\/\/skaitytaknyga.lt\/#organization\"},\"potentialAction\":[{\"@type\":\"SearchAction\",\"target\":{\"@type\":\"EntryPoint\",\"urlTemplate\":\"https:\/\/skaitytaknyga.lt\/?s={search_term_string}\"},\"query-input\":{\"@type\":\"PropertyValueSpecification\",\"valueRequired\":true,\"valueName\":\"search_term_string\"}}],\"inLanguage\":\"en-GB\"},{\"@type\":\"Organization\",\"@id\":\"https:\/\/skaitytaknyga.lt\/#organization\",\"name\":\"skaitytaknyga.lt\",\"url\":\"https:\/\/skaitytaknyga.lt\/\",\"logo\":{\"@type\":\"ImageObject\",\"inLanguage\":\"en-GB\",\"@id\":\"https:\/\/skaitytaknyga.lt\/#\/schema\/logo\/image\/\",\"url\":\"https:\/\/skaitytaknyga.lt\/wp-content\/uploads\/2024\/05\/cropped-cropped-cropped-02_00843_jt3bggkj1j3HLc7SyY6rEUpg.jpeg\",\"contentUrl\":\"https:\/\/skaitytaknyga.lt\/wp-content\/uploads\/2024\/05\/cropped-cropped-cropped-02_00843_jt3bggkj1j3HLc7SyY6rEUpg.jpeg\",\"width\":1600,\"height\":1600,\"caption\":\"skaitytaknyga.lt\"},\"image\":{\"@id\":\"https:\/\/skaitytaknyga.lt\/#\/schema\/logo\/image\/\"},\"sameAs\":[\"https:\/\/www.facebook.com\/skaitytaknyga\/\"]}]}<\/script>\n<!-- \/ Yoast SEO plugin. -->","yoast_head_json":{"title":"Prijaukintoji Anglija","description":"Dviej\u0173 bestseleri\u0173 (\u201eAnglija: apie tuos \u017emones ir j\u0173 \u0161al\u012f\u201c, 2009, ir \u201eKelioni\u0173 istorijos\u201c, 2010) autorius, \u017eurnalistas ir keliautojas Andrius U\u017ekalnis","robots":{"index":"index","follow":"follow","max-snippet":"max-snippet:-1","max-image-preview":"max-image-preview:large","max-video-preview":"max-video-preview:-1"},"canonical":"https:\/\/skaitytaknyga.lt\/en\/produktas\/prijaukintoji-anglija\/","og_locale":"en_GB","og_type":"article","og_title":"[:lt]Prijaukintoji Anglija[:] - Skaitytaknyga","og_description":"Dviej\u0173 bestseleri\u0173 (\u201eAnglija: apie tuos \u017emones ir j\u0173 \u0161al\u012f\u201c, 2009, ir \u201eKelioni\u0173 istorijos\u201c, 2010) autorius, \u017eurnalistas ir keliautojas Andrius U\u017ekalnis","og_url":"https:\/\/skaitytaknyga.lt\/en\/produktas\/prijaukintoji-anglija\/","og_site_name":"Skaitytaknyga","article_publisher":"https:\/\/www.facebook.com\/skaitytaknyga\/","article_modified_time":"2024-10-18T08:42:23+00:00","og_image":[{"width":399,"height":598,"url":"https:\/\/skaitytaknyga.lt\/wp-content\/uploads\/2024\/10\/Prijaukintoji-Anglija.webp","type":"image\/webp"}],"twitter_card":"summary_large_image","twitter_misc":{"Estimated reading time":"1 minute"},"schema":{"@context":"https:\/\/schema.org","@graph":[{"@type":"WebPage","@id":"https:\/\/skaitytaknyga.lt\/produktas\/prijaukintoji-anglija\/","url":"https:\/\/skaitytaknyga.lt\/produktas\/prijaukintoji-anglija\/","name":"Prijaukintoji Anglija","isPartOf":{"@id":"https:\/\/skaitytaknyga.lt\/#website"},"primaryImageOfPage":{"@id":"https:\/\/skaitytaknyga.lt\/produktas\/prijaukintoji-anglija\/#primaryimage"},"image":{"@id":"https:\/\/skaitytaknyga.lt\/produktas\/prijaukintoji-anglija\/#primaryimage"},"thumbnailUrl":"https:\/\/skaitytaknyga.lt\/wp-content\/uploads\/2024\/10\/Prijaukintoji-Anglija.webp","datePublished":"2024-10-18T08:15:24+00:00","dateModified":"2024-10-18T08:42:23+00:00","description":"Dviej\u0173 bestseleri\u0173 (\u201eAnglija: apie tuos \u017emones ir j\u0173 \u0161al\u012f\u201c, 2009, ir \u201eKelioni\u0173 istorijos\u201c, 2010) autorius, \u017eurnalistas ir keliautojas Andrius U\u017ekalnis","breadcrumb":{"@id":"https:\/\/skaitytaknyga.lt\/produktas\/prijaukintoji-anglija\/#breadcrumb"},"inLanguage":"en-GB","potentialAction":[{"@type":"ReadAction","target":["https:\/\/skaitytaknyga.lt\/produktas\/prijaukintoji-anglija\/"]}]},{"@type":"ImageObject","inLanguage":"en-GB","@id":"https:\/\/skaitytaknyga.lt\/produktas\/prijaukintoji-anglija\/#primaryimage","url":"https:\/\/skaitytaknyga.lt\/wp-content\/uploads\/2024\/10\/Prijaukintoji-Anglija.webp","contentUrl":"https:\/\/skaitytaknyga.lt\/wp-content\/uploads\/2024\/10\/Prijaukintoji-Anglija.webp","width":399,"height":598,"caption":"Prijaukintoji Anglija"},{"@type":"BreadcrumbList","@id":"https:\/\/skaitytaknyga.lt\/produktas\/prijaukintoji-anglija\/#breadcrumb","itemListElement":[{"@type":"ListItem","position":1,"name":"Home","item":"https:\/\/skaitytaknyga.lt\/"},{"@type":"ListItem","position":2,"name":"Parduotuv\u0117","item":"https:\/\/skaitytaknyga.lt\/knygu-parduotuve\/"},{"@type":"ListItem","position":3,"name":"Prijaukintoji Anglija"}]},{"@type":"WebSite","@id":"https:\/\/skaitytaknyga.lt\/#website","url":"https:\/\/skaitytaknyga.lt\/","name":"skaitytaknyga.lt","description":"Skaitytaknyga.lt \u2013 tai ma\u017eas \u0161eimos verslas, kuris prasid\u0117jo nuo meil\u0117s knygoms ir siekio i\u0161gelb\u0117ti knygas nuo likimo prie konteinerio. Kas vienam nereikalingas daiktas \u2013 kitam lobis, o mes esame tarpininkai, kurie padeda abiems tapti laimingesniems ???? \u017dinome kaip nelengva i\u0161gyventi ma\u017eiems verslams, tad nuo \u0161iol, \u010dia rasite ir kit\u0173, ma\u017e\u0173 \u0161eim\u0173 versl\u0173, rank\u0173 darbo, dovan\u0173 sau ir artimiesiems.","publisher":{"@id":"https:\/\/skaitytaknyga.lt\/#organization"},"potentialAction":[{"@type":"SearchAction","target":{"@type":"EntryPoint","urlTemplate":"https:\/\/skaitytaknyga.lt\/?s={search_term_string}"},"query-input":{"@type":"PropertyValueSpecification","valueRequired":true,"valueName":"search_term_string"}}],"inLanguage":"en-GB"},{"@type":"Organization","@id":"https:\/\/skaitytaknyga.lt\/#organization","name":"skaitytaknyga.lt","url":"https:\/\/skaitytaknyga.lt\/","logo":{"@type":"ImageObject","inLanguage":"en-GB","@id":"https:\/\/skaitytaknyga.lt\/#\/schema\/logo\/image\/","url":"https:\/\/skaitytaknyga.lt\/wp-content\/uploads\/2024\/05\/cropped-cropped-cropped-02_00843_jt3bggkj1j3HLc7SyY6rEUpg.jpeg","contentUrl":"https:\/\/skaitytaknyga.lt\/wp-content\/uploads\/2024\/05\/cropped-cropped-cropped-02_00843_jt3bggkj1j3HLc7SyY6rEUpg.jpeg","width":1600,"height":1600,"caption":"skaitytaknyga.lt"},"image":{"@id":"https:\/\/skaitytaknyga.lt\/#\/schema\/logo\/image\/"},"sameAs":["https:\/\/www.facebook.com\/skaitytaknyga\/"]}]}},"_links":{"self":[{"href":"https:\/\/skaitytaknyga.lt\/en\/wp-json\/wp\/v2\/product\/14293","targetHints":{"allow":["GET"]}}],"collection":[{"href":"https:\/\/skaitytaknyga.lt\/en\/wp-json\/wp\/v2\/product"}],"about":[{"href":"https:\/\/skaitytaknyga.lt\/en\/wp-json\/wp\/v2\/types\/product"}],"replies":[{"embeddable":true,"href":"https:\/\/skaitytaknyga.lt\/en\/wp-json\/wp\/v2\/comments?post=14293"}],"wp:featuredmedia":[{"embeddable":true,"href":"https:\/\/skaitytaknyga.lt\/en\/wp-json\/wp\/v2\/media\/14302"}],"wp:attachment":[{"href":"https:\/\/skaitytaknyga.lt\/en\/wp-json\/wp\/v2\/media?parent=14293"}],"wp:term":[{"taxonomy":"product_brand","embeddable":true,"href":"https:\/\/skaitytaknyga.lt\/en\/wp-json\/wp\/v2\/product_brand?post=14293"},{"taxonomy":"product_cat","embeddable":true,"href":"https:\/\/skaitytaknyga.lt\/en\/wp-json\/wp\/v2\/product_cat?post=14293"},{"taxonomy":"product_tag","embeddable":true,"href":"https:\/\/skaitytaknyga.lt\/en\/wp-json\/wp\/v2\/product_tag?post=14293"}],"curies":[{"name":"wp","href":"https:\/\/api.w.org\/{rel}","templated":true}]}}