{"id":14292,"date":"2024-10-18T11:15:24","date_gmt":"2024-10-18T08:15:24","guid":{"rendered":"https:\/\/skaitytaknyga.lt\/?post_type=product&#038;p=14292"},"modified":"2024-10-18T11:41:01","modified_gmt":"2024-10-18T08:41:01","slug":"anglija-apie-tuos-zmones-ir-ju-sali","status":"publish","type":"product","link":"https:\/\/skaitytaknyga.lt\/en\/produktas\/anglija-apie-tuos-zmones-ir-ju-sali\/","title":{"rendered":"Anglija: Apie tuos \u017emones ir j\u0173 \u0161al\u012f"},"content":{"rendered":"<p>Kod\u0117l anglai nem\u0117gsta kviestis sve\u010di\u0173 \u012f namus ir \u017eavisi visokia bjaurastimi? Apie k\u0105 jie svajoja vis\u0105 gyvenim\u0105 ir kokia yra svarbiausia angli\u0161ko aukl\u0117jimo misija? Kod\u0117l d\u017einas geriamas su toniku, o guvus protas laikomas beveik beprasme akrobatika? Kod\u0117l sodininkyst\u0117 ma\u017eut\u0117liame namo sklypelyje arba laiv\u0173 modeli\u0173 k\u016brimas i\u0161 degtuk\u0173 anglui daug svarbiau u\u017e rim\u010diausi\u0105 darb\u0105? Galiausiai, kod\u0117l anglai taip myli savo \u0161al\u012f ir kuo Anglijoje i\u0161 tikr\u0173j\u0173 verta pasim\u0117gauti?<\/p>\n<ul class=\"about-product d-none d-xl-block mt-4\">\n<li><strong>Autorius:<\/strong>\u00a0Andrius U\u017ekalnis<\/li>\n<li><strong>Leid\u0117jas:<\/strong>\u00a0Baltos lankos<\/li>\n<li><strong>Metai:<\/strong>\u00a02009<\/li>\n<li><strong>Puslapiai:<\/strong>\u00a0248<\/li>\n<li class=\"toggleable type-new-formats \"><strong>ISBN:<\/strong>\u00a09789955233169<\/li>\n<li><strong>Versijos kodas:<\/strong>\u00a0PT.<\/li>\n<li class=\"toggleable type-new-formats \"><strong>Formatas:<\/strong>\u00a015 x 21 cm, mink\u0161ti vir\u0161eliai<\/li>\n<li><strong>Kalba:<\/strong>\u00a0Lietuvi\u0173<\/li>\n<\/ul>\n","protected":false},"excerpt":{"rendered":"<p>Kod\u0117l anglai nem\u0117gsta kviestis sve\u010di\u0173 \u012f namus ir \u017eavisi visokia bjaurastimi? Apie k\u0105 jie svajoja vis\u0105 gyvenim\u0105 ir kokia yra svarbiausia angli\u0161ko aukl\u0117jimo misija? Kod\u0117l d\u017einas geriamas su toniku, o guvus protas laikomas beveik beprasme akrobatika? Kod\u0117l sodininkyst\u0117 ma\u017eut\u0117liame namo sklypelyje arba laiv\u0173 modeli\u0173 k\u016brimas i\u0161 degtuk\u0173 anglui daug svarbiau u\u017e rim\u010diausi\u0105 darb\u0105? Galiausiai, kod\u0117l anglai taip myli savo \u0161al\u012f ir kuo Anglijoje i\u0161 tikr\u0173j\u0173 verta pasim\u0117gauti? Autorius:\u00a0Andrius U\u017ekalnis Leid\u0117jas:\u00a0Baltos lankos Metai:\u00a02009 Puslapiai:\u00a0248 ISBN:\u00a09789955233169 Versijos kodas:\u00a0PT. Formatas:\u00a015 x 21 cm, mink\u0161ti vir\u0161eliai Kalba:\u00a0Lietuvi\u0173<\/p>\n","protected":false},"featured_media":14303,"comment_status":"open","ping_status":"closed","template":"","meta":{"_acf_changed":false,"site-sidebar-layout":"default","site-content-layout":"","ast-site-content-layout":"default","site-content-style":"default","site-sidebar-style":"default","ast-global-header-display":"","ast-banner-title-visibility":"","ast-main-header-display":"","ast-hfb-above-header-display":"","ast-hfb-below-header-display":"","ast-hfb-mobile-header-display":"","site-post-title":"","ast-breadcrumbs-content":"","ast-featured-img":"","footer-sml-layout":"","ast-disable-related-posts":"","theme-transparent-header-meta":"default","adv-header-id-meta":"","stick-header-meta":"","header-above-stick-meta":"","header-main-stick-meta":"","header-below-stick-meta":"","astra-migrate-meta-layouts":"set","ast-page-background-enabled":"default","ast-page-background-meta":{"desktop":{"background-color":"","background-image":"","background-repeat":"repeat","background-position":"center center","background-size":"auto","background-attachment":"scroll","background-type":"","background-media":"","overlay-type":"","overlay-color":"","overlay-opacity":"","overlay-gradient":""},"tablet":{"background-color":"","background-image":"","background-repeat":"repeat","background-position":"center center","background-size":"auto","background-attachment":"scroll","background-type":"","background-media":"","overlay-type":"","overlay-color":"","overlay-opacity":"","overlay-gradient":""},"mobile":{"background-color":"","background-image":"","background-repeat":"repeat","background-position":"center center","background-size":"auto","background-attachment":"scroll","background-type":"","background-media":"","overlay-type":"","overlay-color":"","overlay-opacity":"","overlay-gradient":""}},"ast-content-background-meta":{"desktop":{"background-color":"var(--ast-global-color-4)","background-image":"","background-repeat":"repeat","background-position":"center center","background-size":"auto","background-attachment":"scroll","background-type":"","background-media":"","overlay-type":"","overlay-color":"","overlay-opacity":"","overlay-gradient":""},"tablet":{"background-color":"var(--ast-global-color-4)","background-image":"","background-repeat":"repeat","background-position":"center center","background-size":"auto","background-attachment":"scroll","background-type":"","background-media":"","overlay-type":"","overlay-color":"","overlay-opacity":"","overlay-gradient":""},"mobile":{"background-color":"var(--ast-global-color-4)","background-image":"","background-repeat":"repeat","background-position":"center center","background-size":"auto","background-attachment":"scroll","background-type":"","background-media":"","overlay-type":"","overlay-color":"","overlay-opacity":"","overlay-gradient":""}}},"product_brand":[],"product_cat":[15],"product_tag":[],"class_list":{"0":"post-14292","1":"product","2":"type-product","3":"status-publish","4":"has-post-thumbnail","6":"product_cat-uncategorized","7":"desktop-align-left","8":"tablet-align-left","9":"mobile-align-left","11":"first","12":"instock","13":"shipping-taxable","14":"purchasable","15":"product-type-simple"},"acf":[],"yoast_head":"<!-- This site is optimized with the Yoast SEO plugin v27.0 - https:\/\/yoast.com\/product\/yoast-seo-wordpress\/ -->\n<title>Anglija: Apie tuos \u017emones ir j\u0173 \u0161al\u012f<\/title>\n<meta name=\"description\" content=\"Kod\u0117l anglai nem\u0117gsta kviestis sve\u010di\u0173 \u012f namus ir \u017eavisi visokia bjaurastimi? Apie k\u0105 jie svajoja vis\u0105 gyvenim\u0105 ir kokia yra svarbiausia angli\u0161ko aukl\u0117jimo\" \/>\n<meta name=\"robots\" content=\"index, follow, max-snippet:-1, max-image-preview:large, max-video-preview:-1\" \/>\n<link rel=\"canonical\" href=\"https:\/\/skaitytaknyga.lt\/en\/produktas\/anglija-apie-tuos-zmones-ir-ju-sali\/\" \/>\n<meta property=\"og:locale\" content=\"en_GB\" \/>\n<meta property=\"og:locale:alternate\" content=\"lt_LT\" \/>\n<meta property=\"og:type\" content=\"article\" \/>\n<meta property=\"og:title\" content=\"Anglija: Apie tuos \u017emones ir j\u0173 \u0161al\u012f\" \/>\n<meta property=\"og:description\" content=\"Kod\u0117l anglai nem\u0117gsta kviestis sve\u010di\u0173 \u012f namus ir \u017eavisi visokia bjaurastimi? Apie k\u0105 jie svajoja vis\u0105 gyvenim\u0105 ir kokia yra svarbiausia angli\u0161ko aukl\u0117jimo\" \/>\n<meta property=\"og:url\" content=\"https:\/\/skaitytaknyga.lt\/en\/produktas\/anglija-apie-tuos-zmones-ir-ju-sali\/\" \/>\n<meta property=\"og:site_name\" content=\"Skaitytaknyga\" \/>\n<meta property=\"article:publisher\" content=\"https:\/\/www.facebook.com\/skaitytaknyga\/\" \/>\n<meta property=\"article:modified_time\" content=\"2024-10-18T08:41:01+00:00\" \/>\n<meta property=\"og:image\" content=\"https:\/\/skaitytaknyga.lt\/wp-content\/uploads\/2024\/10\/Anglija.-Apie-tuos-zmones-ir-ju-sali.webp\" \/>\n\t<meta property=\"og:image:width\" content=\"409\" \/>\n\t<meta property=\"og:image:height\" content=\"600\" \/>\n\t<meta property=\"og:image:type\" content=\"image\/webp\" \/>\n<meta name=\"twitter:card\" content=\"summary_large_image\" \/>\n<meta name=\"twitter:label1\" content=\"Estimated reading time\" \/>\n\t<meta name=\"twitter:data1\" content=\"1 minute\" \/>\n<script type=\"application\/ld+json\" class=\"yoast-schema-graph\">{\"@context\":\"https:\/\/schema.org\",\"@graph\":[{\"@type\":\"WebPage\",\"@id\":\"https:\/\/skaitytaknyga.lt\/produktas\/anglija-apie-tuos-zmones-ir-ju-sali\/\",\"url\":\"https:\/\/skaitytaknyga.lt\/produktas\/anglija-apie-tuos-zmones-ir-ju-sali\/\",\"name\":\"Anglija: Apie tuos \u017emones ir j\u0173 \u0161al\u012f\",\"isPartOf\":{\"@id\":\"https:\/\/skaitytaknyga.lt\/#website\"},\"primaryImageOfPage\":{\"@id\":\"https:\/\/skaitytaknyga.lt\/produktas\/anglija-apie-tuos-zmones-ir-ju-sali\/#primaryimage\"},\"image\":{\"@id\":\"https:\/\/skaitytaknyga.lt\/produktas\/anglija-apie-tuos-zmones-ir-ju-sali\/#primaryimage\"},\"thumbnailUrl\":\"https:\/\/skaitytaknyga.lt\/wp-content\/uploads\/2024\/10\/Anglija.-Apie-tuos-zmones-ir-ju-sali.webp\",\"datePublished\":\"2024-10-18T08:15:24+00:00\",\"dateModified\":\"2024-10-18T08:41:01+00:00\",\"description\":\"Kod\u0117l anglai nem\u0117gsta kviestis sve\u010di\u0173 \u012f namus ir \u017eavisi visokia bjaurastimi? Apie k\u0105 jie svajoja vis\u0105 gyvenim\u0105 ir kokia yra svarbiausia angli\u0161ko aukl\u0117jimo\",\"breadcrumb\":{\"@id\":\"https:\/\/skaitytaknyga.lt\/produktas\/anglija-apie-tuos-zmones-ir-ju-sali\/#breadcrumb\"},\"inLanguage\":\"en-GB\",\"potentialAction\":[{\"@type\":\"ReadAction\",\"target\":[\"https:\/\/skaitytaknyga.lt\/produktas\/anglija-apie-tuos-zmones-ir-ju-sali\/\"]}]},{\"@type\":\"ImageObject\",\"inLanguage\":\"en-GB\",\"@id\":\"https:\/\/skaitytaknyga.lt\/produktas\/anglija-apie-tuos-zmones-ir-ju-sali\/#primaryimage\",\"url\":\"https:\/\/skaitytaknyga.lt\/wp-content\/uploads\/2024\/10\/Anglija.-Apie-tuos-zmones-ir-ju-sali.webp\",\"contentUrl\":\"https:\/\/skaitytaknyga.lt\/wp-content\/uploads\/2024\/10\/Anglija.-Apie-tuos-zmones-ir-ju-sali.webp\",\"width\":409,\"height\":600,\"caption\":\"Anglija: Apie tuos \u017emones ir j\u0173 \u0161al\u012f\"},{\"@type\":\"BreadcrumbList\",\"@id\":\"https:\/\/skaitytaknyga.lt\/produktas\/anglija-apie-tuos-zmones-ir-ju-sali\/#breadcrumb\",\"itemListElement\":[{\"@type\":\"ListItem\",\"position\":1,\"name\":\"Home\",\"item\":\"https:\/\/skaitytaknyga.lt\/\"},{\"@type\":\"ListItem\",\"position\":2,\"name\":\"Parduotuv\u0117\",\"item\":\"https:\/\/skaitytaknyga.lt\/knygu-parduotuve\/\"},{\"@type\":\"ListItem\",\"position\":3,\"name\":\"Anglija: Apie tuos \u017emones ir j\u0173 \u0161al\u012f\"}]},{\"@type\":\"WebSite\",\"@id\":\"https:\/\/skaitytaknyga.lt\/#website\",\"url\":\"https:\/\/skaitytaknyga.lt\/\",\"name\":\"skaitytaknyga.lt\",\"description\":\"Skaitytaknyga.lt \u2013 tai ma\u017eas \u0161eimos verslas, kuris prasid\u0117jo nuo meil\u0117s knygoms ir siekio i\u0161gelb\u0117ti knygas nuo likimo prie konteinerio. Kas vienam nereikalingas daiktas \u2013 kitam lobis, o mes esame tarpininkai, kurie padeda abiems tapti laimingesniems ???? \u017dinome kaip nelengva i\u0161gyventi ma\u017eiems verslams, tad nuo \u0161iol, \u010dia rasite ir kit\u0173, ma\u017e\u0173 \u0161eim\u0173 versl\u0173, rank\u0173 darbo, dovan\u0173 sau ir artimiesiems.\",\"publisher\":{\"@id\":\"https:\/\/skaitytaknyga.lt\/#organization\"},\"potentialAction\":[{\"@type\":\"SearchAction\",\"target\":{\"@type\":\"EntryPoint\",\"urlTemplate\":\"https:\/\/skaitytaknyga.lt\/?s={search_term_string}\"},\"query-input\":{\"@type\":\"PropertyValueSpecification\",\"valueRequired\":true,\"valueName\":\"search_term_string\"}}],\"inLanguage\":\"en-GB\"},{\"@type\":\"Organization\",\"@id\":\"https:\/\/skaitytaknyga.lt\/#organization\",\"name\":\"skaitytaknyga.lt\",\"url\":\"https:\/\/skaitytaknyga.lt\/\",\"logo\":{\"@type\":\"ImageObject\",\"inLanguage\":\"en-GB\",\"@id\":\"https:\/\/skaitytaknyga.lt\/#\/schema\/logo\/image\/\",\"url\":\"https:\/\/skaitytaknyga.lt\/wp-content\/uploads\/2024\/05\/cropped-cropped-cropped-02_00843_jt3bggkj1j3HLc7SyY6rEUpg.jpeg\",\"contentUrl\":\"https:\/\/skaitytaknyga.lt\/wp-content\/uploads\/2024\/05\/cropped-cropped-cropped-02_00843_jt3bggkj1j3HLc7SyY6rEUpg.jpeg\",\"width\":1600,\"height\":1600,\"caption\":\"skaitytaknyga.lt\"},\"image\":{\"@id\":\"https:\/\/skaitytaknyga.lt\/#\/schema\/logo\/image\/\"},\"sameAs\":[\"https:\/\/www.facebook.com\/skaitytaknyga\/\"]}]}<\/script>\n<!-- \/ Yoast SEO plugin. -->","yoast_head_json":{"title":"Anglija: Apie tuos \u017emones ir j\u0173 \u0161al\u012f","description":"Kod\u0117l anglai nem\u0117gsta kviestis sve\u010di\u0173 \u012f namus ir \u017eavisi visokia bjaurastimi? Apie k\u0105 jie svajoja vis\u0105 gyvenim\u0105 ir kokia yra svarbiausia angli\u0161ko aukl\u0117jimo","robots":{"index":"index","follow":"follow","max-snippet":"max-snippet:-1","max-image-preview":"max-image-preview:large","max-video-preview":"max-video-preview:-1"},"canonical":"https:\/\/skaitytaknyga.lt\/en\/produktas\/anglija-apie-tuos-zmones-ir-ju-sali\/","og_locale":"en_GB","og_type":"article","og_title":"[:lt]Anglija: Apie tuos \u017emones ir j\u0173 \u0161al\u012f[:] - Skaitytaknyga","og_description":"Kod\u0117l anglai nem\u0117gsta kviestis sve\u010di\u0173 \u012f namus ir \u017eavisi visokia bjaurastimi? Apie k\u0105 jie svajoja vis\u0105 gyvenim\u0105 ir kokia yra svarbiausia angli\u0161ko aukl\u0117jimo","og_url":"https:\/\/skaitytaknyga.lt\/en\/produktas\/anglija-apie-tuos-zmones-ir-ju-sali\/","og_site_name":"Skaitytaknyga","article_publisher":"https:\/\/www.facebook.com\/skaitytaknyga\/","article_modified_time":"2024-10-18T08:41:01+00:00","og_image":[{"width":409,"height":600,"url":"https:\/\/skaitytaknyga.lt\/wp-content\/uploads\/2024\/10\/Anglija.-Apie-tuos-zmones-ir-ju-sali.webp","type":"image\/webp"}],"twitter_card":"summary_large_image","twitter_misc":{"Estimated reading time":"1 minute"},"schema":{"@context":"https:\/\/schema.org","@graph":[{"@type":"WebPage","@id":"https:\/\/skaitytaknyga.lt\/produktas\/anglija-apie-tuos-zmones-ir-ju-sali\/","url":"https:\/\/skaitytaknyga.lt\/produktas\/anglija-apie-tuos-zmones-ir-ju-sali\/","name":"Anglija: Apie tuos \u017emones ir j\u0173 \u0161al\u012f","isPartOf":{"@id":"https:\/\/skaitytaknyga.lt\/#website"},"primaryImageOfPage":{"@id":"https:\/\/skaitytaknyga.lt\/produktas\/anglija-apie-tuos-zmones-ir-ju-sali\/#primaryimage"},"image":{"@id":"https:\/\/skaitytaknyga.lt\/produktas\/anglija-apie-tuos-zmones-ir-ju-sali\/#primaryimage"},"thumbnailUrl":"https:\/\/skaitytaknyga.lt\/wp-content\/uploads\/2024\/10\/Anglija.-Apie-tuos-zmones-ir-ju-sali.webp","datePublished":"2024-10-18T08:15:24+00:00","dateModified":"2024-10-18T08:41:01+00:00","description":"Kod\u0117l anglai nem\u0117gsta kviestis sve\u010di\u0173 \u012f namus ir \u017eavisi visokia bjaurastimi? Apie k\u0105 jie svajoja vis\u0105 gyvenim\u0105 ir kokia yra svarbiausia angli\u0161ko aukl\u0117jimo","breadcrumb":{"@id":"https:\/\/skaitytaknyga.lt\/produktas\/anglija-apie-tuos-zmones-ir-ju-sali\/#breadcrumb"},"inLanguage":"en-GB","potentialAction":[{"@type":"ReadAction","target":["https:\/\/skaitytaknyga.lt\/produktas\/anglija-apie-tuos-zmones-ir-ju-sali\/"]}]},{"@type":"ImageObject","inLanguage":"en-GB","@id":"https:\/\/skaitytaknyga.lt\/produktas\/anglija-apie-tuos-zmones-ir-ju-sali\/#primaryimage","url":"https:\/\/skaitytaknyga.lt\/wp-content\/uploads\/2024\/10\/Anglija.-Apie-tuos-zmones-ir-ju-sali.webp","contentUrl":"https:\/\/skaitytaknyga.lt\/wp-content\/uploads\/2024\/10\/Anglija.-Apie-tuos-zmones-ir-ju-sali.webp","width":409,"height":600,"caption":"Anglija: Apie tuos \u017emones ir j\u0173 \u0161al\u012f"},{"@type":"BreadcrumbList","@id":"https:\/\/skaitytaknyga.lt\/produktas\/anglija-apie-tuos-zmones-ir-ju-sali\/#breadcrumb","itemListElement":[{"@type":"ListItem","position":1,"name":"Home","item":"https:\/\/skaitytaknyga.lt\/"},{"@type":"ListItem","position":2,"name":"Parduotuv\u0117","item":"https:\/\/skaitytaknyga.lt\/knygu-parduotuve\/"},{"@type":"ListItem","position":3,"name":"Anglija: Apie tuos \u017emones ir j\u0173 \u0161al\u012f"}]},{"@type":"WebSite","@id":"https:\/\/skaitytaknyga.lt\/#website","url":"https:\/\/skaitytaknyga.lt\/","name":"skaitytaknyga.lt","description":"Skaitytaknyga.lt \u2013 tai ma\u017eas \u0161eimos verslas, kuris prasid\u0117jo nuo meil\u0117s knygoms ir siekio i\u0161gelb\u0117ti knygas nuo likimo prie konteinerio. Kas vienam nereikalingas daiktas \u2013 kitam lobis, o mes esame tarpininkai, kurie padeda abiems tapti laimingesniems ???? \u017dinome kaip nelengva i\u0161gyventi ma\u017eiems verslams, tad nuo \u0161iol, \u010dia rasite ir kit\u0173, ma\u017e\u0173 \u0161eim\u0173 versl\u0173, rank\u0173 darbo, dovan\u0173 sau ir artimiesiems.","publisher":{"@id":"https:\/\/skaitytaknyga.lt\/#organization"},"potentialAction":[{"@type":"SearchAction","target":{"@type":"EntryPoint","urlTemplate":"https:\/\/skaitytaknyga.lt\/?s={search_term_string}"},"query-input":{"@type":"PropertyValueSpecification","valueRequired":true,"valueName":"search_term_string"}}],"inLanguage":"en-GB"},{"@type":"Organization","@id":"https:\/\/skaitytaknyga.lt\/#organization","name":"skaitytaknyga.lt","url":"https:\/\/skaitytaknyga.lt\/","logo":{"@type":"ImageObject","inLanguage":"en-GB","@id":"https:\/\/skaitytaknyga.lt\/#\/schema\/logo\/image\/","url":"https:\/\/skaitytaknyga.lt\/wp-content\/uploads\/2024\/05\/cropped-cropped-cropped-02_00843_jt3bggkj1j3HLc7SyY6rEUpg.jpeg","contentUrl":"https:\/\/skaitytaknyga.lt\/wp-content\/uploads\/2024\/05\/cropped-cropped-cropped-02_00843_jt3bggkj1j3HLc7SyY6rEUpg.jpeg","width":1600,"height":1600,"caption":"skaitytaknyga.lt"},"image":{"@id":"https:\/\/skaitytaknyga.lt\/#\/schema\/logo\/image\/"},"sameAs":["https:\/\/www.facebook.com\/skaitytaknyga\/"]}]}},"_links":{"self":[{"href":"https:\/\/skaitytaknyga.lt\/en\/wp-json\/wp\/v2\/product\/14292","targetHints":{"allow":["GET"]}}],"collection":[{"href":"https:\/\/skaitytaknyga.lt\/en\/wp-json\/wp\/v2\/product"}],"about":[{"href":"https:\/\/skaitytaknyga.lt\/en\/wp-json\/wp\/v2\/types\/product"}],"replies":[{"embeddable":true,"href":"https:\/\/skaitytaknyga.lt\/en\/wp-json\/wp\/v2\/comments?post=14292"}],"wp:featuredmedia":[{"embeddable":true,"href":"https:\/\/skaitytaknyga.lt\/en\/wp-json\/wp\/v2\/media\/14303"}],"wp:attachment":[{"href":"https:\/\/skaitytaknyga.lt\/en\/wp-json\/wp\/v2\/media?parent=14292"}],"wp:term":[{"taxonomy":"product_brand","embeddable":true,"href":"https:\/\/skaitytaknyga.lt\/en\/wp-json\/wp\/v2\/product_brand?post=14292"},{"taxonomy":"product_cat","embeddable":true,"href":"https:\/\/skaitytaknyga.lt\/en\/wp-json\/wp\/v2\/product_cat?post=14292"},{"taxonomy":"product_tag","embeddable":true,"href":"https:\/\/skaitytaknyga.lt\/en\/wp-json\/wp\/v2\/product_tag?post=14292"}],"curies":[{"name":"wp","href":"https:\/\/api.w.org\/{rel}","templated":true}]}}