{"id":14290,"date":"2024-10-18T11:15:24","date_gmt":"2024-10-18T08:15:24","guid":{"rendered":"https:\/\/skaitytaknyga.lt\/?post_type=product&#038;p=14290"},"modified":"2025-07-07T08:50:25","modified_gmt":"2025-07-07T05:50:25","slug":"jusu-laimes-paslaptys","status":"publish","type":"product","link":"https:\/\/skaitytaknyga.lt\/en\/produktas\/jusu-laimes-paslaptys\/","title":{"rendered":"J\u016bs\u0173 laim\u0117s paslaptys"},"content":{"rendered":"<p>&#8220;Laim\u0117- tai b\u016bvis ar jausmas, d\u0117l kurio visi gin\u010dijasi ir niekas nieko tikro ne\u017eino, nors ir sakosi, kad yra laimingi ar nelaimingi. B\u016bsiu laimingas, jei \u0161i knyga pad\u0117s bent vienam \u017emogui suvokti save ir geriau pa\u017einti kitus \u017emones. \u017dinojimas, kaip siekti laim\u0117s- dar ne laim\u0117, bet \u017einoti yra geriau nei ne\u017einoti&#8221;,-\u00a0 taip teigia humanitarini\u0173 moksl\u0173 daktaras, docentas, filosofas, daugelio populiari\u0173 ir mokslini\u0173 knyg\u0173, tame tarpe ir \u0161ios, autorius Saulius Kani\u0161auskas.<\/p>\n<p>Knygoje i\u0161d\u0117stytos mintys pad\u0117s skaitytojams suvokti savo nelaimi\u0173 ir lig\u0173 \u0161altin\u012f bei pamokys, kaip i\u0161 j\u0173 vaduotis&#8230;<\/p>\n<div class=\"clearfix\">\n<div class=\"col1\">ISBN: 9789986855910<\/div>\n<\/div>\n<div class=\"clearfix\">\n<div class=\"col1\">Formatas: 20x14x1.5<\/div>\n<\/div>\n<div class=\"clearfix\">\n<div class=\"col1\">Kalba: Lietuvi\u0173 k.<\/div>\n<\/div>\n<div class=\"clearfix\">\n<div class=\"col1\">Metai: 2005<\/div>\n<\/div>\n<div class=\"clearfix\">\n<div class=\"col1\">Puslapi\u0173 skai\u010dius: 160<\/div>\n<\/div>\n<div class=\"clearfix\">\n<div class=\"col1\">Vir\u0161eliai: Mink\u0161ti vir\u0161eliai<\/div>\n<\/div>\n<div class=\"clearfix\">\n<div class=\"col1\">Autorius: Saulius Kani\u0161auskas<\/div>\n<\/div>\n","protected":false},"excerpt":{"rendered":"<p>&#8220;Laim\u0117- tai b\u016bvis ar jausmas, d\u0117l kurio visi gin\u010dijasi ir niekas nieko tikro ne\u017eino, nors ir sakosi, kad yra laimingi ar nelaimingi. B\u016bsiu laimingas, jei \u0161i knyga pad\u0117s bent vienam \u017emogui suvokti save ir geriau pa\u017einti kitus \u017emones. \u017dinojimas, kaip siekti laim\u0117s- dar ne laim\u0117, bet \u017einoti yra geriau nei ne\u017einoti&#8221;,-\u00a0 taip teigia humanitarini\u0173 moksl\u0173 daktaras, docentas, filosofas, daugelio populiari\u0173 ir mokslini\u0173 knyg\u0173, tame tarpe ir \u0161ios, autorius Saulius Kani\u0161auskas. Knygoje i\u0161d\u0117stytos mintys pad\u0117s skaitytojams suvokti savo nelaimi\u0173 ir lig\u0173 \u0161altin\u012f bei pamokys, kaip i\u0161 j\u0173 vaduotis&#8230; ISBN: 9789986855910 Formatas: 20x14x1.5 Kalba: Lietuvi\u0173 k. Metai: 2005 Puslapi\u0173 skai\u010dius: 160 Vir\u0161eliai: Mink\u0161ti vir\u0161eliai Autorius: Saulius Kani\u0161auskas<\/p>\n","protected":false},"featured_media":14305,"comment_status":"open","ping_status":"closed","template":"","meta":{"_acf_changed":false,"site-sidebar-layout":"default","site-content-layout":"","ast-site-content-layout":"default","site-content-style":"default","site-sidebar-style":"default","ast-global-header-display":"","ast-banner-title-visibility":"","ast-main-header-display":"","ast-hfb-above-header-display":"","ast-hfb-below-header-display":"","ast-hfb-mobile-header-display":"","site-post-title":"","ast-breadcrumbs-content":"","ast-featured-img":"","footer-sml-layout":"","ast-disable-related-posts":"","theme-transparent-header-meta":"default","adv-header-id-meta":"","stick-header-meta":"","header-above-stick-meta":"","header-main-stick-meta":"","header-below-stick-meta":"","astra-migrate-meta-layouts":"set","ast-page-background-enabled":"default","ast-page-background-meta":{"desktop":{"background-color":"","background-image":"","background-repeat":"repeat","background-position":"center center","background-size":"auto","background-attachment":"scroll","background-type":"","background-media":"","overlay-type":"","overlay-color":"","overlay-opacity":"","overlay-gradient":""},"tablet":{"background-color":"","background-image":"","background-repeat":"repeat","background-position":"center center","background-size":"auto","background-attachment":"scroll","background-type":"","background-media":"","overlay-type":"","overlay-color":"","overlay-opacity":"","overlay-gradient":""},"mobile":{"background-color":"","background-image":"","background-repeat":"repeat","background-position":"center center","background-size":"auto","background-attachment":"scroll","background-type":"","background-media":"","overlay-type":"","overlay-color":"","overlay-opacity":"","overlay-gradient":""}},"ast-content-background-meta":{"desktop":{"background-color":"var(--ast-global-color-4)","background-image":"","background-repeat":"repeat","background-position":"center center","background-size":"auto","background-attachment":"scroll","background-type":"","background-media":"","overlay-type":"","overlay-color":"","overlay-opacity":"","overlay-gradient":""},"tablet":{"background-color":"var(--ast-global-color-4)","background-image":"","background-repeat":"repeat","background-position":"center center","background-size":"auto","background-attachment":"scroll","background-type":"","background-media":"","overlay-type":"","overlay-color":"","overlay-opacity":"","overlay-gradient":""},"mobile":{"background-color":"var(--ast-global-color-4)","background-image":"","background-repeat":"repeat","background-position":"center center","background-size":"auto","background-attachment":"scroll","background-type":"","background-media":"","overlay-type":"","overlay-color":"","overlay-opacity":"","overlay-gradient":""}}},"product_brand":[],"product_cat":[15,165],"product_tag":[],"class_list":{"0":"post-14290","1":"product","2":"type-product","3":"status-publish","4":"has-post-thumbnail","6":"product_cat-uncategorized","7":"product_cat-religija-filosofija-ir-ezoterika","8":"desktop-align-left","9":"tablet-align-left","10":"mobile-align-left","12":"first","13":"outofstock","14":"shipping-taxable","15":"purchasable","16":"product-type-simple"},"acf":[],"yoast_head":"<!-- This site is optimized with the Yoast SEO plugin v27.0 - https:\/\/yoast.com\/product\/yoast-seo-wordpress\/ -->\n<title>J\u016bs\u0173 laim\u0117s paslaptys<\/title>\n<meta name=\"description\" content=\"&quot;Laim\u0117- tai b\u016bvis ar jausmas, d\u0117l kurio visi gin\u010dijasi ir niekas nieko tikro ne\u017eino, nors ir sakosi, kad yra laimingi ar nelaimingi. B\u016bsiu laimingas, jei\" \/>\n<meta name=\"robots\" content=\"index, follow, max-snippet:-1, max-image-preview:large, max-video-preview:-1\" \/>\n<link rel=\"canonical\" href=\"https:\/\/skaitytaknyga.lt\/en\/produktas\/jusu-laimes-paslaptys\/\" \/>\n<meta property=\"og:locale\" content=\"en_GB\" \/>\n<meta property=\"og:locale:alternate\" content=\"lt_LT\" \/>\n<meta property=\"og:type\" content=\"article\" \/>\n<meta property=\"og:title\" content=\"J\u016bs\u0173 laim\u0117s paslaptys\" \/>\n<meta property=\"og:description\" content=\"&quot;Laim\u0117- tai b\u016bvis ar jausmas, d\u0117l kurio visi gin\u010dijasi ir niekas nieko tikro ne\u017eino, nors ir sakosi, kad yra laimingi ar nelaimingi. B\u016bsiu laimingas, jei\" \/>\n<meta property=\"og:url\" content=\"https:\/\/skaitytaknyga.lt\/en\/produktas\/jusu-laimes-paslaptys\/\" \/>\n<meta property=\"og:site_name\" content=\"Skaitytaknyga\" \/>\n<meta property=\"article:publisher\" content=\"https:\/\/www.facebook.com\/skaitytaknyga\/\" \/>\n<meta property=\"article:modified_time\" content=\"2025-07-07T05:50:25+00:00\" \/>\n<meta property=\"og:image\" content=\"https:\/\/skaitytaknyga.lt\/wp-content\/uploads\/2024\/10\/Jusu-laimes-paslaptys.jpg\" \/>\n\t<meta property=\"og:image:width\" content=\"300\" \/>\n\t<meta property=\"og:image:height\" content=\"465\" \/>\n\t<meta property=\"og:image:type\" content=\"image\/jpeg\" \/>\n<meta name=\"twitter:card\" content=\"summary_large_image\" \/>\n<meta name=\"twitter:label1\" content=\"Estimated reading time\" \/>\n\t<meta name=\"twitter:data1\" content=\"1 minute\" \/>\n<script type=\"application\/ld+json\" class=\"yoast-schema-graph\">{\"@context\":\"https:\/\/schema.org\",\"@graph\":[{\"@type\":\"WebPage\",\"@id\":\"https:\/\/skaitytaknyga.lt\/produktas\/jusu-laimes-paslaptys\/\",\"url\":\"https:\/\/skaitytaknyga.lt\/produktas\/jusu-laimes-paslaptys\/\",\"name\":\"J\u016bs\u0173 laim\u0117s paslaptys\",\"isPartOf\":{\"@id\":\"https:\/\/skaitytaknyga.lt\/#website\"},\"primaryImageOfPage\":{\"@id\":\"https:\/\/skaitytaknyga.lt\/produktas\/jusu-laimes-paslaptys\/#primaryimage\"},\"image\":{\"@id\":\"https:\/\/skaitytaknyga.lt\/produktas\/jusu-laimes-paslaptys\/#primaryimage\"},\"thumbnailUrl\":\"https:\/\/skaitytaknyga.lt\/wp-content\/uploads\/2024\/10\/Jusu-laimes-paslaptys.jpg\",\"datePublished\":\"2024-10-18T08:15:24+00:00\",\"dateModified\":\"2025-07-07T05:50:25+00:00\",\"description\":\"\\\"Laim\u0117- tai b\u016bvis ar jausmas, d\u0117l kurio visi gin\u010dijasi ir niekas nieko tikro ne\u017eino, nors ir sakosi, kad yra laimingi ar nelaimingi. B\u016bsiu laimingas, jei\",\"breadcrumb\":{\"@id\":\"https:\/\/skaitytaknyga.lt\/produktas\/jusu-laimes-paslaptys\/#breadcrumb\"},\"inLanguage\":\"en-GB\",\"potentialAction\":[{\"@type\":\"ReadAction\",\"target\":[\"https:\/\/skaitytaknyga.lt\/produktas\/jusu-laimes-paslaptys\/\"]}]},{\"@type\":\"ImageObject\",\"inLanguage\":\"en-GB\",\"@id\":\"https:\/\/skaitytaknyga.lt\/produktas\/jusu-laimes-paslaptys\/#primaryimage\",\"url\":\"https:\/\/skaitytaknyga.lt\/wp-content\/uploads\/2024\/10\/Jusu-laimes-paslaptys.jpg\",\"contentUrl\":\"https:\/\/skaitytaknyga.lt\/wp-content\/uploads\/2024\/10\/Jusu-laimes-paslaptys.jpg\",\"width\":300,\"height\":465,\"caption\":\"J\u016bs\u0173 laim\u0117s paslaptys\"},{\"@type\":\"BreadcrumbList\",\"@id\":\"https:\/\/skaitytaknyga.lt\/produktas\/jusu-laimes-paslaptys\/#breadcrumb\",\"itemListElement\":[{\"@type\":\"ListItem\",\"position\":1,\"name\":\"Home\",\"item\":\"https:\/\/skaitytaknyga.lt\/\"},{\"@type\":\"ListItem\",\"position\":2,\"name\":\"Parduotuv\u0117\",\"item\":\"https:\/\/skaitytaknyga.lt\/knygu-parduotuve\/\"},{\"@type\":\"ListItem\",\"position\":3,\"name\":\"J\u016bs\u0173 laim\u0117s paslaptys\"}]},{\"@type\":\"WebSite\",\"@id\":\"https:\/\/skaitytaknyga.lt\/#website\",\"url\":\"https:\/\/skaitytaknyga.lt\/\",\"name\":\"skaitytaknyga.lt\",\"description\":\"Skaitytaknyga.lt \u2013 tai ma\u017eas \u0161eimos verslas, kuris prasid\u0117jo nuo meil\u0117s knygoms ir siekio i\u0161gelb\u0117ti knygas nuo likimo prie konteinerio. Kas vienam nereikalingas daiktas \u2013 kitam lobis, o mes esame tarpininkai, kurie padeda abiems tapti laimingesniems ???? \u017dinome kaip nelengva i\u0161gyventi ma\u017eiems verslams, tad nuo \u0161iol, \u010dia rasite ir kit\u0173, ma\u017e\u0173 \u0161eim\u0173 versl\u0173, rank\u0173 darbo, dovan\u0173 sau ir artimiesiems.\",\"publisher\":{\"@id\":\"https:\/\/skaitytaknyga.lt\/#organization\"},\"potentialAction\":[{\"@type\":\"SearchAction\",\"target\":{\"@type\":\"EntryPoint\",\"urlTemplate\":\"https:\/\/skaitytaknyga.lt\/?s={search_term_string}\"},\"query-input\":{\"@type\":\"PropertyValueSpecification\",\"valueRequired\":true,\"valueName\":\"search_term_string\"}}],\"inLanguage\":\"en-GB\"},{\"@type\":\"Organization\",\"@id\":\"https:\/\/skaitytaknyga.lt\/#organization\",\"name\":\"skaitytaknyga.lt\",\"url\":\"https:\/\/skaitytaknyga.lt\/\",\"logo\":{\"@type\":\"ImageObject\",\"inLanguage\":\"en-GB\",\"@id\":\"https:\/\/skaitytaknyga.lt\/#\/schema\/logo\/image\/\",\"url\":\"https:\/\/skaitytaknyga.lt\/wp-content\/uploads\/2024\/05\/cropped-cropped-cropped-02_00843_jt3bggkj1j3HLc7SyY6rEUpg.jpeg\",\"contentUrl\":\"https:\/\/skaitytaknyga.lt\/wp-content\/uploads\/2024\/05\/cropped-cropped-cropped-02_00843_jt3bggkj1j3HLc7SyY6rEUpg.jpeg\",\"width\":1600,\"height\":1600,\"caption\":\"skaitytaknyga.lt\"},\"image\":{\"@id\":\"https:\/\/skaitytaknyga.lt\/#\/schema\/logo\/image\/\"},\"sameAs\":[\"https:\/\/www.facebook.com\/skaitytaknyga\/\"]}]}<\/script>\n<!-- \/ Yoast SEO plugin. -->","yoast_head_json":{"title":"J\u016bs\u0173 laim\u0117s paslaptys","description":"\"Laim\u0117- tai b\u016bvis ar jausmas, d\u0117l kurio visi gin\u010dijasi ir niekas nieko tikro ne\u017eino, nors ir sakosi, kad yra laimingi ar nelaimingi. B\u016bsiu laimingas, jei","robots":{"index":"index","follow":"follow","max-snippet":"max-snippet:-1","max-image-preview":"max-image-preview:large","max-video-preview":"max-video-preview:-1"},"canonical":"https:\/\/skaitytaknyga.lt\/en\/produktas\/jusu-laimes-paslaptys\/","og_locale":"en_GB","og_type":"article","og_title":"[:lt]J\u016bs\u0173 laim\u0117s paslaptys[:] - Skaitytaknyga","og_description":"\"Laim\u0117- tai b\u016bvis ar jausmas, d\u0117l kurio visi gin\u010dijasi ir niekas nieko tikro ne\u017eino, nors ir sakosi, kad yra laimingi ar nelaimingi. B\u016bsiu laimingas, jei","og_url":"https:\/\/skaitytaknyga.lt\/en\/produktas\/jusu-laimes-paslaptys\/","og_site_name":"Skaitytaknyga","article_publisher":"https:\/\/www.facebook.com\/skaitytaknyga\/","article_modified_time":"2025-07-07T05:50:25+00:00","og_image":[{"width":300,"height":465,"url":"https:\/\/skaitytaknyga.lt\/wp-content\/uploads\/2024\/10\/Jusu-laimes-paslaptys.jpg","type":"image\/jpeg"}],"twitter_card":"summary_large_image","twitter_misc":{"Estimated reading time":"1 minute"},"schema":{"@context":"https:\/\/schema.org","@graph":[{"@type":"WebPage","@id":"https:\/\/skaitytaknyga.lt\/produktas\/jusu-laimes-paslaptys\/","url":"https:\/\/skaitytaknyga.lt\/produktas\/jusu-laimes-paslaptys\/","name":"J\u016bs\u0173 laim\u0117s paslaptys","isPartOf":{"@id":"https:\/\/skaitytaknyga.lt\/#website"},"primaryImageOfPage":{"@id":"https:\/\/skaitytaknyga.lt\/produktas\/jusu-laimes-paslaptys\/#primaryimage"},"image":{"@id":"https:\/\/skaitytaknyga.lt\/produktas\/jusu-laimes-paslaptys\/#primaryimage"},"thumbnailUrl":"https:\/\/skaitytaknyga.lt\/wp-content\/uploads\/2024\/10\/Jusu-laimes-paslaptys.jpg","datePublished":"2024-10-18T08:15:24+00:00","dateModified":"2025-07-07T05:50:25+00:00","description":"\"Laim\u0117- tai b\u016bvis ar jausmas, d\u0117l kurio visi gin\u010dijasi ir niekas nieko tikro ne\u017eino, nors ir sakosi, kad yra laimingi ar nelaimingi. B\u016bsiu laimingas, jei","breadcrumb":{"@id":"https:\/\/skaitytaknyga.lt\/produktas\/jusu-laimes-paslaptys\/#breadcrumb"},"inLanguage":"en-GB","potentialAction":[{"@type":"ReadAction","target":["https:\/\/skaitytaknyga.lt\/produktas\/jusu-laimes-paslaptys\/"]}]},{"@type":"ImageObject","inLanguage":"en-GB","@id":"https:\/\/skaitytaknyga.lt\/produktas\/jusu-laimes-paslaptys\/#primaryimage","url":"https:\/\/skaitytaknyga.lt\/wp-content\/uploads\/2024\/10\/Jusu-laimes-paslaptys.jpg","contentUrl":"https:\/\/skaitytaknyga.lt\/wp-content\/uploads\/2024\/10\/Jusu-laimes-paslaptys.jpg","width":300,"height":465,"caption":"J\u016bs\u0173 laim\u0117s paslaptys"},{"@type":"BreadcrumbList","@id":"https:\/\/skaitytaknyga.lt\/produktas\/jusu-laimes-paslaptys\/#breadcrumb","itemListElement":[{"@type":"ListItem","position":1,"name":"Home","item":"https:\/\/skaitytaknyga.lt\/"},{"@type":"ListItem","position":2,"name":"Parduotuv\u0117","item":"https:\/\/skaitytaknyga.lt\/knygu-parduotuve\/"},{"@type":"ListItem","position":3,"name":"J\u016bs\u0173 laim\u0117s paslaptys"}]},{"@type":"WebSite","@id":"https:\/\/skaitytaknyga.lt\/#website","url":"https:\/\/skaitytaknyga.lt\/","name":"skaitytaknyga.lt","description":"Skaitytaknyga.lt \u2013 tai ma\u017eas \u0161eimos verslas, kuris prasid\u0117jo nuo meil\u0117s knygoms ir siekio i\u0161gelb\u0117ti knygas nuo likimo prie konteinerio. Kas vienam nereikalingas daiktas \u2013 kitam lobis, o mes esame tarpininkai, kurie padeda abiems tapti laimingesniems ???? \u017dinome kaip nelengva i\u0161gyventi ma\u017eiems verslams, tad nuo \u0161iol, \u010dia rasite ir kit\u0173, ma\u017e\u0173 \u0161eim\u0173 versl\u0173, rank\u0173 darbo, dovan\u0173 sau ir artimiesiems.","publisher":{"@id":"https:\/\/skaitytaknyga.lt\/#organization"},"potentialAction":[{"@type":"SearchAction","target":{"@type":"EntryPoint","urlTemplate":"https:\/\/skaitytaknyga.lt\/?s={search_term_string}"},"query-input":{"@type":"PropertyValueSpecification","valueRequired":true,"valueName":"search_term_string"}}],"inLanguage":"en-GB"},{"@type":"Organization","@id":"https:\/\/skaitytaknyga.lt\/#organization","name":"skaitytaknyga.lt","url":"https:\/\/skaitytaknyga.lt\/","logo":{"@type":"ImageObject","inLanguage":"en-GB","@id":"https:\/\/skaitytaknyga.lt\/#\/schema\/logo\/image\/","url":"https:\/\/skaitytaknyga.lt\/wp-content\/uploads\/2024\/05\/cropped-cropped-cropped-02_00843_jt3bggkj1j3HLc7SyY6rEUpg.jpeg","contentUrl":"https:\/\/skaitytaknyga.lt\/wp-content\/uploads\/2024\/05\/cropped-cropped-cropped-02_00843_jt3bggkj1j3HLc7SyY6rEUpg.jpeg","width":1600,"height":1600,"caption":"skaitytaknyga.lt"},"image":{"@id":"https:\/\/skaitytaknyga.lt\/#\/schema\/logo\/image\/"},"sameAs":["https:\/\/www.facebook.com\/skaitytaknyga\/"]}]}},"_links":{"self":[{"href":"https:\/\/skaitytaknyga.lt\/en\/wp-json\/wp\/v2\/product\/14290","targetHints":{"allow":["GET"]}}],"collection":[{"href":"https:\/\/skaitytaknyga.lt\/en\/wp-json\/wp\/v2\/product"}],"about":[{"href":"https:\/\/skaitytaknyga.lt\/en\/wp-json\/wp\/v2\/types\/product"}],"replies":[{"embeddable":true,"href":"https:\/\/skaitytaknyga.lt\/en\/wp-json\/wp\/v2\/comments?post=14290"}],"wp:featuredmedia":[{"embeddable":true,"href":"https:\/\/skaitytaknyga.lt\/en\/wp-json\/wp\/v2\/media\/14305"}],"wp:attachment":[{"href":"https:\/\/skaitytaknyga.lt\/en\/wp-json\/wp\/v2\/media?parent=14290"}],"wp:term":[{"taxonomy":"product_brand","embeddable":true,"href":"https:\/\/skaitytaknyga.lt\/en\/wp-json\/wp\/v2\/product_brand?post=14290"},{"taxonomy":"product_cat","embeddable":true,"href":"https:\/\/skaitytaknyga.lt\/en\/wp-json\/wp\/v2\/product_cat?post=14290"},{"taxonomy":"product_tag","embeddable":true,"href":"https:\/\/skaitytaknyga.lt\/en\/wp-json\/wp\/v2\/product_tag?post=14290"}],"curies":[{"name":"wp","href":"https:\/\/api.w.org\/{rel}","templated":true}]}}