{"id":14288,"date":"2024-10-18T11:15:24","date_gmt":"2024-10-18T08:15:24","guid":{"rendered":"https:\/\/skaitytaknyga.lt\/?post_type=product&#038;p=14288"},"modified":"2025-05-19T11:43:32","modified_gmt":"2025-05-19T08:43:32","slug":"raudonas-vynas-vartotojo-gidas","status":"publish","type":"product","link":"https:\/\/skaitytaknyga.lt\/en\/produktas\/raudonas-vynas-vartotojo-gidas\/","title":{"rendered":"Raudonas vynas. Vartotojo gidas"},"content":{"rendered":"<p>I\u0161 \u0161io leidinio su\u017einosite apie vyno pasaulio \u012fvairov\u0119, vynuogi\u0173 r\u016b\u0161is, j\u0173 auginimo regionus ir garbingas vynininkyst\u0117s tradicijas. Knyga gausiai iliustruota.<\/p>\n<ul class=\"about-product d-none d-xl-block mt-4\">\n<li><strong>Autorius:<\/strong>\u00a0Michael Edwards<\/li>\n<li><strong>Leid\u0117jas:<\/strong>\u00a0Humanitas<\/li>\n<li><strong>Metai:<\/strong>\u00a02001<\/li>\n<li><strong>Puslapiai:<\/strong>\u00a0256<\/li>\n<li class=\"toggleable type-new-formats \"><strong>ISBN:<\/strong>\u00a03822811718<\/li>\n<li class=\"toggleable type-new-formats \"><strong>Formatas:<\/strong>\u00a012 x 22 cm, kieti vir\u0161eliai<\/li>\n<li><strong>Kalba:<\/strong>\u00a0Lietuvi\u0173<\/li>\n<\/ul>\n","protected":false},"excerpt":{"rendered":"<p>I\u0161 \u0161io leidinio su\u017einosite apie vyno pasaulio \u012fvairov\u0119, vynuogi\u0173 r\u016b\u0161is, j\u0173 auginimo regionus ir garbingas vynininkyst\u0117s tradicijas. Knyga gausiai iliustruota. Autorius:\u00a0Michael Edwards Leid\u0117jas:\u00a0Humanitas Metai:\u00a02001 Puslapiai:\u00a0256 ISBN:\u00a03822811718 Formatas:\u00a012 x 22 cm, kieti vir\u0161eliai Kalba:\u00a0Lietuvi\u0173<\/p>\n","protected":false},"featured_media":14307,"comment_status":"open","ping_status":"closed","template":"","meta":{"_acf_changed":false,"site-sidebar-layout":"default","site-content-layout":"","ast-site-content-layout":"default","site-content-style":"default","site-sidebar-style":"default","ast-global-header-display":"","ast-banner-title-visibility":"","ast-main-header-display":"","ast-hfb-above-header-display":"","ast-hfb-below-header-display":"","ast-hfb-mobile-header-display":"","site-post-title":"","ast-breadcrumbs-content":"","ast-featured-img":"","footer-sml-layout":"","ast-disable-related-posts":"","theme-transparent-header-meta":"default","adv-header-id-meta":"","stick-header-meta":"","header-above-stick-meta":"","header-main-stick-meta":"","header-below-stick-meta":"","astra-migrate-meta-layouts":"set","ast-page-background-enabled":"default","ast-page-background-meta":{"desktop":{"background-color":"","background-image":"","background-repeat":"repeat","background-position":"center center","background-size":"auto","background-attachment":"scroll","background-type":"","background-media":"","overlay-type":"","overlay-color":"","overlay-opacity":"","overlay-gradient":""},"tablet":{"background-color":"","background-image":"","background-repeat":"repeat","background-position":"center center","background-size":"auto","background-attachment":"scroll","background-type":"","background-media":"","overlay-type":"","overlay-color":"","overlay-opacity":"","overlay-gradient":""},"mobile":{"background-color":"","background-image":"","background-repeat":"repeat","background-position":"center center","background-size":"auto","background-attachment":"scroll","background-type":"","background-media":"","overlay-type":"","overlay-color":"","overlay-opacity":"","overlay-gradient":""}},"ast-content-background-meta":{"desktop":{"background-color":"var(--ast-global-color-4)","background-image":"","background-repeat":"repeat","background-position":"center center","background-size":"auto","background-attachment":"scroll","background-type":"","background-media":"","overlay-type":"","overlay-color":"","overlay-opacity":"","overlay-gradient":""},"tablet":{"background-color":"var(--ast-global-color-4)","background-image":"","background-repeat":"repeat","background-position":"center center","background-size":"auto","background-attachment":"scroll","background-type":"","background-media":"","overlay-type":"","overlay-color":"","overlay-opacity":"","overlay-gradient":""},"mobile":{"background-color":"var(--ast-global-color-4)","background-image":"","background-repeat":"repeat","background-position":"center center","background-size":"auto","background-attachment":"scroll","background-type":"","background-media":"","overlay-type":"","overlay-color":"","overlay-opacity":"","overlay-gradient":""}}},"product_brand":[],"product_cat":[15,58],"product_tag":[4010,4009,1982,4004,4006,4007,4008,4005],"class_list":{"0":"post-14288","1":"product","2":"type-product","3":"status-publish","4":"has-post-thumbnail","6":"product_cat-uncategorized","7":"product_cat-receptai","8":"product_tag-4010","9":"product_tag-humanitas","10":"product_tag-iliustracijos","11":"product_tag-vynas","12":"product_tag-vynininkyste","13":"product_tag-vyno-regionai","14":"product_tag-vyno-tradicijos","15":"product_tag-vynuoges","16":"desktop-align-left","17":"tablet-align-left","18":"mobile-align-left","20":"first","21":"instock","22":"shipping-taxable","23":"purchasable","24":"product-type-simple"},"acf":[],"yoast_head":"<!-- This site is optimized with the Yoast SEO plugin v27.0 - https:\/\/yoast.com\/product\/yoast-seo-wordpress\/ -->\n<title>Raudonas vynas. Vartotojo gidas<\/title>\n<meta name=\"description\" content=\"I\u0161 \u0161io leidinio su\u017einosite apie vyno pasaulio \u012fvairov\u0119, vynuogi\u0173 r\u016b\u0161is, j\u0173 auginimo regionus ir garbingas vynininkyst\u0117s tradicijas. Knyga gausiai\" \/>\n<meta name=\"robots\" content=\"index, follow, max-snippet:-1, max-image-preview:large, max-video-preview:-1\" \/>\n<link rel=\"canonical\" href=\"https:\/\/skaitytaknyga.lt\/en\/produktas\/raudonas-vynas-vartotojo-gidas\/\" \/>\n<meta property=\"og:locale\" content=\"en_GB\" \/>\n<meta property=\"og:locale:alternate\" content=\"lt_LT\" \/>\n<meta property=\"og:type\" content=\"article\" \/>\n<meta property=\"og:title\" content=\"Raudonas vynas. Vartotojo gidas\" \/>\n<meta property=\"og:description\" content=\"I\u0161 \u0161io leidinio su\u017einosite apie vyno pasaulio \u012fvairov\u0119, vynuogi\u0173 r\u016b\u0161is, j\u0173 auginimo regionus ir garbingas vynininkyst\u0117s tradicijas. Knyga gausiai\" \/>\n<meta property=\"og:url\" content=\"https:\/\/skaitytaknyga.lt\/en\/produktas\/raudonas-vynas-vartotojo-gidas\/\" \/>\n<meta property=\"og:site_name\" content=\"Skaitytaknyga\" \/>\n<meta property=\"article:publisher\" content=\"https:\/\/www.facebook.com\/skaitytaknyga\/\" \/>\n<meta property=\"article:modified_time\" content=\"2025-05-19T08:43:32+00:00\" \/>\n<meta property=\"og:image\" content=\"https:\/\/skaitytaknyga.lt\/wp-content\/uploads\/2024\/10\/Raudonas-vynas.-Vartotojo-gidas.webp\" \/>\n\t<meta property=\"og:image:width\" content=\"472\" \/>\n\t<meta property=\"og:image:height\" content=\"600\" \/>\n\t<meta property=\"og:image:type\" content=\"image\/webp\" \/>\n<meta name=\"twitter:card\" content=\"summary_large_image\" \/>\n<meta name=\"twitter:label1\" content=\"Estimated reading time\" \/>\n\t<meta name=\"twitter:data1\" content=\"1 minute\" \/>\n<script type=\"application\/ld+json\" class=\"yoast-schema-graph\">{\"@context\":\"https:\/\/schema.org\",\"@graph\":[{\"@type\":\"WebPage\",\"@id\":\"https:\/\/skaitytaknyga.lt\/produktas\/raudonas-vynas-vartotojo-gidas\/\",\"url\":\"https:\/\/skaitytaknyga.lt\/produktas\/raudonas-vynas-vartotojo-gidas\/\",\"name\":\"Raudonas vynas. Vartotojo gidas\",\"isPartOf\":{\"@id\":\"https:\/\/skaitytaknyga.lt\/#website\"},\"primaryImageOfPage\":{\"@id\":\"https:\/\/skaitytaknyga.lt\/produktas\/raudonas-vynas-vartotojo-gidas\/#primaryimage\"},\"image\":{\"@id\":\"https:\/\/skaitytaknyga.lt\/produktas\/raudonas-vynas-vartotojo-gidas\/#primaryimage\"},\"thumbnailUrl\":\"https:\/\/skaitytaknyga.lt\/wp-content\/uploads\/2024\/10\/Raudonas-vynas.-Vartotojo-gidas.webp\",\"datePublished\":\"2024-10-18T08:15:24+00:00\",\"dateModified\":\"2025-05-19T08:43:32+00:00\",\"description\":\"I\u0161 \u0161io leidinio su\u017einosite apie vyno pasaulio \u012fvairov\u0119, vynuogi\u0173 r\u016b\u0161is, j\u0173 auginimo regionus ir garbingas vynininkyst\u0117s tradicijas. Knyga gausiai\",\"breadcrumb\":{\"@id\":\"https:\/\/skaitytaknyga.lt\/produktas\/raudonas-vynas-vartotojo-gidas\/#breadcrumb\"},\"inLanguage\":\"en-GB\",\"potentialAction\":[{\"@type\":\"ReadAction\",\"target\":[\"https:\/\/skaitytaknyga.lt\/produktas\/raudonas-vynas-vartotojo-gidas\/\"]}]},{\"@type\":\"ImageObject\",\"inLanguage\":\"en-GB\",\"@id\":\"https:\/\/skaitytaknyga.lt\/produktas\/raudonas-vynas-vartotojo-gidas\/#primaryimage\",\"url\":\"https:\/\/skaitytaknyga.lt\/wp-content\/uploads\/2024\/10\/Raudonas-vynas.-Vartotojo-gidas.webp\",\"contentUrl\":\"https:\/\/skaitytaknyga.lt\/wp-content\/uploads\/2024\/10\/Raudonas-vynas.-Vartotojo-gidas.webp\",\"width\":472,\"height\":600,\"caption\":\"Raudonas vynas. Vartotojo gidas\"},{\"@type\":\"BreadcrumbList\",\"@id\":\"https:\/\/skaitytaknyga.lt\/produktas\/raudonas-vynas-vartotojo-gidas\/#breadcrumb\",\"itemListElement\":[{\"@type\":\"ListItem\",\"position\":1,\"name\":\"Home\",\"item\":\"https:\/\/skaitytaknyga.lt\/\"},{\"@type\":\"ListItem\",\"position\":2,\"name\":\"Parduotuv\u0117\",\"item\":\"https:\/\/skaitytaknyga.lt\/knygu-parduotuve\/\"},{\"@type\":\"ListItem\",\"position\":3,\"name\":\"Raudonas vynas. Vartotojo gidas\"}]},{\"@type\":\"WebSite\",\"@id\":\"https:\/\/skaitytaknyga.lt\/#website\",\"url\":\"https:\/\/skaitytaknyga.lt\/\",\"name\":\"skaitytaknyga.lt\",\"description\":\"Skaitytaknyga.lt \u2013 tai ma\u017eas \u0161eimos verslas, kuris prasid\u0117jo nuo meil\u0117s knygoms ir siekio i\u0161gelb\u0117ti knygas nuo likimo prie konteinerio. Kas vienam nereikalingas daiktas \u2013 kitam lobis, o mes esame tarpininkai, kurie padeda abiems tapti laimingesniems ???? \u017dinome kaip nelengva i\u0161gyventi ma\u017eiems verslams, tad nuo \u0161iol, \u010dia rasite ir kit\u0173, ma\u017e\u0173 \u0161eim\u0173 versl\u0173, rank\u0173 darbo, dovan\u0173 sau ir artimiesiems.\",\"publisher\":{\"@id\":\"https:\/\/skaitytaknyga.lt\/#organization\"},\"potentialAction\":[{\"@type\":\"SearchAction\",\"target\":{\"@type\":\"EntryPoint\",\"urlTemplate\":\"https:\/\/skaitytaknyga.lt\/?s={search_term_string}\"},\"query-input\":{\"@type\":\"PropertyValueSpecification\",\"valueRequired\":true,\"valueName\":\"search_term_string\"}}],\"inLanguage\":\"en-GB\"},{\"@type\":\"Organization\",\"@id\":\"https:\/\/skaitytaknyga.lt\/#organization\",\"name\":\"skaitytaknyga.lt\",\"url\":\"https:\/\/skaitytaknyga.lt\/\",\"logo\":{\"@type\":\"ImageObject\",\"inLanguage\":\"en-GB\",\"@id\":\"https:\/\/skaitytaknyga.lt\/#\/schema\/logo\/image\/\",\"url\":\"https:\/\/skaitytaknyga.lt\/wp-content\/uploads\/2024\/05\/cropped-cropped-cropped-02_00843_jt3bggkj1j3HLc7SyY6rEUpg.jpeg\",\"contentUrl\":\"https:\/\/skaitytaknyga.lt\/wp-content\/uploads\/2024\/05\/cropped-cropped-cropped-02_00843_jt3bggkj1j3HLc7SyY6rEUpg.jpeg\",\"width\":1600,\"height\":1600,\"caption\":\"skaitytaknyga.lt\"},\"image\":{\"@id\":\"https:\/\/skaitytaknyga.lt\/#\/schema\/logo\/image\/\"},\"sameAs\":[\"https:\/\/www.facebook.com\/skaitytaknyga\/\"]}]}<\/script>\n<!-- \/ Yoast SEO plugin. -->","yoast_head_json":{"title":"Raudonas vynas. Vartotojo gidas","description":"I\u0161 \u0161io leidinio su\u017einosite apie vyno pasaulio \u012fvairov\u0119, vynuogi\u0173 r\u016b\u0161is, j\u0173 auginimo regionus ir garbingas vynininkyst\u0117s tradicijas. Knyga gausiai","robots":{"index":"index","follow":"follow","max-snippet":"max-snippet:-1","max-image-preview":"max-image-preview:large","max-video-preview":"max-video-preview:-1"},"canonical":"https:\/\/skaitytaknyga.lt\/en\/produktas\/raudonas-vynas-vartotojo-gidas\/","og_locale":"en_GB","og_type":"article","og_title":"[:lt]Raudonas vynas. Vartotojo gidas[:] - Skaitytaknyga","og_description":"I\u0161 \u0161io leidinio su\u017einosite apie vyno pasaulio \u012fvairov\u0119, vynuogi\u0173 r\u016b\u0161is, j\u0173 auginimo regionus ir garbingas vynininkyst\u0117s tradicijas. Knyga gausiai","og_url":"https:\/\/skaitytaknyga.lt\/en\/produktas\/raudonas-vynas-vartotojo-gidas\/","og_site_name":"Skaitytaknyga","article_publisher":"https:\/\/www.facebook.com\/skaitytaknyga\/","article_modified_time":"2025-05-19T08:43:32+00:00","og_image":[{"width":472,"height":600,"url":"https:\/\/skaitytaknyga.lt\/wp-content\/uploads\/2024\/10\/Raudonas-vynas.-Vartotojo-gidas.webp","type":"image\/webp"}],"twitter_card":"summary_large_image","twitter_misc":{"Estimated reading time":"1 minute"},"schema":{"@context":"https:\/\/schema.org","@graph":[{"@type":"WebPage","@id":"https:\/\/skaitytaknyga.lt\/produktas\/raudonas-vynas-vartotojo-gidas\/","url":"https:\/\/skaitytaknyga.lt\/produktas\/raudonas-vynas-vartotojo-gidas\/","name":"Raudonas vynas. Vartotojo gidas","isPartOf":{"@id":"https:\/\/skaitytaknyga.lt\/#website"},"primaryImageOfPage":{"@id":"https:\/\/skaitytaknyga.lt\/produktas\/raudonas-vynas-vartotojo-gidas\/#primaryimage"},"image":{"@id":"https:\/\/skaitytaknyga.lt\/produktas\/raudonas-vynas-vartotojo-gidas\/#primaryimage"},"thumbnailUrl":"https:\/\/skaitytaknyga.lt\/wp-content\/uploads\/2024\/10\/Raudonas-vynas.-Vartotojo-gidas.webp","datePublished":"2024-10-18T08:15:24+00:00","dateModified":"2025-05-19T08:43:32+00:00","description":"I\u0161 \u0161io leidinio su\u017einosite apie vyno pasaulio \u012fvairov\u0119, vynuogi\u0173 r\u016b\u0161is, j\u0173 auginimo regionus ir garbingas vynininkyst\u0117s tradicijas. Knyga gausiai","breadcrumb":{"@id":"https:\/\/skaitytaknyga.lt\/produktas\/raudonas-vynas-vartotojo-gidas\/#breadcrumb"},"inLanguage":"en-GB","potentialAction":[{"@type":"ReadAction","target":["https:\/\/skaitytaknyga.lt\/produktas\/raudonas-vynas-vartotojo-gidas\/"]}]},{"@type":"ImageObject","inLanguage":"en-GB","@id":"https:\/\/skaitytaknyga.lt\/produktas\/raudonas-vynas-vartotojo-gidas\/#primaryimage","url":"https:\/\/skaitytaknyga.lt\/wp-content\/uploads\/2024\/10\/Raudonas-vynas.-Vartotojo-gidas.webp","contentUrl":"https:\/\/skaitytaknyga.lt\/wp-content\/uploads\/2024\/10\/Raudonas-vynas.-Vartotojo-gidas.webp","width":472,"height":600,"caption":"Raudonas vynas. Vartotojo gidas"},{"@type":"BreadcrumbList","@id":"https:\/\/skaitytaknyga.lt\/produktas\/raudonas-vynas-vartotojo-gidas\/#breadcrumb","itemListElement":[{"@type":"ListItem","position":1,"name":"Home","item":"https:\/\/skaitytaknyga.lt\/"},{"@type":"ListItem","position":2,"name":"Parduotuv\u0117","item":"https:\/\/skaitytaknyga.lt\/knygu-parduotuve\/"},{"@type":"ListItem","position":3,"name":"Raudonas vynas. Vartotojo gidas"}]},{"@type":"WebSite","@id":"https:\/\/skaitytaknyga.lt\/#website","url":"https:\/\/skaitytaknyga.lt\/","name":"skaitytaknyga.lt","description":"Skaitytaknyga.lt \u2013 tai ma\u017eas \u0161eimos verslas, kuris prasid\u0117jo nuo meil\u0117s knygoms ir siekio i\u0161gelb\u0117ti knygas nuo likimo prie konteinerio. Kas vienam nereikalingas daiktas \u2013 kitam lobis, o mes esame tarpininkai, kurie padeda abiems tapti laimingesniems ???? \u017dinome kaip nelengva i\u0161gyventi ma\u017eiems verslams, tad nuo \u0161iol, \u010dia rasite ir kit\u0173, ma\u017e\u0173 \u0161eim\u0173 versl\u0173, rank\u0173 darbo, dovan\u0173 sau ir artimiesiems.","publisher":{"@id":"https:\/\/skaitytaknyga.lt\/#organization"},"potentialAction":[{"@type":"SearchAction","target":{"@type":"EntryPoint","urlTemplate":"https:\/\/skaitytaknyga.lt\/?s={search_term_string}"},"query-input":{"@type":"PropertyValueSpecification","valueRequired":true,"valueName":"search_term_string"}}],"inLanguage":"en-GB"},{"@type":"Organization","@id":"https:\/\/skaitytaknyga.lt\/#organization","name":"skaitytaknyga.lt","url":"https:\/\/skaitytaknyga.lt\/","logo":{"@type":"ImageObject","inLanguage":"en-GB","@id":"https:\/\/skaitytaknyga.lt\/#\/schema\/logo\/image\/","url":"https:\/\/skaitytaknyga.lt\/wp-content\/uploads\/2024\/05\/cropped-cropped-cropped-02_00843_jt3bggkj1j3HLc7SyY6rEUpg.jpeg","contentUrl":"https:\/\/skaitytaknyga.lt\/wp-content\/uploads\/2024\/05\/cropped-cropped-cropped-02_00843_jt3bggkj1j3HLc7SyY6rEUpg.jpeg","width":1600,"height":1600,"caption":"skaitytaknyga.lt"},"image":{"@id":"https:\/\/skaitytaknyga.lt\/#\/schema\/logo\/image\/"},"sameAs":["https:\/\/www.facebook.com\/skaitytaknyga\/"]}]}},"_links":{"self":[{"href":"https:\/\/skaitytaknyga.lt\/en\/wp-json\/wp\/v2\/product\/14288","targetHints":{"allow":["GET"]}}],"collection":[{"href":"https:\/\/skaitytaknyga.lt\/en\/wp-json\/wp\/v2\/product"}],"about":[{"href":"https:\/\/skaitytaknyga.lt\/en\/wp-json\/wp\/v2\/types\/product"}],"replies":[{"embeddable":true,"href":"https:\/\/skaitytaknyga.lt\/en\/wp-json\/wp\/v2\/comments?post=14288"}],"wp:featuredmedia":[{"embeddable":true,"href":"https:\/\/skaitytaknyga.lt\/en\/wp-json\/wp\/v2\/media\/14307"}],"wp:attachment":[{"href":"https:\/\/skaitytaknyga.lt\/en\/wp-json\/wp\/v2\/media?parent=14288"}],"wp:term":[{"taxonomy":"product_brand","embeddable":true,"href":"https:\/\/skaitytaknyga.lt\/en\/wp-json\/wp\/v2\/product_brand?post=14288"},{"taxonomy":"product_cat","embeddable":true,"href":"https:\/\/skaitytaknyga.lt\/en\/wp-json\/wp\/v2\/product_cat?post=14288"},{"taxonomy":"product_tag","embeddable":true,"href":"https:\/\/skaitytaknyga.lt\/en\/wp-json\/wp\/v2\/product_tag?post=14288"}],"curies":[{"name":"wp","href":"https:\/\/api.w.org\/{rel}","templated":true}]}}