{"id":14287,"date":"2024-10-18T10:33:43","date_gmt":"2024-10-18T07:33:43","guid":{"rendered":"https:\/\/skaitytaknyga.lt\/?post_type=product&#038;p=14287"},"modified":"2024-10-18T11:46:05","modified_gmt":"2024-10-18T08:46:05","slug":"laisvoji-murininkija-simboliai-paslaptys-reiksme-defektuotas-kampas","status":"publish","type":"product","link":"https:\/\/skaitytaknyga.lt\/en\/produktas\/laisvoji-murininkija-simboliai-paslaptys-reiksme-defektuotas-kampas\/","title":{"rendered":"Laisvoji m\u016brininkija: simboliai, paslaptys, reik\u0161m\u0117 (defektuotas kampas)"},"content":{"rendered":"<p>Senovin\u0117mis apeigomis, kruop\u0161\u010diai saugomomis paslaptimis, m\u012fslingais simboliais ir intriguojan\u010diomis regalijomis Laisvoji m\u016brininkija traukia d\u0117mes\u012f jau tris \u0161imtus met\u0173, bet d\u0117l sl\u0117piningumo radosi mit\u0173 ir daug nesusipratim\u0173. Pasitelkiant kai kurias pasaulio did\u017eiausias masoni\u0161kos med\u017eiagos kolekcijas, taip pat daugel\u012f anks\u010diau nepublikuot\u0173 objekt\u0173, knygoje unikaliai pateikiamas prieinamas, \u012fsp\u016bdingas ir i\u0161samus \u0161ios organizacijos vaizdas. \u010cia aptariamos ordino i\u0161takos ir istorija, laipsni\u0173 ritual\u0173 koncepcinis pagrindas, nuolat kintantys laisv\u0173j\u0173 m\u016brinink\u0173 ir pla\u010diosios visuomen\u0117s santykiai (apimant moter\u0173 vaidmen\u012f Laisvojoje m\u016brininkijoje ir prie\u0161inim\u0105si masonijai), su laisvaisiais m\u016brininkais siejamos m\u012fsl\u0117s bei sl\u0117piniai ir galiausiai ap\u017evelgiami i\u0161kiliausi \u012fvairi\u0173 laik\u0173 broliai.<\/p>\n<p>Visas vaizdas u\u017ebaigiamas nuodugniai nu\u0161vie\u010diant \u012fvairius auk\u0161tuosius laipsnius ir asocijuotas organizacijas visame pasaulyje, tarp j\u0173 \u2013 \u0160vent\u0105j\u0105 karali\u0161k\u0105j\u0105 ark\u0105, Tamplierius bei \u0160kotijos ir Jorko ritualus. \u0160ioje knygoje, su stulbinan\u010diomis spalvotomis iliustracijomis ir giliomis ilgame\u010dio laisvojo m\u016brininko \u012f\u017evalgomis, faktai atsijojami nuo prasimanym\u0173 ir m\u016bs\u0173 \u017evilgsniui atveriami nauji, fundamentalesni sl\u0117piniai.<\/p>\n<p>Senovin\u0117mis apeigomis, kruop\u0161\u010diai saugomomis paslaptimis, m\u012fslingais simboliais ir intriguojan\u010diomis regalijomis Laisvoji m\u016brininkija traukia d\u0117mes\u012f jau tris \u0161imtus met\u0173, bet d\u0117l sl\u0117piningumo radosi mit\u0173 ir daug nesusipratim\u0173. Pasitelkiant kai kurias pasaulio did\u017eiausias masoni\u0161kos med\u017eiagos kolekcijas, taip pat daugel\u012f anks\u010diau nepublikuot\u0173 objekt\u0173, knygoje unikaliai pateikiamas prieinamas, \u012fsp\u016bdingas ir i\u0161samus \u0161ios organizacijos vaizdas. \u010cia aptariamos ordino i\u0161takos ir istorija, laipsni\u0173 ritual\u0173 koncepcinis pagrindas, nuolat kintantys laisv\u0173j\u0173 m\u016brinink\u0173 ir pla\u010diosios visuomen\u0117s santykiai (apimant moter\u0173 vaidmen\u012f Laisvojoje m\u016brininkijoje ir prie\u0161inim\u0105si masonijai), su laisvaisiais m\u016brininkais siejamos m\u012fsl\u0117s bei sl\u0117piniai ir galiausiai ap\u017evelgiami i\u0161kiliausi \u012fvairi\u0173 laik\u0173 broliai.<\/p>\n<p>Visas vaizdas u\u017ebaigiamas nuodugniai nu\u0161vie\u010diant \u012fvairius auk\u0161tuosius laipsnius ir asocijuotas organizacijas visame pasaulyje, tarp j\u0173 \u2013 \u0160vent\u0105j\u0105 karali\u0161k\u0105j\u0105 ark\u0105, Tamplierius bei \u0160kotijos ir Jorko ritualus. \u0160ioje knygoje, su stulbinan\u010diomis spalvotomis iliustracijomis ir giliomis ilgame\u010dio laisvojo m\u016brininko \u012f\u017evalgomis, faktai atsijojami nuo prasimanym\u0173 ir m\u016bs\u0173 \u017evilgsniui atveriami nauji, fundamentalesni sl\u0117piniai.<\/p>\n<ul class=\"about-product d-none d-xl-block mt-4\">\n<li><strong>Autorius:<\/strong>\u00a0W. Kirk MacNulty<\/li>\n<li><strong>Leid\u0117jas:<\/strong>\u00a0Flavija<\/li>\n<li><strong>Metai:<\/strong>\u00a02018<\/li>\n<li><strong>Puslapiai:<\/strong>\u00a0320<\/li>\n<li class=\"toggleable type-new-formats \"><strong>ISBN:<\/strong>\u00a09789955844020<\/li>\n<li><strong>Versijos kodas:<\/strong>\u00a0PT.<\/li>\n<li class=\"toggleable type-new-formats \"><strong>Formatas:<\/strong>\u00a022,5 x 24 x 2,8 cm, kieti vir\u0161eliai<\/li>\n<li><strong>Kalba:<\/strong>\u00a0Lietuvi\u0173<\/li>\n<li><strong>Vert\u0117jas:<\/strong>\u00a0Laimantas Jonu\u0161ys<\/li>\n<\/ul>\n","protected":false},"excerpt":{"rendered":"<p>Senovin\u0117mis apeigomis, kruop\u0161\u010diai saugomomis paslaptimis, m\u012fslingais simboliais ir intriguojan\u010diomis regalijomis Laisvoji m\u016brininkija traukia d\u0117mes\u012f jau tris \u0161imtus met\u0173, bet d\u0117l sl\u0117piningumo radosi mit\u0173 ir daug nesusipratim\u0173. Pasitelkiant kai kurias pasaulio did\u017eiausias masoni\u0161kos med\u017eiagos kolekcijas, taip pat daugel\u012f anks\u010diau nepublikuot\u0173 objekt\u0173, knygoje unikaliai pateikiamas prieinamas, \u012fsp\u016bdingas ir i\u0161samus \u0161ios organizacijos vaizdas. \u010cia aptariamos ordino i\u0161takos ir istorija, laipsni\u0173 ritual\u0173 koncepcinis pagrindas, nuolat kintantys laisv\u0173j\u0173 m\u016brinink\u0173 ir pla\u010diosios visuomen\u0117s santykiai (apimant moter\u0173 vaidmen\u012f Laisvojoje m\u016brininkijoje ir prie\u0161inim\u0105si masonijai), su laisvaisiais m\u016brininkais siejamos m\u012fsl\u0117s bei sl\u0117piniai ir galiausiai ap\u017evelgiami i\u0161kiliausi \u012fvairi\u0173 laik\u0173 broliai. Visas vaizdas u\u017ebaigiamas nuodugniai nu\u0161vie\u010diant \u012fvairius auk\u0161tuosius laipsnius ir asocijuotas organizacijas visame pasaulyje, tarp j\u0173 \u2013 \u0160vent\u0105j\u0105 karali\u0161k\u0105j\u0105 ark\u0105, Tamplierius bei \u0160kotijos ir Jorko ritualus. \u0160ioje knygoje, su stulbinan\u010diomis spalvotomis iliustracijomis ir giliomis ilgame\u010dio laisvojo m\u016brininko \u012f\u017evalgomis, faktai atsijojami nuo prasimanym\u0173 ir m\u016bs\u0173 \u017evilgsniui atveriami nauji, fundamentalesni sl\u0117piniai. Senovin\u0117mis apeigomis, kruop\u0161\u010diai saugomomis paslaptimis, m\u012fslingais simboliais ir intriguojan\u010diomis regalijomis Laisvoji m\u016brininkija traukia d\u0117mes\u012f jau tris \u0161imtus met\u0173, bet d\u0117l sl\u0117piningumo radosi mit\u0173 ir daug nesusipratim\u0173. Pasitelkiant kai kurias pasaulio did\u017eiausias masoni\u0161kos med\u017eiagos kolekcijas, taip pat daugel\u012f anks\u010diau nepublikuot\u0173 objekt\u0173, knygoje unikaliai pateikiamas prieinamas, \u012fsp\u016bdingas ir i\u0161samus \u0161ios organizacijos vaizdas. \u010cia aptariamos ordino i\u0161takos ir istorija, laipsni\u0173 ritual\u0173 koncepcinis pagrindas, nuolat kintantys laisv\u0173j\u0173 m\u016brinink\u0173 ir pla\u010diosios visuomen\u0117s santykiai (apimant moter\u0173 vaidmen\u012f Laisvojoje m\u016brininkijoje ir prie\u0161inim\u0105si masonijai), su laisvaisiais m\u016brininkais siejamos m\u012fsl\u0117s bei sl\u0117piniai ir galiausiai ap\u017evelgiami i\u0161kiliausi \u012fvairi\u0173 laik\u0173 broliai. Visas vaizdas u\u017ebaigiamas nuodugniai nu\u0161vie\u010diant \u012fvairius auk\u0161tuosius laipsnius ir asocijuotas organizacijas visame pasaulyje, tarp j\u0173 \u2013 \u0160vent\u0105j\u0105 karali\u0161k\u0105j\u0105 ark\u0105, Tamplierius bei \u0160kotijos ir Jorko ritualus. \u0160ioje knygoje, su stulbinan\u010diomis spalvotomis iliustracijomis ir giliomis ilgame\u010dio laisvojo m\u016brininko \u012f\u017evalgomis, faktai atsijojami nuo prasimanym\u0173 ir m\u016bs\u0173 \u017evilgsniui atveriami nauji, fundamentalesni sl\u0117piniai. Autorius:\u00a0W. Kirk MacNulty Leid\u0117jas:\u00a0Flavija Metai:\u00a02018 Puslapiai:\u00a0320 ISBN:\u00a09789955844020 Versijos kodas:\u00a0PT. Formatas:\u00a022,5 x 24 x 2,8 cm, kieti vir\u0161eliai Kalba:\u00a0Lietuvi\u0173 Vert\u0117jas:\u00a0Laimantas Jonu\u0161ys<\/p>\n","protected":false},"featured_media":14308,"comment_status":"open","ping_status":"closed","template":"","meta":{"_acf_changed":false,"site-sidebar-layout":"default","site-content-layout":"","ast-site-content-layout":"default","site-content-style":"default","site-sidebar-style":"default","ast-global-header-display":"","ast-banner-title-visibility":"","ast-main-header-display":"","ast-hfb-above-header-display":"","ast-hfb-below-header-display":"","ast-hfb-mobile-header-display":"","site-post-title":"","ast-breadcrumbs-content":"","ast-featured-img":"","footer-sml-layout":"","ast-disable-related-posts":"","theme-transparent-header-meta":"default","adv-header-id-meta":"","stick-header-meta":"","header-above-stick-meta":"","header-main-stick-meta":"","header-below-stick-meta":"","astra-migrate-meta-layouts":"set","ast-page-background-enabled":"default","ast-page-background-meta":{"desktop":{"background-color":"","background-image":"","background-repeat":"repeat","background-position":"center center","background-size":"auto","background-attachment":"scroll","background-type":"","background-media":"","overlay-type":"","overlay-color":"","overlay-opacity":"","overlay-gradient":""},"tablet":{"background-color":"","background-image":"","background-repeat":"repeat","background-position":"center center","background-size":"auto","background-attachment":"scroll","background-type":"","background-media":"","overlay-type":"","overlay-color":"","overlay-opacity":"","overlay-gradient":""},"mobile":{"background-color":"","background-image":"","background-repeat":"repeat","background-position":"center center","background-size":"auto","background-attachment":"scroll","background-type":"","background-media":"","overlay-type":"","overlay-color":"","overlay-opacity":"","overlay-gradient":""}},"ast-content-background-meta":{"desktop":{"background-color":"var(--ast-global-color-4)","background-image":"","background-repeat":"repeat","background-position":"center center","background-size":"auto","background-attachment":"scroll","background-type":"","background-media":"","overlay-type":"","overlay-color":"","overlay-opacity":"","overlay-gradient":""},"tablet":{"background-color":"var(--ast-global-color-4)","background-image":"","background-repeat":"repeat","background-position":"center center","background-size":"auto","background-attachment":"scroll","background-type":"","background-media":"","overlay-type":"","overlay-color":"","overlay-opacity":"","overlay-gradient":""},"mobile":{"background-color":"var(--ast-global-color-4)","background-image":"","background-repeat":"repeat","background-position":"center center","background-size":"auto","background-attachment":"scroll","background-type":"","background-media":"","overlay-type":"","overlay-color":"","overlay-opacity":"","overlay-gradient":""}}},"product_brand":[],"product_cat":[174,15],"product_tag":[],"class_list":{"0":"post-14287","1":"product","2":"type-product","3":"status-publish","4":"has-post-thumbnail","6":"product_cat-istorija-ir-politologija","7":"product_cat-uncategorized","8":"desktop-align-left","9":"tablet-align-left","10":"mobile-align-left","12":"first","13":"instock","14":"shipping-taxable","15":"purchasable","16":"product-type-simple"},"acf":[],"yoast_head":"<!-- This site is optimized with the Yoast SEO plugin v27.0 - https:\/\/yoast.com\/product\/yoast-seo-wordpress\/ -->\n<title>Laisvoji m\u016brininkija: simboliai, paslaptys, reik\u0161m\u0117 (defektuotas kampas)<\/title>\n<meta name=\"description\" content=\"Senovin\u0117mis apeigomis, kruop\u0161\u010diai saugomomis paslaptimis, m\u012fslingais simboliais ir intriguojan\u010diomis regalijomis Laisvoji m\u016brininkija traukia d\u0117mes\u012f jau\" \/>\n<meta name=\"robots\" content=\"index, follow, max-snippet:-1, max-image-preview:large, max-video-preview:-1\" \/>\n<link rel=\"canonical\" href=\"https:\/\/skaitytaknyga.lt\/en\/produktas\/laisvoji-murininkija-simboliai-paslaptys-reiksme-defektuotas-kampas\/\" \/>\n<meta property=\"og:locale\" content=\"en_GB\" \/>\n<meta property=\"og:locale:alternate\" content=\"lt_LT\" \/>\n<meta property=\"og:type\" content=\"article\" \/>\n<meta property=\"og:title\" content=\"Laisvoji m\u016brininkija: simboliai, paslaptys, reik\u0161m\u0117 (defektuotas kampas)\" \/>\n<meta property=\"og:description\" content=\"Senovin\u0117mis apeigomis, kruop\u0161\u010diai saugomomis paslaptimis, m\u012fslingais simboliais ir intriguojan\u010diomis regalijomis Laisvoji m\u016brininkija traukia d\u0117mes\u012f jau\" \/>\n<meta property=\"og:url\" content=\"https:\/\/skaitytaknyga.lt\/en\/produktas\/laisvoji-murininkija-simboliai-paslaptys-reiksme-defektuotas-kampas\/\" \/>\n<meta property=\"og:site_name\" content=\"Skaitytaknyga\" \/>\n<meta property=\"article:publisher\" content=\"https:\/\/www.facebook.com\/skaitytaknyga\/\" \/>\n<meta property=\"article:modified_time\" content=\"2024-10-18T08:46:05+00:00\" \/>\n<meta property=\"og:image\" content=\"https:\/\/skaitytaknyga.lt\/wp-content\/uploads\/2024\/10\/Laisvoji-murininkija-simboliai-paslaptys-reiksme.webp\" \/>\n\t<meta property=\"og:image:width\" content=\"455\" \/>\n\t<meta property=\"og:image:height\" content=\"494\" \/>\n\t<meta property=\"og:image:type\" content=\"image\/webp\" \/>\n<meta name=\"twitter:card\" content=\"summary_large_image\" \/>\n<meta name=\"twitter:label1\" content=\"Estimated reading time\" \/>\n\t<meta name=\"twitter:data1\" content=\"2 minutes\" \/>\n<script type=\"application\/ld+json\" class=\"yoast-schema-graph\">{\"@context\":\"https:\/\/schema.org\",\"@graph\":[{\"@type\":\"WebPage\",\"@id\":\"https:\/\/skaitytaknyga.lt\/produktas\/laisvoji-murininkija-simboliai-paslaptys-reiksme-defektuotas-kampas\/\",\"url\":\"https:\/\/skaitytaknyga.lt\/produktas\/laisvoji-murininkija-simboliai-paslaptys-reiksme-defektuotas-kampas\/\",\"name\":\"Laisvoji m\u016brininkija: simboliai, paslaptys, reik\u0161m\u0117 (defektuotas kampas)\",\"isPartOf\":{\"@id\":\"https:\/\/skaitytaknyga.lt\/#website\"},\"primaryImageOfPage\":{\"@id\":\"https:\/\/skaitytaknyga.lt\/produktas\/laisvoji-murininkija-simboliai-paslaptys-reiksme-defektuotas-kampas\/#primaryimage\"},\"image\":{\"@id\":\"https:\/\/skaitytaknyga.lt\/produktas\/laisvoji-murininkija-simboliai-paslaptys-reiksme-defektuotas-kampas\/#primaryimage\"},\"thumbnailUrl\":\"https:\/\/skaitytaknyga.lt\/wp-content\/uploads\/2024\/10\/Laisvoji-murininkija-simboliai-paslaptys-reiksme.webp\",\"datePublished\":\"2024-10-18T07:33:43+00:00\",\"dateModified\":\"2024-10-18T08:46:05+00:00\",\"description\":\"Senovin\u0117mis apeigomis, kruop\u0161\u010diai saugomomis paslaptimis, m\u012fslingais simboliais ir intriguojan\u010diomis regalijomis Laisvoji m\u016brininkija traukia d\u0117mes\u012f jau\",\"breadcrumb\":{\"@id\":\"https:\/\/skaitytaknyga.lt\/produktas\/laisvoji-murininkija-simboliai-paslaptys-reiksme-defektuotas-kampas\/#breadcrumb\"},\"inLanguage\":\"en-GB\",\"potentialAction\":[{\"@type\":\"ReadAction\",\"target\":[\"https:\/\/skaitytaknyga.lt\/produktas\/laisvoji-murininkija-simboliai-paslaptys-reiksme-defektuotas-kampas\/\"]}]},{\"@type\":\"ImageObject\",\"inLanguage\":\"en-GB\",\"@id\":\"https:\/\/skaitytaknyga.lt\/produktas\/laisvoji-murininkija-simboliai-paslaptys-reiksme-defektuotas-kampas\/#primaryimage\",\"url\":\"https:\/\/skaitytaknyga.lt\/wp-content\/uploads\/2024\/10\/Laisvoji-murininkija-simboliai-paslaptys-reiksme.webp\",\"contentUrl\":\"https:\/\/skaitytaknyga.lt\/wp-content\/uploads\/2024\/10\/Laisvoji-murininkija-simboliai-paslaptys-reiksme.webp\",\"width\":455,\"height\":494,\"caption\":\"Laisvoji m\u016brininkija: simboliai, paslaptys, reik\u0161m\u0117 (defektuotas kampas)\"},{\"@type\":\"BreadcrumbList\",\"@id\":\"https:\/\/skaitytaknyga.lt\/produktas\/laisvoji-murininkija-simboliai-paslaptys-reiksme-defektuotas-kampas\/#breadcrumb\",\"itemListElement\":[{\"@type\":\"ListItem\",\"position\":1,\"name\":\"Home\",\"item\":\"https:\/\/skaitytaknyga.lt\/\"},{\"@type\":\"ListItem\",\"position\":2,\"name\":\"Parduotuv\u0117\",\"item\":\"https:\/\/skaitytaknyga.lt\/knygu-parduotuve\/\"},{\"@type\":\"ListItem\",\"position\":3,\"name\":\"Laisvoji m\u016brininkija: simboliai, paslaptys, reik\u0161m\u0117 (defektuotas kampas)\"}]},{\"@type\":\"WebSite\",\"@id\":\"https:\/\/skaitytaknyga.lt\/#website\",\"url\":\"https:\/\/skaitytaknyga.lt\/\",\"name\":\"skaitytaknyga.lt\",\"description\":\"Skaitytaknyga.lt \u2013 tai ma\u017eas \u0161eimos verslas, kuris prasid\u0117jo nuo meil\u0117s knygoms ir siekio i\u0161gelb\u0117ti knygas nuo likimo prie konteinerio. Kas vienam nereikalingas daiktas \u2013 kitam lobis, o mes esame tarpininkai, kurie padeda abiems tapti laimingesniems ???? \u017dinome kaip nelengva i\u0161gyventi ma\u017eiems verslams, tad nuo \u0161iol, \u010dia rasite ir kit\u0173, ma\u017e\u0173 \u0161eim\u0173 versl\u0173, rank\u0173 darbo, dovan\u0173 sau ir artimiesiems.\",\"publisher\":{\"@id\":\"https:\/\/skaitytaknyga.lt\/#organization\"},\"potentialAction\":[{\"@type\":\"SearchAction\",\"target\":{\"@type\":\"EntryPoint\",\"urlTemplate\":\"https:\/\/skaitytaknyga.lt\/?s={search_term_string}\"},\"query-input\":{\"@type\":\"PropertyValueSpecification\",\"valueRequired\":true,\"valueName\":\"search_term_string\"}}],\"inLanguage\":\"en-GB\"},{\"@type\":\"Organization\",\"@id\":\"https:\/\/skaitytaknyga.lt\/#organization\",\"name\":\"skaitytaknyga.lt\",\"url\":\"https:\/\/skaitytaknyga.lt\/\",\"logo\":{\"@type\":\"ImageObject\",\"inLanguage\":\"en-GB\",\"@id\":\"https:\/\/skaitytaknyga.lt\/#\/schema\/logo\/image\/\",\"url\":\"https:\/\/skaitytaknyga.lt\/wp-content\/uploads\/2024\/05\/cropped-cropped-cropped-02_00843_jt3bggkj1j3HLc7SyY6rEUpg.jpeg\",\"contentUrl\":\"https:\/\/skaitytaknyga.lt\/wp-content\/uploads\/2024\/05\/cropped-cropped-cropped-02_00843_jt3bggkj1j3HLc7SyY6rEUpg.jpeg\",\"width\":1600,\"height\":1600,\"caption\":\"skaitytaknyga.lt\"},\"image\":{\"@id\":\"https:\/\/skaitytaknyga.lt\/#\/schema\/logo\/image\/\"},\"sameAs\":[\"https:\/\/www.facebook.com\/skaitytaknyga\/\"]}]}<\/script>\n<!-- \/ Yoast SEO plugin. -->","yoast_head_json":{"title":"Laisvoji m\u016brininkija: simboliai, paslaptys, reik\u0161m\u0117 (defektuotas kampas)","description":"Senovin\u0117mis apeigomis, kruop\u0161\u010diai saugomomis paslaptimis, m\u012fslingais simboliais ir intriguojan\u010diomis regalijomis Laisvoji m\u016brininkija traukia d\u0117mes\u012f jau","robots":{"index":"index","follow":"follow","max-snippet":"max-snippet:-1","max-image-preview":"max-image-preview:large","max-video-preview":"max-video-preview:-1"},"canonical":"https:\/\/skaitytaknyga.lt\/en\/produktas\/laisvoji-murininkija-simboliai-paslaptys-reiksme-defektuotas-kampas\/","og_locale":"en_GB","og_type":"article","og_title":"[:lt]Laisvoji m\u016brininkija: simboliai, paslaptys, reik\u0161m\u0117 (defektuotas kampas)[:] - Skaitytaknyga","og_description":"Senovin\u0117mis apeigomis, kruop\u0161\u010diai saugomomis paslaptimis, m\u012fslingais simboliais ir intriguojan\u010diomis regalijomis Laisvoji m\u016brininkija traukia d\u0117mes\u012f jau","og_url":"https:\/\/skaitytaknyga.lt\/en\/produktas\/laisvoji-murininkija-simboliai-paslaptys-reiksme-defektuotas-kampas\/","og_site_name":"Skaitytaknyga","article_publisher":"https:\/\/www.facebook.com\/skaitytaknyga\/","article_modified_time":"2024-10-18T08:46:05+00:00","og_image":[{"width":455,"height":494,"url":"https:\/\/skaitytaknyga.lt\/wp-content\/uploads\/2024\/10\/Laisvoji-murininkija-simboliai-paslaptys-reiksme.webp","type":"image\/webp"}],"twitter_card":"summary_large_image","twitter_misc":{"Estimated reading time":"2 minutes"},"schema":{"@context":"https:\/\/schema.org","@graph":[{"@type":"WebPage","@id":"https:\/\/skaitytaknyga.lt\/produktas\/laisvoji-murininkija-simboliai-paslaptys-reiksme-defektuotas-kampas\/","url":"https:\/\/skaitytaknyga.lt\/produktas\/laisvoji-murininkija-simboliai-paslaptys-reiksme-defektuotas-kampas\/","name":"Laisvoji m\u016brininkija: simboliai, paslaptys, reik\u0161m\u0117 (defektuotas kampas)","isPartOf":{"@id":"https:\/\/skaitytaknyga.lt\/#website"},"primaryImageOfPage":{"@id":"https:\/\/skaitytaknyga.lt\/produktas\/laisvoji-murininkija-simboliai-paslaptys-reiksme-defektuotas-kampas\/#primaryimage"},"image":{"@id":"https:\/\/skaitytaknyga.lt\/produktas\/laisvoji-murininkija-simboliai-paslaptys-reiksme-defektuotas-kampas\/#primaryimage"},"thumbnailUrl":"https:\/\/skaitytaknyga.lt\/wp-content\/uploads\/2024\/10\/Laisvoji-murininkija-simboliai-paslaptys-reiksme.webp","datePublished":"2024-10-18T07:33:43+00:00","dateModified":"2024-10-18T08:46:05+00:00","description":"Senovin\u0117mis apeigomis, kruop\u0161\u010diai saugomomis paslaptimis, m\u012fslingais simboliais ir intriguojan\u010diomis regalijomis Laisvoji m\u016brininkija traukia d\u0117mes\u012f jau","breadcrumb":{"@id":"https:\/\/skaitytaknyga.lt\/produktas\/laisvoji-murininkija-simboliai-paslaptys-reiksme-defektuotas-kampas\/#breadcrumb"},"inLanguage":"en-GB","potentialAction":[{"@type":"ReadAction","target":["https:\/\/skaitytaknyga.lt\/produktas\/laisvoji-murininkija-simboliai-paslaptys-reiksme-defektuotas-kampas\/"]}]},{"@type":"ImageObject","inLanguage":"en-GB","@id":"https:\/\/skaitytaknyga.lt\/produktas\/laisvoji-murininkija-simboliai-paslaptys-reiksme-defektuotas-kampas\/#primaryimage","url":"https:\/\/skaitytaknyga.lt\/wp-content\/uploads\/2024\/10\/Laisvoji-murininkija-simboliai-paslaptys-reiksme.webp","contentUrl":"https:\/\/skaitytaknyga.lt\/wp-content\/uploads\/2024\/10\/Laisvoji-murininkija-simboliai-paslaptys-reiksme.webp","width":455,"height":494,"caption":"Laisvoji m\u016brininkija: simboliai, paslaptys, reik\u0161m\u0117 (defektuotas kampas)"},{"@type":"BreadcrumbList","@id":"https:\/\/skaitytaknyga.lt\/produktas\/laisvoji-murininkija-simboliai-paslaptys-reiksme-defektuotas-kampas\/#breadcrumb","itemListElement":[{"@type":"ListItem","position":1,"name":"Home","item":"https:\/\/skaitytaknyga.lt\/"},{"@type":"ListItem","position":2,"name":"Parduotuv\u0117","item":"https:\/\/skaitytaknyga.lt\/knygu-parduotuve\/"},{"@type":"ListItem","position":3,"name":"Laisvoji m\u016brininkija: simboliai, paslaptys, reik\u0161m\u0117 (defektuotas kampas)"}]},{"@type":"WebSite","@id":"https:\/\/skaitytaknyga.lt\/#website","url":"https:\/\/skaitytaknyga.lt\/","name":"skaitytaknyga.lt","description":"Skaitytaknyga.lt \u2013 tai ma\u017eas \u0161eimos verslas, kuris prasid\u0117jo nuo meil\u0117s knygoms ir siekio i\u0161gelb\u0117ti knygas nuo likimo prie konteinerio. Kas vienam nereikalingas daiktas \u2013 kitam lobis, o mes esame tarpininkai, kurie padeda abiems tapti laimingesniems ???? \u017dinome kaip nelengva i\u0161gyventi ma\u017eiems verslams, tad nuo \u0161iol, \u010dia rasite ir kit\u0173, ma\u017e\u0173 \u0161eim\u0173 versl\u0173, rank\u0173 darbo, dovan\u0173 sau ir artimiesiems.","publisher":{"@id":"https:\/\/skaitytaknyga.lt\/#organization"},"potentialAction":[{"@type":"SearchAction","target":{"@type":"EntryPoint","urlTemplate":"https:\/\/skaitytaknyga.lt\/?s={search_term_string}"},"query-input":{"@type":"PropertyValueSpecification","valueRequired":true,"valueName":"search_term_string"}}],"inLanguage":"en-GB"},{"@type":"Organization","@id":"https:\/\/skaitytaknyga.lt\/#organization","name":"skaitytaknyga.lt","url":"https:\/\/skaitytaknyga.lt\/","logo":{"@type":"ImageObject","inLanguage":"en-GB","@id":"https:\/\/skaitytaknyga.lt\/#\/schema\/logo\/image\/","url":"https:\/\/skaitytaknyga.lt\/wp-content\/uploads\/2024\/05\/cropped-cropped-cropped-02_00843_jt3bggkj1j3HLc7SyY6rEUpg.jpeg","contentUrl":"https:\/\/skaitytaknyga.lt\/wp-content\/uploads\/2024\/05\/cropped-cropped-cropped-02_00843_jt3bggkj1j3HLc7SyY6rEUpg.jpeg","width":1600,"height":1600,"caption":"skaitytaknyga.lt"},"image":{"@id":"https:\/\/skaitytaknyga.lt\/#\/schema\/logo\/image\/"},"sameAs":["https:\/\/www.facebook.com\/skaitytaknyga\/"]}]}},"_links":{"self":[{"href":"https:\/\/skaitytaknyga.lt\/en\/wp-json\/wp\/v2\/product\/14287","targetHints":{"allow":["GET"]}}],"collection":[{"href":"https:\/\/skaitytaknyga.lt\/en\/wp-json\/wp\/v2\/product"}],"about":[{"href":"https:\/\/skaitytaknyga.lt\/en\/wp-json\/wp\/v2\/types\/product"}],"replies":[{"embeddable":true,"href":"https:\/\/skaitytaknyga.lt\/en\/wp-json\/wp\/v2\/comments?post=14287"}],"wp:featuredmedia":[{"embeddable":true,"href":"https:\/\/skaitytaknyga.lt\/en\/wp-json\/wp\/v2\/media\/14308"}],"wp:attachment":[{"href":"https:\/\/skaitytaknyga.lt\/en\/wp-json\/wp\/v2\/media?parent=14287"}],"wp:term":[{"taxonomy":"product_brand","embeddable":true,"href":"https:\/\/skaitytaknyga.lt\/en\/wp-json\/wp\/v2\/product_brand?post=14287"},{"taxonomy":"product_cat","embeddable":true,"href":"https:\/\/skaitytaknyga.lt\/en\/wp-json\/wp\/v2\/product_cat?post=14287"},{"taxonomy":"product_tag","embeddable":true,"href":"https:\/\/skaitytaknyga.lt\/en\/wp-json\/wp\/v2\/product_tag?post=14287"}],"curies":[{"name":"wp","href":"https:\/\/api.w.org\/{rel}","templated":true}]}}