{"id":14285,"date":"2024-10-18T10:33:43","date_gmt":"2024-10-18T07:33:43","guid":{"rendered":"https:\/\/skaitytaknyga.lt\/?post_type=product&#038;p=14285"},"modified":"2024-10-18T11:44:23","modified_gmt":"2024-10-18T08:44:23","slug":"dvidesimtas-pavasaris-pusis-kuri-juokesi","status":"publish","type":"product","link":"https:\/\/skaitytaknyga.lt\/en\/produktas\/dvidesimtas-pavasaris-pusis-kuri-juokesi\/","title":{"rendered":"Dvide\u0161imtas pavasaris. Pu\u0161is, kuri juok\u0117si"},"content":{"rendered":"<p>\u0160ioje knygoje pateikiama poema &#8220;Dvide\u0161imtas pavasaris&#8221; ir apysaka &#8220;Pu\u0161is, kuri juok\u0117si&#8221;. Nepaisant skirting\u0173 \u017eanr\u0173, \u0161iuos k\u016brinius suartina problematika, jaunas herojus ir jo pastangos ie\u0161koti savo vietos socialin\u0117j ir ideologin\u0117j situacijoj. Ir poemoje, ir apysakoje konfliktas su prie\u0161taringa tikrove, gilesnis, skausmingesnis gyvenimo ir \u017emogaus pa\u017einimas formuoja aktyvi\u0105 asmenyb\u0119, teigian\u010di\u0105 darbo ir k\u016brybos prasmingum\u0105 bei gro\u017e\u012f.<\/p>\n<ul class=\"about-product d-none d-xl-block mt-4\">\n<li><strong>Autorius:<\/strong>\u00a0Justinas Marcinkevi\u010dius<\/li>\n<li><strong>Leid\u0117jas:<\/strong>\u00a0Vaga<\/li>\n<li><strong>Metai:<\/strong>\u00a01976<\/li>\n<li><strong>Puslapiai:<\/strong>\u00a0331<\/li>\n<li class=\"toggleable type-new-formats \"><strong>Formatas:<\/strong>\u00a013 x 20,5 x 2 cm, kieti vir\u0161eliai<\/li>\n<li><strong>Kalba:<\/strong>\u00a0Lietuvi\u0173<\/li>\n<\/ul>\n","protected":false},"excerpt":{"rendered":"<p>\u0160ioje knygoje pateikiama poema &#8220;Dvide\u0161imtas pavasaris&#8221; ir apysaka &#8220;Pu\u0161is, kuri juok\u0117si&#8221;. Nepaisant skirting\u0173 \u017eanr\u0173, \u0161iuos k\u016brinius suartina problematika, jaunas herojus ir jo pastangos ie\u0161koti savo vietos socialin\u0117j ir ideologin\u0117j situacijoj. Ir poemoje, ir apysakoje konfliktas su prie\u0161taringa tikrove, gilesnis, skausmingesnis gyvenimo ir \u017emogaus pa\u017einimas formuoja aktyvi\u0105 asmenyb\u0119, teigian\u010di\u0105 darbo ir k\u016brybos prasmingum\u0105 bei gro\u017e\u012f. Autorius:\u00a0Justinas Marcinkevi\u010dius Leid\u0117jas:\u00a0Vaga Metai:\u00a01976 Puslapiai:\u00a0331 Formatas:\u00a013 x 20,5 x 2 cm, kieti vir\u0161eliai Kalba:\u00a0Lietuvi\u0173<\/p>\n","protected":false},"featured_media":14309,"comment_status":"open","ping_status":"closed","template":"","meta":{"_acf_changed":false,"site-sidebar-layout":"default","site-content-layout":"","ast-site-content-layout":"default","site-content-style":"default","site-sidebar-style":"default","ast-global-header-display":"","ast-banner-title-visibility":"","ast-main-header-display":"","ast-hfb-above-header-display":"","ast-hfb-below-header-display":"","ast-hfb-mobile-header-display":"","site-post-title":"","ast-breadcrumbs-content":"","ast-featured-img":"","footer-sml-layout":"","ast-disable-related-posts":"","theme-transparent-header-meta":"default","adv-header-id-meta":"","stick-header-meta":"","header-above-stick-meta":"","header-main-stick-meta":"","header-below-stick-meta":"","astra-migrate-meta-layouts":"set","ast-page-background-enabled":"default","ast-page-background-meta":{"desktop":{"background-color":"","background-image":"","background-repeat":"repeat","background-position":"center center","background-size":"auto","background-attachment":"scroll","background-type":"","background-media":"","overlay-type":"","overlay-color":"","overlay-opacity":"","overlay-gradient":""},"tablet":{"background-color":"","background-image":"","background-repeat":"repeat","background-position":"center center","background-size":"auto","background-attachment":"scroll","background-type":"","background-media":"","overlay-type":"","overlay-color":"","overlay-opacity":"","overlay-gradient":""},"mobile":{"background-color":"","background-image":"","background-repeat":"repeat","background-position":"center center","background-size":"auto","background-attachment":"scroll","background-type":"","background-media":"","overlay-type":"","overlay-color":"","overlay-opacity":"","overlay-gradient":""}},"ast-content-background-meta":{"desktop":{"background-color":"var(--ast-global-color-4)","background-image":"","background-repeat":"repeat","background-position":"center center","background-size":"auto","background-attachment":"scroll","background-type":"","background-media":"","overlay-type":"","overlay-color":"","overlay-opacity":"","overlay-gradient":""},"tablet":{"background-color":"var(--ast-global-color-4)","background-image":"","background-repeat":"repeat","background-position":"center center","background-size":"auto","background-attachment":"scroll","background-type":"","background-media":"","overlay-type":"","overlay-color":"","overlay-opacity":"","overlay-gradient":""},"mobile":{"background-color":"var(--ast-global-color-4)","background-image":"","background-repeat":"repeat","background-position":"center center","background-size":"auto","background-attachment":"scroll","background-type":"","background-media":"","overlay-type":"","overlay-color":"","overlay-opacity":"","overlay-gradient":""}}},"product_brand":[],"product_cat":[1085,15],"product_tag":[],"class_list":{"0":"post-14285","1":"product","2":"type-product","3":"status-publish","4":"has-post-thumbnail","6":"product_cat-poezija","7":"product_cat-uncategorized","8":"desktop-align-left","9":"tablet-align-left","10":"mobile-align-left","12":"first","13":"instock","14":"shipping-taxable","15":"purchasable","16":"product-type-simple"},"acf":[],"yoast_head":"<!-- This site is optimized with the Yoast SEO plugin v27.0 - https:\/\/yoast.com\/product\/yoast-seo-wordpress\/ -->\n<title>Dvide\u0161imtas pavasaris. Pu\u0161is, kuri juok\u0117si<\/title>\n<meta name=\"description\" content=\"\u0160ioje knygoje pateikiama poema &quot;Dvide\u0161imtas pavasaris&quot; ir apysaka &quot;Pu\u0161is, kuri juok\u0117si&quot;. Nepaisant skirting\u0173 \u017eanr\u0173, \u0161iuos k\u016brinius suartina problematika,\" \/>\n<meta name=\"robots\" content=\"index, follow, max-snippet:-1, max-image-preview:large, max-video-preview:-1\" \/>\n<link rel=\"canonical\" href=\"https:\/\/skaitytaknyga.lt\/en\/produktas\/dvidesimtas-pavasaris-pusis-kuri-juokesi\/\" \/>\n<meta property=\"og:locale\" content=\"en_GB\" \/>\n<meta property=\"og:locale:alternate\" content=\"lt_LT\" \/>\n<meta property=\"og:type\" content=\"article\" \/>\n<meta property=\"og:title\" content=\"Dvide\u0161imtas pavasaris. Pu\u0161is, kuri juok\u0117si\" \/>\n<meta property=\"og:description\" content=\"\u0160ioje knygoje pateikiama poema &quot;Dvide\u0161imtas pavasaris&quot; ir apysaka &quot;Pu\u0161is, kuri juok\u0117si&quot;. Nepaisant skirting\u0173 \u017eanr\u0173, \u0161iuos k\u016brinius suartina problematika,\" \/>\n<meta property=\"og:url\" content=\"https:\/\/skaitytaknyga.lt\/en\/produktas\/dvidesimtas-pavasaris-pusis-kuri-juokesi\/\" \/>\n<meta property=\"og:site_name\" content=\"Skaitytaknyga\" \/>\n<meta property=\"article:publisher\" content=\"https:\/\/www.facebook.com\/skaitytaknyga\/\" \/>\n<meta property=\"article:modified_time\" content=\"2024-10-18T08:44:23+00:00\" \/>\n<meta property=\"og:image\" content=\"https:\/\/skaitytaknyga.lt\/wp-content\/uploads\/2024\/10\/Dvidesimtas-pavasaris.-Pusis-kuri-juokesi.webp\" \/>\n\t<meta property=\"og:image:width\" content=\"501\" \/>\n\t<meta property=\"og:image:height\" content=\"800\" \/>\n\t<meta property=\"og:image:type\" content=\"image\/webp\" \/>\n<meta name=\"twitter:card\" content=\"summary_large_image\" \/>\n<meta name=\"twitter:label1\" content=\"Estimated reading time\" \/>\n\t<meta name=\"twitter:data1\" content=\"1 minute\" \/>\n<script type=\"application\/ld+json\" class=\"yoast-schema-graph\">{\"@context\":\"https:\/\/schema.org\",\"@graph\":[{\"@type\":\"WebPage\",\"@id\":\"https:\/\/skaitytaknyga.lt\/produktas\/dvidesimtas-pavasaris-pusis-kuri-juokesi\/\",\"url\":\"https:\/\/skaitytaknyga.lt\/produktas\/dvidesimtas-pavasaris-pusis-kuri-juokesi\/\",\"name\":\"Dvide\u0161imtas pavasaris. Pu\u0161is, kuri juok\u0117si\",\"isPartOf\":{\"@id\":\"https:\/\/skaitytaknyga.lt\/#website\"},\"primaryImageOfPage\":{\"@id\":\"https:\/\/skaitytaknyga.lt\/produktas\/dvidesimtas-pavasaris-pusis-kuri-juokesi\/#primaryimage\"},\"image\":{\"@id\":\"https:\/\/skaitytaknyga.lt\/produktas\/dvidesimtas-pavasaris-pusis-kuri-juokesi\/#primaryimage\"},\"thumbnailUrl\":\"https:\/\/skaitytaknyga.lt\/wp-content\/uploads\/2024\/10\/Dvidesimtas-pavasaris.-Pusis-kuri-juokesi.webp\",\"datePublished\":\"2024-10-18T07:33:43+00:00\",\"dateModified\":\"2024-10-18T08:44:23+00:00\",\"description\":\"\u0160ioje knygoje pateikiama poema \\\"Dvide\u0161imtas pavasaris\\\" ir apysaka \\\"Pu\u0161is, kuri juok\u0117si\\\". Nepaisant skirting\u0173 \u017eanr\u0173, \u0161iuos k\u016brinius suartina problematika,\",\"breadcrumb\":{\"@id\":\"https:\/\/skaitytaknyga.lt\/produktas\/dvidesimtas-pavasaris-pusis-kuri-juokesi\/#breadcrumb\"},\"inLanguage\":\"en-GB\",\"potentialAction\":[{\"@type\":\"ReadAction\",\"target\":[\"https:\/\/skaitytaknyga.lt\/produktas\/dvidesimtas-pavasaris-pusis-kuri-juokesi\/\"]}]},{\"@type\":\"ImageObject\",\"inLanguage\":\"en-GB\",\"@id\":\"https:\/\/skaitytaknyga.lt\/produktas\/dvidesimtas-pavasaris-pusis-kuri-juokesi\/#primaryimage\",\"url\":\"https:\/\/skaitytaknyga.lt\/wp-content\/uploads\/2024\/10\/Dvidesimtas-pavasaris.-Pusis-kuri-juokesi.webp\",\"contentUrl\":\"https:\/\/skaitytaknyga.lt\/wp-content\/uploads\/2024\/10\/Dvidesimtas-pavasaris.-Pusis-kuri-juokesi.webp\",\"width\":501,\"height\":800,\"caption\":\"Dvide\u0161imtas pavasaris. Pu\u0161is, kuri juok\u0117si\"},{\"@type\":\"BreadcrumbList\",\"@id\":\"https:\/\/skaitytaknyga.lt\/produktas\/dvidesimtas-pavasaris-pusis-kuri-juokesi\/#breadcrumb\",\"itemListElement\":[{\"@type\":\"ListItem\",\"position\":1,\"name\":\"Home\",\"item\":\"https:\/\/skaitytaknyga.lt\/\"},{\"@type\":\"ListItem\",\"position\":2,\"name\":\"Parduotuv\u0117\",\"item\":\"https:\/\/skaitytaknyga.lt\/knygu-parduotuve\/\"},{\"@type\":\"ListItem\",\"position\":3,\"name\":\"Dvide\u0161imtas pavasaris. Pu\u0161is, kuri juok\u0117si\"}]},{\"@type\":\"WebSite\",\"@id\":\"https:\/\/skaitytaknyga.lt\/#website\",\"url\":\"https:\/\/skaitytaknyga.lt\/\",\"name\":\"skaitytaknyga.lt\",\"description\":\"Skaitytaknyga.lt \u2013 tai ma\u017eas \u0161eimos verslas, kuris prasid\u0117jo nuo meil\u0117s knygoms ir siekio i\u0161gelb\u0117ti knygas nuo likimo prie konteinerio. Kas vienam nereikalingas daiktas \u2013 kitam lobis, o mes esame tarpininkai, kurie padeda abiems tapti laimingesniems ???? \u017dinome kaip nelengva i\u0161gyventi ma\u017eiems verslams, tad nuo \u0161iol, \u010dia rasite ir kit\u0173, ma\u017e\u0173 \u0161eim\u0173 versl\u0173, rank\u0173 darbo, dovan\u0173 sau ir artimiesiems.\",\"publisher\":{\"@id\":\"https:\/\/skaitytaknyga.lt\/#organization\"},\"potentialAction\":[{\"@type\":\"SearchAction\",\"target\":{\"@type\":\"EntryPoint\",\"urlTemplate\":\"https:\/\/skaitytaknyga.lt\/?s={search_term_string}\"},\"query-input\":{\"@type\":\"PropertyValueSpecification\",\"valueRequired\":true,\"valueName\":\"search_term_string\"}}],\"inLanguage\":\"en-GB\"},{\"@type\":\"Organization\",\"@id\":\"https:\/\/skaitytaknyga.lt\/#organization\",\"name\":\"skaitytaknyga.lt\",\"url\":\"https:\/\/skaitytaknyga.lt\/\",\"logo\":{\"@type\":\"ImageObject\",\"inLanguage\":\"en-GB\",\"@id\":\"https:\/\/skaitytaknyga.lt\/#\/schema\/logo\/image\/\",\"url\":\"https:\/\/skaitytaknyga.lt\/wp-content\/uploads\/2024\/05\/cropped-cropped-cropped-02_00843_jt3bggkj1j3HLc7SyY6rEUpg.jpeg\",\"contentUrl\":\"https:\/\/skaitytaknyga.lt\/wp-content\/uploads\/2024\/05\/cropped-cropped-cropped-02_00843_jt3bggkj1j3HLc7SyY6rEUpg.jpeg\",\"width\":1600,\"height\":1600,\"caption\":\"skaitytaknyga.lt\"},\"image\":{\"@id\":\"https:\/\/skaitytaknyga.lt\/#\/schema\/logo\/image\/\"},\"sameAs\":[\"https:\/\/www.facebook.com\/skaitytaknyga\/\"]}]}<\/script>\n<!-- \/ Yoast SEO plugin. -->","yoast_head_json":{"title":"Dvide\u0161imtas pavasaris. Pu\u0161is, kuri juok\u0117si","description":"\u0160ioje knygoje pateikiama poema \"Dvide\u0161imtas pavasaris\" ir apysaka \"Pu\u0161is, kuri juok\u0117si\". Nepaisant skirting\u0173 \u017eanr\u0173, \u0161iuos k\u016brinius suartina problematika,","robots":{"index":"index","follow":"follow","max-snippet":"max-snippet:-1","max-image-preview":"max-image-preview:large","max-video-preview":"max-video-preview:-1"},"canonical":"https:\/\/skaitytaknyga.lt\/en\/produktas\/dvidesimtas-pavasaris-pusis-kuri-juokesi\/","og_locale":"en_GB","og_type":"article","og_title":"[:lt]Dvide\u0161imtas pavasaris. Pu\u0161is, kuri juok\u0117si[:] - Skaitytaknyga","og_description":"\u0160ioje knygoje pateikiama poema \"Dvide\u0161imtas pavasaris\" ir apysaka \"Pu\u0161is, kuri juok\u0117si\". Nepaisant skirting\u0173 \u017eanr\u0173, \u0161iuos k\u016brinius suartina problematika,","og_url":"https:\/\/skaitytaknyga.lt\/en\/produktas\/dvidesimtas-pavasaris-pusis-kuri-juokesi\/","og_site_name":"Skaitytaknyga","article_publisher":"https:\/\/www.facebook.com\/skaitytaknyga\/","article_modified_time":"2024-10-18T08:44:23+00:00","og_image":[{"width":501,"height":800,"url":"https:\/\/skaitytaknyga.lt\/wp-content\/uploads\/2024\/10\/Dvidesimtas-pavasaris.-Pusis-kuri-juokesi.webp","type":"image\/webp"}],"twitter_card":"summary_large_image","twitter_misc":{"Estimated reading time":"1 minute"},"schema":{"@context":"https:\/\/schema.org","@graph":[{"@type":"WebPage","@id":"https:\/\/skaitytaknyga.lt\/produktas\/dvidesimtas-pavasaris-pusis-kuri-juokesi\/","url":"https:\/\/skaitytaknyga.lt\/produktas\/dvidesimtas-pavasaris-pusis-kuri-juokesi\/","name":"Dvide\u0161imtas pavasaris. Pu\u0161is, kuri juok\u0117si","isPartOf":{"@id":"https:\/\/skaitytaknyga.lt\/#website"},"primaryImageOfPage":{"@id":"https:\/\/skaitytaknyga.lt\/produktas\/dvidesimtas-pavasaris-pusis-kuri-juokesi\/#primaryimage"},"image":{"@id":"https:\/\/skaitytaknyga.lt\/produktas\/dvidesimtas-pavasaris-pusis-kuri-juokesi\/#primaryimage"},"thumbnailUrl":"https:\/\/skaitytaknyga.lt\/wp-content\/uploads\/2024\/10\/Dvidesimtas-pavasaris.-Pusis-kuri-juokesi.webp","datePublished":"2024-10-18T07:33:43+00:00","dateModified":"2024-10-18T08:44:23+00:00","description":"\u0160ioje knygoje pateikiama poema \"Dvide\u0161imtas pavasaris\" ir apysaka \"Pu\u0161is, kuri juok\u0117si\". Nepaisant skirting\u0173 \u017eanr\u0173, \u0161iuos k\u016brinius suartina problematika,","breadcrumb":{"@id":"https:\/\/skaitytaknyga.lt\/produktas\/dvidesimtas-pavasaris-pusis-kuri-juokesi\/#breadcrumb"},"inLanguage":"en-GB","potentialAction":[{"@type":"ReadAction","target":["https:\/\/skaitytaknyga.lt\/produktas\/dvidesimtas-pavasaris-pusis-kuri-juokesi\/"]}]},{"@type":"ImageObject","inLanguage":"en-GB","@id":"https:\/\/skaitytaknyga.lt\/produktas\/dvidesimtas-pavasaris-pusis-kuri-juokesi\/#primaryimage","url":"https:\/\/skaitytaknyga.lt\/wp-content\/uploads\/2024\/10\/Dvidesimtas-pavasaris.-Pusis-kuri-juokesi.webp","contentUrl":"https:\/\/skaitytaknyga.lt\/wp-content\/uploads\/2024\/10\/Dvidesimtas-pavasaris.-Pusis-kuri-juokesi.webp","width":501,"height":800,"caption":"Dvide\u0161imtas pavasaris. Pu\u0161is, kuri juok\u0117si"},{"@type":"BreadcrumbList","@id":"https:\/\/skaitytaknyga.lt\/produktas\/dvidesimtas-pavasaris-pusis-kuri-juokesi\/#breadcrumb","itemListElement":[{"@type":"ListItem","position":1,"name":"Home","item":"https:\/\/skaitytaknyga.lt\/"},{"@type":"ListItem","position":2,"name":"Parduotuv\u0117","item":"https:\/\/skaitytaknyga.lt\/knygu-parduotuve\/"},{"@type":"ListItem","position":3,"name":"Dvide\u0161imtas pavasaris. Pu\u0161is, kuri juok\u0117si"}]},{"@type":"WebSite","@id":"https:\/\/skaitytaknyga.lt\/#website","url":"https:\/\/skaitytaknyga.lt\/","name":"skaitytaknyga.lt","description":"Skaitytaknyga.lt \u2013 tai ma\u017eas \u0161eimos verslas, kuris prasid\u0117jo nuo meil\u0117s knygoms ir siekio i\u0161gelb\u0117ti knygas nuo likimo prie konteinerio. Kas vienam nereikalingas daiktas \u2013 kitam lobis, o mes esame tarpininkai, kurie padeda abiems tapti laimingesniems ???? \u017dinome kaip nelengva i\u0161gyventi ma\u017eiems verslams, tad nuo \u0161iol, \u010dia rasite ir kit\u0173, ma\u017e\u0173 \u0161eim\u0173 versl\u0173, rank\u0173 darbo, dovan\u0173 sau ir artimiesiems.","publisher":{"@id":"https:\/\/skaitytaknyga.lt\/#organization"},"potentialAction":[{"@type":"SearchAction","target":{"@type":"EntryPoint","urlTemplate":"https:\/\/skaitytaknyga.lt\/?s={search_term_string}"},"query-input":{"@type":"PropertyValueSpecification","valueRequired":true,"valueName":"search_term_string"}}],"inLanguage":"en-GB"},{"@type":"Organization","@id":"https:\/\/skaitytaknyga.lt\/#organization","name":"skaitytaknyga.lt","url":"https:\/\/skaitytaknyga.lt\/","logo":{"@type":"ImageObject","inLanguage":"en-GB","@id":"https:\/\/skaitytaknyga.lt\/#\/schema\/logo\/image\/","url":"https:\/\/skaitytaknyga.lt\/wp-content\/uploads\/2024\/05\/cropped-cropped-cropped-02_00843_jt3bggkj1j3HLc7SyY6rEUpg.jpeg","contentUrl":"https:\/\/skaitytaknyga.lt\/wp-content\/uploads\/2024\/05\/cropped-cropped-cropped-02_00843_jt3bggkj1j3HLc7SyY6rEUpg.jpeg","width":1600,"height":1600,"caption":"skaitytaknyga.lt"},"image":{"@id":"https:\/\/skaitytaknyga.lt\/#\/schema\/logo\/image\/"},"sameAs":["https:\/\/www.facebook.com\/skaitytaknyga\/"]}]}},"_links":{"self":[{"href":"https:\/\/skaitytaknyga.lt\/en\/wp-json\/wp\/v2\/product\/14285","targetHints":{"allow":["GET"]}}],"collection":[{"href":"https:\/\/skaitytaknyga.lt\/en\/wp-json\/wp\/v2\/product"}],"about":[{"href":"https:\/\/skaitytaknyga.lt\/en\/wp-json\/wp\/v2\/types\/product"}],"replies":[{"embeddable":true,"href":"https:\/\/skaitytaknyga.lt\/en\/wp-json\/wp\/v2\/comments?post=14285"}],"wp:featuredmedia":[{"embeddable":true,"href":"https:\/\/skaitytaknyga.lt\/en\/wp-json\/wp\/v2\/media\/14309"}],"wp:attachment":[{"href":"https:\/\/skaitytaknyga.lt\/en\/wp-json\/wp\/v2\/media?parent=14285"}],"wp:term":[{"taxonomy":"product_brand","embeddable":true,"href":"https:\/\/skaitytaknyga.lt\/en\/wp-json\/wp\/v2\/product_brand?post=14285"},{"taxonomy":"product_cat","embeddable":true,"href":"https:\/\/skaitytaknyga.lt\/en\/wp-json\/wp\/v2\/product_cat?post=14285"},{"taxonomy":"product_tag","embeddable":true,"href":"https:\/\/skaitytaknyga.lt\/en\/wp-json\/wp\/v2\/product_tag?post=14285"}],"curies":[{"name":"wp","href":"https:\/\/api.w.org\/{rel}","templated":true}]}}