{"id":14278,"date":"2024-10-18T10:33:42","date_gmt":"2024-10-18T07:33:42","guid":{"rendered":"https:\/\/skaitytaknyga.lt\/?post_type=product&#038;p=14278"},"modified":"2024-10-18T11:46:45","modified_gmt":"2024-10-18T08:46:45","slug":"moteris-smelynuose","status":"publish","type":"product","link":"https:\/\/skaitytaknyga.lt\/en\/produktas\/moteris-smelynuose\/","title":{"rendered":"Moteris sm\u0117lynuose"},"content":{"rendered":"<p>Vieni\u0161as mokytojas, entomologas m\u0117g\u0117jas Nikis D\u017eiump\u0117jus per atostogas vyksta \u012f atok\u0173 paj\u016brio kaim\u0105 ir kopose ie\u0161ko neatrastos r\u016b\u0161ies vabalo savo kolekcijai papildyti. Praleid\u017eia autobus\u0105 namo, tad nakvoja kaime, pas vietin\u0119 moter\u012f, sm\u0117lio nuniokotoje troboje sm\u0117lio duob\u0117s. Kit\u0105 ryt\u0105 keliautojas neberanda kop\u0117\u010di\u0173, kuriomis gal\u0117t\u0173 i\u0161lipti i\u0161 duob\u0117s dugno. Nuo tos dienos jis atsiduoda sizifi\u0161kam darbui: kasa sm\u0117l\u012f, taip u\u017esidirba gurk\u0161n\u012f vandens tam, kad toliau kast\u0173 \u2013 taip m\u0117gindamas pasprukt i\u0161 beprasmyb\u0117s gniau\u017et\u0173 jis kovoja su sm\u0117lio mal\u016bnais ir nuo\u017emia aistra moteriai sm\u0117lynuose.<\/p>\n<p><strong>Kobo Abe&#8217;s<\/strong>\u00a0(1924\u20131993) japon\u0173 ra\u0161ytojo avangardisto romanas\u00a0<strong>&#8220;Moteris sm\u0117lynuose&#8221;<\/strong>\u00a0pasirod\u0117 1962 m. Netrukus buvo i\u0161verstas \u012f 20 kalb\u0173, pagal j\u012f re\u017eisierius Hiroshi Teshigahara pastat\u0117 kino film\u0105, kur\u012f 1964 m. Kan\u0173 kino festivalyje pripa\u017eino kino meistrai. Literat\u016bros dykyn\u0117se Kobo Abe&#8217;s romanas Moteris sm\u0117lynuose laikomas kafki\u0161kos, beketi\u0161kos tradicijos, netgi Poe poetikos, t\u0119s\u0117ju.<\/p>\n<ul class=\"about-product d-none d-xl-block mt-4\">\n<li><strong>Originalus pavadinimas:<\/strong>\u00a0The Woman in the Dunes<\/li>\n<li><strong>Autorius:<\/strong>\u00a0Kobo Abe<\/li>\n<li><strong>Leid\u0117jas:<\/strong>\u00a0Lietuvos rytas<\/li>\n<li><strong>Metai:<\/strong>\u00a02007<\/li>\n<li><strong>Puslapiai:<\/strong>\u00a0185<\/li>\n<li class=\"toggleable type-new-formats \"><strong>ISBN:<\/strong>\u00a09788498196702<\/li>\n<li class=\"toggleable type-new-formats \"><strong>Formatas:<\/strong>\u00a012,6 x 21,2 x 1,8 cm, kieti vir\u0161eliai<\/li>\n<li><strong>Kalba:<\/strong>\u00a0Lietuvi\u0173<\/li>\n<li><strong>Vert\u0117jas:<\/strong>\u00a0K\u0119stutis \u0160idi\u0161kis<\/li>\n<\/ul>\n","protected":false},"excerpt":{"rendered":"<p>Vieni\u0161as mokytojas, entomologas m\u0117g\u0117jas Nikis D\u017eiump\u0117jus per atostogas vyksta \u012f atok\u0173 paj\u016brio kaim\u0105 ir kopose ie\u0161ko neatrastos r\u016b\u0161ies vabalo savo kolekcijai papildyti. Praleid\u017eia autobus\u0105 namo, tad nakvoja kaime, pas vietin\u0119 moter\u012f, sm\u0117lio nuniokotoje troboje sm\u0117lio duob\u0117s. Kit\u0105 ryt\u0105 keliautojas neberanda kop\u0117\u010di\u0173, kuriomis gal\u0117t\u0173 i\u0161lipti i\u0161 duob\u0117s dugno. Nuo tos dienos jis atsiduoda sizifi\u0161kam darbui: kasa sm\u0117l\u012f, taip u\u017esidirba gurk\u0161n\u012f vandens tam, kad toliau kast\u0173 \u2013 taip m\u0117gindamas pasprukt i\u0161 beprasmyb\u0117s gniau\u017et\u0173 jis kovoja su sm\u0117lio mal\u016bnais ir nuo\u017emia aistra moteriai sm\u0117lynuose. Kobo Abe&#8217;s\u00a0(1924\u20131993) japon\u0173 ra\u0161ytojo avangardisto romanas\u00a0&#8220;Moteris sm\u0117lynuose&#8221;\u00a0pasirod\u0117 1962 m. Netrukus buvo i\u0161verstas \u012f 20 kalb\u0173, pagal j\u012f re\u017eisierius Hiroshi Teshigahara pastat\u0117 kino film\u0105, kur\u012f 1964 m. Kan\u0173 kino festivalyje pripa\u017eino kino meistrai. Literat\u016bros dykyn\u0117se Kobo Abe&#8217;s romanas Moteris sm\u0117lynuose laikomas kafki\u0161kos, beketi\u0161kos tradicijos, netgi Poe poetikos, t\u0119s\u0117ju. Originalus pavadinimas:\u00a0The Woman in the Dunes Autorius:\u00a0Kobo Abe Leid\u0117jas:\u00a0Lietuvos rytas Metai:\u00a02007 Puslapiai:\u00a0185 ISBN:\u00a09788498196702 Formatas:\u00a012,6 x 21,2 x 1,8 cm, kieti vir\u0161eliai Kalba:\u00a0Lietuvi\u0173 Vert\u0117jas:\u00a0K\u0119stutis \u0160idi\u0161kis<\/p>\n","protected":false},"featured_media":14273,"comment_status":"open","ping_status":"closed","template":"","meta":{"_acf_changed":false,"site-sidebar-layout":"default","site-content-layout":"","ast-site-content-layout":"default","site-content-style":"default","site-sidebar-style":"default","ast-global-header-display":"","ast-banner-title-visibility":"","ast-main-header-display":"","ast-hfb-above-header-display":"","ast-hfb-below-header-display":"","ast-hfb-mobile-header-display":"","site-post-title":"","ast-breadcrumbs-content":"","ast-featured-img":"","footer-sml-layout":"","ast-disable-related-posts":"","theme-transparent-header-meta":"default","adv-header-id-meta":"","stick-header-meta":"","header-above-stick-meta":"","header-main-stick-meta":"","header-below-stick-meta":"","astra-migrate-meta-layouts":"set","ast-page-background-enabled":"default","ast-page-background-meta":{"desktop":{"background-color":"","background-image":"","background-repeat":"repeat","background-position":"center center","background-size":"auto","background-attachment":"scroll","background-type":"","background-media":"","overlay-type":"","overlay-color":"","overlay-opacity":"","overlay-gradient":""},"tablet":{"background-color":"","background-image":"","background-repeat":"repeat","background-position":"center center","background-size":"auto","background-attachment":"scroll","background-type":"","background-media":"","overlay-type":"","overlay-color":"","overlay-opacity":"","overlay-gradient":""},"mobile":{"background-color":"","background-image":"","background-repeat":"repeat","background-position":"center center","background-size":"auto","background-attachment":"scroll","background-type":"","background-media":"","overlay-type":"","overlay-color":"","overlay-opacity":"","overlay-gradient":""}},"ast-content-background-meta":{"desktop":{"background-color":"var(--ast-global-color-4)","background-image":"","background-repeat":"repeat","background-position":"center center","background-size":"auto","background-attachment":"scroll","background-type":"","background-media":"","overlay-type":"","overlay-color":"","overlay-opacity":"","overlay-gradient":""},"tablet":{"background-color":"var(--ast-global-color-4)","background-image":"","background-repeat":"repeat","background-position":"center center","background-size":"auto","background-attachment":"scroll","background-type":"","background-media":"","overlay-type":"","overlay-color":"","overlay-opacity":"","overlay-gradient":""},"mobile":{"background-color":"var(--ast-global-color-4)","background-image":"","background-repeat":"repeat","background-position":"center center","background-size":"auto","background-attachment":"scroll","background-type":"","background-media":"","overlay-type":"","overlay-color":"","overlay-opacity":"","overlay-gradient":""}}},"product_brand":[],"product_cat":[31,15],"product_tag":[214],"class_list":{"0":"post-14278","1":"product","2":"type-product","3":"status-publish","4":"has-post-thumbnail","6":"product_cat-grozine-literatura","7":"product_cat-uncategorized","8":"product_tag-lietuvos-ryto-kolekcija","9":"desktop-align-left","10":"tablet-align-left","11":"mobile-align-left","13":"first","14":"instock","15":"shipping-taxable","16":"purchasable","17":"product-type-simple"},"acf":[],"yoast_head":"<!-- This site is optimized with the Yoast SEO plugin v27.4 - https:\/\/yoast.com\/product\/yoast-seo-wordpress\/ -->\n<title>Moteris sm\u0117lynuose<\/title>\n<meta name=\"description\" content=\"Vieni\u0161as mokytojas, entomologas m\u0117g\u0117jas Nikis D\u017eiump\u0117jus per atostogas vyksta \u012f atok\u0173 paj\u016brio kaim\u0105 ir kopose ie\u0161ko neatrastos r\u016b\u0161ies vabalo savo\" \/>\n<meta name=\"robots\" content=\"index, follow, max-snippet:-1, max-image-preview:large, max-video-preview:-1\" \/>\n<link rel=\"canonical\" href=\"https:\/\/skaitytaknyga.lt\/en\/produktas\/moteris-smelynuose\/\" \/>\n<meta property=\"og:locale\" content=\"en_GB\" \/>\n<meta property=\"og:locale:alternate\" content=\"lt_LT\" \/>\n<meta property=\"og:type\" content=\"article\" \/>\n<meta property=\"og:title\" content=\"Moteris sm\u0117lynuose\" \/>\n<meta property=\"og:description\" content=\"Vieni\u0161as mokytojas, entomologas m\u0117g\u0117jas Nikis D\u017eiump\u0117jus per atostogas vyksta \u012f atok\u0173 paj\u016brio kaim\u0105 ir kopose ie\u0161ko neatrastos r\u016b\u0161ies vabalo savo\" \/>\n<meta property=\"og:url\" content=\"https:\/\/skaitytaknyga.lt\/en\/produktas\/moteris-smelynuose\/\" \/>\n<meta property=\"og:site_name\" content=\"Skaitytaknyga\" \/>\n<meta property=\"article:publisher\" content=\"https:\/\/www.facebook.com\/skaitytaknyga\/\" \/>\n<meta property=\"article:modified_time\" content=\"2024-10-18T08:46:45+00:00\" \/>\n<meta property=\"og:image\" content=\"https:\/\/skaitytaknyga.lt\/wp-content\/uploads\/2024\/10\/Moteris-smelynuose.webp\" \/>\n\t<meta property=\"og:image:width\" content=\"462\" \/>\n\t<meta property=\"og:image:height\" content=\"799\" \/>\n\t<meta property=\"og:image:type\" content=\"image\/webp\" \/>\n<meta name=\"twitter:card\" content=\"summary_large_image\" \/>\n<meta name=\"twitter:label1\" content=\"Estimated reading time\" \/>\n\t<meta name=\"twitter:data1\" content=\"2 minutes\" \/>\n<script type=\"application\/ld+json\" class=\"yoast-schema-graph\">{\"@context\":\"https:\\\/\\\/schema.org\",\"@graph\":[{\"@type\":\"WebPage\",\"@id\":\"https:\\\/\\\/skaitytaknyga.lt\\\/produktas\\\/moteris-smelynuose\\\/\",\"url\":\"https:\\\/\\\/skaitytaknyga.lt\\\/produktas\\\/moteris-smelynuose\\\/\",\"name\":\"Moteris sm\u0117lynuose\",\"isPartOf\":{\"@id\":\"https:\\\/\\\/skaitytaknyga.lt\\\/#website\"},\"primaryImageOfPage\":{\"@id\":\"https:\\\/\\\/skaitytaknyga.lt\\\/produktas\\\/moteris-smelynuose\\\/#primaryimage\"},\"image\":{\"@id\":\"https:\\\/\\\/skaitytaknyga.lt\\\/produktas\\\/moteris-smelynuose\\\/#primaryimage\"},\"thumbnailUrl\":\"https:\\\/\\\/skaitytaknyga.lt\\\/wp-content\\\/uploads\\\/2024\\\/10\\\/Moteris-smelynuose.webp\",\"datePublished\":\"2024-10-18T07:33:42+00:00\",\"dateModified\":\"2024-10-18T08:46:45+00:00\",\"description\":\"Vieni\u0161as mokytojas, entomologas m\u0117g\u0117jas Nikis D\u017eiump\u0117jus per atostogas vyksta \u012f atok\u0173 paj\u016brio kaim\u0105 ir kopose ie\u0161ko neatrastos r\u016b\u0161ies vabalo savo\",\"breadcrumb\":{\"@id\":\"https:\\\/\\\/skaitytaknyga.lt\\\/produktas\\\/moteris-smelynuose\\\/#breadcrumb\"},\"inLanguage\":\"en-GB\",\"potentialAction\":[{\"@type\":\"ReadAction\",\"target\":[\"https:\\\/\\\/skaitytaknyga.lt\\\/produktas\\\/moteris-smelynuose\\\/\"]}]},{\"@type\":\"ImageObject\",\"inLanguage\":\"en-GB\",\"@id\":\"https:\\\/\\\/skaitytaknyga.lt\\\/produktas\\\/moteris-smelynuose\\\/#primaryimage\",\"url\":\"https:\\\/\\\/skaitytaknyga.lt\\\/wp-content\\\/uploads\\\/2024\\\/10\\\/Moteris-smelynuose.webp\",\"contentUrl\":\"https:\\\/\\\/skaitytaknyga.lt\\\/wp-content\\\/uploads\\\/2024\\\/10\\\/Moteris-smelynuose.webp\",\"width\":462,\"height\":799,\"caption\":\"Moteris sm\u0117lynuose\"},{\"@type\":\"BreadcrumbList\",\"@id\":\"https:\\\/\\\/skaitytaknyga.lt\\\/produktas\\\/moteris-smelynuose\\\/#breadcrumb\",\"itemListElement\":[{\"@type\":\"ListItem\",\"position\":1,\"name\":\"Home\",\"item\":\"https:\\\/\\\/skaitytaknyga.lt\\\/\"},{\"@type\":\"ListItem\",\"position\":2,\"name\":\"Parduotuv\u0117\",\"item\":\"https:\\\/\\\/skaitytaknyga.lt\\\/knygu-parduotuve\\\/\"},{\"@type\":\"ListItem\",\"position\":3,\"name\":\"Moteris sm\u0117lynuose\"}]},{\"@type\":\"WebSite\",\"@id\":\"https:\\\/\\\/skaitytaknyga.lt\\\/#website\",\"url\":\"https:\\\/\\\/skaitytaknyga.lt\\\/\",\"name\":\"skaitytaknyga.lt\",\"description\":\"Skaitytaknyga.lt \u2013 tai ma\u017eas \u0161eimos verslas, kuris prasid\u0117jo nuo meil\u0117s knygoms ir siekio i\u0161gelb\u0117ti knygas nuo likimo prie konteinerio. Kas vienam nereikalingas daiktas \u2013 kitam lobis, o mes esame tarpininkai, kurie padeda abiems tapti laimingesniems ???? \u017dinome kaip nelengva i\u0161gyventi ma\u017eiems verslams, tad nuo \u0161iol, \u010dia rasite ir kit\u0173, ma\u017e\u0173 \u0161eim\u0173 versl\u0173, rank\u0173 darbo, dovan\u0173 sau ir artimiesiems.\",\"publisher\":{\"@id\":\"https:\\\/\\\/skaitytaknyga.lt\\\/#organization\"},\"potentialAction\":[{\"@type\":\"SearchAction\",\"target\":{\"@type\":\"EntryPoint\",\"urlTemplate\":\"https:\\\/\\\/skaitytaknyga.lt\\\/?s={search_term_string}\"},\"query-input\":{\"@type\":\"PropertyValueSpecification\",\"valueRequired\":true,\"valueName\":\"search_term_string\"}}],\"inLanguage\":\"en-GB\"},{\"@type\":\"Organization\",\"@id\":\"https:\\\/\\\/skaitytaknyga.lt\\\/#organization\",\"name\":\"skaitytaknyga.lt\",\"url\":\"https:\\\/\\\/skaitytaknyga.lt\\\/\",\"logo\":{\"@type\":\"ImageObject\",\"inLanguage\":\"en-GB\",\"@id\":\"https:\\\/\\\/skaitytaknyga.lt\\\/#\\\/schema\\\/logo\\\/image\\\/\",\"url\":\"https:\\\/\\\/skaitytaknyga.lt\\\/wp-content\\\/uploads\\\/2024\\\/05\\\/cropped-cropped-cropped-02_00843_jt3bggkj1j3HLc7SyY6rEUpg.jpeg\",\"contentUrl\":\"https:\\\/\\\/skaitytaknyga.lt\\\/wp-content\\\/uploads\\\/2024\\\/05\\\/cropped-cropped-cropped-02_00843_jt3bggkj1j3HLc7SyY6rEUpg.jpeg\",\"width\":1600,\"height\":1600,\"caption\":\"skaitytaknyga.lt\"},\"image\":{\"@id\":\"https:\\\/\\\/skaitytaknyga.lt\\\/#\\\/schema\\\/logo\\\/image\\\/\"},\"sameAs\":[\"https:\\\/\\\/www.facebook.com\\\/skaitytaknyga\\\/\"]}]}<\/script>\n<!-- \/ Yoast SEO plugin. -->","yoast_head_json":{"title":"Moteris sm\u0117lynuose","description":"Vieni\u0161as mokytojas, entomologas m\u0117g\u0117jas Nikis D\u017eiump\u0117jus per atostogas vyksta \u012f atok\u0173 paj\u016brio kaim\u0105 ir kopose ie\u0161ko neatrastos r\u016b\u0161ies vabalo savo","robots":{"index":"index","follow":"follow","max-snippet":"max-snippet:-1","max-image-preview":"max-image-preview:large","max-video-preview":"max-video-preview:-1"},"canonical":"https:\/\/skaitytaknyga.lt\/en\/produktas\/moteris-smelynuose\/","og_locale":"en_GB","og_type":"article","og_title":"[:lt]Moteris sm\u0117lynuose[:] - Skaitytaknyga","og_description":"Vieni\u0161as mokytojas, entomologas m\u0117g\u0117jas Nikis D\u017eiump\u0117jus per atostogas vyksta \u012f atok\u0173 paj\u016brio kaim\u0105 ir kopose ie\u0161ko neatrastos r\u016b\u0161ies vabalo savo","og_url":"https:\/\/skaitytaknyga.lt\/en\/produktas\/moteris-smelynuose\/","og_site_name":"Skaitytaknyga","article_publisher":"https:\/\/www.facebook.com\/skaitytaknyga\/","article_modified_time":"2024-10-18T08:46:45+00:00","og_image":[{"width":462,"height":799,"url":"https:\/\/skaitytaknyga.lt\/wp-content\/uploads\/2024\/10\/Moteris-smelynuose.webp","type":"image\/webp"}],"twitter_card":"summary_large_image","twitter_misc":{"Estimated reading time":"2 minutes"},"schema":{"@context":"https:\/\/schema.org","@graph":[{"@type":"WebPage","@id":"https:\/\/skaitytaknyga.lt\/produktas\/moteris-smelynuose\/","url":"https:\/\/skaitytaknyga.lt\/produktas\/moteris-smelynuose\/","name":"Moteris sm\u0117lynuose","isPartOf":{"@id":"https:\/\/skaitytaknyga.lt\/#website"},"primaryImageOfPage":{"@id":"https:\/\/skaitytaknyga.lt\/produktas\/moteris-smelynuose\/#primaryimage"},"image":{"@id":"https:\/\/skaitytaknyga.lt\/produktas\/moteris-smelynuose\/#primaryimage"},"thumbnailUrl":"https:\/\/skaitytaknyga.lt\/wp-content\/uploads\/2024\/10\/Moteris-smelynuose.webp","datePublished":"2024-10-18T07:33:42+00:00","dateModified":"2024-10-18T08:46:45+00:00","description":"Vieni\u0161as mokytojas, entomologas m\u0117g\u0117jas Nikis D\u017eiump\u0117jus per atostogas vyksta \u012f atok\u0173 paj\u016brio kaim\u0105 ir kopose ie\u0161ko neatrastos r\u016b\u0161ies vabalo savo","breadcrumb":{"@id":"https:\/\/skaitytaknyga.lt\/produktas\/moteris-smelynuose\/#breadcrumb"},"inLanguage":"en-GB","potentialAction":[{"@type":"ReadAction","target":["https:\/\/skaitytaknyga.lt\/produktas\/moteris-smelynuose\/"]}]},{"@type":"ImageObject","inLanguage":"en-GB","@id":"https:\/\/skaitytaknyga.lt\/produktas\/moteris-smelynuose\/#primaryimage","url":"https:\/\/skaitytaknyga.lt\/wp-content\/uploads\/2024\/10\/Moteris-smelynuose.webp","contentUrl":"https:\/\/skaitytaknyga.lt\/wp-content\/uploads\/2024\/10\/Moteris-smelynuose.webp","width":462,"height":799,"caption":"Moteris sm\u0117lynuose"},{"@type":"BreadcrumbList","@id":"https:\/\/skaitytaknyga.lt\/produktas\/moteris-smelynuose\/#breadcrumb","itemListElement":[{"@type":"ListItem","position":1,"name":"Home","item":"https:\/\/skaitytaknyga.lt\/"},{"@type":"ListItem","position":2,"name":"Parduotuv\u0117","item":"https:\/\/skaitytaknyga.lt\/knygu-parduotuve\/"},{"@type":"ListItem","position":3,"name":"Moteris sm\u0117lynuose"}]},{"@type":"WebSite","@id":"https:\/\/skaitytaknyga.lt\/#website","url":"https:\/\/skaitytaknyga.lt\/","name":"skaitytaknyga.lt","description":"Skaitytaknyga.lt \u2013 tai ma\u017eas \u0161eimos verslas, kuris prasid\u0117jo nuo meil\u0117s knygoms ir siekio i\u0161gelb\u0117ti knygas nuo likimo prie konteinerio. Kas vienam nereikalingas daiktas \u2013 kitam lobis, o mes esame tarpininkai, kurie padeda abiems tapti laimingesniems ???? \u017dinome kaip nelengva i\u0161gyventi ma\u017eiems verslams, tad nuo \u0161iol, \u010dia rasite ir kit\u0173, ma\u017e\u0173 \u0161eim\u0173 versl\u0173, rank\u0173 darbo, dovan\u0173 sau ir artimiesiems.","publisher":{"@id":"https:\/\/skaitytaknyga.lt\/#organization"},"potentialAction":[{"@type":"SearchAction","target":{"@type":"EntryPoint","urlTemplate":"https:\/\/skaitytaknyga.lt\/?s={search_term_string}"},"query-input":{"@type":"PropertyValueSpecification","valueRequired":true,"valueName":"search_term_string"}}],"inLanguage":"en-GB"},{"@type":"Organization","@id":"https:\/\/skaitytaknyga.lt\/#organization","name":"skaitytaknyga.lt","url":"https:\/\/skaitytaknyga.lt\/","logo":{"@type":"ImageObject","inLanguage":"en-GB","@id":"https:\/\/skaitytaknyga.lt\/#\/schema\/logo\/image\/","url":"https:\/\/skaitytaknyga.lt\/wp-content\/uploads\/2024\/05\/cropped-cropped-cropped-02_00843_jt3bggkj1j3HLc7SyY6rEUpg.jpeg","contentUrl":"https:\/\/skaitytaknyga.lt\/wp-content\/uploads\/2024\/05\/cropped-cropped-cropped-02_00843_jt3bggkj1j3HLc7SyY6rEUpg.jpeg","width":1600,"height":1600,"caption":"skaitytaknyga.lt"},"image":{"@id":"https:\/\/skaitytaknyga.lt\/#\/schema\/logo\/image\/"},"sameAs":["https:\/\/www.facebook.com\/skaitytaknyga\/"]}]}},"_links":{"self":[{"href":"https:\/\/skaitytaknyga.lt\/en\/wp-json\/wp\/v2\/product\/14278","targetHints":{"allow":["GET"]}}],"collection":[{"href":"https:\/\/skaitytaknyga.lt\/en\/wp-json\/wp\/v2\/product"}],"about":[{"href":"https:\/\/skaitytaknyga.lt\/en\/wp-json\/wp\/v2\/types\/product"}],"replies":[{"embeddable":true,"href":"https:\/\/skaitytaknyga.lt\/en\/wp-json\/wp\/v2\/comments?post=14278"}],"wp:featuredmedia":[{"embeddable":true,"href":"https:\/\/skaitytaknyga.lt\/en\/wp-json\/wp\/v2\/media\/14273"}],"wp:attachment":[{"href":"https:\/\/skaitytaknyga.lt\/en\/wp-json\/wp\/v2\/media?parent=14278"}],"wp:term":[{"taxonomy":"product_brand","embeddable":true,"href":"https:\/\/skaitytaknyga.lt\/en\/wp-json\/wp\/v2\/product_brand?post=14278"},{"taxonomy":"product_cat","embeddable":true,"href":"https:\/\/skaitytaknyga.lt\/en\/wp-json\/wp\/v2\/product_cat?post=14278"},{"taxonomy":"product_tag","embeddable":true,"href":"https:\/\/skaitytaknyga.lt\/en\/wp-json\/wp\/v2\/product_tag?post=14278"}],"curies":[{"name":"wp","href":"https:\/\/api.w.org\/{rel}","templated":true}]}}