{"id":14263,"date":"2024-10-17T11:11:29","date_gmt":"2024-10-17T08:11:29","guid":{"rendered":"https:\/\/skaitytaknyga.lt\/?post_type=product&#038;p=14263"},"modified":"2024-10-18T10:28:36","modified_gmt":"2024-10-18T07:28:36","slug":"didzioji-virtuves-knyga-2000-receptu","status":"publish","type":"product","link":"https:\/\/skaitytaknyga.lt\/en\/produktas\/didzioji-virtuves-knyga-2000-receptu\/","title":{"rendered":"Did\u017eioji virtuv\u0117s knyga. 2000 recept\u0173"},"content":{"rendered":"<p>\u017durnalas \u201eElle\u201c surinko daugiau nei 2000 recept\u0173 ir i\u0161leido juos atskira knyga.\u00a0<b>&#8220;Did\u017eioji virtuv\u0117s knyga. 2000 recept\u0173&#8221;\u00a0<\/b>&#8211; tai tikra kulinarijos biblija, si\u016blanti savo receptus tiems, kurie nuolat gamina valg\u012f arba kurie bent kart\u0105 per metus atsistoja prie virykl\u0117s.<\/p>\n<p>\u0160i beveik 2,5 kg sverianti knyga &#8220;Did\u017eioji virtuv\u0117s knyga. 2000 recept\u0173&#8221; yra ne tik gra\u017eiai iliustruota, joje skaitytojai ras daug nauding\u0173 praktini\u0173 patarim\u0173, o i\u0161 si\u016blom\u0173 meniu jie gal\u0117s pasirinkti sau tinkam\u0105.<\/p>\n<ul class=\"details-list mt5\">\n<li>Autorius:\u00a0Sylvie Tardrew<\/li>\n<li>Leid\u0117jas:\u00a0Naujoji Rosma<\/li>\n<li>I\u0161leidimo metai:\u00a02006<\/li>\n<li>Knygos puslapi\u0173 skai\u010dius:\u00a0552<\/li>\n<li>Formatas:\u00a023&#215;29, kieti vir\u0161eliai<\/li>\n<li>ISBN ar kodas:\u00a09789955061758-BR<\/li>\n<\/ul>\n","protected":false},"excerpt":{"rendered":"<p>\u017durnalas \u201eElle\u201c surinko daugiau nei 2000 recept\u0173 ir i\u0161leido juos atskira knyga.\u00a0&#8220;Did\u017eioji virtuv\u0117s knyga. 2000 recept\u0173&#8221;\u00a0&#8211; tai tikra kulinarijos biblija, si\u016blanti savo receptus tiems, kurie nuolat gamina valg\u012f arba kurie bent kart\u0105 per metus atsistoja prie virykl\u0117s. \u0160i beveik 2,5 kg sverianti knyga &#8220;Did\u017eioji virtuv\u0117s knyga. 2000 recept\u0173&#8221; yra ne tik gra\u017eiai iliustruota, joje skaitytojai ras daug nauding\u0173 praktini\u0173 patarim\u0173, o i\u0161 si\u016blom\u0173 meniu jie gal\u0117s pasirinkti sau tinkam\u0105. Autorius:\u00a0Sylvie Tardrew Leid\u0117jas:\u00a0Naujoji Rosma I\u0161leidimo metai:\u00a02006 Knygos puslapi\u0173 skai\u010dius:\u00a0552 Formatas:\u00a023&#215;29, kieti vir\u0161eliai ISBN ar kodas:\u00a09789955061758-BR<\/p>\n","protected":false},"featured_media":14274,"comment_status":"open","ping_status":"closed","template":"","meta":{"_acf_changed":false,"site-sidebar-layout":"default","site-content-layout":"","ast-site-content-layout":"default","site-content-style":"default","site-sidebar-style":"default","ast-global-header-display":"","ast-banner-title-visibility":"","ast-main-header-display":"","ast-hfb-above-header-display":"","ast-hfb-below-header-display":"","ast-hfb-mobile-header-display":"","site-post-title":"","ast-breadcrumbs-content":"","ast-featured-img":"","footer-sml-layout":"","ast-disable-related-posts":"","theme-transparent-header-meta":"default","adv-header-id-meta":"","stick-header-meta":"","header-above-stick-meta":"","header-main-stick-meta":"","header-below-stick-meta":"","astra-migrate-meta-layouts":"set","ast-page-background-enabled":"default","ast-page-background-meta":{"desktop":{"background-color":"","background-image":"","background-repeat":"repeat","background-position":"center center","background-size":"auto","background-attachment":"scroll","background-type":"","background-media":"","overlay-type":"","overlay-color":"","overlay-opacity":"","overlay-gradient":""},"tablet":{"background-color":"","background-image":"","background-repeat":"repeat","background-position":"center center","background-size":"auto","background-attachment":"scroll","background-type":"","background-media":"","overlay-type":"","overlay-color":"","overlay-opacity":"","overlay-gradient":""},"mobile":{"background-color":"","background-image":"","background-repeat":"repeat","background-position":"center center","background-size":"auto","background-attachment":"scroll","background-type":"","background-media":"","overlay-type":"","overlay-color":"","overlay-opacity":"","overlay-gradient":""}},"ast-content-background-meta":{"desktop":{"background-color":"var(--ast-global-color-4)","background-image":"","background-repeat":"repeat","background-position":"center center","background-size":"auto","background-attachment":"scroll","background-type":"","background-media":"","overlay-type":"","overlay-color":"","overlay-opacity":"","overlay-gradient":""},"tablet":{"background-color":"var(--ast-global-color-4)","background-image":"","background-repeat":"repeat","background-position":"center center","background-size":"auto","background-attachment":"scroll","background-type":"","background-media":"","overlay-type":"","overlay-color":"","overlay-opacity":"","overlay-gradient":""},"mobile":{"background-color":"var(--ast-global-color-4)","background-image":"","background-repeat":"repeat","background-position":"center center","background-size":"auto","background-attachment":"scroll","background-type":"","background-media":"","overlay-type":"","overlay-color":"","overlay-opacity":"","overlay-gradient":""}}},"product_brand":[],"product_cat":[15,58],"product_tag":[],"class_list":{"0":"post-14263","1":"product","2":"type-product","3":"status-publish","4":"has-post-thumbnail","6":"product_cat-uncategorized","7":"product_cat-receptai","8":"desktop-align-left","9":"tablet-align-left","10":"mobile-align-left","12":"first","13":"instock","14":"shipping-taxable","15":"purchasable","16":"product-type-simple"},"acf":[],"yoast_head":"<!-- This site is optimized with the Yoast SEO plugin v27.0 - https:\/\/yoast.com\/product\/yoast-seo-wordpress\/ -->\n<title>Did\u017eioji virtuv\u0117s knyga. 2000 recept\u0173<\/title>\n<meta name=\"description\" content=\"\u017durnalas \u201eElle\u201c surinko daugiau nei 2000 recept\u0173 ir i\u0161leido juos atskira knyga.\u00a0&quot;Did\u017eioji virtuv\u0117s knyga. 2000 recept\u0173&quot;\u00a0- tai tikra kulinarijos biblija,\" \/>\n<meta name=\"robots\" content=\"index, follow, max-snippet:-1, max-image-preview:large, max-video-preview:-1\" \/>\n<link rel=\"canonical\" href=\"https:\/\/skaitytaknyga.lt\/en\/produktas\/didzioji-virtuves-knyga-2000-receptu\/\" \/>\n<meta property=\"og:locale\" content=\"en_GB\" \/>\n<meta property=\"og:locale:alternate\" content=\"lt_LT\" \/>\n<meta property=\"og:type\" content=\"article\" \/>\n<meta property=\"og:title\" content=\"Did\u017eioji virtuv\u0117s knyga. 2000 recept\u0173\" \/>\n<meta property=\"og:description\" content=\"\u017durnalas \u201eElle\u201c surinko daugiau nei 2000 recept\u0173 ir i\u0161leido juos atskira knyga.\u00a0&quot;Did\u017eioji virtuv\u0117s knyga. 2000 recept\u0173&quot;\u00a0- tai tikra kulinarijos biblija,\" \/>\n<meta property=\"og:url\" content=\"https:\/\/skaitytaknyga.lt\/en\/produktas\/didzioji-virtuves-knyga-2000-receptu\/\" \/>\n<meta property=\"og:site_name\" content=\"Skaitytaknyga\" \/>\n<meta property=\"article:publisher\" content=\"https:\/\/www.facebook.com\/skaitytaknyga\/\" \/>\n<meta property=\"article:modified_time\" content=\"2024-10-18T07:28:36+00:00\" \/>\n<meta property=\"og:image\" content=\"https:\/\/skaitytaknyga.lt\/wp-content\/uploads\/2024\/10\/Didzioji-virtuves-knyga.-2000-receptu.jpg\" \/>\n\t<meta property=\"og:image:width\" content=\"316\" \/>\n\t<meta property=\"og:image:height\" content=\"430\" \/>\n\t<meta property=\"og:image:type\" content=\"image\/jpeg\" \/>\n<meta name=\"twitter:card\" content=\"summary_large_image\" \/>\n<meta name=\"twitter:label1\" content=\"Estimated reading time\" \/>\n\t<meta name=\"twitter:data1\" content=\"1 minute\" \/>\n<script type=\"application\/ld+json\" class=\"yoast-schema-graph\">{\"@context\":\"https:\/\/schema.org\",\"@graph\":[{\"@type\":\"WebPage\",\"@id\":\"https:\/\/skaitytaknyga.lt\/produktas\/didzioji-virtuves-knyga-2000-receptu\/\",\"url\":\"https:\/\/skaitytaknyga.lt\/produktas\/didzioji-virtuves-knyga-2000-receptu\/\",\"name\":\"Did\u017eioji virtuv\u0117s knyga. 2000 recept\u0173\",\"isPartOf\":{\"@id\":\"https:\/\/skaitytaknyga.lt\/#website\"},\"primaryImageOfPage\":{\"@id\":\"https:\/\/skaitytaknyga.lt\/produktas\/didzioji-virtuves-knyga-2000-receptu\/#primaryimage\"},\"image\":{\"@id\":\"https:\/\/skaitytaknyga.lt\/produktas\/didzioji-virtuves-knyga-2000-receptu\/#primaryimage\"},\"thumbnailUrl\":\"https:\/\/skaitytaknyga.lt\/wp-content\/uploads\/2024\/10\/Didzioji-virtuves-knyga.-2000-receptu.jpg\",\"datePublished\":\"2024-10-17T08:11:29+00:00\",\"dateModified\":\"2024-10-18T07:28:36+00:00\",\"description\":\"\u017durnalas \u201eElle\u201c surinko daugiau nei 2000 recept\u0173 ir i\u0161leido juos atskira knyga.\u00a0\\\"Did\u017eioji virtuv\u0117s knyga. 2000 recept\u0173\\\"\u00a0- tai tikra kulinarijos biblija,\",\"breadcrumb\":{\"@id\":\"https:\/\/skaitytaknyga.lt\/produktas\/didzioji-virtuves-knyga-2000-receptu\/#breadcrumb\"},\"inLanguage\":\"en-GB\",\"potentialAction\":[{\"@type\":\"ReadAction\",\"target\":[\"https:\/\/skaitytaknyga.lt\/produktas\/didzioji-virtuves-knyga-2000-receptu\/\"]}]},{\"@type\":\"ImageObject\",\"inLanguage\":\"en-GB\",\"@id\":\"https:\/\/skaitytaknyga.lt\/produktas\/didzioji-virtuves-knyga-2000-receptu\/#primaryimage\",\"url\":\"https:\/\/skaitytaknyga.lt\/wp-content\/uploads\/2024\/10\/Didzioji-virtuves-knyga.-2000-receptu.jpg\",\"contentUrl\":\"https:\/\/skaitytaknyga.lt\/wp-content\/uploads\/2024\/10\/Didzioji-virtuves-knyga.-2000-receptu.jpg\",\"width\":316,\"height\":430,\"caption\":\"Did\u017eioji virtuv\u0117s knyga. 2000 recept\u0173\"},{\"@type\":\"BreadcrumbList\",\"@id\":\"https:\/\/skaitytaknyga.lt\/produktas\/didzioji-virtuves-knyga-2000-receptu\/#breadcrumb\",\"itemListElement\":[{\"@type\":\"ListItem\",\"position\":1,\"name\":\"Home\",\"item\":\"https:\/\/skaitytaknyga.lt\/\"},{\"@type\":\"ListItem\",\"position\":2,\"name\":\"Parduotuv\u0117\",\"item\":\"https:\/\/skaitytaknyga.lt\/knygu-parduotuve\/\"},{\"@type\":\"ListItem\",\"position\":3,\"name\":\"Did\u017eioji virtuv\u0117s knyga. 2000 recept\u0173\"}]},{\"@type\":\"WebSite\",\"@id\":\"https:\/\/skaitytaknyga.lt\/#website\",\"url\":\"https:\/\/skaitytaknyga.lt\/\",\"name\":\"skaitytaknyga.lt\",\"description\":\"Skaitytaknyga.lt \u2013 tai ma\u017eas \u0161eimos verslas, kuris prasid\u0117jo nuo meil\u0117s knygoms ir siekio i\u0161gelb\u0117ti knygas nuo likimo prie konteinerio. Kas vienam nereikalingas daiktas \u2013 kitam lobis, o mes esame tarpininkai, kurie padeda abiems tapti laimingesniems ???? \u017dinome kaip nelengva i\u0161gyventi ma\u017eiems verslams, tad nuo \u0161iol, \u010dia rasite ir kit\u0173, ma\u017e\u0173 \u0161eim\u0173 versl\u0173, rank\u0173 darbo, dovan\u0173 sau ir artimiesiems.\",\"publisher\":{\"@id\":\"https:\/\/skaitytaknyga.lt\/#organization\"},\"potentialAction\":[{\"@type\":\"SearchAction\",\"target\":{\"@type\":\"EntryPoint\",\"urlTemplate\":\"https:\/\/skaitytaknyga.lt\/?s={search_term_string}\"},\"query-input\":{\"@type\":\"PropertyValueSpecification\",\"valueRequired\":true,\"valueName\":\"search_term_string\"}}],\"inLanguage\":\"en-GB\"},{\"@type\":\"Organization\",\"@id\":\"https:\/\/skaitytaknyga.lt\/#organization\",\"name\":\"skaitytaknyga.lt\",\"url\":\"https:\/\/skaitytaknyga.lt\/\",\"logo\":{\"@type\":\"ImageObject\",\"inLanguage\":\"en-GB\",\"@id\":\"https:\/\/skaitytaknyga.lt\/#\/schema\/logo\/image\/\",\"url\":\"https:\/\/skaitytaknyga.lt\/wp-content\/uploads\/2024\/05\/cropped-cropped-cropped-02_00843_jt3bggkj1j3HLc7SyY6rEUpg.jpeg\",\"contentUrl\":\"https:\/\/skaitytaknyga.lt\/wp-content\/uploads\/2024\/05\/cropped-cropped-cropped-02_00843_jt3bggkj1j3HLc7SyY6rEUpg.jpeg\",\"width\":1600,\"height\":1600,\"caption\":\"skaitytaknyga.lt\"},\"image\":{\"@id\":\"https:\/\/skaitytaknyga.lt\/#\/schema\/logo\/image\/\"},\"sameAs\":[\"https:\/\/www.facebook.com\/skaitytaknyga\/\"]}]}<\/script>\n<!-- \/ Yoast SEO plugin. -->","yoast_head_json":{"title":"Did\u017eioji virtuv\u0117s knyga. 2000 recept\u0173","description":"\u017durnalas \u201eElle\u201c surinko daugiau nei 2000 recept\u0173 ir i\u0161leido juos atskira knyga.\u00a0\"Did\u017eioji virtuv\u0117s knyga. 2000 recept\u0173\"\u00a0- tai tikra kulinarijos biblija,","robots":{"index":"index","follow":"follow","max-snippet":"max-snippet:-1","max-image-preview":"max-image-preview:large","max-video-preview":"max-video-preview:-1"},"canonical":"https:\/\/skaitytaknyga.lt\/en\/produktas\/didzioji-virtuves-knyga-2000-receptu\/","og_locale":"en_GB","og_type":"article","og_title":"[:lt]Did\u017eioji virtuv\u0117s knyga. 2000 recept\u0173[:] - Skaitytaknyga","og_description":"\u017durnalas \u201eElle\u201c surinko daugiau nei 2000 recept\u0173 ir i\u0161leido juos atskira knyga.\u00a0\"Did\u017eioji virtuv\u0117s knyga. 2000 recept\u0173\"\u00a0- tai tikra kulinarijos biblija,","og_url":"https:\/\/skaitytaknyga.lt\/en\/produktas\/didzioji-virtuves-knyga-2000-receptu\/","og_site_name":"Skaitytaknyga","article_publisher":"https:\/\/www.facebook.com\/skaitytaknyga\/","article_modified_time":"2024-10-18T07:28:36+00:00","og_image":[{"width":316,"height":430,"url":"https:\/\/skaitytaknyga.lt\/wp-content\/uploads\/2024\/10\/Didzioji-virtuves-knyga.-2000-receptu.jpg","type":"image\/jpeg"}],"twitter_card":"summary_large_image","twitter_misc":{"Estimated reading time":"1 minute"},"schema":{"@context":"https:\/\/schema.org","@graph":[{"@type":"WebPage","@id":"https:\/\/skaitytaknyga.lt\/produktas\/didzioji-virtuves-knyga-2000-receptu\/","url":"https:\/\/skaitytaknyga.lt\/produktas\/didzioji-virtuves-knyga-2000-receptu\/","name":"Did\u017eioji virtuv\u0117s knyga. 2000 recept\u0173","isPartOf":{"@id":"https:\/\/skaitytaknyga.lt\/#website"},"primaryImageOfPage":{"@id":"https:\/\/skaitytaknyga.lt\/produktas\/didzioji-virtuves-knyga-2000-receptu\/#primaryimage"},"image":{"@id":"https:\/\/skaitytaknyga.lt\/produktas\/didzioji-virtuves-knyga-2000-receptu\/#primaryimage"},"thumbnailUrl":"https:\/\/skaitytaknyga.lt\/wp-content\/uploads\/2024\/10\/Didzioji-virtuves-knyga.-2000-receptu.jpg","datePublished":"2024-10-17T08:11:29+00:00","dateModified":"2024-10-18T07:28:36+00:00","description":"\u017durnalas \u201eElle\u201c surinko daugiau nei 2000 recept\u0173 ir i\u0161leido juos atskira knyga.\u00a0\"Did\u017eioji virtuv\u0117s knyga. 2000 recept\u0173\"\u00a0- tai tikra kulinarijos biblija,","breadcrumb":{"@id":"https:\/\/skaitytaknyga.lt\/produktas\/didzioji-virtuves-knyga-2000-receptu\/#breadcrumb"},"inLanguage":"en-GB","potentialAction":[{"@type":"ReadAction","target":["https:\/\/skaitytaknyga.lt\/produktas\/didzioji-virtuves-knyga-2000-receptu\/"]}]},{"@type":"ImageObject","inLanguage":"en-GB","@id":"https:\/\/skaitytaknyga.lt\/produktas\/didzioji-virtuves-knyga-2000-receptu\/#primaryimage","url":"https:\/\/skaitytaknyga.lt\/wp-content\/uploads\/2024\/10\/Didzioji-virtuves-knyga.-2000-receptu.jpg","contentUrl":"https:\/\/skaitytaknyga.lt\/wp-content\/uploads\/2024\/10\/Didzioji-virtuves-knyga.-2000-receptu.jpg","width":316,"height":430,"caption":"Did\u017eioji virtuv\u0117s knyga. 2000 recept\u0173"},{"@type":"BreadcrumbList","@id":"https:\/\/skaitytaknyga.lt\/produktas\/didzioji-virtuves-knyga-2000-receptu\/#breadcrumb","itemListElement":[{"@type":"ListItem","position":1,"name":"Home","item":"https:\/\/skaitytaknyga.lt\/"},{"@type":"ListItem","position":2,"name":"Parduotuv\u0117","item":"https:\/\/skaitytaknyga.lt\/knygu-parduotuve\/"},{"@type":"ListItem","position":3,"name":"Did\u017eioji virtuv\u0117s knyga. 2000 recept\u0173"}]},{"@type":"WebSite","@id":"https:\/\/skaitytaknyga.lt\/#website","url":"https:\/\/skaitytaknyga.lt\/","name":"skaitytaknyga.lt","description":"Skaitytaknyga.lt \u2013 tai ma\u017eas \u0161eimos verslas, kuris prasid\u0117jo nuo meil\u0117s knygoms ir siekio i\u0161gelb\u0117ti knygas nuo likimo prie konteinerio. Kas vienam nereikalingas daiktas \u2013 kitam lobis, o mes esame tarpininkai, kurie padeda abiems tapti laimingesniems ???? \u017dinome kaip nelengva i\u0161gyventi ma\u017eiems verslams, tad nuo \u0161iol, \u010dia rasite ir kit\u0173, ma\u017e\u0173 \u0161eim\u0173 versl\u0173, rank\u0173 darbo, dovan\u0173 sau ir artimiesiems.","publisher":{"@id":"https:\/\/skaitytaknyga.lt\/#organization"},"potentialAction":[{"@type":"SearchAction","target":{"@type":"EntryPoint","urlTemplate":"https:\/\/skaitytaknyga.lt\/?s={search_term_string}"},"query-input":{"@type":"PropertyValueSpecification","valueRequired":true,"valueName":"search_term_string"}}],"inLanguage":"en-GB"},{"@type":"Organization","@id":"https:\/\/skaitytaknyga.lt\/#organization","name":"skaitytaknyga.lt","url":"https:\/\/skaitytaknyga.lt\/","logo":{"@type":"ImageObject","inLanguage":"en-GB","@id":"https:\/\/skaitytaknyga.lt\/#\/schema\/logo\/image\/","url":"https:\/\/skaitytaknyga.lt\/wp-content\/uploads\/2024\/05\/cropped-cropped-cropped-02_00843_jt3bggkj1j3HLc7SyY6rEUpg.jpeg","contentUrl":"https:\/\/skaitytaknyga.lt\/wp-content\/uploads\/2024\/05\/cropped-cropped-cropped-02_00843_jt3bggkj1j3HLc7SyY6rEUpg.jpeg","width":1600,"height":1600,"caption":"skaitytaknyga.lt"},"image":{"@id":"https:\/\/skaitytaknyga.lt\/#\/schema\/logo\/image\/"},"sameAs":["https:\/\/www.facebook.com\/skaitytaknyga\/"]}]}},"_links":{"self":[{"href":"https:\/\/skaitytaknyga.lt\/en\/wp-json\/wp\/v2\/product\/14263","targetHints":{"allow":["GET"]}}],"collection":[{"href":"https:\/\/skaitytaknyga.lt\/en\/wp-json\/wp\/v2\/product"}],"about":[{"href":"https:\/\/skaitytaknyga.lt\/en\/wp-json\/wp\/v2\/types\/product"}],"replies":[{"embeddable":true,"href":"https:\/\/skaitytaknyga.lt\/en\/wp-json\/wp\/v2\/comments?post=14263"}],"wp:featuredmedia":[{"embeddable":true,"href":"https:\/\/skaitytaknyga.lt\/en\/wp-json\/wp\/v2\/media\/14274"}],"wp:attachment":[{"href":"https:\/\/skaitytaknyga.lt\/en\/wp-json\/wp\/v2\/media?parent=14263"}],"wp:term":[{"taxonomy":"product_brand","embeddable":true,"href":"https:\/\/skaitytaknyga.lt\/en\/wp-json\/wp\/v2\/product_brand?post=14263"},{"taxonomy":"product_cat","embeddable":true,"href":"https:\/\/skaitytaknyga.lt\/en\/wp-json\/wp\/v2\/product_cat?post=14263"},{"taxonomy":"product_tag","embeddable":true,"href":"https:\/\/skaitytaknyga.lt\/en\/wp-json\/wp\/v2\/product_tag?post=14263"}],"curies":[{"name":"wp","href":"https:\/\/api.w.org\/{rel}","templated":true}]}}