{"id":14262,"date":"2024-10-17T11:11:29","date_gmt":"2024-10-17T08:11:29","guid":{"rendered":"https:\/\/skaitytaknyga.lt\/?post_type=product&#038;p=14262"},"modified":"2024-10-18T10:29:40","modified_gmt":"2024-10-18T07:29:40","slug":"a-ii-kraujo-grupe-valgiu-gerimu-ir-papildu-sarasas","status":"publish","type":"product","link":"https:\/\/skaitytaknyga.lt\/en\/produktas\/a-ii-kraujo-grupe-valgiu-gerimu-ir-papildu-sarasas\/","title":{"rendered":"A (II) kraujo grup\u0117. Valgi\u0173, g\u0117rim\u0173 ir papild\u0173 s\u0105ra\u0161as"},"content":{"rendered":"<p>Kiekvienai kraujo grupei b\u016bdingos tam tikros med\u017eiag\u0173 apykaitos ypatyb\u0117s. Gera savijauta priklauso nuo to, ar mokate teisingai maitintis. Jeigu j\u016bs\u0173 kraujo grup\u0117 AB, valgykite daug dar\u017eovi\u0173, bet venkite gyvulinio proteino.<\/p>\n<p>Pasiimkite \u0161i\u0105 knygel\u0119 \u012f parduotuv\u0119, turg\u0173, restoran\u0105, \u012f komandiruot\u0119, sanatorij\u0105, kelion\u0119. Ji pad\u0117s pasirinkti nauding\u0105 patiekal\u0105. Netrukus priprasite prie savo kraujo grupei tinkamos mitybos, b\u016bsite sveiki ir laimingi.<\/p>\n<ul class=\"about-product d-none d-xl-block mt-4\">\n<li><strong>Autorius:<\/strong>\u00a0Dr.Peter, J.D Adamo, Catherine Whitney<\/li>\n<li><strong>Leid\u0117jas:<\/strong>\u00a0Algarv\u0117<\/li>\n<li><strong>Metai:<\/strong>\u00a02003<\/li>\n<li><strong>Puslapiai:<\/strong>\u00a079<\/li>\n<li class=\"toggleable type-new-formats \"><strong>ISBN:<\/strong>\u00a09789986856948<\/li>\n<li class=\"toggleable type-new-formats \"><strong>Formatas:<\/strong>\u00a011 x 17 cm, mink\u0161ti vir\u0161eliai<\/li>\n<li><strong>Kalba:<\/strong>\u00a0Lietuvi\u0173<\/li>\n<\/ul>\n","protected":false},"excerpt":{"rendered":"<p>Kiekvienai kraujo grupei b\u016bdingos tam tikros med\u017eiag\u0173 apykaitos ypatyb\u0117s. Gera savijauta priklauso nuo to, ar mokate teisingai maitintis. Jeigu j\u016bs\u0173 kraujo grup\u0117 AB, valgykite daug dar\u017eovi\u0173, bet venkite gyvulinio proteino. Pasiimkite \u0161i\u0105 knygel\u0119 \u012f parduotuv\u0119, turg\u0173, restoran\u0105, \u012f komandiruot\u0119, sanatorij\u0105, kelion\u0119. Ji pad\u0117s pasirinkti nauding\u0105 patiekal\u0105. Netrukus priprasite prie savo kraujo grupei tinkamos mitybos, b\u016bsite sveiki ir laimingi. Autorius:\u00a0Dr.Peter, J.D Adamo, Catherine Whitney Leid\u0117jas:\u00a0Algarv\u0117 Metai:\u00a02003 Puslapiai:\u00a079 ISBN:\u00a09789986856948 Formatas:\u00a011 x 17 cm, mink\u0161ti vir\u0161eliai Kalba:\u00a0Lietuvi\u0173<\/p>\n","protected":false},"featured_media":14276,"comment_status":"open","ping_status":"closed","template":"","meta":{"_acf_changed":false,"site-sidebar-layout":"default","site-content-layout":"","ast-site-content-layout":"default","site-content-style":"default","site-sidebar-style":"default","ast-global-header-display":"","ast-banner-title-visibility":"","ast-main-header-display":"","ast-hfb-above-header-display":"","ast-hfb-below-header-display":"","ast-hfb-mobile-header-display":"","site-post-title":"","ast-breadcrumbs-content":"","ast-featured-img":"","footer-sml-layout":"","ast-disable-related-posts":"","theme-transparent-header-meta":"default","adv-header-id-meta":"","stick-header-meta":"","header-above-stick-meta":"","header-main-stick-meta":"","header-below-stick-meta":"","astra-migrate-meta-layouts":"set","ast-page-background-enabled":"default","ast-page-background-meta":{"desktop":{"background-color":"","background-image":"","background-repeat":"repeat","background-position":"center center","background-size":"auto","background-attachment":"scroll","background-type":"","background-media":"","overlay-type":"","overlay-color":"","overlay-opacity":"","overlay-gradient":""},"tablet":{"background-color":"","background-image":"","background-repeat":"repeat","background-position":"center center","background-size":"auto","background-attachment":"scroll","background-type":"","background-media":"","overlay-type":"","overlay-color":"","overlay-opacity":"","overlay-gradient":""},"mobile":{"background-color":"","background-image":"","background-repeat":"repeat","background-position":"center center","background-size":"auto","background-attachment":"scroll","background-type":"","background-media":"","overlay-type":"","overlay-color":"","overlay-opacity":"","overlay-gradient":""}},"ast-content-background-meta":{"desktop":{"background-color":"var(--ast-global-color-4)","background-image":"","background-repeat":"repeat","background-position":"center center","background-size":"auto","background-attachment":"scroll","background-type":"","background-media":"","overlay-type":"","overlay-color":"","overlay-opacity":"","overlay-gradient":""},"tablet":{"background-color":"var(--ast-global-color-4)","background-image":"","background-repeat":"repeat","background-position":"center center","background-size":"auto","background-attachment":"scroll","background-type":"","background-media":"","overlay-type":"","overlay-color":"","overlay-opacity":"","overlay-gradient":""},"mobile":{"background-color":"var(--ast-global-color-4)","background-image":"","background-repeat":"repeat","background-position":"center center","background-size":"auto","background-attachment":"scroll","background-type":"","background-media":"","overlay-type":"","overlay-color":"","overlay-opacity":"","overlay-gradient":""}}},"product_brand":[],"product_cat":[15,55],"product_tag":[],"class_list":{"0":"post-14262","1":"product","2":"type-product","3":"status-publish","4":"has-post-thumbnail","6":"product_cat-uncategorized","7":"product_cat-sveikata-ir-sveika-mityba","8":"desktop-align-left","9":"tablet-align-left","10":"mobile-align-left","12":"first","13":"instock","14":"shipping-taxable","15":"purchasable","16":"product-type-simple"},"acf":[],"yoast_head":"<!-- This site is optimized with the Yoast SEO plugin v27.0 - https:\/\/yoast.com\/product\/yoast-seo-wordpress\/ -->\n<title>A (II) kraujo grup\u0117. Valgi\u0173, g\u0117rim\u0173 ir papild\u0173 s\u0105ra\u0161as<\/title>\n<meta name=\"description\" content=\"Kiekvienai kraujo grupei b\u016bdingos tam tikros med\u017eiag\u0173 apykaitos ypatyb\u0117s. Gera savijauta priklauso nuo to, ar mokate teisingai maitintis. Jeigu j\u016bs\u0173\" \/>\n<meta name=\"robots\" content=\"index, follow, max-snippet:-1, max-image-preview:large, max-video-preview:-1\" \/>\n<link rel=\"canonical\" href=\"https:\/\/skaitytaknyga.lt\/en\/produktas\/a-ii-kraujo-grupe-valgiu-gerimu-ir-papildu-sarasas\/\" \/>\n<meta property=\"og:locale\" content=\"en_GB\" \/>\n<meta property=\"og:locale:alternate\" content=\"lt_LT\" \/>\n<meta property=\"og:type\" content=\"article\" \/>\n<meta property=\"og:title\" content=\"A (II) kraujo grup\u0117. Valgi\u0173, g\u0117rim\u0173 ir papild\u0173 s\u0105ra\u0161as\" \/>\n<meta property=\"og:description\" content=\"Kiekvienai kraujo grupei b\u016bdingos tam tikros med\u017eiag\u0173 apykaitos ypatyb\u0117s. Gera savijauta priklauso nuo to, ar mokate teisingai maitintis. Jeigu j\u016bs\u0173\" \/>\n<meta property=\"og:url\" content=\"https:\/\/skaitytaknyga.lt\/en\/produktas\/a-ii-kraujo-grupe-valgiu-gerimu-ir-papildu-sarasas\/\" \/>\n<meta property=\"og:site_name\" content=\"Skaitytaknyga\" \/>\n<meta property=\"article:publisher\" content=\"https:\/\/www.facebook.com\/skaitytaknyga\/\" \/>\n<meta property=\"article:modified_time\" content=\"2024-10-18T07:29:40+00:00\" \/>\n<meta property=\"og:image\" content=\"https:\/\/skaitytaknyga.lt\/wp-content\/uploads\/2024\/10\/A-II-kraujo-grupe.-Valgiu-gerimu-ir-papildu-sarasas.webp\" \/>\n\t<meta property=\"og:image:width\" content=\"505\" \/>\n\t<meta property=\"og:image:height\" content=\"800\" \/>\n\t<meta property=\"og:image:type\" content=\"image\/webp\" \/>\n<meta name=\"twitter:card\" content=\"summary_large_image\" \/>\n<meta name=\"twitter:label1\" content=\"Estimated reading time\" \/>\n\t<meta name=\"twitter:data1\" content=\"1 minute\" \/>\n<script type=\"application\/ld+json\" class=\"yoast-schema-graph\">{\"@context\":\"https:\/\/schema.org\",\"@graph\":[{\"@type\":\"WebPage\",\"@id\":\"https:\/\/skaitytaknyga.lt\/produktas\/a-ii-kraujo-grupe-valgiu-gerimu-ir-papildu-sarasas\/\",\"url\":\"https:\/\/skaitytaknyga.lt\/produktas\/a-ii-kraujo-grupe-valgiu-gerimu-ir-papildu-sarasas\/\",\"name\":\"A (II) kraujo grup\u0117. Valgi\u0173, g\u0117rim\u0173 ir papild\u0173 s\u0105ra\u0161as\",\"isPartOf\":{\"@id\":\"https:\/\/skaitytaknyga.lt\/#website\"},\"primaryImageOfPage\":{\"@id\":\"https:\/\/skaitytaknyga.lt\/produktas\/a-ii-kraujo-grupe-valgiu-gerimu-ir-papildu-sarasas\/#primaryimage\"},\"image\":{\"@id\":\"https:\/\/skaitytaknyga.lt\/produktas\/a-ii-kraujo-grupe-valgiu-gerimu-ir-papildu-sarasas\/#primaryimage\"},\"thumbnailUrl\":\"https:\/\/skaitytaknyga.lt\/wp-content\/uploads\/2024\/10\/A-II-kraujo-grupe.-Valgiu-gerimu-ir-papildu-sarasas.webp\",\"datePublished\":\"2024-10-17T08:11:29+00:00\",\"dateModified\":\"2024-10-18T07:29:40+00:00\",\"description\":\"Kiekvienai kraujo grupei b\u016bdingos tam tikros med\u017eiag\u0173 apykaitos ypatyb\u0117s. Gera savijauta priklauso nuo to, ar mokate teisingai maitintis. Jeigu j\u016bs\u0173\",\"breadcrumb\":{\"@id\":\"https:\/\/skaitytaknyga.lt\/produktas\/a-ii-kraujo-grupe-valgiu-gerimu-ir-papildu-sarasas\/#breadcrumb\"},\"inLanguage\":\"en-GB\",\"potentialAction\":[{\"@type\":\"ReadAction\",\"target\":[\"https:\/\/skaitytaknyga.lt\/produktas\/a-ii-kraujo-grupe-valgiu-gerimu-ir-papildu-sarasas\/\"]}]},{\"@type\":\"ImageObject\",\"inLanguage\":\"en-GB\",\"@id\":\"https:\/\/skaitytaknyga.lt\/produktas\/a-ii-kraujo-grupe-valgiu-gerimu-ir-papildu-sarasas\/#primaryimage\",\"url\":\"https:\/\/skaitytaknyga.lt\/wp-content\/uploads\/2024\/10\/A-II-kraujo-grupe.-Valgiu-gerimu-ir-papildu-sarasas.webp\",\"contentUrl\":\"https:\/\/skaitytaknyga.lt\/wp-content\/uploads\/2024\/10\/A-II-kraujo-grupe.-Valgiu-gerimu-ir-papildu-sarasas.webp\",\"width\":505,\"height\":800,\"caption\":\"A (II) kraujo grup\u0117. Valgi\u0173, g\u0117rim\u0173 ir papild\u0173 s\u0105ra\u0161as\"},{\"@type\":\"BreadcrumbList\",\"@id\":\"https:\/\/skaitytaknyga.lt\/produktas\/a-ii-kraujo-grupe-valgiu-gerimu-ir-papildu-sarasas\/#breadcrumb\",\"itemListElement\":[{\"@type\":\"ListItem\",\"position\":1,\"name\":\"Home\",\"item\":\"https:\/\/skaitytaknyga.lt\/\"},{\"@type\":\"ListItem\",\"position\":2,\"name\":\"Parduotuv\u0117\",\"item\":\"https:\/\/skaitytaknyga.lt\/knygu-parduotuve\/\"},{\"@type\":\"ListItem\",\"position\":3,\"name\":\"A (II) kraujo grup\u0117. Valgi\u0173, g\u0117rim\u0173 ir papild\u0173 s\u0105ra\u0161as\"}]},{\"@type\":\"WebSite\",\"@id\":\"https:\/\/skaitytaknyga.lt\/#website\",\"url\":\"https:\/\/skaitytaknyga.lt\/\",\"name\":\"skaitytaknyga.lt\",\"description\":\"Skaitytaknyga.lt \u2013 tai ma\u017eas \u0161eimos verslas, kuris prasid\u0117jo nuo meil\u0117s knygoms ir siekio i\u0161gelb\u0117ti knygas nuo likimo prie konteinerio. Kas vienam nereikalingas daiktas \u2013 kitam lobis, o mes esame tarpininkai, kurie padeda abiems tapti laimingesniems ???? \u017dinome kaip nelengva i\u0161gyventi ma\u017eiems verslams, tad nuo \u0161iol, \u010dia rasite ir kit\u0173, ma\u017e\u0173 \u0161eim\u0173 versl\u0173, rank\u0173 darbo, dovan\u0173 sau ir artimiesiems.\",\"publisher\":{\"@id\":\"https:\/\/skaitytaknyga.lt\/#organization\"},\"potentialAction\":[{\"@type\":\"SearchAction\",\"target\":{\"@type\":\"EntryPoint\",\"urlTemplate\":\"https:\/\/skaitytaknyga.lt\/?s={search_term_string}\"},\"query-input\":{\"@type\":\"PropertyValueSpecification\",\"valueRequired\":true,\"valueName\":\"search_term_string\"}}],\"inLanguage\":\"en-GB\"},{\"@type\":\"Organization\",\"@id\":\"https:\/\/skaitytaknyga.lt\/#organization\",\"name\":\"skaitytaknyga.lt\",\"url\":\"https:\/\/skaitytaknyga.lt\/\",\"logo\":{\"@type\":\"ImageObject\",\"inLanguage\":\"en-GB\",\"@id\":\"https:\/\/skaitytaknyga.lt\/#\/schema\/logo\/image\/\",\"url\":\"https:\/\/skaitytaknyga.lt\/wp-content\/uploads\/2024\/05\/cropped-cropped-cropped-02_00843_jt3bggkj1j3HLc7SyY6rEUpg.jpeg\",\"contentUrl\":\"https:\/\/skaitytaknyga.lt\/wp-content\/uploads\/2024\/05\/cropped-cropped-cropped-02_00843_jt3bggkj1j3HLc7SyY6rEUpg.jpeg\",\"width\":1600,\"height\":1600,\"caption\":\"skaitytaknyga.lt\"},\"image\":{\"@id\":\"https:\/\/skaitytaknyga.lt\/#\/schema\/logo\/image\/\"},\"sameAs\":[\"https:\/\/www.facebook.com\/skaitytaknyga\/\"]}]}<\/script>\n<!-- \/ Yoast SEO plugin. -->","yoast_head_json":{"title":"A (II) kraujo grup\u0117. Valgi\u0173, g\u0117rim\u0173 ir papild\u0173 s\u0105ra\u0161as","description":"Kiekvienai kraujo grupei b\u016bdingos tam tikros med\u017eiag\u0173 apykaitos ypatyb\u0117s. Gera savijauta priklauso nuo to, ar mokate teisingai maitintis. Jeigu j\u016bs\u0173","robots":{"index":"index","follow":"follow","max-snippet":"max-snippet:-1","max-image-preview":"max-image-preview:large","max-video-preview":"max-video-preview:-1"},"canonical":"https:\/\/skaitytaknyga.lt\/en\/produktas\/a-ii-kraujo-grupe-valgiu-gerimu-ir-papildu-sarasas\/","og_locale":"en_GB","og_type":"article","og_title":"[:lt]A (II) kraujo grup\u0117. Valgi\u0173, g\u0117rim\u0173 ir papild\u0173 s\u0105ra\u0161as[:] - Skaitytaknyga","og_description":"Kiekvienai kraujo grupei b\u016bdingos tam tikros med\u017eiag\u0173 apykaitos ypatyb\u0117s. Gera savijauta priklauso nuo to, ar mokate teisingai maitintis. Jeigu j\u016bs\u0173","og_url":"https:\/\/skaitytaknyga.lt\/en\/produktas\/a-ii-kraujo-grupe-valgiu-gerimu-ir-papildu-sarasas\/","og_site_name":"Skaitytaknyga","article_publisher":"https:\/\/www.facebook.com\/skaitytaknyga\/","article_modified_time":"2024-10-18T07:29:40+00:00","og_image":[{"width":505,"height":800,"url":"https:\/\/skaitytaknyga.lt\/wp-content\/uploads\/2024\/10\/A-II-kraujo-grupe.-Valgiu-gerimu-ir-papildu-sarasas.webp","type":"image\/webp"}],"twitter_card":"summary_large_image","twitter_misc":{"Estimated reading time":"1 minute"},"schema":{"@context":"https:\/\/schema.org","@graph":[{"@type":"WebPage","@id":"https:\/\/skaitytaknyga.lt\/produktas\/a-ii-kraujo-grupe-valgiu-gerimu-ir-papildu-sarasas\/","url":"https:\/\/skaitytaknyga.lt\/produktas\/a-ii-kraujo-grupe-valgiu-gerimu-ir-papildu-sarasas\/","name":"A (II) kraujo grup\u0117. Valgi\u0173, g\u0117rim\u0173 ir papild\u0173 s\u0105ra\u0161as","isPartOf":{"@id":"https:\/\/skaitytaknyga.lt\/#website"},"primaryImageOfPage":{"@id":"https:\/\/skaitytaknyga.lt\/produktas\/a-ii-kraujo-grupe-valgiu-gerimu-ir-papildu-sarasas\/#primaryimage"},"image":{"@id":"https:\/\/skaitytaknyga.lt\/produktas\/a-ii-kraujo-grupe-valgiu-gerimu-ir-papildu-sarasas\/#primaryimage"},"thumbnailUrl":"https:\/\/skaitytaknyga.lt\/wp-content\/uploads\/2024\/10\/A-II-kraujo-grupe.-Valgiu-gerimu-ir-papildu-sarasas.webp","datePublished":"2024-10-17T08:11:29+00:00","dateModified":"2024-10-18T07:29:40+00:00","description":"Kiekvienai kraujo grupei b\u016bdingos tam tikros med\u017eiag\u0173 apykaitos ypatyb\u0117s. Gera savijauta priklauso nuo to, ar mokate teisingai maitintis. Jeigu j\u016bs\u0173","breadcrumb":{"@id":"https:\/\/skaitytaknyga.lt\/produktas\/a-ii-kraujo-grupe-valgiu-gerimu-ir-papildu-sarasas\/#breadcrumb"},"inLanguage":"en-GB","potentialAction":[{"@type":"ReadAction","target":["https:\/\/skaitytaknyga.lt\/produktas\/a-ii-kraujo-grupe-valgiu-gerimu-ir-papildu-sarasas\/"]}]},{"@type":"ImageObject","inLanguage":"en-GB","@id":"https:\/\/skaitytaknyga.lt\/produktas\/a-ii-kraujo-grupe-valgiu-gerimu-ir-papildu-sarasas\/#primaryimage","url":"https:\/\/skaitytaknyga.lt\/wp-content\/uploads\/2024\/10\/A-II-kraujo-grupe.-Valgiu-gerimu-ir-papildu-sarasas.webp","contentUrl":"https:\/\/skaitytaknyga.lt\/wp-content\/uploads\/2024\/10\/A-II-kraujo-grupe.-Valgiu-gerimu-ir-papildu-sarasas.webp","width":505,"height":800,"caption":"A (II) kraujo grup\u0117. Valgi\u0173, g\u0117rim\u0173 ir papild\u0173 s\u0105ra\u0161as"},{"@type":"BreadcrumbList","@id":"https:\/\/skaitytaknyga.lt\/produktas\/a-ii-kraujo-grupe-valgiu-gerimu-ir-papildu-sarasas\/#breadcrumb","itemListElement":[{"@type":"ListItem","position":1,"name":"Home","item":"https:\/\/skaitytaknyga.lt\/"},{"@type":"ListItem","position":2,"name":"Parduotuv\u0117","item":"https:\/\/skaitytaknyga.lt\/knygu-parduotuve\/"},{"@type":"ListItem","position":3,"name":"A (II) kraujo grup\u0117. Valgi\u0173, g\u0117rim\u0173 ir papild\u0173 s\u0105ra\u0161as"}]},{"@type":"WebSite","@id":"https:\/\/skaitytaknyga.lt\/#website","url":"https:\/\/skaitytaknyga.lt\/","name":"skaitytaknyga.lt","description":"Skaitytaknyga.lt \u2013 tai ma\u017eas \u0161eimos verslas, kuris prasid\u0117jo nuo meil\u0117s knygoms ir siekio i\u0161gelb\u0117ti knygas nuo likimo prie konteinerio. Kas vienam nereikalingas daiktas \u2013 kitam lobis, o mes esame tarpininkai, kurie padeda abiems tapti laimingesniems ???? \u017dinome kaip nelengva i\u0161gyventi ma\u017eiems verslams, tad nuo \u0161iol, \u010dia rasite ir kit\u0173, ma\u017e\u0173 \u0161eim\u0173 versl\u0173, rank\u0173 darbo, dovan\u0173 sau ir artimiesiems.","publisher":{"@id":"https:\/\/skaitytaknyga.lt\/#organization"},"potentialAction":[{"@type":"SearchAction","target":{"@type":"EntryPoint","urlTemplate":"https:\/\/skaitytaknyga.lt\/?s={search_term_string}"},"query-input":{"@type":"PropertyValueSpecification","valueRequired":true,"valueName":"search_term_string"}}],"inLanguage":"en-GB"},{"@type":"Organization","@id":"https:\/\/skaitytaknyga.lt\/#organization","name":"skaitytaknyga.lt","url":"https:\/\/skaitytaknyga.lt\/","logo":{"@type":"ImageObject","inLanguage":"en-GB","@id":"https:\/\/skaitytaknyga.lt\/#\/schema\/logo\/image\/","url":"https:\/\/skaitytaknyga.lt\/wp-content\/uploads\/2024\/05\/cropped-cropped-cropped-02_00843_jt3bggkj1j3HLc7SyY6rEUpg.jpeg","contentUrl":"https:\/\/skaitytaknyga.lt\/wp-content\/uploads\/2024\/05\/cropped-cropped-cropped-02_00843_jt3bggkj1j3HLc7SyY6rEUpg.jpeg","width":1600,"height":1600,"caption":"skaitytaknyga.lt"},"image":{"@id":"https:\/\/skaitytaknyga.lt\/#\/schema\/logo\/image\/"},"sameAs":["https:\/\/www.facebook.com\/skaitytaknyga\/"]}]}},"_links":{"self":[{"href":"https:\/\/skaitytaknyga.lt\/en\/wp-json\/wp\/v2\/product\/14262","targetHints":{"allow":["GET"]}}],"collection":[{"href":"https:\/\/skaitytaknyga.lt\/en\/wp-json\/wp\/v2\/product"}],"about":[{"href":"https:\/\/skaitytaknyga.lt\/en\/wp-json\/wp\/v2\/types\/product"}],"replies":[{"embeddable":true,"href":"https:\/\/skaitytaknyga.lt\/en\/wp-json\/wp\/v2\/comments?post=14262"}],"wp:featuredmedia":[{"embeddable":true,"href":"https:\/\/skaitytaknyga.lt\/en\/wp-json\/wp\/v2\/media\/14276"}],"wp:attachment":[{"href":"https:\/\/skaitytaknyga.lt\/en\/wp-json\/wp\/v2\/media?parent=14262"}],"wp:term":[{"taxonomy":"product_brand","embeddable":true,"href":"https:\/\/skaitytaknyga.lt\/en\/wp-json\/wp\/v2\/product_brand?post=14262"},{"taxonomy":"product_cat","embeddable":true,"href":"https:\/\/skaitytaknyga.lt\/en\/wp-json\/wp\/v2\/product_cat?post=14262"},{"taxonomy":"product_tag","embeddable":true,"href":"https:\/\/skaitytaknyga.lt\/en\/wp-json\/wp\/v2\/product_tag?post=14262"}],"curies":[{"name":"wp","href":"https:\/\/api.w.org\/{rel}","templated":true}]}}