{"id":14261,"date":"2024-10-17T11:11:29","date_gmt":"2024-10-17T08:11:29","guid":{"rendered":"https:\/\/skaitytaknyga.lt\/?post_type=product&#038;p=14261"},"modified":"2026-03-18T11:12:13","modified_gmt":"2026-03-18T09:12:13","slug":"express-makiazas-tobulas-ivaizdis-per-15-min-naujausia-bestselerio-makiazo-paslaptys-autores-knyga","status":"publish","type":"product","link":"https:\/\/skaitytaknyga.lt\/en\/produktas\/express-makiazas-tobulas-ivaizdis-per-15-min-naujausia-bestselerio-makiazo-paslaptys-autores-knyga\/","title":{"rendered":"EXPRESS MAKIA\u017dAS: tobulas \u012fvaizdis per 15 min. Naujausia bestselerio \u201eMakia\u017eo paslaptys\u201c autor\u0117s knyga"},"content":{"rendered":"<p>Naujausia bestselerio\u00a0<a href=\"https:\/\/www.knygos.lt\/lt\/knygos\/atrask-save-makiazo-paslaptys-is-profesionalo-lupu\/\">\u201eMakia\u017eo paslaptys&#8221;<\/a>\u00a0autor\u0117s knyga.<\/p>\n<ul>\n<li>5 \u017eingsniai, i\u0161ry\u0161kinantys gra\u017eiausius tavo veido bruo\u017eus<\/li>\n<li>10 triuk\u0173, palengvinsian\u010di\u0173 makia\u017eo atlikim\u0105<\/li>\n<li>Tobulas \u012fvaizdis per 15 min.<\/li>\n<li>20 skirting\u0173 makia\u017e\u0173: instagraminis, transformacinis, kasdienis, proginis ir kt.<\/li>\n<li>Naujausios tendencijos<\/li>\n<li>Kosmetikos priemoni\u0173 ap\u017evalga<\/li>\n<\/ul>\n<p>Stulbinantis makia\u017eas per rekordi\u0161kai trump\u0105 laik\u0105? Misija \u2013 \u012fmanoma! Jums reik\u0117s: didelio noro atrodyti puikiai, trupu\u010dio praktikos ir naujausios makia\u017eo meistr\u0117s\u00a0<strong>Olesios \u017duravliovos<\/strong>\u00a0knygos\u00a0<strong>\u201eExpress makia\u017eas&#8221;<\/strong>. \u010cia rasite detaliai apra\u0161omus makia\u017eo eigos etapus, \u0161iuo metu geriausi\u0173 kosmetikos priemoni\u0173 ap\u017evalgas, iliustruotas madingiausi\u0173 makia\u017e\u0173 technikas, \u017eini\u0173 apie veido prie\u017ei\u016br\u0105 bei odos paruo\u0161im\u0105 ir tai toli gra\u017eu dar ne viskas.<\/p>\n<p>Knyga\u00a0<strong>\u201eExpress makia\u017eas&#8221;<\/strong>\u00a0\u2013 tarsi stebukl\u0173 lazdel\u0117, kuria pamojus gali susikurti stilingiausi\u0105 instagramin\u012f \u012fvaizd\u012f, transformuotis \u012f m\u0117gstam\u0105 \u017evaig\u017ed\u0119, pasidaryti tobul\u0105 kasdien\u012f makia\u017e\u0105 vos per 15 min. ar, pasinaudojus proginio makia\u017eo technika, virsti vakaro karaliene. Visos stebuklingos galios \u2013 tavo rankose.<\/p>\n<p>Spalvos, kosmetikos priemon\u0117s, tendencijos, patikrintos gudryb\u0117s \u2013\u00a0<strong>O. \u017duravliova<\/strong>\u00a0knygoje\u00a0<strong>\u201eExpress makia\u017eas&#8221;<\/strong>\u00a0atskleid\u017eia visas efektyvaus ir per trumpiausi\u0105 laik\u0105 atliekamo makia\u017eo paslaptis.<\/p>\n<p>Skaitydama knyg\u0105 su\u017einosi:<\/p>\n<ul>\n<li>kokie makia\u017eo \u012frankiai patogiausi ir geriausi;<\/li>\n<li>kokios spalvos tinkamiausios tavo akims ir l\u016bpoms;<\/li>\n<li>kaip atlikti aki\u0173 makia\u017e\u0105 u\u017ekritusiems vokams;<\/li>\n<li>kaip suliekninti veid\u0105 ar pakoreguoti nos\u012f, naudojantis tik kosmetikos priemon\u0117mis;<\/li>\n<li>kaip atlikti transformacin\u012f makia\u017e\u0105;<\/li>\n<li>kas sudaro must have kosmetikos krep\u0161el\u012f;<\/li>\n<li>kaip \u017einoti, kokias kosmetikos priemones pasirinkti;<\/li>\n<li>kuo skiriasi brangi kosmetika nuo pigios;<\/li>\n<li>kaip atlikti \u017evaig\u017ed\u0117s makia\u017e\u0105;<\/li>\n<li>net 20 makia\u017e\u0173 su iliustruotais eigos etapais.Knygos autor\u0117: viena \u017eymiausi\u0173 makia\u017eo meistri\u0173 Lietuvoje Olesia \u017duravliovaSek\u0117j\u0173 skai\u010dius FB: 75K\n<p>Para\u0161ytos knygos: \u201eAtrask save: makia\u017eo paslaptys i\u0161 profesionalo l\u016bp\u0173&#8221;, \u201eMakia\u017eas be am\u017eiaus rib\u0173&#8221;<\/p>\n<p>Patirtis gro\u017eio srityje: 13 met\u0173<\/p>\n<p>\u012ek\u016br\u0117 \u201eOZ Design Home&#8221; gro\u017eio studij\u0105, \u201eOZ Beauty School&#8221; gro\u017eio specialist\u0173 mokykl\u0105<\/p>\n<p>Kiti pasiekimai: daugelio makia\u017eo konkurs\u0173 laureat\u0117 ir dalyv\u0117; 2018 m. mados \u017eurnalo \u201eL\u02bcOfficiel&#8221; makia\u017eo skilties autor\u0117; seminar\u0173 moterims organizator\u0117<\/p>\n<p>M\u0117gstama fraz\u0117: komforto zona yra nuostabi vieta, bet ten niekas neauga<\/p>\n<p>Faktas apie mane: galiu i\u0161gyventi nes\u0117kmes, bet negaliu gyventi nepaband\u017eiusi<\/p>\n<p>\u0160i knyga man yra \u012frankis \u012fkv\u0117pti kitus naujai, svarbiai prad\u017eiai. Veiklos \u012fprasminimas, patirties pasidalijimas ir ma\u017eas pasaul\u0117lis, kuriame yra tik mano skaitytoja ir a\u0161<\/p>\n<ul class=\"about-product d-none d-xl-block mt-4\">\n<li><strong>Autorius:<\/strong>\u00a0Olesia \u017duravliova<\/li>\n<li><strong>Leid\u0117jas:<\/strong>\u00a0O\u017d Group<\/li>\n<li><strong>Metai:<\/strong>\u00a02019<\/li>\n<li><strong>Puslapiai:<\/strong>\u00a0296<\/li>\n<li class=\"toggleable type-new-formats \"><strong>ISBN:<\/strong>\u00a09786099611501<\/li>\n<li><strong>Versijos kodas:<\/strong>\u00a0PT.<\/li>\n<li class=\"toggleable type-new-formats \"><strong>Formatas:<\/strong>\u00a017 x 23,2 x 2 cm, mink\u0161ti vir\u0161eliai<\/li>\n<li><strong>Kalba:<\/strong>\u00a0Lietuvi\u0173<\/li>\n<\/ul>\n<\/li>\n<\/ul>\n","protected":false},"excerpt":{"rendered":"<p>Naujausia bestselerio\u00a0\u201eMakia\u017eo paslaptys&#8221;\u00a0autor\u0117s knyga. 5 \u017eingsniai, i\u0161ry\u0161kinantys gra\u017eiausius tavo veido bruo\u017eus 10 triuk\u0173, palengvinsian\u010di\u0173 makia\u017eo atlikim\u0105 Tobulas \u012fvaizdis per 15 min. 20 skirting\u0173 makia\u017e\u0173: instagraminis, transformacinis, kasdienis, proginis ir kt. Naujausios tendencijos Kosmetikos priemoni\u0173 ap\u017evalga Stulbinantis makia\u017eas per rekordi\u0161kai trump\u0105 laik\u0105? Misija \u2013 \u012fmanoma! Jums reik\u0117s: didelio noro atrodyti puikiai, trupu\u010dio praktikos ir naujausios makia\u017eo meistr\u0117s\u00a0Olesios \u017duravliovos\u00a0knygos\u00a0\u201eExpress makia\u017eas&#8221;. \u010cia rasite detaliai apra\u0161omus makia\u017eo eigos etapus, \u0161iuo metu geriausi\u0173 kosmetikos priemoni\u0173 ap\u017evalgas, iliustruotas madingiausi\u0173 makia\u017e\u0173 technikas, \u017eini\u0173 apie veido prie\u017ei\u016br\u0105 bei odos paruo\u0161im\u0105 ir tai toli gra\u017eu dar ne viskas. Knyga\u00a0\u201eExpress makia\u017eas&#8221;\u00a0\u2013 tarsi stebukl\u0173 lazdel\u0117, kuria pamojus gali susikurti stilingiausi\u0105 instagramin\u012f \u012fvaizd\u012f, transformuotis \u012f m\u0117gstam\u0105 \u017evaig\u017ed\u0119, pasidaryti tobul\u0105 kasdien\u012f makia\u017e\u0105 vos per 15 min. ar, pasinaudojus proginio makia\u017eo technika, virsti vakaro karaliene. Visos stebuklingos galios \u2013 tavo rankose. Spalvos, kosmetikos priemon\u0117s, tendencijos, patikrintos gudryb\u0117s \u2013\u00a0O. \u017duravliova\u00a0knygoje\u00a0\u201eExpress makia\u017eas&#8221;\u00a0atskleid\u017eia visas efektyvaus ir per trumpiausi\u0105 laik\u0105 atliekamo makia\u017eo paslaptis. Skaitydama knyg\u0105 su\u017einosi: kokie makia\u017eo \u012frankiai patogiausi ir geriausi; kokios spalvos tinkamiausios tavo akims ir l\u016bpoms; kaip atlikti aki\u0173 makia\u017e\u0105 u\u017ekritusiems vokams; kaip suliekninti veid\u0105 ar pakoreguoti nos\u012f, naudojantis tik kosmetikos priemon\u0117mis; kaip atlikti transformacin\u012f makia\u017e\u0105; kas sudaro must have kosmetikos krep\u0161el\u012f; kaip \u017einoti, kokias kosmetikos priemones pasirinkti; kuo skiriasi brangi kosmetika nuo pigios; kaip atlikti \u017evaig\u017ed\u0117s makia\u017e\u0105; net 20 makia\u017e\u0173 su iliustruotais eigos etapais.Knygos autor\u0117: viena \u017eymiausi\u0173 makia\u017eo meistri\u0173 Lietuvoje Olesia \u017duravliovaSek\u0117j\u0173 skai\u010dius FB: 75K Para\u0161ytos knygos: \u201eAtrask save: makia\u017eo paslaptys i\u0161 profesionalo l\u016bp\u0173&#8221;, \u201eMakia\u017eas be am\u017eiaus rib\u0173&#8221; Patirtis gro\u017eio srityje: 13 met\u0173 \u012ek\u016br\u0117 \u201eOZ Design Home&#8221; gro\u017eio studij\u0105, \u201eOZ Beauty School&#8221; gro\u017eio specialist\u0173 mokykl\u0105 Kiti pasiekimai: daugelio makia\u017eo konkurs\u0173 laureat\u0117 ir dalyv\u0117; 2018 m. mados \u017eurnalo \u201eL\u02bcOfficiel&#8221; makia\u017eo skilties autor\u0117; seminar\u0173 moterims organizator\u0117 M\u0117gstama fraz\u0117: komforto zona yra nuostabi vieta, bet ten niekas neauga Faktas apie mane: galiu i\u0161gyventi nes\u0117kmes, bet negaliu gyventi nepaband\u017eiusi \u0160i knyga man yra \u012frankis \u012fkv\u0117pti kitus naujai, svarbiai prad\u017eiai. Veiklos \u012fprasminimas, patirties pasidalijimas ir ma\u017eas pasaul\u0117lis, kuriame yra tik mano skaitytoja ir a\u0161 Autorius:\u00a0Olesia \u017duravliova Leid\u0117jas:\u00a0O\u017d Group Metai:\u00a02019 Puslapiai:\u00a0296 ISBN:\u00a09786099611501 Versijos kodas:\u00a0PT. Formatas:\u00a017 x 23,2 x 2 cm, mink\u0161ti vir\u0161eliai Kalba:\u00a0Lietuvi\u0173<\/p>\n","protected":false},"featured_media":14275,"comment_status":"open","ping_status":"closed","template":"","meta":{"_acf_changed":false,"site-sidebar-layout":"default","site-content-layout":"","ast-site-content-layout":"default","site-content-style":"default","site-sidebar-style":"default","ast-global-header-display":"","ast-banner-title-visibility":"","ast-main-header-display":"","ast-hfb-above-header-display":"","ast-hfb-below-header-display":"","ast-hfb-mobile-header-display":"","site-post-title":"","ast-breadcrumbs-content":"","ast-featured-img":"","footer-sml-layout":"","ast-disable-related-posts":"","theme-transparent-header-meta":"default","adv-header-id-meta":"","stick-header-meta":"","header-above-stick-meta":"","header-main-stick-meta":"","header-below-stick-meta":"","astra-migrate-meta-layouts":"set","ast-page-background-enabled":"default","ast-page-background-meta":{"desktop":{"background-color":"","background-image":"","background-repeat":"repeat","background-position":"center center","background-size":"auto","background-attachment":"scroll","background-type":"","background-media":"","overlay-type":"","overlay-color":"","overlay-opacity":"","overlay-gradient":""},"tablet":{"background-color":"","background-image":"","background-repeat":"repeat","background-position":"center center","background-size":"auto","background-attachment":"scroll","background-type":"","background-media":"","overlay-type":"","overlay-color":"","overlay-opacity":"","overlay-gradient":""},"mobile":{"background-color":"","background-image":"","background-repeat":"repeat","background-position":"center center","background-size":"auto","background-attachment":"scroll","background-type":"","background-media":"","overlay-type":"","overlay-color":"","overlay-opacity":"","overlay-gradient":""}},"ast-content-background-meta":{"desktop":{"background-color":"var(--ast-global-color-4)","background-image":"","background-repeat":"repeat","background-position":"center center","background-size":"auto","background-attachment":"scroll","background-type":"","background-media":"","overlay-type":"","overlay-color":"","overlay-opacity":"","overlay-gradient":""},"tablet":{"background-color":"var(--ast-global-color-4)","background-image":"","background-repeat":"repeat","background-position":"center center","background-size":"auto","background-attachment":"scroll","background-type":"","background-media":"","overlay-type":"","overlay-color":"","overlay-opacity":"","overlay-gradient":""},"mobile":{"background-color":"var(--ast-global-color-4)","background-image":"","background-repeat":"repeat","background-position":"center center","background-size":"auto","background-attachment":"scroll","background-type":"","background-media":"","overlay-type":"","overlay-color":"","overlay-opacity":"","overlay-gradient":""}}},"product_brand":[],"product_cat":[36],"product_tag":[],"class_list":{"0":"post-14261","1":"product","2":"type-product","3":"status-publish","4":"has-post-thumbnail","6":"product_cat-makiazas-ir-apranga","7":"desktop-align-left","8":"tablet-align-left","9":"mobile-align-left","11":"first","12":"instock","13":"shipping-taxable","14":"purchasable","15":"product-type-simple"},"acf":[],"yoast_head":"<!-- This site is optimized with the Yoast SEO plugin v27.0 - https:\/\/yoast.com\/product\/yoast-seo-wordpress\/ -->\n<title>EXPRESS MAKIA\u017dAS: tobulas \u012fvaizdis per 15 min. Naujausia bestselerio \u201eMakia\u017eo paslaptys\u201c autor\u0117s knyga<\/title>\n<meta name=\"description\" content=\"Naujausia bestselerio\u00a0\u201eMakia\u017eo paslaptys&quot;\u00a0autor\u0117s knyga. 5 \u017eingsniai, i\u0161ry\u0161kinantys gra\u017eiausius tavo veido bruo\u017eus 10 triuk\u0173, palengvinsian\u010di\u0173 makia\u017eo\" \/>\n<meta name=\"robots\" content=\"index, follow, max-snippet:-1, max-image-preview:large, max-video-preview:-1\" \/>\n<link rel=\"canonical\" href=\"https:\/\/skaitytaknyga.lt\/en\/produktas\/express-makiazas-tobulas-ivaizdis-per-15-min-naujausia-bestselerio-makiazo-paslaptys-autores-knyga\/\" \/>\n<meta property=\"og:locale\" content=\"en_GB\" \/>\n<meta property=\"og:locale:alternate\" content=\"lt_LT\" \/>\n<meta property=\"og:type\" content=\"article\" \/>\n<meta property=\"og:title\" content=\"EXPRESS MAKIA\u017dAS: tobulas \u012fvaizdis per 15 min. Naujausia bestselerio \u201eMakia\u017eo paslaptys\u201c autor\u0117s knyga\" \/>\n<meta property=\"og:description\" content=\"Naujausia bestselerio\u00a0\u201eMakia\u017eo paslaptys&quot;\u00a0autor\u0117s knyga. 5 \u017eingsniai, i\u0161ry\u0161kinantys gra\u017eiausius tavo veido bruo\u017eus 10 triuk\u0173, palengvinsian\u010di\u0173 makia\u017eo\" \/>\n<meta property=\"og:url\" content=\"https:\/\/skaitytaknyga.lt\/en\/produktas\/express-makiazas-tobulas-ivaizdis-per-15-min-naujausia-bestselerio-makiazo-paslaptys-autores-knyga\/\" \/>\n<meta property=\"og:site_name\" content=\"Skaitytaknyga\" \/>\n<meta property=\"article:publisher\" content=\"https:\/\/www.facebook.com\/skaitytaknyga\/\" \/>\n<meta property=\"article:modified_time\" content=\"2026-03-18T09:12:13+00:00\" \/>\n<meta property=\"og:image\" content=\"https:\/\/skaitytaknyga.lt\/wp-content\/uploads\/2024\/10\/EXPRESS-MAKIAZAS.-tobulas-ivaizdis-per-15-min.-Naujausia-bestselerio-\u201eMakiazo-paslaptys-autores-knyga.webp\" \/>\n\t<meta property=\"og:image:width\" content=\"593\" \/>\n\t<meta property=\"og:image:height\" content=\"800\" \/>\n\t<meta property=\"og:image:type\" content=\"image\/webp\" \/>\n<meta name=\"twitter:card\" content=\"summary_large_image\" \/>\n<meta name=\"twitter:label1\" content=\"Estimated reading time\" \/>\n\t<meta name=\"twitter:data1\" content=\"2 minutes\" \/>\n<script type=\"application\/ld+json\" class=\"yoast-schema-graph\">{\"@context\":\"https:\/\/schema.org\",\"@graph\":[{\"@type\":\"WebPage\",\"@id\":\"https:\/\/skaitytaknyga.lt\/produktas\/express-makiazas-tobulas-ivaizdis-per-15-min-naujausia-bestselerio-makiazo-paslaptys-autores-knyga\/\",\"url\":\"https:\/\/skaitytaknyga.lt\/produktas\/express-makiazas-tobulas-ivaizdis-per-15-min-naujausia-bestselerio-makiazo-paslaptys-autores-knyga\/\",\"name\":\"EXPRESS MAKIA\u017dAS: tobulas \u012fvaizdis per 15 min. Naujausia bestselerio \u201eMakia\u017eo paslaptys\u201c autor\u0117s knyga\",\"isPartOf\":{\"@id\":\"https:\/\/skaitytaknyga.lt\/#website\"},\"primaryImageOfPage\":{\"@id\":\"https:\/\/skaitytaknyga.lt\/produktas\/express-makiazas-tobulas-ivaizdis-per-15-min-naujausia-bestselerio-makiazo-paslaptys-autores-knyga\/#primaryimage\"},\"image\":{\"@id\":\"https:\/\/skaitytaknyga.lt\/produktas\/express-makiazas-tobulas-ivaizdis-per-15-min-naujausia-bestselerio-makiazo-paslaptys-autores-knyga\/#primaryimage\"},\"thumbnailUrl\":\"https:\/\/skaitytaknyga.lt\/wp-content\/uploads\/2024\/10\/EXPRESS-MAKIAZAS.-tobulas-ivaizdis-per-15-min.-Naujausia-bestselerio-\u201eMakiazo-paslaptys-autores-knyga.webp\",\"datePublished\":\"2024-10-17T08:11:29+00:00\",\"dateModified\":\"2026-03-18T09:12:13+00:00\",\"description\":\"Naujausia bestselerio\u00a0\u201eMakia\u017eo paslaptys\\\"\u00a0autor\u0117s knyga. 5 \u017eingsniai, i\u0161ry\u0161kinantys gra\u017eiausius tavo veido bruo\u017eus 10 triuk\u0173, palengvinsian\u010di\u0173 makia\u017eo\",\"breadcrumb\":{\"@id\":\"https:\/\/skaitytaknyga.lt\/produktas\/express-makiazas-tobulas-ivaizdis-per-15-min-naujausia-bestselerio-makiazo-paslaptys-autores-knyga\/#breadcrumb\"},\"inLanguage\":\"en-GB\",\"potentialAction\":[{\"@type\":\"ReadAction\",\"target\":[\"https:\/\/skaitytaknyga.lt\/produktas\/express-makiazas-tobulas-ivaizdis-per-15-min-naujausia-bestselerio-makiazo-paslaptys-autores-knyga\/\"]}]},{\"@type\":\"ImageObject\",\"inLanguage\":\"en-GB\",\"@id\":\"https:\/\/skaitytaknyga.lt\/produktas\/express-makiazas-tobulas-ivaizdis-per-15-min-naujausia-bestselerio-makiazo-paslaptys-autores-knyga\/#primaryimage\",\"url\":\"https:\/\/skaitytaknyga.lt\/wp-content\/uploads\/2024\/10\/EXPRESS-MAKIAZAS.-tobulas-ivaizdis-per-15-min.-Naujausia-bestselerio-\u201eMakiazo-paslaptys-autores-knyga.webp\",\"contentUrl\":\"https:\/\/skaitytaknyga.lt\/wp-content\/uploads\/2024\/10\/EXPRESS-MAKIAZAS.-tobulas-ivaizdis-per-15-min.-Naujausia-bestselerio-\u201eMakiazo-paslaptys-autores-knyga.webp\",\"width\":593,\"height\":800,\"caption\":\"EXPRESS MAKIA\u017dAS. tobulas \u012fvaizdis per 15 min. Naujausia bestselerio \u201eMakia\u017eo paslaptys\u201c autor\u0117s knyga\"},{\"@type\":\"BreadcrumbList\",\"@id\":\"https:\/\/skaitytaknyga.lt\/produktas\/express-makiazas-tobulas-ivaizdis-per-15-min-naujausia-bestselerio-makiazo-paslaptys-autores-knyga\/#breadcrumb\",\"itemListElement\":[{\"@type\":\"ListItem\",\"position\":1,\"name\":\"Home\",\"item\":\"https:\/\/skaitytaknyga.lt\/\"},{\"@type\":\"ListItem\",\"position\":2,\"name\":\"Parduotuv\u0117\",\"item\":\"https:\/\/skaitytaknyga.lt\/knygu-parduotuve\/\"},{\"@type\":\"ListItem\",\"position\":3,\"name\":\"EXPRESS MAKIA\u017dAS: tobulas \u012fvaizdis per 15 min. Naujausia bestselerio \u201eMakia\u017eo paslaptys\u201c autor\u0117s knyga\"}]},{\"@type\":\"WebSite\",\"@id\":\"https:\/\/skaitytaknyga.lt\/#website\",\"url\":\"https:\/\/skaitytaknyga.lt\/\",\"name\":\"skaitytaknyga.lt\",\"description\":\"Skaitytaknyga.lt \u2013 tai ma\u017eas \u0161eimos verslas, kuris prasid\u0117jo nuo meil\u0117s knygoms ir siekio i\u0161gelb\u0117ti knygas nuo likimo prie konteinerio. Kas vienam nereikalingas daiktas \u2013 kitam lobis, o mes esame tarpininkai, kurie padeda abiems tapti laimingesniems ???? \u017dinome kaip nelengva i\u0161gyventi ma\u017eiems verslams, tad nuo \u0161iol, \u010dia rasite ir kit\u0173, ma\u017e\u0173 \u0161eim\u0173 versl\u0173, rank\u0173 darbo, dovan\u0173 sau ir artimiesiems.\",\"publisher\":{\"@id\":\"https:\/\/skaitytaknyga.lt\/#organization\"},\"potentialAction\":[{\"@type\":\"SearchAction\",\"target\":{\"@type\":\"EntryPoint\",\"urlTemplate\":\"https:\/\/skaitytaknyga.lt\/?s={search_term_string}\"},\"query-input\":{\"@type\":\"PropertyValueSpecification\",\"valueRequired\":true,\"valueName\":\"search_term_string\"}}],\"inLanguage\":\"en-GB\"},{\"@type\":\"Organization\",\"@id\":\"https:\/\/skaitytaknyga.lt\/#organization\",\"name\":\"skaitytaknyga.lt\",\"url\":\"https:\/\/skaitytaknyga.lt\/\",\"logo\":{\"@type\":\"ImageObject\",\"inLanguage\":\"en-GB\",\"@id\":\"https:\/\/skaitytaknyga.lt\/#\/schema\/logo\/image\/\",\"url\":\"https:\/\/skaitytaknyga.lt\/wp-content\/uploads\/2024\/05\/cropped-cropped-cropped-02_00843_jt3bggkj1j3HLc7SyY6rEUpg.jpeg\",\"contentUrl\":\"https:\/\/skaitytaknyga.lt\/wp-content\/uploads\/2024\/05\/cropped-cropped-cropped-02_00843_jt3bggkj1j3HLc7SyY6rEUpg.jpeg\",\"width\":1600,\"height\":1600,\"caption\":\"skaitytaknyga.lt\"},\"image\":{\"@id\":\"https:\/\/skaitytaknyga.lt\/#\/schema\/logo\/image\/\"},\"sameAs\":[\"https:\/\/www.facebook.com\/skaitytaknyga\/\"]}]}<\/script>\n<!-- \/ Yoast SEO plugin. -->","yoast_head_json":{"title":"EXPRESS MAKIA\u017dAS: tobulas \u012fvaizdis per 15 min. Naujausia bestselerio \u201eMakia\u017eo paslaptys\u201c autor\u0117s knyga","description":"Naujausia bestselerio\u00a0\u201eMakia\u017eo paslaptys\"\u00a0autor\u0117s knyga. 5 \u017eingsniai, i\u0161ry\u0161kinantys gra\u017eiausius tavo veido bruo\u017eus 10 triuk\u0173, palengvinsian\u010di\u0173 makia\u017eo","robots":{"index":"index","follow":"follow","max-snippet":"max-snippet:-1","max-image-preview":"max-image-preview:large","max-video-preview":"max-video-preview:-1"},"canonical":"https:\/\/skaitytaknyga.lt\/en\/produktas\/express-makiazas-tobulas-ivaizdis-per-15-min-naujausia-bestselerio-makiazo-paslaptys-autores-knyga\/","og_locale":"en_GB","og_type":"article","og_title":"[:lt]EXPRESS MAKIA\u017dAS: tobulas \u012fvaizdis per 15 min. Naujausia bestselerio \u201eMakia\u017eo paslaptys\u201c autor\u0117s knyga[:] - Skaitytaknyga","og_description":"Naujausia bestselerio\u00a0\u201eMakia\u017eo paslaptys\"\u00a0autor\u0117s knyga. 5 \u017eingsniai, i\u0161ry\u0161kinantys gra\u017eiausius tavo veido bruo\u017eus 10 triuk\u0173, palengvinsian\u010di\u0173 makia\u017eo","og_url":"https:\/\/skaitytaknyga.lt\/en\/produktas\/express-makiazas-tobulas-ivaizdis-per-15-min-naujausia-bestselerio-makiazo-paslaptys-autores-knyga\/","og_site_name":"Skaitytaknyga","article_publisher":"https:\/\/www.facebook.com\/skaitytaknyga\/","article_modified_time":"2026-03-18T09:12:13+00:00","og_image":[{"width":593,"height":800,"url":"https:\/\/skaitytaknyga.lt\/wp-content\/uploads\/2024\/10\/EXPRESS-MAKIAZAS.-tobulas-ivaizdis-per-15-min.-Naujausia-bestselerio-\u201eMakiazo-paslaptys-autores-knyga.webp","type":"image\/webp"}],"twitter_card":"summary_large_image","twitter_misc":{"Estimated reading time":"2 minutes"},"schema":{"@context":"https:\/\/schema.org","@graph":[{"@type":"WebPage","@id":"https:\/\/skaitytaknyga.lt\/produktas\/express-makiazas-tobulas-ivaizdis-per-15-min-naujausia-bestselerio-makiazo-paslaptys-autores-knyga\/","url":"https:\/\/skaitytaknyga.lt\/produktas\/express-makiazas-tobulas-ivaizdis-per-15-min-naujausia-bestselerio-makiazo-paslaptys-autores-knyga\/","name":"EXPRESS MAKIA\u017dAS: tobulas \u012fvaizdis per 15 min. Naujausia bestselerio \u201eMakia\u017eo paslaptys\u201c autor\u0117s knyga","isPartOf":{"@id":"https:\/\/skaitytaknyga.lt\/#website"},"primaryImageOfPage":{"@id":"https:\/\/skaitytaknyga.lt\/produktas\/express-makiazas-tobulas-ivaizdis-per-15-min-naujausia-bestselerio-makiazo-paslaptys-autores-knyga\/#primaryimage"},"image":{"@id":"https:\/\/skaitytaknyga.lt\/produktas\/express-makiazas-tobulas-ivaizdis-per-15-min-naujausia-bestselerio-makiazo-paslaptys-autores-knyga\/#primaryimage"},"thumbnailUrl":"https:\/\/skaitytaknyga.lt\/wp-content\/uploads\/2024\/10\/EXPRESS-MAKIAZAS.-tobulas-ivaizdis-per-15-min.-Naujausia-bestselerio-\u201eMakiazo-paslaptys-autores-knyga.webp","datePublished":"2024-10-17T08:11:29+00:00","dateModified":"2026-03-18T09:12:13+00:00","description":"Naujausia bestselerio\u00a0\u201eMakia\u017eo paslaptys\"\u00a0autor\u0117s knyga. 5 \u017eingsniai, i\u0161ry\u0161kinantys gra\u017eiausius tavo veido bruo\u017eus 10 triuk\u0173, palengvinsian\u010di\u0173 makia\u017eo","breadcrumb":{"@id":"https:\/\/skaitytaknyga.lt\/produktas\/express-makiazas-tobulas-ivaizdis-per-15-min-naujausia-bestselerio-makiazo-paslaptys-autores-knyga\/#breadcrumb"},"inLanguage":"en-GB","potentialAction":[{"@type":"ReadAction","target":["https:\/\/skaitytaknyga.lt\/produktas\/express-makiazas-tobulas-ivaizdis-per-15-min-naujausia-bestselerio-makiazo-paslaptys-autores-knyga\/"]}]},{"@type":"ImageObject","inLanguage":"en-GB","@id":"https:\/\/skaitytaknyga.lt\/produktas\/express-makiazas-tobulas-ivaizdis-per-15-min-naujausia-bestselerio-makiazo-paslaptys-autores-knyga\/#primaryimage","url":"https:\/\/skaitytaknyga.lt\/wp-content\/uploads\/2024\/10\/EXPRESS-MAKIAZAS.-tobulas-ivaizdis-per-15-min.-Naujausia-bestselerio-\u201eMakiazo-paslaptys-autores-knyga.webp","contentUrl":"https:\/\/skaitytaknyga.lt\/wp-content\/uploads\/2024\/10\/EXPRESS-MAKIAZAS.-tobulas-ivaizdis-per-15-min.-Naujausia-bestselerio-\u201eMakiazo-paslaptys-autores-knyga.webp","width":593,"height":800,"caption":"EXPRESS MAKIA\u017dAS. tobulas \u012fvaizdis per 15 min. Naujausia bestselerio \u201eMakia\u017eo paslaptys\u201c autor\u0117s knyga"},{"@type":"BreadcrumbList","@id":"https:\/\/skaitytaknyga.lt\/produktas\/express-makiazas-tobulas-ivaizdis-per-15-min-naujausia-bestselerio-makiazo-paslaptys-autores-knyga\/#breadcrumb","itemListElement":[{"@type":"ListItem","position":1,"name":"Home","item":"https:\/\/skaitytaknyga.lt\/"},{"@type":"ListItem","position":2,"name":"Parduotuv\u0117","item":"https:\/\/skaitytaknyga.lt\/knygu-parduotuve\/"},{"@type":"ListItem","position":3,"name":"EXPRESS MAKIA\u017dAS: tobulas \u012fvaizdis per 15 min. Naujausia bestselerio \u201eMakia\u017eo paslaptys\u201c autor\u0117s knyga"}]},{"@type":"WebSite","@id":"https:\/\/skaitytaknyga.lt\/#website","url":"https:\/\/skaitytaknyga.lt\/","name":"skaitytaknyga.lt","description":"Skaitytaknyga.lt \u2013 tai ma\u017eas \u0161eimos verslas, kuris prasid\u0117jo nuo meil\u0117s knygoms ir siekio i\u0161gelb\u0117ti knygas nuo likimo prie konteinerio. Kas vienam nereikalingas daiktas \u2013 kitam lobis, o mes esame tarpininkai, kurie padeda abiems tapti laimingesniems ???? \u017dinome kaip nelengva i\u0161gyventi ma\u017eiems verslams, tad nuo \u0161iol, \u010dia rasite ir kit\u0173, ma\u017e\u0173 \u0161eim\u0173 versl\u0173, rank\u0173 darbo, dovan\u0173 sau ir artimiesiems.","publisher":{"@id":"https:\/\/skaitytaknyga.lt\/#organization"},"potentialAction":[{"@type":"SearchAction","target":{"@type":"EntryPoint","urlTemplate":"https:\/\/skaitytaknyga.lt\/?s={search_term_string}"},"query-input":{"@type":"PropertyValueSpecification","valueRequired":true,"valueName":"search_term_string"}}],"inLanguage":"en-GB"},{"@type":"Organization","@id":"https:\/\/skaitytaknyga.lt\/#organization","name":"skaitytaknyga.lt","url":"https:\/\/skaitytaknyga.lt\/","logo":{"@type":"ImageObject","inLanguage":"en-GB","@id":"https:\/\/skaitytaknyga.lt\/#\/schema\/logo\/image\/","url":"https:\/\/skaitytaknyga.lt\/wp-content\/uploads\/2024\/05\/cropped-cropped-cropped-02_00843_jt3bggkj1j3HLc7SyY6rEUpg.jpeg","contentUrl":"https:\/\/skaitytaknyga.lt\/wp-content\/uploads\/2024\/05\/cropped-cropped-cropped-02_00843_jt3bggkj1j3HLc7SyY6rEUpg.jpeg","width":1600,"height":1600,"caption":"skaitytaknyga.lt"},"image":{"@id":"https:\/\/skaitytaknyga.lt\/#\/schema\/logo\/image\/"},"sameAs":["https:\/\/www.facebook.com\/skaitytaknyga\/"]}]}},"_links":{"self":[{"href":"https:\/\/skaitytaknyga.lt\/en\/wp-json\/wp\/v2\/product\/14261","targetHints":{"allow":["GET"]}}],"collection":[{"href":"https:\/\/skaitytaknyga.lt\/en\/wp-json\/wp\/v2\/product"}],"about":[{"href":"https:\/\/skaitytaknyga.lt\/en\/wp-json\/wp\/v2\/types\/product"}],"replies":[{"embeddable":true,"href":"https:\/\/skaitytaknyga.lt\/en\/wp-json\/wp\/v2\/comments?post=14261"}],"wp:featuredmedia":[{"embeddable":true,"href":"https:\/\/skaitytaknyga.lt\/en\/wp-json\/wp\/v2\/media\/14275"}],"wp:attachment":[{"href":"https:\/\/skaitytaknyga.lt\/en\/wp-json\/wp\/v2\/media?parent=14261"}],"wp:term":[{"taxonomy":"product_brand","embeddable":true,"href":"https:\/\/skaitytaknyga.lt\/en\/wp-json\/wp\/v2\/product_brand?post=14261"},{"taxonomy":"product_cat","embeddable":true,"href":"https:\/\/skaitytaknyga.lt\/en\/wp-json\/wp\/v2\/product_cat?post=14261"},{"taxonomy":"product_tag","embeddable":true,"href":"https:\/\/skaitytaknyga.lt\/en\/wp-json\/wp\/v2\/product_tag?post=14261"}],"curies":[{"name":"wp","href":"https:\/\/api.w.org\/{rel}","templated":true}]}}