{"id":14260,"date":"2024-10-17T11:11:28","date_gmt":"2024-10-17T08:11:28","guid":{"rendered":"https:\/\/skaitytaknyga.lt\/?post_type=product&#038;p=14260"},"modified":"2024-12-15T21:00:10","modified_gmt":"2024-12-15T19:00:10","slug":"tu-amzinas-30-spartaus-psichikos-lavinimo-pamoku","status":"publish","type":"product","link":"https:\/\/skaitytaknyga.lt\/en\/produktas\/tu-amzinas-30-spartaus-psichikos-lavinimo-pamoku\/","title":{"rendered":"Tu \u2013 am\u017einas: 30 spartaus psichikos lavinimo pamok\u0173"},"content":{"rendered":"<p>30 spartaus psichikos lavinimo pamok\u0173, kurias si\u016blo Tibeto lama, \u017eymus okultizmo meistras ir nuostabus ra\u0161ytojas.<\/p>\n<p>Rampa, kurio pirmosiose knygose apra\u0161oma jo patirtis mistikos pasaulyje, \u0161ioje prakti\u0161koje knygoje dovanoja skaitytojams raktus, atverian\u010dius \u0161\u012f pasaul\u012f kiekvienam.<\/p>\n<ul class=\"about-product d-none d-xl-block mt-4\">\n<li><strong>Autorius:<\/strong>\u00a0Lobsang Rampa<\/li>\n<li><strong>Leid\u0117jas:<\/strong>\u00a0Asveja<\/li>\n<li><strong>Metai:<\/strong>\u00a02000<\/li>\n<li><strong>Puslapiai:<\/strong>\u00a0192<\/li>\n<li class=\"toggleable type-new-formats \"><strong>ISBN:<\/strong>\u00a09986504902<\/li>\n<li class=\"toggleable type-new-formats \"><strong>Formatas:<\/strong>\u00a012 x 20 cm, mink\u0161ti vir\u0161eliai<\/li>\n<li><strong>Kalba:<\/strong>\u00a0Lietuvi\u0173<\/li>\n<\/ul>\n","protected":false},"excerpt":{"rendered":"<p>30 spartaus psichikos lavinimo pamok\u0173, kurias si\u016blo Tibeto lama, \u017eymus okultizmo meistras ir nuostabus ra\u0161ytojas. Rampa, kurio pirmosiose knygose apra\u0161oma jo patirtis mistikos pasaulyje, \u0161ioje prakti\u0161koje knygoje dovanoja skaitytojams raktus, atverian\u010dius \u0161\u012f pasaul\u012f kiekvienam. Autorius:\u00a0Lobsang Rampa Leid\u0117jas:\u00a0Asveja Metai:\u00a02000 Puslapiai:\u00a0192 ISBN:\u00a09986504902 Formatas:\u00a012 x 20 cm, mink\u0161ti vir\u0161eliai Kalba:\u00a0Lietuvi\u0173<\/p>\n","protected":false},"featured_media":14277,"comment_status":"open","ping_status":"closed","template":"","meta":{"_acf_changed":false,"site-sidebar-layout":"default","site-content-layout":"","ast-site-content-layout":"default","site-content-style":"default","site-sidebar-style":"default","ast-global-header-display":"","ast-banner-title-visibility":"","ast-main-header-display":"","ast-hfb-above-header-display":"","ast-hfb-below-header-display":"","ast-hfb-mobile-header-display":"","site-post-title":"","ast-breadcrumbs-content":"","ast-featured-img":"","footer-sml-layout":"","ast-disable-related-posts":"","theme-transparent-header-meta":"default","adv-header-id-meta":"","stick-header-meta":"","header-above-stick-meta":"","header-main-stick-meta":"","header-below-stick-meta":"","astra-migrate-meta-layouts":"set","ast-page-background-enabled":"default","ast-page-background-meta":{"desktop":{"background-color":"","background-image":"","background-repeat":"repeat","background-position":"center center","background-size":"auto","background-attachment":"scroll","background-type":"","background-media":"","overlay-type":"","overlay-color":"","overlay-opacity":"","overlay-gradient":""},"tablet":{"background-color":"","background-image":"","background-repeat":"repeat","background-position":"center center","background-size":"auto","background-attachment":"scroll","background-type":"","background-media":"","overlay-type":"","overlay-color":"","overlay-opacity":"","overlay-gradient":""},"mobile":{"background-color":"","background-image":"","background-repeat":"repeat","background-position":"center center","background-size":"auto","background-attachment":"scroll","background-type":"","background-media":"","overlay-type":"","overlay-color":"","overlay-opacity":"","overlay-gradient":""}},"ast-content-background-meta":{"desktop":{"background-color":"var(--ast-global-color-4)","background-image":"","background-repeat":"repeat","background-position":"center center","background-size":"auto","background-attachment":"scroll","background-type":"","background-media":"","overlay-type":"","overlay-color":"","overlay-opacity":"","overlay-gradient":""},"tablet":{"background-color":"var(--ast-global-color-4)","background-image":"","background-repeat":"repeat","background-position":"center center","background-size":"auto","background-attachment":"scroll","background-type":"","background-media":"","overlay-type":"","overlay-color":"","overlay-opacity":"","overlay-gradient":""},"mobile":{"background-color":"var(--ast-global-color-4)","background-image":"","background-repeat":"repeat","background-position":"center center","background-size":"auto","background-attachment":"scroll","background-type":"","background-media":"","overlay-type":"","overlay-color":"","overlay-opacity":"","overlay-gradient":""}}},"product_brand":[],"product_cat":[15,30],"product_tag":[],"class_list":{"0":"post-14260","1":"product","2":"type-product","3":"status-publish","4":"has-post-thumbnail","6":"product_cat-uncategorized","7":"product_cat-psichologija-ir-saviugda","8":"desktop-align-left","9":"tablet-align-left","10":"mobile-align-left","12":"first","13":"outofstock","14":"shipping-taxable","15":"purchasable","16":"product-type-simple"},"acf":[],"yoast_head":"<!-- This site is optimized with the Yoast SEO plugin v27.0 - https:\/\/yoast.com\/product\/yoast-seo-wordpress\/ -->\n<title>Tu \u2013 am\u017einas: 30 spartaus psichikos lavinimo pamok\u0173<\/title>\n<meta name=\"description\" content=\"30 spartaus psichikos lavinimo pamok\u0173, kurias si\u016blo Tibeto lama, \u017eymus okultizmo meistras ir nuostabus ra\u0161ytojas. Rampa, kurio pirmosiose knygose apra\u0161oma\" \/>\n<meta name=\"robots\" content=\"index, follow, max-snippet:-1, max-image-preview:large, max-video-preview:-1\" \/>\n<link rel=\"canonical\" href=\"https:\/\/skaitytaknyga.lt\/en\/produktas\/tu-amzinas-30-spartaus-psichikos-lavinimo-pamoku\/\" \/>\n<meta property=\"og:locale\" content=\"en_GB\" \/>\n<meta property=\"og:locale:alternate\" content=\"lt_LT\" \/>\n<meta property=\"og:type\" content=\"article\" \/>\n<meta property=\"og:title\" content=\"Tu \u2013 am\u017einas: 30 spartaus psichikos lavinimo pamok\u0173\" \/>\n<meta property=\"og:description\" content=\"30 spartaus psichikos lavinimo pamok\u0173, kurias si\u016blo Tibeto lama, \u017eymus okultizmo meistras ir nuostabus ra\u0161ytojas. Rampa, kurio pirmosiose knygose apra\u0161oma\" \/>\n<meta property=\"og:url\" content=\"https:\/\/skaitytaknyga.lt\/en\/produktas\/tu-amzinas-30-spartaus-psichikos-lavinimo-pamoku\/\" \/>\n<meta property=\"og:site_name\" content=\"Skaitytaknyga\" \/>\n<meta property=\"article:publisher\" content=\"https:\/\/www.facebook.com\/skaitytaknyga\/\" \/>\n<meta property=\"article:modified_time\" content=\"2024-12-15T19:00:10+00:00\" \/>\n<meta property=\"og:image\" content=\"https:\/\/skaitytaknyga.lt\/wp-content\/uploads\/2024\/10\/Tu-\u2013-amzinas.-30-spartaus-psichikos-lavinimo-pamoku.webp\" \/>\n\t<meta property=\"og:image:width\" content=\"508\" \/>\n\t<meta property=\"og:image:height\" content=\"800\" \/>\n\t<meta property=\"og:image:type\" content=\"image\/webp\" \/>\n<meta name=\"twitter:card\" content=\"summary_large_image\" \/>\n<meta name=\"twitter:label1\" content=\"Estimated reading time\" \/>\n\t<meta name=\"twitter:data1\" content=\"1 minute\" \/>\n<script type=\"application\/ld+json\" class=\"yoast-schema-graph\">{\"@context\":\"https:\/\/schema.org\",\"@graph\":[{\"@type\":\"WebPage\",\"@id\":\"https:\/\/skaitytaknyga.lt\/produktas\/tu-amzinas-30-spartaus-psichikos-lavinimo-pamoku\/\",\"url\":\"https:\/\/skaitytaknyga.lt\/produktas\/tu-amzinas-30-spartaus-psichikos-lavinimo-pamoku\/\",\"name\":\"Tu \u2013 am\u017einas: 30 spartaus psichikos lavinimo pamok\u0173\",\"isPartOf\":{\"@id\":\"https:\/\/skaitytaknyga.lt\/#website\"},\"primaryImageOfPage\":{\"@id\":\"https:\/\/skaitytaknyga.lt\/produktas\/tu-amzinas-30-spartaus-psichikos-lavinimo-pamoku\/#primaryimage\"},\"image\":{\"@id\":\"https:\/\/skaitytaknyga.lt\/produktas\/tu-amzinas-30-spartaus-psichikos-lavinimo-pamoku\/#primaryimage\"},\"thumbnailUrl\":\"https:\/\/skaitytaknyga.lt\/wp-content\/uploads\/2024\/10\/Tu-\u2013-amzinas.-30-spartaus-psichikos-lavinimo-pamoku.webp\",\"datePublished\":\"2024-10-17T08:11:28+00:00\",\"dateModified\":\"2024-12-15T19:00:10+00:00\",\"description\":\"30 spartaus psichikos lavinimo pamok\u0173, kurias si\u016blo Tibeto lama, \u017eymus okultizmo meistras ir nuostabus ra\u0161ytojas. Rampa, kurio pirmosiose knygose apra\u0161oma\",\"breadcrumb\":{\"@id\":\"https:\/\/skaitytaknyga.lt\/produktas\/tu-amzinas-30-spartaus-psichikos-lavinimo-pamoku\/#breadcrumb\"},\"inLanguage\":\"en-GB\",\"potentialAction\":[{\"@type\":\"ReadAction\",\"target\":[\"https:\/\/skaitytaknyga.lt\/produktas\/tu-amzinas-30-spartaus-psichikos-lavinimo-pamoku\/\"]}]},{\"@type\":\"ImageObject\",\"inLanguage\":\"en-GB\",\"@id\":\"https:\/\/skaitytaknyga.lt\/produktas\/tu-amzinas-30-spartaus-psichikos-lavinimo-pamoku\/#primaryimage\",\"url\":\"https:\/\/skaitytaknyga.lt\/wp-content\/uploads\/2024\/10\/Tu-\u2013-amzinas.-30-spartaus-psichikos-lavinimo-pamoku.webp\",\"contentUrl\":\"https:\/\/skaitytaknyga.lt\/wp-content\/uploads\/2024\/10\/Tu-\u2013-amzinas.-30-spartaus-psichikos-lavinimo-pamoku.webp\",\"width\":508,\"height\":800,\"caption\":\"Tu \u2013 am\u017einas. 30 spartaus psichikos lavinimo pamok\u0173\"},{\"@type\":\"BreadcrumbList\",\"@id\":\"https:\/\/skaitytaknyga.lt\/produktas\/tu-amzinas-30-spartaus-psichikos-lavinimo-pamoku\/#breadcrumb\",\"itemListElement\":[{\"@type\":\"ListItem\",\"position\":1,\"name\":\"Home\",\"item\":\"https:\/\/skaitytaknyga.lt\/\"},{\"@type\":\"ListItem\",\"position\":2,\"name\":\"Parduotuv\u0117\",\"item\":\"https:\/\/skaitytaknyga.lt\/knygu-parduotuve\/\"},{\"@type\":\"ListItem\",\"position\":3,\"name\":\"Tu \u2013 am\u017einas: 30 spartaus psichikos lavinimo pamok\u0173\"}]},{\"@type\":\"WebSite\",\"@id\":\"https:\/\/skaitytaknyga.lt\/#website\",\"url\":\"https:\/\/skaitytaknyga.lt\/\",\"name\":\"skaitytaknyga.lt\",\"description\":\"Skaitytaknyga.lt \u2013 tai ma\u017eas \u0161eimos verslas, kuris prasid\u0117jo nuo meil\u0117s knygoms ir siekio i\u0161gelb\u0117ti knygas nuo likimo prie konteinerio. Kas vienam nereikalingas daiktas \u2013 kitam lobis, o mes esame tarpininkai, kurie padeda abiems tapti laimingesniems ???? \u017dinome kaip nelengva i\u0161gyventi ma\u017eiems verslams, tad nuo \u0161iol, \u010dia rasite ir kit\u0173, ma\u017e\u0173 \u0161eim\u0173 versl\u0173, rank\u0173 darbo, dovan\u0173 sau ir artimiesiems.\",\"publisher\":{\"@id\":\"https:\/\/skaitytaknyga.lt\/#organization\"},\"potentialAction\":[{\"@type\":\"SearchAction\",\"target\":{\"@type\":\"EntryPoint\",\"urlTemplate\":\"https:\/\/skaitytaknyga.lt\/?s={search_term_string}\"},\"query-input\":{\"@type\":\"PropertyValueSpecification\",\"valueRequired\":true,\"valueName\":\"search_term_string\"}}],\"inLanguage\":\"en-GB\"},{\"@type\":\"Organization\",\"@id\":\"https:\/\/skaitytaknyga.lt\/#organization\",\"name\":\"skaitytaknyga.lt\",\"url\":\"https:\/\/skaitytaknyga.lt\/\",\"logo\":{\"@type\":\"ImageObject\",\"inLanguage\":\"en-GB\",\"@id\":\"https:\/\/skaitytaknyga.lt\/#\/schema\/logo\/image\/\",\"url\":\"https:\/\/skaitytaknyga.lt\/wp-content\/uploads\/2024\/05\/cropped-cropped-cropped-02_00843_jt3bggkj1j3HLc7SyY6rEUpg.jpeg\",\"contentUrl\":\"https:\/\/skaitytaknyga.lt\/wp-content\/uploads\/2024\/05\/cropped-cropped-cropped-02_00843_jt3bggkj1j3HLc7SyY6rEUpg.jpeg\",\"width\":1600,\"height\":1600,\"caption\":\"skaitytaknyga.lt\"},\"image\":{\"@id\":\"https:\/\/skaitytaknyga.lt\/#\/schema\/logo\/image\/\"},\"sameAs\":[\"https:\/\/www.facebook.com\/skaitytaknyga\/\"]}]}<\/script>\n<!-- \/ Yoast SEO plugin. -->","yoast_head_json":{"title":"Tu \u2013 am\u017einas: 30 spartaus psichikos lavinimo pamok\u0173","description":"30 spartaus psichikos lavinimo pamok\u0173, kurias si\u016blo Tibeto lama, \u017eymus okultizmo meistras ir nuostabus ra\u0161ytojas. Rampa, kurio pirmosiose knygose apra\u0161oma","robots":{"index":"index","follow":"follow","max-snippet":"max-snippet:-1","max-image-preview":"max-image-preview:large","max-video-preview":"max-video-preview:-1"},"canonical":"https:\/\/skaitytaknyga.lt\/en\/produktas\/tu-amzinas-30-spartaus-psichikos-lavinimo-pamoku\/","og_locale":"en_GB","og_type":"article","og_title":"[:lt]Tu \u2013 am\u017einas: 30 spartaus psichikos lavinimo pamok\u0173[:] - Skaitytaknyga","og_description":"30 spartaus psichikos lavinimo pamok\u0173, kurias si\u016blo Tibeto lama, \u017eymus okultizmo meistras ir nuostabus ra\u0161ytojas. Rampa, kurio pirmosiose knygose apra\u0161oma","og_url":"https:\/\/skaitytaknyga.lt\/en\/produktas\/tu-amzinas-30-spartaus-psichikos-lavinimo-pamoku\/","og_site_name":"Skaitytaknyga","article_publisher":"https:\/\/www.facebook.com\/skaitytaknyga\/","article_modified_time":"2024-12-15T19:00:10+00:00","og_image":[{"width":508,"height":800,"url":"https:\/\/skaitytaknyga.lt\/wp-content\/uploads\/2024\/10\/Tu-\u2013-amzinas.-30-spartaus-psichikos-lavinimo-pamoku.webp","type":"image\/webp"}],"twitter_card":"summary_large_image","twitter_misc":{"Estimated reading time":"1 minute"},"schema":{"@context":"https:\/\/schema.org","@graph":[{"@type":"WebPage","@id":"https:\/\/skaitytaknyga.lt\/produktas\/tu-amzinas-30-spartaus-psichikos-lavinimo-pamoku\/","url":"https:\/\/skaitytaknyga.lt\/produktas\/tu-amzinas-30-spartaus-psichikos-lavinimo-pamoku\/","name":"Tu \u2013 am\u017einas: 30 spartaus psichikos lavinimo pamok\u0173","isPartOf":{"@id":"https:\/\/skaitytaknyga.lt\/#website"},"primaryImageOfPage":{"@id":"https:\/\/skaitytaknyga.lt\/produktas\/tu-amzinas-30-spartaus-psichikos-lavinimo-pamoku\/#primaryimage"},"image":{"@id":"https:\/\/skaitytaknyga.lt\/produktas\/tu-amzinas-30-spartaus-psichikos-lavinimo-pamoku\/#primaryimage"},"thumbnailUrl":"https:\/\/skaitytaknyga.lt\/wp-content\/uploads\/2024\/10\/Tu-\u2013-amzinas.-30-spartaus-psichikos-lavinimo-pamoku.webp","datePublished":"2024-10-17T08:11:28+00:00","dateModified":"2024-12-15T19:00:10+00:00","description":"30 spartaus psichikos lavinimo pamok\u0173, kurias si\u016blo Tibeto lama, \u017eymus okultizmo meistras ir nuostabus ra\u0161ytojas. Rampa, kurio pirmosiose knygose apra\u0161oma","breadcrumb":{"@id":"https:\/\/skaitytaknyga.lt\/produktas\/tu-amzinas-30-spartaus-psichikos-lavinimo-pamoku\/#breadcrumb"},"inLanguage":"en-GB","potentialAction":[{"@type":"ReadAction","target":["https:\/\/skaitytaknyga.lt\/produktas\/tu-amzinas-30-spartaus-psichikos-lavinimo-pamoku\/"]}]},{"@type":"ImageObject","inLanguage":"en-GB","@id":"https:\/\/skaitytaknyga.lt\/produktas\/tu-amzinas-30-spartaus-psichikos-lavinimo-pamoku\/#primaryimage","url":"https:\/\/skaitytaknyga.lt\/wp-content\/uploads\/2024\/10\/Tu-\u2013-amzinas.-30-spartaus-psichikos-lavinimo-pamoku.webp","contentUrl":"https:\/\/skaitytaknyga.lt\/wp-content\/uploads\/2024\/10\/Tu-\u2013-amzinas.-30-spartaus-psichikos-lavinimo-pamoku.webp","width":508,"height":800,"caption":"Tu \u2013 am\u017einas. 30 spartaus psichikos lavinimo pamok\u0173"},{"@type":"BreadcrumbList","@id":"https:\/\/skaitytaknyga.lt\/produktas\/tu-amzinas-30-spartaus-psichikos-lavinimo-pamoku\/#breadcrumb","itemListElement":[{"@type":"ListItem","position":1,"name":"Home","item":"https:\/\/skaitytaknyga.lt\/"},{"@type":"ListItem","position":2,"name":"Parduotuv\u0117","item":"https:\/\/skaitytaknyga.lt\/knygu-parduotuve\/"},{"@type":"ListItem","position":3,"name":"Tu \u2013 am\u017einas: 30 spartaus psichikos lavinimo pamok\u0173"}]},{"@type":"WebSite","@id":"https:\/\/skaitytaknyga.lt\/#website","url":"https:\/\/skaitytaknyga.lt\/","name":"skaitytaknyga.lt","description":"Skaitytaknyga.lt \u2013 tai ma\u017eas \u0161eimos verslas, kuris prasid\u0117jo nuo meil\u0117s knygoms ir siekio i\u0161gelb\u0117ti knygas nuo likimo prie konteinerio. Kas vienam nereikalingas daiktas \u2013 kitam lobis, o mes esame tarpininkai, kurie padeda abiems tapti laimingesniems ???? \u017dinome kaip nelengva i\u0161gyventi ma\u017eiems verslams, tad nuo \u0161iol, \u010dia rasite ir kit\u0173, ma\u017e\u0173 \u0161eim\u0173 versl\u0173, rank\u0173 darbo, dovan\u0173 sau ir artimiesiems.","publisher":{"@id":"https:\/\/skaitytaknyga.lt\/#organization"},"potentialAction":[{"@type":"SearchAction","target":{"@type":"EntryPoint","urlTemplate":"https:\/\/skaitytaknyga.lt\/?s={search_term_string}"},"query-input":{"@type":"PropertyValueSpecification","valueRequired":true,"valueName":"search_term_string"}}],"inLanguage":"en-GB"},{"@type":"Organization","@id":"https:\/\/skaitytaknyga.lt\/#organization","name":"skaitytaknyga.lt","url":"https:\/\/skaitytaknyga.lt\/","logo":{"@type":"ImageObject","inLanguage":"en-GB","@id":"https:\/\/skaitytaknyga.lt\/#\/schema\/logo\/image\/","url":"https:\/\/skaitytaknyga.lt\/wp-content\/uploads\/2024\/05\/cropped-cropped-cropped-02_00843_jt3bggkj1j3HLc7SyY6rEUpg.jpeg","contentUrl":"https:\/\/skaitytaknyga.lt\/wp-content\/uploads\/2024\/05\/cropped-cropped-cropped-02_00843_jt3bggkj1j3HLc7SyY6rEUpg.jpeg","width":1600,"height":1600,"caption":"skaitytaknyga.lt"},"image":{"@id":"https:\/\/skaitytaknyga.lt\/#\/schema\/logo\/image\/"},"sameAs":["https:\/\/www.facebook.com\/skaitytaknyga\/"]}]}},"_links":{"self":[{"href":"https:\/\/skaitytaknyga.lt\/en\/wp-json\/wp\/v2\/product\/14260","targetHints":{"allow":["GET"]}}],"collection":[{"href":"https:\/\/skaitytaknyga.lt\/en\/wp-json\/wp\/v2\/product"}],"about":[{"href":"https:\/\/skaitytaknyga.lt\/en\/wp-json\/wp\/v2\/types\/product"}],"replies":[{"embeddable":true,"href":"https:\/\/skaitytaknyga.lt\/en\/wp-json\/wp\/v2\/comments?post=14260"}],"wp:featuredmedia":[{"embeddable":true,"href":"https:\/\/skaitytaknyga.lt\/en\/wp-json\/wp\/v2\/media\/14277"}],"wp:attachment":[{"href":"https:\/\/skaitytaknyga.lt\/en\/wp-json\/wp\/v2\/media?parent=14260"}],"wp:term":[{"taxonomy":"product_brand","embeddable":true,"href":"https:\/\/skaitytaknyga.lt\/en\/wp-json\/wp\/v2\/product_brand?post=14260"},{"taxonomy":"product_cat","embeddable":true,"href":"https:\/\/skaitytaknyga.lt\/en\/wp-json\/wp\/v2\/product_cat?post=14260"},{"taxonomy":"product_tag","embeddable":true,"href":"https:\/\/skaitytaknyga.lt\/en\/wp-json\/wp\/v2\/product_tag?post=14260"}],"curies":[{"name":"wp","href":"https:\/\/api.w.org\/{rel}","templated":true}]}}