{"id":14259,"date":"2024-10-17T11:11:28","date_gmt":"2024-10-17T08:11:28","guid":{"rendered":"https:\/\/skaitytaknyga.lt\/?post_type=product&#038;p=14259"},"modified":"2024-10-18T10:31:05","modified_gmt":"2024-10-18T07:31:05","slug":"lieku-cia","status":"publish","type":"product","link":"https:\/\/skaitytaknyga.lt\/en\/produktas\/lieku-cia\/","title":{"rendered":"Lieku \u010dia"},"content":{"rendered":"<p>\u201eJei tau \u0161i vieta k\u0105 nors rei\u0161kia, jei \u0161ios gatv\u0117s ir kalnai tau priklauso, nebijok \u010dia likti.&#8221;<\/p>\n<p>Kai prasideda karas arba potvynis, \u017emon\u0117s da\u017eniausiai palieka gimtuosius namus ir b\u0117ga kur akys mato. Ta\u010diau Trina pasirinko kit\u0105 keli\u0105. Gimusi ir u\u017eaugusi Italijai priklausan\u010diose voki\u0161kose Piet\u0173 Tirolio \u017eem\u0117se ji atlaik\u0117 skaud\u017eius diktatoriaus Benito Musolinio fa\u0161istinio re\u017eimo kir\u010dius, nesitaikst\u0117 su vokie\u010di\u0173 nacionalistais, nepab\u016bgo ir ital\u0173 valdinink\u0173, siekian\u010di\u0173 paversti jos mylim\u0105 miestel\u012f dirbtiniu e\u017eeru.<\/p>\n<p>Kovos \u012frankiu Trina renkasi pasakojim\u0105, kuriame sutelpa ne tik skausmingi vietos gyventoj\u0173 i\u0161gyvenimai, bet ir jos asmenin\u0117s dramos. Gyvenimo negand\u0173 u\u017egr\u016bdinta moteris skiria savo atsiminimus pradingusiai dar prie\u0161 kar\u0105 dukteriai. Tik\u0117dama, kad vien\u0105 dien\u0105 \u0161i sugr\u012f\u0161 namo, Trina steng\u0117si perteikti gimtin\u0117s istorij\u0105, \u012fprasminti jaunyst\u0117s idealus ir i\u0161saugoti brangiausi\u0173 \u017emoni\u0173 atminim\u0105.<\/p>\n<p><strong>Marco Balzano<\/strong>\u00a0sako, kad para\u0161yti \u0161\u012f roman\u0105 j\u012f \u012fkv\u0117p\u0117 tikra Piet\u0173 Tirolio miestelio Kurono istorija. Po karo pasta\u010dius u\u017etvank\u0105, miestelis buvo u\u017etvindytas, ir \u0161iandien tik ky\u0161anti i\u0161 dirbtinio e\u017eero ba\u017eny\u010dios varpin\u0117 mena jame gyvenusi\u0173 \u017emoni\u0173 praeit\u012f. Iki \u0161iol mokytoju dirbantis autorius, kurio k\u016briniai yra peln\u0119 presti\u017eines literat\u016brines premijas, mums pateikia ne tik ma\u017eos bendruomen\u0117s istorij\u0105 did\u017ei\u0173j\u0173 istorijos kataklizm\u0173 epochoje. Jis meistri\u0161kai pie\u0161ia paprastos moters, pasiry\u017eusios prie\u0161intis pasaulio likim\u0105 lemian\u010dioms j\u0117goms, dr\u0105s\u0105 ir tvirtyb\u0119.<\/p>\n<ul class=\"about-product d-none d-xl-block mt-4\">\n<li><strong>Originalus pavadinimas:<\/strong>\u00a0RESTO QUI<\/li>\n<li><strong>Autorius:<\/strong>\u00a0Marco Balzano<\/li>\n<li><strong>Leid\u0117jas:<\/strong>\u00a0Alma littera<\/li>\n<li><strong>Metai:<\/strong>\u00a02019<\/li>\n<li><strong>Puslapiai:<\/strong>\u00a0192<\/li>\n<li class=\"toggleable type-new-formats \"><strong>ISBN:<\/strong>\u00a09786090139226<\/li>\n<li class=\"toggleable type-new-formats \"><strong>Formatas:<\/strong>\u00a014,3 x 23,5 x 2 cm, kieti vir\u0161eliai<\/li>\n<li><strong>Kalba:<\/strong>\u00a0Lietuvi\u0173<\/li>\n<li><strong>Vert\u0117jas:<\/strong>\u00a0Rasa Klio\u0161toraityt\u0117<\/li>\n<\/ul>\n","protected":false},"excerpt":{"rendered":"<p>\u201eJei tau \u0161i vieta k\u0105 nors rei\u0161kia, jei \u0161ios gatv\u0117s ir kalnai tau priklauso, nebijok \u010dia likti.&#8221; Kai prasideda karas arba potvynis, \u017emon\u0117s da\u017eniausiai palieka gimtuosius namus ir b\u0117ga kur akys mato. Ta\u010diau Trina pasirinko kit\u0105 keli\u0105. Gimusi ir u\u017eaugusi Italijai priklausan\u010diose voki\u0161kose Piet\u0173 Tirolio \u017eem\u0117se ji atlaik\u0117 skaud\u017eius diktatoriaus Benito Musolinio fa\u0161istinio re\u017eimo kir\u010dius, nesitaikst\u0117 su vokie\u010di\u0173 nacionalistais, nepab\u016bgo ir ital\u0173 valdinink\u0173, siekian\u010di\u0173 paversti jos mylim\u0105 miestel\u012f dirbtiniu e\u017eeru. Kovos \u012frankiu Trina renkasi pasakojim\u0105, kuriame sutelpa ne tik skausmingi vietos gyventoj\u0173 i\u0161gyvenimai, bet ir jos asmenin\u0117s dramos. Gyvenimo negand\u0173 u\u017egr\u016bdinta moteris skiria savo atsiminimus pradingusiai dar prie\u0161 kar\u0105 dukteriai. Tik\u0117dama, kad vien\u0105 dien\u0105 \u0161i sugr\u012f\u0161 namo, Trina steng\u0117si perteikti gimtin\u0117s istorij\u0105, \u012fprasminti jaunyst\u0117s idealus ir i\u0161saugoti brangiausi\u0173 \u017emoni\u0173 atminim\u0105. Marco Balzano\u00a0sako, kad para\u0161yti \u0161\u012f roman\u0105 j\u012f \u012fkv\u0117p\u0117 tikra Piet\u0173 Tirolio miestelio Kurono istorija. Po karo pasta\u010dius u\u017etvank\u0105, miestelis buvo u\u017etvindytas, ir \u0161iandien tik ky\u0161anti i\u0161 dirbtinio e\u017eero ba\u017eny\u010dios varpin\u0117 mena jame gyvenusi\u0173 \u017emoni\u0173 praeit\u012f. Iki \u0161iol mokytoju dirbantis autorius, kurio k\u016briniai yra peln\u0119 presti\u017eines literat\u016brines premijas, mums pateikia ne tik ma\u017eos bendruomen\u0117s istorij\u0105 did\u017ei\u0173j\u0173 istorijos kataklizm\u0173 epochoje. Jis meistri\u0161kai pie\u0161ia paprastos moters, pasiry\u017eusios prie\u0161intis pasaulio likim\u0105 lemian\u010dioms j\u0117goms, dr\u0105s\u0105 ir tvirtyb\u0119. Originalus pavadinimas:\u00a0RESTO QUI Autorius:\u00a0Marco Balzano Leid\u0117jas:\u00a0Alma littera Metai:\u00a02019 Puslapiai:\u00a0192 ISBN:\u00a09786090139226 Formatas:\u00a014,3 x 23,5 x 2 cm, kieti vir\u0161eliai Kalba:\u00a0Lietuvi\u0173 Vert\u0117jas:\u00a0Rasa Klio\u0161toraityt\u0117<\/p>\n","protected":false},"featured_media":14272,"comment_status":"open","ping_status":"closed","template":"","meta":{"_acf_changed":false,"site-sidebar-layout":"default","site-content-layout":"","ast-site-content-layout":"default","site-content-style":"default","site-sidebar-style":"default","ast-global-header-display":"","ast-banner-title-visibility":"","ast-main-header-display":"","ast-hfb-above-header-display":"","ast-hfb-below-header-display":"","ast-hfb-mobile-header-display":"","site-post-title":"","ast-breadcrumbs-content":"","ast-featured-img":"","footer-sml-layout":"","ast-disable-related-posts":"","theme-transparent-header-meta":"default","adv-header-id-meta":"","stick-header-meta":"","header-above-stick-meta":"","header-main-stick-meta":"","header-below-stick-meta":"","astra-migrate-meta-layouts":"set","ast-page-background-enabled":"default","ast-page-background-meta":{"desktop":{"background-color":"","background-image":"","background-repeat":"repeat","background-position":"center center","background-size":"auto","background-attachment":"scroll","background-type":"","background-media":"","overlay-type":"","overlay-color":"","overlay-opacity":"","overlay-gradient":""},"tablet":{"background-color":"","background-image":"","background-repeat":"repeat","background-position":"center center","background-size":"auto","background-attachment":"scroll","background-type":"","background-media":"","overlay-type":"","overlay-color":"","overlay-opacity":"","overlay-gradient":""},"mobile":{"background-color":"","background-image":"","background-repeat":"repeat","background-position":"center center","background-size":"auto","background-attachment":"scroll","background-type":"","background-media":"","overlay-type":"","overlay-color":"","overlay-opacity":"","overlay-gradient":""}},"ast-content-background-meta":{"desktop":{"background-color":"var(--ast-global-color-4)","background-image":"","background-repeat":"repeat","background-position":"center center","background-size":"auto","background-attachment":"scroll","background-type":"","background-media":"","overlay-type":"","overlay-color":"","overlay-opacity":"","overlay-gradient":""},"tablet":{"background-color":"var(--ast-global-color-4)","background-image":"","background-repeat":"repeat","background-position":"center center","background-size":"auto","background-attachment":"scroll","background-type":"","background-media":"","overlay-type":"","overlay-color":"","overlay-opacity":"","overlay-gradient":""},"mobile":{"background-color":"var(--ast-global-color-4)","background-image":"","background-repeat":"repeat","background-position":"center center","background-size":"auto","background-attachment":"scroll","background-type":"","background-media":"","overlay-type":"","overlay-color":"","overlay-opacity":"","overlay-gradient":""}}},"product_brand":[],"product_cat":[31,15],"product_tag":[],"class_list":{"0":"post-14259","1":"product","2":"type-product","3":"status-publish","4":"has-post-thumbnail","6":"product_cat-grozine-literatura","7":"product_cat-uncategorized","8":"desktop-align-left","9":"tablet-align-left","10":"mobile-align-left","12":"first","13":"instock","14":"shipping-taxable","15":"purchasable","16":"product-type-simple"},"acf":[],"yoast_head":"<!-- This site is optimized with the Yoast SEO plugin v27.0 - https:\/\/yoast.com\/product\/yoast-seo-wordpress\/ -->\n<title>Lieku \u010dia<\/title>\n<meta name=\"description\" content=\"\u201eJei tau \u0161i vieta k\u0105 nors rei\u0161kia, jei \u0161ios gatv\u0117s ir kalnai tau priklauso, nebijok \u010dia likti.&quot; Kai prasideda karas arba potvynis, \u017emon\u0117s da\u017eniausiai\" \/>\n<meta name=\"robots\" content=\"index, follow, max-snippet:-1, max-image-preview:large, max-video-preview:-1\" \/>\n<link rel=\"canonical\" href=\"https:\/\/skaitytaknyga.lt\/en\/produktas\/lieku-cia\/\" \/>\n<meta property=\"og:locale\" content=\"en_GB\" \/>\n<meta property=\"og:locale:alternate\" content=\"lt_LT\" \/>\n<meta property=\"og:type\" content=\"article\" \/>\n<meta property=\"og:title\" content=\"Lieku \u010dia\" \/>\n<meta property=\"og:description\" content=\"\u201eJei tau \u0161i vieta k\u0105 nors rei\u0161kia, jei \u0161ios gatv\u0117s ir kalnai tau priklauso, nebijok \u010dia likti.&quot; Kai prasideda karas arba potvynis, \u017emon\u0117s da\u017eniausiai\" \/>\n<meta property=\"og:url\" content=\"https:\/\/skaitytaknyga.lt\/en\/produktas\/lieku-cia\/\" \/>\n<meta property=\"og:site_name\" content=\"Skaitytaknyga\" \/>\n<meta property=\"article:publisher\" content=\"https:\/\/www.facebook.com\/skaitytaknyga\/\" \/>\n<meta property=\"article:modified_time\" content=\"2024-10-18T07:31:05+00:00\" \/>\n<meta property=\"og:image\" content=\"https:\/\/skaitytaknyga.lt\/wp-content\/uploads\/2024\/10\/1573718463_000000000001111721-5dcbc4cb114ae-asset-knyguklubas-lieku-cia.webp\" \/>\n\t<meta property=\"og:image:width\" content=\"366\" \/>\n\t<meta property=\"og:image:height\" content=\"600\" \/>\n\t<meta property=\"og:image:type\" content=\"image\/webp\" \/>\n<meta name=\"twitter:card\" content=\"summary_large_image\" \/>\n<meta name=\"twitter:label1\" content=\"Estimated reading time\" \/>\n\t<meta name=\"twitter:data1\" content=\"2 minutes\" \/>\n<script type=\"application\/ld+json\" class=\"yoast-schema-graph\">{\"@context\":\"https:\/\/schema.org\",\"@graph\":[{\"@type\":\"WebPage\",\"@id\":\"https:\/\/skaitytaknyga.lt\/produktas\/lieku-cia\/\",\"url\":\"https:\/\/skaitytaknyga.lt\/produktas\/lieku-cia\/\",\"name\":\"Lieku \u010dia\",\"isPartOf\":{\"@id\":\"https:\/\/skaitytaknyga.lt\/#website\"},\"primaryImageOfPage\":{\"@id\":\"https:\/\/skaitytaknyga.lt\/produktas\/lieku-cia\/#primaryimage\"},\"image\":{\"@id\":\"https:\/\/skaitytaknyga.lt\/produktas\/lieku-cia\/#primaryimage\"},\"thumbnailUrl\":\"https:\/\/skaitytaknyga.lt\/wp-content\/uploads\/2024\/10\/1573718463_000000000001111721-5dcbc4cb114ae-asset-knyguklubas-lieku-cia.webp\",\"datePublished\":\"2024-10-17T08:11:28+00:00\",\"dateModified\":\"2024-10-18T07:31:05+00:00\",\"description\":\"\u201eJei tau \u0161i vieta k\u0105 nors rei\u0161kia, jei \u0161ios gatv\u0117s ir kalnai tau priklauso, nebijok \u010dia likti.\\\" Kai prasideda karas arba potvynis, \u017emon\u0117s da\u017eniausiai\",\"breadcrumb\":{\"@id\":\"https:\/\/skaitytaknyga.lt\/produktas\/lieku-cia\/#breadcrumb\"},\"inLanguage\":\"en-GB\",\"potentialAction\":[{\"@type\":\"ReadAction\",\"target\":[\"https:\/\/skaitytaknyga.lt\/produktas\/lieku-cia\/\"]}]},{\"@type\":\"ImageObject\",\"inLanguage\":\"en-GB\",\"@id\":\"https:\/\/skaitytaknyga.lt\/produktas\/lieku-cia\/#primaryimage\",\"url\":\"https:\/\/skaitytaknyga.lt\/wp-content\/uploads\/2024\/10\/1573718463_000000000001111721-5dcbc4cb114ae-asset-knyguklubas-lieku-cia.webp\",\"contentUrl\":\"https:\/\/skaitytaknyga.lt\/wp-content\/uploads\/2024\/10\/1573718463_000000000001111721-5dcbc4cb114ae-asset-knyguklubas-lieku-cia.webp\",\"width\":366,\"height\":600,\"caption\":\"Lieku \u010dia\"},{\"@type\":\"BreadcrumbList\",\"@id\":\"https:\/\/skaitytaknyga.lt\/produktas\/lieku-cia\/#breadcrumb\",\"itemListElement\":[{\"@type\":\"ListItem\",\"position\":1,\"name\":\"Home\",\"item\":\"https:\/\/skaitytaknyga.lt\/\"},{\"@type\":\"ListItem\",\"position\":2,\"name\":\"Parduotuv\u0117\",\"item\":\"https:\/\/skaitytaknyga.lt\/knygu-parduotuve\/\"},{\"@type\":\"ListItem\",\"position\":3,\"name\":\"Lieku \u010dia\"}]},{\"@type\":\"WebSite\",\"@id\":\"https:\/\/skaitytaknyga.lt\/#website\",\"url\":\"https:\/\/skaitytaknyga.lt\/\",\"name\":\"skaitytaknyga.lt\",\"description\":\"Skaitytaknyga.lt \u2013 tai ma\u017eas \u0161eimos verslas, kuris prasid\u0117jo nuo meil\u0117s knygoms ir siekio i\u0161gelb\u0117ti knygas nuo likimo prie konteinerio. Kas vienam nereikalingas daiktas \u2013 kitam lobis, o mes esame tarpininkai, kurie padeda abiems tapti laimingesniems ???? \u017dinome kaip nelengva i\u0161gyventi ma\u017eiems verslams, tad nuo \u0161iol, \u010dia rasite ir kit\u0173, ma\u017e\u0173 \u0161eim\u0173 versl\u0173, rank\u0173 darbo, dovan\u0173 sau ir artimiesiems.\",\"publisher\":{\"@id\":\"https:\/\/skaitytaknyga.lt\/#organization\"},\"potentialAction\":[{\"@type\":\"SearchAction\",\"target\":{\"@type\":\"EntryPoint\",\"urlTemplate\":\"https:\/\/skaitytaknyga.lt\/?s={search_term_string}\"},\"query-input\":{\"@type\":\"PropertyValueSpecification\",\"valueRequired\":true,\"valueName\":\"search_term_string\"}}],\"inLanguage\":\"en-GB\"},{\"@type\":\"Organization\",\"@id\":\"https:\/\/skaitytaknyga.lt\/#organization\",\"name\":\"skaitytaknyga.lt\",\"url\":\"https:\/\/skaitytaknyga.lt\/\",\"logo\":{\"@type\":\"ImageObject\",\"inLanguage\":\"en-GB\",\"@id\":\"https:\/\/skaitytaknyga.lt\/#\/schema\/logo\/image\/\",\"url\":\"https:\/\/skaitytaknyga.lt\/wp-content\/uploads\/2024\/05\/cropped-cropped-cropped-02_00843_jt3bggkj1j3HLc7SyY6rEUpg.jpeg\",\"contentUrl\":\"https:\/\/skaitytaknyga.lt\/wp-content\/uploads\/2024\/05\/cropped-cropped-cropped-02_00843_jt3bggkj1j3HLc7SyY6rEUpg.jpeg\",\"width\":1600,\"height\":1600,\"caption\":\"skaitytaknyga.lt\"},\"image\":{\"@id\":\"https:\/\/skaitytaknyga.lt\/#\/schema\/logo\/image\/\"},\"sameAs\":[\"https:\/\/www.facebook.com\/skaitytaknyga\/\"]}]}<\/script>\n<!-- \/ Yoast SEO plugin. -->","yoast_head_json":{"title":"Lieku \u010dia","description":"\u201eJei tau \u0161i vieta k\u0105 nors rei\u0161kia, jei \u0161ios gatv\u0117s ir kalnai tau priklauso, nebijok \u010dia likti.\" Kai prasideda karas arba potvynis, \u017emon\u0117s da\u017eniausiai","robots":{"index":"index","follow":"follow","max-snippet":"max-snippet:-1","max-image-preview":"max-image-preview:large","max-video-preview":"max-video-preview:-1"},"canonical":"https:\/\/skaitytaknyga.lt\/en\/produktas\/lieku-cia\/","og_locale":"en_GB","og_type":"article","og_title":"[:lt]Lieku \u010dia[:] - Skaitytaknyga","og_description":"\u201eJei tau \u0161i vieta k\u0105 nors rei\u0161kia, jei \u0161ios gatv\u0117s ir kalnai tau priklauso, nebijok \u010dia likti.\" Kai prasideda karas arba potvynis, \u017emon\u0117s da\u017eniausiai","og_url":"https:\/\/skaitytaknyga.lt\/en\/produktas\/lieku-cia\/","og_site_name":"Skaitytaknyga","article_publisher":"https:\/\/www.facebook.com\/skaitytaknyga\/","article_modified_time":"2024-10-18T07:31:05+00:00","og_image":[{"width":366,"height":600,"url":"https:\/\/skaitytaknyga.lt\/wp-content\/uploads\/2024\/10\/1573718463_000000000001111721-5dcbc4cb114ae-asset-knyguklubas-lieku-cia.webp","type":"image\/webp"}],"twitter_card":"summary_large_image","twitter_misc":{"Estimated reading time":"2 minutes"},"schema":{"@context":"https:\/\/schema.org","@graph":[{"@type":"WebPage","@id":"https:\/\/skaitytaknyga.lt\/produktas\/lieku-cia\/","url":"https:\/\/skaitytaknyga.lt\/produktas\/lieku-cia\/","name":"Lieku \u010dia","isPartOf":{"@id":"https:\/\/skaitytaknyga.lt\/#website"},"primaryImageOfPage":{"@id":"https:\/\/skaitytaknyga.lt\/produktas\/lieku-cia\/#primaryimage"},"image":{"@id":"https:\/\/skaitytaknyga.lt\/produktas\/lieku-cia\/#primaryimage"},"thumbnailUrl":"https:\/\/skaitytaknyga.lt\/wp-content\/uploads\/2024\/10\/1573718463_000000000001111721-5dcbc4cb114ae-asset-knyguklubas-lieku-cia.webp","datePublished":"2024-10-17T08:11:28+00:00","dateModified":"2024-10-18T07:31:05+00:00","description":"\u201eJei tau \u0161i vieta k\u0105 nors rei\u0161kia, jei \u0161ios gatv\u0117s ir kalnai tau priklauso, nebijok \u010dia likti.\" Kai prasideda karas arba potvynis, \u017emon\u0117s da\u017eniausiai","breadcrumb":{"@id":"https:\/\/skaitytaknyga.lt\/produktas\/lieku-cia\/#breadcrumb"},"inLanguage":"en-GB","potentialAction":[{"@type":"ReadAction","target":["https:\/\/skaitytaknyga.lt\/produktas\/lieku-cia\/"]}]},{"@type":"ImageObject","inLanguage":"en-GB","@id":"https:\/\/skaitytaknyga.lt\/produktas\/lieku-cia\/#primaryimage","url":"https:\/\/skaitytaknyga.lt\/wp-content\/uploads\/2024\/10\/1573718463_000000000001111721-5dcbc4cb114ae-asset-knyguklubas-lieku-cia.webp","contentUrl":"https:\/\/skaitytaknyga.lt\/wp-content\/uploads\/2024\/10\/1573718463_000000000001111721-5dcbc4cb114ae-asset-knyguklubas-lieku-cia.webp","width":366,"height":600,"caption":"Lieku \u010dia"},{"@type":"BreadcrumbList","@id":"https:\/\/skaitytaknyga.lt\/produktas\/lieku-cia\/#breadcrumb","itemListElement":[{"@type":"ListItem","position":1,"name":"Home","item":"https:\/\/skaitytaknyga.lt\/"},{"@type":"ListItem","position":2,"name":"Parduotuv\u0117","item":"https:\/\/skaitytaknyga.lt\/knygu-parduotuve\/"},{"@type":"ListItem","position":3,"name":"Lieku \u010dia"}]},{"@type":"WebSite","@id":"https:\/\/skaitytaknyga.lt\/#website","url":"https:\/\/skaitytaknyga.lt\/","name":"skaitytaknyga.lt","description":"Skaitytaknyga.lt \u2013 tai ma\u017eas \u0161eimos verslas, kuris prasid\u0117jo nuo meil\u0117s knygoms ir siekio i\u0161gelb\u0117ti knygas nuo likimo prie konteinerio. Kas vienam nereikalingas daiktas \u2013 kitam lobis, o mes esame tarpininkai, kurie padeda abiems tapti laimingesniems ???? \u017dinome kaip nelengva i\u0161gyventi ma\u017eiems verslams, tad nuo \u0161iol, \u010dia rasite ir kit\u0173, ma\u017e\u0173 \u0161eim\u0173 versl\u0173, rank\u0173 darbo, dovan\u0173 sau ir artimiesiems.","publisher":{"@id":"https:\/\/skaitytaknyga.lt\/#organization"},"potentialAction":[{"@type":"SearchAction","target":{"@type":"EntryPoint","urlTemplate":"https:\/\/skaitytaknyga.lt\/?s={search_term_string}"},"query-input":{"@type":"PropertyValueSpecification","valueRequired":true,"valueName":"search_term_string"}}],"inLanguage":"en-GB"},{"@type":"Organization","@id":"https:\/\/skaitytaknyga.lt\/#organization","name":"skaitytaknyga.lt","url":"https:\/\/skaitytaknyga.lt\/","logo":{"@type":"ImageObject","inLanguage":"en-GB","@id":"https:\/\/skaitytaknyga.lt\/#\/schema\/logo\/image\/","url":"https:\/\/skaitytaknyga.lt\/wp-content\/uploads\/2024\/05\/cropped-cropped-cropped-02_00843_jt3bggkj1j3HLc7SyY6rEUpg.jpeg","contentUrl":"https:\/\/skaitytaknyga.lt\/wp-content\/uploads\/2024\/05\/cropped-cropped-cropped-02_00843_jt3bggkj1j3HLc7SyY6rEUpg.jpeg","width":1600,"height":1600,"caption":"skaitytaknyga.lt"},"image":{"@id":"https:\/\/skaitytaknyga.lt\/#\/schema\/logo\/image\/"},"sameAs":["https:\/\/www.facebook.com\/skaitytaknyga\/"]}]}},"_links":{"self":[{"href":"https:\/\/skaitytaknyga.lt\/en\/wp-json\/wp\/v2\/product\/14259","targetHints":{"allow":["GET"]}}],"collection":[{"href":"https:\/\/skaitytaknyga.lt\/en\/wp-json\/wp\/v2\/product"}],"about":[{"href":"https:\/\/skaitytaknyga.lt\/en\/wp-json\/wp\/v2\/types\/product"}],"replies":[{"embeddable":true,"href":"https:\/\/skaitytaknyga.lt\/en\/wp-json\/wp\/v2\/comments?post=14259"}],"wp:featuredmedia":[{"embeddable":true,"href":"https:\/\/skaitytaknyga.lt\/en\/wp-json\/wp\/v2\/media\/14272"}],"wp:attachment":[{"href":"https:\/\/skaitytaknyga.lt\/en\/wp-json\/wp\/v2\/media?parent=14259"}],"wp:term":[{"taxonomy":"product_brand","embeddable":true,"href":"https:\/\/skaitytaknyga.lt\/en\/wp-json\/wp\/v2\/product_brand?post=14259"},{"taxonomy":"product_cat","embeddable":true,"href":"https:\/\/skaitytaknyga.lt\/en\/wp-json\/wp\/v2\/product_cat?post=14259"},{"taxonomy":"product_tag","embeddable":true,"href":"https:\/\/skaitytaknyga.lt\/en\/wp-json\/wp\/v2\/product_tag?post=14259"}],"curies":[{"name":"wp","href":"https:\/\/api.w.org\/{rel}","templated":true}]}}