{"id":14258,"date":"2024-10-17T11:11:28","date_gmt":"2024-10-17T08:11:28","guid":{"rendered":"https:\/\/skaitytaknyga.lt\/?post_type=product&#038;p=14258"},"modified":"2024-10-18T10:31:27","modified_gmt":"2024-10-18T07:31:27","slug":"moters-sviesa","status":"publish","type":"product","link":"https:\/\/skaitytaknyga.lt\/en\/produktas\/moters-sviesa\/","title":{"rendered":"Moters \u0161viesa"},"content":{"rendered":"<p>\u201eBet jeigu vien\u0105 gra\u017ei\u0105 dien\u0105 a\u0161 liausiuosi myl\u0117j\u0119s, vadinasi, praradau plau\u010dius. J\u016bs \u2013 \u010dia, moters \u0161viesa spindi, ir nelaim\u0117 liaujasi buvusi gyvenimo duotybe.&#8221;<\/p>\n<p>Apgirtusiam nuo skausmo, pasaulis Mi\u0161eliui atrodo lyg improvizuoto teatro, kartais absurdi\u0161ko ir tragikomi\u0161ko, scena. O pats jis \u2013 tarsi a\u0161ies netek\u0119s, bet aplink jos regimyb\u0119 vis besisukantis k\u016bnas. K\u0105 tik netek\u0119s \u017emonos ir nepaj\u0117gdamas i\u0161vykti i\u0161 miesto, jis gr\u012f\u017eta ir staiga gatv\u0117je susiduria su nepa\u017e\u012fstama, bet, regis, tokia artima moterimi. Du \u0161viesos i\u0161siilg\u0119, nelaim\u0117s prisl\u0117gti \u017emon\u0117s leid\u017eiasi \u012f pa\u017eint\u012f ir bando suprasti, kuo vienas kitam gal\u0117t\u0173 b\u016bti.<\/p>\n<p>\u201eMoters \u0161viesa&#8221; \u2013 tai romanas apie pamatin\u012f moteri\u0161kum\u0105 ir vyri\u0161kum\u0105, grynosios meil\u0117s ilges\u012f ir jos pa\u017ead\u0105.<\/p>\n<p>Romain Gary (Romenas Gari, 1914\u20131980) \u2013 vienas reik\u0161mingiausi\u0173 vis\u0173 laik\u0173 pranc\u016bz\u0173 ra\u0161ytoj\u0173, gim\u0119s ir vaikyst\u0119 leid\u0119s Vilniuje. Jis \u2013 vienintelis istorijoje pranc\u016bz\u0173 autorius, literat\u016brin\u0119 Goncourt&#8217;\u0173 premij\u0105 peln\u0119s dukart. Pirm\u0105j\u0105 \u2013 1956 m. u\u017e roman\u0105 \u201eDangaus \u0161aknys&#8221;, antr\u0105j\u0105 \u2013 1975 m. u\u017e roman\u0105 \u201eGyvenimas dar prie\u0161 akis&#8221;, pasira\u0161yt\u0105 Emile&#8217;io Ajaro slapyvard\u017eiu.<\/p>\n<ul class=\"about-product d-none d-xl-block mt-4\">\n<li><strong>Autorius:<\/strong>\u00a0Romain Gary<\/li>\n<li><strong>Leid\u0117jas:<\/strong>\u00a0Baltos lankos<\/li>\n<li><strong>Metai:<\/strong>\u00a02009<\/li>\n<li><strong>Puslapiai:<\/strong>\u00a0116<\/li>\n<li><strong>Prek\u0117s kodas:<\/strong>\u00a02200100793040<\/li>\n<li class=\"toggleable type-new-formats \"><strong>Formatas:<\/strong>\u00a014 x 20,5 cm, mink\u0161ti vir\u0161eliai<\/li>\n<li><strong>Kalba:<\/strong>\u00a0Lietuvi\u0173<\/li>\n<li><strong>Vert\u0117jas:<\/strong>\u00a0Violeta Tauragien\u0117<\/li>\n<\/ul>\n","protected":false},"excerpt":{"rendered":"<p>\u201eBet jeigu vien\u0105 gra\u017ei\u0105 dien\u0105 a\u0161 liausiuosi myl\u0117j\u0119s, vadinasi, praradau plau\u010dius. J\u016bs \u2013 \u010dia, moters \u0161viesa spindi, ir nelaim\u0117 liaujasi buvusi gyvenimo duotybe.&#8221; Apgirtusiam nuo skausmo, pasaulis Mi\u0161eliui atrodo lyg improvizuoto teatro, kartais absurdi\u0161ko ir tragikomi\u0161ko, scena. O pats jis \u2013 tarsi a\u0161ies netek\u0119s, bet aplink jos regimyb\u0119 vis besisukantis k\u016bnas. K\u0105 tik netek\u0119s \u017emonos ir nepaj\u0117gdamas i\u0161vykti i\u0161 miesto, jis gr\u012f\u017eta ir staiga gatv\u0117je susiduria su nepa\u017e\u012fstama, bet, regis, tokia artima moterimi. Du \u0161viesos i\u0161siilg\u0119, nelaim\u0117s prisl\u0117gti \u017emon\u0117s leid\u017eiasi \u012f pa\u017eint\u012f ir bando suprasti, kuo vienas kitam gal\u0117t\u0173 b\u016bti. \u201eMoters \u0161viesa&#8221; \u2013 tai romanas apie pamatin\u012f moteri\u0161kum\u0105 ir vyri\u0161kum\u0105, grynosios meil\u0117s ilges\u012f ir jos pa\u017ead\u0105. Romain Gary (Romenas Gari, 1914\u20131980) \u2013 vienas reik\u0161mingiausi\u0173 vis\u0173 laik\u0173 pranc\u016bz\u0173 ra\u0161ytoj\u0173, gim\u0119s ir vaikyst\u0119 leid\u0119s Vilniuje. Jis \u2013 vienintelis istorijoje pranc\u016bz\u0173 autorius, literat\u016brin\u0119 Goncourt&#8217;\u0173 premij\u0105 peln\u0119s dukart. Pirm\u0105j\u0105 \u2013 1956 m. u\u017e roman\u0105 \u201eDangaus \u0161aknys&#8221;, antr\u0105j\u0105 \u2013 1975 m. u\u017e roman\u0105 \u201eGyvenimas dar prie\u0161 akis&#8221;, pasira\u0161yt\u0105 Emile&#8217;io Ajaro slapyvard\u017eiu. Autorius:\u00a0Romain Gary Leid\u0117jas:\u00a0Baltos lankos Metai:\u00a02009 Puslapiai:\u00a0116 Prek\u0117s kodas:\u00a02200100793040 Formatas:\u00a014 x 20,5 cm, mink\u0161ti vir\u0161eliai Kalba:\u00a0Lietuvi\u0173 Vert\u0117jas:\u00a0Violeta Tauragien\u0117<\/p>\n","protected":false},"featured_media":14271,"comment_status":"open","ping_status":"closed","template":"","meta":{"_acf_changed":false,"site-sidebar-layout":"default","site-content-layout":"","ast-site-content-layout":"default","site-content-style":"default","site-sidebar-style":"default","ast-global-header-display":"","ast-banner-title-visibility":"","ast-main-header-display":"","ast-hfb-above-header-display":"","ast-hfb-below-header-display":"","ast-hfb-mobile-header-display":"","site-post-title":"","ast-breadcrumbs-content":"","ast-featured-img":"","footer-sml-layout":"","ast-disable-related-posts":"","theme-transparent-header-meta":"default","adv-header-id-meta":"","stick-header-meta":"","header-above-stick-meta":"","header-main-stick-meta":"","header-below-stick-meta":"","astra-migrate-meta-layouts":"set","ast-page-background-enabled":"default","ast-page-background-meta":{"desktop":{"background-color":"","background-image":"","background-repeat":"repeat","background-position":"center center","background-size":"auto","background-attachment":"scroll","background-type":"","background-media":"","overlay-type":"","overlay-color":"","overlay-opacity":"","overlay-gradient":""},"tablet":{"background-color":"","background-image":"","background-repeat":"repeat","background-position":"center center","background-size":"auto","background-attachment":"scroll","background-type":"","background-media":"","overlay-type":"","overlay-color":"","overlay-opacity":"","overlay-gradient":""},"mobile":{"background-color":"","background-image":"","background-repeat":"repeat","background-position":"center center","background-size":"auto","background-attachment":"scroll","background-type":"","background-media":"","overlay-type":"","overlay-color":"","overlay-opacity":"","overlay-gradient":""}},"ast-content-background-meta":{"desktop":{"background-color":"var(--ast-global-color-4)","background-image":"","background-repeat":"repeat","background-position":"center center","background-size":"auto","background-attachment":"scroll","background-type":"","background-media":"","overlay-type":"","overlay-color":"","overlay-opacity":"","overlay-gradient":""},"tablet":{"background-color":"var(--ast-global-color-4)","background-image":"","background-repeat":"repeat","background-position":"center center","background-size":"auto","background-attachment":"scroll","background-type":"","background-media":"","overlay-type":"","overlay-color":"","overlay-opacity":"","overlay-gradient":""},"mobile":{"background-color":"var(--ast-global-color-4)","background-image":"","background-repeat":"repeat","background-position":"center center","background-size":"auto","background-attachment":"scroll","background-type":"","background-media":"","overlay-type":"","overlay-color":"","overlay-opacity":"","overlay-gradient":""}}},"product_brand":[],"product_cat":[31,15],"product_tag":[],"class_list":{"0":"post-14258","1":"product","2":"type-product","3":"status-publish","4":"has-post-thumbnail","6":"product_cat-grozine-literatura","7":"product_cat-uncategorized","8":"desktop-align-left","9":"tablet-align-left","10":"mobile-align-left","12":"first","13":"instock","14":"shipping-taxable","15":"purchasable","16":"product-type-simple"},"acf":[],"yoast_head":"<!-- This site is optimized with the Yoast SEO plugin v27.0 - https:\/\/yoast.com\/product\/yoast-seo-wordpress\/ -->\n<title>Moters \u0161viesa<\/title>\n<meta name=\"description\" content=\"\u201eBet jeigu vien\u0105 gra\u017ei\u0105 dien\u0105 a\u0161 liausiuosi myl\u0117j\u0119s, vadinasi, praradau plau\u010dius. J\u016bs \u2013 \u010dia, moters \u0161viesa spindi, ir nelaim\u0117 liaujasi buvusi gyvenimo\" \/>\n<meta name=\"robots\" content=\"index, follow, max-snippet:-1, max-image-preview:large, max-video-preview:-1\" \/>\n<link rel=\"canonical\" href=\"https:\/\/skaitytaknyga.lt\/en\/produktas\/moters-sviesa\/\" \/>\n<meta property=\"og:locale\" content=\"en_GB\" \/>\n<meta property=\"og:locale:alternate\" content=\"lt_LT\" \/>\n<meta property=\"og:type\" content=\"article\" \/>\n<meta property=\"og:title\" content=\"Moters \u0161viesa\" \/>\n<meta property=\"og:description\" content=\"\u201eBet jeigu vien\u0105 gra\u017ei\u0105 dien\u0105 a\u0161 liausiuosi myl\u0117j\u0119s, vadinasi, praradau plau\u010dius. J\u016bs \u2013 \u010dia, moters \u0161viesa spindi, ir nelaim\u0117 liaujasi buvusi gyvenimo\" \/>\n<meta property=\"og:url\" content=\"https:\/\/skaitytaknyga.lt\/en\/produktas\/moters-sviesa\/\" \/>\n<meta property=\"og:site_name\" content=\"Skaitytaknyga\" \/>\n<meta property=\"article:publisher\" content=\"https:\/\/www.facebook.com\/skaitytaknyga\/\" \/>\n<meta property=\"article:modified_time\" content=\"2024-10-18T07:31:27+00:00\" \/>\n<meta property=\"og:image\" content=\"https:\/\/skaitytaknyga.lt\/wp-content\/uploads\/2024\/10\/Moters-sviesa.webp\" \/>\n\t<meta property=\"og:image:width\" content=\"558\" \/>\n\t<meta property=\"og:image:height\" content=\"800\" \/>\n\t<meta property=\"og:image:type\" content=\"image\/webp\" \/>\n<meta name=\"twitter:card\" content=\"summary_large_image\" \/>\n<meta name=\"twitter:label1\" content=\"Estimated reading time\" \/>\n\t<meta name=\"twitter:data1\" content=\"1 minute\" \/>\n<script type=\"application\/ld+json\" class=\"yoast-schema-graph\">{\"@context\":\"https:\/\/schema.org\",\"@graph\":[{\"@type\":\"WebPage\",\"@id\":\"https:\/\/skaitytaknyga.lt\/produktas\/moters-sviesa\/\",\"url\":\"https:\/\/skaitytaknyga.lt\/produktas\/moters-sviesa\/\",\"name\":\"Moters \u0161viesa\",\"isPartOf\":{\"@id\":\"https:\/\/skaitytaknyga.lt\/#website\"},\"primaryImageOfPage\":{\"@id\":\"https:\/\/skaitytaknyga.lt\/produktas\/moters-sviesa\/#primaryimage\"},\"image\":{\"@id\":\"https:\/\/skaitytaknyga.lt\/produktas\/moters-sviesa\/#primaryimage\"},\"thumbnailUrl\":\"https:\/\/skaitytaknyga.lt\/wp-content\/uploads\/2024\/10\/Moters-sviesa.webp\",\"datePublished\":\"2024-10-17T08:11:28+00:00\",\"dateModified\":\"2024-10-18T07:31:27+00:00\",\"description\":\"\u201eBet jeigu vien\u0105 gra\u017ei\u0105 dien\u0105 a\u0161 liausiuosi myl\u0117j\u0119s, vadinasi, praradau plau\u010dius. J\u016bs \u2013 \u010dia, moters \u0161viesa spindi, ir nelaim\u0117 liaujasi buvusi gyvenimo\",\"breadcrumb\":{\"@id\":\"https:\/\/skaitytaknyga.lt\/produktas\/moters-sviesa\/#breadcrumb\"},\"inLanguage\":\"en-GB\",\"potentialAction\":[{\"@type\":\"ReadAction\",\"target\":[\"https:\/\/skaitytaknyga.lt\/produktas\/moters-sviesa\/\"]}]},{\"@type\":\"ImageObject\",\"inLanguage\":\"en-GB\",\"@id\":\"https:\/\/skaitytaknyga.lt\/produktas\/moters-sviesa\/#primaryimage\",\"url\":\"https:\/\/skaitytaknyga.lt\/wp-content\/uploads\/2024\/10\/Moters-sviesa.webp\",\"contentUrl\":\"https:\/\/skaitytaknyga.lt\/wp-content\/uploads\/2024\/10\/Moters-sviesa.webp\",\"width\":558,\"height\":800,\"caption\":\"Moters \u0161viesa\"},{\"@type\":\"BreadcrumbList\",\"@id\":\"https:\/\/skaitytaknyga.lt\/produktas\/moters-sviesa\/#breadcrumb\",\"itemListElement\":[{\"@type\":\"ListItem\",\"position\":1,\"name\":\"Home\",\"item\":\"https:\/\/skaitytaknyga.lt\/\"},{\"@type\":\"ListItem\",\"position\":2,\"name\":\"Parduotuv\u0117\",\"item\":\"https:\/\/skaitytaknyga.lt\/knygu-parduotuve\/\"},{\"@type\":\"ListItem\",\"position\":3,\"name\":\"Moters \u0161viesa\"}]},{\"@type\":\"WebSite\",\"@id\":\"https:\/\/skaitytaknyga.lt\/#website\",\"url\":\"https:\/\/skaitytaknyga.lt\/\",\"name\":\"skaitytaknyga.lt\",\"description\":\"Skaitytaknyga.lt \u2013 tai ma\u017eas \u0161eimos verslas, kuris prasid\u0117jo nuo meil\u0117s knygoms ir siekio i\u0161gelb\u0117ti knygas nuo likimo prie konteinerio. Kas vienam nereikalingas daiktas \u2013 kitam lobis, o mes esame tarpininkai, kurie padeda abiems tapti laimingesniems ???? \u017dinome kaip nelengva i\u0161gyventi ma\u017eiems verslams, tad nuo \u0161iol, \u010dia rasite ir kit\u0173, ma\u017e\u0173 \u0161eim\u0173 versl\u0173, rank\u0173 darbo, dovan\u0173 sau ir artimiesiems.\",\"publisher\":{\"@id\":\"https:\/\/skaitytaknyga.lt\/#organization\"},\"potentialAction\":[{\"@type\":\"SearchAction\",\"target\":{\"@type\":\"EntryPoint\",\"urlTemplate\":\"https:\/\/skaitytaknyga.lt\/?s={search_term_string}\"},\"query-input\":{\"@type\":\"PropertyValueSpecification\",\"valueRequired\":true,\"valueName\":\"search_term_string\"}}],\"inLanguage\":\"en-GB\"},{\"@type\":\"Organization\",\"@id\":\"https:\/\/skaitytaknyga.lt\/#organization\",\"name\":\"skaitytaknyga.lt\",\"url\":\"https:\/\/skaitytaknyga.lt\/\",\"logo\":{\"@type\":\"ImageObject\",\"inLanguage\":\"en-GB\",\"@id\":\"https:\/\/skaitytaknyga.lt\/#\/schema\/logo\/image\/\",\"url\":\"https:\/\/skaitytaknyga.lt\/wp-content\/uploads\/2024\/05\/cropped-cropped-cropped-02_00843_jt3bggkj1j3HLc7SyY6rEUpg.jpeg\",\"contentUrl\":\"https:\/\/skaitytaknyga.lt\/wp-content\/uploads\/2024\/05\/cropped-cropped-cropped-02_00843_jt3bggkj1j3HLc7SyY6rEUpg.jpeg\",\"width\":1600,\"height\":1600,\"caption\":\"skaitytaknyga.lt\"},\"image\":{\"@id\":\"https:\/\/skaitytaknyga.lt\/#\/schema\/logo\/image\/\"},\"sameAs\":[\"https:\/\/www.facebook.com\/skaitytaknyga\/\"]}]}<\/script>\n<!-- \/ Yoast SEO plugin. -->","yoast_head_json":{"title":"Moters \u0161viesa","description":"\u201eBet jeigu vien\u0105 gra\u017ei\u0105 dien\u0105 a\u0161 liausiuosi myl\u0117j\u0119s, vadinasi, praradau plau\u010dius. J\u016bs \u2013 \u010dia, moters \u0161viesa spindi, ir nelaim\u0117 liaujasi buvusi gyvenimo","robots":{"index":"index","follow":"follow","max-snippet":"max-snippet:-1","max-image-preview":"max-image-preview:large","max-video-preview":"max-video-preview:-1"},"canonical":"https:\/\/skaitytaknyga.lt\/en\/produktas\/moters-sviesa\/","og_locale":"en_GB","og_type":"article","og_title":"[:lt]Moters \u0161viesa[:] - Skaitytaknyga","og_description":"\u201eBet jeigu vien\u0105 gra\u017ei\u0105 dien\u0105 a\u0161 liausiuosi myl\u0117j\u0119s, vadinasi, praradau plau\u010dius. J\u016bs \u2013 \u010dia, moters \u0161viesa spindi, ir nelaim\u0117 liaujasi buvusi gyvenimo","og_url":"https:\/\/skaitytaknyga.lt\/en\/produktas\/moters-sviesa\/","og_site_name":"Skaitytaknyga","article_publisher":"https:\/\/www.facebook.com\/skaitytaknyga\/","article_modified_time":"2024-10-18T07:31:27+00:00","og_image":[{"width":558,"height":800,"url":"https:\/\/skaitytaknyga.lt\/wp-content\/uploads\/2024\/10\/Moters-sviesa.webp","type":"image\/webp"}],"twitter_card":"summary_large_image","twitter_misc":{"Estimated reading time":"1 minute"},"schema":{"@context":"https:\/\/schema.org","@graph":[{"@type":"WebPage","@id":"https:\/\/skaitytaknyga.lt\/produktas\/moters-sviesa\/","url":"https:\/\/skaitytaknyga.lt\/produktas\/moters-sviesa\/","name":"Moters \u0161viesa","isPartOf":{"@id":"https:\/\/skaitytaknyga.lt\/#website"},"primaryImageOfPage":{"@id":"https:\/\/skaitytaknyga.lt\/produktas\/moters-sviesa\/#primaryimage"},"image":{"@id":"https:\/\/skaitytaknyga.lt\/produktas\/moters-sviesa\/#primaryimage"},"thumbnailUrl":"https:\/\/skaitytaknyga.lt\/wp-content\/uploads\/2024\/10\/Moters-sviesa.webp","datePublished":"2024-10-17T08:11:28+00:00","dateModified":"2024-10-18T07:31:27+00:00","description":"\u201eBet jeigu vien\u0105 gra\u017ei\u0105 dien\u0105 a\u0161 liausiuosi myl\u0117j\u0119s, vadinasi, praradau plau\u010dius. J\u016bs \u2013 \u010dia, moters \u0161viesa spindi, ir nelaim\u0117 liaujasi buvusi gyvenimo","breadcrumb":{"@id":"https:\/\/skaitytaknyga.lt\/produktas\/moters-sviesa\/#breadcrumb"},"inLanguage":"en-GB","potentialAction":[{"@type":"ReadAction","target":["https:\/\/skaitytaknyga.lt\/produktas\/moters-sviesa\/"]}]},{"@type":"ImageObject","inLanguage":"en-GB","@id":"https:\/\/skaitytaknyga.lt\/produktas\/moters-sviesa\/#primaryimage","url":"https:\/\/skaitytaknyga.lt\/wp-content\/uploads\/2024\/10\/Moters-sviesa.webp","contentUrl":"https:\/\/skaitytaknyga.lt\/wp-content\/uploads\/2024\/10\/Moters-sviesa.webp","width":558,"height":800,"caption":"Moters \u0161viesa"},{"@type":"BreadcrumbList","@id":"https:\/\/skaitytaknyga.lt\/produktas\/moters-sviesa\/#breadcrumb","itemListElement":[{"@type":"ListItem","position":1,"name":"Home","item":"https:\/\/skaitytaknyga.lt\/"},{"@type":"ListItem","position":2,"name":"Parduotuv\u0117","item":"https:\/\/skaitytaknyga.lt\/knygu-parduotuve\/"},{"@type":"ListItem","position":3,"name":"Moters \u0161viesa"}]},{"@type":"WebSite","@id":"https:\/\/skaitytaknyga.lt\/#website","url":"https:\/\/skaitytaknyga.lt\/","name":"skaitytaknyga.lt","description":"Skaitytaknyga.lt \u2013 tai ma\u017eas \u0161eimos verslas, kuris prasid\u0117jo nuo meil\u0117s knygoms ir siekio i\u0161gelb\u0117ti knygas nuo likimo prie konteinerio. Kas vienam nereikalingas daiktas \u2013 kitam lobis, o mes esame tarpininkai, kurie padeda abiems tapti laimingesniems ???? \u017dinome kaip nelengva i\u0161gyventi ma\u017eiems verslams, tad nuo \u0161iol, \u010dia rasite ir kit\u0173, ma\u017e\u0173 \u0161eim\u0173 versl\u0173, rank\u0173 darbo, dovan\u0173 sau ir artimiesiems.","publisher":{"@id":"https:\/\/skaitytaknyga.lt\/#organization"},"potentialAction":[{"@type":"SearchAction","target":{"@type":"EntryPoint","urlTemplate":"https:\/\/skaitytaknyga.lt\/?s={search_term_string}"},"query-input":{"@type":"PropertyValueSpecification","valueRequired":true,"valueName":"search_term_string"}}],"inLanguage":"en-GB"},{"@type":"Organization","@id":"https:\/\/skaitytaknyga.lt\/#organization","name":"skaitytaknyga.lt","url":"https:\/\/skaitytaknyga.lt\/","logo":{"@type":"ImageObject","inLanguage":"en-GB","@id":"https:\/\/skaitytaknyga.lt\/#\/schema\/logo\/image\/","url":"https:\/\/skaitytaknyga.lt\/wp-content\/uploads\/2024\/05\/cropped-cropped-cropped-02_00843_jt3bggkj1j3HLc7SyY6rEUpg.jpeg","contentUrl":"https:\/\/skaitytaknyga.lt\/wp-content\/uploads\/2024\/05\/cropped-cropped-cropped-02_00843_jt3bggkj1j3HLc7SyY6rEUpg.jpeg","width":1600,"height":1600,"caption":"skaitytaknyga.lt"},"image":{"@id":"https:\/\/skaitytaknyga.lt\/#\/schema\/logo\/image\/"},"sameAs":["https:\/\/www.facebook.com\/skaitytaknyga\/"]}]}},"_links":{"self":[{"href":"https:\/\/skaitytaknyga.lt\/en\/wp-json\/wp\/v2\/product\/14258","targetHints":{"allow":["GET"]}}],"collection":[{"href":"https:\/\/skaitytaknyga.lt\/en\/wp-json\/wp\/v2\/product"}],"about":[{"href":"https:\/\/skaitytaknyga.lt\/en\/wp-json\/wp\/v2\/types\/product"}],"replies":[{"embeddable":true,"href":"https:\/\/skaitytaknyga.lt\/en\/wp-json\/wp\/v2\/comments?post=14258"}],"wp:featuredmedia":[{"embeddable":true,"href":"https:\/\/skaitytaknyga.lt\/en\/wp-json\/wp\/v2\/media\/14271"}],"wp:attachment":[{"href":"https:\/\/skaitytaknyga.lt\/en\/wp-json\/wp\/v2\/media?parent=14258"}],"wp:term":[{"taxonomy":"product_brand","embeddable":true,"href":"https:\/\/skaitytaknyga.lt\/en\/wp-json\/wp\/v2\/product_brand?post=14258"},{"taxonomy":"product_cat","embeddable":true,"href":"https:\/\/skaitytaknyga.lt\/en\/wp-json\/wp\/v2\/product_cat?post=14258"},{"taxonomy":"product_tag","embeddable":true,"href":"https:\/\/skaitytaknyga.lt\/en\/wp-json\/wp\/v2\/product_tag?post=14258"}],"curies":[{"name":"wp","href":"https:\/\/api.w.org\/{rel}","templated":true}]}}