{"id":14257,"date":"2024-10-17T11:11:28","date_gmt":"2024-10-17T08:11:28","guid":{"rendered":"https:\/\/skaitytaknyga.lt\/?post_type=product&#038;p=14257"},"modified":"2025-05-15T12:55:44","modified_gmt":"2025-05-15T09:55:44","slug":"prie-piedros-upes-ten-as-sedejau-verkdama","status":"publish","type":"product","link":"https:\/\/skaitytaknyga.lt\/en\/produktas\/prie-piedros-upes-ten-as-sedejau-verkdama\/","title":{"rendered":"Prie Piedros up\u0117s &#8211; ten a\u0161 s\u0117d\u0117jau verkdama"},"content":{"rendered":"<p>Romane pasakojama apie jaunos moters susitikim\u0105 su vaikyst\u0117s draugu. J\u0173 kelion\u0117 per Pir\u0117n\u0173 kalnus &#8211; tai kelion\u0117 \u017emoni\u0173, suprantan\u010di\u0173, kad meil\u0117 gali pakeisti pasaul\u012f ir vesti \u012f dvasin\u012f \u017emoni\u0173 bendrum\u0105.<\/p>\n<ul class=\"about-product d-none d-xl-block mt-4\">\n<li><strong>Autorius:<\/strong>\u00a0Paulo Coelho<\/li>\n<li><strong>Leid\u0117jas:<\/strong>\u00a0Vaga<\/li>\n<li><strong>Metai:<\/strong>\u00a02003<\/li>\n<li><strong>Puslapiai:<\/strong>\u00a0180<\/li>\n<li class=\"toggleable type-new-formats \"><strong>ISBN:<\/strong>\u00a09785415014651<\/li>\n<li class=\"toggleable type-new-formats \"><strong>Formatas:<\/strong>\u00a013 x 20 cm, mink\u0161ti vir\u0161eliai<\/li>\n<li><strong>Kalba:<\/strong>\u00a0Lietuvi\u0173<\/li>\n<li><strong>Vert\u0117jas:<\/strong>\u00a0Aldona Baliulien\u0117<\/li>\n<\/ul>\n","protected":false},"excerpt":{"rendered":"<p>Romane pasakojama apie jaunos moters susitikim\u0105 su vaikyst\u0117s draugu. J\u0173 kelion\u0117 per Pir\u0117n\u0173 kalnus &#8211; tai kelion\u0117 \u017emoni\u0173, suprantan\u010di\u0173, kad meil\u0117 gali pakeisti pasaul\u012f ir vesti \u012f dvasin\u012f \u017emoni\u0173 bendrum\u0105. Autorius:\u00a0Paulo Coelho Leid\u0117jas:\u00a0Vaga Metai:\u00a02003 Puslapiai:\u00a0180 ISBN:\u00a09785415014651 Formatas:\u00a013 x 20 cm, mink\u0161ti vir\u0161eliai Kalba:\u00a0Lietuvi\u0173 Vert\u0117jas:\u00a0Aldona Baliulien\u0117<\/p>\n","protected":false},"featured_media":14270,"comment_status":"open","ping_status":"closed","template":"","meta":{"_acf_changed":false,"site-sidebar-layout":"default","site-content-layout":"","ast-site-content-layout":"default","site-content-style":"default","site-sidebar-style":"default","ast-global-header-display":"","ast-banner-title-visibility":"","ast-main-header-display":"","ast-hfb-above-header-display":"","ast-hfb-below-header-display":"","ast-hfb-mobile-header-display":"","site-post-title":"","ast-breadcrumbs-content":"","ast-featured-img":"","footer-sml-layout":"","ast-disable-related-posts":"","theme-transparent-header-meta":"default","adv-header-id-meta":"","stick-header-meta":"","header-above-stick-meta":"","header-main-stick-meta":"","header-below-stick-meta":"","astra-migrate-meta-layouts":"set","ast-page-background-enabled":"default","ast-page-background-meta":{"desktop":{"background-color":"","background-image":"","background-repeat":"repeat","background-position":"center center","background-size":"auto","background-attachment":"scroll","background-type":"","background-media":"","overlay-type":"","overlay-color":"","overlay-opacity":"","overlay-gradient":""},"tablet":{"background-color":"","background-image":"","background-repeat":"repeat","background-position":"center center","background-size":"auto","background-attachment":"scroll","background-type":"","background-media":"","overlay-type":"","overlay-color":"","overlay-opacity":"","overlay-gradient":""},"mobile":{"background-color":"","background-image":"","background-repeat":"repeat","background-position":"center center","background-size":"auto","background-attachment":"scroll","background-type":"","background-media":"","overlay-type":"","overlay-color":"","overlay-opacity":"","overlay-gradient":""}},"ast-content-background-meta":{"desktop":{"background-color":"var(--ast-global-color-4)","background-image":"","background-repeat":"repeat","background-position":"center center","background-size":"auto","background-attachment":"scroll","background-type":"","background-media":"","overlay-type":"","overlay-color":"","overlay-opacity":"","overlay-gradient":""},"tablet":{"background-color":"var(--ast-global-color-4)","background-image":"","background-repeat":"repeat","background-position":"center center","background-size":"auto","background-attachment":"scroll","background-type":"","background-media":"","overlay-type":"","overlay-color":"","overlay-opacity":"","overlay-gradient":""},"mobile":{"background-color":"var(--ast-global-color-4)","background-image":"","background-repeat":"repeat","background-position":"center center","background-size":"auto","background-attachment":"scroll","background-type":"","background-media":"","overlay-type":"","overlay-color":"","overlay-opacity":"","overlay-gradient":""}}},"product_brand":[],"product_cat":[31,15],"product_tag":[3126,1796,3113,3127],"class_list":{"0":"post-14257","1":"product","2":"type-product","3":"status-publish","4":"has-post-thumbnail","6":"product_cat-grozine-literatura","7":"product_cat-uncategorized","8":"product_tag-dvasine-vienybe","9":"product_tag-meile","10":"product_tag-paulo-coelho","11":"product_tag-sielos-kelione","12":"desktop-align-left","13":"tablet-align-left","14":"mobile-align-left","16":"first","17":"instock","18":"shipping-taxable","19":"purchasable","20":"product-type-simple"},"acf":[],"yoast_head":"<!-- This site is optimized with the Yoast SEO plugin v27.0 - https:\/\/yoast.com\/product\/yoast-seo-wordpress\/ -->\n<title>Prie Piedros up\u0117s - ten a\u0161 s\u0117d\u0117jau verkdama<\/title>\n<meta name=\"description\" content=\"Romane pasakojama apie jaunos moters susitikim\u0105 su vaikyst\u0117s draugu. J\u0173 kelion\u0117 per Pir\u0117n\u0173 kalnus - tai kelion\u0117 \u017emoni\u0173, suprantan\u010di\u0173, kad meil\u0117 gali\" \/>\n<meta name=\"robots\" content=\"index, follow, max-snippet:-1, max-image-preview:large, max-video-preview:-1\" \/>\n<link rel=\"canonical\" href=\"https:\/\/skaitytaknyga.lt\/en\/produktas\/prie-piedros-upes-ten-as-sedejau-verkdama\/\" \/>\n<meta property=\"og:locale\" content=\"en_GB\" \/>\n<meta property=\"og:locale:alternate\" content=\"lt_LT\" \/>\n<meta property=\"og:type\" content=\"article\" \/>\n<meta property=\"og:title\" content=\"Prie Piedros up\u0117s - ten a\u0161 s\u0117d\u0117jau verkdama\" \/>\n<meta property=\"og:description\" content=\"Romane pasakojama apie jaunos moters susitikim\u0105 su vaikyst\u0117s draugu. J\u0173 kelion\u0117 per Pir\u0117n\u0173 kalnus - tai kelion\u0117 \u017emoni\u0173, suprantan\u010di\u0173, kad meil\u0117 gali\" \/>\n<meta property=\"og:url\" content=\"https:\/\/skaitytaknyga.lt\/en\/produktas\/prie-piedros-upes-ten-as-sedejau-verkdama\/\" \/>\n<meta property=\"og:site_name\" content=\"Skaitytaknyga\" \/>\n<meta property=\"article:publisher\" content=\"https:\/\/www.facebook.com\/skaitytaknyga\/\" \/>\n<meta property=\"article:modified_time\" content=\"2025-05-15T09:55:44+00:00\" \/>\n<meta property=\"og:image\" content=\"https:\/\/skaitytaknyga.lt\/wp-content\/uploads\/2024\/10\/Prie-Piedros-upes-ten-as-sedejau-verkdama.webp\" \/>\n\t<meta property=\"og:image:width\" content=\"502\" \/>\n\t<meta property=\"og:image:height\" content=\"799\" \/>\n\t<meta property=\"og:image:type\" content=\"image\/webp\" \/>\n<meta name=\"twitter:card\" content=\"summary_large_image\" \/>\n<meta name=\"twitter:label1\" content=\"Estimated reading time\" \/>\n\t<meta name=\"twitter:data1\" content=\"1 minute\" \/>\n<script type=\"application\/ld+json\" class=\"yoast-schema-graph\">{\"@context\":\"https:\/\/schema.org\",\"@graph\":[{\"@type\":\"WebPage\",\"@id\":\"https:\/\/skaitytaknyga.lt\/produktas\/prie-piedros-upes-ten-as-sedejau-verkdama\/\",\"url\":\"https:\/\/skaitytaknyga.lt\/produktas\/prie-piedros-upes-ten-as-sedejau-verkdama\/\",\"name\":\"Prie Piedros up\u0117s - ten a\u0161 s\u0117d\u0117jau verkdama\",\"isPartOf\":{\"@id\":\"https:\/\/skaitytaknyga.lt\/#website\"},\"primaryImageOfPage\":{\"@id\":\"https:\/\/skaitytaknyga.lt\/produktas\/prie-piedros-upes-ten-as-sedejau-verkdama\/#primaryimage\"},\"image\":{\"@id\":\"https:\/\/skaitytaknyga.lt\/produktas\/prie-piedros-upes-ten-as-sedejau-verkdama\/#primaryimage\"},\"thumbnailUrl\":\"https:\/\/skaitytaknyga.lt\/wp-content\/uploads\/2024\/10\/Prie-Piedros-upes-ten-as-sedejau-verkdama.webp\",\"datePublished\":\"2024-10-17T08:11:28+00:00\",\"dateModified\":\"2025-05-15T09:55:44+00:00\",\"description\":\"Romane pasakojama apie jaunos moters susitikim\u0105 su vaikyst\u0117s draugu. J\u0173 kelion\u0117 per Pir\u0117n\u0173 kalnus - tai kelion\u0117 \u017emoni\u0173, suprantan\u010di\u0173, kad meil\u0117 gali\",\"breadcrumb\":{\"@id\":\"https:\/\/skaitytaknyga.lt\/produktas\/prie-piedros-upes-ten-as-sedejau-verkdama\/#breadcrumb\"},\"inLanguage\":\"en-GB\",\"potentialAction\":[{\"@type\":\"ReadAction\",\"target\":[\"https:\/\/skaitytaknyga.lt\/produktas\/prie-piedros-upes-ten-as-sedejau-verkdama\/\"]}]},{\"@type\":\"ImageObject\",\"inLanguage\":\"en-GB\",\"@id\":\"https:\/\/skaitytaknyga.lt\/produktas\/prie-piedros-upes-ten-as-sedejau-verkdama\/#primaryimage\",\"url\":\"https:\/\/skaitytaknyga.lt\/wp-content\/uploads\/2024\/10\/Prie-Piedros-upes-ten-as-sedejau-verkdama.webp\",\"contentUrl\":\"https:\/\/skaitytaknyga.lt\/wp-content\/uploads\/2024\/10\/Prie-Piedros-upes-ten-as-sedejau-verkdama.webp\",\"width\":502,\"height\":799,\"caption\":\"Prie Piedros up\u0117s - ten a\u0161 s\u0117d\u0117jau verkdama\"},{\"@type\":\"BreadcrumbList\",\"@id\":\"https:\/\/skaitytaknyga.lt\/produktas\/prie-piedros-upes-ten-as-sedejau-verkdama\/#breadcrumb\",\"itemListElement\":[{\"@type\":\"ListItem\",\"position\":1,\"name\":\"Home\",\"item\":\"https:\/\/skaitytaknyga.lt\/\"},{\"@type\":\"ListItem\",\"position\":2,\"name\":\"Parduotuv\u0117\",\"item\":\"https:\/\/skaitytaknyga.lt\/knygu-parduotuve\/\"},{\"@type\":\"ListItem\",\"position\":3,\"name\":\"Prie Piedros up\u0117s &#8211; ten a\u0161 s\u0117d\u0117jau verkdama\"}]},{\"@type\":\"WebSite\",\"@id\":\"https:\/\/skaitytaknyga.lt\/#website\",\"url\":\"https:\/\/skaitytaknyga.lt\/\",\"name\":\"skaitytaknyga.lt\",\"description\":\"Skaitytaknyga.lt \u2013 tai ma\u017eas \u0161eimos verslas, kuris prasid\u0117jo nuo meil\u0117s knygoms ir siekio i\u0161gelb\u0117ti knygas nuo likimo prie konteinerio. Kas vienam nereikalingas daiktas \u2013 kitam lobis, o mes esame tarpininkai, kurie padeda abiems tapti laimingesniems ???? \u017dinome kaip nelengva i\u0161gyventi ma\u017eiems verslams, tad nuo \u0161iol, \u010dia rasite ir kit\u0173, ma\u017e\u0173 \u0161eim\u0173 versl\u0173, rank\u0173 darbo, dovan\u0173 sau ir artimiesiems.\",\"publisher\":{\"@id\":\"https:\/\/skaitytaknyga.lt\/#organization\"},\"potentialAction\":[{\"@type\":\"SearchAction\",\"target\":{\"@type\":\"EntryPoint\",\"urlTemplate\":\"https:\/\/skaitytaknyga.lt\/?s={search_term_string}\"},\"query-input\":{\"@type\":\"PropertyValueSpecification\",\"valueRequired\":true,\"valueName\":\"search_term_string\"}}],\"inLanguage\":\"en-GB\"},{\"@type\":\"Organization\",\"@id\":\"https:\/\/skaitytaknyga.lt\/#organization\",\"name\":\"skaitytaknyga.lt\",\"url\":\"https:\/\/skaitytaknyga.lt\/\",\"logo\":{\"@type\":\"ImageObject\",\"inLanguage\":\"en-GB\",\"@id\":\"https:\/\/skaitytaknyga.lt\/#\/schema\/logo\/image\/\",\"url\":\"https:\/\/skaitytaknyga.lt\/wp-content\/uploads\/2024\/05\/cropped-cropped-cropped-02_00843_jt3bggkj1j3HLc7SyY6rEUpg.jpeg\",\"contentUrl\":\"https:\/\/skaitytaknyga.lt\/wp-content\/uploads\/2024\/05\/cropped-cropped-cropped-02_00843_jt3bggkj1j3HLc7SyY6rEUpg.jpeg\",\"width\":1600,\"height\":1600,\"caption\":\"skaitytaknyga.lt\"},\"image\":{\"@id\":\"https:\/\/skaitytaknyga.lt\/#\/schema\/logo\/image\/\"},\"sameAs\":[\"https:\/\/www.facebook.com\/skaitytaknyga\/\"]}]}<\/script>\n<!-- \/ Yoast SEO plugin. -->","yoast_head_json":{"title":"Prie Piedros up\u0117s - ten a\u0161 s\u0117d\u0117jau verkdama","description":"Romane pasakojama apie jaunos moters susitikim\u0105 su vaikyst\u0117s draugu. J\u0173 kelion\u0117 per Pir\u0117n\u0173 kalnus - tai kelion\u0117 \u017emoni\u0173, suprantan\u010di\u0173, kad meil\u0117 gali","robots":{"index":"index","follow":"follow","max-snippet":"max-snippet:-1","max-image-preview":"max-image-preview:large","max-video-preview":"max-video-preview:-1"},"canonical":"https:\/\/skaitytaknyga.lt\/en\/produktas\/prie-piedros-upes-ten-as-sedejau-verkdama\/","og_locale":"en_GB","og_type":"article","og_title":"[:lt]Prie Piedros up\u0117s - ten a\u0161 s\u0117d\u0117jau verkdama[:] - Skaitytaknyga","og_description":"Romane pasakojama apie jaunos moters susitikim\u0105 su vaikyst\u0117s draugu. J\u0173 kelion\u0117 per Pir\u0117n\u0173 kalnus - tai kelion\u0117 \u017emoni\u0173, suprantan\u010di\u0173, kad meil\u0117 gali","og_url":"https:\/\/skaitytaknyga.lt\/en\/produktas\/prie-piedros-upes-ten-as-sedejau-verkdama\/","og_site_name":"Skaitytaknyga","article_publisher":"https:\/\/www.facebook.com\/skaitytaknyga\/","article_modified_time":"2025-05-15T09:55:44+00:00","og_image":[{"width":502,"height":799,"url":"https:\/\/skaitytaknyga.lt\/wp-content\/uploads\/2024\/10\/Prie-Piedros-upes-ten-as-sedejau-verkdama.webp","type":"image\/webp"}],"twitter_card":"summary_large_image","twitter_misc":{"Estimated reading time":"1 minute"},"schema":{"@context":"https:\/\/schema.org","@graph":[{"@type":"WebPage","@id":"https:\/\/skaitytaknyga.lt\/produktas\/prie-piedros-upes-ten-as-sedejau-verkdama\/","url":"https:\/\/skaitytaknyga.lt\/produktas\/prie-piedros-upes-ten-as-sedejau-verkdama\/","name":"Prie Piedros up\u0117s - ten a\u0161 s\u0117d\u0117jau verkdama","isPartOf":{"@id":"https:\/\/skaitytaknyga.lt\/#website"},"primaryImageOfPage":{"@id":"https:\/\/skaitytaknyga.lt\/produktas\/prie-piedros-upes-ten-as-sedejau-verkdama\/#primaryimage"},"image":{"@id":"https:\/\/skaitytaknyga.lt\/produktas\/prie-piedros-upes-ten-as-sedejau-verkdama\/#primaryimage"},"thumbnailUrl":"https:\/\/skaitytaknyga.lt\/wp-content\/uploads\/2024\/10\/Prie-Piedros-upes-ten-as-sedejau-verkdama.webp","datePublished":"2024-10-17T08:11:28+00:00","dateModified":"2025-05-15T09:55:44+00:00","description":"Romane pasakojama apie jaunos moters susitikim\u0105 su vaikyst\u0117s draugu. J\u0173 kelion\u0117 per Pir\u0117n\u0173 kalnus - tai kelion\u0117 \u017emoni\u0173, suprantan\u010di\u0173, kad meil\u0117 gali","breadcrumb":{"@id":"https:\/\/skaitytaknyga.lt\/produktas\/prie-piedros-upes-ten-as-sedejau-verkdama\/#breadcrumb"},"inLanguage":"en-GB","potentialAction":[{"@type":"ReadAction","target":["https:\/\/skaitytaknyga.lt\/produktas\/prie-piedros-upes-ten-as-sedejau-verkdama\/"]}]},{"@type":"ImageObject","inLanguage":"en-GB","@id":"https:\/\/skaitytaknyga.lt\/produktas\/prie-piedros-upes-ten-as-sedejau-verkdama\/#primaryimage","url":"https:\/\/skaitytaknyga.lt\/wp-content\/uploads\/2024\/10\/Prie-Piedros-upes-ten-as-sedejau-verkdama.webp","contentUrl":"https:\/\/skaitytaknyga.lt\/wp-content\/uploads\/2024\/10\/Prie-Piedros-upes-ten-as-sedejau-verkdama.webp","width":502,"height":799,"caption":"Prie Piedros up\u0117s - ten a\u0161 s\u0117d\u0117jau verkdama"},{"@type":"BreadcrumbList","@id":"https:\/\/skaitytaknyga.lt\/produktas\/prie-piedros-upes-ten-as-sedejau-verkdama\/#breadcrumb","itemListElement":[{"@type":"ListItem","position":1,"name":"Home","item":"https:\/\/skaitytaknyga.lt\/"},{"@type":"ListItem","position":2,"name":"Parduotuv\u0117","item":"https:\/\/skaitytaknyga.lt\/knygu-parduotuve\/"},{"@type":"ListItem","position":3,"name":"Prie Piedros up\u0117s &#8211; ten a\u0161 s\u0117d\u0117jau verkdama"}]},{"@type":"WebSite","@id":"https:\/\/skaitytaknyga.lt\/#website","url":"https:\/\/skaitytaknyga.lt\/","name":"skaitytaknyga.lt","description":"Skaitytaknyga.lt \u2013 tai ma\u017eas \u0161eimos verslas, kuris prasid\u0117jo nuo meil\u0117s knygoms ir siekio i\u0161gelb\u0117ti knygas nuo likimo prie konteinerio. Kas vienam nereikalingas daiktas \u2013 kitam lobis, o mes esame tarpininkai, kurie padeda abiems tapti laimingesniems ???? \u017dinome kaip nelengva i\u0161gyventi ma\u017eiems verslams, tad nuo \u0161iol, \u010dia rasite ir kit\u0173, ma\u017e\u0173 \u0161eim\u0173 versl\u0173, rank\u0173 darbo, dovan\u0173 sau ir artimiesiems.","publisher":{"@id":"https:\/\/skaitytaknyga.lt\/#organization"},"potentialAction":[{"@type":"SearchAction","target":{"@type":"EntryPoint","urlTemplate":"https:\/\/skaitytaknyga.lt\/?s={search_term_string}"},"query-input":{"@type":"PropertyValueSpecification","valueRequired":true,"valueName":"search_term_string"}}],"inLanguage":"en-GB"},{"@type":"Organization","@id":"https:\/\/skaitytaknyga.lt\/#organization","name":"skaitytaknyga.lt","url":"https:\/\/skaitytaknyga.lt\/","logo":{"@type":"ImageObject","inLanguage":"en-GB","@id":"https:\/\/skaitytaknyga.lt\/#\/schema\/logo\/image\/","url":"https:\/\/skaitytaknyga.lt\/wp-content\/uploads\/2024\/05\/cropped-cropped-cropped-02_00843_jt3bggkj1j3HLc7SyY6rEUpg.jpeg","contentUrl":"https:\/\/skaitytaknyga.lt\/wp-content\/uploads\/2024\/05\/cropped-cropped-cropped-02_00843_jt3bggkj1j3HLc7SyY6rEUpg.jpeg","width":1600,"height":1600,"caption":"skaitytaknyga.lt"},"image":{"@id":"https:\/\/skaitytaknyga.lt\/#\/schema\/logo\/image\/"},"sameAs":["https:\/\/www.facebook.com\/skaitytaknyga\/"]}]}},"_links":{"self":[{"href":"https:\/\/skaitytaknyga.lt\/en\/wp-json\/wp\/v2\/product\/14257","targetHints":{"allow":["GET"]}}],"collection":[{"href":"https:\/\/skaitytaknyga.lt\/en\/wp-json\/wp\/v2\/product"}],"about":[{"href":"https:\/\/skaitytaknyga.lt\/en\/wp-json\/wp\/v2\/types\/product"}],"replies":[{"embeddable":true,"href":"https:\/\/skaitytaknyga.lt\/en\/wp-json\/wp\/v2\/comments?post=14257"}],"wp:featuredmedia":[{"embeddable":true,"href":"https:\/\/skaitytaknyga.lt\/en\/wp-json\/wp\/v2\/media\/14270"}],"wp:attachment":[{"href":"https:\/\/skaitytaknyga.lt\/en\/wp-json\/wp\/v2\/media?parent=14257"}],"wp:term":[{"taxonomy":"product_brand","embeddable":true,"href":"https:\/\/skaitytaknyga.lt\/en\/wp-json\/wp\/v2\/product_brand?post=14257"},{"taxonomy":"product_cat","embeddable":true,"href":"https:\/\/skaitytaknyga.lt\/en\/wp-json\/wp\/v2\/product_cat?post=14257"},{"taxonomy":"product_tag","embeddable":true,"href":"https:\/\/skaitytaknyga.lt\/en\/wp-json\/wp\/v2\/product_tag?post=14257"}],"curies":[{"name":"wp","href":"https:\/\/api.w.org\/{rel}","templated":true}]}}