{"id":14256,"date":"2024-10-17T11:11:28","date_gmt":"2024-10-17T08:11:28","guid":{"rendered":"https:\/\/skaitytaknyga.lt\/?post_type=product&#038;p=14256"},"modified":"2025-09-11T13:15:09","modified_gmt":"2025-09-11T10:15:09","slug":"sudeginta-gyva","status":"publish","type":"product","link":"https:\/\/skaitytaknyga.lt\/en\/produktas\/sudeginta-gyva\/","title":{"rendered":"Sudeginta gyva"},"content":{"rendered":"<p>Septyniolikmet\u0117 Suada pirm\u0105 kart\u0105 \u012fsimyli, ir jos meil\u0117 sulaukia atsako. Ta\u010diau kaime, kuriame ji gyvena\u00a0\u2013 kaip ir daugelyje kit\u0173 Palestinos kaim\u0173,\u00a0\u2013 \u012fsimyl\u0117ti iki vestuvi\u0173 tolygu pasira\u0161yti mirties nuosprend\u012f. Tod\u0117l Suados \u0161eima nusprend\u017eia \u201egarb\u0119 praradusi\u0105\u201c mergin\u0105 nu\u017eudyti.<\/p>\n<p>Kit\u0105 dien\u0105 po nuosprend\u017eio vidiniame nam\u0173 kiemelyje besitvarkan\u010di\u0105 mergin\u0105 giminaitis apipila benzinu ir padega. Ta\u010diau tur\u0117jusi mirti \u201ed\u0117l garb\u0117s\u201c Suada ir jos k\u016bdikis per stebukl\u0105 i\u0161gyvena, ir, sulauk\u0119 vienos pranc\u016bz\u0117s pagalbos, pab\u0117ga nuo savo \u0161eimos \u012f Europ\u0105. Ta\u010diau ir \u010dia mergina negali jaustis saugi\u00a0\u2013 gimtosios \u0161alies papro\u010diai jos giminai\u010dius \u012fpareigoja nu\u017eudyti j\u0105 bet kokia kaina&#8230;<\/p>\n<p>Savo ruo\u017etu \u017eiauraus nuosprend\u017eio vykdytojas vietos gyventoj\u0173 akyse yra didvyris, nes jo ne\u017emoni\u0161kas nusikaltimas yra \u201enusikaltimas d\u0117l garb\u0117s\u201c. Nuosprend\u017eio vykdytojas niekuo nerizikavo, nes d\u0117l jo veikos niekas niekada nesikreips \u012f teis\u0117saug\u0105.<\/p>\n<p>Per metus pasaulyje \u012fvykdoma gausyb\u0117 pana\u0161i\u0173 nusikaltim\u0173, visuomen\u0117 kasmet su\u017eino apie 5000 toki\u0173 \u012fvyki\u0173, bet niekas negali pasakyti, kiek j\u0173 lieka nutyl\u0117ta&#8230;<\/p>\n<p>Per stebukl\u0105 likusi gyva Suada i\u0161dr\u012fso papasakoti savo istorij\u0105. Tai didvyri\u0161kas poelgis, nes pasauliui papasakodama apie savo tragedij\u0105 moteris rizikuoja b\u016bti surasta gimini\u0173. Ta\u010diau Suada \u012fsitikinusi\u00a0\u2013 ji privalo kalb\u0117ti. Tai vienintelis b\u016bdas atkreipti pasaulio d\u0117mes\u012f \u012f barbari\u0161kus papro\u010dius, kasmet beprasmi\u0161kai pra\u017eudan\u010dius t\u016bkstan\u010dius moter\u0173, ir prad\u0117ti su jais kov\u0105.<\/p>\n<ul class=\"about-product d-none d-xl-block mt-4\">\n<li><strong>Originalus pavadinimas:<\/strong>\u00a0Br\u00fbl\u00e9e vive<\/li>\n<li><strong>Autorius:<\/strong>\u00a0Souad<\/li>\n<li><strong>Leid\u0117jas:<\/strong>\u00a0Alma littera<\/li>\n<li><strong>Metai:<\/strong>\u00a02020<\/li>\n<li><strong>Puslapiai:<\/strong>\u00a0224<\/li>\n<li class=\"toggleable type-new-formats \"><strong>ISBN:<\/strong>\u00a09786090107461<\/li>\n<li><strong>Versijos kodas:<\/strong>\u00a0PT.<\/li>\n<li class=\"toggleable type-new-formats \"><strong>Formatas:<\/strong>\u00a015 x 24 x 2 cm, kieti vir\u0161eliai<\/li>\n<li><strong>Kalba:<\/strong>\u00a0Lietuvi\u0173<\/li>\n<li><strong>Vert\u0117jas:<\/strong>\u00a0Laima Ra\u010dien\u0117<\/li>\n<\/ul>\n","protected":false},"excerpt":{"rendered":"<p>Septyniolikmet\u0117 Suada pirm\u0105 kart\u0105 \u012fsimyli, ir jos meil\u0117 sulaukia atsako. Ta\u010diau kaime, kuriame ji gyvena\u00a0\u2013 kaip ir daugelyje kit\u0173 Palestinos kaim\u0173,\u00a0\u2013 \u012fsimyl\u0117ti iki vestuvi\u0173 tolygu pasira\u0161yti mirties nuosprend\u012f. Tod\u0117l Suados \u0161eima nusprend\u017eia \u201egarb\u0119 praradusi\u0105\u201c mergin\u0105 nu\u017eudyti. Kit\u0105 dien\u0105 po nuosprend\u017eio vidiniame nam\u0173 kiemelyje besitvarkan\u010di\u0105 mergin\u0105 giminaitis apipila benzinu ir padega. Ta\u010diau tur\u0117jusi mirti \u201ed\u0117l garb\u0117s\u201c Suada ir jos k\u016bdikis per stebukl\u0105 i\u0161gyvena, ir, sulauk\u0119 vienos pranc\u016bz\u0117s pagalbos, pab\u0117ga nuo savo \u0161eimos \u012f Europ\u0105. Ta\u010diau ir \u010dia mergina negali jaustis saugi\u00a0\u2013 gimtosios \u0161alies papro\u010diai jos giminai\u010dius \u012fpareigoja nu\u017eudyti j\u0105 bet kokia kaina&#8230; Savo ruo\u017etu \u017eiauraus nuosprend\u017eio vykdytojas vietos gyventoj\u0173 akyse yra didvyris, nes jo ne\u017emoni\u0161kas nusikaltimas yra \u201enusikaltimas d\u0117l garb\u0117s\u201c. Nuosprend\u017eio vykdytojas niekuo nerizikavo, nes d\u0117l jo veikos niekas niekada nesikreips \u012f teis\u0117saug\u0105. Per metus pasaulyje \u012fvykdoma gausyb\u0117 pana\u0161i\u0173 nusikaltim\u0173, visuomen\u0117 kasmet su\u017eino apie 5000 toki\u0173 \u012fvyki\u0173, bet niekas negali pasakyti, kiek j\u0173 lieka nutyl\u0117ta&#8230; Per stebukl\u0105 likusi gyva Suada i\u0161dr\u012fso papasakoti savo istorij\u0105. Tai didvyri\u0161kas poelgis, nes pasauliui papasakodama apie savo tragedij\u0105 moteris rizikuoja b\u016bti surasta gimini\u0173. Ta\u010diau Suada \u012fsitikinusi\u00a0\u2013 ji privalo kalb\u0117ti. Tai vienintelis b\u016bdas atkreipti pasaulio d\u0117mes\u012f \u012f barbari\u0161kus papro\u010dius, kasmet beprasmi\u0161kai pra\u017eudan\u010dius t\u016bkstan\u010dius moter\u0173, ir prad\u0117ti su jais kov\u0105. Originalus pavadinimas:\u00a0Br\u00fbl\u00e9e vive Autorius:\u00a0Souad Leid\u0117jas:\u00a0Alma littera Metai:\u00a02020 Puslapiai:\u00a0224 ISBN:\u00a09786090107461 Versijos kodas:\u00a0PT. Formatas:\u00a015 x 24 x 2 cm, kieti vir\u0161eliai Kalba:\u00a0Lietuvi\u0173 Vert\u0117jas:\u00a0Laima Ra\u010dien\u0117<\/p>\n","protected":false},"featured_media":14268,"comment_status":"open","ping_status":"closed","template":"","meta":{"_acf_changed":false,"site-sidebar-layout":"default","site-content-layout":"","ast-site-content-layout":"default","site-content-style":"default","site-sidebar-style":"default","ast-global-header-display":"","ast-banner-title-visibility":"","ast-main-header-display":"","ast-hfb-above-header-display":"","ast-hfb-below-header-display":"","ast-hfb-mobile-header-display":"","site-post-title":"","ast-breadcrumbs-content":"","ast-featured-img":"","footer-sml-layout":"","ast-disable-related-posts":"","theme-transparent-header-meta":"default","adv-header-id-meta":"","stick-header-meta":"","header-above-stick-meta":"","header-main-stick-meta":"","header-below-stick-meta":"","astra-migrate-meta-layouts":"set","ast-page-background-enabled":"default","ast-page-background-meta":{"desktop":{"background-color":"","background-image":"","background-repeat":"repeat","background-position":"center center","background-size":"auto","background-attachment":"scroll","background-type":"","background-media":"","overlay-type":"","overlay-color":"","overlay-opacity":"","overlay-gradient":""},"tablet":{"background-color":"","background-image":"","background-repeat":"repeat","background-position":"center center","background-size":"auto","background-attachment":"scroll","background-type":"","background-media":"","overlay-type":"","overlay-color":"","overlay-opacity":"","overlay-gradient":""},"mobile":{"background-color":"","background-image":"","background-repeat":"repeat","background-position":"center center","background-size":"auto","background-attachment":"scroll","background-type":"","background-media":"","overlay-type":"","overlay-color":"","overlay-opacity":"","overlay-gradient":""}},"ast-content-background-meta":{"desktop":{"background-color":"var(--ast-global-color-4)","background-image":"","background-repeat":"repeat","background-position":"center center","background-size":"auto","background-attachment":"scroll","background-type":"","background-media":"","overlay-type":"","overlay-color":"","overlay-opacity":"","overlay-gradient":""},"tablet":{"background-color":"var(--ast-global-color-4)","background-image":"","background-repeat":"repeat","background-position":"center center","background-size":"auto","background-attachment":"scroll","background-type":"","background-media":"","overlay-type":"","overlay-color":"","overlay-opacity":"","overlay-gradient":""},"mobile":{"background-color":"var(--ast-global-color-4)","background-image":"","background-repeat":"repeat","background-position":"center center","background-size":"auto","background-attachment":"scroll","background-type":"","background-media":"","overlay-type":"","overlay-color":"","overlay-opacity":"","overlay-gradient":""}}},"product_brand":[],"product_cat":[31,15],"product_tag":[],"class_list":{"0":"post-14256","1":"product","2":"type-product","3":"status-publish","4":"has-post-thumbnail","6":"product_cat-grozine-literatura","7":"product_cat-uncategorized","8":"desktop-align-left","9":"tablet-align-left","10":"mobile-align-left","12":"first","13":"outofstock","14":"shipping-taxable","15":"purchasable","16":"product-type-simple"},"acf":[],"yoast_head":"<!-- This site is optimized with the Yoast SEO plugin v27.0 - https:\/\/yoast.com\/product\/yoast-seo-wordpress\/ -->\n<title>Sudeginta gyva<\/title>\n<meta name=\"description\" content=\"Septyniolikmet\u0117 Suada pirm\u0105 kart\u0105 \u012fsimyli, ir jos meil\u0117 sulaukia atsako. Ta\u010diau kaime, kuriame ji gyvena\u00a0\u2013 kaip ir daugelyje kit\u0173 Palestinos kaim\u0173,\u00a0\u2013\" \/>\n<meta name=\"robots\" content=\"index, follow, max-snippet:-1, max-image-preview:large, max-video-preview:-1\" \/>\n<link rel=\"canonical\" href=\"https:\/\/skaitytaknyga.lt\/en\/produktas\/sudeginta-gyva\/\" \/>\n<meta property=\"og:locale\" content=\"en_GB\" \/>\n<meta property=\"og:locale:alternate\" content=\"lt_LT\" \/>\n<meta property=\"og:type\" content=\"article\" \/>\n<meta property=\"og:title\" content=\"Sudeginta gyva\" \/>\n<meta property=\"og:description\" content=\"Septyniolikmet\u0117 Suada pirm\u0105 kart\u0105 \u012fsimyli, ir jos meil\u0117 sulaukia atsako. Ta\u010diau kaime, kuriame ji gyvena\u00a0\u2013 kaip ir daugelyje kit\u0173 Palestinos kaim\u0173,\u00a0\u2013\" \/>\n<meta property=\"og:url\" content=\"https:\/\/skaitytaknyga.lt\/en\/produktas\/sudeginta-gyva\/\" \/>\n<meta property=\"og:site_name\" content=\"Skaitytaknyga\" \/>\n<meta property=\"article:publisher\" content=\"https:\/\/www.facebook.com\/skaitytaknyga\/\" \/>\n<meta property=\"article:modified_time\" content=\"2025-09-11T10:15:09+00:00\" \/>\n<meta property=\"og:image\" content=\"https:\/\/skaitytaknyga.lt\/wp-content\/uploads\/2024\/10\/Sudeginta-gyva.webp\" \/>\n\t<meta property=\"og:image:width\" content=\"458\" \/>\n\t<meta property=\"og:image:height\" content=\"750\" \/>\n\t<meta property=\"og:image:type\" content=\"image\/webp\" \/>\n<meta name=\"twitter:card\" content=\"summary_large_image\" \/>\n<meta name=\"twitter:label1\" content=\"Estimated reading time\" \/>\n\t<meta name=\"twitter:data1\" content=\"2 minutes\" \/>\n<script type=\"application\/ld+json\" class=\"yoast-schema-graph\">{\"@context\":\"https:\/\/schema.org\",\"@graph\":[{\"@type\":\"WebPage\",\"@id\":\"https:\/\/skaitytaknyga.lt\/produktas\/sudeginta-gyva\/\",\"url\":\"https:\/\/skaitytaknyga.lt\/produktas\/sudeginta-gyva\/\",\"name\":\"Sudeginta gyva\",\"isPartOf\":{\"@id\":\"https:\/\/skaitytaknyga.lt\/#website\"},\"primaryImageOfPage\":{\"@id\":\"https:\/\/skaitytaknyga.lt\/produktas\/sudeginta-gyva\/#primaryimage\"},\"image\":{\"@id\":\"https:\/\/skaitytaknyga.lt\/produktas\/sudeginta-gyva\/#primaryimage\"},\"thumbnailUrl\":\"https:\/\/skaitytaknyga.lt\/wp-content\/uploads\/2024\/10\/Sudeginta-gyva.webp\",\"datePublished\":\"2024-10-17T08:11:28+00:00\",\"dateModified\":\"2025-09-11T10:15:09+00:00\",\"description\":\"Septyniolikmet\u0117 Suada pirm\u0105 kart\u0105 \u012fsimyli, ir jos meil\u0117 sulaukia atsako. Ta\u010diau kaime, kuriame ji gyvena\u00a0\u2013 kaip ir daugelyje kit\u0173 Palestinos kaim\u0173,\u00a0\u2013\",\"breadcrumb\":{\"@id\":\"https:\/\/skaitytaknyga.lt\/produktas\/sudeginta-gyva\/#breadcrumb\"},\"inLanguage\":\"en-GB\",\"potentialAction\":[{\"@type\":\"ReadAction\",\"target\":[\"https:\/\/skaitytaknyga.lt\/produktas\/sudeginta-gyva\/\"]}]},{\"@type\":\"ImageObject\",\"inLanguage\":\"en-GB\",\"@id\":\"https:\/\/skaitytaknyga.lt\/produktas\/sudeginta-gyva\/#primaryimage\",\"url\":\"https:\/\/skaitytaknyga.lt\/wp-content\/uploads\/2024\/10\/Sudeginta-gyva.webp\",\"contentUrl\":\"https:\/\/skaitytaknyga.lt\/wp-content\/uploads\/2024\/10\/Sudeginta-gyva.webp\",\"width\":458,\"height\":750,\"caption\":\"Sudeginta gyva\"},{\"@type\":\"BreadcrumbList\",\"@id\":\"https:\/\/skaitytaknyga.lt\/produktas\/sudeginta-gyva\/#breadcrumb\",\"itemListElement\":[{\"@type\":\"ListItem\",\"position\":1,\"name\":\"Home\",\"item\":\"https:\/\/skaitytaknyga.lt\/\"},{\"@type\":\"ListItem\",\"position\":2,\"name\":\"Parduotuv\u0117\",\"item\":\"https:\/\/skaitytaknyga.lt\/knygu-parduotuve\/\"},{\"@type\":\"ListItem\",\"position\":3,\"name\":\"Sudeginta gyva\"}]},{\"@type\":\"WebSite\",\"@id\":\"https:\/\/skaitytaknyga.lt\/#website\",\"url\":\"https:\/\/skaitytaknyga.lt\/\",\"name\":\"skaitytaknyga.lt\",\"description\":\"Skaitytaknyga.lt \u2013 tai ma\u017eas \u0161eimos verslas, kuris prasid\u0117jo nuo meil\u0117s knygoms ir siekio i\u0161gelb\u0117ti knygas nuo likimo prie konteinerio. Kas vienam nereikalingas daiktas \u2013 kitam lobis, o mes esame tarpininkai, kurie padeda abiems tapti laimingesniems ???? \u017dinome kaip nelengva i\u0161gyventi ma\u017eiems verslams, tad nuo \u0161iol, \u010dia rasite ir kit\u0173, ma\u017e\u0173 \u0161eim\u0173 versl\u0173, rank\u0173 darbo, dovan\u0173 sau ir artimiesiems.\",\"publisher\":{\"@id\":\"https:\/\/skaitytaknyga.lt\/#organization\"},\"potentialAction\":[{\"@type\":\"SearchAction\",\"target\":{\"@type\":\"EntryPoint\",\"urlTemplate\":\"https:\/\/skaitytaknyga.lt\/?s={search_term_string}\"},\"query-input\":{\"@type\":\"PropertyValueSpecification\",\"valueRequired\":true,\"valueName\":\"search_term_string\"}}],\"inLanguage\":\"en-GB\"},{\"@type\":\"Organization\",\"@id\":\"https:\/\/skaitytaknyga.lt\/#organization\",\"name\":\"skaitytaknyga.lt\",\"url\":\"https:\/\/skaitytaknyga.lt\/\",\"logo\":{\"@type\":\"ImageObject\",\"inLanguage\":\"en-GB\",\"@id\":\"https:\/\/skaitytaknyga.lt\/#\/schema\/logo\/image\/\",\"url\":\"https:\/\/skaitytaknyga.lt\/wp-content\/uploads\/2024\/05\/cropped-cropped-cropped-02_00843_jt3bggkj1j3HLc7SyY6rEUpg.jpeg\",\"contentUrl\":\"https:\/\/skaitytaknyga.lt\/wp-content\/uploads\/2024\/05\/cropped-cropped-cropped-02_00843_jt3bggkj1j3HLc7SyY6rEUpg.jpeg\",\"width\":1600,\"height\":1600,\"caption\":\"skaitytaknyga.lt\"},\"image\":{\"@id\":\"https:\/\/skaitytaknyga.lt\/#\/schema\/logo\/image\/\"},\"sameAs\":[\"https:\/\/www.facebook.com\/skaitytaknyga\/\"]}]}<\/script>\n<!-- \/ Yoast SEO plugin. -->","yoast_head_json":{"title":"Sudeginta gyva","description":"Septyniolikmet\u0117 Suada pirm\u0105 kart\u0105 \u012fsimyli, ir jos meil\u0117 sulaukia atsako. Ta\u010diau kaime, kuriame ji gyvena\u00a0\u2013 kaip ir daugelyje kit\u0173 Palestinos kaim\u0173,\u00a0\u2013","robots":{"index":"index","follow":"follow","max-snippet":"max-snippet:-1","max-image-preview":"max-image-preview:large","max-video-preview":"max-video-preview:-1"},"canonical":"https:\/\/skaitytaknyga.lt\/en\/produktas\/sudeginta-gyva\/","og_locale":"en_GB","og_type":"article","og_title":"[:lt]Sudeginta gyva[:] - Skaitytaknyga","og_description":"Septyniolikmet\u0117 Suada pirm\u0105 kart\u0105 \u012fsimyli, ir jos meil\u0117 sulaukia atsako. Ta\u010diau kaime, kuriame ji gyvena\u00a0\u2013 kaip ir daugelyje kit\u0173 Palestinos kaim\u0173,\u00a0\u2013","og_url":"https:\/\/skaitytaknyga.lt\/en\/produktas\/sudeginta-gyva\/","og_site_name":"Skaitytaknyga","article_publisher":"https:\/\/www.facebook.com\/skaitytaknyga\/","article_modified_time":"2025-09-11T10:15:09+00:00","og_image":[{"width":458,"height":750,"url":"https:\/\/skaitytaknyga.lt\/wp-content\/uploads\/2024\/10\/Sudeginta-gyva.webp","type":"image\/webp"}],"twitter_card":"summary_large_image","twitter_misc":{"Estimated reading time":"2 minutes"},"schema":{"@context":"https:\/\/schema.org","@graph":[{"@type":"WebPage","@id":"https:\/\/skaitytaknyga.lt\/produktas\/sudeginta-gyva\/","url":"https:\/\/skaitytaknyga.lt\/produktas\/sudeginta-gyva\/","name":"Sudeginta gyva","isPartOf":{"@id":"https:\/\/skaitytaknyga.lt\/#website"},"primaryImageOfPage":{"@id":"https:\/\/skaitytaknyga.lt\/produktas\/sudeginta-gyva\/#primaryimage"},"image":{"@id":"https:\/\/skaitytaknyga.lt\/produktas\/sudeginta-gyva\/#primaryimage"},"thumbnailUrl":"https:\/\/skaitytaknyga.lt\/wp-content\/uploads\/2024\/10\/Sudeginta-gyva.webp","datePublished":"2024-10-17T08:11:28+00:00","dateModified":"2025-09-11T10:15:09+00:00","description":"Septyniolikmet\u0117 Suada pirm\u0105 kart\u0105 \u012fsimyli, ir jos meil\u0117 sulaukia atsako. Ta\u010diau kaime, kuriame ji gyvena\u00a0\u2013 kaip ir daugelyje kit\u0173 Palestinos kaim\u0173,\u00a0\u2013","breadcrumb":{"@id":"https:\/\/skaitytaknyga.lt\/produktas\/sudeginta-gyva\/#breadcrumb"},"inLanguage":"en-GB","potentialAction":[{"@type":"ReadAction","target":["https:\/\/skaitytaknyga.lt\/produktas\/sudeginta-gyva\/"]}]},{"@type":"ImageObject","inLanguage":"en-GB","@id":"https:\/\/skaitytaknyga.lt\/produktas\/sudeginta-gyva\/#primaryimage","url":"https:\/\/skaitytaknyga.lt\/wp-content\/uploads\/2024\/10\/Sudeginta-gyva.webp","contentUrl":"https:\/\/skaitytaknyga.lt\/wp-content\/uploads\/2024\/10\/Sudeginta-gyva.webp","width":458,"height":750,"caption":"Sudeginta gyva"},{"@type":"BreadcrumbList","@id":"https:\/\/skaitytaknyga.lt\/produktas\/sudeginta-gyva\/#breadcrumb","itemListElement":[{"@type":"ListItem","position":1,"name":"Home","item":"https:\/\/skaitytaknyga.lt\/"},{"@type":"ListItem","position":2,"name":"Parduotuv\u0117","item":"https:\/\/skaitytaknyga.lt\/knygu-parduotuve\/"},{"@type":"ListItem","position":3,"name":"Sudeginta gyva"}]},{"@type":"WebSite","@id":"https:\/\/skaitytaknyga.lt\/#website","url":"https:\/\/skaitytaknyga.lt\/","name":"skaitytaknyga.lt","description":"Skaitytaknyga.lt \u2013 tai ma\u017eas \u0161eimos verslas, kuris prasid\u0117jo nuo meil\u0117s knygoms ir siekio i\u0161gelb\u0117ti knygas nuo likimo prie konteinerio. Kas vienam nereikalingas daiktas \u2013 kitam lobis, o mes esame tarpininkai, kurie padeda abiems tapti laimingesniems ???? \u017dinome kaip nelengva i\u0161gyventi ma\u017eiems verslams, tad nuo \u0161iol, \u010dia rasite ir kit\u0173, ma\u017e\u0173 \u0161eim\u0173 versl\u0173, rank\u0173 darbo, dovan\u0173 sau ir artimiesiems.","publisher":{"@id":"https:\/\/skaitytaknyga.lt\/#organization"},"potentialAction":[{"@type":"SearchAction","target":{"@type":"EntryPoint","urlTemplate":"https:\/\/skaitytaknyga.lt\/?s={search_term_string}"},"query-input":{"@type":"PropertyValueSpecification","valueRequired":true,"valueName":"search_term_string"}}],"inLanguage":"en-GB"},{"@type":"Organization","@id":"https:\/\/skaitytaknyga.lt\/#organization","name":"skaitytaknyga.lt","url":"https:\/\/skaitytaknyga.lt\/","logo":{"@type":"ImageObject","inLanguage":"en-GB","@id":"https:\/\/skaitytaknyga.lt\/#\/schema\/logo\/image\/","url":"https:\/\/skaitytaknyga.lt\/wp-content\/uploads\/2024\/05\/cropped-cropped-cropped-02_00843_jt3bggkj1j3HLc7SyY6rEUpg.jpeg","contentUrl":"https:\/\/skaitytaknyga.lt\/wp-content\/uploads\/2024\/05\/cropped-cropped-cropped-02_00843_jt3bggkj1j3HLc7SyY6rEUpg.jpeg","width":1600,"height":1600,"caption":"skaitytaknyga.lt"},"image":{"@id":"https:\/\/skaitytaknyga.lt\/#\/schema\/logo\/image\/"},"sameAs":["https:\/\/www.facebook.com\/skaitytaknyga\/"]}]}},"_links":{"self":[{"href":"https:\/\/skaitytaknyga.lt\/en\/wp-json\/wp\/v2\/product\/14256","targetHints":{"allow":["GET"]}}],"collection":[{"href":"https:\/\/skaitytaknyga.lt\/en\/wp-json\/wp\/v2\/product"}],"about":[{"href":"https:\/\/skaitytaknyga.lt\/en\/wp-json\/wp\/v2\/types\/product"}],"replies":[{"embeddable":true,"href":"https:\/\/skaitytaknyga.lt\/en\/wp-json\/wp\/v2\/comments?post=14256"}],"wp:featuredmedia":[{"embeddable":true,"href":"https:\/\/skaitytaknyga.lt\/en\/wp-json\/wp\/v2\/media\/14268"}],"wp:attachment":[{"href":"https:\/\/skaitytaknyga.lt\/en\/wp-json\/wp\/v2\/media?parent=14256"}],"wp:term":[{"taxonomy":"product_brand","embeddable":true,"href":"https:\/\/skaitytaknyga.lt\/en\/wp-json\/wp\/v2\/product_brand?post=14256"},{"taxonomy":"product_cat","embeddable":true,"href":"https:\/\/skaitytaknyga.lt\/en\/wp-json\/wp\/v2\/product_cat?post=14256"},{"taxonomy":"product_tag","embeddable":true,"href":"https:\/\/skaitytaknyga.lt\/en\/wp-json\/wp\/v2\/product_tag?post=14256"}],"curies":[{"name":"wp","href":"https:\/\/api.w.org\/{rel}","templated":true}]}}