{"id":14237,"date":"2024-10-15T14:20:16","date_gmt":"2024-10-15T11:20:16","guid":{"rendered":"https:\/\/skaitytaknyga.lt\/?post_type=product&#038;p=14237"},"modified":"2025-05-19T11:02:58","modified_gmt":"2025-05-19T08:02:58","slug":"pabegimas-is-lagerio-nr-14","status":"publish","type":"product","link":"https:\/\/skaitytaknyga.lt\/en\/produktas\/pabegimas-is-lagerio-nr-14\/","title":{"rendered":"Pab\u0117gimas i\u0161 Lagerio Nr. 14"},"content":{"rendered":"<p>Knyga \u201ePab\u0117gimas i\u0161 Lagerio Nr. 14\u201c &#8211; i\u0161skirtin\u0117 \u017emogaus, gimusio ir u\u017eaugusio darbo stovykloje \u0160iaur\u0117s Kor\u0117joje, istorija.<\/p>\n<p>Nuolatinis smurtas, alkis, mirtinas bendraklas\u0117s pridau\u017eymas, vie\u0161as susidorojimas su motina ir broliu, vienas kito \u012ftarin\u0117jimas ir skundimas&#8230; Tokia buvo \u0160ino Dong-hyuko kasdienyb\u0117, kurioje neatsirado vietos \u017emogi\u0161kumui.<\/p>\n<p>Likimas \u0161iam vaikinui nebuvo gailestingas: jis gim\u0117 ir augo sugrie\u017etinto re\u017eimo darbo stovykloje \u0160iaur\u0117s Kor\u0117joje. Galiausiai paspruk\u0119s i\u0161 gimtosios \u0161alies, jam tapusios tikr\u0173 tikriausiu kal\u0117jimu, jaunas vyras dalijasi savo gyvenimo lageryje, pab\u0117gimo ir \u012fsik\u016brimo laisv\u0117je istorija. \u0160ino atsiminimus fiksuoja amerikie\u010di\u0173 \u017eurnalistas bei ra\u0161ytojas Blaine&#8217;as Hardenas tarptautiniu bestseleriu tapusioje knygoje \u201ePab\u0117gimas i\u0161 Lagerio Nr. 14&#8243;.<\/p>\n<p>Tikrais faktais grind\u017eiamas kraupus \u0160ino pasakojimas atveria \u0161okiruojan\u010di\u0105 ties\u0105, k\u0105 i\u0161 ties\u0173 tenka i\u0161gyventi keliems \u0161imtams t\u016bkstan\u010di\u0173 savo \u0161alyje nekaltai kalinam\u0173 ir terorizuojam\u0173 \u0161iaur\u0117s kor\u0117jie\u010di\u0173. \u0160is jauno \u017emogaus liudijimas yra tarsi pad\u0117ka u\u017e pasitaikiusi\u0105 galimyb\u0119 kurti ir kontroliuoti savo gyvenim\u0105 pa\u010diam bei noras pad\u0117ti savo kra\u0161to \u017emon\u0117ms kovoti u\u017e prigimtines \u017emogaus teises \u2013 rinktis darb\u0105, i\u0161sakyti savo nuomon\u0119, u\u017emegzti artimus santykius, galiausiai, myl\u0117ti ir b\u016bti mylimam&#8230;<\/p>\n<p>Tokias gyvenimo s\u0105lygas perteikianti Blaine Harden papasakota istorija vertinga ne tik istoriniu ar politiniu, bet ir psichologiniu po\u017ei\u016briu. Tai \u017emogaus vidini\u0173 virsm\u0173 atspindys, ver\u010diantis kelti klausim\u0105: ar \u017emogui, gimusiam kaliniu ir gyvenusiam absoliu\u010dios kontrol\u0117s s\u0105lygomis, laisv\u0117 visada \u017eada laiming\u0105 pabaig\u0105?<\/p>\n<ul class=\"about-product d-none d-xl-block mt-4\">\n<li><strong>Originalus pavadinimas:<\/strong>\u00a0Escape from Camp 14: One Man&#8217;s Remarkable Odyssey from North Korea to Freedom in the West<\/li>\n<li><strong>Autorius:<\/strong>\u00a0Blaine Harden<\/li>\n<li><strong>Leid\u0117jas:<\/strong>\u00a0Eugrimas<\/li>\n<li><strong>Metai:<\/strong>\u00a02013<\/li>\n<li><strong>Puslapiai:<\/strong>\u00a0224<\/li>\n<li class=\"toggleable type-new-formats \"><strong>ISBN:<\/strong>\u00a09786094372131<\/li>\n<li><strong>Versijos kodas:<\/strong>\u00a0PT.<\/li>\n<li class=\"toggleable type-new-formats \"><strong>Formatas:<\/strong>\u00a015 x 22 cm, kieti vir\u0161eliai<\/li>\n<li><strong>Kalba:<\/strong>\u00a0Lietuvi\u0173<\/li>\n<li><strong>Vert\u0117jas:<\/strong>\u00a0Sigrida Rup\u0161yt\u0117<\/li>\n<\/ul>\n","protected":false},"excerpt":{"rendered":"<p>Knyga \u201ePab\u0117gimas i\u0161 Lagerio Nr. 14\u201c &#8211; i\u0161skirtin\u0117 \u017emogaus, gimusio ir u\u017eaugusio darbo stovykloje \u0160iaur\u0117s Kor\u0117joje, istorija. Nuolatinis smurtas, alkis, mirtinas bendraklas\u0117s pridau\u017eymas, vie\u0161as susidorojimas su motina ir broliu, vienas kito \u012ftarin\u0117jimas ir skundimas&#8230; Tokia buvo \u0160ino Dong-hyuko kasdienyb\u0117, kurioje neatsirado vietos \u017emogi\u0161kumui. Likimas \u0161iam vaikinui nebuvo gailestingas: jis gim\u0117 ir augo sugrie\u017etinto re\u017eimo darbo stovykloje \u0160iaur\u0117s Kor\u0117joje. Galiausiai paspruk\u0119s i\u0161 gimtosios \u0161alies, jam tapusios tikr\u0173 tikriausiu kal\u0117jimu, jaunas vyras dalijasi savo gyvenimo lageryje, pab\u0117gimo ir \u012fsik\u016brimo laisv\u0117je istorija. \u0160ino atsiminimus fiksuoja amerikie\u010di\u0173 \u017eurnalistas bei ra\u0161ytojas Blaine&#8217;as Hardenas tarptautiniu bestseleriu tapusioje knygoje \u201ePab\u0117gimas i\u0161 Lagerio Nr. 14&#8243;. Tikrais faktais grind\u017eiamas kraupus \u0160ino pasakojimas atveria \u0161okiruojan\u010di\u0105 ties\u0105, k\u0105 i\u0161 ties\u0173 tenka i\u0161gyventi keliems \u0161imtams t\u016bkstan\u010di\u0173 savo \u0161alyje nekaltai kalinam\u0173 ir terorizuojam\u0173 \u0161iaur\u0117s kor\u0117jie\u010di\u0173. \u0160is jauno \u017emogaus liudijimas yra tarsi pad\u0117ka u\u017e pasitaikiusi\u0105 galimyb\u0119 kurti ir kontroliuoti savo gyvenim\u0105 pa\u010diam bei noras pad\u0117ti savo kra\u0161to \u017emon\u0117ms kovoti u\u017e prigimtines \u017emogaus teises \u2013 rinktis darb\u0105, i\u0161sakyti savo nuomon\u0119, u\u017emegzti artimus santykius, galiausiai, myl\u0117ti ir b\u016bti mylimam&#8230; Tokias gyvenimo s\u0105lygas perteikianti Blaine Harden papasakota istorija vertinga ne tik istoriniu ar politiniu, bet ir psichologiniu po\u017ei\u016briu. Tai \u017emogaus vidini\u0173 virsm\u0173 atspindys, ver\u010diantis kelti klausim\u0105: ar \u017emogui, gimusiam kaliniu ir gyvenusiam absoliu\u010dios kontrol\u0117s s\u0105lygomis, laisv\u0117 visada \u017eada laiming\u0105 pabaig\u0105? Originalus pavadinimas:\u00a0Escape from Camp 14: One Man&#8217;s Remarkable Odyssey from North Korea to Freedom in the West Autorius:\u00a0Blaine Harden Leid\u0117jas:\u00a0Eugrimas Metai:\u00a02013 Puslapiai:\u00a0224 ISBN:\u00a09786094372131 Versijos kodas:\u00a0PT. Formatas:\u00a015 x 22 cm, kieti vir\u0161eliai Kalba:\u00a0Lietuvi\u0173 Vert\u0117jas:\u00a0Sigrida Rup\u0161yt\u0117<\/p>\n","protected":false},"featured_media":14248,"comment_status":"open","ping_status":"closed","template":"","meta":{"_acf_changed":false,"site-sidebar-layout":"default","site-content-layout":"","ast-site-content-layout":"default","site-content-style":"default","site-sidebar-style":"default","ast-global-header-display":"","ast-banner-title-visibility":"","ast-main-header-display":"","ast-hfb-above-header-display":"","ast-hfb-below-header-display":"","ast-hfb-mobile-header-display":"","site-post-title":"","ast-breadcrumbs-content":"","ast-featured-img":"","footer-sml-layout":"","ast-disable-related-posts":"","theme-transparent-header-meta":"default","adv-header-id-meta":"","stick-header-meta":"","header-above-stick-meta":"","header-main-stick-meta":"","header-below-stick-meta":"","astra-migrate-meta-layouts":"set","ast-page-background-enabled":"default","ast-page-background-meta":{"desktop":{"background-color":"","background-image":"","background-repeat":"repeat","background-position":"center center","background-size":"auto","background-attachment":"scroll","background-type":"","background-media":"","overlay-type":"","overlay-color":"","overlay-opacity":"","overlay-gradient":""},"tablet":{"background-color":"","background-image":"","background-repeat":"repeat","background-position":"center center","background-size":"auto","background-attachment":"scroll","background-type":"","background-media":"","overlay-type":"","overlay-color":"","overlay-opacity":"","overlay-gradient":""},"mobile":{"background-color":"","background-image":"","background-repeat":"repeat","background-position":"center center","background-size":"auto","background-attachment":"scroll","background-type":"","background-media":"","overlay-type":"","overlay-color":"","overlay-opacity":"","overlay-gradient":""}},"ast-content-background-meta":{"desktop":{"background-color":"var(--ast-global-color-4)","background-image":"","background-repeat":"repeat","background-position":"center center","background-size":"auto","background-attachment":"scroll","background-type":"","background-media":"","overlay-type":"","overlay-color":"","overlay-opacity":"","overlay-gradient":""},"tablet":{"background-color":"var(--ast-global-color-4)","background-image":"","background-repeat":"repeat","background-position":"center center","background-size":"auto","background-attachment":"scroll","background-type":"","background-media":"","overlay-type":"","overlay-color":"","overlay-opacity":"","overlay-gradient":""},"mobile":{"background-color":"var(--ast-global-color-4)","background-image":"","background-repeat":"repeat","background-position":"center center","background-size":"auto","background-attachment":"scroll","background-type":"","background-media":"","overlay-type":"","overlay-color":"","overlay-opacity":"","overlay-gradient":""}}},"product_brand":[],"product_cat":[174,15],"product_tag":[3890,3888,2870,3889],"class_list":{"0":"post-14237","1":"product","2":"type-product","3":"status-publish","4":"has-post-thumbnail","6":"product_cat-istorija-ir-politologija","7":"product_cat-uncategorized","8":"product_tag-blaine-harden","9":"product_tag-dokumentine-literatura","10":"product_tag-politiniai-kaliniai","11":"product_tag-siaures-koreja","12":"desktop-align-left","13":"tablet-align-left","14":"mobile-align-left","16":"first","17":"instock","18":"shipping-taxable","19":"purchasable","20":"product-type-simple"},"acf":[],"yoast_head":"<!-- This site is optimized with the Yoast SEO plugin v27.0 - https:\/\/yoast.com\/product\/yoast-seo-wordpress\/ -->\n<title>Pab\u0117gimas i\u0161 Lagerio Nr. 14<\/title>\n<meta name=\"description\" content=\"Knyga \u201ePab\u0117gimas i\u0161 Lagerio Nr. 14\u201c - i\u0161skirtin\u0117 \u017emogaus, gimusio ir u\u017eaugusio darbo stovykloje \u0160iaur\u0117s Kor\u0117joje, istorija. Nuolatinis smurtas, alkis,\" \/>\n<meta name=\"robots\" content=\"index, follow, max-snippet:-1, max-image-preview:large, max-video-preview:-1\" \/>\n<link rel=\"canonical\" href=\"https:\/\/skaitytaknyga.lt\/en\/produktas\/pabegimas-is-lagerio-nr-14\/\" \/>\n<meta property=\"og:locale\" content=\"en_GB\" \/>\n<meta property=\"og:locale:alternate\" content=\"lt_LT\" \/>\n<meta property=\"og:type\" content=\"article\" \/>\n<meta property=\"og:title\" content=\"Pab\u0117gimas i\u0161 Lagerio Nr. 14\" \/>\n<meta property=\"og:description\" content=\"Knyga \u201ePab\u0117gimas i\u0161 Lagerio Nr. 14\u201c - i\u0161skirtin\u0117 \u017emogaus, gimusio ir u\u017eaugusio darbo stovykloje \u0160iaur\u0117s Kor\u0117joje, istorija. Nuolatinis smurtas, alkis,\" \/>\n<meta property=\"og:url\" content=\"https:\/\/skaitytaknyga.lt\/en\/produktas\/pabegimas-is-lagerio-nr-14\/\" \/>\n<meta property=\"og:site_name\" content=\"Skaitytaknyga\" \/>\n<meta property=\"article:publisher\" content=\"https:\/\/www.facebook.com\/skaitytaknyga\/\" \/>\n<meta property=\"article:modified_time\" content=\"2025-05-19T08:02:58+00:00\" \/>\n<meta property=\"og:image\" content=\"https:\/\/skaitytaknyga.lt\/wp-content\/uploads\/2024\/10\/Pabegimas-is-Lagerio-Nr.-14.jpg\" \/>\n\t<meta property=\"og:image:width\" content=\"288\" \/>\n\t<meta property=\"og:image:height\" content=\"450\" \/>\n\t<meta property=\"og:image:type\" content=\"image\/jpeg\" \/>\n<meta name=\"twitter:card\" content=\"summary_large_image\" \/>\n<meta name=\"twitter:label1\" content=\"Estimated reading time\" \/>\n\t<meta name=\"twitter:data1\" content=\"2 minutes\" \/>\n<script type=\"application\/ld+json\" class=\"yoast-schema-graph\">{\"@context\":\"https:\/\/schema.org\",\"@graph\":[{\"@type\":\"WebPage\",\"@id\":\"https:\/\/skaitytaknyga.lt\/produktas\/pabegimas-is-lagerio-nr-14\/\",\"url\":\"https:\/\/skaitytaknyga.lt\/produktas\/pabegimas-is-lagerio-nr-14\/\",\"name\":\"Pab\u0117gimas i\u0161 Lagerio Nr. 14\",\"isPartOf\":{\"@id\":\"https:\/\/skaitytaknyga.lt\/#website\"},\"primaryImageOfPage\":{\"@id\":\"https:\/\/skaitytaknyga.lt\/produktas\/pabegimas-is-lagerio-nr-14\/#primaryimage\"},\"image\":{\"@id\":\"https:\/\/skaitytaknyga.lt\/produktas\/pabegimas-is-lagerio-nr-14\/#primaryimage\"},\"thumbnailUrl\":\"https:\/\/skaitytaknyga.lt\/wp-content\/uploads\/2024\/10\/Pabegimas-is-Lagerio-Nr.-14.jpg\",\"datePublished\":\"2024-10-15T11:20:16+00:00\",\"dateModified\":\"2025-05-19T08:02:58+00:00\",\"description\":\"Knyga \u201ePab\u0117gimas i\u0161 Lagerio Nr. 14\u201c - i\u0161skirtin\u0117 \u017emogaus, gimusio ir u\u017eaugusio darbo stovykloje \u0160iaur\u0117s Kor\u0117joje, istorija. Nuolatinis smurtas, alkis,\",\"breadcrumb\":{\"@id\":\"https:\/\/skaitytaknyga.lt\/produktas\/pabegimas-is-lagerio-nr-14\/#breadcrumb\"},\"inLanguage\":\"en-GB\",\"potentialAction\":[{\"@type\":\"ReadAction\",\"target\":[\"https:\/\/skaitytaknyga.lt\/produktas\/pabegimas-is-lagerio-nr-14\/\"]}]},{\"@type\":\"ImageObject\",\"inLanguage\":\"en-GB\",\"@id\":\"https:\/\/skaitytaknyga.lt\/produktas\/pabegimas-is-lagerio-nr-14\/#primaryimage\",\"url\":\"https:\/\/skaitytaknyga.lt\/wp-content\/uploads\/2024\/10\/Pabegimas-is-Lagerio-Nr.-14.jpg\",\"contentUrl\":\"https:\/\/skaitytaknyga.lt\/wp-content\/uploads\/2024\/10\/Pabegimas-is-Lagerio-Nr.-14.jpg\",\"width\":288,\"height\":450,\"caption\":\"Pab\u0117gimas i\u0161 Lagerio Nr. 14\"},{\"@type\":\"BreadcrumbList\",\"@id\":\"https:\/\/skaitytaknyga.lt\/produktas\/pabegimas-is-lagerio-nr-14\/#breadcrumb\",\"itemListElement\":[{\"@type\":\"ListItem\",\"position\":1,\"name\":\"Home\",\"item\":\"https:\/\/skaitytaknyga.lt\/\"},{\"@type\":\"ListItem\",\"position\":2,\"name\":\"Parduotuv\u0117\",\"item\":\"https:\/\/skaitytaknyga.lt\/knygu-parduotuve\/\"},{\"@type\":\"ListItem\",\"position\":3,\"name\":\"Pab\u0117gimas i\u0161 Lagerio Nr. 14\"}]},{\"@type\":\"WebSite\",\"@id\":\"https:\/\/skaitytaknyga.lt\/#website\",\"url\":\"https:\/\/skaitytaknyga.lt\/\",\"name\":\"skaitytaknyga.lt\",\"description\":\"Skaitytaknyga.lt \u2013 tai ma\u017eas \u0161eimos verslas, kuris prasid\u0117jo nuo meil\u0117s knygoms ir siekio i\u0161gelb\u0117ti knygas nuo likimo prie konteinerio. Kas vienam nereikalingas daiktas \u2013 kitam lobis, o mes esame tarpininkai, kurie padeda abiems tapti laimingesniems ???? \u017dinome kaip nelengva i\u0161gyventi ma\u017eiems verslams, tad nuo \u0161iol, \u010dia rasite ir kit\u0173, ma\u017e\u0173 \u0161eim\u0173 versl\u0173, rank\u0173 darbo, dovan\u0173 sau ir artimiesiems.\",\"publisher\":{\"@id\":\"https:\/\/skaitytaknyga.lt\/#organization\"},\"potentialAction\":[{\"@type\":\"SearchAction\",\"target\":{\"@type\":\"EntryPoint\",\"urlTemplate\":\"https:\/\/skaitytaknyga.lt\/?s={search_term_string}\"},\"query-input\":{\"@type\":\"PropertyValueSpecification\",\"valueRequired\":true,\"valueName\":\"search_term_string\"}}],\"inLanguage\":\"en-GB\"},{\"@type\":\"Organization\",\"@id\":\"https:\/\/skaitytaknyga.lt\/#organization\",\"name\":\"skaitytaknyga.lt\",\"url\":\"https:\/\/skaitytaknyga.lt\/\",\"logo\":{\"@type\":\"ImageObject\",\"inLanguage\":\"en-GB\",\"@id\":\"https:\/\/skaitytaknyga.lt\/#\/schema\/logo\/image\/\",\"url\":\"https:\/\/skaitytaknyga.lt\/wp-content\/uploads\/2024\/05\/cropped-cropped-cropped-02_00843_jt3bggkj1j3HLc7SyY6rEUpg.jpeg\",\"contentUrl\":\"https:\/\/skaitytaknyga.lt\/wp-content\/uploads\/2024\/05\/cropped-cropped-cropped-02_00843_jt3bggkj1j3HLc7SyY6rEUpg.jpeg\",\"width\":1600,\"height\":1600,\"caption\":\"skaitytaknyga.lt\"},\"image\":{\"@id\":\"https:\/\/skaitytaknyga.lt\/#\/schema\/logo\/image\/\"},\"sameAs\":[\"https:\/\/www.facebook.com\/skaitytaknyga\/\"]}]}<\/script>\n<!-- \/ Yoast SEO plugin. -->","yoast_head_json":{"title":"Pab\u0117gimas i\u0161 Lagerio Nr. 14","description":"Knyga \u201ePab\u0117gimas i\u0161 Lagerio Nr. 14\u201c - i\u0161skirtin\u0117 \u017emogaus, gimusio ir u\u017eaugusio darbo stovykloje \u0160iaur\u0117s Kor\u0117joje, istorija. Nuolatinis smurtas, alkis,","robots":{"index":"index","follow":"follow","max-snippet":"max-snippet:-1","max-image-preview":"max-image-preview:large","max-video-preview":"max-video-preview:-1"},"canonical":"https:\/\/skaitytaknyga.lt\/en\/produktas\/pabegimas-is-lagerio-nr-14\/","og_locale":"en_GB","og_type":"article","og_title":"[:lt]Pab\u0117gimas i\u0161 Lagerio Nr. 14[:] - Skaitytaknyga","og_description":"Knyga \u201ePab\u0117gimas i\u0161 Lagerio Nr. 14\u201c - i\u0161skirtin\u0117 \u017emogaus, gimusio ir u\u017eaugusio darbo stovykloje \u0160iaur\u0117s Kor\u0117joje, istorija. Nuolatinis smurtas, alkis,","og_url":"https:\/\/skaitytaknyga.lt\/en\/produktas\/pabegimas-is-lagerio-nr-14\/","og_site_name":"Skaitytaknyga","article_publisher":"https:\/\/www.facebook.com\/skaitytaknyga\/","article_modified_time":"2025-05-19T08:02:58+00:00","og_image":[{"width":288,"height":450,"url":"https:\/\/skaitytaknyga.lt\/wp-content\/uploads\/2024\/10\/Pabegimas-is-Lagerio-Nr.-14.jpg","type":"image\/jpeg"}],"twitter_card":"summary_large_image","twitter_misc":{"Estimated reading time":"2 minutes"},"schema":{"@context":"https:\/\/schema.org","@graph":[{"@type":"WebPage","@id":"https:\/\/skaitytaknyga.lt\/produktas\/pabegimas-is-lagerio-nr-14\/","url":"https:\/\/skaitytaknyga.lt\/produktas\/pabegimas-is-lagerio-nr-14\/","name":"Pab\u0117gimas i\u0161 Lagerio Nr. 14","isPartOf":{"@id":"https:\/\/skaitytaknyga.lt\/#website"},"primaryImageOfPage":{"@id":"https:\/\/skaitytaknyga.lt\/produktas\/pabegimas-is-lagerio-nr-14\/#primaryimage"},"image":{"@id":"https:\/\/skaitytaknyga.lt\/produktas\/pabegimas-is-lagerio-nr-14\/#primaryimage"},"thumbnailUrl":"https:\/\/skaitytaknyga.lt\/wp-content\/uploads\/2024\/10\/Pabegimas-is-Lagerio-Nr.-14.jpg","datePublished":"2024-10-15T11:20:16+00:00","dateModified":"2025-05-19T08:02:58+00:00","description":"Knyga \u201ePab\u0117gimas i\u0161 Lagerio Nr. 14\u201c - i\u0161skirtin\u0117 \u017emogaus, gimusio ir u\u017eaugusio darbo stovykloje \u0160iaur\u0117s Kor\u0117joje, istorija. Nuolatinis smurtas, alkis,","breadcrumb":{"@id":"https:\/\/skaitytaknyga.lt\/produktas\/pabegimas-is-lagerio-nr-14\/#breadcrumb"},"inLanguage":"en-GB","potentialAction":[{"@type":"ReadAction","target":["https:\/\/skaitytaknyga.lt\/produktas\/pabegimas-is-lagerio-nr-14\/"]}]},{"@type":"ImageObject","inLanguage":"en-GB","@id":"https:\/\/skaitytaknyga.lt\/produktas\/pabegimas-is-lagerio-nr-14\/#primaryimage","url":"https:\/\/skaitytaknyga.lt\/wp-content\/uploads\/2024\/10\/Pabegimas-is-Lagerio-Nr.-14.jpg","contentUrl":"https:\/\/skaitytaknyga.lt\/wp-content\/uploads\/2024\/10\/Pabegimas-is-Lagerio-Nr.-14.jpg","width":288,"height":450,"caption":"Pab\u0117gimas i\u0161 Lagerio Nr. 14"},{"@type":"BreadcrumbList","@id":"https:\/\/skaitytaknyga.lt\/produktas\/pabegimas-is-lagerio-nr-14\/#breadcrumb","itemListElement":[{"@type":"ListItem","position":1,"name":"Home","item":"https:\/\/skaitytaknyga.lt\/"},{"@type":"ListItem","position":2,"name":"Parduotuv\u0117","item":"https:\/\/skaitytaknyga.lt\/knygu-parduotuve\/"},{"@type":"ListItem","position":3,"name":"Pab\u0117gimas i\u0161 Lagerio Nr. 14"}]},{"@type":"WebSite","@id":"https:\/\/skaitytaknyga.lt\/#website","url":"https:\/\/skaitytaknyga.lt\/","name":"skaitytaknyga.lt","description":"Skaitytaknyga.lt \u2013 tai ma\u017eas \u0161eimos verslas, kuris prasid\u0117jo nuo meil\u0117s knygoms ir siekio i\u0161gelb\u0117ti knygas nuo likimo prie konteinerio. Kas vienam nereikalingas daiktas \u2013 kitam lobis, o mes esame tarpininkai, kurie padeda abiems tapti laimingesniems ???? \u017dinome kaip nelengva i\u0161gyventi ma\u017eiems verslams, tad nuo \u0161iol, \u010dia rasite ir kit\u0173, ma\u017e\u0173 \u0161eim\u0173 versl\u0173, rank\u0173 darbo, dovan\u0173 sau ir artimiesiems.","publisher":{"@id":"https:\/\/skaitytaknyga.lt\/#organization"},"potentialAction":[{"@type":"SearchAction","target":{"@type":"EntryPoint","urlTemplate":"https:\/\/skaitytaknyga.lt\/?s={search_term_string}"},"query-input":{"@type":"PropertyValueSpecification","valueRequired":true,"valueName":"search_term_string"}}],"inLanguage":"en-GB"},{"@type":"Organization","@id":"https:\/\/skaitytaknyga.lt\/#organization","name":"skaitytaknyga.lt","url":"https:\/\/skaitytaknyga.lt\/","logo":{"@type":"ImageObject","inLanguage":"en-GB","@id":"https:\/\/skaitytaknyga.lt\/#\/schema\/logo\/image\/","url":"https:\/\/skaitytaknyga.lt\/wp-content\/uploads\/2024\/05\/cropped-cropped-cropped-02_00843_jt3bggkj1j3HLc7SyY6rEUpg.jpeg","contentUrl":"https:\/\/skaitytaknyga.lt\/wp-content\/uploads\/2024\/05\/cropped-cropped-cropped-02_00843_jt3bggkj1j3HLc7SyY6rEUpg.jpeg","width":1600,"height":1600,"caption":"skaitytaknyga.lt"},"image":{"@id":"https:\/\/skaitytaknyga.lt\/#\/schema\/logo\/image\/"},"sameAs":["https:\/\/www.facebook.com\/skaitytaknyga\/"]}]}},"_links":{"self":[{"href":"https:\/\/skaitytaknyga.lt\/en\/wp-json\/wp\/v2\/product\/14237","targetHints":{"allow":["GET"]}}],"collection":[{"href":"https:\/\/skaitytaknyga.lt\/en\/wp-json\/wp\/v2\/product"}],"about":[{"href":"https:\/\/skaitytaknyga.lt\/en\/wp-json\/wp\/v2\/types\/product"}],"replies":[{"embeddable":true,"href":"https:\/\/skaitytaknyga.lt\/en\/wp-json\/wp\/v2\/comments?post=14237"}],"wp:featuredmedia":[{"embeddable":true,"href":"https:\/\/skaitytaknyga.lt\/en\/wp-json\/wp\/v2\/media\/14248"}],"wp:attachment":[{"href":"https:\/\/skaitytaknyga.lt\/en\/wp-json\/wp\/v2\/media?parent=14237"}],"wp:term":[{"taxonomy":"product_brand","embeddable":true,"href":"https:\/\/skaitytaknyga.lt\/en\/wp-json\/wp\/v2\/product_brand?post=14237"},{"taxonomy":"product_cat","embeddable":true,"href":"https:\/\/skaitytaknyga.lt\/en\/wp-json\/wp\/v2\/product_cat?post=14237"},{"taxonomy":"product_tag","embeddable":true,"href":"https:\/\/skaitytaknyga.lt\/en\/wp-json\/wp\/v2\/product_tag?post=14237"}],"curies":[{"name":"wp","href":"https:\/\/api.w.org\/{rel}","templated":true}]}}