{"id":14233,"date":"2024-10-15T14:20:15","date_gmt":"2024-10-15T11:20:15","guid":{"rendered":"https:\/\/skaitytaknyga.lt\/?post_type=product&#038;p=14233"},"modified":"2024-10-16T09:19:48","modified_gmt":"2024-10-16T06:19:48","slug":"elle-kennedy-klaida","status":"publish","type":"product","link":"https:\/\/skaitytaknyga.lt\/en\/produktas\/elle-kennedy-klaida\/","title":{"rendered":"Elle Kennedy \u201eKlaida\u201c"},"content":{"rendered":"<p>Pasiruo\u0161kite pasinerti \u012f dar vien\u0105 \u012ftraukiant\u012f garsios ra\u0161ytojos ir \u201eTik tok\u201c \u017evaig\u017ed\u0117s Elle Kennedy meil\u0117s roman\u0105!<\/p>\n<p>Jis \u2013 \u017eaid\u0117jas daugeliu prasmi\u0173&#8230;<br \/>\nTre\u010diakursis studentas D\u017eonas Loganas gali tur\u0117ti bet kuri\u0105 mergin\u0105. Jis \u2013 ledo ritulio \u017evaig\u017ed\u0117, kurios gyvenimas \u2013 nesiliaujantys vakar\u0117liai ir meil\u0117s nuotykiai. Bet u\u017e akinan\u010dios \u0161ypsenos ir lengvab\u016bdi\u0161kumo slypi neviltis \u2013 ne\u017einia d\u0117l ateities baigus studijas. Aistringa pa\u017eintis su pirmakurse Greise Aivers \u2013 tik laiku pasitaikiusi proga prasibla\u0161kyti. Kai po kvailos klaidos mergina nebenori tur\u0117ti nieko bendro, Loganas nusprend\u017eia vis\u0105 paskutin\u012f kurs\u0105 skirti jai \u2013 \u012frodyti, kad yra vertas antros progos.<br \/>\nDabar reikia sugalvoti, kaip j\u0105 susigr\u0105\u017einti&#8230;<\/p>\n<p>Po nuobodaus pirmo kurso Greis\u0117 gr\u012f\u017eta \u012f Brajero universitet\u0105 vyresn\u0117, i\u0161mintingesn\u0117 ir visi\u0161kai atsigavusi pa\u017eeminus vaikinui, kuriam kone padovanojo nekaltyb\u0119. Pa\u017eintis su D\u017eonu Loganu \u2013 praeitis, dabar ji i\u0161didi ir \u012fgavusi daugiau pasitik\u0117jimo. Jeigu Loganas mano, kad ji persigalvos ir ims maldauti, kaip visos jo pupyt\u0117s, tai labai klysta. Nori j\u0105 susigr\u0105\u017einti? Reik\u0117s pasistengti. \u0160\u012fkart sprend\u017eia ji&#8230; ir D\u017eonui Loganui nebus lengva.<\/p>\n<p>New York Times, USA Today ir Wall Street Journal bestseleri\u0173 autor\u0117 Elle Kennedy u\u017eaugo Toronte, Ontarijuje, priemiestyje. Jorko universitete ji \u012fgijo angl\u0173 kalbos bakalauro laipsn\u012f. Nuo pat ma\u017e\u0173 dien\u0173 \u017einojo, kad nori b\u016bti ra\u0161ytoja, ir b\u016bdama paaugl\u0117 \u0117m\u0117 \u012fnirtingai siekti \u0161ios savo svajon\u0117s. Autorei patinka stiprios veik\u0117jos ir seksual\u016bs vyri\u0161ki persona\u017eai, didel\u0117s aistros ir \u0161iek tiek pavojaus, kad b\u016bt\u0173 \u012fdomiau!<\/p>\n<ul class=\"about-product d-none d-xl-block mt-4\">\n<li><strong>Originalus pavadinimas:<\/strong>\u00a0The Mistake<\/li>\n<li><strong>Autorius:<\/strong>\u00a0Elle Kennedy<\/li>\n<li><strong>Leid\u0117jas:<\/strong>\u00a0Svajoni\u0173 knygos<\/li>\n<li><strong>Metai:<\/strong>\u00a02024<\/li>\n<li><strong>Puslapiai:<\/strong>\u00a0352<\/li>\n<li class=\"toggleable type-new-formats \"><strong>ISBN:<\/strong>\u00a09786090309667<\/li>\n<li><strong>Versijos kodas:<\/strong>\u00a03<\/li>\n<li class=\"toggleable type-new-formats \"><strong>Formatas:<\/strong>\u00a014,8 x 21,6 x 2,7 cm, kieti vir\u0161eliai<\/li>\n<li><strong>Kalba:<\/strong>\u00a0Lietuvi\u0173<\/li>\n<li><strong>Vert\u0117jas:<\/strong>\u00a0Viktorija Ma\u017eeikien\u0117<\/li>\n<li><strong>Knyg\u0173 serija:<\/strong>\u00a0<a href=\"https:\/\/www.knygos.lt\/lt\/knygos\/serija\/off-campus\/\">Off-Campus<\/a><\/li>\n<\/ul>\n","protected":false},"excerpt":{"rendered":"<p>Pasiruo\u0161kite pasinerti \u012f dar vien\u0105 \u012ftraukiant\u012f garsios ra\u0161ytojos ir \u201eTik tok\u201c \u017evaig\u017ed\u0117s Elle Kennedy meil\u0117s roman\u0105! Jis \u2013 \u017eaid\u0117jas daugeliu prasmi\u0173&#8230; Tre\u010diakursis studentas D\u017eonas Loganas gali tur\u0117ti bet kuri\u0105 mergin\u0105. Jis \u2013 ledo ritulio \u017evaig\u017ed\u0117, kurios gyvenimas \u2013 nesiliaujantys vakar\u0117liai ir meil\u0117s nuotykiai. Bet u\u017e akinan\u010dios \u0161ypsenos ir lengvab\u016bdi\u0161kumo slypi neviltis \u2013 ne\u017einia d\u0117l ateities baigus studijas. Aistringa pa\u017eintis su pirmakurse Greise Aivers \u2013 tik laiku pasitaikiusi proga prasibla\u0161kyti. Kai po kvailos klaidos mergina nebenori tur\u0117ti nieko bendro, Loganas nusprend\u017eia vis\u0105 paskutin\u012f kurs\u0105 skirti jai \u2013 \u012frodyti, kad yra vertas antros progos. Dabar reikia sugalvoti, kaip j\u0105 susigr\u0105\u017einti&#8230; Po nuobodaus pirmo kurso Greis\u0117 gr\u012f\u017eta \u012f Brajero universitet\u0105 vyresn\u0117, i\u0161mintingesn\u0117 ir visi\u0161kai atsigavusi pa\u017eeminus vaikinui, kuriam kone padovanojo nekaltyb\u0119. Pa\u017eintis su D\u017eonu Loganu \u2013 praeitis, dabar ji i\u0161didi ir \u012fgavusi daugiau pasitik\u0117jimo. Jeigu Loganas mano, kad ji persigalvos ir ims maldauti, kaip visos jo pupyt\u0117s, tai labai klysta. Nori j\u0105 susigr\u0105\u017einti? Reik\u0117s pasistengti. \u0160\u012fkart sprend\u017eia ji&#8230; ir D\u017eonui Loganui nebus lengva. New York Times, USA Today ir Wall Street Journal bestseleri\u0173 autor\u0117 Elle Kennedy u\u017eaugo Toronte, Ontarijuje, priemiestyje. Jorko universitete ji \u012fgijo angl\u0173 kalbos bakalauro laipsn\u012f. Nuo pat ma\u017e\u0173 dien\u0173 \u017einojo, kad nori b\u016bti ra\u0161ytoja, ir b\u016bdama paaugl\u0117 \u0117m\u0117 \u012fnirtingai siekti \u0161ios savo svajon\u0117s. Autorei patinka stiprios veik\u0117jos ir seksual\u016bs vyri\u0161ki persona\u017eai, didel\u0117s aistros ir \u0161iek tiek pavojaus, kad b\u016bt\u0173 \u012fdomiau! Originalus pavadinimas:\u00a0The Mistake Autorius:\u00a0Elle Kennedy Leid\u0117jas:\u00a0Svajoni\u0173 knygos Metai:\u00a02024 Puslapiai:\u00a0352 ISBN:\u00a09786090309667 Versijos kodas:\u00a03 Formatas:\u00a014,8 x 21,6 x 2,7 cm, kieti vir\u0161eliai Kalba:\u00a0Lietuvi\u0173 Vert\u0117jas:\u00a0Viktorija Ma\u017eeikien\u0117 Knyg\u0173 serija:\u00a0Off-Campus<\/p>\n","protected":false},"featured_media":14249,"comment_status":"open","ping_status":"closed","template":"","meta":{"_acf_changed":false,"site-sidebar-layout":"default","site-content-layout":"","ast-site-content-layout":"default","site-content-style":"default","site-sidebar-style":"default","ast-global-header-display":"","ast-banner-title-visibility":"","ast-main-header-display":"","ast-hfb-above-header-display":"","ast-hfb-below-header-display":"","ast-hfb-mobile-header-display":"","site-post-title":"","ast-breadcrumbs-content":"","ast-featured-img":"","footer-sml-layout":"","ast-disable-related-posts":"","theme-transparent-header-meta":"default","adv-header-id-meta":"","stick-header-meta":"","header-above-stick-meta":"","header-main-stick-meta":"","header-below-stick-meta":"","astra-migrate-meta-layouts":"set","ast-page-background-enabled":"default","ast-page-background-meta":{"desktop":{"background-color":"","background-image":"","background-repeat":"repeat","background-position":"center center","background-size":"auto","background-attachment":"scroll","background-type":"","background-media":"","overlay-type":"","overlay-color":"","overlay-opacity":"","overlay-gradient":""},"tablet":{"background-color":"","background-image":"","background-repeat":"repeat","background-position":"center center","background-size":"auto","background-attachment":"scroll","background-type":"","background-media":"","overlay-type":"","overlay-color":"","overlay-opacity":"","overlay-gradient":""},"mobile":{"background-color":"","background-image":"","background-repeat":"repeat","background-position":"center center","background-size":"auto","background-attachment":"scroll","background-type":"","background-media":"","overlay-type":"","overlay-color":"","overlay-opacity":"","overlay-gradient":""}},"ast-content-background-meta":{"desktop":{"background-color":"var(--ast-global-color-4)","background-image":"","background-repeat":"repeat","background-position":"center center","background-size":"auto","background-attachment":"scroll","background-type":"","background-media":"","overlay-type":"","overlay-color":"","overlay-opacity":"","overlay-gradient":""},"tablet":{"background-color":"var(--ast-global-color-4)","background-image":"","background-repeat":"repeat","background-position":"center center","background-size":"auto","background-attachment":"scroll","background-type":"","background-media":"","overlay-type":"","overlay-color":"","overlay-opacity":"","overlay-gradient":""},"mobile":{"background-color":"var(--ast-global-color-4)","background-image":"","background-repeat":"repeat","background-position":"center center","background-size":"auto","background-attachment":"scroll","background-type":"","background-media":"","overlay-type":"","overlay-color":"","overlay-opacity":"","overlay-gradient":""}}},"product_brand":[],"product_cat":[31,15],"product_tag":[],"class_list":{"0":"post-14233","1":"product","2":"type-product","3":"status-publish","4":"has-post-thumbnail","6":"product_cat-grozine-literatura","7":"product_cat-uncategorized","8":"desktop-align-left","9":"tablet-align-left","10":"mobile-align-left","12":"first","13":"instock","14":"shipping-taxable","15":"purchasable","16":"product-type-simple"},"acf":[],"yoast_head":"<!-- This site is optimized with the Yoast SEO plugin v27.0 - https:\/\/yoast.com\/product\/yoast-seo-wordpress\/ -->\n<title>Elle Kennedy \u201eKlaida\u201c<\/title>\n<meta name=\"description\" content=\"Pasiruo\u0161kite pasinerti \u012f dar vien\u0105 \u012ftraukiant\u012f garsios ra\u0161ytojos ir \u201eTik tok\u201c \u017evaig\u017ed\u0117s Elle Kennedy meil\u0117s roman\u0105! Jis \u2013 \u017eaid\u0117jas daugeliu prasmi\u0173...\" \/>\n<meta name=\"robots\" content=\"index, follow, max-snippet:-1, max-image-preview:large, max-video-preview:-1\" \/>\n<link rel=\"canonical\" href=\"https:\/\/skaitytaknyga.lt\/en\/produktas\/elle-kennedy-klaida\/\" \/>\n<meta property=\"og:locale\" content=\"en_GB\" \/>\n<meta property=\"og:locale:alternate\" content=\"lt_LT\" \/>\n<meta property=\"og:type\" content=\"article\" \/>\n<meta property=\"og:title\" content=\"Elle Kennedy \u201eKlaida\u201c\" \/>\n<meta property=\"og:description\" content=\"Pasiruo\u0161kite pasinerti \u012f dar vien\u0105 \u012ftraukiant\u012f garsios ra\u0161ytojos ir \u201eTik tok\u201c \u017evaig\u017ed\u0117s Elle Kennedy meil\u0117s roman\u0105! Jis \u2013 \u017eaid\u0117jas daugeliu prasmi\u0173...\" \/>\n<meta property=\"og:url\" content=\"https:\/\/skaitytaknyga.lt\/en\/produktas\/elle-kennedy-klaida\/\" \/>\n<meta property=\"og:site_name\" content=\"Skaitytaknyga\" \/>\n<meta property=\"article:publisher\" content=\"https:\/\/www.facebook.com\/skaitytaknyga\/\" \/>\n<meta property=\"article:modified_time\" content=\"2024-10-16T06:19:48+00:00\" \/>\n<meta property=\"og:image\" content=\"https:\/\/skaitytaknyga.lt\/wp-content\/uploads\/2024\/10\/Elle-Kennedy-\u201eKlaida.webp\" \/>\n\t<meta property=\"og:image:width\" content=\"533\" \/>\n\t<meta property=\"og:image:height\" content=\"800\" \/>\n\t<meta property=\"og:image:type\" content=\"image\/webp\" \/>\n<meta name=\"twitter:card\" content=\"summary_large_image\" \/>\n<meta name=\"twitter:label1\" content=\"Estimated reading time\" \/>\n\t<meta name=\"twitter:data1\" content=\"2 minutes\" \/>\n<script type=\"application\/ld+json\" class=\"yoast-schema-graph\">{\"@context\":\"https:\/\/schema.org\",\"@graph\":[{\"@type\":\"WebPage\",\"@id\":\"https:\/\/skaitytaknyga.lt\/produktas\/elle-kennedy-klaida\/\",\"url\":\"https:\/\/skaitytaknyga.lt\/produktas\/elle-kennedy-klaida\/\",\"name\":\"Elle Kennedy \u201eKlaida\u201c\",\"isPartOf\":{\"@id\":\"https:\/\/skaitytaknyga.lt\/#website\"},\"primaryImageOfPage\":{\"@id\":\"https:\/\/skaitytaknyga.lt\/produktas\/elle-kennedy-klaida\/#primaryimage\"},\"image\":{\"@id\":\"https:\/\/skaitytaknyga.lt\/produktas\/elle-kennedy-klaida\/#primaryimage\"},\"thumbnailUrl\":\"https:\/\/skaitytaknyga.lt\/wp-content\/uploads\/2024\/10\/Elle-Kennedy-\u201eKlaida.webp\",\"datePublished\":\"2024-10-15T11:20:15+00:00\",\"dateModified\":\"2024-10-16T06:19:48+00:00\",\"description\":\"Pasiruo\u0161kite pasinerti \u012f dar vien\u0105 \u012ftraukiant\u012f garsios ra\u0161ytojos ir \u201eTik tok\u201c \u017evaig\u017ed\u0117s Elle Kennedy meil\u0117s roman\u0105! Jis \u2013 \u017eaid\u0117jas daugeliu prasmi\u0173...\",\"breadcrumb\":{\"@id\":\"https:\/\/skaitytaknyga.lt\/produktas\/elle-kennedy-klaida\/#breadcrumb\"},\"inLanguage\":\"en-GB\",\"potentialAction\":[{\"@type\":\"ReadAction\",\"target\":[\"https:\/\/skaitytaknyga.lt\/produktas\/elle-kennedy-klaida\/\"]}]},{\"@type\":\"ImageObject\",\"inLanguage\":\"en-GB\",\"@id\":\"https:\/\/skaitytaknyga.lt\/produktas\/elle-kennedy-klaida\/#primaryimage\",\"url\":\"https:\/\/skaitytaknyga.lt\/wp-content\/uploads\/2024\/10\/Elle-Kennedy-\u201eKlaida.webp\",\"contentUrl\":\"https:\/\/skaitytaknyga.lt\/wp-content\/uploads\/2024\/10\/Elle-Kennedy-\u201eKlaida.webp\",\"width\":533,\"height\":800,\"caption\":\"Elle Kennedy \u201eKlaida\u201c\"},{\"@type\":\"BreadcrumbList\",\"@id\":\"https:\/\/skaitytaknyga.lt\/produktas\/elle-kennedy-klaida\/#breadcrumb\",\"itemListElement\":[{\"@type\":\"ListItem\",\"position\":1,\"name\":\"Home\",\"item\":\"https:\/\/skaitytaknyga.lt\/\"},{\"@type\":\"ListItem\",\"position\":2,\"name\":\"Parduotuv\u0117\",\"item\":\"https:\/\/skaitytaknyga.lt\/knygu-parduotuve\/\"},{\"@type\":\"ListItem\",\"position\":3,\"name\":\"Elle Kennedy \u201eKlaida\u201c\"}]},{\"@type\":\"WebSite\",\"@id\":\"https:\/\/skaitytaknyga.lt\/#website\",\"url\":\"https:\/\/skaitytaknyga.lt\/\",\"name\":\"skaitytaknyga.lt\",\"description\":\"Skaitytaknyga.lt \u2013 tai ma\u017eas \u0161eimos verslas, kuris prasid\u0117jo nuo meil\u0117s knygoms ir siekio i\u0161gelb\u0117ti knygas nuo likimo prie konteinerio. Kas vienam nereikalingas daiktas \u2013 kitam lobis, o mes esame tarpininkai, kurie padeda abiems tapti laimingesniems ???? \u017dinome kaip nelengva i\u0161gyventi ma\u017eiems verslams, tad nuo \u0161iol, \u010dia rasite ir kit\u0173, ma\u017e\u0173 \u0161eim\u0173 versl\u0173, rank\u0173 darbo, dovan\u0173 sau ir artimiesiems.\",\"publisher\":{\"@id\":\"https:\/\/skaitytaknyga.lt\/#organization\"},\"potentialAction\":[{\"@type\":\"SearchAction\",\"target\":{\"@type\":\"EntryPoint\",\"urlTemplate\":\"https:\/\/skaitytaknyga.lt\/?s={search_term_string}\"},\"query-input\":{\"@type\":\"PropertyValueSpecification\",\"valueRequired\":true,\"valueName\":\"search_term_string\"}}],\"inLanguage\":\"en-GB\"},{\"@type\":\"Organization\",\"@id\":\"https:\/\/skaitytaknyga.lt\/#organization\",\"name\":\"skaitytaknyga.lt\",\"url\":\"https:\/\/skaitytaknyga.lt\/\",\"logo\":{\"@type\":\"ImageObject\",\"inLanguage\":\"en-GB\",\"@id\":\"https:\/\/skaitytaknyga.lt\/#\/schema\/logo\/image\/\",\"url\":\"https:\/\/skaitytaknyga.lt\/wp-content\/uploads\/2024\/05\/cropped-cropped-cropped-02_00843_jt3bggkj1j3HLc7SyY6rEUpg.jpeg\",\"contentUrl\":\"https:\/\/skaitytaknyga.lt\/wp-content\/uploads\/2024\/05\/cropped-cropped-cropped-02_00843_jt3bggkj1j3HLc7SyY6rEUpg.jpeg\",\"width\":1600,\"height\":1600,\"caption\":\"skaitytaknyga.lt\"},\"image\":{\"@id\":\"https:\/\/skaitytaknyga.lt\/#\/schema\/logo\/image\/\"},\"sameAs\":[\"https:\/\/www.facebook.com\/skaitytaknyga\/\"]}]}<\/script>\n<!-- \/ Yoast SEO plugin. -->","yoast_head_json":{"title":"Elle Kennedy \u201eKlaida\u201c","description":"Pasiruo\u0161kite pasinerti \u012f dar vien\u0105 \u012ftraukiant\u012f garsios ra\u0161ytojos ir \u201eTik tok\u201c \u017evaig\u017ed\u0117s Elle Kennedy meil\u0117s roman\u0105! Jis \u2013 \u017eaid\u0117jas daugeliu prasmi\u0173...","robots":{"index":"index","follow":"follow","max-snippet":"max-snippet:-1","max-image-preview":"max-image-preview:large","max-video-preview":"max-video-preview:-1"},"canonical":"https:\/\/skaitytaknyga.lt\/en\/produktas\/elle-kennedy-klaida\/","og_locale":"en_GB","og_type":"article","og_title":"[:lt]Elle Kennedy \u201eKlaida\u201c[:] - Skaitytaknyga","og_description":"Pasiruo\u0161kite pasinerti \u012f dar vien\u0105 \u012ftraukiant\u012f garsios ra\u0161ytojos ir \u201eTik tok\u201c \u017evaig\u017ed\u0117s Elle Kennedy meil\u0117s roman\u0105! Jis \u2013 \u017eaid\u0117jas daugeliu prasmi\u0173...","og_url":"https:\/\/skaitytaknyga.lt\/en\/produktas\/elle-kennedy-klaida\/","og_site_name":"Skaitytaknyga","article_publisher":"https:\/\/www.facebook.com\/skaitytaknyga\/","article_modified_time":"2024-10-16T06:19:48+00:00","og_image":[{"width":533,"height":800,"url":"https:\/\/skaitytaknyga.lt\/wp-content\/uploads\/2024\/10\/Elle-Kennedy-\u201eKlaida.webp","type":"image\/webp"}],"twitter_card":"summary_large_image","twitter_misc":{"Estimated reading time":"2 minutes"},"schema":{"@context":"https:\/\/schema.org","@graph":[{"@type":"WebPage","@id":"https:\/\/skaitytaknyga.lt\/produktas\/elle-kennedy-klaida\/","url":"https:\/\/skaitytaknyga.lt\/produktas\/elle-kennedy-klaida\/","name":"Elle Kennedy \u201eKlaida\u201c","isPartOf":{"@id":"https:\/\/skaitytaknyga.lt\/#website"},"primaryImageOfPage":{"@id":"https:\/\/skaitytaknyga.lt\/produktas\/elle-kennedy-klaida\/#primaryimage"},"image":{"@id":"https:\/\/skaitytaknyga.lt\/produktas\/elle-kennedy-klaida\/#primaryimage"},"thumbnailUrl":"https:\/\/skaitytaknyga.lt\/wp-content\/uploads\/2024\/10\/Elle-Kennedy-\u201eKlaida.webp","datePublished":"2024-10-15T11:20:15+00:00","dateModified":"2024-10-16T06:19:48+00:00","description":"Pasiruo\u0161kite pasinerti \u012f dar vien\u0105 \u012ftraukiant\u012f garsios ra\u0161ytojos ir \u201eTik tok\u201c \u017evaig\u017ed\u0117s Elle Kennedy meil\u0117s roman\u0105! Jis \u2013 \u017eaid\u0117jas daugeliu prasmi\u0173...","breadcrumb":{"@id":"https:\/\/skaitytaknyga.lt\/produktas\/elle-kennedy-klaida\/#breadcrumb"},"inLanguage":"en-GB","potentialAction":[{"@type":"ReadAction","target":["https:\/\/skaitytaknyga.lt\/produktas\/elle-kennedy-klaida\/"]}]},{"@type":"ImageObject","inLanguage":"en-GB","@id":"https:\/\/skaitytaknyga.lt\/produktas\/elle-kennedy-klaida\/#primaryimage","url":"https:\/\/skaitytaknyga.lt\/wp-content\/uploads\/2024\/10\/Elle-Kennedy-\u201eKlaida.webp","contentUrl":"https:\/\/skaitytaknyga.lt\/wp-content\/uploads\/2024\/10\/Elle-Kennedy-\u201eKlaida.webp","width":533,"height":800,"caption":"Elle Kennedy \u201eKlaida\u201c"},{"@type":"BreadcrumbList","@id":"https:\/\/skaitytaknyga.lt\/produktas\/elle-kennedy-klaida\/#breadcrumb","itemListElement":[{"@type":"ListItem","position":1,"name":"Home","item":"https:\/\/skaitytaknyga.lt\/"},{"@type":"ListItem","position":2,"name":"Parduotuv\u0117","item":"https:\/\/skaitytaknyga.lt\/knygu-parduotuve\/"},{"@type":"ListItem","position":3,"name":"Elle Kennedy \u201eKlaida\u201c"}]},{"@type":"WebSite","@id":"https:\/\/skaitytaknyga.lt\/#website","url":"https:\/\/skaitytaknyga.lt\/","name":"skaitytaknyga.lt","description":"Skaitytaknyga.lt \u2013 tai ma\u017eas \u0161eimos verslas, kuris prasid\u0117jo nuo meil\u0117s knygoms ir siekio i\u0161gelb\u0117ti knygas nuo likimo prie konteinerio. Kas vienam nereikalingas daiktas \u2013 kitam lobis, o mes esame tarpininkai, kurie padeda abiems tapti laimingesniems ???? \u017dinome kaip nelengva i\u0161gyventi ma\u017eiems verslams, tad nuo \u0161iol, \u010dia rasite ir kit\u0173, ma\u017e\u0173 \u0161eim\u0173 versl\u0173, rank\u0173 darbo, dovan\u0173 sau ir artimiesiems.","publisher":{"@id":"https:\/\/skaitytaknyga.lt\/#organization"},"potentialAction":[{"@type":"SearchAction","target":{"@type":"EntryPoint","urlTemplate":"https:\/\/skaitytaknyga.lt\/?s={search_term_string}"},"query-input":{"@type":"PropertyValueSpecification","valueRequired":true,"valueName":"search_term_string"}}],"inLanguage":"en-GB"},{"@type":"Organization","@id":"https:\/\/skaitytaknyga.lt\/#organization","name":"skaitytaknyga.lt","url":"https:\/\/skaitytaknyga.lt\/","logo":{"@type":"ImageObject","inLanguage":"en-GB","@id":"https:\/\/skaitytaknyga.lt\/#\/schema\/logo\/image\/","url":"https:\/\/skaitytaknyga.lt\/wp-content\/uploads\/2024\/05\/cropped-cropped-cropped-02_00843_jt3bggkj1j3HLc7SyY6rEUpg.jpeg","contentUrl":"https:\/\/skaitytaknyga.lt\/wp-content\/uploads\/2024\/05\/cropped-cropped-cropped-02_00843_jt3bggkj1j3HLc7SyY6rEUpg.jpeg","width":1600,"height":1600,"caption":"skaitytaknyga.lt"},"image":{"@id":"https:\/\/skaitytaknyga.lt\/#\/schema\/logo\/image\/"},"sameAs":["https:\/\/www.facebook.com\/skaitytaknyga\/"]}]}},"_links":{"self":[{"href":"https:\/\/skaitytaknyga.lt\/en\/wp-json\/wp\/v2\/product\/14233","targetHints":{"allow":["GET"]}}],"collection":[{"href":"https:\/\/skaitytaknyga.lt\/en\/wp-json\/wp\/v2\/product"}],"about":[{"href":"https:\/\/skaitytaknyga.lt\/en\/wp-json\/wp\/v2\/types\/product"}],"replies":[{"embeddable":true,"href":"https:\/\/skaitytaknyga.lt\/en\/wp-json\/wp\/v2\/comments?post=14233"}],"wp:featuredmedia":[{"embeddable":true,"href":"https:\/\/skaitytaknyga.lt\/en\/wp-json\/wp\/v2\/media\/14249"}],"wp:attachment":[{"href":"https:\/\/skaitytaknyga.lt\/en\/wp-json\/wp\/v2\/media?parent=14233"}],"wp:term":[{"taxonomy":"product_brand","embeddable":true,"href":"https:\/\/skaitytaknyga.lt\/en\/wp-json\/wp\/v2\/product_brand?post=14233"},{"taxonomy":"product_cat","embeddable":true,"href":"https:\/\/skaitytaknyga.lt\/en\/wp-json\/wp\/v2\/product_cat?post=14233"},{"taxonomy":"product_tag","embeddable":true,"href":"https:\/\/skaitytaknyga.lt\/en\/wp-json\/wp\/v2\/product_tag?post=14233"}],"curies":[{"name":"wp","href":"https:\/\/api.w.org\/{rel}","templated":true}]}}