{"id":14232,"date":"2024-10-15T14:20:14","date_gmt":"2024-10-15T11:20:14","guid":{"rendered":"https:\/\/skaitytaknyga.lt\/?post_type=product&#038;p=14232"},"modified":"2025-05-24T20:53:32","modified_gmt":"2025-05-24T17:53:32","slug":"knut-hamsun-misterijos","status":"publish","type":"product","link":"https:\/\/skaitytaknyga.lt\/en\/produktas\/knut-hamsun-misterijos\/","title":{"rendered":"Misterijos"},"content":{"rendered":"<p>\u201eMisterijos \u2013 vienas svarbiausi\u0173 autoriaus k\u016brini\u0173. Knyga i\u0161 pirmo \u017evilgsnio atrodo kaip realistinis romanas, kur veiksmas rutuliojasi skland\u017eiai ir nuosekliai. Tik truput\u0117l\u012f paslaptingai: \u012f ma\u017e\u0105 Norvegijos miestel\u012f atvyksta keistas \u017emogus Juhanas Nagelis, savo i\u0161vaizda, kalbomis ir veiksmais trikdantis rami\u0105 vietos \u017emoni\u0173 gyvenimo t\u0117km\u0119&#8230;<\/p>\n<p>Visa, kas nutinka per Nagelio vie\u0161nag\u0119 \u2013 paslaptinga, sunkiai paai\u0161kinama ir keista. Kaip ir tai, kuo baigiasi keistojo pra\u0161alai\u010dio apsilankymas.<\/p>\n<p>Ta\u010diau i\u0161 ties\u0173 romanas yra psichologinis; vienas pagrindini\u0173 veik\u0117j\u0173 yra \u017emogaus pas\u0105mon\u0117, ji yra misterija, iracionali ir nepaai\u0161kinama, ji valdo \u017emogaus s\u0105mon\u0119. Juhanas Nagelis atvyksta ne\u017einia i\u0161 kur ir ne\u017einia ko, jis prie\u0161taringo charakterio, nenuoseklus ir nestabilios psichikos. Jis \u2013 tipi\u0161kas Hamsuno herojus.<\/p>\n<p>Ra\u0161ytojui neegzistuoja jokia norma, o\u00a0 asmenyb\u0117s suskilimas ir nenuoseklumas yra visi\u0161kai nat\u016brali b\u016bsena. Pasakojimas atveria vidines herojaus bedugnes, nuosekl\u0173 vyksm\u0105 kei\u010dia \u201es\u0105mon\u0117s srautas\u201c, sapnai, vizijos ir pas\u0105mon\u0117s balsas; pagrindinis veik\u0117jas \u2013 tikras nervingo m\u016bs\u0173 am\u017eiaus \u017emogaus paveikslas. \u017dmogaus, kur\u012f kankina ir jo sujaukta s\u0105mon\u0117, ir nesuvokta pas\u0105mon\u0117.<\/p>\n<p>Pasakydamas tik tiek, kiek b\u016btina, Hamsunas palieka skaitytoj\u0105 klaid\u017eioti \u017emogi\u0161kosios misterijos labirinte, pilname nutyl\u0117jim\u0173, u\u017euomin\u0173 ir keist\u0173 neatitikim\u0173.<\/p>\n<ul class=\"about-product d-none d-xl-block mt-4\">\n<li><strong>Autorius:<\/strong>\u00a0Knut Hamsun<\/li>\n<li><strong>Leid\u0117jas:<\/strong>\u00a0Tyto alba<\/li>\n<li><strong>Metai:<\/strong>\u00a02009<\/li>\n<li><strong>Puslapiai:<\/strong>\u00a0336<\/li>\n<li class=\"toggleable type-new-formats \"><strong>ISBN:<\/strong>\u00a09789986167099<\/li>\n<li><strong>Versijos kodas:<\/strong>\u00a0PT.<\/li>\n<li class=\"toggleable type-new-formats \"><strong>Formatas:<\/strong>\u00a015 x 22 cm, kieti vir\u0161eliai<\/li>\n<li><strong>Kalba:<\/strong>\u00a0Lietuvi\u0173<\/li>\n<li><strong>Vert\u0117jas:<\/strong>\u00a0Egl\u0117 I\u0161ganaityt\u0117<\/li>\n<\/ul>\n","protected":false},"excerpt":{"rendered":"<p>\u201eMisterijos \u2013 vienas svarbiausi\u0173 autoriaus k\u016brini\u0173. Knyga i\u0161 pirmo \u017evilgsnio atrodo kaip realistinis romanas, kur veiksmas rutuliojasi skland\u017eiai ir nuosekliai. Tik truput\u0117l\u012f paslaptingai: \u012f ma\u017e\u0105 Norvegijos miestel\u012f atvyksta keistas \u017emogus Juhanas Nagelis, savo i\u0161vaizda, kalbomis ir veiksmais trikdantis rami\u0105 vietos \u017emoni\u0173 gyvenimo t\u0117km\u0119&#8230; Visa, kas nutinka per Nagelio vie\u0161nag\u0119 \u2013 paslaptinga, sunkiai paai\u0161kinama ir keista. Kaip ir tai, kuo baigiasi keistojo pra\u0161alai\u010dio apsilankymas. Ta\u010diau i\u0161 ties\u0173 romanas yra psichologinis; vienas pagrindini\u0173 veik\u0117j\u0173 yra \u017emogaus pas\u0105mon\u0117, ji yra misterija, iracionali ir nepaai\u0161kinama, ji valdo \u017emogaus s\u0105mon\u0119. Juhanas Nagelis atvyksta ne\u017einia i\u0161 kur ir ne\u017einia ko, jis prie\u0161taringo charakterio, nenuoseklus ir nestabilios psichikos. Jis \u2013 tipi\u0161kas Hamsuno herojus. Ra\u0161ytojui neegzistuoja jokia norma, o\u00a0 asmenyb\u0117s suskilimas ir nenuoseklumas yra visi\u0161kai nat\u016brali b\u016bsena. Pasakojimas atveria vidines herojaus bedugnes, nuosekl\u0173 vyksm\u0105 kei\u010dia \u201es\u0105mon\u0117s srautas\u201c, sapnai, vizijos ir pas\u0105mon\u0117s balsas; pagrindinis veik\u0117jas \u2013 tikras nervingo m\u016bs\u0173 am\u017eiaus \u017emogaus paveikslas. \u017dmogaus, kur\u012f kankina ir jo sujaukta s\u0105mon\u0117, ir nesuvokta pas\u0105mon\u0117. Pasakydamas tik tiek, kiek b\u016btina, Hamsunas palieka skaitytoj\u0105 klaid\u017eioti \u017emogi\u0161kosios misterijos labirinte, pilname nutyl\u0117jim\u0173, u\u017euomin\u0173 ir keist\u0173 neatitikim\u0173. Autorius:\u00a0Knut Hamsun Leid\u0117jas:\u00a0Tyto alba Metai:\u00a02009 Puslapiai:\u00a0336 ISBN:\u00a09789986167099 Versijos kodas:\u00a0PT. Formatas:\u00a015 x 22 cm, kieti vir\u0161eliai Kalba:\u00a0Lietuvi\u0173 Vert\u0117jas:\u00a0Egl\u0117 I\u0161ganaityt\u0117<\/p>\n","protected":false},"featured_media":14242,"comment_status":"open","ping_status":"closed","template":"","meta":{"_acf_changed":false,"site-sidebar-layout":"default","site-content-layout":"","ast-site-content-layout":"default","site-content-style":"default","site-sidebar-style":"default","ast-global-header-display":"","ast-banner-title-visibility":"","ast-main-header-display":"","ast-hfb-above-header-display":"","ast-hfb-below-header-display":"","ast-hfb-mobile-header-display":"","site-post-title":"","ast-breadcrumbs-content":"","ast-featured-img":"","footer-sml-layout":"","ast-disable-related-posts":"","theme-transparent-header-meta":"default","adv-header-id-meta":"","stick-header-meta":"","header-above-stick-meta":"","header-main-stick-meta":"","header-below-stick-meta":"","astra-migrate-meta-layouts":"set","ast-page-background-enabled":"default","ast-page-background-meta":{"desktop":{"background-color":"","background-image":"","background-repeat":"repeat","background-position":"center center","background-size":"auto","background-attachment":"scroll","background-type":"","background-media":"","overlay-type":"","overlay-color":"","overlay-opacity":"","overlay-gradient":""},"tablet":{"background-color":"","background-image":"","background-repeat":"repeat","background-position":"center center","background-size":"auto","background-attachment":"scroll","background-type":"","background-media":"","overlay-type":"","overlay-color":"","overlay-opacity":"","overlay-gradient":""},"mobile":{"background-color":"","background-image":"","background-repeat":"repeat","background-position":"center center","background-size":"auto","background-attachment":"scroll","background-type":"","background-media":"","overlay-type":"","overlay-color":"","overlay-opacity":"","overlay-gradient":""}},"ast-content-background-meta":{"desktop":{"background-color":"var(--ast-global-color-4)","background-image":"","background-repeat":"repeat","background-position":"center center","background-size":"auto","background-attachment":"scroll","background-type":"","background-media":"","overlay-type":"","overlay-color":"","overlay-opacity":"","overlay-gradient":""},"tablet":{"background-color":"var(--ast-global-color-4)","background-image":"","background-repeat":"repeat","background-position":"center center","background-size":"auto","background-attachment":"scroll","background-type":"","background-media":"","overlay-type":"","overlay-color":"","overlay-opacity":"","overlay-gradient":""},"mobile":{"background-color":"var(--ast-global-color-4)","background-image":"","background-repeat":"repeat","background-position":"center center","background-size":"auto","background-attachment":"scroll","background-type":"","background-media":"","overlay-type":"","overlay-color":"","overlay-opacity":"","overlay-gradient":""}}},"product_brand":[],"product_cat":[31,15,436],"product_tag":[],"class_list":{"0":"post-14232","1":"product","2":"type-product","3":"status-publish","4":"has-post-thumbnail","6":"product_cat-grozine-literatura","7":"product_cat-uncategorized","8":"product_cat-teise","9":"desktop-align-left","10":"tablet-align-left","11":"mobile-align-left","13":"first","14":"instock","15":"shipping-taxable","16":"purchasable","17":"product-type-simple"},"acf":[],"yoast_head":"<!-- This site is optimized with the Yoast SEO plugin v27.0 - https:\/\/yoast.com\/product\/yoast-seo-wordpress\/ -->\n<title>Misterijos<\/title>\n<meta name=\"description\" content=\"\u201eMisterijos \u2013 vienas svarbiausi\u0173 autoriaus k\u016brini\u0173. Knyga i\u0161 pirmo \u017evilgsnio atrodo kaip realistinis romanas, kur veiksmas rutuliojasi skland\u017eiai ir\" \/>\n<meta name=\"robots\" content=\"index, follow, max-snippet:-1, max-image-preview:large, max-video-preview:-1\" \/>\n<link rel=\"canonical\" href=\"https:\/\/skaitytaknyga.lt\/en\/produktas\/knut-hamsun-misterijos\/\" \/>\n<meta property=\"og:locale\" content=\"en_GB\" \/>\n<meta property=\"og:locale:alternate\" content=\"lt_LT\" \/>\n<meta property=\"og:type\" content=\"article\" \/>\n<meta property=\"og:title\" content=\"Misterijos\" \/>\n<meta property=\"og:description\" content=\"\u201eMisterijos \u2013 vienas svarbiausi\u0173 autoriaus k\u016brini\u0173. Knyga i\u0161 pirmo \u017evilgsnio atrodo kaip realistinis romanas, kur veiksmas rutuliojasi skland\u017eiai ir\" \/>\n<meta property=\"og:url\" content=\"https:\/\/skaitytaknyga.lt\/en\/produktas\/knut-hamsun-misterijos\/\" \/>\n<meta property=\"og:site_name\" content=\"Skaitytaknyga\" \/>\n<meta property=\"article:publisher\" content=\"https:\/\/www.facebook.com\/skaitytaknyga\/\" \/>\n<meta property=\"article:modified_time\" content=\"2025-05-24T17:53:32+00:00\" \/>\n<meta property=\"og:image\" content=\"https:\/\/skaitytaknyga.lt\/wp-content\/uploads\/2024\/10\/Pilietines-visuomenes-teisiniai-valstybingumo-pagrindai.jpg\" \/>\n\t<meta property=\"og:image:width\" content=\"1153\" \/>\n\t<meta property=\"og:image:height\" content=\"2048\" \/>\n\t<meta property=\"og:image:type\" content=\"image\/jpeg\" \/>\n<meta name=\"twitter:card\" content=\"summary_large_image\" \/>\n<meta name=\"twitter:label1\" content=\"Estimated reading time\" \/>\n\t<meta name=\"twitter:data1\" content=\"2 minutes\" \/>\n<script type=\"application\/ld+json\" class=\"yoast-schema-graph\">{\"@context\":\"https:\/\/schema.org\",\"@graph\":[{\"@type\":\"WebPage\",\"@id\":\"https:\/\/skaitytaknyga.lt\/produktas\/knut-hamsun-misterijos\/\",\"url\":\"https:\/\/skaitytaknyga.lt\/produktas\/knut-hamsun-misterijos\/\",\"name\":\"Misterijos\",\"isPartOf\":{\"@id\":\"https:\/\/skaitytaknyga.lt\/#website\"},\"primaryImageOfPage\":{\"@id\":\"https:\/\/skaitytaknyga.lt\/produktas\/knut-hamsun-misterijos\/#primaryimage\"},\"image\":{\"@id\":\"https:\/\/skaitytaknyga.lt\/produktas\/knut-hamsun-misterijos\/#primaryimage\"},\"thumbnailUrl\":\"https:\/\/skaitytaknyga.lt\/wp-content\/uploads\/2024\/10\/Pilietines-visuomenes-teisiniai-valstybingumo-pagrindai.jpg\",\"datePublished\":\"2024-10-15T11:20:14+00:00\",\"dateModified\":\"2025-05-24T17:53:32+00:00\",\"description\":\"\u201eMisterijos \u2013 vienas svarbiausi\u0173 autoriaus k\u016brini\u0173. Knyga i\u0161 pirmo \u017evilgsnio atrodo kaip realistinis romanas, kur veiksmas rutuliojasi skland\u017eiai ir\",\"breadcrumb\":{\"@id\":\"https:\/\/skaitytaknyga.lt\/produktas\/knut-hamsun-misterijos\/#breadcrumb\"},\"inLanguage\":\"en-GB\",\"potentialAction\":[{\"@type\":\"ReadAction\",\"target\":[\"https:\/\/skaitytaknyga.lt\/produktas\/knut-hamsun-misterijos\/\"]}]},{\"@type\":\"ImageObject\",\"inLanguage\":\"en-GB\",\"@id\":\"https:\/\/skaitytaknyga.lt\/produktas\/knut-hamsun-misterijos\/#primaryimage\",\"url\":\"https:\/\/skaitytaknyga.lt\/wp-content\/uploads\/2024\/10\/Pilietines-visuomenes-teisiniai-valstybingumo-pagrindai.jpg\",\"contentUrl\":\"https:\/\/skaitytaknyga.lt\/wp-content\/uploads\/2024\/10\/Pilietines-visuomenes-teisiniai-valstybingumo-pagrindai.jpg\",\"width\":1153,\"height\":2048,\"caption\":\"Pilietin\u0117s visuomen\u0117s teisiniai valstybingumo pagrindai\"},{\"@type\":\"BreadcrumbList\",\"@id\":\"https:\/\/skaitytaknyga.lt\/produktas\/knut-hamsun-misterijos\/#breadcrumb\",\"itemListElement\":[{\"@type\":\"ListItem\",\"position\":1,\"name\":\"Home\",\"item\":\"https:\/\/skaitytaknyga.lt\/\"},{\"@type\":\"ListItem\",\"position\":2,\"name\":\"Parduotuv\u0117\",\"item\":\"https:\/\/skaitytaknyga.lt\/knygu-parduotuve\/\"},{\"@type\":\"ListItem\",\"position\":3,\"name\":\"Misterijos\"}]},{\"@type\":\"WebSite\",\"@id\":\"https:\/\/skaitytaknyga.lt\/#website\",\"url\":\"https:\/\/skaitytaknyga.lt\/\",\"name\":\"skaitytaknyga.lt\",\"description\":\"Skaitytaknyga.lt \u2013 tai ma\u017eas \u0161eimos verslas, kuris prasid\u0117jo nuo meil\u0117s knygoms ir siekio i\u0161gelb\u0117ti knygas nuo likimo prie konteinerio. Kas vienam nereikalingas daiktas \u2013 kitam lobis, o mes esame tarpininkai, kurie padeda abiems tapti laimingesniems ???? \u017dinome kaip nelengva i\u0161gyventi ma\u017eiems verslams, tad nuo \u0161iol, \u010dia rasite ir kit\u0173, ma\u017e\u0173 \u0161eim\u0173 versl\u0173, rank\u0173 darbo, dovan\u0173 sau ir artimiesiems.\",\"publisher\":{\"@id\":\"https:\/\/skaitytaknyga.lt\/#organization\"},\"potentialAction\":[{\"@type\":\"SearchAction\",\"target\":{\"@type\":\"EntryPoint\",\"urlTemplate\":\"https:\/\/skaitytaknyga.lt\/?s={search_term_string}\"},\"query-input\":{\"@type\":\"PropertyValueSpecification\",\"valueRequired\":true,\"valueName\":\"search_term_string\"}}],\"inLanguage\":\"en-GB\"},{\"@type\":\"Organization\",\"@id\":\"https:\/\/skaitytaknyga.lt\/#organization\",\"name\":\"skaitytaknyga.lt\",\"url\":\"https:\/\/skaitytaknyga.lt\/\",\"logo\":{\"@type\":\"ImageObject\",\"inLanguage\":\"en-GB\",\"@id\":\"https:\/\/skaitytaknyga.lt\/#\/schema\/logo\/image\/\",\"url\":\"https:\/\/skaitytaknyga.lt\/wp-content\/uploads\/2024\/05\/cropped-cropped-cropped-02_00843_jt3bggkj1j3HLc7SyY6rEUpg.jpeg\",\"contentUrl\":\"https:\/\/skaitytaknyga.lt\/wp-content\/uploads\/2024\/05\/cropped-cropped-cropped-02_00843_jt3bggkj1j3HLc7SyY6rEUpg.jpeg\",\"width\":1600,\"height\":1600,\"caption\":\"skaitytaknyga.lt\"},\"image\":{\"@id\":\"https:\/\/skaitytaknyga.lt\/#\/schema\/logo\/image\/\"},\"sameAs\":[\"https:\/\/www.facebook.com\/skaitytaknyga\/\"]}]}<\/script>\n<!-- \/ Yoast SEO plugin. -->","yoast_head_json":{"title":"Misterijos","description":"\u201eMisterijos \u2013 vienas svarbiausi\u0173 autoriaus k\u016brini\u0173. Knyga i\u0161 pirmo \u017evilgsnio atrodo kaip realistinis romanas, kur veiksmas rutuliojasi skland\u017eiai ir","robots":{"index":"index","follow":"follow","max-snippet":"max-snippet:-1","max-image-preview":"max-image-preview:large","max-video-preview":"max-video-preview:-1"},"canonical":"https:\/\/skaitytaknyga.lt\/en\/produktas\/knut-hamsun-misterijos\/","og_locale":"en_GB","og_type":"article","og_title":"[:lt]Misterijos[:] - Skaitytaknyga","og_description":"\u201eMisterijos \u2013 vienas svarbiausi\u0173 autoriaus k\u016brini\u0173. Knyga i\u0161 pirmo \u017evilgsnio atrodo kaip realistinis romanas, kur veiksmas rutuliojasi skland\u017eiai ir","og_url":"https:\/\/skaitytaknyga.lt\/en\/produktas\/knut-hamsun-misterijos\/","og_site_name":"Skaitytaknyga","article_publisher":"https:\/\/www.facebook.com\/skaitytaknyga\/","article_modified_time":"2025-05-24T17:53:32+00:00","og_image":[{"width":1153,"height":2048,"url":"https:\/\/skaitytaknyga.lt\/wp-content\/uploads\/2024\/10\/Pilietines-visuomenes-teisiniai-valstybingumo-pagrindai.jpg","type":"image\/jpeg"}],"twitter_card":"summary_large_image","twitter_misc":{"Estimated reading time":"2 minutes"},"schema":{"@context":"https:\/\/schema.org","@graph":[{"@type":"WebPage","@id":"https:\/\/skaitytaknyga.lt\/produktas\/knut-hamsun-misterijos\/","url":"https:\/\/skaitytaknyga.lt\/produktas\/knut-hamsun-misterijos\/","name":"Misterijos","isPartOf":{"@id":"https:\/\/skaitytaknyga.lt\/#website"},"primaryImageOfPage":{"@id":"https:\/\/skaitytaknyga.lt\/produktas\/knut-hamsun-misterijos\/#primaryimage"},"image":{"@id":"https:\/\/skaitytaknyga.lt\/produktas\/knut-hamsun-misterijos\/#primaryimage"},"thumbnailUrl":"https:\/\/skaitytaknyga.lt\/wp-content\/uploads\/2024\/10\/Pilietines-visuomenes-teisiniai-valstybingumo-pagrindai.jpg","datePublished":"2024-10-15T11:20:14+00:00","dateModified":"2025-05-24T17:53:32+00:00","description":"\u201eMisterijos \u2013 vienas svarbiausi\u0173 autoriaus k\u016brini\u0173. Knyga i\u0161 pirmo \u017evilgsnio atrodo kaip realistinis romanas, kur veiksmas rutuliojasi skland\u017eiai ir","breadcrumb":{"@id":"https:\/\/skaitytaknyga.lt\/produktas\/knut-hamsun-misterijos\/#breadcrumb"},"inLanguage":"en-GB","potentialAction":[{"@type":"ReadAction","target":["https:\/\/skaitytaknyga.lt\/produktas\/knut-hamsun-misterijos\/"]}]},{"@type":"ImageObject","inLanguage":"en-GB","@id":"https:\/\/skaitytaknyga.lt\/produktas\/knut-hamsun-misterijos\/#primaryimage","url":"https:\/\/skaitytaknyga.lt\/wp-content\/uploads\/2024\/10\/Pilietines-visuomenes-teisiniai-valstybingumo-pagrindai.jpg","contentUrl":"https:\/\/skaitytaknyga.lt\/wp-content\/uploads\/2024\/10\/Pilietines-visuomenes-teisiniai-valstybingumo-pagrindai.jpg","width":1153,"height":2048,"caption":"Pilietin\u0117s visuomen\u0117s teisiniai valstybingumo pagrindai"},{"@type":"BreadcrumbList","@id":"https:\/\/skaitytaknyga.lt\/produktas\/knut-hamsun-misterijos\/#breadcrumb","itemListElement":[{"@type":"ListItem","position":1,"name":"Home","item":"https:\/\/skaitytaknyga.lt\/"},{"@type":"ListItem","position":2,"name":"Parduotuv\u0117","item":"https:\/\/skaitytaknyga.lt\/knygu-parduotuve\/"},{"@type":"ListItem","position":3,"name":"Misterijos"}]},{"@type":"WebSite","@id":"https:\/\/skaitytaknyga.lt\/#website","url":"https:\/\/skaitytaknyga.lt\/","name":"skaitytaknyga.lt","description":"Skaitytaknyga.lt \u2013 tai ma\u017eas \u0161eimos verslas, kuris prasid\u0117jo nuo meil\u0117s knygoms ir siekio i\u0161gelb\u0117ti knygas nuo likimo prie konteinerio. Kas vienam nereikalingas daiktas \u2013 kitam lobis, o mes esame tarpininkai, kurie padeda abiems tapti laimingesniems ???? \u017dinome kaip nelengva i\u0161gyventi ma\u017eiems verslams, tad nuo \u0161iol, \u010dia rasite ir kit\u0173, ma\u017e\u0173 \u0161eim\u0173 versl\u0173, rank\u0173 darbo, dovan\u0173 sau ir artimiesiems.","publisher":{"@id":"https:\/\/skaitytaknyga.lt\/#organization"},"potentialAction":[{"@type":"SearchAction","target":{"@type":"EntryPoint","urlTemplate":"https:\/\/skaitytaknyga.lt\/?s={search_term_string}"},"query-input":{"@type":"PropertyValueSpecification","valueRequired":true,"valueName":"search_term_string"}}],"inLanguage":"en-GB"},{"@type":"Organization","@id":"https:\/\/skaitytaknyga.lt\/#organization","name":"skaitytaknyga.lt","url":"https:\/\/skaitytaknyga.lt\/","logo":{"@type":"ImageObject","inLanguage":"en-GB","@id":"https:\/\/skaitytaknyga.lt\/#\/schema\/logo\/image\/","url":"https:\/\/skaitytaknyga.lt\/wp-content\/uploads\/2024\/05\/cropped-cropped-cropped-02_00843_jt3bggkj1j3HLc7SyY6rEUpg.jpeg","contentUrl":"https:\/\/skaitytaknyga.lt\/wp-content\/uploads\/2024\/05\/cropped-cropped-cropped-02_00843_jt3bggkj1j3HLc7SyY6rEUpg.jpeg","width":1600,"height":1600,"caption":"skaitytaknyga.lt"},"image":{"@id":"https:\/\/skaitytaknyga.lt\/#\/schema\/logo\/image\/"},"sameAs":["https:\/\/www.facebook.com\/skaitytaknyga\/"]}]}},"_links":{"self":[{"href":"https:\/\/skaitytaknyga.lt\/en\/wp-json\/wp\/v2\/product\/14232","targetHints":{"allow":["GET"]}}],"collection":[{"href":"https:\/\/skaitytaknyga.lt\/en\/wp-json\/wp\/v2\/product"}],"about":[{"href":"https:\/\/skaitytaknyga.lt\/en\/wp-json\/wp\/v2\/types\/product"}],"replies":[{"embeddable":true,"href":"https:\/\/skaitytaknyga.lt\/en\/wp-json\/wp\/v2\/comments?post=14232"}],"wp:featuredmedia":[{"embeddable":true,"href":"https:\/\/skaitytaknyga.lt\/en\/wp-json\/wp\/v2\/media\/14242"}],"wp:attachment":[{"href":"https:\/\/skaitytaknyga.lt\/en\/wp-json\/wp\/v2\/media?parent=14232"}],"wp:term":[{"taxonomy":"product_brand","embeddable":true,"href":"https:\/\/skaitytaknyga.lt\/en\/wp-json\/wp\/v2\/product_brand?post=14232"},{"taxonomy":"product_cat","embeddable":true,"href":"https:\/\/skaitytaknyga.lt\/en\/wp-json\/wp\/v2\/product_cat?post=14232"},{"taxonomy":"product_tag","embeddable":true,"href":"https:\/\/skaitytaknyga.lt\/en\/wp-json\/wp\/v2\/product_tag?post=14232"}],"curies":[{"name":"wp","href":"https:\/\/api.w.org\/{rel}","templated":true}]}}