{"id":14231,"date":"2024-10-15T14:20:14","date_gmt":"2024-10-15T11:20:14","guid":{"rendered":"https:\/\/skaitytaknyga.lt\/?post_type=product&#038;p=14231"},"modified":"2025-01-02T18:28:26","modified_gmt":"2025-01-02T16:28:26","slug":"tu-mano-vargus-pazisti","status":"publish","type":"product","link":"https:\/\/skaitytaknyga.lt\/en\/produktas\/tu-mano-vargus-pazisti\/","title":{"rendered":"Tu mano vargus pa\u017e\u012fsti"},"content":{"rendered":"<p>Liga i\u0161pl\u0117\u0161ia \u017emog\u0173 i\u0161 \u012fprasto gyvenimo. Negalavimai, fizinis skausmas, da\u017enai ir dvasios kan\u010dia bei nerimas gali visi\u0161kai sugniu\u017edyti. Liga visuomet sukre\u010dia. Ken\u010dia ne tik ligonis, bet ir jo artimieji, draugai. Tenka i\u0161 naujo per\u017ei\u016br\u0117ti savo nueit\u0105 keli\u0105, i\u0161bandymo \u0161e\u0161\u0117lyje v\u0117l per\u017evelgti gyvenimo vertybes. B\u016btent tada m\u016bs\u0173 \u017evilgsniai ie\u0161ko \u0161viesos at\u0161vait\u0173 sutem\u0173 pasaulyje, mes renkame \u017eod\u017eius \u0161irdyje ir, tardami juos, stengiam\u0117s atsispirti u\u017eklupusiai negandai.<br \/>\nSergant da\u017enai sunku melstis. Netur\u0117tume d\u0117l to steb\u0117tis ar nerimauti. Dievas mus girdi, net jei nerandame \u017eod\u017ei\u0173. Ir vis d\u0117lto gera jam pasakyti, kas mus jaudina.<br \/>\nKartais gali pad\u0117ti kit\u0173 \u017emoni\u0173 maldos: atpa\u017e\u012fstame save kurioje nors mintyje, ka\u017ekuris \u017eodis prabyla mums tiesiai \u012f \u0161ird\u012f ir leid\u017eia atgauti pasitik\u0117jim\u0105.<br \/>\n\u201cDieve, kas man\u0119s laukia? Kas bus toliau? Ar tai rimta, ar nereik\u0161minga? Man sako: \u201cViskas bus gerai!\u201d Bet kyla vis daugiau klausim\u0173.<br \/>\nDieve, aukoju Tau save su visomis savo baim\u0117mis ir miglotomis viltimis. Visk\u0105 \u012f Tavo rankas atiduodu. Pra\u0161au Tav\u0119s sveikatos. Bet labiausiai pra\u0161au: neapleisk man\u0119s! Tu mano vargus pa\u017e\u012fsti. \u017dinai, kad mano j\u0117gos menkos; \u017einai, kad be Tav\u0119s a\u0161 negaliu nieko\u201d.<br \/>\n\u0160is sen\u0173 ir nauj\u0173 mald\u0173 rinkinys kvie\u010dia kreiptis su savo pra\u0161ymais ir skundais visi\u0161kai pasitikint \u012f T\u0105, kuris nori visuomet b\u016bti arti.<\/p>\n<p>Produkto kodas: ISBN 9955-619-81-3<\/p>\n","protected":false},"excerpt":{"rendered":"<p>Liga i\u0161pl\u0117\u0161ia \u017emog\u0173 i\u0161 \u012fprasto gyvenimo. Negalavimai, fizinis skausmas, da\u017enai ir dvasios kan\u010dia bei nerimas gali visi\u0161kai sugniu\u017edyti. Liga visuomet sukre\u010dia. Ken\u010dia ne tik ligonis, bet ir jo artimieji, draugai. Tenka i\u0161 naujo per\u017ei\u016br\u0117ti savo nueit\u0105 keli\u0105, i\u0161bandymo \u0161e\u0161\u0117lyje v\u0117l per\u017evelgti gyvenimo vertybes. B\u016btent tada m\u016bs\u0173 \u017evilgsniai ie\u0161ko \u0161viesos at\u0161vait\u0173 sutem\u0173 pasaulyje, mes renkame \u017eod\u017eius \u0161irdyje ir, tardami juos, stengiam\u0117s atsispirti u\u017eklupusiai negandai. Sergant da\u017enai sunku melstis. Netur\u0117tume d\u0117l to steb\u0117tis ar nerimauti. Dievas mus girdi, net jei nerandame \u017eod\u017ei\u0173. Ir vis d\u0117lto gera jam pasakyti, kas mus jaudina. Kartais gali pad\u0117ti kit\u0173 \u017emoni\u0173 maldos: atpa\u017e\u012fstame save kurioje nors mintyje, ka\u017ekuris \u017eodis prabyla mums tiesiai \u012f \u0161ird\u012f ir leid\u017eia atgauti pasitik\u0117jim\u0105. \u201cDieve, kas man\u0119s laukia? Kas bus toliau? Ar tai rimta, ar nereik\u0161minga? Man sako: \u201cViskas bus gerai!\u201d Bet kyla vis daugiau klausim\u0173. Dieve, aukoju Tau save su visomis savo baim\u0117mis ir miglotomis viltimis. Visk\u0105 \u012f Tavo rankas atiduodu. Pra\u0161au Tav\u0119s sveikatos. Bet labiausiai pra\u0161au: neapleisk man\u0119s! Tu mano vargus pa\u017e\u012fsti. \u017dinai, kad mano j\u0117gos menkos; \u017einai, kad be Tav\u0119s a\u0161 negaliu nieko\u201d. \u0160is sen\u0173 ir nauj\u0173 mald\u0173 rinkinys kvie\u010dia kreiptis su savo pra\u0161ymais ir skundais visi\u0161kai pasitikint \u012f T\u0105, kuris nori visuomet b\u016bti arti. Produkto kodas: ISBN 9955-619-81-3<\/p>\n","protected":false},"featured_media":14247,"comment_status":"open","ping_status":"closed","template":"","meta":{"_acf_changed":false,"site-sidebar-layout":"default","site-content-layout":"","ast-site-content-layout":"default","site-content-style":"default","site-sidebar-style":"default","ast-global-header-display":"","ast-banner-title-visibility":"","ast-main-header-display":"","ast-hfb-above-header-display":"","ast-hfb-below-header-display":"","ast-hfb-mobile-header-display":"","site-post-title":"","ast-breadcrumbs-content":"","ast-featured-img":"","footer-sml-layout":"","ast-disable-related-posts":"","theme-transparent-header-meta":"default","adv-header-id-meta":"","stick-header-meta":"","header-above-stick-meta":"","header-main-stick-meta":"","header-below-stick-meta":"","astra-migrate-meta-layouts":"set","ast-page-background-enabled":"default","ast-page-background-meta":{"desktop":{"background-color":"","background-image":"","background-repeat":"repeat","background-position":"center center","background-size":"auto","background-attachment":"scroll","background-type":"","background-media":"","overlay-type":"","overlay-color":"","overlay-opacity":"","overlay-gradient":""},"tablet":{"background-color":"","background-image":"","background-repeat":"repeat","background-position":"center center","background-size":"auto","background-attachment":"scroll","background-type":"","background-media":"","overlay-type":"","overlay-color":"","overlay-opacity":"","overlay-gradient":""},"mobile":{"background-color":"","background-image":"","background-repeat":"repeat","background-position":"center center","background-size":"auto","background-attachment":"scroll","background-type":"","background-media":"","overlay-type":"","overlay-color":"","overlay-opacity":"","overlay-gradient":""}},"ast-content-background-meta":{"desktop":{"background-color":"var(--ast-global-color-4)","background-image":"","background-repeat":"repeat","background-position":"center center","background-size":"auto","background-attachment":"scroll","background-type":"","background-media":"","overlay-type":"","overlay-color":"","overlay-opacity":"","overlay-gradient":""},"tablet":{"background-color":"var(--ast-global-color-4)","background-image":"","background-repeat":"repeat","background-position":"center center","background-size":"auto","background-attachment":"scroll","background-type":"","background-media":"","overlay-type":"","overlay-color":"","overlay-opacity":"","overlay-gradient":""},"mobile":{"background-color":"var(--ast-global-color-4)","background-image":"","background-repeat":"repeat","background-position":"center center","background-size":"auto","background-attachment":"scroll","background-type":"","background-media":"","overlay-type":"","overlay-color":"","overlay-opacity":"","overlay-gradient":""}}},"product_brand":[],"product_cat":[15,165],"product_tag":[],"class_list":{"0":"post-14231","1":"product","2":"type-product","3":"status-publish","4":"has-post-thumbnail","6":"product_cat-uncategorized","7":"product_cat-religija-filosofija-ir-ezoterika","8":"desktop-align-left","9":"tablet-align-left","10":"mobile-align-left","12":"first","13":"outofstock","14":"shipping-taxable","15":"purchasable","16":"product-type-simple"},"acf":[],"yoast_head":"<!-- This site is optimized with the Yoast SEO plugin v27.0 - https:\/\/yoast.com\/product\/yoast-seo-wordpress\/ -->\n<title>Tu mano vargus pa\u017e\u012fsti<\/title>\n<meta name=\"description\" content=\"Liga i\u0161pl\u0117\u0161ia \u017emog\u0173 i\u0161 \u012fprasto gyvenimo. Negalavimai, fizinis skausmas, da\u017enai ir dvasios kan\u010dia bei nerimas gali visi\u0161kai sugniu\u017edyti. Liga visuomet\" \/>\n<meta name=\"robots\" content=\"index, follow, max-snippet:-1, max-image-preview:large, max-video-preview:-1\" \/>\n<link rel=\"canonical\" href=\"https:\/\/skaitytaknyga.lt\/en\/produktas\/tu-mano-vargus-pazisti\/\" \/>\n<meta property=\"og:locale\" content=\"en_GB\" \/>\n<meta property=\"og:locale:alternate\" content=\"lt_LT\" \/>\n<meta property=\"og:type\" content=\"article\" \/>\n<meta property=\"og:title\" content=\"Tu mano vargus pa\u017e\u012fsti\" \/>\n<meta property=\"og:description\" content=\"Liga i\u0161pl\u0117\u0161ia \u017emog\u0173 i\u0161 \u012fprasto gyvenimo. Negalavimai, fizinis skausmas, da\u017enai ir dvasios kan\u010dia bei nerimas gali visi\u0161kai sugniu\u017edyti. Liga visuomet\" \/>\n<meta property=\"og:url\" content=\"https:\/\/skaitytaknyga.lt\/en\/produktas\/tu-mano-vargus-pazisti\/\" \/>\n<meta property=\"og:site_name\" content=\"Skaitytaknyga\" \/>\n<meta property=\"article:publisher\" content=\"https:\/\/www.facebook.com\/skaitytaknyga\/\" \/>\n<meta property=\"article:modified_time\" content=\"2025-01-02T16:28:26+00:00\" \/>\n<meta property=\"og:image\" content=\"https:\/\/skaitytaknyga.lt\/wp-content\/uploads\/2024\/10\/Tu-mano-vargus-pazisti.jpg\" \/>\n\t<meta property=\"og:image:width\" content=\"200\" \/>\n\t<meta property=\"og:image:height\" content=\"320\" \/>\n\t<meta property=\"og:image:type\" content=\"image\/jpeg\" \/>\n<meta name=\"twitter:card\" content=\"summary_large_image\" \/>\n<meta name=\"twitter:label1\" content=\"Estimated reading time\" \/>\n\t<meta name=\"twitter:data1\" content=\"2 minutes\" \/>\n<script type=\"application\/ld+json\" class=\"yoast-schema-graph\">{\"@context\":\"https:\/\/schema.org\",\"@graph\":[{\"@type\":\"WebPage\",\"@id\":\"https:\/\/skaitytaknyga.lt\/produktas\/tu-mano-vargus-pazisti\/\",\"url\":\"https:\/\/skaitytaknyga.lt\/produktas\/tu-mano-vargus-pazisti\/\",\"name\":\"Tu mano vargus pa\u017e\u012fsti\",\"isPartOf\":{\"@id\":\"https:\/\/skaitytaknyga.lt\/#website\"},\"primaryImageOfPage\":{\"@id\":\"https:\/\/skaitytaknyga.lt\/produktas\/tu-mano-vargus-pazisti\/#primaryimage\"},\"image\":{\"@id\":\"https:\/\/skaitytaknyga.lt\/produktas\/tu-mano-vargus-pazisti\/#primaryimage\"},\"thumbnailUrl\":\"https:\/\/skaitytaknyga.lt\/wp-content\/uploads\/2024\/10\/Tu-mano-vargus-pazisti.jpg\",\"datePublished\":\"2024-10-15T11:20:14+00:00\",\"dateModified\":\"2025-01-02T16:28:26+00:00\",\"description\":\"Liga i\u0161pl\u0117\u0161ia \u017emog\u0173 i\u0161 \u012fprasto gyvenimo. Negalavimai, fizinis skausmas, da\u017enai ir dvasios kan\u010dia bei nerimas gali visi\u0161kai sugniu\u017edyti. Liga visuomet\",\"breadcrumb\":{\"@id\":\"https:\/\/skaitytaknyga.lt\/produktas\/tu-mano-vargus-pazisti\/#breadcrumb\"},\"inLanguage\":\"en-GB\",\"potentialAction\":[{\"@type\":\"ReadAction\",\"target\":[\"https:\/\/skaitytaknyga.lt\/produktas\/tu-mano-vargus-pazisti\/\"]}]},{\"@type\":\"ImageObject\",\"inLanguage\":\"en-GB\",\"@id\":\"https:\/\/skaitytaknyga.lt\/produktas\/tu-mano-vargus-pazisti\/#primaryimage\",\"url\":\"https:\/\/skaitytaknyga.lt\/wp-content\/uploads\/2024\/10\/Tu-mano-vargus-pazisti.jpg\",\"contentUrl\":\"https:\/\/skaitytaknyga.lt\/wp-content\/uploads\/2024\/10\/Tu-mano-vargus-pazisti.jpg\",\"width\":200,\"height\":320,\"caption\":\"Tu mano vargus pa\u017e\u012fsti\"},{\"@type\":\"BreadcrumbList\",\"@id\":\"https:\/\/skaitytaknyga.lt\/produktas\/tu-mano-vargus-pazisti\/#breadcrumb\",\"itemListElement\":[{\"@type\":\"ListItem\",\"position\":1,\"name\":\"Home\",\"item\":\"https:\/\/skaitytaknyga.lt\/\"},{\"@type\":\"ListItem\",\"position\":2,\"name\":\"Parduotuv\u0117\",\"item\":\"https:\/\/skaitytaknyga.lt\/knygu-parduotuve\/\"},{\"@type\":\"ListItem\",\"position\":3,\"name\":\"Tu mano vargus pa\u017e\u012fsti\"}]},{\"@type\":\"WebSite\",\"@id\":\"https:\/\/skaitytaknyga.lt\/#website\",\"url\":\"https:\/\/skaitytaknyga.lt\/\",\"name\":\"skaitytaknyga.lt\",\"description\":\"Skaitytaknyga.lt \u2013 tai ma\u017eas \u0161eimos verslas, kuris prasid\u0117jo nuo meil\u0117s knygoms ir siekio i\u0161gelb\u0117ti knygas nuo likimo prie konteinerio. Kas vienam nereikalingas daiktas \u2013 kitam lobis, o mes esame tarpininkai, kurie padeda abiems tapti laimingesniems ???? \u017dinome kaip nelengva i\u0161gyventi ma\u017eiems verslams, tad nuo \u0161iol, \u010dia rasite ir kit\u0173, ma\u017e\u0173 \u0161eim\u0173 versl\u0173, rank\u0173 darbo, dovan\u0173 sau ir artimiesiems.\",\"publisher\":{\"@id\":\"https:\/\/skaitytaknyga.lt\/#organization\"},\"potentialAction\":[{\"@type\":\"SearchAction\",\"target\":{\"@type\":\"EntryPoint\",\"urlTemplate\":\"https:\/\/skaitytaknyga.lt\/?s={search_term_string}\"},\"query-input\":{\"@type\":\"PropertyValueSpecification\",\"valueRequired\":true,\"valueName\":\"search_term_string\"}}],\"inLanguage\":\"en-GB\"},{\"@type\":\"Organization\",\"@id\":\"https:\/\/skaitytaknyga.lt\/#organization\",\"name\":\"skaitytaknyga.lt\",\"url\":\"https:\/\/skaitytaknyga.lt\/\",\"logo\":{\"@type\":\"ImageObject\",\"inLanguage\":\"en-GB\",\"@id\":\"https:\/\/skaitytaknyga.lt\/#\/schema\/logo\/image\/\",\"url\":\"https:\/\/skaitytaknyga.lt\/wp-content\/uploads\/2024\/05\/cropped-cropped-cropped-02_00843_jt3bggkj1j3HLc7SyY6rEUpg.jpeg\",\"contentUrl\":\"https:\/\/skaitytaknyga.lt\/wp-content\/uploads\/2024\/05\/cropped-cropped-cropped-02_00843_jt3bggkj1j3HLc7SyY6rEUpg.jpeg\",\"width\":1600,\"height\":1600,\"caption\":\"skaitytaknyga.lt\"},\"image\":{\"@id\":\"https:\/\/skaitytaknyga.lt\/#\/schema\/logo\/image\/\"},\"sameAs\":[\"https:\/\/www.facebook.com\/skaitytaknyga\/\"]}]}<\/script>\n<!-- \/ Yoast SEO plugin. -->","yoast_head_json":{"title":"Tu mano vargus pa\u017e\u012fsti","description":"Liga i\u0161pl\u0117\u0161ia \u017emog\u0173 i\u0161 \u012fprasto gyvenimo. Negalavimai, fizinis skausmas, da\u017enai ir dvasios kan\u010dia bei nerimas gali visi\u0161kai sugniu\u017edyti. Liga visuomet","robots":{"index":"index","follow":"follow","max-snippet":"max-snippet:-1","max-image-preview":"max-image-preview:large","max-video-preview":"max-video-preview:-1"},"canonical":"https:\/\/skaitytaknyga.lt\/en\/produktas\/tu-mano-vargus-pazisti\/","og_locale":"en_GB","og_type":"article","og_title":"[:lt]Tu mano vargus pa\u017e\u012fsti[:] - Skaitytaknyga","og_description":"Liga i\u0161pl\u0117\u0161ia \u017emog\u0173 i\u0161 \u012fprasto gyvenimo. Negalavimai, fizinis skausmas, da\u017enai ir dvasios kan\u010dia bei nerimas gali visi\u0161kai sugniu\u017edyti. Liga visuomet","og_url":"https:\/\/skaitytaknyga.lt\/en\/produktas\/tu-mano-vargus-pazisti\/","og_site_name":"Skaitytaknyga","article_publisher":"https:\/\/www.facebook.com\/skaitytaknyga\/","article_modified_time":"2025-01-02T16:28:26+00:00","og_image":[{"width":200,"height":320,"url":"https:\/\/skaitytaknyga.lt\/wp-content\/uploads\/2024\/10\/Tu-mano-vargus-pazisti.jpg","type":"image\/jpeg"}],"twitter_card":"summary_large_image","twitter_misc":{"Estimated reading time":"2 minutes"},"schema":{"@context":"https:\/\/schema.org","@graph":[{"@type":"WebPage","@id":"https:\/\/skaitytaknyga.lt\/produktas\/tu-mano-vargus-pazisti\/","url":"https:\/\/skaitytaknyga.lt\/produktas\/tu-mano-vargus-pazisti\/","name":"Tu mano vargus pa\u017e\u012fsti","isPartOf":{"@id":"https:\/\/skaitytaknyga.lt\/#website"},"primaryImageOfPage":{"@id":"https:\/\/skaitytaknyga.lt\/produktas\/tu-mano-vargus-pazisti\/#primaryimage"},"image":{"@id":"https:\/\/skaitytaknyga.lt\/produktas\/tu-mano-vargus-pazisti\/#primaryimage"},"thumbnailUrl":"https:\/\/skaitytaknyga.lt\/wp-content\/uploads\/2024\/10\/Tu-mano-vargus-pazisti.jpg","datePublished":"2024-10-15T11:20:14+00:00","dateModified":"2025-01-02T16:28:26+00:00","description":"Liga i\u0161pl\u0117\u0161ia \u017emog\u0173 i\u0161 \u012fprasto gyvenimo. Negalavimai, fizinis skausmas, da\u017enai ir dvasios kan\u010dia bei nerimas gali visi\u0161kai sugniu\u017edyti. Liga visuomet","breadcrumb":{"@id":"https:\/\/skaitytaknyga.lt\/produktas\/tu-mano-vargus-pazisti\/#breadcrumb"},"inLanguage":"en-GB","potentialAction":[{"@type":"ReadAction","target":["https:\/\/skaitytaknyga.lt\/produktas\/tu-mano-vargus-pazisti\/"]}]},{"@type":"ImageObject","inLanguage":"en-GB","@id":"https:\/\/skaitytaknyga.lt\/produktas\/tu-mano-vargus-pazisti\/#primaryimage","url":"https:\/\/skaitytaknyga.lt\/wp-content\/uploads\/2024\/10\/Tu-mano-vargus-pazisti.jpg","contentUrl":"https:\/\/skaitytaknyga.lt\/wp-content\/uploads\/2024\/10\/Tu-mano-vargus-pazisti.jpg","width":200,"height":320,"caption":"Tu mano vargus pa\u017e\u012fsti"},{"@type":"BreadcrumbList","@id":"https:\/\/skaitytaknyga.lt\/produktas\/tu-mano-vargus-pazisti\/#breadcrumb","itemListElement":[{"@type":"ListItem","position":1,"name":"Home","item":"https:\/\/skaitytaknyga.lt\/"},{"@type":"ListItem","position":2,"name":"Parduotuv\u0117","item":"https:\/\/skaitytaknyga.lt\/knygu-parduotuve\/"},{"@type":"ListItem","position":3,"name":"Tu mano vargus pa\u017e\u012fsti"}]},{"@type":"WebSite","@id":"https:\/\/skaitytaknyga.lt\/#website","url":"https:\/\/skaitytaknyga.lt\/","name":"skaitytaknyga.lt","description":"Skaitytaknyga.lt \u2013 tai ma\u017eas \u0161eimos verslas, kuris prasid\u0117jo nuo meil\u0117s knygoms ir siekio i\u0161gelb\u0117ti knygas nuo likimo prie konteinerio. Kas vienam nereikalingas daiktas \u2013 kitam lobis, o mes esame tarpininkai, kurie padeda abiems tapti laimingesniems ???? \u017dinome kaip nelengva i\u0161gyventi ma\u017eiems verslams, tad nuo \u0161iol, \u010dia rasite ir kit\u0173, ma\u017e\u0173 \u0161eim\u0173 versl\u0173, rank\u0173 darbo, dovan\u0173 sau ir artimiesiems.","publisher":{"@id":"https:\/\/skaitytaknyga.lt\/#organization"},"potentialAction":[{"@type":"SearchAction","target":{"@type":"EntryPoint","urlTemplate":"https:\/\/skaitytaknyga.lt\/?s={search_term_string}"},"query-input":{"@type":"PropertyValueSpecification","valueRequired":true,"valueName":"search_term_string"}}],"inLanguage":"en-GB"},{"@type":"Organization","@id":"https:\/\/skaitytaknyga.lt\/#organization","name":"skaitytaknyga.lt","url":"https:\/\/skaitytaknyga.lt\/","logo":{"@type":"ImageObject","inLanguage":"en-GB","@id":"https:\/\/skaitytaknyga.lt\/#\/schema\/logo\/image\/","url":"https:\/\/skaitytaknyga.lt\/wp-content\/uploads\/2024\/05\/cropped-cropped-cropped-02_00843_jt3bggkj1j3HLc7SyY6rEUpg.jpeg","contentUrl":"https:\/\/skaitytaknyga.lt\/wp-content\/uploads\/2024\/05\/cropped-cropped-cropped-02_00843_jt3bggkj1j3HLc7SyY6rEUpg.jpeg","width":1600,"height":1600,"caption":"skaitytaknyga.lt"},"image":{"@id":"https:\/\/skaitytaknyga.lt\/#\/schema\/logo\/image\/"},"sameAs":["https:\/\/www.facebook.com\/skaitytaknyga\/"]}]}},"_links":{"self":[{"href":"https:\/\/skaitytaknyga.lt\/en\/wp-json\/wp\/v2\/product\/14231","targetHints":{"allow":["GET"]}}],"collection":[{"href":"https:\/\/skaitytaknyga.lt\/en\/wp-json\/wp\/v2\/product"}],"about":[{"href":"https:\/\/skaitytaknyga.lt\/en\/wp-json\/wp\/v2\/types\/product"}],"replies":[{"embeddable":true,"href":"https:\/\/skaitytaknyga.lt\/en\/wp-json\/wp\/v2\/comments?post=14231"}],"wp:featuredmedia":[{"embeddable":true,"href":"https:\/\/skaitytaknyga.lt\/en\/wp-json\/wp\/v2\/media\/14247"}],"wp:attachment":[{"href":"https:\/\/skaitytaknyga.lt\/en\/wp-json\/wp\/v2\/media?parent=14231"}],"wp:term":[{"taxonomy":"product_brand","embeddable":true,"href":"https:\/\/skaitytaknyga.lt\/en\/wp-json\/wp\/v2\/product_brand?post=14231"},{"taxonomy":"product_cat","embeddable":true,"href":"https:\/\/skaitytaknyga.lt\/en\/wp-json\/wp\/v2\/product_cat?post=14231"},{"taxonomy":"product_tag","embeddable":true,"href":"https:\/\/skaitytaknyga.lt\/en\/wp-json\/wp\/v2\/product_tag?post=14231"}],"curies":[{"name":"wp","href":"https:\/\/api.w.org\/{rel}","templated":true}]}}