{"id":14218,"date":"2024-10-15T10:49:43","date_gmt":"2024-10-15T07:49:43","guid":{"rendered":"https:\/\/skaitytaknyga.lt\/?post_type=product&#038;p=14218"},"modified":"2024-11-01T20:25:06","modified_gmt":"2024-11-01T18:25:06","slug":"kodel-vyrai-veda-kales-kaip-pavergti-ir-ilgam-uzvaldyti-vyro-sirdi","status":"publish","type":"product","link":"https:\/\/skaitytaknyga.lt\/en\/produktas\/kodel-vyrai-veda-kales-kaip-pavergti-ir-ilgam-uzvaldyti-vyro-sirdi\/","title":{"rendered":"Kod\u0117l vyrai veda kales. Kaip pavergti ir ilgam u\u017evaldyti vyro \u0161ird\u012f"},"content":{"rendered":"<p>\u0160alin vestuvi\u0173 kar\u0161tines su ro\u017ein\u0117mis pamergi\u0173 suknel\u0117mis, masyviu su\u017ead\u0117tuvi\u0173 \u017eiedu ir visa balt\u0105ja pompastika! \u0160alin moter\u0173 \u017eurnal\u0173 kuriam\u0105 butaforin\u012f pasaul\u012f, kuriame moteris visom i\u0161gal\u0117m turi pataikauti vyrui, b\u016bti jo tarnaite, sekso \u017eaisliuku ir galiausiai \u2013 atstumt\u0105ja!<\/p>\n<p>Knygoje \u201eKod\u0117l vyrai veda kales\u201c ne tik suteikia nauj\u0105 prasm\u0119 \u201ekal\u0117s\u201c s\u0105vokai (anot jos, tai \u2013 dr\u0105si, savimi pasitikinti moteris, kuri jokiu b\u016bdu nepataikaus vyrui, \u017e\u016btb\u016bt siekdama u\u017e jo i\u0161tek\u0117ti), bet ir lau\u017eo visuomen\u0117je \u012fsigal\u0117jusius moter\u0173 elgesio stereotipus-taisykles.<\/p>\n<p>Tik savimi pasitikinti, \u017einanti, ko nori, ma\u017eiausios nepagarbos savo at\u017evilgiu netoleruojanti, laisva moteris-asmenyb\u0117, kuriai pirmiausia r\u016bpi ji pati, jos asmenin\u0117 erdv\u0117 bei tobul\u0117jimas, gali pelnyti vyro meil\u0119 ir&#8230; pa\u017ead\u0105 b\u016bti kartu am\u017einai. Tokia moteris nesielgs pagal \u201evesk mane\u201c program\u0105!<\/p>\n<p>Knyga yra daugyb\u0117s pokalbi\u0173 su vyrais rezultatas. Autor\u0117 pateikia konkre\u010di\u0173 patarim\u0173, kaip elgtis vienoje ar kitoje situacijoje, i\u0161laikyti emocij\u0173 pultel\u012f savo rankose, nesileisti manipuliuojamai ir&#8230; i\u0161tek\u0117ti.<\/p>\n<ul class=\"about-product d-none d-xl-block mt-4\">\n<li><strong>Originalus pavadinimas:<\/strong>\u00a0Why Men Marry Bitches<\/li>\n<li><strong>Autorius:<\/strong>\u00a0Sherry Argov<\/li>\n<li><strong>Leid\u0117jas:<\/strong>\u00a0manoknyga.lt<\/li>\n<li><strong>Metai:<\/strong>\u00a02013<\/li>\n<li><strong>Puslapiai:<\/strong>\u00a0192<\/li>\n<li class=\"toggleable type-new-formats \"><strong>ISBN:<\/strong>\u00a09786099541600<\/li>\n<li><strong>Versijos kodas:<\/strong>\u00a028<\/li>\n<li class=\"toggleable type-new-formats \"><strong>Formatas:<\/strong>\u00a013,3 x 21,5 cm, mink\u0161ti vir\u0161eliai<\/li>\n<li><strong>Kalba:<\/strong>\u00a0Lietuvi\u0173<\/li>\n<li><strong>Vert\u0117jas:<\/strong>\u00a0Sigrida Rup\u0161yt\u0117, Lina Navickait\u0117<\/li>\n<\/ul>\n","protected":false},"excerpt":{"rendered":"<p>\u0160alin vestuvi\u0173 kar\u0161tines su ro\u017ein\u0117mis pamergi\u0173 suknel\u0117mis, masyviu su\u017ead\u0117tuvi\u0173 \u017eiedu ir visa balt\u0105ja pompastika! \u0160alin moter\u0173 \u017eurnal\u0173 kuriam\u0105 butaforin\u012f pasaul\u012f, kuriame moteris visom i\u0161gal\u0117m turi pataikauti vyrui, b\u016bti jo tarnaite, sekso \u017eaisliuku ir galiausiai \u2013 atstumt\u0105ja! Knygoje \u201eKod\u0117l vyrai veda kales\u201c ne tik suteikia nauj\u0105 prasm\u0119 \u201ekal\u0117s\u201c s\u0105vokai (anot jos, tai \u2013 dr\u0105si, savimi pasitikinti moteris, kuri jokiu b\u016bdu nepataikaus vyrui, \u017e\u016btb\u016bt siekdama u\u017e jo i\u0161tek\u0117ti), bet ir lau\u017eo visuomen\u0117je \u012fsigal\u0117jusius moter\u0173 elgesio stereotipus-taisykles. Tik savimi pasitikinti, \u017einanti, ko nori, ma\u017eiausios nepagarbos savo at\u017evilgiu netoleruojanti, laisva moteris-asmenyb\u0117, kuriai pirmiausia r\u016bpi ji pati, jos asmenin\u0117 erdv\u0117 bei tobul\u0117jimas, gali pelnyti vyro meil\u0119 ir&#8230; pa\u017ead\u0105 b\u016bti kartu am\u017einai. Tokia moteris nesielgs pagal \u201evesk mane\u201c program\u0105! Knyga yra daugyb\u0117s pokalbi\u0173 su vyrais rezultatas. Autor\u0117 pateikia konkre\u010di\u0173 patarim\u0173, kaip elgtis vienoje ar kitoje situacijoje, i\u0161laikyti emocij\u0173 pultel\u012f savo rankose, nesileisti manipuliuojamai ir&#8230; i\u0161tek\u0117ti. Originalus pavadinimas:\u00a0Why Men Marry Bitches Autorius:\u00a0Sherry Argov Leid\u0117jas:\u00a0manoknyga.lt Metai:\u00a02013 Puslapiai:\u00a0192 ISBN:\u00a09786099541600 Versijos kodas:\u00a028 Formatas:\u00a013,3 x 21,5 cm, mink\u0161ti vir\u0161eliai Kalba:\u00a0Lietuvi\u0173 Vert\u0117jas:\u00a0Sigrida Rup\u0161yt\u0117, Lina Navickait\u0117<\/p>\n","protected":false},"featured_media":14220,"comment_status":"open","ping_status":"closed","template":"","meta":{"_acf_changed":false,"site-sidebar-layout":"default","site-content-layout":"","ast-site-content-layout":"default","site-content-style":"default","site-sidebar-style":"default","ast-global-header-display":"","ast-banner-title-visibility":"","ast-main-header-display":"","ast-hfb-above-header-display":"","ast-hfb-below-header-display":"","ast-hfb-mobile-header-display":"","site-post-title":"","ast-breadcrumbs-content":"","ast-featured-img":"","footer-sml-layout":"","ast-disable-related-posts":"","theme-transparent-header-meta":"default","adv-header-id-meta":"","stick-header-meta":"","header-above-stick-meta":"","header-main-stick-meta":"","header-below-stick-meta":"","astra-migrate-meta-layouts":"set","ast-page-background-enabled":"default","ast-page-background-meta":{"desktop":{"background-color":"","background-image":"","background-repeat":"repeat","background-position":"center center","background-size":"auto","background-attachment":"scroll","background-type":"","background-media":"","overlay-type":"","overlay-color":"","overlay-opacity":"","overlay-gradient":""},"tablet":{"background-color":"","background-image":"","background-repeat":"repeat","background-position":"center center","background-size":"auto","background-attachment":"scroll","background-type":"","background-media":"","overlay-type":"","overlay-color":"","overlay-opacity":"","overlay-gradient":""},"mobile":{"background-color":"","background-image":"","background-repeat":"repeat","background-position":"center center","background-size":"auto","background-attachment":"scroll","background-type":"","background-media":"","overlay-type":"","overlay-color":"","overlay-opacity":"","overlay-gradient":""}},"ast-content-background-meta":{"desktop":{"background-color":"var(--ast-global-color-4)","background-image":"","background-repeat":"repeat","background-position":"center center","background-size":"auto","background-attachment":"scroll","background-type":"","background-media":"","overlay-type":"","overlay-color":"","overlay-opacity":"","overlay-gradient":""},"tablet":{"background-color":"var(--ast-global-color-4)","background-image":"","background-repeat":"repeat","background-position":"center center","background-size":"auto","background-attachment":"scroll","background-type":"","background-media":"","overlay-type":"","overlay-color":"","overlay-opacity":"","overlay-gradient":""},"mobile":{"background-color":"var(--ast-global-color-4)","background-image":"","background-repeat":"repeat","background-position":"center center","background-size":"auto","background-attachment":"scroll","background-type":"","background-media":"","overlay-type":"","overlay-color":"","overlay-opacity":"","overlay-gradient":""}}},"product_brand":[],"product_cat":[15,30],"product_tag":[],"class_list":{"0":"post-14218","1":"product","2":"type-product","3":"status-publish","4":"has-post-thumbnail","6":"product_cat-uncategorized","7":"product_cat-psichologija-ir-saviugda","8":"desktop-align-left","9":"tablet-align-left","10":"mobile-align-left","12":"first","13":"outofstock","14":"shipping-taxable","15":"purchasable","16":"product-type-simple"},"acf":[],"yoast_head":"<!-- This site is optimized with the Yoast SEO plugin v27.0 - https:\/\/yoast.com\/product\/yoast-seo-wordpress\/ -->\n<title>Kod\u0117l vyrai veda kales. Kaip pavergti ir ilgam u\u017evaldyti vyro \u0161ird\u012f<\/title>\n<meta name=\"description\" content=\"\u0160alin vestuvi\u0173 kar\u0161tines su ro\u017ein\u0117mis pamergi\u0173 suknel\u0117mis, masyviu su\u017ead\u0117tuvi\u0173 \u017eiedu ir visa balt\u0105ja pompastika! \u0160alin moter\u0173 \u017eurnal\u0173 kuriam\u0105 butaforin\u012f\" \/>\n<meta name=\"robots\" content=\"index, follow, max-snippet:-1, max-image-preview:large, max-video-preview:-1\" \/>\n<link rel=\"canonical\" href=\"https:\/\/skaitytaknyga.lt\/en\/produktas\/kodel-vyrai-veda-kales-kaip-pavergti-ir-ilgam-uzvaldyti-vyro-sirdi\/\" \/>\n<meta property=\"og:locale\" content=\"en_GB\" \/>\n<meta property=\"og:locale:alternate\" content=\"lt_LT\" \/>\n<meta property=\"og:type\" content=\"article\" \/>\n<meta property=\"og:title\" content=\"Kod\u0117l vyrai veda kales. Kaip pavergti ir ilgam u\u017evaldyti vyro \u0161ird\u012f\" \/>\n<meta property=\"og:description\" content=\"\u0160alin vestuvi\u0173 kar\u0161tines su ro\u017ein\u0117mis pamergi\u0173 suknel\u0117mis, masyviu su\u017ead\u0117tuvi\u0173 \u017eiedu ir visa balt\u0105ja pompastika! \u0160alin moter\u0173 \u017eurnal\u0173 kuriam\u0105 butaforin\u012f\" \/>\n<meta property=\"og:url\" content=\"https:\/\/skaitytaknyga.lt\/en\/produktas\/kodel-vyrai-veda-kales-kaip-pavergti-ir-ilgam-uzvaldyti-vyro-sirdi\/\" \/>\n<meta property=\"og:site_name\" content=\"Skaitytaknyga\" \/>\n<meta property=\"article:publisher\" content=\"https:\/\/www.facebook.com\/skaitytaknyga\/\" \/>\n<meta property=\"article:modified_time\" content=\"2024-11-01T18:25:06+00:00\" \/>\n<meta property=\"og:image\" content=\"https:\/\/skaitytaknyga.lt\/wp-content\/uploads\/2024\/10\/Kodel-vyrai-veda-kales.-Kaip-pavergti-ir-ilgam-uzvaldyti-vyro-sirdi.webp\" \/>\n\t<meta property=\"og:image:width\" content=\"492\" \/>\n\t<meta property=\"og:image:height\" content=\"800\" \/>\n\t<meta property=\"og:image:type\" content=\"image\/webp\" \/>\n<meta name=\"twitter:card\" content=\"summary_large_image\" \/>\n<meta name=\"twitter:label1\" content=\"Estimated reading time\" \/>\n\t<meta name=\"twitter:data1\" content=\"2 minutes\" \/>\n<script type=\"application\/ld+json\" class=\"yoast-schema-graph\">{\"@context\":\"https:\/\/schema.org\",\"@graph\":[{\"@type\":\"WebPage\",\"@id\":\"https:\/\/skaitytaknyga.lt\/produktas\/kodel-vyrai-veda-kales-kaip-pavergti-ir-ilgam-uzvaldyti-vyro-sirdi\/\",\"url\":\"https:\/\/skaitytaknyga.lt\/produktas\/kodel-vyrai-veda-kales-kaip-pavergti-ir-ilgam-uzvaldyti-vyro-sirdi\/\",\"name\":\"Kod\u0117l vyrai veda kales. Kaip pavergti ir ilgam u\u017evaldyti vyro \u0161ird\u012f\",\"isPartOf\":{\"@id\":\"https:\/\/skaitytaknyga.lt\/#website\"},\"primaryImageOfPage\":{\"@id\":\"https:\/\/skaitytaknyga.lt\/produktas\/kodel-vyrai-veda-kales-kaip-pavergti-ir-ilgam-uzvaldyti-vyro-sirdi\/#primaryimage\"},\"image\":{\"@id\":\"https:\/\/skaitytaknyga.lt\/produktas\/kodel-vyrai-veda-kales-kaip-pavergti-ir-ilgam-uzvaldyti-vyro-sirdi\/#primaryimage\"},\"thumbnailUrl\":\"https:\/\/skaitytaknyga.lt\/wp-content\/uploads\/2024\/10\/Kodel-vyrai-veda-kales.-Kaip-pavergti-ir-ilgam-uzvaldyti-vyro-sirdi.webp\",\"datePublished\":\"2024-10-15T07:49:43+00:00\",\"dateModified\":\"2024-11-01T18:25:06+00:00\",\"description\":\"\u0160alin vestuvi\u0173 kar\u0161tines su ro\u017ein\u0117mis pamergi\u0173 suknel\u0117mis, masyviu su\u017ead\u0117tuvi\u0173 \u017eiedu ir visa balt\u0105ja pompastika! \u0160alin moter\u0173 \u017eurnal\u0173 kuriam\u0105 butaforin\u012f\",\"breadcrumb\":{\"@id\":\"https:\/\/skaitytaknyga.lt\/produktas\/kodel-vyrai-veda-kales-kaip-pavergti-ir-ilgam-uzvaldyti-vyro-sirdi\/#breadcrumb\"},\"inLanguage\":\"en-GB\",\"potentialAction\":[{\"@type\":\"ReadAction\",\"target\":[\"https:\/\/skaitytaknyga.lt\/produktas\/kodel-vyrai-veda-kales-kaip-pavergti-ir-ilgam-uzvaldyti-vyro-sirdi\/\"]}]},{\"@type\":\"ImageObject\",\"inLanguage\":\"en-GB\",\"@id\":\"https:\/\/skaitytaknyga.lt\/produktas\/kodel-vyrai-veda-kales-kaip-pavergti-ir-ilgam-uzvaldyti-vyro-sirdi\/#primaryimage\",\"url\":\"https:\/\/skaitytaknyga.lt\/wp-content\/uploads\/2024\/10\/Kodel-vyrai-veda-kales.-Kaip-pavergti-ir-ilgam-uzvaldyti-vyro-sirdi.webp\",\"contentUrl\":\"https:\/\/skaitytaknyga.lt\/wp-content\/uploads\/2024\/10\/Kodel-vyrai-veda-kales.-Kaip-pavergti-ir-ilgam-uzvaldyti-vyro-sirdi.webp\",\"width\":492,\"height\":800,\"caption\":\"Kod\u0117l vyrai veda kales. Kaip pavergti ir ilgam u\u017evaldyti vyro \u0161ird\u012f\"},{\"@type\":\"BreadcrumbList\",\"@id\":\"https:\/\/skaitytaknyga.lt\/produktas\/kodel-vyrai-veda-kales-kaip-pavergti-ir-ilgam-uzvaldyti-vyro-sirdi\/#breadcrumb\",\"itemListElement\":[{\"@type\":\"ListItem\",\"position\":1,\"name\":\"Home\",\"item\":\"https:\/\/skaitytaknyga.lt\/\"},{\"@type\":\"ListItem\",\"position\":2,\"name\":\"Parduotuv\u0117\",\"item\":\"https:\/\/skaitytaknyga.lt\/knygu-parduotuve\/\"},{\"@type\":\"ListItem\",\"position\":3,\"name\":\"Kod\u0117l vyrai veda kales. Kaip pavergti ir ilgam u\u017evaldyti vyro \u0161ird\u012f\"}]},{\"@type\":\"WebSite\",\"@id\":\"https:\/\/skaitytaknyga.lt\/#website\",\"url\":\"https:\/\/skaitytaknyga.lt\/\",\"name\":\"skaitytaknyga.lt\",\"description\":\"Skaitytaknyga.lt \u2013 tai ma\u017eas \u0161eimos verslas, kuris prasid\u0117jo nuo meil\u0117s knygoms ir siekio i\u0161gelb\u0117ti knygas nuo likimo prie konteinerio. Kas vienam nereikalingas daiktas \u2013 kitam lobis, o mes esame tarpininkai, kurie padeda abiems tapti laimingesniems ???? \u017dinome kaip nelengva i\u0161gyventi ma\u017eiems verslams, tad nuo \u0161iol, \u010dia rasite ir kit\u0173, ma\u017e\u0173 \u0161eim\u0173 versl\u0173, rank\u0173 darbo, dovan\u0173 sau ir artimiesiems.\",\"publisher\":{\"@id\":\"https:\/\/skaitytaknyga.lt\/#organization\"},\"potentialAction\":[{\"@type\":\"SearchAction\",\"target\":{\"@type\":\"EntryPoint\",\"urlTemplate\":\"https:\/\/skaitytaknyga.lt\/?s={search_term_string}\"},\"query-input\":{\"@type\":\"PropertyValueSpecification\",\"valueRequired\":true,\"valueName\":\"search_term_string\"}}],\"inLanguage\":\"en-GB\"},{\"@type\":\"Organization\",\"@id\":\"https:\/\/skaitytaknyga.lt\/#organization\",\"name\":\"skaitytaknyga.lt\",\"url\":\"https:\/\/skaitytaknyga.lt\/\",\"logo\":{\"@type\":\"ImageObject\",\"inLanguage\":\"en-GB\",\"@id\":\"https:\/\/skaitytaknyga.lt\/#\/schema\/logo\/image\/\",\"url\":\"https:\/\/skaitytaknyga.lt\/wp-content\/uploads\/2024\/05\/cropped-cropped-cropped-02_00843_jt3bggkj1j3HLc7SyY6rEUpg.jpeg\",\"contentUrl\":\"https:\/\/skaitytaknyga.lt\/wp-content\/uploads\/2024\/05\/cropped-cropped-cropped-02_00843_jt3bggkj1j3HLc7SyY6rEUpg.jpeg\",\"width\":1600,\"height\":1600,\"caption\":\"skaitytaknyga.lt\"},\"image\":{\"@id\":\"https:\/\/skaitytaknyga.lt\/#\/schema\/logo\/image\/\"},\"sameAs\":[\"https:\/\/www.facebook.com\/skaitytaknyga\/\"]}]}<\/script>\n<!-- \/ Yoast SEO plugin. -->","yoast_head_json":{"title":"Kod\u0117l vyrai veda kales. Kaip pavergti ir ilgam u\u017evaldyti vyro \u0161ird\u012f","description":"\u0160alin vestuvi\u0173 kar\u0161tines su ro\u017ein\u0117mis pamergi\u0173 suknel\u0117mis, masyviu su\u017ead\u0117tuvi\u0173 \u017eiedu ir visa balt\u0105ja pompastika! \u0160alin moter\u0173 \u017eurnal\u0173 kuriam\u0105 butaforin\u012f","robots":{"index":"index","follow":"follow","max-snippet":"max-snippet:-1","max-image-preview":"max-image-preview:large","max-video-preview":"max-video-preview:-1"},"canonical":"https:\/\/skaitytaknyga.lt\/en\/produktas\/kodel-vyrai-veda-kales-kaip-pavergti-ir-ilgam-uzvaldyti-vyro-sirdi\/","og_locale":"en_GB","og_type":"article","og_title":"[:lt]Kod\u0117l vyrai veda kales. Kaip pavergti ir ilgam u\u017evaldyti vyro \u0161ird\u012f[:] - Skaitytaknyga","og_description":"\u0160alin vestuvi\u0173 kar\u0161tines su ro\u017ein\u0117mis pamergi\u0173 suknel\u0117mis, masyviu su\u017ead\u0117tuvi\u0173 \u017eiedu ir visa balt\u0105ja pompastika! \u0160alin moter\u0173 \u017eurnal\u0173 kuriam\u0105 butaforin\u012f","og_url":"https:\/\/skaitytaknyga.lt\/en\/produktas\/kodel-vyrai-veda-kales-kaip-pavergti-ir-ilgam-uzvaldyti-vyro-sirdi\/","og_site_name":"Skaitytaknyga","article_publisher":"https:\/\/www.facebook.com\/skaitytaknyga\/","article_modified_time":"2024-11-01T18:25:06+00:00","og_image":[{"width":492,"height":800,"url":"https:\/\/skaitytaknyga.lt\/wp-content\/uploads\/2024\/10\/Kodel-vyrai-veda-kales.-Kaip-pavergti-ir-ilgam-uzvaldyti-vyro-sirdi.webp","type":"image\/webp"}],"twitter_card":"summary_large_image","twitter_misc":{"Estimated reading time":"2 minutes"},"schema":{"@context":"https:\/\/schema.org","@graph":[{"@type":"WebPage","@id":"https:\/\/skaitytaknyga.lt\/produktas\/kodel-vyrai-veda-kales-kaip-pavergti-ir-ilgam-uzvaldyti-vyro-sirdi\/","url":"https:\/\/skaitytaknyga.lt\/produktas\/kodel-vyrai-veda-kales-kaip-pavergti-ir-ilgam-uzvaldyti-vyro-sirdi\/","name":"Kod\u0117l vyrai veda kales. Kaip pavergti ir ilgam u\u017evaldyti vyro \u0161ird\u012f","isPartOf":{"@id":"https:\/\/skaitytaknyga.lt\/#website"},"primaryImageOfPage":{"@id":"https:\/\/skaitytaknyga.lt\/produktas\/kodel-vyrai-veda-kales-kaip-pavergti-ir-ilgam-uzvaldyti-vyro-sirdi\/#primaryimage"},"image":{"@id":"https:\/\/skaitytaknyga.lt\/produktas\/kodel-vyrai-veda-kales-kaip-pavergti-ir-ilgam-uzvaldyti-vyro-sirdi\/#primaryimage"},"thumbnailUrl":"https:\/\/skaitytaknyga.lt\/wp-content\/uploads\/2024\/10\/Kodel-vyrai-veda-kales.-Kaip-pavergti-ir-ilgam-uzvaldyti-vyro-sirdi.webp","datePublished":"2024-10-15T07:49:43+00:00","dateModified":"2024-11-01T18:25:06+00:00","description":"\u0160alin vestuvi\u0173 kar\u0161tines su ro\u017ein\u0117mis pamergi\u0173 suknel\u0117mis, masyviu su\u017ead\u0117tuvi\u0173 \u017eiedu ir visa balt\u0105ja pompastika! \u0160alin moter\u0173 \u017eurnal\u0173 kuriam\u0105 butaforin\u012f","breadcrumb":{"@id":"https:\/\/skaitytaknyga.lt\/produktas\/kodel-vyrai-veda-kales-kaip-pavergti-ir-ilgam-uzvaldyti-vyro-sirdi\/#breadcrumb"},"inLanguage":"en-GB","potentialAction":[{"@type":"ReadAction","target":["https:\/\/skaitytaknyga.lt\/produktas\/kodel-vyrai-veda-kales-kaip-pavergti-ir-ilgam-uzvaldyti-vyro-sirdi\/"]}]},{"@type":"ImageObject","inLanguage":"en-GB","@id":"https:\/\/skaitytaknyga.lt\/produktas\/kodel-vyrai-veda-kales-kaip-pavergti-ir-ilgam-uzvaldyti-vyro-sirdi\/#primaryimage","url":"https:\/\/skaitytaknyga.lt\/wp-content\/uploads\/2024\/10\/Kodel-vyrai-veda-kales.-Kaip-pavergti-ir-ilgam-uzvaldyti-vyro-sirdi.webp","contentUrl":"https:\/\/skaitytaknyga.lt\/wp-content\/uploads\/2024\/10\/Kodel-vyrai-veda-kales.-Kaip-pavergti-ir-ilgam-uzvaldyti-vyro-sirdi.webp","width":492,"height":800,"caption":"Kod\u0117l vyrai veda kales. Kaip pavergti ir ilgam u\u017evaldyti vyro \u0161ird\u012f"},{"@type":"BreadcrumbList","@id":"https:\/\/skaitytaknyga.lt\/produktas\/kodel-vyrai-veda-kales-kaip-pavergti-ir-ilgam-uzvaldyti-vyro-sirdi\/#breadcrumb","itemListElement":[{"@type":"ListItem","position":1,"name":"Home","item":"https:\/\/skaitytaknyga.lt\/"},{"@type":"ListItem","position":2,"name":"Parduotuv\u0117","item":"https:\/\/skaitytaknyga.lt\/knygu-parduotuve\/"},{"@type":"ListItem","position":3,"name":"Kod\u0117l vyrai veda kales. Kaip pavergti ir ilgam u\u017evaldyti vyro \u0161ird\u012f"}]},{"@type":"WebSite","@id":"https:\/\/skaitytaknyga.lt\/#website","url":"https:\/\/skaitytaknyga.lt\/","name":"skaitytaknyga.lt","description":"Skaitytaknyga.lt \u2013 tai ma\u017eas \u0161eimos verslas, kuris prasid\u0117jo nuo meil\u0117s knygoms ir siekio i\u0161gelb\u0117ti knygas nuo likimo prie konteinerio. Kas vienam nereikalingas daiktas \u2013 kitam lobis, o mes esame tarpininkai, kurie padeda abiems tapti laimingesniems ???? \u017dinome kaip nelengva i\u0161gyventi ma\u017eiems verslams, tad nuo \u0161iol, \u010dia rasite ir kit\u0173, ma\u017e\u0173 \u0161eim\u0173 versl\u0173, rank\u0173 darbo, dovan\u0173 sau ir artimiesiems.","publisher":{"@id":"https:\/\/skaitytaknyga.lt\/#organization"},"potentialAction":[{"@type":"SearchAction","target":{"@type":"EntryPoint","urlTemplate":"https:\/\/skaitytaknyga.lt\/?s={search_term_string}"},"query-input":{"@type":"PropertyValueSpecification","valueRequired":true,"valueName":"search_term_string"}}],"inLanguage":"en-GB"},{"@type":"Organization","@id":"https:\/\/skaitytaknyga.lt\/#organization","name":"skaitytaknyga.lt","url":"https:\/\/skaitytaknyga.lt\/","logo":{"@type":"ImageObject","inLanguage":"en-GB","@id":"https:\/\/skaitytaknyga.lt\/#\/schema\/logo\/image\/","url":"https:\/\/skaitytaknyga.lt\/wp-content\/uploads\/2024\/05\/cropped-cropped-cropped-02_00843_jt3bggkj1j3HLc7SyY6rEUpg.jpeg","contentUrl":"https:\/\/skaitytaknyga.lt\/wp-content\/uploads\/2024\/05\/cropped-cropped-cropped-02_00843_jt3bggkj1j3HLc7SyY6rEUpg.jpeg","width":1600,"height":1600,"caption":"skaitytaknyga.lt"},"image":{"@id":"https:\/\/skaitytaknyga.lt\/#\/schema\/logo\/image\/"},"sameAs":["https:\/\/www.facebook.com\/skaitytaknyga\/"]}]}},"_links":{"self":[{"href":"https:\/\/skaitytaknyga.lt\/en\/wp-json\/wp\/v2\/product\/14218","targetHints":{"allow":["GET"]}}],"collection":[{"href":"https:\/\/skaitytaknyga.lt\/en\/wp-json\/wp\/v2\/product"}],"about":[{"href":"https:\/\/skaitytaknyga.lt\/en\/wp-json\/wp\/v2\/types\/product"}],"replies":[{"embeddable":true,"href":"https:\/\/skaitytaknyga.lt\/en\/wp-json\/wp\/v2\/comments?post=14218"}],"wp:featuredmedia":[{"embeddable":true,"href":"https:\/\/skaitytaknyga.lt\/en\/wp-json\/wp\/v2\/media\/14220"}],"wp:attachment":[{"href":"https:\/\/skaitytaknyga.lt\/en\/wp-json\/wp\/v2\/media?parent=14218"}],"wp:term":[{"taxonomy":"product_brand","embeddable":true,"href":"https:\/\/skaitytaknyga.lt\/en\/wp-json\/wp\/v2\/product_brand?post=14218"},{"taxonomy":"product_cat","embeddable":true,"href":"https:\/\/skaitytaknyga.lt\/en\/wp-json\/wp\/v2\/product_cat?post=14218"},{"taxonomy":"product_tag","embeddable":true,"href":"https:\/\/skaitytaknyga.lt\/en\/wp-json\/wp\/v2\/product_tag?post=14218"}],"curies":[{"name":"wp","href":"https:\/\/api.w.org\/{rel}","templated":true}]}}