{"id":14217,"date":"2024-10-15T10:49:43","date_gmt":"2024-10-15T07:49:43","guid":{"rendered":"https:\/\/skaitytaknyga.lt\/?post_type=product&#038;p=14217"},"modified":"2024-10-15T13:31:38","modified_gmt":"2024-10-15T10:31:38","slug":"verslo-sinergiju-efektas","status":"publish","type":"product","link":"https:\/\/skaitytaknyga.lt\/en\/produktas\/verslo-sinergiju-efektas\/","title":{"rendered":"Verslo sinergij\u0173 efektas"},"content":{"rendered":"<p>\u0160i knyga yra i\u0161samus vadovas verslo augimui, pasitelkiant ry\u0161i\u0173 stiprinim\u0105 ir efektyv\u0173 tinklaveikos princip\u0173 taikym\u0105. Autoriai dalijasi patarimais ir strategijomis, kaip tapti efektyvesniu jungtiniu (connector), kuris yra pagrindinis asmuo, padedantis kurti vertingus ry\u0161ius tarp \u017emoni\u0173 savo profesin\u0117je ir asmenin\u0117je aplinkoje.<\/p>\n<p>Knygoje pabr\u0117\u017eiama, kad s\u0117kmingas verslas priklauso ne tik nuo to, k\u0105 \u017einai, bet ir nuo to, su kuo esi susipa\u017ein\u0119s. Misner ir jo bendraautoriai pateikia praktinius patarimus, kaip efektyviai naudotis savo kontakt\u0173 baze, pl\u0117sti tinkl\u0105 ir palaikyti ry\u0161ius, kad b\u016bt\u0173 galima skatinti verslo augim\u0105. Taip pat akcentuojama, jog svarbu ne tik kurti naujus kontaktus, bet ir palaikyti bei gilinti esamus ry\u0161ius. Knygoje i\u0161d\u0117stytos strategijos apima \u012fvairius aspektus, nuo tinkamo po\u017ei\u016brio \u012f tinklaveik\u0105 iki konkre\u010di\u0173 taktik\u0173, kaip efektyviai bendrauti ir pristatyti save bei savo versl\u0105 potencialiems partneriams ar klientams.<\/p>\n","protected":false},"excerpt":{"rendered":"<p>\u0160i knyga yra i\u0161samus vadovas verslo augimui, pasitelkiant ry\u0161i\u0173 stiprinim\u0105 ir efektyv\u0173 tinklaveikos princip\u0173 taikym\u0105. Autoriai dalijasi patarimais ir strategijomis, kaip tapti efektyvesniu jungtiniu (connector), kuris yra pagrindinis asmuo, padedantis kurti vertingus ry\u0161ius tarp \u017emoni\u0173 savo profesin\u0117je ir asmenin\u0117je aplinkoje. Knygoje pabr\u0117\u017eiama, kad s\u0117kmingas verslas priklauso ne tik nuo to, k\u0105 \u017einai, bet ir nuo to, su kuo esi susipa\u017ein\u0119s. Misner ir jo bendraautoriai pateikia praktinius patarimus, kaip efektyviai naudotis savo kontakt\u0173 baze, pl\u0117sti tinkl\u0105 ir palaikyti ry\u0161ius, kad b\u016bt\u0173 galima skatinti verslo augim\u0105. Taip pat akcentuojama, jog svarbu ne tik kurti naujus kontaktus, bet ir palaikyti bei gilinti esamus ry\u0161ius. Knygoje i\u0161d\u0117stytos strategijos apima \u012fvairius aspektus, nuo tinkamo po\u017ei\u016brio \u012f tinklaveik\u0105 iki konkre\u010di\u0173 taktik\u0173, kaip efektyviai bendrauti ir pristatyti save bei savo versl\u0105 potencialiems partneriams ar klientams.<\/p>\n","protected":false},"featured_media":14221,"comment_status":"open","ping_status":"closed","template":"","meta":{"_acf_changed":false,"site-sidebar-layout":"default","site-content-layout":"","ast-site-content-layout":"default","site-content-style":"default","site-sidebar-style":"default","ast-global-header-display":"","ast-banner-title-visibility":"","ast-main-header-display":"","ast-hfb-above-header-display":"","ast-hfb-below-header-display":"","ast-hfb-mobile-header-display":"","site-post-title":"","ast-breadcrumbs-content":"","ast-featured-img":"","footer-sml-layout":"","ast-disable-related-posts":"","theme-transparent-header-meta":"default","adv-header-id-meta":"","stick-header-meta":"","header-above-stick-meta":"","header-main-stick-meta":"","header-below-stick-meta":"","astra-migrate-meta-layouts":"set","ast-page-background-enabled":"default","ast-page-background-meta":{"desktop":{"background-color":"","background-image":"","background-repeat":"repeat","background-position":"center center","background-size":"auto","background-attachment":"scroll","background-type":"","background-media":"","overlay-type":"","overlay-color":"","overlay-opacity":"","overlay-gradient":""},"tablet":{"background-color":"","background-image":"","background-repeat":"repeat","background-position":"center center","background-size":"auto","background-attachment":"scroll","background-type":"","background-media":"","overlay-type":"","overlay-color":"","overlay-opacity":"","overlay-gradient":""},"mobile":{"background-color":"","background-image":"","background-repeat":"repeat","background-position":"center center","background-size":"auto","background-attachment":"scroll","background-type":"","background-media":"","overlay-type":"","overlay-color":"","overlay-opacity":"","overlay-gradient":""}},"ast-content-background-meta":{"desktop":{"background-color":"var(--ast-global-color-4)","background-image":"","background-repeat":"repeat","background-position":"center center","background-size":"auto","background-attachment":"scroll","background-type":"","background-media":"","overlay-type":"","overlay-color":"","overlay-opacity":"","overlay-gradient":""},"tablet":{"background-color":"var(--ast-global-color-4)","background-image":"","background-repeat":"repeat","background-position":"center center","background-size":"auto","background-attachment":"scroll","background-type":"","background-media":"","overlay-type":"","overlay-color":"","overlay-opacity":"","overlay-gradient":""},"mobile":{"background-color":"var(--ast-global-color-4)","background-image":"","background-repeat":"repeat","background-position":"center center","background-size":"auto","background-attachment":"scroll","background-type":"","background-media":"","overlay-type":"","overlay-color":"","overlay-opacity":"","overlay-gradient":""}}},"product_brand":[],"product_cat":[15,26],"product_tag":[],"class_list":{"0":"post-14217","1":"product","2":"type-product","3":"status-publish","4":"has-post-thumbnail","6":"product_cat-uncategorized","7":"product_cat-verslas-vadyba-ir-finansai","8":"desktop-align-left","9":"tablet-align-left","10":"mobile-align-left","12":"first","13":"instock","14":"shipping-taxable","15":"purchasable","16":"product-type-simple"},"acf":[],"yoast_head":"<!-- This site is optimized with the Yoast SEO plugin v27.0 - https:\/\/yoast.com\/product\/yoast-seo-wordpress\/ -->\n<title>Verslo sinergij\u0173 efektas<\/title>\n<meta name=\"description\" content=\"\u0160i knyga yra i\u0161samus vadovas verslo augimui, pasitelkiant ry\u0161i\u0173 stiprinim\u0105 ir efektyv\u0173 tinklaveikos princip\u0173 taikym\u0105. Autoriai dalijasi patarimais ir\" \/>\n<meta name=\"robots\" content=\"index, follow, max-snippet:-1, max-image-preview:large, max-video-preview:-1\" \/>\n<link rel=\"canonical\" href=\"https:\/\/skaitytaknyga.lt\/en\/produktas\/verslo-sinergiju-efektas\/\" \/>\n<meta property=\"og:locale\" content=\"en_GB\" \/>\n<meta property=\"og:locale:alternate\" content=\"lt_LT\" \/>\n<meta property=\"og:type\" content=\"article\" \/>\n<meta property=\"og:title\" content=\"Verslo sinergij\u0173 efektas\" \/>\n<meta property=\"og:description\" content=\"\u0160i knyga yra i\u0161samus vadovas verslo augimui, pasitelkiant ry\u0161i\u0173 stiprinim\u0105 ir efektyv\u0173 tinklaveikos princip\u0173 taikym\u0105. Autoriai dalijasi patarimais ir\" \/>\n<meta property=\"og:url\" content=\"https:\/\/skaitytaknyga.lt\/en\/produktas\/verslo-sinergiju-efektas\/\" \/>\n<meta property=\"og:site_name\" content=\"Skaitytaknyga\" \/>\n<meta property=\"article:publisher\" content=\"https:\/\/www.facebook.com\/skaitytaknyga\/\" \/>\n<meta property=\"article:modified_time\" content=\"2024-10-15T10:31:38+00:00\" \/>\n<meta property=\"og:image\" content=\"https:\/\/skaitytaknyga.lt\/wp-content\/uploads\/2024\/10\/Verslo-sinergiju-efektas.jpg\" \/>\n\t<meta property=\"og:image:width\" content=\"652\" \/>\n\t<meta property=\"og:image:height\" content=\"981\" \/>\n\t<meta property=\"og:image:type\" content=\"image\/jpeg\" \/>\n<meta name=\"twitter:card\" content=\"summary_large_image\" \/>\n<meta name=\"twitter:label1\" content=\"Estimated reading time\" \/>\n\t<meta name=\"twitter:data1\" content=\"1 minute\" \/>\n<script type=\"application\/ld+json\" class=\"yoast-schema-graph\">{\"@context\":\"https:\/\/schema.org\",\"@graph\":[{\"@type\":\"WebPage\",\"@id\":\"https:\/\/skaitytaknyga.lt\/produktas\/verslo-sinergiju-efektas\/\",\"url\":\"https:\/\/skaitytaknyga.lt\/produktas\/verslo-sinergiju-efektas\/\",\"name\":\"Verslo sinergij\u0173 efektas\",\"isPartOf\":{\"@id\":\"https:\/\/skaitytaknyga.lt\/#website\"},\"primaryImageOfPage\":{\"@id\":\"https:\/\/skaitytaknyga.lt\/produktas\/verslo-sinergiju-efektas\/#primaryimage\"},\"image\":{\"@id\":\"https:\/\/skaitytaknyga.lt\/produktas\/verslo-sinergiju-efektas\/#primaryimage\"},\"thumbnailUrl\":\"https:\/\/skaitytaknyga.lt\/wp-content\/uploads\/2024\/10\/Verslo-sinergiju-efektas.jpg\",\"datePublished\":\"2024-10-15T07:49:43+00:00\",\"dateModified\":\"2024-10-15T10:31:38+00:00\",\"description\":\"\u0160i knyga yra i\u0161samus vadovas verslo augimui, pasitelkiant ry\u0161i\u0173 stiprinim\u0105 ir efektyv\u0173 tinklaveikos princip\u0173 taikym\u0105. Autoriai dalijasi patarimais ir\",\"breadcrumb\":{\"@id\":\"https:\/\/skaitytaknyga.lt\/produktas\/verslo-sinergiju-efektas\/#breadcrumb\"},\"inLanguage\":\"en-GB\",\"potentialAction\":[{\"@type\":\"ReadAction\",\"target\":[\"https:\/\/skaitytaknyga.lt\/produktas\/verslo-sinergiju-efektas\/\"]}]},{\"@type\":\"ImageObject\",\"inLanguage\":\"en-GB\",\"@id\":\"https:\/\/skaitytaknyga.lt\/produktas\/verslo-sinergiju-efektas\/#primaryimage\",\"url\":\"https:\/\/skaitytaknyga.lt\/wp-content\/uploads\/2024\/10\/Verslo-sinergiju-efektas.jpg\",\"contentUrl\":\"https:\/\/skaitytaknyga.lt\/wp-content\/uploads\/2024\/10\/Verslo-sinergiju-efektas.jpg\",\"width\":652,\"height\":981,\"caption\":\"Verslo sinergij\u0173 efektas\"},{\"@type\":\"BreadcrumbList\",\"@id\":\"https:\/\/skaitytaknyga.lt\/produktas\/verslo-sinergiju-efektas\/#breadcrumb\",\"itemListElement\":[{\"@type\":\"ListItem\",\"position\":1,\"name\":\"Home\",\"item\":\"https:\/\/skaitytaknyga.lt\/\"},{\"@type\":\"ListItem\",\"position\":2,\"name\":\"Parduotuv\u0117\",\"item\":\"https:\/\/skaitytaknyga.lt\/knygu-parduotuve\/\"},{\"@type\":\"ListItem\",\"position\":3,\"name\":\"Verslo sinergij\u0173 efektas\"}]},{\"@type\":\"WebSite\",\"@id\":\"https:\/\/skaitytaknyga.lt\/#website\",\"url\":\"https:\/\/skaitytaknyga.lt\/\",\"name\":\"skaitytaknyga.lt\",\"description\":\"Skaitytaknyga.lt \u2013 tai ma\u017eas \u0161eimos verslas, kuris prasid\u0117jo nuo meil\u0117s knygoms ir siekio i\u0161gelb\u0117ti knygas nuo likimo prie konteinerio. Kas vienam nereikalingas daiktas \u2013 kitam lobis, o mes esame tarpininkai, kurie padeda abiems tapti laimingesniems ???? \u017dinome kaip nelengva i\u0161gyventi ma\u017eiems verslams, tad nuo \u0161iol, \u010dia rasite ir kit\u0173, ma\u017e\u0173 \u0161eim\u0173 versl\u0173, rank\u0173 darbo, dovan\u0173 sau ir artimiesiems.\",\"publisher\":{\"@id\":\"https:\/\/skaitytaknyga.lt\/#organization\"},\"potentialAction\":[{\"@type\":\"SearchAction\",\"target\":{\"@type\":\"EntryPoint\",\"urlTemplate\":\"https:\/\/skaitytaknyga.lt\/?s={search_term_string}\"},\"query-input\":{\"@type\":\"PropertyValueSpecification\",\"valueRequired\":true,\"valueName\":\"search_term_string\"}}],\"inLanguage\":\"en-GB\"},{\"@type\":\"Organization\",\"@id\":\"https:\/\/skaitytaknyga.lt\/#organization\",\"name\":\"skaitytaknyga.lt\",\"url\":\"https:\/\/skaitytaknyga.lt\/\",\"logo\":{\"@type\":\"ImageObject\",\"inLanguage\":\"en-GB\",\"@id\":\"https:\/\/skaitytaknyga.lt\/#\/schema\/logo\/image\/\",\"url\":\"https:\/\/skaitytaknyga.lt\/wp-content\/uploads\/2024\/05\/cropped-cropped-cropped-02_00843_jt3bggkj1j3HLc7SyY6rEUpg.jpeg\",\"contentUrl\":\"https:\/\/skaitytaknyga.lt\/wp-content\/uploads\/2024\/05\/cropped-cropped-cropped-02_00843_jt3bggkj1j3HLc7SyY6rEUpg.jpeg\",\"width\":1600,\"height\":1600,\"caption\":\"skaitytaknyga.lt\"},\"image\":{\"@id\":\"https:\/\/skaitytaknyga.lt\/#\/schema\/logo\/image\/\"},\"sameAs\":[\"https:\/\/www.facebook.com\/skaitytaknyga\/\"]}]}<\/script>\n<!-- \/ Yoast SEO plugin. -->","yoast_head_json":{"title":"Verslo sinergij\u0173 efektas","description":"\u0160i knyga yra i\u0161samus vadovas verslo augimui, pasitelkiant ry\u0161i\u0173 stiprinim\u0105 ir efektyv\u0173 tinklaveikos princip\u0173 taikym\u0105. Autoriai dalijasi patarimais ir","robots":{"index":"index","follow":"follow","max-snippet":"max-snippet:-1","max-image-preview":"max-image-preview:large","max-video-preview":"max-video-preview:-1"},"canonical":"https:\/\/skaitytaknyga.lt\/en\/produktas\/verslo-sinergiju-efektas\/","og_locale":"en_GB","og_type":"article","og_title":"[:lt]Verslo sinergij\u0173 efektas[:] - Skaitytaknyga","og_description":"\u0160i knyga yra i\u0161samus vadovas verslo augimui, pasitelkiant ry\u0161i\u0173 stiprinim\u0105 ir efektyv\u0173 tinklaveikos princip\u0173 taikym\u0105. Autoriai dalijasi patarimais ir","og_url":"https:\/\/skaitytaknyga.lt\/en\/produktas\/verslo-sinergiju-efektas\/","og_site_name":"Skaitytaknyga","article_publisher":"https:\/\/www.facebook.com\/skaitytaknyga\/","article_modified_time":"2024-10-15T10:31:38+00:00","og_image":[{"width":652,"height":981,"url":"https:\/\/skaitytaknyga.lt\/wp-content\/uploads\/2024\/10\/Verslo-sinergiju-efektas.jpg","type":"image\/jpeg"}],"twitter_card":"summary_large_image","twitter_misc":{"Estimated reading time":"1 minute"},"schema":{"@context":"https:\/\/schema.org","@graph":[{"@type":"WebPage","@id":"https:\/\/skaitytaknyga.lt\/produktas\/verslo-sinergiju-efektas\/","url":"https:\/\/skaitytaknyga.lt\/produktas\/verslo-sinergiju-efektas\/","name":"Verslo sinergij\u0173 efektas","isPartOf":{"@id":"https:\/\/skaitytaknyga.lt\/#website"},"primaryImageOfPage":{"@id":"https:\/\/skaitytaknyga.lt\/produktas\/verslo-sinergiju-efektas\/#primaryimage"},"image":{"@id":"https:\/\/skaitytaknyga.lt\/produktas\/verslo-sinergiju-efektas\/#primaryimage"},"thumbnailUrl":"https:\/\/skaitytaknyga.lt\/wp-content\/uploads\/2024\/10\/Verslo-sinergiju-efektas.jpg","datePublished":"2024-10-15T07:49:43+00:00","dateModified":"2024-10-15T10:31:38+00:00","description":"\u0160i knyga yra i\u0161samus vadovas verslo augimui, pasitelkiant ry\u0161i\u0173 stiprinim\u0105 ir efektyv\u0173 tinklaveikos princip\u0173 taikym\u0105. Autoriai dalijasi patarimais ir","breadcrumb":{"@id":"https:\/\/skaitytaknyga.lt\/produktas\/verslo-sinergiju-efektas\/#breadcrumb"},"inLanguage":"en-GB","potentialAction":[{"@type":"ReadAction","target":["https:\/\/skaitytaknyga.lt\/produktas\/verslo-sinergiju-efektas\/"]}]},{"@type":"ImageObject","inLanguage":"en-GB","@id":"https:\/\/skaitytaknyga.lt\/produktas\/verslo-sinergiju-efektas\/#primaryimage","url":"https:\/\/skaitytaknyga.lt\/wp-content\/uploads\/2024\/10\/Verslo-sinergiju-efektas.jpg","contentUrl":"https:\/\/skaitytaknyga.lt\/wp-content\/uploads\/2024\/10\/Verslo-sinergiju-efektas.jpg","width":652,"height":981,"caption":"Verslo sinergij\u0173 efektas"},{"@type":"BreadcrumbList","@id":"https:\/\/skaitytaknyga.lt\/produktas\/verslo-sinergiju-efektas\/#breadcrumb","itemListElement":[{"@type":"ListItem","position":1,"name":"Home","item":"https:\/\/skaitytaknyga.lt\/"},{"@type":"ListItem","position":2,"name":"Parduotuv\u0117","item":"https:\/\/skaitytaknyga.lt\/knygu-parduotuve\/"},{"@type":"ListItem","position":3,"name":"Verslo sinergij\u0173 efektas"}]},{"@type":"WebSite","@id":"https:\/\/skaitytaknyga.lt\/#website","url":"https:\/\/skaitytaknyga.lt\/","name":"skaitytaknyga.lt","description":"Skaitytaknyga.lt \u2013 tai ma\u017eas \u0161eimos verslas, kuris prasid\u0117jo nuo meil\u0117s knygoms ir siekio i\u0161gelb\u0117ti knygas nuo likimo prie konteinerio. Kas vienam nereikalingas daiktas \u2013 kitam lobis, o mes esame tarpininkai, kurie padeda abiems tapti laimingesniems ???? \u017dinome kaip nelengva i\u0161gyventi ma\u017eiems verslams, tad nuo \u0161iol, \u010dia rasite ir kit\u0173, ma\u017e\u0173 \u0161eim\u0173 versl\u0173, rank\u0173 darbo, dovan\u0173 sau ir artimiesiems.","publisher":{"@id":"https:\/\/skaitytaknyga.lt\/#organization"},"potentialAction":[{"@type":"SearchAction","target":{"@type":"EntryPoint","urlTemplate":"https:\/\/skaitytaknyga.lt\/?s={search_term_string}"},"query-input":{"@type":"PropertyValueSpecification","valueRequired":true,"valueName":"search_term_string"}}],"inLanguage":"en-GB"},{"@type":"Organization","@id":"https:\/\/skaitytaknyga.lt\/#organization","name":"skaitytaknyga.lt","url":"https:\/\/skaitytaknyga.lt\/","logo":{"@type":"ImageObject","inLanguage":"en-GB","@id":"https:\/\/skaitytaknyga.lt\/#\/schema\/logo\/image\/","url":"https:\/\/skaitytaknyga.lt\/wp-content\/uploads\/2024\/05\/cropped-cropped-cropped-02_00843_jt3bggkj1j3HLc7SyY6rEUpg.jpeg","contentUrl":"https:\/\/skaitytaknyga.lt\/wp-content\/uploads\/2024\/05\/cropped-cropped-cropped-02_00843_jt3bggkj1j3HLc7SyY6rEUpg.jpeg","width":1600,"height":1600,"caption":"skaitytaknyga.lt"},"image":{"@id":"https:\/\/skaitytaknyga.lt\/#\/schema\/logo\/image\/"},"sameAs":["https:\/\/www.facebook.com\/skaitytaknyga\/"]}]}},"_links":{"self":[{"href":"https:\/\/skaitytaknyga.lt\/en\/wp-json\/wp\/v2\/product\/14217","targetHints":{"allow":["GET"]}}],"collection":[{"href":"https:\/\/skaitytaknyga.lt\/en\/wp-json\/wp\/v2\/product"}],"about":[{"href":"https:\/\/skaitytaknyga.lt\/en\/wp-json\/wp\/v2\/types\/product"}],"replies":[{"embeddable":true,"href":"https:\/\/skaitytaknyga.lt\/en\/wp-json\/wp\/v2\/comments?post=14217"}],"wp:featuredmedia":[{"embeddable":true,"href":"https:\/\/skaitytaknyga.lt\/en\/wp-json\/wp\/v2\/media\/14221"}],"wp:attachment":[{"href":"https:\/\/skaitytaknyga.lt\/en\/wp-json\/wp\/v2\/media?parent=14217"}],"wp:term":[{"taxonomy":"product_brand","embeddable":true,"href":"https:\/\/skaitytaknyga.lt\/en\/wp-json\/wp\/v2\/product_brand?post=14217"},{"taxonomy":"product_cat","embeddable":true,"href":"https:\/\/skaitytaknyga.lt\/en\/wp-json\/wp\/v2\/product_cat?post=14217"},{"taxonomy":"product_tag","embeddable":true,"href":"https:\/\/skaitytaknyga.lt\/en\/wp-json\/wp\/v2\/product_tag?post=14217"}],"curies":[{"name":"wp","href":"https:\/\/api.w.org\/{rel}","templated":true}]}}