{"id":14216,"date":"2024-10-15T10:49:43","date_gmt":"2024-10-15T07:49:43","guid":{"rendered":"https:\/\/skaitytaknyga.lt\/?post_type=product&#038;p=14216"},"modified":"2024-10-15T13:32:52","modified_gmt":"2024-10-15T10:32:52","slug":"nerimas-klajones-po-modernuji-as","status":"publish","type":"product","link":"https:\/\/skaitytaknyga.lt\/en\/produktas\/nerimas-klajones-po-modernuji-as\/","title":{"rendered":"Nerimas. Klajon\u0117s po modern\u0173j\u012f A\u0161"},"content":{"rendered":"<p>\u010cia, \u017eem\u0117je, mes gyvename kelis gyvenimus.<br \/>\nNelengva. Psichologi\u0161kai ai\u0161kinant, gim\u0119 mes esame daugyb\u0117 laisv\u0173 daleli\u0173.<br \/>\nAugti &#8211; rinkti tas daleles \u012f kr\u016bv\u0105, tikintis tapti vientisu \u017emogumi.<\/p>\n<p>Finn Sk\u00e5rderud (Finas Skorderudas, g. 1956 m.) &#8211; \u017einomas norveg\u0173 psichiatras, kult\u016brologas, kino kritikas, keliolikos knyg\u0173 autorius. Garsiausia jo studija &#8211; \u201eNerimas. Kelion\u0117s po modern\u0173j\u012f A\u0161&#8221;, ji i\u0161versta \u012f daugel\u012f kalb\u0173.<\/p>\n<p>Regisi, kad nerimas yra tap\u0119s pamatine daugelio i\u0161 m\u016bs\u0173 sielos b\u016bsena: nerimaujame d\u0117l ateities, d\u0117l vaik\u0173 ir artim\u0173j\u0173, d\u0117l sav\u0119s &#8211; kad esame ne tokie, kokus mus nori matyti, kad ka\u017eko nesugebame ar nepateisiname kieno nors vil\u010di\u0173. Anot Sk\u00e5rderudo mus kamuoja k\u016bno, proto, dvasios, tarpusavio santyki\u0173 nerimas. Nuolatinis noras b\u016bti pripa\u017eintiems, meni\u0161kasis narcisizmas, protingo vaiko nerimas, g\u0117da ir baim\u0117, nemiga \u012fvardijami pasitelkiant teorin\u0119 kalb\u0105 ir mokslines \u012f\u017evalgas. Ta\u010diau kartu &#8211; tai ir romanisto plunksnos verti siu\u017eetai apie Kafk\u0105, Strindberg\u0105, Giacometti, pacient\u0173 istorijos susipina su Rilke&#8217;\u0117s, Freudo, Julios Kristevos ar Susan Sontag mintimis.<\/p>\n<p>\u201eNerimas. kelion\u0117s po modern\u0173j\u012f A\u0161&#8221; &#8211; tai visuomen\u0117s ir kiekvieno m\u016bs\u0173 sielos studija, paremta ir autoritetais, ir autoriaus pacient\u0173 i\u0161gyvenimais. Tai studija, padedanti pa\u017evelgti \u012f pa\u010dias nerimo gelmes, kad i\u0161 j\u0173 i\u0161nirtume saugesni ir ramesni.<\/p>\n<ul class=\"about-product d-none d-xl-block mt-4\">\n<li><strong>Originalus pavadinimas:<\/strong>\u00a0URO<\/li>\n<li><strong>Autorius:<\/strong>\u00a0Finn Sk\u00e5rderud<\/li>\n<li><strong>Leid\u0117jas:<\/strong>\u00a0Tyto alba<\/li>\n<li><strong>Metai:<\/strong>\u00a02017<\/li>\n<li><strong>Puslapiai:<\/strong>\u00a0502<\/li>\n<li class=\"toggleable type-new-formats \"><strong>ISBN:<\/strong>\u00a09789986167501<\/li>\n<li><strong>Versijos kodas:<\/strong>\u00a0PT.<\/li>\n<li class=\"toggleable type-new-formats \"><strong>Formatas:<\/strong>\u00a014,7 x 22,6 x 3,7 cm, kieti vir\u0161eliai<\/li>\n<li><strong>Kalba:<\/strong>\u00a0Lietuvi\u0173<\/li>\n<\/ul>\n","protected":false},"excerpt":{"rendered":"<p>\u010cia, \u017eem\u0117je, mes gyvename kelis gyvenimus. Nelengva. Psichologi\u0161kai ai\u0161kinant, gim\u0119 mes esame daugyb\u0117 laisv\u0173 daleli\u0173. Augti &#8211; rinkti tas daleles \u012f kr\u016bv\u0105, tikintis tapti vientisu \u017emogumi. Finn Sk\u00e5rderud (Finas Skorderudas, g. 1956 m.) &#8211; \u017einomas norveg\u0173 psichiatras, kult\u016brologas, kino kritikas, keliolikos knyg\u0173 autorius. Garsiausia jo studija &#8211; \u201eNerimas. Kelion\u0117s po modern\u0173j\u012f A\u0161&#8221;, ji i\u0161versta \u012f daugel\u012f kalb\u0173. Regisi, kad nerimas yra tap\u0119s pamatine daugelio i\u0161 m\u016bs\u0173 sielos b\u016bsena: nerimaujame d\u0117l ateities, d\u0117l vaik\u0173 ir artim\u0173j\u0173, d\u0117l sav\u0119s &#8211; kad esame ne tokie, kokus mus nori matyti, kad ka\u017eko nesugebame ar nepateisiname kieno nors vil\u010di\u0173. Anot Sk\u00e5rderudo mus kamuoja k\u016bno, proto, dvasios, tarpusavio santyki\u0173 nerimas. Nuolatinis noras b\u016bti pripa\u017eintiems, meni\u0161kasis narcisizmas, protingo vaiko nerimas, g\u0117da ir baim\u0117, nemiga \u012fvardijami pasitelkiant teorin\u0119 kalb\u0105 ir mokslines \u012f\u017evalgas. Ta\u010diau kartu &#8211; tai ir romanisto plunksnos verti siu\u017eetai apie Kafk\u0105, Strindberg\u0105, Giacometti, pacient\u0173 istorijos susipina su Rilke&#8217;\u0117s, Freudo, Julios Kristevos ar Susan Sontag mintimis. \u201eNerimas. kelion\u0117s po modern\u0173j\u012f A\u0161&#8221; &#8211; tai visuomen\u0117s ir kiekvieno m\u016bs\u0173 sielos studija, paremta ir autoritetais, ir autoriaus pacient\u0173 i\u0161gyvenimais. Tai studija, padedanti pa\u017evelgti \u012f pa\u010dias nerimo gelmes, kad i\u0161 j\u0173 i\u0161nirtume saugesni ir ramesni. Originalus pavadinimas:\u00a0URO Autorius:\u00a0Finn Sk\u00e5rderud Leid\u0117jas:\u00a0Tyto alba Metai:\u00a02017 Puslapiai:\u00a0502 ISBN:\u00a09789986167501 Versijos kodas:\u00a0PT. Formatas:\u00a014,7 x 22,6 x 3,7 cm, kieti vir\u0161eliai Kalba:\u00a0Lietuvi\u0173<\/p>\n","protected":false},"featured_media":14222,"comment_status":"open","ping_status":"closed","template":"","meta":{"_acf_changed":false,"site-sidebar-layout":"default","site-content-layout":"","ast-site-content-layout":"default","site-content-style":"default","site-sidebar-style":"default","ast-global-header-display":"","ast-banner-title-visibility":"","ast-main-header-display":"","ast-hfb-above-header-display":"","ast-hfb-below-header-display":"","ast-hfb-mobile-header-display":"","site-post-title":"","ast-breadcrumbs-content":"","ast-featured-img":"","footer-sml-layout":"","ast-disable-related-posts":"","theme-transparent-header-meta":"default","adv-header-id-meta":"","stick-header-meta":"","header-above-stick-meta":"","header-main-stick-meta":"","header-below-stick-meta":"","astra-migrate-meta-layouts":"set","ast-page-background-enabled":"default","ast-page-background-meta":{"desktop":{"background-color":"","background-image":"","background-repeat":"repeat","background-position":"center center","background-size":"auto","background-attachment":"scroll","background-type":"","background-media":"","overlay-type":"","overlay-color":"","overlay-opacity":"","overlay-gradient":""},"tablet":{"background-color":"","background-image":"","background-repeat":"repeat","background-position":"center center","background-size":"auto","background-attachment":"scroll","background-type":"","background-media":"","overlay-type":"","overlay-color":"","overlay-opacity":"","overlay-gradient":""},"mobile":{"background-color":"","background-image":"","background-repeat":"repeat","background-position":"center center","background-size":"auto","background-attachment":"scroll","background-type":"","background-media":"","overlay-type":"","overlay-color":"","overlay-opacity":"","overlay-gradient":""}},"ast-content-background-meta":{"desktop":{"background-color":"var(--ast-global-color-4)","background-image":"","background-repeat":"repeat","background-position":"center center","background-size":"auto","background-attachment":"scroll","background-type":"","background-media":"","overlay-type":"","overlay-color":"","overlay-opacity":"","overlay-gradient":""},"tablet":{"background-color":"var(--ast-global-color-4)","background-image":"","background-repeat":"repeat","background-position":"center center","background-size":"auto","background-attachment":"scroll","background-type":"","background-media":"","overlay-type":"","overlay-color":"","overlay-opacity":"","overlay-gradient":""},"mobile":{"background-color":"var(--ast-global-color-4)","background-image":"","background-repeat":"repeat","background-position":"center center","background-size":"auto","background-attachment":"scroll","background-type":"","background-media":"","overlay-type":"","overlay-color":"","overlay-opacity":"","overlay-gradient":""}}},"product_brand":[],"product_cat":[15,30],"product_tag":[],"class_list":{"0":"post-14216","1":"product","2":"type-product","3":"status-publish","4":"has-post-thumbnail","6":"product_cat-uncategorized","7":"product_cat-psichologija-ir-saviugda","8":"desktop-align-left","9":"tablet-align-left","10":"mobile-align-left","12":"first","13":"instock","14":"shipping-taxable","15":"purchasable","16":"product-type-simple"},"acf":[],"yoast_head":"<!-- This site is optimized with the Yoast SEO plugin v27.0 - https:\/\/yoast.com\/product\/yoast-seo-wordpress\/ -->\n<title>Nerimas. Klajon\u0117s po modern\u0173j\u012f A\u0161<\/title>\n<meta name=\"description\" content=\"\u010cia, \u017eem\u0117je, mes gyvename kelis gyvenimus. Nelengva. Psichologi\u0161kai ai\u0161kinant, gim\u0119 mes esame daugyb\u0117 laisv\u0173 daleli\u0173. Augti - rinkti tas daleles \u012f kr\u016bv\u0105,\" \/>\n<meta name=\"robots\" content=\"index, follow, max-snippet:-1, max-image-preview:large, max-video-preview:-1\" \/>\n<link rel=\"canonical\" href=\"https:\/\/skaitytaknyga.lt\/en\/produktas\/nerimas-klajones-po-modernuji-as\/\" \/>\n<meta property=\"og:locale\" content=\"en_GB\" \/>\n<meta property=\"og:locale:alternate\" content=\"lt_LT\" \/>\n<meta property=\"og:type\" content=\"article\" \/>\n<meta property=\"og:title\" content=\"Nerimas. Klajon\u0117s po modern\u0173j\u012f A\u0161\" \/>\n<meta property=\"og:description\" content=\"\u010cia, \u017eem\u0117je, mes gyvename kelis gyvenimus. Nelengva. Psichologi\u0161kai ai\u0161kinant, gim\u0119 mes esame daugyb\u0117 laisv\u0173 daleli\u0173. Augti - rinkti tas daleles \u012f kr\u016bv\u0105,\" \/>\n<meta property=\"og:url\" content=\"https:\/\/skaitytaknyga.lt\/en\/produktas\/nerimas-klajones-po-modernuji-as\/\" \/>\n<meta property=\"og:site_name\" content=\"Skaitytaknyga\" \/>\n<meta property=\"article:publisher\" content=\"https:\/\/www.facebook.com\/skaitytaknyga\/\" \/>\n<meta property=\"article:modified_time\" content=\"2024-10-15T10:32:52+00:00\" \/>\n<meta property=\"og:image\" content=\"https:\/\/skaitytaknyga.lt\/wp-content\/uploads\/2024\/10\/Nerimas.-Klajones-po-modernuji-As.webp\" \/>\n\t<meta property=\"og:image:width\" content=\"535\" \/>\n\t<meta property=\"og:image:height\" content=\"800\" \/>\n\t<meta property=\"og:image:type\" content=\"image\/webp\" \/>\n<meta name=\"twitter:card\" content=\"summary_large_image\" \/>\n<meta name=\"twitter:label1\" content=\"Estimated reading time\" \/>\n\t<meta name=\"twitter:data1\" content=\"2 minutes\" \/>\n<script type=\"application\/ld+json\" class=\"yoast-schema-graph\">{\"@context\":\"https:\/\/schema.org\",\"@graph\":[{\"@type\":\"WebPage\",\"@id\":\"https:\/\/skaitytaknyga.lt\/produktas\/nerimas-klajones-po-modernuji-as\/\",\"url\":\"https:\/\/skaitytaknyga.lt\/produktas\/nerimas-klajones-po-modernuji-as\/\",\"name\":\"Nerimas. Klajon\u0117s po modern\u0173j\u012f A\u0161\",\"isPartOf\":{\"@id\":\"https:\/\/skaitytaknyga.lt\/#website\"},\"primaryImageOfPage\":{\"@id\":\"https:\/\/skaitytaknyga.lt\/produktas\/nerimas-klajones-po-modernuji-as\/#primaryimage\"},\"image\":{\"@id\":\"https:\/\/skaitytaknyga.lt\/produktas\/nerimas-klajones-po-modernuji-as\/#primaryimage\"},\"thumbnailUrl\":\"https:\/\/skaitytaknyga.lt\/wp-content\/uploads\/2024\/10\/Nerimas.-Klajones-po-modernuji-As.webp\",\"datePublished\":\"2024-10-15T07:49:43+00:00\",\"dateModified\":\"2024-10-15T10:32:52+00:00\",\"description\":\"\u010cia, \u017eem\u0117je, mes gyvename kelis gyvenimus. Nelengva. Psichologi\u0161kai ai\u0161kinant, gim\u0119 mes esame daugyb\u0117 laisv\u0173 daleli\u0173. Augti - rinkti tas daleles \u012f kr\u016bv\u0105,\",\"breadcrumb\":{\"@id\":\"https:\/\/skaitytaknyga.lt\/produktas\/nerimas-klajones-po-modernuji-as\/#breadcrumb\"},\"inLanguage\":\"en-GB\",\"potentialAction\":[{\"@type\":\"ReadAction\",\"target\":[\"https:\/\/skaitytaknyga.lt\/produktas\/nerimas-klajones-po-modernuji-as\/\"]}]},{\"@type\":\"ImageObject\",\"inLanguage\":\"en-GB\",\"@id\":\"https:\/\/skaitytaknyga.lt\/produktas\/nerimas-klajones-po-modernuji-as\/#primaryimage\",\"url\":\"https:\/\/skaitytaknyga.lt\/wp-content\/uploads\/2024\/10\/Nerimas.-Klajones-po-modernuji-As.webp\",\"contentUrl\":\"https:\/\/skaitytaknyga.lt\/wp-content\/uploads\/2024\/10\/Nerimas.-Klajones-po-modernuji-As.webp\",\"width\":535,\"height\":800,\"caption\":\"Nerimas. Klajon\u0117s po modern\u0173j\u012f A\u0161\"},{\"@type\":\"BreadcrumbList\",\"@id\":\"https:\/\/skaitytaknyga.lt\/produktas\/nerimas-klajones-po-modernuji-as\/#breadcrumb\",\"itemListElement\":[{\"@type\":\"ListItem\",\"position\":1,\"name\":\"Home\",\"item\":\"https:\/\/skaitytaknyga.lt\/\"},{\"@type\":\"ListItem\",\"position\":2,\"name\":\"Parduotuv\u0117\",\"item\":\"https:\/\/skaitytaknyga.lt\/knygu-parduotuve\/\"},{\"@type\":\"ListItem\",\"position\":3,\"name\":\"Nerimas. Klajon\u0117s po modern\u0173j\u012f A\u0161\"}]},{\"@type\":\"WebSite\",\"@id\":\"https:\/\/skaitytaknyga.lt\/#website\",\"url\":\"https:\/\/skaitytaknyga.lt\/\",\"name\":\"skaitytaknyga.lt\",\"description\":\"Skaitytaknyga.lt \u2013 tai ma\u017eas \u0161eimos verslas, kuris prasid\u0117jo nuo meil\u0117s knygoms ir siekio i\u0161gelb\u0117ti knygas nuo likimo prie konteinerio. Kas vienam nereikalingas daiktas \u2013 kitam lobis, o mes esame tarpininkai, kurie padeda abiems tapti laimingesniems ???? \u017dinome kaip nelengva i\u0161gyventi ma\u017eiems verslams, tad nuo \u0161iol, \u010dia rasite ir kit\u0173, ma\u017e\u0173 \u0161eim\u0173 versl\u0173, rank\u0173 darbo, dovan\u0173 sau ir artimiesiems.\",\"publisher\":{\"@id\":\"https:\/\/skaitytaknyga.lt\/#organization\"},\"potentialAction\":[{\"@type\":\"SearchAction\",\"target\":{\"@type\":\"EntryPoint\",\"urlTemplate\":\"https:\/\/skaitytaknyga.lt\/?s={search_term_string}\"},\"query-input\":{\"@type\":\"PropertyValueSpecification\",\"valueRequired\":true,\"valueName\":\"search_term_string\"}}],\"inLanguage\":\"en-GB\"},{\"@type\":\"Organization\",\"@id\":\"https:\/\/skaitytaknyga.lt\/#organization\",\"name\":\"skaitytaknyga.lt\",\"url\":\"https:\/\/skaitytaknyga.lt\/\",\"logo\":{\"@type\":\"ImageObject\",\"inLanguage\":\"en-GB\",\"@id\":\"https:\/\/skaitytaknyga.lt\/#\/schema\/logo\/image\/\",\"url\":\"https:\/\/skaitytaknyga.lt\/wp-content\/uploads\/2024\/05\/cropped-cropped-cropped-02_00843_jt3bggkj1j3HLc7SyY6rEUpg.jpeg\",\"contentUrl\":\"https:\/\/skaitytaknyga.lt\/wp-content\/uploads\/2024\/05\/cropped-cropped-cropped-02_00843_jt3bggkj1j3HLc7SyY6rEUpg.jpeg\",\"width\":1600,\"height\":1600,\"caption\":\"skaitytaknyga.lt\"},\"image\":{\"@id\":\"https:\/\/skaitytaknyga.lt\/#\/schema\/logo\/image\/\"},\"sameAs\":[\"https:\/\/www.facebook.com\/skaitytaknyga\/\"]}]}<\/script>\n<!-- \/ Yoast SEO plugin. -->","yoast_head_json":{"title":"Nerimas. Klajon\u0117s po modern\u0173j\u012f A\u0161","description":"\u010cia, \u017eem\u0117je, mes gyvename kelis gyvenimus. Nelengva. Psichologi\u0161kai ai\u0161kinant, gim\u0119 mes esame daugyb\u0117 laisv\u0173 daleli\u0173. Augti - rinkti tas daleles \u012f kr\u016bv\u0105,","robots":{"index":"index","follow":"follow","max-snippet":"max-snippet:-1","max-image-preview":"max-image-preview:large","max-video-preview":"max-video-preview:-1"},"canonical":"https:\/\/skaitytaknyga.lt\/en\/produktas\/nerimas-klajones-po-modernuji-as\/","og_locale":"en_GB","og_type":"article","og_title":"[:lt]Nerimas. Klajon\u0117s po modern\u0173j\u012f A\u0161[:] - Skaitytaknyga","og_description":"\u010cia, \u017eem\u0117je, mes gyvename kelis gyvenimus. Nelengva. Psichologi\u0161kai ai\u0161kinant, gim\u0119 mes esame daugyb\u0117 laisv\u0173 daleli\u0173. Augti - rinkti tas daleles \u012f kr\u016bv\u0105,","og_url":"https:\/\/skaitytaknyga.lt\/en\/produktas\/nerimas-klajones-po-modernuji-as\/","og_site_name":"Skaitytaknyga","article_publisher":"https:\/\/www.facebook.com\/skaitytaknyga\/","article_modified_time":"2024-10-15T10:32:52+00:00","og_image":[{"width":535,"height":800,"url":"https:\/\/skaitytaknyga.lt\/wp-content\/uploads\/2024\/10\/Nerimas.-Klajones-po-modernuji-As.webp","type":"image\/webp"}],"twitter_card":"summary_large_image","twitter_misc":{"Estimated reading time":"2 minutes"},"schema":{"@context":"https:\/\/schema.org","@graph":[{"@type":"WebPage","@id":"https:\/\/skaitytaknyga.lt\/produktas\/nerimas-klajones-po-modernuji-as\/","url":"https:\/\/skaitytaknyga.lt\/produktas\/nerimas-klajones-po-modernuji-as\/","name":"Nerimas. Klajon\u0117s po modern\u0173j\u012f A\u0161","isPartOf":{"@id":"https:\/\/skaitytaknyga.lt\/#website"},"primaryImageOfPage":{"@id":"https:\/\/skaitytaknyga.lt\/produktas\/nerimas-klajones-po-modernuji-as\/#primaryimage"},"image":{"@id":"https:\/\/skaitytaknyga.lt\/produktas\/nerimas-klajones-po-modernuji-as\/#primaryimage"},"thumbnailUrl":"https:\/\/skaitytaknyga.lt\/wp-content\/uploads\/2024\/10\/Nerimas.-Klajones-po-modernuji-As.webp","datePublished":"2024-10-15T07:49:43+00:00","dateModified":"2024-10-15T10:32:52+00:00","description":"\u010cia, \u017eem\u0117je, mes gyvename kelis gyvenimus. Nelengva. Psichologi\u0161kai ai\u0161kinant, gim\u0119 mes esame daugyb\u0117 laisv\u0173 daleli\u0173. Augti - rinkti tas daleles \u012f kr\u016bv\u0105,","breadcrumb":{"@id":"https:\/\/skaitytaknyga.lt\/produktas\/nerimas-klajones-po-modernuji-as\/#breadcrumb"},"inLanguage":"en-GB","potentialAction":[{"@type":"ReadAction","target":["https:\/\/skaitytaknyga.lt\/produktas\/nerimas-klajones-po-modernuji-as\/"]}]},{"@type":"ImageObject","inLanguage":"en-GB","@id":"https:\/\/skaitytaknyga.lt\/produktas\/nerimas-klajones-po-modernuji-as\/#primaryimage","url":"https:\/\/skaitytaknyga.lt\/wp-content\/uploads\/2024\/10\/Nerimas.-Klajones-po-modernuji-As.webp","contentUrl":"https:\/\/skaitytaknyga.lt\/wp-content\/uploads\/2024\/10\/Nerimas.-Klajones-po-modernuji-As.webp","width":535,"height":800,"caption":"Nerimas. Klajon\u0117s po modern\u0173j\u012f A\u0161"},{"@type":"BreadcrumbList","@id":"https:\/\/skaitytaknyga.lt\/produktas\/nerimas-klajones-po-modernuji-as\/#breadcrumb","itemListElement":[{"@type":"ListItem","position":1,"name":"Home","item":"https:\/\/skaitytaknyga.lt\/"},{"@type":"ListItem","position":2,"name":"Parduotuv\u0117","item":"https:\/\/skaitytaknyga.lt\/knygu-parduotuve\/"},{"@type":"ListItem","position":3,"name":"Nerimas. Klajon\u0117s po modern\u0173j\u012f A\u0161"}]},{"@type":"WebSite","@id":"https:\/\/skaitytaknyga.lt\/#website","url":"https:\/\/skaitytaknyga.lt\/","name":"skaitytaknyga.lt","description":"Skaitytaknyga.lt \u2013 tai ma\u017eas \u0161eimos verslas, kuris prasid\u0117jo nuo meil\u0117s knygoms ir siekio i\u0161gelb\u0117ti knygas nuo likimo prie konteinerio. Kas vienam nereikalingas daiktas \u2013 kitam lobis, o mes esame tarpininkai, kurie padeda abiems tapti laimingesniems ???? \u017dinome kaip nelengva i\u0161gyventi ma\u017eiems verslams, tad nuo \u0161iol, \u010dia rasite ir kit\u0173, ma\u017e\u0173 \u0161eim\u0173 versl\u0173, rank\u0173 darbo, dovan\u0173 sau ir artimiesiems.","publisher":{"@id":"https:\/\/skaitytaknyga.lt\/#organization"},"potentialAction":[{"@type":"SearchAction","target":{"@type":"EntryPoint","urlTemplate":"https:\/\/skaitytaknyga.lt\/?s={search_term_string}"},"query-input":{"@type":"PropertyValueSpecification","valueRequired":true,"valueName":"search_term_string"}}],"inLanguage":"en-GB"},{"@type":"Organization","@id":"https:\/\/skaitytaknyga.lt\/#organization","name":"skaitytaknyga.lt","url":"https:\/\/skaitytaknyga.lt\/","logo":{"@type":"ImageObject","inLanguage":"en-GB","@id":"https:\/\/skaitytaknyga.lt\/#\/schema\/logo\/image\/","url":"https:\/\/skaitytaknyga.lt\/wp-content\/uploads\/2024\/05\/cropped-cropped-cropped-02_00843_jt3bggkj1j3HLc7SyY6rEUpg.jpeg","contentUrl":"https:\/\/skaitytaknyga.lt\/wp-content\/uploads\/2024\/05\/cropped-cropped-cropped-02_00843_jt3bggkj1j3HLc7SyY6rEUpg.jpeg","width":1600,"height":1600,"caption":"skaitytaknyga.lt"},"image":{"@id":"https:\/\/skaitytaknyga.lt\/#\/schema\/logo\/image\/"},"sameAs":["https:\/\/www.facebook.com\/skaitytaknyga\/"]}]}},"_links":{"self":[{"href":"https:\/\/skaitytaknyga.lt\/en\/wp-json\/wp\/v2\/product\/14216","targetHints":{"allow":["GET"]}}],"collection":[{"href":"https:\/\/skaitytaknyga.lt\/en\/wp-json\/wp\/v2\/product"}],"about":[{"href":"https:\/\/skaitytaknyga.lt\/en\/wp-json\/wp\/v2\/types\/product"}],"replies":[{"embeddable":true,"href":"https:\/\/skaitytaknyga.lt\/en\/wp-json\/wp\/v2\/comments?post=14216"}],"wp:featuredmedia":[{"embeddable":true,"href":"https:\/\/skaitytaknyga.lt\/en\/wp-json\/wp\/v2\/media\/14222"}],"wp:attachment":[{"href":"https:\/\/skaitytaknyga.lt\/en\/wp-json\/wp\/v2\/media?parent=14216"}],"wp:term":[{"taxonomy":"product_brand","embeddable":true,"href":"https:\/\/skaitytaknyga.lt\/en\/wp-json\/wp\/v2\/product_brand?post=14216"},{"taxonomy":"product_cat","embeddable":true,"href":"https:\/\/skaitytaknyga.lt\/en\/wp-json\/wp\/v2\/product_cat?post=14216"},{"taxonomy":"product_tag","embeddable":true,"href":"https:\/\/skaitytaknyga.lt\/en\/wp-json\/wp\/v2\/product_tag?post=14216"}],"curies":[{"name":"wp","href":"https:\/\/api.w.org\/{rel}","templated":true}]}}