{"id":14215,"date":"2024-10-15T10:49:43","date_gmt":"2024-10-15T07:49:43","guid":{"rendered":"https:\/\/skaitytaknyga.lt\/?post_type=product&#038;p=14215"},"modified":"2026-03-05T15:58:06","modified_gmt":"2026-03-05T13:58:06","slug":"stephen-king-svytejimas","status":"publish","type":"product","link":"https:\/\/skaitytaknyga.lt\/en\/produktas\/stephen-king-svytejimas\/","title":{"rendered":"Stephen King \u201e\u0160vyt\u0117jimas&#8221;"},"content":{"rendered":"<p>Kultinis S. Kingo romanas!<\/p>\n<p>D\u017eekas Torensas buvo i\u0161mestas i\u0161 darbo universitete, kai nesusivald\u0119s smog\u0117 studentui.<\/p>\n<p>Atsiriboti nuo nemalonios praeities tur\u0117t\u0173 pad\u0117ti gautas pasi\u016blymas, kuriuo susi\u017eav\u0117t\u0173 bet kuris darbo ie\u0161kantis ra\u0161ytojas. Jis kartu su \u0161eima gyvens puikiame vie\u0161butyje Kolorado kalnuose. Jo darbas \u2013 pri\u017ei\u016br\u0117ti ne sezono metu i\u0161tu\u0161t\u0117jus\u012f vie\u0161but\u012f. Vis\u0105 laik\u0105 D\u017eekas gal\u0117s skirti k\u016brybai, o s\u016bnelis su \u017emona m\u0117gausis tyru oru ir ramybe.<\/p>\n<p>Ta\u010diau \u012f vyri\u0161kio pas\u0105mon\u0119 ima smelktis nepaai\u0161kinama baim\u0117, siaubingi ko\u0161marai, o prie\u0161 kelet\u0105 met\u0173 vie\u0161butyje \u012fvykusi tragedija past\u016bm\u0117ja D\u017eek\u0105 griebtis sen\u0173 \u012fpro\u010di\u0173&#8230;<\/p>\n<p>\u201e\u0160vyt\u0117jime\u201c nestinga realaus gyvenimo atspind\u017ei\u0173, \u012fd\u0117maus \u017evilgsnio \u012f menkai tei\u0161tirtas \u017emogaus s\u0105mon\u0117s bei pas\u0105mon\u0117s sritis ir lakios fantazijos. Romanas nepaliks abejingo n\u0117 vieno skaitytojo: \u017eiemos sezonui atvyk\u0119s \u012f \u201ePanoramos\u201c vie\u0161but\u012f kalnuose drauge su Torens\u0173 \u0161eima \u2013 gavusiu ten pri\u017ei\u016br\u0117tojo darb\u0105 D\u017eeku, jo \u017emona Vende ir ma\u017euoju Deniu, \u2013 norom nenorom imi jausti tai, k\u0105 jau\u010dia u\u017epustytame, sniego atkirstame nuo viso pasaulio prastos \u0161lov\u0117s vie\u0161butyje knygos herojai, imi baimintis to, kas slypi u\u017e kiekvien\u0173 daugyb\u0117s kambari\u0173 dur\u0173, \u017eaidim\u0173 aik\u0161tel\u0117je, lifte, kas kelia siaub\u0105 jiems, pirmiausia \u0161vyt\u0117jimo dovan\u0105 turin\u010diam Deniui, imi ie\u0161koti i\u0161eities i\u0161 klaid\u017ei\u0173 \u201ePanoramos\u201c ir \u017emogaus sielos labirint\u0173 taip, kaip jos ie\u0161ko Torensai ir Halorenas&#8230;<\/p>\n<p>Pagal \u0161\u012f roman\u0105 buvo sukurta Stanley Kubricko \u201e\u0160vyt\u0117jimas\u201c ekranizacija.<\/p>\n<ul class=\"about-product d-none d-xl-block mt-4\">\n<li><strong>Autorius:<\/strong>\u00a0Stephen King<\/li>\n<li><strong>Leid\u0117jas:<\/strong>\u00a0Alma littera<\/li>\n<li><strong>Metai:<\/strong>\u00a02012<\/li>\n<li><strong>Puslapiai:<\/strong>\u00a0504<\/li>\n<li class=\"toggleable type-new-formats \"><strong>ISBN:<\/strong>\u00a09786090103562<\/li>\n<li><strong>Versijos kodas:<\/strong>\u00a0PT.<\/li>\n<li class=\"toggleable type-new-formats \"><strong>Formatas:<\/strong>\u00a023,5 x 14,3 x 3,6 cm, kieti vir\u0161eliai<\/li>\n<li><strong>Kalba:<\/strong>\u00a0Lietuvi\u0173<\/li>\n<li><strong>Vert\u0117jas:<\/strong>\u00a0Lilija Vanagien\u0117<\/li>\n<\/ul>\n","protected":false},"excerpt":{"rendered":"<p>Kultinis S. Kingo romanas! D\u017eekas Torensas buvo i\u0161mestas i\u0161 darbo universitete, kai nesusivald\u0119s smog\u0117 studentui. Atsiriboti nuo nemalonios praeities tur\u0117t\u0173 pad\u0117ti gautas pasi\u016blymas, kuriuo susi\u017eav\u0117t\u0173 bet kuris darbo ie\u0161kantis ra\u0161ytojas. Jis kartu su \u0161eima gyvens puikiame vie\u0161butyje Kolorado kalnuose. Jo darbas \u2013 pri\u017ei\u016br\u0117ti ne sezono metu i\u0161tu\u0161t\u0117jus\u012f vie\u0161but\u012f. Vis\u0105 laik\u0105 D\u017eekas gal\u0117s skirti k\u016brybai, o s\u016bnelis su \u017emona m\u0117gausis tyru oru ir ramybe. Ta\u010diau \u012f vyri\u0161kio pas\u0105mon\u0119 ima smelktis nepaai\u0161kinama baim\u0117, siaubingi ko\u0161marai, o prie\u0161 kelet\u0105 met\u0173 vie\u0161butyje \u012fvykusi tragedija past\u016bm\u0117ja D\u017eek\u0105 griebtis sen\u0173 \u012fpro\u010di\u0173&#8230; \u201e\u0160vyt\u0117jime\u201c nestinga realaus gyvenimo atspind\u017ei\u0173, \u012fd\u0117maus \u017evilgsnio \u012f menkai tei\u0161tirtas \u017emogaus s\u0105mon\u0117s bei pas\u0105mon\u0117s sritis ir lakios fantazijos. Romanas nepaliks abejingo n\u0117 vieno skaitytojo: \u017eiemos sezonui atvyk\u0119s \u012f \u201ePanoramos\u201c vie\u0161but\u012f kalnuose drauge su Torens\u0173 \u0161eima \u2013 gavusiu ten pri\u017ei\u016br\u0117tojo darb\u0105 D\u017eeku, jo \u017emona Vende ir ma\u017euoju Deniu, \u2013 norom nenorom imi jausti tai, k\u0105 jau\u010dia u\u017epustytame, sniego atkirstame nuo viso pasaulio prastos \u0161lov\u0117s vie\u0161butyje knygos herojai, imi baimintis to, kas slypi u\u017e kiekvien\u0173 daugyb\u0117s kambari\u0173 dur\u0173, \u017eaidim\u0173 aik\u0161tel\u0117je, lifte, kas kelia siaub\u0105 jiems, pirmiausia \u0161vyt\u0117jimo dovan\u0105 turin\u010diam Deniui, imi ie\u0161koti i\u0161eities i\u0161 klaid\u017ei\u0173 \u201ePanoramos\u201c ir \u017emogaus sielos labirint\u0173 taip, kaip jos ie\u0161ko Torensai ir Halorenas&#8230; Pagal \u0161\u012f roman\u0105 buvo sukurta Stanley Kubricko \u201e\u0160vyt\u0117jimas\u201c ekranizacija. Autorius:\u00a0Stephen King Leid\u0117jas:\u00a0Alma littera Metai:\u00a02012 Puslapiai:\u00a0504 ISBN:\u00a09786090103562 Versijos kodas:\u00a0PT. Formatas:\u00a023,5 x 14,3 x 3,6 cm, kieti vir\u0161eliai Kalba:\u00a0Lietuvi\u0173 Vert\u0117jas:\u00a0Lilija Vanagien\u0117<\/p>\n","protected":false},"featured_media":14223,"comment_status":"open","ping_status":"closed","template":"","meta":{"_acf_changed":false,"site-sidebar-layout":"default","site-content-layout":"","ast-site-content-layout":"default","site-content-style":"default","site-sidebar-style":"default","ast-global-header-display":"","ast-banner-title-visibility":"","ast-main-header-display":"","ast-hfb-above-header-display":"","ast-hfb-below-header-display":"","ast-hfb-mobile-header-display":"","site-post-title":"","ast-breadcrumbs-content":"","ast-featured-img":"","footer-sml-layout":"","ast-disable-related-posts":"","theme-transparent-header-meta":"default","adv-header-id-meta":"","stick-header-meta":"","header-above-stick-meta":"","header-main-stick-meta":"","header-below-stick-meta":"","astra-migrate-meta-layouts":"set","ast-page-background-enabled":"default","ast-page-background-meta":{"desktop":{"background-color":"","background-image":"","background-repeat":"repeat","background-position":"center center","background-size":"auto","background-attachment":"scroll","background-type":"","background-media":"","overlay-type":"","overlay-color":"","overlay-opacity":"","overlay-gradient":""},"tablet":{"background-color":"","background-image":"","background-repeat":"repeat","background-position":"center center","background-size":"auto","background-attachment":"scroll","background-type":"","background-media":"","overlay-type":"","overlay-color":"","overlay-opacity":"","overlay-gradient":""},"mobile":{"background-color":"","background-image":"","background-repeat":"repeat","background-position":"center center","background-size":"auto","background-attachment":"scroll","background-type":"","background-media":"","overlay-type":"","overlay-color":"","overlay-opacity":"","overlay-gradient":""}},"ast-content-background-meta":{"desktop":{"background-color":"var(--ast-global-color-4)","background-image":"","background-repeat":"repeat","background-position":"center center","background-size":"auto","background-attachment":"scroll","background-type":"","background-media":"","overlay-type":"","overlay-color":"","overlay-opacity":"","overlay-gradient":""},"tablet":{"background-color":"var(--ast-global-color-4)","background-image":"","background-repeat":"repeat","background-position":"center center","background-size":"auto","background-attachment":"scroll","background-type":"","background-media":"","overlay-type":"","overlay-color":"","overlay-opacity":"","overlay-gradient":""},"mobile":{"background-color":"var(--ast-global-color-4)","background-image":"","background-repeat":"repeat","background-position":"center center","background-size":"auto","background-attachment":"scroll","background-type":"","background-media":"","overlay-type":"","overlay-color":"","overlay-opacity":"","overlay-gradient":""}}},"product_brand":[],"product_cat":[9580],"product_tag":[],"class_list":{"0":"post-14215","1":"product","2":"type-product","3":"status-publish","4":"has-post-thumbnail","6":"product_cat-psichologiniai-detektyvai","7":"desktop-align-left","8":"tablet-align-left","9":"mobile-align-left","11":"first","12":"instock","13":"shipping-taxable","14":"purchasable","15":"product-type-simple"},"acf":[],"yoast_head":"<!-- This site is optimized with the Yoast SEO plugin v27.0 - https:\/\/yoast.com\/product\/yoast-seo-wordpress\/ -->\n<title>Stephen King \u201e\u0160vyt\u0117jimas&quot;<\/title>\n<meta name=\"description\" content=\"Kultinis S. Kingo romanas! D\u017eekas Torensas buvo i\u0161mestas i\u0161 darbo universitete, kai nesusivald\u0119s smog\u0117 studentui. Atsiriboti nuo nemalonios praeities\" \/>\n<meta name=\"robots\" content=\"index, follow, max-snippet:-1, max-image-preview:large, max-video-preview:-1\" \/>\n<link rel=\"canonical\" href=\"https:\/\/skaitytaknyga.lt\/en\/produktas\/stephen-king-svytejimas\/\" \/>\n<meta property=\"og:locale\" content=\"en_GB\" \/>\n<meta property=\"og:locale:alternate\" content=\"lt_LT\" \/>\n<meta property=\"og:type\" content=\"article\" \/>\n<meta property=\"og:title\" content=\"Stephen King \u201e\u0160vyt\u0117jimas&quot;\" \/>\n<meta property=\"og:description\" content=\"Kultinis S. Kingo romanas! D\u017eekas Torensas buvo i\u0161mestas i\u0161 darbo universitete, kai nesusivald\u0119s smog\u0117 studentui. Atsiriboti nuo nemalonios praeities\" \/>\n<meta property=\"og:url\" content=\"https:\/\/skaitytaknyga.lt\/en\/produktas\/stephen-king-svytejimas\/\" \/>\n<meta property=\"og:site_name\" content=\"Skaitytaknyga\" \/>\n<meta property=\"article:publisher\" content=\"https:\/\/www.facebook.com\/skaitytaknyga\/\" \/>\n<meta property=\"article:modified_time\" content=\"2026-03-05T13:58:06+00:00\" \/>\n<meta property=\"og:image\" content=\"https:\/\/skaitytaknyga.lt\/wp-content\/uploads\/2024\/10\/Svytejimas.webp\" \/>\n\t<meta property=\"og:image:width\" content=\"486\" \/>\n\t<meta property=\"og:image:height\" content=\"800\" \/>\n\t<meta property=\"og:image:type\" content=\"image\/webp\" \/>\n<meta name=\"twitter:card\" content=\"summary_large_image\" \/>\n<meta name=\"twitter:label1\" content=\"Estimated reading time\" \/>\n\t<meta name=\"twitter:data1\" content=\"2 minutes\" \/>\n<script type=\"application\/ld+json\" class=\"yoast-schema-graph\">{\"@context\":\"https:\/\/schema.org\",\"@graph\":[{\"@type\":\"WebPage\",\"@id\":\"https:\/\/skaitytaknyga.lt\/produktas\/stephen-king-svytejimas\/\",\"url\":\"https:\/\/skaitytaknyga.lt\/produktas\/stephen-king-svytejimas\/\",\"name\":\"Stephen King \u201e\u0160vyt\u0117jimas\\\"\",\"isPartOf\":{\"@id\":\"https:\/\/skaitytaknyga.lt\/#website\"},\"primaryImageOfPage\":{\"@id\":\"https:\/\/skaitytaknyga.lt\/produktas\/stephen-king-svytejimas\/#primaryimage\"},\"image\":{\"@id\":\"https:\/\/skaitytaknyga.lt\/produktas\/stephen-king-svytejimas\/#primaryimage\"},\"thumbnailUrl\":\"https:\/\/skaitytaknyga.lt\/wp-content\/uploads\/2024\/10\/Svytejimas.webp\",\"datePublished\":\"2024-10-15T07:49:43+00:00\",\"dateModified\":\"2026-03-05T13:58:06+00:00\",\"description\":\"Kultinis S. Kingo romanas! D\u017eekas Torensas buvo i\u0161mestas i\u0161 darbo universitete, kai nesusivald\u0119s smog\u0117 studentui. Atsiriboti nuo nemalonios praeities\",\"breadcrumb\":{\"@id\":\"https:\/\/skaitytaknyga.lt\/produktas\/stephen-king-svytejimas\/#breadcrumb\"},\"inLanguage\":\"en-GB\",\"potentialAction\":[{\"@type\":\"ReadAction\",\"target\":[\"https:\/\/skaitytaknyga.lt\/produktas\/stephen-king-svytejimas\/\"]}]},{\"@type\":\"ImageObject\",\"inLanguage\":\"en-GB\",\"@id\":\"https:\/\/skaitytaknyga.lt\/produktas\/stephen-king-svytejimas\/#primaryimage\",\"url\":\"https:\/\/skaitytaknyga.lt\/wp-content\/uploads\/2024\/10\/Svytejimas.webp\",\"contentUrl\":\"https:\/\/skaitytaknyga.lt\/wp-content\/uploads\/2024\/10\/Svytejimas.webp\",\"width\":486,\"height\":800,\"caption\":\"Stephen King \u201e\u0160vyt\u0117jimas\\\"\"},{\"@type\":\"BreadcrumbList\",\"@id\":\"https:\/\/skaitytaknyga.lt\/produktas\/stephen-king-svytejimas\/#breadcrumb\",\"itemListElement\":[{\"@type\":\"ListItem\",\"position\":1,\"name\":\"Home\",\"item\":\"https:\/\/skaitytaknyga.lt\/\"},{\"@type\":\"ListItem\",\"position\":2,\"name\":\"Parduotuv\u0117\",\"item\":\"https:\/\/skaitytaknyga.lt\/knygu-parduotuve\/\"},{\"@type\":\"ListItem\",\"position\":3,\"name\":\"Stephen King \u201e\u0160vyt\u0117jimas&#8221;\"}]},{\"@type\":\"WebSite\",\"@id\":\"https:\/\/skaitytaknyga.lt\/#website\",\"url\":\"https:\/\/skaitytaknyga.lt\/\",\"name\":\"skaitytaknyga.lt\",\"description\":\"Skaitytaknyga.lt \u2013 tai ma\u017eas \u0161eimos verslas, kuris prasid\u0117jo nuo meil\u0117s knygoms ir siekio i\u0161gelb\u0117ti knygas nuo likimo prie konteinerio. Kas vienam nereikalingas daiktas \u2013 kitam lobis, o mes esame tarpininkai, kurie padeda abiems tapti laimingesniems ???? \u017dinome kaip nelengva i\u0161gyventi ma\u017eiems verslams, tad nuo \u0161iol, \u010dia rasite ir kit\u0173, ma\u017e\u0173 \u0161eim\u0173 versl\u0173, rank\u0173 darbo, dovan\u0173 sau ir artimiesiems.\",\"publisher\":{\"@id\":\"https:\/\/skaitytaknyga.lt\/#organization\"},\"potentialAction\":[{\"@type\":\"SearchAction\",\"target\":{\"@type\":\"EntryPoint\",\"urlTemplate\":\"https:\/\/skaitytaknyga.lt\/?s={search_term_string}\"},\"query-input\":{\"@type\":\"PropertyValueSpecification\",\"valueRequired\":true,\"valueName\":\"search_term_string\"}}],\"inLanguage\":\"en-GB\"},{\"@type\":\"Organization\",\"@id\":\"https:\/\/skaitytaknyga.lt\/#organization\",\"name\":\"skaitytaknyga.lt\",\"url\":\"https:\/\/skaitytaknyga.lt\/\",\"logo\":{\"@type\":\"ImageObject\",\"inLanguage\":\"en-GB\",\"@id\":\"https:\/\/skaitytaknyga.lt\/#\/schema\/logo\/image\/\",\"url\":\"https:\/\/skaitytaknyga.lt\/wp-content\/uploads\/2024\/05\/cropped-cropped-cropped-02_00843_jt3bggkj1j3HLc7SyY6rEUpg.jpeg\",\"contentUrl\":\"https:\/\/skaitytaknyga.lt\/wp-content\/uploads\/2024\/05\/cropped-cropped-cropped-02_00843_jt3bggkj1j3HLc7SyY6rEUpg.jpeg\",\"width\":1600,\"height\":1600,\"caption\":\"skaitytaknyga.lt\"},\"image\":{\"@id\":\"https:\/\/skaitytaknyga.lt\/#\/schema\/logo\/image\/\"},\"sameAs\":[\"https:\/\/www.facebook.com\/skaitytaknyga\/\"]}]}<\/script>\n<!-- \/ Yoast SEO plugin. -->","yoast_head_json":{"title":"Stephen King \u201e\u0160vyt\u0117jimas\"","description":"Kultinis S. Kingo romanas! D\u017eekas Torensas buvo i\u0161mestas i\u0161 darbo universitete, kai nesusivald\u0119s smog\u0117 studentui. Atsiriboti nuo nemalonios praeities","robots":{"index":"index","follow":"follow","max-snippet":"max-snippet:-1","max-image-preview":"max-image-preview:large","max-video-preview":"max-video-preview:-1"},"canonical":"https:\/\/skaitytaknyga.lt\/en\/produktas\/stephen-king-svytejimas\/","og_locale":"en_GB","og_type":"article","og_title":"[:lt]Stephen King \u201e\u0160vyt\u0117jimas\"[:] - Skaitytaknyga","og_description":"Kultinis S. Kingo romanas! D\u017eekas Torensas buvo i\u0161mestas i\u0161 darbo universitete, kai nesusivald\u0119s smog\u0117 studentui. Atsiriboti nuo nemalonios praeities","og_url":"https:\/\/skaitytaknyga.lt\/en\/produktas\/stephen-king-svytejimas\/","og_site_name":"Skaitytaknyga","article_publisher":"https:\/\/www.facebook.com\/skaitytaknyga\/","article_modified_time":"2026-03-05T13:58:06+00:00","og_image":[{"width":486,"height":800,"url":"https:\/\/skaitytaknyga.lt\/wp-content\/uploads\/2024\/10\/Svytejimas.webp","type":"image\/webp"}],"twitter_card":"summary_large_image","twitter_misc":{"Estimated reading time":"2 minutes"},"schema":{"@context":"https:\/\/schema.org","@graph":[{"@type":"WebPage","@id":"https:\/\/skaitytaknyga.lt\/produktas\/stephen-king-svytejimas\/","url":"https:\/\/skaitytaknyga.lt\/produktas\/stephen-king-svytejimas\/","name":"Stephen King \u201e\u0160vyt\u0117jimas\"","isPartOf":{"@id":"https:\/\/skaitytaknyga.lt\/#website"},"primaryImageOfPage":{"@id":"https:\/\/skaitytaknyga.lt\/produktas\/stephen-king-svytejimas\/#primaryimage"},"image":{"@id":"https:\/\/skaitytaknyga.lt\/produktas\/stephen-king-svytejimas\/#primaryimage"},"thumbnailUrl":"https:\/\/skaitytaknyga.lt\/wp-content\/uploads\/2024\/10\/Svytejimas.webp","datePublished":"2024-10-15T07:49:43+00:00","dateModified":"2026-03-05T13:58:06+00:00","description":"Kultinis S. Kingo romanas! D\u017eekas Torensas buvo i\u0161mestas i\u0161 darbo universitete, kai nesusivald\u0119s smog\u0117 studentui. Atsiriboti nuo nemalonios praeities","breadcrumb":{"@id":"https:\/\/skaitytaknyga.lt\/produktas\/stephen-king-svytejimas\/#breadcrumb"},"inLanguage":"en-GB","potentialAction":[{"@type":"ReadAction","target":["https:\/\/skaitytaknyga.lt\/produktas\/stephen-king-svytejimas\/"]}]},{"@type":"ImageObject","inLanguage":"en-GB","@id":"https:\/\/skaitytaknyga.lt\/produktas\/stephen-king-svytejimas\/#primaryimage","url":"https:\/\/skaitytaknyga.lt\/wp-content\/uploads\/2024\/10\/Svytejimas.webp","contentUrl":"https:\/\/skaitytaknyga.lt\/wp-content\/uploads\/2024\/10\/Svytejimas.webp","width":486,"height":800,"caption":"Stephen King \u201e\u0160vyt\u0117jimas\""},{"@type":"BreadcrumbList","@id":"https:\/\/skaitytaknyga.lt\/produktas\/stephen-king-svytejimas\/#breadcrumb","itemListElement":[{"@type":"ListItem","position":1,"name":"Home","item":"https:\/\/skaitytaknyga.lt\/"},{"@type":"ListItem","position":2,"name":"Parduotuv\u0117","item":"https:\/\/skaitytaknyga.lt\/knygu-parduotuve\/"},{"@type":"ListItem","position":3,"name":"Stephen King \u201e\u0160vyt\u0117jimas&#8221;"}]},{"@type":"WebSite","@id":"https:\/\/skaitytaknyga.lt\/#website","url":"https:\/\/skaitytaknyga.lt\/","name":"skaitytaknyga.lt","description":"Skaitytaknyga.lt \u2013 tai ma\u017eas \u0161eimos verslas, kuris prasid\u0117jo nuo meil\u0117s knygoms ir siekio i\u0161gelb\u0117ti knygas nuo likimo prie konteinerio. Kas vienam nereikalingas daiktas \u2013 kitam lobis, o mes esame tarpininkai, kurie padeda abiems tapti laimingesniems ???? \u017dinome kaip nelengva i\u0161gyventi ma\u017eiems verslams, tad nuo \u0161iol, \u010dia rasite ir kit\u0173, ma\u017e\u0173 \u0161eim\u0173 versl\u0173, rank\u0173 darbo, dovan\u0173 sau ir artimiesiems.","publisher":{"@id":"https:\/\/skaitytaknyga.lt\/#organization"},"potentialAction":[{"@type":"SearchAction","target":{"@type":"EntryPoint","urlTemplate":"https:\/\/skaitytaknyga.lt\/?s={search_term_string}"},"query-input":{"@type":"PropertyValueSpecification","valueRequired":true,"valueName":"search_term_string"}}],"inLanguage":"en-GB"},{"@type":"Organization","@id":"https:\/\/skaitytaknyga.lt\/#organization","name":"skaitytaknyga.lt","url":"https:\/\/skaitytaknyga.lt\/","logo":{"@type":"ImageObject","inLanguage":"en-GB","@id":"https:\/\/skaitytaknyga.lt\/#\/schema\/logo\/image\/","url":"https:\/\/skaitytaknyga.lt\/wp-content\/uploads\/2024\/05\/cropped-cropped-cropped-02_00843_jt3bggkj1j3HLc7SyY6rEUpg.jpeg","contentUrl":"https:\/\/skaitytaknyga.lt\/wp-content\/uploads\/2024\/05\/cropped-cropped-cropped-02_00843_jt3bggkj1j3HLc7SyY6rEUpg.jpeg","width":1600,"height":1600,"caption":"skaitytaknyga.lt"},"image":{"@id":"https:\/\/skaitytaknyga.lt\/#\/schema\/logo\/image\/"},"sameAs":["https:\/\/www.facebook.com\/skaitytaknyga\/"]}]}},"_links":{"self":[{"href":"https:\/\/skaitytaknyga.lt\/en\/wp-json\/wp\/v2\/product\/14215","targetHints":{"allow":["GET"]}}],"collection":[{"href":"https:\/\/skaitytaknyga.lt\/en\/wp-json\/wp\/v2\/product"}],"about":[{"href":"https:\/\/skaitytaknyga.lt\/en\/wp-json\/wp\/v2\/types\/product"}],"replies":[{"embeddable":true,"href":"https:\/\/skaitytaknyga.lt\/en\/wp-json\/wp\/v2\/comments?post=14215"}],"wp:featuredmedia":[{"embeddable":true,"href":"https:\/\/skaitytaknyga.lt\/en\/wp-json\/wp\/v2\/media\/14223"}],"wp:attachment":[{"href":"https:\/\/skaitytaknyga.lt\/en\/wp-json\/wp\/v2\/media?parent=14215"}],"wp:term":[{"taxonomy":"product_brand","embeddable":true,"href":"https:\/\/skaitytaknyga.lt\/en\/wp-json\/wp\/v2\/product_brand?post=14215"},{"taxonomy":"product_cat","embeddable":true,"href":"https:\/\/skaitytaknyga.lt\/en\/wp-json\/wp\/v2\/product_cat?post=14215"},{"taxonomy":"product_tag","embeddable":true,"href":"https:\/\/skaitytaknyga.lt\/en\/wp-json\/wp\/v2\/product_tag?post=14215"}],"curies":[{"name":"wp","href":"https:\/\/api.w.org\/{rel}","templated":true}]}}