{"id":14211,"date":"2024-10-15T10:49:42","date_gmt":"2024-10-15T07:49:42","guid":{"rendered":"https:\/\/skaitytaknyga.lt\/?post_type=product&#038;p=14211"},"modified":"2026-03-18T13:17:49","modified_gmt":"2026-03-18T11:17:49","slug":"auksines-organizmo-valymo-ir-badavimo-taisykles","status":"publish","type":"product","link":"https:\/\/skaitytaknyga.lt\/en\/produktas\/auksines-organizmo-valymo-ir-badavimo-taisykles\/","title":{"rendered":"Auksin\u0117s organizmo valymo ir badavimo taisykl\u0117s"},"content":{"rendered":"<p><strong>KOD\u0116L \u017dMOGUS TURI VALYTI SAVO ORGANIZM\u0104?<\/strong><br \/>\n<strong>TINKAMAI ATLIKTAS VALYMAS PADEDA GREITAI SUREGULIUOTI U\u017dGESUSIAS GYVYBINES FUNKCIJAS.<\/strong><\/p>\n<p>\u0160i knyga skirta nusprendusiems i\u0161valyti savo organizm\u0105. Ji suteiks teorini\u0173 \u017eini\u0173 ir pad\u0117s proceso metu i\u0161vengti daugelio klaid\u0173, past\u016bm\u0117s tam pasiry\u017eus\u012f \u017emog\u0173 t\u0119sti savo sveikatos ir asmenyb\u0117s k\u016brimo proces\u0105, suteiks nelengvame darbe moralin\u0119 param\u0105.<\/p>\n<p>Knygoje lakoni\u0161kai i\u0161d\u0117stytos svarbiausios taisykl\u0117s, kurias privalo \u017einoti pasiry\u017eusieji valyti organizm\u0105 ir badauti.<\/p>\n<p>Badavimas \u2013 nuostabiausias organizmo valymo ir sveikatos gerinimo b\u016bdas. Su\u017einosite, kaip psichologi\u0161kai pasirengti, kaip teisingai prad\u0117ti badavim\u0105 ir j\u012f u\u017ebaigti, kokie procesai vyks j\u016bs\u0173 organizme prasid\u0117jus apsivalymui ir po jo, kaip \u012f tai reaguoti.<\/p>\n<p>Taisyklingai ir tinkamai i\u0161val\u0119 savo organizm\u0105, i\u0161spr\u0119site daugyb\u0119 sveikatos problem\u0173, atsikratysite \u017ealing\u0173 \u012fpro\u010di\u0173, patobulinsite karm\u0105, apvalysite siel\u0105 ir pa\u017einsite save.<\/p>\n<p>Jei \u012fsiklausysite \u012f autoriaus patarimus, tikrai i\u0161vengsite lemting\u0173 klaid\u0173, nepakenksite sau, savo sveikatai ir b\u016btinai pasveiksite!<\/p>\n<ul class=\"about-product d-none d-xl-block mt-4\">\n<li><strong>Autorius:<\/strong>\u00a0Gennadij Malachov<\/li>\n<li><strong>Leid\u0117jas:<\/strong>\u00a0Salybus<\/li>\n<li><strong>Metai:<\/strong>\u00a02010<\/li>\n<li><strong>Puslapiai:<\/strong>\u00a0320<\/li>\n<li class=\"toggleable type-new-formats \"><strong>ISBN:<\/strong>\u00a09789955983798<\/li>\n<li><strong>Versijos kodas:<\/strong>\u00a0PT.<\/li>\n<li class=\"toggleable type-new-formats \"><strong>Formatas:<\/strong>\u00a013,2 x 20,5 cm, kieti vir\u0161eliai<\/li>\n<li><strong>Kalba:<\/strong>\u00a0Lietuvi\u0173<\/li>\n<li><strong>Vert\u0117jas:<\/strong>\u00a0Nora Jazbutyt\u0117<\/li>\n<\/ul>\n","protected":false},"excerpt":{"rendered":"<p>KOD\u0116L \u017dMOGUS TURI VALYTI SAVO ORGANIZM\u0104? TINKAMAI ATLIKTAS VALYMAS PADEDA GREITAI SUREGULIUOTI U\u017dGESUSIAS GYVYBINES FUNKCIJAS. \u0160i knyga skirta nusprendusiems i\u0161valyti savo organizm\u0105. Ji suteiks teorini\u0173 \u017eini\u0173 ir pad\u0117s proceso metu i\u0161vengti daugelio klaid\u0173, past\u016bm\u0117s tam pasiry\u017eus\u012f \u017emog\u0173 t\u0119sti savo sveikatos ir asmenyb\u0117s k\u016brimo proces\u0105, suteiks nelengvame darbe moralin\u0119 param\u0105. Knygoje lakoni\u0161kai i\u0161d\u0117stytos svarbiausios taisykl\u0117s, kurias privalo \u017einoti pasiry\u017eusieji valyti organizm\u0105 ir badauti. Badavimas \u2013 nuostabiausias organizmo valymo ir sveikatos gerinimo b\u016bdas. Su\u017einosite, kaip psichologi\u0161kai pasirengti, kaip teisingai prad\u0117ti badavim\u0105 ir j\u012f u\u017ebaigti, kokie procesai vyks j\u016bs\u0173 organizme prasid\u0117jus apsivalymui ir po jo, kaip \u012f tai reaguoti. Taisyklingai ir tinkamai i\u0161val\u0119 savo organizm\u0105, i\u0161spr\u0119site daugyb\u0119 sveikatos problem\u0173, atsikratysite \u017ealing\u0173 \u012fpro\u010di\u0173, patobulinsite karm\u0105, apvalysite siel\u0105 ir pa\u017einsite save. Jei \u012fsiklausysite \u012f autoriaus patarimus, tikrai i\u0161vengsite lemting\u0173 klaid\u0173, nepakenksite sau, savo sveikatai ir b\u016btinai pasveiksite! Autorius:\u00a0Gennadij Malachov Leid\u0117jas:\u00a0Salybus Metai:\u00a02010 Puslapiai:\u00a0320 ISBN:\u00a09789955983798 Versijos kodas:\u00a0PT. Formatas:\u00a013,2 x 20,5 cm, kieti vir\u0161eliai Kalba:\u00a0Lietuvi\u0173 Vert\u0117jas:\u00a0Nora Jazbutyt\u0117<\/p>\n","protected":false},"featured_media":14227,"comment_status":"open","ping_status":"closed","template":"","meta":{"_acf_changed":false,"site-sidebar-layout":"default","site-content-layout":"","ast-site-content-layout":"default","site-content-style":"default","site-sidebar-style":"default","ast-global-header-display":"","ast-banner-title-visibility":"","ast-main-header-display":"","ast-hfb-above-header-display":"","ast-hfb-below-header-display":"","ast-hfb-mobile-header-display":"","site-post-title":"","ast-breadcrumbs-content":"","ast-featured-img":"","footer-sml-layout":"","ast-disable-related-posts":"","theme-transparent-header-meta":"default","adv-header-id-meta":"","stick-header-meta":"","header-above-stick-meta":"","header-main-stick-meta":"","header-below-stick-meta":"","astra-migrate-meta-layouts":"set","ast-page-background-enabled":"default","ast-page-background-meta":{"desktop":{"background-color":"","background-image":"","background-repeat":"repeat","background-position":"center center","background-size":"auto","background-attachment":"scroll","background-type":"","background-media":"","overlay-type":"","overlay-color":"","overlay-opacity":"","overlay-gradient":""},"tablet":{"background-color":"","background-image":"","background-repeat":"repeat","background-position":"center center","background-size":"auto","background-attachment":"scroll","background-type":"","background-media":"","overlay-type":"","overlay-color":"","overlay-opacity":"","overlay-gradient":""},"mobile":{"background-color":"","background-image":"","background-repeat":"repeat","background-position":"center center","background-size":"auto","background-attachment":"scroll","background-type":"","background-media":"","overlay-type":"","overlay-color":"","overlay-opacity":"","overlay-gradient":""}},"ast-content-background-meta":{"desktop":{"background-color":"var(--ast-global-color-4)","background-image":"","background-repeat":"repeat","background-position":"center center","background-size":"auto","background-attachment":"scroll","background-type":"","background-media":"","overlay-type":"","overlay-color":"","overlay-opacity":"","overlay-gradient":""},"tablet":{"background-color":"var(--ast-global-color-4)","background-image":"","background-repeat":"repeat","background-position":"center center","background-size":"auto","background-attachment":"scroll","background-type":"","background-media":"","overlay-type":"","overlay-color":"","overlay-opacity":"","overlay-gradient":""},"mobile":{"background-color":"var(--ast-global-color-4)","background-image":"","background-repeat":"repeat","background-position":"center center","background-size":"auto","background-attachment":"scroll","background-type":"","background-media":"","overlay-type":"","overlay-color":"","overlay-opacity":"","overlay-gradient":""}}},"product_brand":[],"product_cat":[9855,15],"product_tag":[],"class_list":{"0":"post-14211","1":"product","2":"type-product","3":"status-publish","4":"has-post-thumbnail","6":"product_cat-mityba-ir-dieta","7":"product_cat-uncategorized","8":"desktop-align-left","9":"tablet-align-left","10":"mobile-align-left","12":"first","13":"outofstock","14":"shipping-taxable","15":"purchasable","16":"product-type-simple"},"acf":[],"yoast_head":"<!-- This site is optimized with the Yoast SEO plugin v27.0 - https:\/\/yoast.com\/product\/yoast-seo-wordpress\/ -->\n<title>Auksin\u0117s organizmo valymo ir badavimo taisykl\u0117s<\/title>\n<meta name=\"description\" content=\"KOD\u0116L \u017dMOGUS TURI VALYTI SAVO ORGANIZM\u0104? TINKAMAI ATLIKTAS VALYMAS PADEDA GREITAI SUREGULIUOTI U\u017dGESUSIAS GYVYBINES FUNKCIJAS. \u0160i knyga skirta\" \/>\n<meta name=\"robots\" content=\"index, follow, max-snippet:-1, max-image-preview:large, max-video-preview:-1\" \/>\n<link rel=\"canonical\" href=\"https:\/\/skaitytaknyga.lt\/en\/produktas\/auksines-organizmo-valymo-ir-badavimo-taisykles\/\" \/>\n<meta property=\"og:locale\" content=\"en_GB\" \/>\n<meta property=\"og:locale:alternate\" content=\"lt_LT\" \/>\n<meta property=\"og:type\" content=\"article\" \/>\n<meta property=\"og:title\" content=\"Auksin\u0117s organizmo valymo ir badavimo taisykl\u0117s\" \/>\n<meta property=\"og:description\" content=\"KOD\u0116L \u017dMOGUS TURI VALYTI SAVO ORGANIZM\u0104? TINKAMAI ATLIKTAS VALYMAS PADEDA GREITAI SUREGULIUOTI U\u017dGESUSIAS GYVYBINES FUNKCIJAS. \u0160i knyga skirta\" \/>\n<meta property=\"og:url\" content=\"https:\/\/skaitytaknyga.lt\/en\/produktas\/auksines-organizmo-valymo-ir-badavimo-taisykles\/\" \/>\n<meta property=\"og:site_name\" content=\"Skaitytaknyga\" \/>\n<meta property=\"article:publisher\" content=\"https:\/\/www.facebook.com\/skaitytaknyga\/\" \/>\n<meta property=\"article:modified_time\" content=\"2026-03-18T11:17:49+00:00\" \/>\n<meta property=\"og:image\" content=\"https:\/\/skaitytaknyga.lt\/wp-content\/uploads\/2024\/10\/Auksines-organizmo-valymo-ir-badavimo-taisykles.webp\" \/>\n\t<meta property=\"og:image:width\" content=\"513\" \/>\n\t<meta property=\"og:image:height\" content=\"800\" \/>\n\t<meta property=\"og:image:type\" content=\"image\/webp\" \/>\n<meta name=\"twitter:card\" content=\"summary_large_image\" \/>\n<meta name=\"twitter:label1\" content=\"Estimated reading time\" \/>\n\t<meta name=\"twitter:data1\" content=\"2 minutes\" \/>\n<script type=\"application\/ld+json\" class=\"yoast-schema-graph\">{\"@context\":\"https:\/\/schema.org\",\"@graph\":[{\"@type\":\"WebPage\",\"@id\":\"https:\/\/skaitytaknyga.lt\/produktas\/auksines-organizmo-valymo-ir-badavimo-taisykles\/\",\"url\":\"https:\/\/skaitytaknyga.lt\/produktas\/auksines-organizmo-valymo-ir-badavimo-taisykles\/\",\"name\":\"Auksin\u0117s organizmo valymo ir badavimo taisykl\u0117s\",\"isPartOf\":{\"@id\":\"https:\/\/skaitytaknyga.lt\/#website\"},\"primaryImageOfPage\":{\"@id\":\"https:\/\/skaitytaknyga.lt\/produktas\/auksines-organizmo-valymo-ir-badavimo-taisykles\/#primaryimage\"},\"image\":{\"@id\":\"https:\/\/skaitytaknyga.lt\/produktas\/auksines-organizmo-valymo-ir-badavimo-taisykles\/#primaryimage\"},\"thumbnailUrl\":\"https:\/\/skaitytaknyga.lt\/wp-content\/uploads\/2024\/10\/Auksines-organizmo-valymo-ir-badavimo-taisykles.webp\",\"datePublished\":\"2024-10-15T07:49:42+00:00\",\"dateModified\":\"2026-03-18T11:17:49+00:00\",\"description\":\"KOD\u0116L \u017dMOGUS TURI VALYTI SAVO ORGANIZM\u0104? TINKAMAI ATLIKTAS VALYMAS PADEDA GREITAI SUREGULIUOTI U\u017dGESUSIAS GYVYBINES FUNKCIJAS. \u0160i knyga skirta\",\"breadcrumb\":{\"@id\":\"https:\/\/skaitytaknyga.lt\/produktas\/auksines-organizmo-valymo-ir-badavimo-taisykles\/#breadcrumb\"},\"inLanguage\":\"en-GB\",\"potentialAction\":[{\"@type\":\"ReadAction\",\"target\":[\"https:\/\/skaitytaknyga.lt\/produktas\/auksines-organizmo-valymo-ir-badavimo-taisykles\/\"]}]},{\"@type\":\"ImageObject\",\"inLanguage\":\"en-GB\",\"@id\":\"https:\/\/skaitytaknyga.lt\/produktas\/auksines-organizmo-valymo-ir-badavimo-taisykles\/#primaryimage\",\"url\":\"https:\/\/skaitytaknyga.lt\/wp-content\/uploads\/2024\/10\/Auksines-organizmo-valymo-ir-badavimo-taisykles.webp\",\"contentUrl\":\"https:\/\/skaitytaknyga.lt\/wp-content\/uploads\/2024\/10\/Auksines-organizmo-valymo-ir-badavimo-taisykles.webp\",\"width\":513,\"height\":800,\"caption\":\"Auksin\u0117s organizmo valymo ir badavimo taisykl\u0117s\"},{\"@type\":\"BreadcrumbList\",\"@id\":\"https:\/\/skaitytaknyga.lt\/produktas\/auksines-organizmo-valymo-ir-badavimo-taisykles\/#breadcrumb\",\"itemListElement\":[{\"@type\":\"ListItem\",\"position\":1,\"name\":\"Home\",\"item\":\"https:\/\/skaitytaknyga.lt\/\"},{\"@type\":\"ListItem\",\"position\":2,\"name\":\"Parduotuv\u0117\",\"item\":\"https:\/\/skaitytaknyga.lt\/knygu-parduotuve\/\"},{\"@type\":\"ListItem\",\"position\":3,\"name\":\"Auksin\u0117s organizmo valymo ir badavimo taisykl\u0117s\"}]},{\"@type\":\"WebSite\",\"@id\":\"https:\/\/skaitytaknyga.lt\/#website\",\"url\":\"https:\/\/skaitytaknyga.lt\/\",\"name\":\"skaitytaknyga.lt\",\"description\":\"Skaitytaknyga.lt \u2013 tai ma\u017eas \u0161eimos verslas, kuris prasid\u0117jo nuo meil\u0117s knygoms ir siekio i\u0161gelb\u0117ti knygas nuo likimo prie konteinerio. Kas vienam nereikalingas daiktas \u2013 kitam lobis, o mes esame tarpininkai, kurie padeda abiems tapti laimingesniems ???? \u017dinome kaip nelengva i\u0161gyventi ma\u017eiems verslams, tad nuo \u0161iol, \u010dia rasite ir kit\u0173, ma\u017e\u0173 \u0161eim\u0173 versl\u0173, rank\u0173 darbo, dovan\u0173 sau ir artimiesiems.\",\"publisher\":{\"@id\":\"https:\/\/skaitytaknyga.lt\/#organization\"},\"potentialAction\":[{\"@type\":\"SearchAction\",\"target\":{\"@type\":\"EntryPoint\",\"urlTemplate\":\"https:\/\/skaitytaknyga.lt\/?s={search_term_string}\"},\"query-input\":{\"@type\":\"PropertyValueSpecification\",\"valueRequired\":true,\"valueName\":\"search_term_string\"}}],\"inLanguage\":\"en-GB\"},{\"@type\":\"Organization\",\"@id\":\"https:\/\/skaitytaknyga.lt\/#organization\",\"name\":\"skaitytaknyga.lt\",\"url\":\"https:\/\/skaitytaknyga.lt\/\",\"logo\":{\"@type\":\"ImageObject\",\"inLanguage\":\"en-GB\",\"@id\":\"https:\/\/skaitytaknyga.lt\/#\/schema\/logo\/image\/\",\"url\":\"https:\/\/skaitytaknyga.lt\/wp-content\/uploads\/2024\/05\/cropped-cropped-cropped-02_00843_jt3bggkj1j3HLc7SyY6rEUpg.jpeg\",\"contentUrl\":\"https:\/\/skaitytaknyga.lt\/wp-content\/uploads\/2024\/05\/cropped-cropped-cropped-02_00843_jt3bggkj1j3HLc7SyY6rEUpg.jpeg\",\"width\":1600,\"height\":1600,\"caption\":\"skaitytaknyga.lt\"},\"image\":{\"@id\":\"https:\/\/skaitytaknyga.lt\/#\/schema\/logo\/image\/\"},\"sameAs\":[\"https:\/\/www.facebook.com\/skaitytaknyga\/\"]}]}<\/script>\n<!-- \/ Yoast SEO plugin. -->","yoast_head_json":{"title":"Auksin\u0117s organizmo valymo ir badavimo taisykl\u0117s","description":"KOD\u0116L \u017dMOGUS TURI VALYTI SAVO ORGANIZM\u0104? TINKAMAI ATLIKTAS VALYMAS PADEDA GREITAI SUREGULIUOTI U\u017dGESUSIAS GYVYBINES FUNKCIJAS. \u0160i knyga skirta","robots":{"index":"index","follow":"follow","max-snippet":"max-snippet:-1","max-image-preview":"max-image-preview:large","max-video-preview":"max-video-preview:-1"},"canonical":"https:\/\/skaitytaknyga.lt\/en\/produktas\/auksines-organizmo-valymo-ir-badavimo-taisykles\/","og_locale":"en_GB","og_type":"article","og_title":"[:lt]Auksin\u0117s organizmo valymo ir badavimo taisykl\u0117s[:] - Skaitytaknyga","og_description":"KOD\u0116L \u017dMOGUS TURI VALYTI SAVO ORGANIZM\u0104? TINKAMAI ATLIKTAS VALYMAS PADEDA GREITAI SUREGULIUOTI U\u017dGESUSIAS GYVYBINES FUNKCIJAS. \u0160i knyga skirta","og_url":"https:\/\/skaitytaknyga.lt\/en\/produktas\/auksines-organizmo-valymo-ir-badavimo-taisykles\/","og_site_name":"Skaitytaknyga","article_publisher":"https:\/\/www.facebook.com\/skaitytaknyga\/","article_modified_time":"2026-03-18T11:17:49+00:00","og_image":[{"width":513,"height":800,"url":"https:\/\/skaitytaknyga.lt\/wp-content\/uploads\/2024\/10\/Auksines-organizmo-valymo-ir-badavimo-taisykles.webp","type":"image\/webp"}],"twitter_card":"summary_large_image","twitter_misc":{"Estimated reading time":"2 minutes"},"schema":{"@context":"https:\/\/schema.org","@graph":[{"@type":"WebPage","@id":"https:\/\/skaitytaknyga.lt\/produktas\/auksines-organizmo-valymo-ir-badavimo-taisykles\/","url":"https:\/\/skaitytaknyga.lt\/produktas\/auksines-organizmo-valymo-ir-badavimo-taisykles\/","name":"Auksin\u0117s organizmo valymo ir badavimo taisykl\u0117s","isPartOf":{"@id":"https:\/\/skaitytaknyga.lt\/#website"},"primaryImageOfPage":{"@id":"https:\/\/skaitytaknyga.lt\/produktas\/auksines-organizmo-valymo-ir-badavimo-taisykles\/#primaryimage"},"image":{"@id":"https:\/\/skaitytaknyga.lt\/produktas\/auksines-organizmo-valymo-ir-badavimo-taisykles\/#primaryimage"},"thumbnailUrl":"https:\/\/skaitytaknyga.lt\/wp-content\/uploads\/2024\/10\/Auksines-organizmo-valymo-ir-badavimo-taisykles.webp","datePublished":"2024-10-15T07:49:42+00:00","dateModified":"2026-03-18T11:17:49+00:00","description":"KOD\u0116L \u017dMOGUS TURI VALYTI SAVO ORGANIZM\u0104? TINKAMAI ATLIKTAS VALYMAS PADEDA GREITAI SUREGULIUOTI U\u017dGESUSIAS GYVYBINES FUNKCIJAS. \u0160i knyga skirta","breadcrumb":{"@id":"https:\/\/skaitytaknyga.lt\/produktas\/auksines-organizmo-valymo-ir-badavimo-taisykles\/#breadcrumb"},"inLanguage":"en-GB","potentialAction":[{"@type":"ReadAction","target":["https:\/\/skaitytaknyga.lt\/produktas\/auksines-organizmo-valymo-ir-badavimo-taisykles\/"]}]},{"@type":"ImageObject","inLanguage":"en-GB","@id":"https:\/\/skaitytaknyga.lt\/produktas\/auksines-organizmo-valymo-ir-badavimo-taisykles\/#primaryimage","url":"https:\/\/skaitytaknyga.lt\/wp-content\/uploads\/2024\/10\/Auksines-organizmo-valymo-ir-badavimo-taisykles.webp","contentUrl":"https:\/\/skaitytaknyga.lt\/wp-content\/uploads\/2024\/10\/Auksines-organizmo-valymo-ir-badavimo-taisykles.webp","width":513,"height":800,"caption":"Auksin\u0117s organizmo valymo ir badavimo taisykl\u0117s"},{"@type":"BreadcrumbList","@id":"https:\/\/skaitytaknyga.lt\/produktas\/auksines-organizmo-valymo-ir-badavimo-taisykles\/#breadcrumb","itemListElement":[{"@type":"ListItem","position":1,"name":"Home","item":"https:\/\/skaitytaknyga.lt\/"},{"@type":"ListItem","position":2,"name":"Parduotuv\u0117","item":"https:\/\/skaitytaknyga.lt\/knygu-parduotuve\/"},{"@type":"ListItem","position":3,"name":"Auksin\u0117s organizmo valymo ir badavimo taisykl\u0117s"}]},{"@type":"WebSite","@id":"https:\/\/skaitytaknyga.lt\/#website","url":"https:\/\/skaitytaknyga.lt\/","name":"skaitytaknyga.lt","description":"Skaitytaknyga.lt \u2013 tai ma\u017eas \u0161eimos verslas, kuris prasid\u0117jo nuo meil\u0117s knygoms ir siekio i\u0161gelb\u0117ti knygas nuo likimo prie konteinerio. Kas vienam nereikalingas daiktas \u2013 kitam lobis, o mes esame tarpininkai, kurie padeda abiems tapti laimingesniems ???? \u017dinome kaip nelengva i\u0161gyventi ma\u017eiems verslams, tad nuo \u0161iol, \u010dia rasite ir kit\u0173, ma\u017e\u0173 \u0161eim\u0173 versl\u0173, rank\u0173 darbo, dovan\u0173 sau ir artimiesiems.","publisher":{"@id":"https:\/\/skaitytaknyga.lt\/#organization"},"potentialAction":[{"@type":"SearchAction","target":{"@type":"EntryPoint","urlTemplate":"https:\/\/skaitytaknyga.lt\/?s={search_term_string}"},"query-input":{"@type":"PropertyValueSpecification","valueRequired":true,"valueName":"search_term_string"}}],"inLanguage":"en-GB"},{"@type":"Organization","@id":"https:\/\/skaitytaknyga.lt\/#organization","name":"skaitytaknyga.lt","url":"https:\/\/skaitytaknyga.lt\/","logo":{"@type":"ImageObject","inLanguage":"en-GB","@id":"https:\/\/skaitytaknyga.lt\/#\/schema\/logo\/image\/","url":"https:\/\/skaitytaknyga.lt\/wp-content\/uploads\/2024\/05\/cropped-cropped-cropped-02_00843_jt3bggkj1j3HLc7SyY6rEUpg.jpeg","contentUrl":"https:\/\/skaitytaknyga.lt\/wp-content\/uploads\/2024\/05\/cropped-cropped-cropped-02_00843_jt3bggkj1j3HLc7SyY6rEUpg.jpeg","width":1600,"height":1600,"caption":"skaitytaknyga.lt"},"image":{"@id":"https:\/\/skaitytaknyga.lt\/#\/schema\/logo\/image\/"},"sameAs":["https:\/\/www.facebook.com\/skaitytaknyga\/"]}]}},"_links":{"self":[{"href":"https:\/\/skaitytaknyga.lt\/en\/wp-json\/wp\/v2\/product\/14211","targetHints":{"allow":["GET"]}}],"collection":[{"href":"https:\/\/skaitytaknyga.lt\/en\/wp-json\/wp\/v2\/product"}],"about":[{"href":"https:\/\/skaitytaknyga.lt\/en\/wp-json\/wp\/v2\/types\/product"}],"replies":[{"embeddable":true,"href":"https:\/\/skaitytaknyga.lt\/en\/wp-json\/wp\/v2\/comments?post=14211"}],"wp:featuredmedia":[{"embeddable":true,"href":"https:\/\/skaitytaknyga.lt\/en\/wp-json\/wp\/v2\/media\/14227"}],"wp:attachment":[{"href":"https:\/\/skaitytaknyga.lt\/en\/wp-json\/wp\/v2\/media?parent=14211"}],"wp:term":[{"taxonomy":"product_brand","embeddable":true,"href":"https:\/\/skaitytaknyga.lt\/en\/wp-json\/wp\/v2\/product_brand?post=14211"},{"taxonomy":"product_cat","embeddable":true,"href":"https:\/\/skaitytaknyga.lt\/en\/wp-json\/wp\/v2\/product_cat?post=14211"},{"taxonomy":"product_tag","embeddable":true,"href":"https:\/\/skaitytaknyga.lt\/en\/wp-json\/wp\/v2\/product_tag?post=14211"}],"curies":[{"name":"wp","href":"https:\/\/api.w.org\/{rel}","templated":true}]}}