{"id":14194,"date":"2024-10-12T18:27:41","date_gmt":"2024-10-12T15:27:41","guid":{"rendered":"https:\/\/skaitytaknyga.lt\/?post_type=product&#038;p=14194"},"modified":"2026-03-18T13:28:33","modified_gmt":"2026-03-18T11:28:33","slug":"gydymas-vaistiniais-augalais","status":"publish","type":"product","link":"https:\/\/skaitytaknyga.lt\/en\/produktas\/gydymas-vaistiniais-augalais\/","title":{"rendered":"Gydymas vaistiniais augalais"},"content":{"rendered":"<p>Gydytojas Juozas Stirbys gim\u0117 1941 m. gegu\u017e\u0117s 8 d. Taurag\u0117s rajono Stirbai\u010di\u0173 kaime. 1959 m. baig\u0117 Gaur\u0117s vidurin\u0119 mokykl\u0105, 1972 m. &#8211; Vilniaus universiteto Medicinos fakultet\u0105 ir \u012fgijo vaik\u0173 lig\u0173 gydytojo profesin\u0119 kvalifikacij\u0105.<br \/>\nGyvena Vilniuje, dirba Respublikin\u0117je Vilniaus universitetin\u0117je vaik\u0173 ligonin\u0117je. Juozas Stirbys daug dirbo tirdamas ir rinkdamas augalus, juos pritaikydamas gydymo tikslams. Jis i\u0161gyd\u0117 daug sunki\u0173 ligoni\u0173, sergan\u010di\u0173 kraujo v\u0117\u017eiu, sepsiu, ven\u0173 tromboze, inkst\u0173 akmenlige, hepatitu, skrand\u017eio ir dvylikapir\u0161t\u0117s \u017earnos opalige, tiesiosios \u017earnos i\u0161kritimu, hemorojumi, hipertireoze (struma), raudon\u0105ja vilklige, l\u0117tiniu tonzilitu, prostatitu, \u0161lapimo p\u016bsl\u0117s u\u017edegimu, \u0161lapimo nelaikymu, radikulitu, hipertenzine liga, paraly\u017eiumi, egzema. Gydytojas Stirbys su malonumu perteikia savo gydymo patirt\u012f kitiems.<\/p>\n<ul class=\"about-product d-none d-xl-block mt-4\">\n<li><strong>Autorius:<\/strong>\u00a0Juozas Stirbys<\/li>\n<li><strong>Leid\u0117jas:<\/strong>\u00a0Tyto alba<\/li>\n<li><strong>Metai:<\/strong>\u00a02006<\/li>\n<li><strong>Puslapiai:<\/strong>\u00a088<\/li>\n<li class=\"toggleable type-new-formats \"><strong>ISBN:<\/strong>\u00a09789986164982<\/li>\n<li><strong>Versijos kodas:<\/strong>\u00a0PT.<\/li>\n<li class=\"toggleable type-new-formats \"><strong>Formatas:<\/strong>\u00a013 x 20 cm, mink\u0161ti vir\u0161eliai<\/li>\n<li><strong>Kalba:<\/strong>\u00a0Lietuvi\u0173<\/li>\n<\/ul>\n","protected":false},"excerpt":{"rendered":"<p>Gydytojas Juozas Stirbys gim\u0117 1941 m. gegu\u017e\u0117s 8 d. Taurag\u0117s rajono Stirbai\u010di\u0173 kaime. 1959 m. baig\u0117 Gaur\u0117s vidurin\u0119 mokykl\u0105, 1972 m. &#8211; Vilniaus universiteto Medicinos fakultet\u0105 ir \u012fgijo vaik\u0173 lig\u0173 gydytojo profesin\u0119 kvalifikacij\u0105. Gyvena Vilniuje, dirba Respublikin\u0117je Vilniaus universitetin\u0117je vaik\u0173 ligonin\u0117je. Juozas Stirbys daug dirbo tirdamas ir rinkdamas augalus, juos pritaikydamas gydymo tikslams. Jis i\u0161gyd\u0117 daug sunki\u0173 ligoni\u0173, sergan\u010di\u0173 kraujo v\u0117\u017eiu, sepsiu, ven\u0173 tromboze, inkst\u0173 akmenlige, hepatitu, skrand\u017eio ir dvylikapir\u0161t\u0117s \u017earnos opalige, tiesiosios \u017earnos i\u0161kritimu, hemorojumi, hipertireoze (struma), raudon\u0105ja vilklige, l\u0117tiniu tonzilitu, prostatitu, \u0161lapimo p\u016bsl\u0117s u\u017edegimu, \u0161lapimo nelaikymu, radikulitu, hipertenzine liga, paraly\u017eiumi, egzema. Gydytojas Stirbys su malonumu perteikia savo gydymo patirt\u012f kitiems. Autorius:\u00a0Juozas Stirbys Leid\u0117jas:\u00a0Tyto alba Metai:\u00a02006 Puslapiai:\u00a088 ISBN:\u00a09789986164982 Versijos kodas:\u00a0PT. Formatas:\u00a013 x 20 cm, mink\u0161ti vir\u0161eliai Kalba:\u00a0Lietuvi\u0173<\/p>\n","protected":false},"featured_media":14204,"comment_status":"open","ping_status":"closed","template":"","meta":{"_acf_changed":false,"site-sidebar-layout":"default","site-content-layout":"","ast-site-content-layout":"default","site-content-style":"default","site-sidebar-style":"default","ast-global-header-display":"","ast-banner-title-visibility":"","ast-main-header-display":"","ast-hfb-above-header-display":"","ast-hfb-below-header-display":"","ast-hfb-mobile-header-display":"","site-post-title":"","ast-breadcrumbs-content":"","ast-featured-img":"","footer-sml-layout":"","ast-disable-related-posts":"","theme-transparent-header-meta":"default","adv-header-id-meta":"","stick-header-meta":"","header-above-stick-meta":"","header-main-stick-meta":"","header-below-stick-meta":"","astra-migrate-meta-layouts":"set","ast-page-background-enabled":"default","ast-page-background-meta":{"desktop":{"background-color":"","background-image":"","background-repeat":"repeat","background-position":"center center","background-size":"auto","background-attachment":"scroll","background-type":"","background-media":"","overlay-type":"","overlay-color":"","overlay-opacity":"","overlay-gradient":""},"tablet":{"background-color":"","background-image":"","background-repeat":"repeat","background-position":"center center","background-size":"auto","background-attachment":"scroll","background-type":"","background-media":"","overlay-type":"","overlay-color":"","overlay-opacity":"","overlay-gradient":""},"mobile":{"background-color":"","background-image":"","background-repeat":"repeat","background-position":"center center","background-size":"auto","background-attachment":"scroll","background-type":"","background-media":"","overlay-type":"","overlay-color":"","overlay-opacity":"","overlay-gradient":""}},"ast-content-background-meta":{"desktop":{"background-color":"var(--ast-global-color-4)","background-image":"","background-repeat":"repeat","background-position":"center center","background-size":"auto","background-attachment":"scroll","background-type":"","background-media":"","overlay-type":"","overlay-color":"","overlay-opacity":"","overlay-gradient":""},"tablet":{"background-color":"var(--ast-global-color-4)","background-image":"","background-repeat":"repeat","background-position":"center center","background-size":"auto","background-attachment":"scroll","background-type":"","background-media":"","overlay-type":"","overlay-color":"","overlay-opacity":"","overlay-gradient":""},"mobile":{"background-color":"var(--ast-global-color-4)","background-image":"","background-repeat":"repeat","background-position":"center center","background-size":"auto","background-attachment":"scroll","background-type":"","background-media":"","overlay-type":"","overlay-color":"","overlay-opacity":"","overlay-gradient":""}}},"product_brand":[],"product_cat":[9853,15,55],"product_tag":[],"class_list":{"0":"post-14194","1":"product","2":"type-product","3":"status-publish","4":"has-post-thumbnail","6":"product_cat-augalai","7":"product_cat-uncategorized","8":"product_cat-sveikata-ir-sveika-mityba","9":"desktop-align-left","10":"tablet-align-left","11":"mobile-align-left","13":"first","14":"instock","15":"shipping-taxable","16":"purchasable","17":"product-type-simple"},"acf":[],"yoast_head":"<!-- This site is optimized with the Yoast SEO plugin v27.0 - https:\/\/yoast.com\/product\/yoast-seo-wordpress\/ -->\n<title>Gydymas vaistiniais augalais<\/title>\n<meta name=\"description\" content=\"Gydytojas Juozas Stirbys gim\u0117 1941 m. gegu\u017e\u0117s 8 d. Taurag\u0117s rajono Stirbai\u010di\u0173 kaime. 1959 m. baig\u0117 Gaur\u0117s vidurin\u0119 mokykl\u0105, 1972 m. - Vilniaus\" \/>\n<meta name=\"robots\" content=\"index, follow, max-snippet:-1, max-image-preview:large, max-video-preview:-1\" \/>\n<link rel=\"canonical\" href=\"https:\/\/skaitytaknyga.lt\/en\/produktas\/gydymas-vaistiniais-augalais\/\" \/>\n<meta property=\"og:locale\" content=\"en_GB\" \/>\n<meta property=\"og:locale:alternate\" content=\"lt_LT\" \/>\n<meta property=\"og:type\" content=\"article\" \/>\n<meta property=\"og:title\" content=\"Gydymas vaistiniais augalais\" \/>\n<meta property=\"og:description\" content=\"Gydytojas Juozas Stirbys gim\u0117 1941 m. gegu\u017e\u0117s 8 d. Taurag\u0117s rajono Stirbai\u010di\u0173 kaime. 1959 m. baig\u0117 Gaur\u0117s vidurin\u0119 mokykl\u0105, 1972 m. - Vilniaus\" \/>\n<meta property=\"og:url\" content=\"https:\/\/skaitytaknyga.lt\/en\/produktas\/gydymas-vaistiniais-augalais\/\" \/>\n<meta property=\"og:site_name\" content=\"Skaitytaknyga\" \/>\n<meta property=\"article:publisher\" content=\"https:\/\/www.facebook.com\/skaitytaknyga\/\" \/>\n<meta property=\"article:modified_time\" content=\"2026-03-18T11:28:33+00:00\" \/>\n<meta property=\"og:image\" content=\"https:\/\/skaitytaknyga.lt\/wp-content\/uploads\/2024\/10\/Gydymas-vaistiniais-augalais.webp\" \/>\n\t<meta property=\"og:image:width\" content=\"528\" \/>\n\t<meta property=\"og:image:height\" content=\"799\" \/>\n\t<meta property=\"og:image:type\" content=\"image\/webp\" \/>\n<meta name=\"twitter:card\" content=\"summary_large_image\" \/>\n<meta name=\"twitter:label1\" content=\"Estimated reading time\" \/>\n\t<meta name=\"twitter:data1\" content=\"1 minute\" \/>\n<script type=\"application\/ld+json\" class=\"yoast-schema-graph\">{\"@context\":\"https:\/\/schema.org\",\"@graph\":[{\"@type\":\"WebPage\",\"@id\":\"https:\/\/skaitytaknyga.lt\/produktas\/gydymas-vaistiniais-augalais\/\",\"url\":\"https:\/\/skaitytaknyga.lt\/produktas\/gydymas-vaistiniais-augalais\/\",\"name\":\"Gydymas vaistiniais augalais\",\"isPartOf\":{\"@id\":\"https:\/\/skaitytaknyga.lt\/#website\"},\"primaryImageOfPage\":{\"@id\":\"https:\/\/skaitytaknyga.lt\/produktas\/gydymas-vaistiniais-augalais\/#primaryimage\"},\"image\":{\"@id\":\"https:\/\/skaitytaknyga.lt\/produktas\/gydymas-vaistiniais-augalais\/#primaryimage\"},\"thumbnailUrl\":\"https:\/\/skaitytaknyga.lt\/wp-content\/uploads\/2024\/10\/Gydymas-vaistiniais-augalais.webp\",\"datePublished\":\"2024-10-12T15:27:41+00:00\",\"dateModified\":\"2026-03-18T11:28:33+00:00\",\"description\":\"Gydytojas Juozas Stirbys gim\u0117 1941 m. gegu\u017e\u0117s 8 d. Taurag\u0117s rajono Stirbai\u010di\u0173 kaime. 1959 m. baig\u0117 Gaur\u0117s vidurin\u0119 mokykl\u0105, 1972 m. - Vilniaus\",\"breadcrumb\":{\"@id\":\"https:\/\/skaitytaknyga.lt\/produktas\/gydymas-vaistiniais-augalais\/#breadcrumb\"},\"inLanguage\":\"en-GB\",\"potentialAction\":[{\"@type\":\"ReadAction\",\"target\":[\"https:\/\/skaitytaknyga.lt\/produktas\/gydymas-vaistiniais-augalais\/\"]}]},{\"@type\":\"ImageObject\",\"inLanguage\":\"en-GB\",\"@id\":\"https:\/\/skaitytaknyga.lt\/produktas\/gydymas-vaistiniais-augalais\/#primaryimage\",\"url\":\"https:\/\/skaitytaknyga.lt\/wp-content\/uploads\/2024\/10\/Gydymas-vaistiniais-augalais.webp\",\"contentUrl\":\"https:\/\/skaitytaknyga.lt\/wp-content\/uploads\/2024\/10\/Gydymas-vaistiniais-augalais.webp\",\"width\":528,\"height\":799,\"caption\":\"Gydymas vaistiniais augalais\"},{\"@type\":\"BreadcrumbList\",\"@id\":\"https:\/\/skaitytaknyga.lt\/produktas\/gydymas-vaistiniais-augalais\/#breadcrumb\",\"itemListElement\":[{\"@type\":\"ListItem\",\"position\":1,\"name\":\"Home\",\"item\":\"https:\/\/skaitytaknyga.lt\/\"},{\"@type\":\"ListItem\",\"position\":2,\"name\":\"Parduotuv\u0117\",\"item\":\"https:\/\/skaitytaknyga.lt\/knygu-parduotuve\/\"},{\"@type\":\"ListItem\",\"position\":3,\"name\":\"Gydymas vaistiniais augalais\"}]},{\"@type\":\"WebSite\",\"@id\":\"https:\/\/skaitytaknyga.lt\/#website\",\"url\":\"https:\/\/skaitytaknyga.lt\/\",\"name\":\"skaitytaknyga.lt\",\"description\":\"Skaitytaknyga.lt \u2013 tai ma\u017eas \u0161eimos verslas, kuris prasid\u0117jo nuo meil\u0117s knygoms ir siekio i\u0161gelb\u0117ti knygas nuo likimo prie konteinerio. Kas vienam nereikalingas daiktas \u2013 kitam lobis, o mes esame tarpininkai, kurie padeda abiems tapti laimingesniems ???? \u017dinome kaip nelengva i\u0161gyventi ma\u017eiems verslams, tad nuo \u0161iol, \u010dia rasite ir kit\u0173, ma\u017e\u0173 \u0161eim\u0173 versl\u0173, rank\u0173 darbo, dovan\u0173 sau ir artimiesiems.\",\"publisher\":{\"@id\":\"https:\/\/skaitytaknyga.lt\/#organization\"},\"potentialAction\":[{\"@type\":\"SearchAction\",\"target\":{\"@type\":\"EntryPoint\",\"urlTemplate\":\"https:\/\/skaitytaknyga.lt\/?s={search_term_string}\"},\"query-input\":{\"@type\":\"PropertyValueSpecification\",\"valueRequired\":true,\"valueName\":\"search_term_string\"}}],\"inLanguage\":\"en-GB\"},{\"@type\":\"Organization\",\"@id\":\"https:\/\/skaitytaknyga.lt\/#organization\",\"name\":\"skaitytaknyga.lt\",\"url\":\"https:\/\/skaitytaknyga.lt\/\",\"logo\":{\"@type\":\"ImageObject\",\"inLanguage\":\"en-GB\",\"@id\":\"https:\/\/skaitytaknyga.lt\/#\/schema\/logo\/image\/\",\"url\":\"https:\/\/skaitytaknyga.lt\/wp-content\/uploads\/2024\/05\/cropped-cropped-cropped-02_00843_jt3bggkj1j3HLc7SyY6rEUpg.jpeg\",\"contentUrl\":\"https:\/\/skaitytaknyga.lt\/wp-content\/uploads\/2024\/05\/cropped-cropped-cropped-02_00843_jt3bggkj1j3HLc7SyY6rEUpg.jpeg\",\"width\":1600,\"height\":1600,\"caption\":\"skaitytaknyga.lt\"},\"image\":{\"@id\":\"https:\/\/skaitytaknyga.lt\/#\/schema\/logo\/image\/\"},\"sameAs\":[\"https:\/\/www.facebook.com\/skaitytaknyga\/\"]}]}<\/script>\n<!-- \/ Yoast SEO plugin. -->","yoast_head_json":{"title":"Gydymas vaistiniais augalais","description":"Gydytojas Juozas Stirbys gim\u0117 1941 m. gegu\u017e\u0117s 8 d. Taurag\u0117s rajono Stirbai\u010di\u0173 kaime. 1959 m. baig\u0117 Gaur\u0117s vidurin\u0119 mokykl\u0105, 1972 m. - Vilniaus","robots":{"index":"index","follow":"follow","max-snippet":"max-snippet:-1","max-image-preview":"max-image-preview:large","max-video-preview":"max-video-preview:-1"},"canonical":"https:\/\/skaitytaknyga.lt\/en\/produktas\/gydymas-vaistiniais-augalais\/","og_locale":"en_GB","og_type":"article","og_title":"[:lt]Gydymas vaistiniais augalais[:] - Skaitytaknyga","og_description":"Gydytojas Juozas Stirbys gim\u0117 1941 m. gegu\u017e\u0117s 8 d. Taurag\u0117s rajono Stirbai\u010di\u0173 kaime. 1959 m. baig\u0117 Gaur\u0117s vidurin\u0119 mokykl\u0105, 1972 m. - Vilniaus","og_url":"https:\/\/skaitytaknyga.lt\/en\/produktas\/gydymas-vaistiniais-augalais\/","og_site_name":"Skaitytaknyga","article_publisher":"https:\/\/www.facebook.com\/skaitytaknyga\/","article_modified_time":"2026-03-18T11:28:33+00:00","og_image":[{"width":528,"height":799,"url":"https:\/\/skaitytaknyga.lt\/wp-content\/uploads\/2024\/10\/Gydymas-vaistiniais-augalais.webp","type":"image\/webp"}],"twitter_card":"summary_large_image","twitter_misc":{"Estimated reading time":"1 minute"},"schema":{"@context":"https:\/\/schema.org","@graph":[{"@type":"WebPage","@id":"https:\/\/skaitytaknyga.lt\/produktas\/gydymas-vaistiniais-augalais\/","url":"https:\/\/skaitytaknyga.lt\/produktas\/gydymas-vaistiniais-augalais\/","name":"Gydymas vaistiniais augalais","isPartOf":{"@id":"https:\/\/skaitytaknyga.lt\/#website"},"primaryImageOfPage":{"@id":"https:\/\/skaitytaknyga.lt\/produktas\/gydymas-vaistiniais-augalais\/#primaryimage"},"image":{"@id":"https:\/\/skaitytaknyga.lt\/produktas\/gydymas-vaistiniais-augalais\/#primaryimage"},"thumbnailUrl":"https:\/\/skaitytaknyga.lt\/wp-content\/uploads\/2024\/10\/Gydymas-vaistiniais-augalais.webp","datePublished":"2024-10-12T15:27:41+00:00","dateModified":"2026-03-18T11:28:33+00:00","description":"Gydytojas Juozas Stirbys gim\u0117 1941 m. gegu\u017e\u0117s 8 d. Taurag\u0117s rajono Stirbai\u010di\u0173 kaime. 1959 m. baig\u0117 Gaur\u0117s vidurin\u0119 mokykl\u0105, 1972 m. - Vilniaus","breadcrumb":{"@id":"https:\/\/skaitytaknyga.lt\/produktas\/gydymas-vaistiniais-augalais\/#breadcrumb"},"inLanguage":"en-GB","potentialAction":[{"@type":"ReadAction","target":["https:\/\/skaitytaknyga.lt\/produktas\/gydymas-vaistiniais-augalais\/"]}]},{"@type":"ImageObject","inLanguage":"en-GB","@id":"https:\/\/skaitytaknyga.lt\/produktas\/gydymas-vaistiniais-augalais\/#primaryimage","url":"https:\/\/skaitytaknyga.lt\/wp-content\/uploads\/2024\/10\/Gydymas-vaistiniais-augalais.webp","contentUrl":"https:\/\/skaitytaknyga.lt\/wp-content\/uploads\/2024\/10\/Gydymas-vaistiniais-augalais.webp","width":528,"height":799,"caption":"Gydymas vaistiniais augalais"},{"@type":"BreadcrumbList","@id":"https:\/\/skaitytaknyga.lt\/produktas\/gydymas-vaistiniais-augalais\/#breadcrumb","itemListElement":[{"@type":"ListItem","position":1,"name":"Home","item":"https:\/\/skaitytaknyga.lt\/"},{"@type":"ListItem","position":2,"name":"Parduotuv\u0117","item":"https:\/\/skaitytaknyga.lt\/knygu-parduotuve\/"},{"@type":"ListItem","position":3,"name":"Gydymas vaistiniais augalais"}]},{"@type":"WebSite","@id":"https:\/\/skaitytaknyga.lt\/#website","url":"https:\/\/skaitytaknyga.lt\/","name":"skaitytaknyga.lt","description":"Skaitytaknyga.lt \u2013 tai ma\u017eas \u0161eimos verslas, kuris prasid\u0117jo nuo meil\u0117s knygoms ir siekio i\u0161gelb\u0117ti knygas nuo likimo prie konteinerio. Kas vienam nereikalingas daiktas \u2013 kitam lobis, o mes esame tarpininkai, kurie padeda abiems tapti laimingesniems ???? \u017dinome kaip nelengva i\u0161gyventi ma\u017eiems verslams, tad nuo \u0161iol, \u010dia rasite ir kit\u0173, ma\u017e\u0173 \u0161eim\u0173 versl\u0173, rank\u0173 darbo, dovan\u0173 sau ir artimiesiems.","publisher":{"@id":"https:\/\/skaitytaknyga.lt\/#organization"},"potentialAction":[{"@type":"SearchAction","target":{"@type":"EntryPoint","urlTemplate":"https:\/\/skaitytaknyga.lt\/?s={search_term_string}"},"query-input":{"@type":"PropertyValueSpecification","valueRequired":true,"valueName":"search_term_string"}}],"inLanguage":"en-GB"},{"@type":"Organization","@id":"https:\/\/skaitytaknyga.lt\/#organization","name":"skaitytaknyga.lt","url":"https:\/\/skaitytaknyga.lt\/","logo":{"@type":"ImageObject","inLanguage":"en-GB","@id":"https:\/\/skaitytaknyga.lt\/#\/schema\/logo\/image\/","url":"https:\/\/skaitytaknyga.lt\/wp-content\/uploads\/2024\/05\/cropped-cropped-cropped-02_00843_jt3bggkj1j3HLc7SyY6rEUpg.jpeg","contentUrl":"https:\/\/skaitytaknyga.lt\/wp-content\/uploads\/2024\/05\/cropped-cropped-cropped-02_00843_jt3bggkj1j3HLc7SyY6rEUpg.jpeg","width":1600,"height":1600,"caption":"skaitytaknyga.lt"},"image":{"@id":"https:\/\/skaitytaknyga.lt\/#\/schema\/logo\/image\/"},"sameAs":["https:\/\/www.facebook.com\/skaitytaknyga\/"]}]}},"_links":{"self":[{"href":"https:\/\/skaitytaknyga.lt\/en\/wp-json\/wp\/v2\/product\/14194","targetHints":{"allow":["GET"]}}],"collection":[{"href":"https:\/\/skaitytaknyga.lt\/en\/wp-json\/wp\/v2\/product"}],"about":[{"href":"https:\/\/skaitytaknyga.lt\/en\/wp-json\/wp\/v2\/types\/product"}],"replies":[{"embeddable":true,"href":"https:\/\/skaitytaknyga.lt\/en\/wp-json\/wp\/v2\/comments?post=14194"}],"wp:featuredmedia":[{"embeddable":true,"href":"https:\/\/skaitytaknyga.lt\/en\/wp-json\/wp\/v2\/media\/14204"}],"wp:attachment":[{"href":"https:\/\/skaitytaknyga.lt\/en\/wp-json\/wp\/v2\/media?parent=14194"}],"wp:term":[{"taxonomy":"product_brand","embeddable":true,"href":"https:\/\/skaitytaknyga.lt\/en\/wp-json\/wp\/v2\/product_brand?post=14194"},{"taxonomy":"product_cat","embeddable":true,"href":"https:\/\/skaitytaknyga.lt\/en\/wp-json\/wp\/v2\/product_cat?post=14194"},{"taxonomy":"product_tag","embeddable":true,"href":"https:\/\/skaitytaknyga.lt\/en\/wp-json\/wp\/v2\/product_tag?post=14194"}],"curies":[{"name":"wp","href":"https:\/\/api.w.org\/{rel}","templated":true}]}}