{"id":14193,"date":"2024-10-12T18:27:41","date_gmt":"2024-10-12T15:27:41","guid":{"rendered":"https:\/\/skaitytaknyga.lt\/?post_type=product&#038;p=14193"},"modified":"2024-10-12T19:03:23","modified_gmt":"2024-10-12T16:03:23","slug":"naminiai-vaistai-kunui-ir-sielai","status":"publish","type":"product","link":"https:\/\/skaitytaknyga.lt\/en\/produktas\/naminiai-vaistai-kunui-ir-sielai\/","title":{"rendered":"Naminiai vaistai k\u016bnui ir sielai"},"content":{"rendered":"<p>Nor\u0117dami kasdien gerai jaustis, sukaupkite daug verting\u0173 patarim\u0173 ir \u017eini\u0173.<\/p>\n<p>Ar \u017einote:<\/p>\n<p>&#8211; kokios priemon\u0117s jums pad\u0117s i\u0161vengti nemigos ir rauk\u0161li\u0173 ant veido?<br \/>\n&#8211; k\u0105 daryti, kai jau\u010diat\u0117s b\u0117j\u0117giai ir i\u0161sek\u0119 arba kai negalite pateisinti jums keliam\u0173 reikalavim\u0173?<br \/>\n&#8211; kas jums pad\u0117s stiprinti savigarb\u0105, kaip pasiekti tiksl\u0105, kuris i\u0161 prad\u017ei\u0173 atrod\u0117 beveik nepasiekiamas?<\/p>\n<p>Kristina Zettl \u0161ioje knygoje \u201eNaminiai vaistai k\u016bnui ir sielai\u201c pristato daugyb\u0119 i\u0161bandyt\u0173 ir nauj\u0173 namini\u0173 vaist\u0173 nuo civilizacijos ter\u0161al\u0173 ir sielos negali\u0173, nuo priklausomyb\u0117s iki abejoni\u0173.<\/p>\n<ul class=\"details-list mt5\">\n<li>Autorius:\u00a0Kristina Zettl<\/li>\n<li>Leid\u0117jas:\u00a0Algarv\u0117<\/li>\n<li>I\u0161leidimo metai:\u00a02007<\/li>\n<li>Knygos puslapi\u0173 skai\u010dius:\u00a0144<\/li>\n<li>Formatas:\u00a014&#215;21, kieti vir\u0161eliai<\/li>\n<li>ISBN ar kodas:\u00a09789955604884<\/li>\n<\/ul>\n","protected":false},"excerpt":{"rendered":"<p>Nor\u0117dami kasdien gerai jaustis, sukaupkite daug verting\u0173 patarim\u0173 ir \u017eini\u0173. Ar \u017einote: &#8211; kokios priemon\u0117s jums pad\u0117s i\u0161vengti nemigos ir rauk\u0161li\u0173 ant veido? &#8211; k\u0105 daryti, kai jau\u010diat\u0117s b\u0117j\u0117giai ir i\u0161sek\u0119 arba kai negalite pateisinti jums keliam\u0173 reikalavim\u0173? &#8211; kas jums pad\u0117s stiprinti savigarb\u0105, kaip pasiekti tiksl\u0105, kuris i\u0161 prad\u017ei\u0173 atrod\u0117 beveik nepasiekiamas? Kristina Zettl \u0161ioje knygoje \u201eNaminiai vaistai k\u016bnui ir sielai\u201c pristato daugyb\u0119 i\u0161bandyt\u0173 ir nauj\u0173 namini\u0173 vaist\u0173 nuo civilizacijos ter\u0161al\u0173 ir sielos negali\u0173, nuo priklausomyb\u0117s iki abejoni\u0173. Autorius:\u00a0Kristina Zettl Leid\u0117jas:\u00a0Algarv\u0117 I\u0161leidimo metai:\u00a02007 Knygos puslapi\u0173 skai\u010dius:\u00a0144 Formatas:\u00a014&#215;21, kieti vir\u0161eliai ISBN ar kodas:\u00a09789955604884<\/p>\n","protected":false},"featured_media":14196,"comment_status":"open","ping_status":"closed","template":"","meta":{"_acf_changed":false,"site-sidebar-layout":"default","site-content-layout":"","ast-site-content-layout":"default","site-content-style":"default","site-sidebar-style":"default","ast-global-header-display":"","ast-banner-title-visibility":"","ast-main-header-display":"","ast-hfb-above-header-display":"","ast-hfb-below-header-display":"","ast-hfb-mobile-header-display":"","site-post-title":"","ast-breadcrumbs-content":"","ast-featured-img":"","footer-sml-layout":"","ast-disable-related-posts":"","theme-transparent-header-meta":"default","adv-header-id-meta":"","stick-header-meta":"","header-above-stick-meta":"","header-main-stick-meta":"","header-below-stick-meta":"","astra-migrate-meta-layouts":"set","ast-page-background-enabled":"default","ast-page-background-meta":{"desktop":{"background-color":"","background-image":"","background-repeat":"repeat","background-position":"center center","background-size":"auto","background-attachment":"scroll","background-type":"","background-media":"","overlay-type":"","overlay-color":"","overlay-opacity":"","overlay-gradient":""},"tablet":{"background-color":"","background-image":"","background-repeat":"repeat","background-position":"center center","background-size":"auto","background-attachment":"scroll","background-type":"","background-media":"","overlay-type":"","overlay-color":"","overlay-opacity":"","overlay-gradient":""},"mobile":{"background-color":"","background-image":"","background-repeat":"repeat","background-position":"center center","background-size":"auto","background-attachment":"scroll","background-type":"","background-media":"","overlay-type":"","overlay-color":"","overlay-opacity":"","overlay-gradient":""}},"ast-content-background-meta":{"desktop":{"background-color":"var(--ast-global-color-4)","background-image":"","background-repeat":"repeat","background-position":"center center","background-size":"auto","background-attachment":"scroll","background-type":"","background-media":"","overlay-type":"","overlay-color":"","overlay-opacity":"","overlay-gradient":""},"tablet":{"background-color":"var(--ast-global-color-4)","background-image":"","background-repeat":"repeat","background-position":"center center","background-size":"auto","background-attachment":"scroll","background-type":"","background-media":"","overlay-type":"","overlay-color":"","overlay-opacity":"","overlay-gradient":""},"mobile":{"background-color":"var(--ast-global-color-4)","background-image":"","background-repeat":"repeat","background-position":"center center","background-size":"auto","background-attachment":"scroll","background-type":"","background-media":"","overlay-type":"","overlay-color":"","overlay-opacity":"","overlay-gradient":""}}},"product_brand":[],"product_cat":[15,55],"product_tag":[],"class_list":{"0":"post-14193","1":"product","2":"type-product","3":"status-publish","4":"has-post-thumbnail","6":"product_cat-uncategorized","7":"product_cat-sveikata-ir-sveika-mityba","8":"desktop-align-left","9":"tablet-align-left","10":"mobile-align-left","12":"first","13":"instock","14":"shipping-taxable","15":"purchasable","16":"product-type-simple"},"acf":[],"yoast_head":"<!-- This site is optimized with the Yoast SEO plugin v27.0 - https:\/\/yoast.com\/product\/yoast-seo-wordpress\/ -->\n<title>Naminiai vaistai k\u016bnui ir sielai<\/title>\n<meta name=\"description\" content=\"Nor\u0117dami kasdien gerai jaustis, sukaupkite daug verting\u0173 patarim\u0173 ir \u017eini\u0173. Ar \u017einote: - kokios priemon\u0117s jums pad\u0117s i\u0161vengti nemigos ir rauk\u0161li\u0173 ant\" \/>\n<meta name=\"robots\" content=\"index, follow, max-snippet:-1, max-image-preview:large, max-video-preview:-1\" \/>\n<link rel=\"canonical\" href=\"https:\/\/skaitytaknyga.lt\/en\/produktas\/naminiai-vaistai-kunui-ir-sielai\/\" \/>\n<meta property=\"og:locale\" content=\"en_GB\" \/>\n<meta property=\"og:locale:alternate\" content=\"lt_LT\" \/>\n<meta property=\"og:type\" content=\"article\" \/>\n<meta property=\"og:title\" content=\"Naminiai vaistai k\u016bnui ir sielai\" \/>\n<meta property=\"og:description\" content=\"Nor\u0117dami kasdien gerai jaustis, sukaupkite daug verting\u0173 patarim\u0173 ir \u017eini\u0173. Ar \u017einote: - kokios priemon\u0117s jums pad\u0117s i\u0161vengti nemigos ir rauk\u0161li\u0173 ant\" \/>\n<meta property=\"og:url\" content=\"https:\/\/skaitytaknyga.lt\/en\/produktas\/naminiai-vaistai-kunui-ir-sielai\/\" \/>\n<meta property=\"og:site_name\" content=\"Skaitytaknyga\" \/>\n<meta property=\"article:publisher\" content=\"https:\/\/www.facebook.com\/skaitytaknyga\/\" \/>\n<meta property=\"article:modified_time\" content=\"2024-10-12T16:03:23+00:00\" \/>\n<meta property=\"og:image\" content=\"https:\/\/skaitytaknyga.lt\/wp-content\/uploads\/2024\/10\/Naminiai-vaistai-kunui-ir-sielai.jpg\" \/>\n\t<meta property=\"og:image:width\" content=\"235\" \/>\n\t<meta property=\"og:image:height\" content=\"355\" \/>\n\t<meta property=\"og:image:type\" content=\"image\/jpeg\" \/>\n<meta name=\"twitter:card\" content=\"summary_large_image\" \/>\n<meta name=\"twitter:label1\" content=\"Estimated reading time\" \/>\n\t<meta name=\"twitter:data1\" content=\"1 minute\" \/>\n<script type=\"application\/ld+json\" class=\"yoast-schema-graph\">{\"@context\":\"https:\/\/schema.org\",\"@graph\":[{\"@type\":\"WebPage\",\"@id\":\"https:\/\/skaitytaknyga.lt\/produktas\/naminiai-vaistai-kunui-ir-sielai\/\",\"url\":\"https:\/\/skaitytaknyga.lt\/produktas\/naminiai-vaistai-kunui-ir-sielai\/\",\"name\":\"Naminiai vaistai k\u016bnui ir sielai\",\"isPartOf\":{\"@id\":\"https:\/\/skaitytaknyga.lt\/#website\"},\"primaryImageOfPage\":{\"@id\":\"https:\/\/skaitytaknyga.lt\/produktas\/naminiai-vaistai-kunui-ir-sielai\/#primaryimage\"},\"image\":{\"@id\":\"https:\/\/skaitytaknyga.lt\/produktas\/naminiai-vaistai-kunui-ir-sielai\/#primaryimage\"},\"thumbnailUrl\":\"https:\/\/skaitytaknyga.lt\/wp-content\/uploads\/2024\/10\/Naminiai-vaistai-kunui-ir-sielai.jpg\",\"datePublished\":\"2024-10-12T15:27:41+00:00\",\"dateModified\":\"2024-10-12T16:03:23+00:00\",\"description\":\"Nor\u0117dami kasdien gerai jaustis, sukaupkite daug verting\u0173 patarim\u0173 ir \u017eini\u0173. Ar \u017einote: - kokios priemon\u0117s jums pad\u0117s i\u0161vengti nemigos ir rauk\u0161li\u0173 ant\",\"breadcrumb\":{\"@id\":\"https:\/\/skaitytaknyga.lt\/produktas\/naminiai-vaistai-kunui-ir-sielai\/#breadcrumb\"},\"inLanguage\":\"en-GB\",\"potentialAction\":[{\"@type\":\"ReadAction\",\"target\":[\"https:\/\/skaitytaknyga.lt\/produktas\/naminiai-vaistai-kunui-ir-sielai\/\"]}]},{\"@type\":\"ImageObject\",\"inLanguage\":\"en-GB\",\"@id\":\"https:\/\/skaitytaknyga.lt\/produktas\/naminiai-vaistai-kunui-ir-sielai\/#primaryimage\",\"url\":\"https:\/\/skaitytaknyga.lt\/wp-content\/uploads\/2024\/10\/Naminiai-vaistai-kunui-ir-sielai.jpg\",\"contentUrl\":\"https:\/\/skaitytaknyga.lt\/wp-content\/uploads\/2024\/10\/Naminiai-vaistai-kunui-ir-sielai.jpg\",\"width\":235,\"height\":355,\"caption\":\"Naminiai vaistai k\u016bnui ir sielai\"},{\"@type\":\"BreadcrumbList\",\"@id\":\"https:\/\/skaitytaknyga.lt\/produktas\/naminiai-vaistai-kunui-ir-sielai\/#breadcrumb\",\"itemListElement\":[{\"@type\":\"ListItem\",\"position\":1,\"name\":\"Home\",\"item\":\"https:\/\/skaitytaknyga.lt\/\"},{\"@type\":\"ListItem\",\"position\":2,\"name\":\"Parduotuv\u0117\",\"item\":\"https:\/\/skaitytaknyga.lt\/knygu-parduotuve\/\"},{\"@type\":\"ListItem\",\"position\":3,\"name\":\"Naminiai vaistai k\u016bnui ir sielai\"}]},{\"@type\":\"WebSite\",\"@id\":\"https:\/\/skaitytaknyga.lt\/#website\",\"url\":\"https:\/\/skaitytaknyga.lt\/\",\"name\":\"skaitytaknyga.lt\",\"description\":\"Skaitytaknyga.lt \u2013 tai ma\u017eas \u0161eimos verslas, kuris prasid\u0117jo nuo meil\u0117s knygoms ir siekio i\u0161gelb\u0117ti knygas nuo likimo prie konteinerio. Kas vienam nereikalingas daiktas \u2013 kitam lobis, o mes esame tarpininkai, kurie padeda abiems tapti laimingesniems ???? \u017dinome kaip nelengva i\u0161gyventi ma\u017eiems verslams, tad nuo \u0161iol, \u010dia rasite ir kit\u0173, ma\u017e\u0173 \u0161eim\u0173 versl\u0173, rank\u0173 darbo, dovan\u0173 sau ir artimiesiems.\",\"publisher\":{\"@id\":\"https:\/\/skaitytaknyga.lt\/#organization\"},\"potentialAction\":[{\"@type\":\"SearchAction\",\"target\":{\"@type\":\"EntryPoint\",\"urlTemplate\":\"https:\/\/skaitytaknyga.lt\/?s={search_term_string}\"},\"query-input\":{\"@type\":\"PropertyValueSpecification\",\"valueRequired\":true,\"valueName\":\"search_term_string\"}}],\"inLanguage\":\"en-GB\"},{\"@type\":\"Organization\",\"@id\":\"https:\/\/skaitytaknyga.lt\/#organization\",\"name\":\"skaitytaknyga.lt\",\"url\":\"https:\/\/skaitytaknyga.lt\/\",\"logo\":{\"@type\":\"ImageObject\",\"inLanguage\":\"en-GB\",\"@id\":\"https:\/\/skaitytaknyga.lt\/#\/schema\/logo\/image\/\",\"url\":\"https:\/\/skaitytaknyga.lt\/wp-content\/uploads\/2024\/05\/cropped-cropped-cropped-02_00843_jt3bggkj1j3HLc7SyY6rEUpg.jpeg\",\"contentUrl\":\"https:\/\/skaitytaknyga.lt\/wp-content\/uploads\/2024\/05\/cropped-cropped-cropped-02_00843_jt3bggkj1j3HLc7SyY6rEUpg.jpeg\",\"width\":1600,\"height\":1600,\"caption\":\"skaitytaknyga.lt\"},\"image\":{\"@id\":\"https:\/\/skaitytaknyga.lt\/#\/schema\/logo\/image\/\"},\"sameAs\":[\"https:\/\/www.facebook.com\/skaitytaknyga\/\"]}]}<\/script>\n<!-- \/ Yoast SEO plugin. -->","yoast_head_json":{"title":"Naminiai vaistai k\u016bnui ir sielai","description":"Nor\u0117dami kasdien gerai jaustis, sukaupkite daug verting\u0173 patarim\u0173 ir \u017eini\u0173. Ar \u017einote: - kokios priemon\u0117s jums pad\u0117s i\u0161vengti nemigos ir rauk\u0161li\u0173 ant","robots":{"index":"index","follow":"follow","max-snippet":"max-snippet:-1","max-image-preview":"max-image-preview:large","max-video-preview":"max-video-preview:-1"},"canonical":"https:\/\/skaitytaknyga.lt\/en\/produktas\/naminiai-vaistai-kunui-ir-sielai\/","og_locale":"en_GB","og_type":"article","og_title":"[:lt]Naminiai vaistai k\u016bnui ir sielai[:] - Skaitytaknyga","og_description":"Nor\u0117dami kasdien gerai jaustis, sukaupkite daug verting\u0173 patarim\u0173 ir \u017eini\u0173. Ar \u017einote: - kokios priemon\u0117s jums pad\u0117s i\u0161vengti nemigos ir rauk\u0161li\u0173 ant","og_url":"https:\/\/skaitytaknyga.lt\/en\/produktas\/naminiai-vaistai-kunui-ir-sielai\/","og_site_name":"Skaitytaknyga","article_publisher":"https:\/\/www.facebook.com\/skaitytaknyga\/","article_modified_time":"2024-10-12T16:03:23+00:00","og_image":[{"width":235,"height":355,"url":"https:\/\/skaitytaknyga.lt\/wp-content\/uploads\/2024\/10\/Naminiai-vaistai-kunui-ir-sielai.jpg","type":"image\/jpeg"}],"twitter_card":"summary_large_image","twitter_misc":{"Estimated reading time":"1 minute"},"schema":{"@context":"https:\/\/schema.org","@graph":[{"@type":"WebPage","@id":"https:\/\/skaitytaknyga.lt\/produktas\/naminiai-vaistai-kunui-ir-sielai\/","url":"https:\/\/skaitytaknyga.lt\/produktas\/naminiai-vaistai-kunui-ir-sielai\/","name":"Naminiai vaistai k\u016bnui ir sielai","isPartOf":{"@id":"https:\/\/skaitytaknyga.lt\/#website"},"primaryImageOfPage":{"@id":"https:\/\/skaitytaknyga.lt\/produktas\/naminiai-vaistai-kunui-ir-sielai\/#primaryimage"},"image":{"@id":"https:\/\/skaitytaknyga.lt\/produktas\/naminiai-vaistai-kunui-ir-sielai\/#primaryimage"},"thumbnailUrl":"https:\/\/skaitytaknyga.lt\/wp-content\/uploads\/2024\/10\/Naminiai-vaistai-kunui-ir-sielai.jpg","datePublished":"2024-10-12T15:27:41+00:00","dateModified":"2024-10-12T16:03:23+00:00","description":"Nor\u0117dami kasdien gerai jaustis, sukaupkite daug verting\u0173 patarim\u0173 ir \u017eini\u0173. Ar \u017einote: - kokios priemon\u0117s jums pad\u0117s i\u0161vengti nemigos ir rauk\u0161li\u0173 ant","breadcrumb":{"@id":"https:\/\/skaitytaknyga.lt\/produktas\/naminiai-vaistai-kunui-ir-sielai\/#breadcrumb"},"inLanguage":"en-GB","potentialAction":[{"@type":"ReadAction","target":["https:\/\/skaitytaknyga.lt\/produktas\/naminiai-vaistai-kunui-ir-sielai\/"]}]},{"@type":"ImageObject","inLanguage":"en-GB","@id":"https:\/\/skaitytaknyga.lt\/produktas\/naminiai-vaistai-kunui-ir-sielai\/#primaryimage","url":"https:\/\/skaitytaknyga.lt\/wp-content\/uploads\/2024\/10\/Naminiai-vaistai-kunui-ir-sielai.jpg","contentUrl":"https:\/\/skaitytaknyga.lt\/wp-content\/uploads\/2024\/10\/Naminiai-vaistai-kunui-ir-sielai.jpg","width":235,"height":355,"caption":"Naminiai vaistai k\u016bnui ir sielai"},{"@type":"BreadcrumbList","@id":"https:\/\/skaitytaknyga.lt\/produktas\/naminiai-vaistai-kunui-ir-sielai\/#breadcrumb","itemListElement":[{"@type":"ListItem","position":1,"name":"Home","item":"https:\/\/skaitytaknyga.lt\/"},{"@type":"ListItem","position":2,"name":"Parduotuv\u0117","item":"https:\/\/skaitytaknyga.lt\/knygu-parduotuve\/"},{"@type":"ListItem","position":3,"name":"Naminiai vaistai k\u016bnui ir sielai"}]},{"@type":"WebSite","@id":"https:\/\/skaitytaknyga.lt\/#website","url":"https:\/\/skaitytaknyga.lt\/","name":"skaitytaknyga.lt","description":"Skaitytaknyga.lt \u2013 tai ma\u017eas \u0161eimos verslas, kuris prasid\u0117jo nuo meil\u0117s knygoms ir siekio i\u0161gelb\u0117ti knygas nuo likimo prie konteinerio. Kas vienam nereikalingas daiktas \u2013 kitam lobis, o mes esame tarpininkai, kurie padeda abiems tapti laimingesniems ???? \u017dinome kaip nelengva i\u0161gyventi ma\u017eiems verslams, tad nuo \u0161iol, \u010dia rasite ir kit\u0173, ma\u017e\u0173 \u0161eim\u0173 versl\u0173, rank\u0173 darbo, dovan\u0173 sau ir artimiesiems.","publisher":{"@id":"https:\/\/skaitytaknyga.lt\/#organization"},"potentialAction":[{"@type":"SearchAction","target":{"@type":"EntryPoint","urlTemplate":"https:\/\/skaitytaknyga.lt\/?s={search_term_string}"},"query-input":{"@type":"PropertyValueSpecification","valueRequired":true,"valueName":"search_term_string"}}],"inLanguage":"en-GB"},{"@type":"Organization","@id":"https:\/\/skaitytaknyga.lt\/#organization","name":"skaitytaknyga.lt","url":"https:\/\/skaitytaknyga.lt\/","logo":{"@type":"ImageObject","inLanguage":"en-GB","@id":"https:\/\/skaitytaknyga.lt\/#\/schema\/logo\/image\/","url":"https:\/\/skaitytaknyga.lt\/wp-content\/uploads\/2024\/05\/cropped-cropped-cropped-02_00843_jt3bggkj1j3HLc7SyY6rEUpg.jpeg","contentUrl":"https:\/\/skaitytaknyga.lt\/wp-content\/uploads\/2024\/05\/cropped-cropped-cropped-02_00843_jt3bggkj1j3HLc7SyY6rEUpg.jpeg","width":1600,"height":1600,"caption":"skaitytaknyga.lt"},"image":{"@id":"https:\/\/skaitytaknyga.lt\/#\/schema\/logo\/image\/"},"sameAs":["https:\/\/www.facebook.com\/skaitytaknyga\/"]}]}},"_links":{"self":[{"href":"https:\/\/skaitytaknyga.lt\/en\/wp-json\/wp\/v2\/product\/14193","targetHints":{"allow":["GET"]}}],"collection":[{"href":"https:\/\/skaitytaknyga.lt\/en\/wp-json\/wp\/v2\/product"}],"about":[{"href":"https:\/\/skaitytaknyga.lt\/en\/wp-json\/wp\/v2\/types\/product"}],"replies":[{"embeddable":true,"href":"https:\/\/skaitytaknyga.lt\/en\/wp-json\/wp\/v2\/comments?post=14193"}],"wp:featuredmedia":[{"embeddable":true,"href":"https:\/\/skaitytaknyga.lt\/en\/wp-json\/wp\/v2\/media\/14196"}],"wp:attachment":[{"href":"https:\/\/skaitytaknyga.lt\/en\/wp-json\/wp\/v2\/media?parent=14193"}],"wp:term":[{"taxonomy":"product_brand","embeddable":true,"href":"https:\/\/skaitytaknyga.lt\/en\/wp-json\/wp\/v2\/product_brand?post=14193"},{"taxonomy":"product_cat","embeddable":true,"href":"https:\/\/skaitytaknyga.lt\/en\/wp-json\/wp\/v2\/product_cat?post=14193"},{"taxonomy":"product_tag","embeddable":true,"href":"https:\/\/skaitytaknyga.lt\/en\/wp-json\/wp\/v2\/product_tag?post=14193"}],"curies":[{"name":"wp","href":"https:\/\/api.w.org\/{rel}","templated":true}]}}