{"id":14188,"date":"2024-10-12T18:27:39","date_gmt":"2024-10-12T15:27:39","guid":{"rendered":"https:\/\/skaitytaknyga.lt\/?post_type=product&#038;p=14188"},"modified":"2025-01-20T22:19:48","modified_gmt":"2025-01-20T20:19:48","slug":"sios-akimirkos-jegos-praktika","status":"publish","type":"product","link":"https:\/\/skaitytaknyga.lt\/en\/produktas\/sios-akimirkos-jegos-praktika\/","title":{"rendered":"\u0160ios akimirkos j\u0117gos praktika"},"content":{"rendered":"<p>Gyvenime gali atsitikti daug nelemt\u0173 dalyk\u0173. J\u016bs galite susirgti, prarasti darbingum\u0105, netekti nam\u0173, turto ar pad\u0117ties visuomen\u0117je, gali nutr\u016bkti artimi ry\u0161iai, susirgti mylimas \u017emogus, pagaliau galite pajausti art\u0117jant savo mirt\u012f, \u2013 vis d\u0117lto \u017einokite, kad visa tai turi antr\u0105j\u0105 pus\u0119, kad tarsi alchemikai esate tik per \u017eingsn\u012f nuo skausm\u0173 ir kan\u010di\u0173 metalo virtimo \u012f auks\u0105. \u0160\u012f vien\u0105 \u017eingsn\u012f \u017eengsite nuolankiai atsidav\u0119 \u0161iai akimirkai.<\/p>\n<p>Reikia b\u016bti \u010dia ir dabar, kad s\u0105moningai suvoktum\u0117te gamtos gro\u017e\u012f, didyb\u0119, sakralum\u0105. Ar kada nors giedri\u0105 nakt\u012f \u017evelg\u0117te \u012f erdv\u0117s begalyb\u0119, ar pajutote tada pagarbi\u0105 baim\u0119 jos absoliu\u010diai tylai ir nesuvokiamai platybei? Ar kada nors i\u0161 ties\u0173 klaus\u0117t\u0117s upok\u0161nio \u010diurlenimo kaln\u0173 mi\u0161ke? O strazdo giesm\u0117s tyliose vasaros nakties sutemose?<\/p>\n<p>Kad s\u0105moningai apr\u0117ptume tokius dalykus, turime visi\u0161kai numaldyti prot\u0105. Reikia nusimesti asmenini\u0173 problem\u0173, praeities ir ateities r\u016bpes\u010di\u0173 bei viso savo \u017einojimo na\u0161t\u0105, antraip \u017ei\u016br\u0117sime, bet nematysime, klausysim\u0117s, bet nei\u0161girsime. Turime b\u016bti tik \u0161ioje akimirkoje.<\/p>\n<ul class=\"about-product d-none d-xl-block mt-4\">\n<li><strong>Autorius:<\/strong>\u00a0Eckhart Tolle<\/li>\n<li><strong>Leid\u0117jas:<\/strong>\u00a0Mijalba<\/li>\n<li><strong>Metai:<\/strong>\u00a02005<\/li>\n<li><strong>Puslapiai:<\/strong>\u00a0128<\/li>\n<li class=\"toggleable type-new-formats \"><strong>ISBN:<\/strong>\u00a09789955599296<\/li>\n<li><strong>Versijos kodas:<\/strong>\u00a0PT.<\/li>\n<li class=\"toggleable type-new-formats \"><strong>Formatas:<\/strong>\u00a013 x 20 cm, mink\u0161ti vir\u0161eliai<\/li>\n<li><strong>Kalba:<\/strong>\u00a0Lietuvi\u0173<\/li>\n<\/ul>\n","protected":false},"excerpt":{"rendered":"<p>Gyvenime gali atsitikti daug nelemt\u0173 dalyk\u0173. J\u016bs galite susirgti, prarasti darbingum\u0105, netekti nam\u0173, turto ar pad\u0117ties visuomen\u0117je, gali nutr\u016bkti artimi ry\u0161iai, susirgti mylimas \u017emogus, pagaliau galite pajausti art\u0117jant savo mirt\u012f, \u2013 vis d\u0117lto \u017einokite, kad visa tai turi antr\u0105j\u0105 pus\u0119, kad tarsi alchemikai esate tik per \u017eingsn\u012f nuo skausm\u0173 ir kan\u010di\u0173 metalo virtimo \u012f auks\u0105. \u0160\u012f vien\u0105 \u017eingsn\u012f \u017eengsite nuolankiai atsidav\u0119 \u0161iai akimirkai. Reikia b\u016bti \u010dia ir dabar, kad s\u0105moningai suvoktum\u0117te gamtos gro\u017e\u012f, didyb\u0119, sakralum\u0105. Ar kada nors giedri\u0105 nakt\u012f \u017evelg\u0117te \u012f erdv\u0117s begalyb\u0119, ar pajutote tada pagarbi\u0105 baim\u0119 jos absoliu\u010diai tylai ir nesuvokiamai platybei? Ar kada nors i\u0161 ties\u0173 klaus\u0117t\u0117s upok\u0161nio \u010diurlenimo kaln\u0173 mi\u0161ke? O strazdo giesm\u0117s tyliose vasaros nakties sutemose? Kad s\u0105moningai apr\u0117ptume tokius dalykus, turime visi\u0161kai numaldyti prot\u0105. Reikia nusimesti asmenini\u0173 problem\u0173, praeities ir ateities r\u016bpes\u010di\u0173 bei viso savo \u017einojimo na\u0161t\u0105, antraip \u017ei\u016br\u0117sime, bet nematysime, klausysim\u0117s, bet nei\u0161girsime. Turime b\u016bti tik \u0161ioje akimirkoje. Autorius:\u00a0Eckhart Tolle Leid\u0117jas:\u00a0Mijalba Metai:\u00a02005 Puslapiai:\u00a0128 ISBN:\u00a09789955599296 Versijos kodas:\u00a0PT. Formatas:\u00a013 x 20 cm, mink\u0161ti vir\u0161eliai Kalba:\u00a0Lietuvi\u0173<\/p>\n","protected":false},"featured_media":14206,"comment_status":"open","ping_status":"closed","template":"","meta":{"_acf_changed":false,"site-sidebar-layout":"default","site-content-layout":"","ast-site-content-layout":"default","site-content-style":"default","site-sidebar-style":"default","ast-global-header-display":"","ast-banner-title-visibility":"","ast-main-header-display":"","ast-hfb-above-header-display":"","ast-hfb-below-header-display":"","ast-hfb-mobile-header-display":"","site-post-title":"","ast-breadcrumbs-content":"","ast-featured-img":"","footer-sml-layout":"","ast-disable-related-posts":"","theme-transparent-header-meta":"default","adv-header-id-meta":"","stick-header-meta":"","header-above-stick-meta":"","header-main-stick-meta":"","header-below-stick-meta":"","astra-migrate-meta-layouts":"set","ast-page-background-enabled":"default","ast-page-background-meta":{"desktop":{"background-color":"","background-image":"","background-repeat":"repeat","background-position":"center center","background-size":"auto","background-attachment":"scroll","background-type":"","background-media":"","overlay-type":"","overlay-color":"","overlay-opacity":"","overlay-gradient":""},"tablet":{"background-color":"","background-image":"","background-repeat":"repeat","background-position":"center center","background-size":"auto","background-attachment":"scroll","background-type":"","background-media":"","overlay-type":"","overlay-color":"","overlay-opacity":"","overlay-gradient":""},"mobile":{"background-color":"","background-image":"","background-repeat":"repeat","background-position":"center center","background-size":"auto","background-attachment":"scroll","background-type":"","background-media":"","overlay-type":"","overlay-color":"","overlay-opacity":"","overlay-gradient":""}},"ast-content-background-meta":{"desktop":{"background-color":"var(--ast-global-color-4)","background-image":"","background-repeat":"repeat","background-position":"center center","background-size":"auto","background-attachment":"scroll","background-type":"","background-media":"","overlay-type":"","overlay-color":"","overlay-opacity":"","overlay-gradient":""},"tablet":{"background-color":"var(--ast-global-color-4)","background-image":"","background-repeat":"repeat","background-position":"center center","background-size":"auto","background-attachment":"scroll","background-type":"","background-media":"","overlay-type":"","overlay-color":"","overlay-opacity":"","overlay-gradient":""},"mobile":{"background-color":"var(--ast-global-color-4)","background-image":"","background-repeat":"repeat","background-position":"center center","background-size":"auto","background-attachment":"scroll","background-type":"","background-media":"","overlay-type":"","overlay-color":"","overlay-opacity":"","overlay-gradient":""}}},"product_brand":[],"product_cat":[15,165],"product_tag":[],"class_list":{"0":"post-14188","1":"product","2":"type-product","3":"status-publish","4":"has-post-thumbnail","6":"product_cat-uncategorized","7":"product_cat-religija-filosofija-ir-ezoterika","8":"desktop-align-left","9":"tablet-align-left","10":"mobile-align-left","12":"first","13":"outofstock","14":"shipping-taxable","15":"purchasable","16":"product-type-simple"},"acf":[],"yoast_head":"<!-- This site is optimized with the Yoast SEO plugin v27.0 - https:\/\/yoast.com\/product\/yoast-seo-wordpress\/ -->\n<title>\u0160ios akimirkos j\u0117gos praktika<\/title>\n<meta name=\"description\" content=\"Gyvenime gali atsitikti daug nelemt\u0173 dalyk\u0173. J\u016bs galite susirgti, prarasti darbingum\u0105, netekti nam\u0173, turto ar pad\u0117ties visuomen\u0117je, gali nutr\u016bkti artimi\" \/>\n<meta name=\"robots\" content=\"index, follow, max-snippet:-1, max-image-preview:large, max-video-preview:-1\" \/>\n<link rel=\"canonical\" href=\"https:\/\/skaitytaknyga.lt\/en\/produktas\/sios-akimirkos-jegos-praktika\/\" \/>\n<meta property=\"og:locale\" content=\"en_GB\" \/>\n<meta property=\"og:locale:alternate\" content=\"lt_LT\" \/>\n<meta property=\"og:type\" content=\"article\" \/>\n<meta property=\"og:title\" content=\"\u0160ios akimirkos j\u0117gos praktika\" \/>\n<meta property=\"og:description\" content=\"Gyvenime gali atsitikti daug nelemt\u0173 dalyk\u0173. J\u016bs galite susirgti, prarasti darbingum\u0105, netekti nam\u0173, turto ar pad\u0117ties visuomen\u0117je, gali nutr\u016bkti artimi\" \/>\n<meta property=\"og:url\" content=\"https:\/\/skaitytaknyga.lt\/en\/produktas\/sios-akimirkos-jegos-praktika\/\" \/>\n<meta property=\"og:site_name\" content=\"Skaitytaknyga\" \/>\n<meta property=\"article:publisher\" content=\"https:\/\/www.facebook.com\/skaitytaknyga\/\" \/>\n<meta property=\"article:modified_time\" content=\"2025-01-20T20:19:48+00:00\" \/>\n<meta property=\"og:image\" content=\"https:\/\/skaitytaknyga.lt\/wp-content\/uploads\/2024\/10\/Sios-akimirkos-jegos-praktika.webp\" \/>\n\t<meta property=\"og:image:width\" content=\"513\" \/>\n\t<meta property=\"og:image:height\" content=\"800\" \/>\n\t<meta property=\"og:image:type\" content=\"image\/webp\" \/>\n<meta name=\"twitter:card\" content=\"summary_large_image\" \/>\n<meta name=\"twitter:label1\" content=\"Estimated reading time\" \/>\n\t<meta name=\"twitter:data1\" content=\"1 minute\" \/>\n<script type=\"application\/ld+json\" class=\"yoast-schema-graph\">{\"@context\":\"https:\/\/schema.org\",\"@graph\":[{\"@type\":\"WebPage\",\"@id\":\"https:\/\/skaitytaknyga.lt\/produktas\/sios-akimirkos-jegos-praktika\/\",\"url\":\"https:\/\/skaitytaknyga.lt\/produktas\/sios-akimirkos-jegos-praktika\/\",\"name\":\"\u0160ios akimirkos j\u0117gos praktika\",\"isPartOf\":{\"@id\":\"https:\/\/skaitytaknyga.lt\/#website\"},\"primaryImageOfPage\":{\"@id\":\"https:\/\/skaitytaknyga.lt\/produktas\/sios-akimirkos-jegos-praktika\/#primaryimage\"},\"image\":{\"@id\":\"https:\/\/skaitytaknyga.lt\/produktas\/sios-akimirkos-jegos-praktika\/#primaryimage\"},\"thumbnailUrl\":\"https:\/\/skaitytaknyga.lt\/wp-content\/uploads\/2024\/10\/Sios-akimirkos-jegos-praktika.webp\",\"datePublished\":\"2024-10-12T15:27:39+00:00\",\"dateModified\":\"2025-01-20T20:19:48+00:00\",\"description\":\"Gyvenime gali atsitikti daug nelemt\u0173 dalyk\u0173. J\u016bs galite susirgti, prarasti darbingum\u0105, netekti nam\u0173, turto ar pad\u0117ties visuomen\u0117je, gali nutr\u016bkti artimi\",\"breadcrumb\":{\"@id\":\"https:\/\/skaitytaknyga.lt\/produktas\/sios-akimirkos-jegos-praktika\/#breadcrumb\"},\"inLanguage\":\"en-GB\",\"potentialAction\":[{\"@type\":\"ReadAction\",\"target\":[\"https:\/\/skaitytaknyga.lt\/produktas\/sios-akimirkos-jegos-praktika\/\"]}]},{\"@type\":\"ImageObject\",\"inLanguage\":\"en-GB\",\"@id\":\"https:\/\/skaitytaknyga.lt\/produktas\/sios-akimirkos-jegos-praktika\/#primaryimage\",\"url\":\"https:\/\/skaitytaknyga.lt\/wp-content\/uploads\/2024\/10\/Sios-akimirkos-jegos-praktika.webp\",\"contentUrl\":\"https:\/\/skaitytaknyga.lt\/wp-content\/uploads\/2024\/10\/Sios-akimirkos-jegos-praktika.webp\",\"width\":513,\"height\":800,\"caption\":\"\u0160ios akimirkos j\u0117gos praktika\"},{\"@type\":\"BreadcrumbList\",\"@id\":\"https:\/\/skaitytaknyga.lt\/produktas\/sios-akimirkos-jegos-praktika\/#breadcrumb\",\"itemListElement\":[{\"@type\":\"ListItem\",\"position\":1,\"name\":\"Home\",\"item\":\"https:\/\/skaitytaknyga.lt\/\"},{\"@type\":\"ListItem\",\"position\":2,\"name\":\"Parduotuv\u0117\",\"item\":\"https:\/\/skaitytaknyga.lt\/knygu-parduotuve\/\"},{\"@type\":\"ListItem\",\"position\":3,\"name\":\"\u0160ios akimirkos j\u0117gos praktika\"}]},{\"@type\":\"WebSite\",\"@id\":\"https:\/\/skaitytaknyga.lt\/#website\",\"url\":\"https:\/\/skaitytaknyga.lt\/\",\"name\":\"skaitytaknyga.lt\",\"description\":\"Skaitytaknyga.lt \u2013 tai ma\u017eas \u0161eimos verslas, kuris prasid\u0117jo nuo meil\u0117s knygoms ir siekio i\u0161gelb\u0117ti knygas nuo likimo prie konteinerio. Kas vienam nereikalingas daiktas \u2013 kitam lobis, o mes esame tarpininkai, kurie padeda abiems tapti laimingesniems ???? \u017dinome kaip nelengva i\u0161gyventi ma\u017eiems verslams, tad nuo \u0161iol, \u010dia rasite ir kit\u0173, ma\u017e\u0173 \u0161eim\u0173 versl\u0173, rank\u0173 darbo, dovan\u0173 sau ir artimiesiems.\",\"publisher\":{\"@id\":\"https:\/\/skaitytaknyga.lt\/#organization\"},\"potentialAction\":[{\"@type\":\"SearchAction\",\"target\":{\"@type\":\"EntryPoint\",\"urlTemplate\":\"https:\/\/skaitytaknyga.lt\/?s={search_term_string}\"},\"query-input\":{\"@type\":\"PropertyValueSpecification\",\"valueRequired\":true,\"valueName\":\"search_term_string\"}}],\"inLanguage\":\"en-GB\"},{\"@type\":\"Organization\",\"@id\":\"https:\/\/skaitytaknyga.lt\/#organization\",\"name\":\"skaitytaknyga.lt\",\"url\":\"https:\/\/skaitytaknyga.lt\/\",\"logo\":{\"@type\":\"ImageObject\",\"inLanguage\":\"en-GB\",\"@id\":\"https:\/\/skaitytaknyga.lt\/#\/schema\/logo\/image\/\",\"url\":\"https:\/\/skaitytaknyga.lt\/wp-content\/uploads\/2024\/05\/cropped-cropped-cropped-02_00843_jt3bggkj1j3HLc7SyY6rEUpg.jpeg\",\"contentUrl\":\"https:\/\/skaitytaknyga.lt\/wp-content\/uploads\/2024\/05\/cropped-cropped-cropped-02_00843_jt3bggkj1j3HLc7SyY6rEUpg.jpeg\",\"width\":1600,\"height\":1600,\"caption\":\"skaitytaknyga.lt\"},\"image\":{\"@id\":\"https:\/\/skaitytaknyga.lt\/#\/schema\/logo\/image\/\"},\"sameAs\":[\"https:\/\/www.facebook.com\/skaitytaknyga\/\"]}]}<\/script>\n<!-- \/ Yoast SEO plugin. -->","yoast_head_json":{"title":"\u0160ios akimirkos j\u0117gos praktika","description":"Gyvenime gali atsitikti daug nelemt\u0173 dalyk\u0173. J\u016bs galite susirgti, prarasti darbingum\u0105, netekti nam\u0173, turto ar pad\u0117ties visuomen\u0117je, gali nutr\u016bkti artimi","robots":{"index":"index","follow":"follow","max-snippet":"max-snippet:-1","max-image-preview":"max-image-preview:large","max-video-preview":"max-video-preview:-1"},"canonical":"https:\/\/skaitytaknyga.lt\/en\/produktas\/sios-akimirkos-jegos-praktika\/","og_locale":"en_GB","og_type":"article","og_title":"[:en]\u0160ios akimirkos j\u0117gos praktika[:lt]\u0160ios akimirkos j\u0117gos praktika[:] - Skaitytaknyga","og_description":"Gyvenime gali atsitikti daug nelemt\u0173 dalyk\u0173. J\u016bs galite susirgti, prarasti darbingum\u0105, netekti nam\u0173, turto ar pad\u0117ties visuomen\u0117je, gali nutr\u016bkti artimi","og_url":"https:\/\/skaitytaknyga.lt\/en\/produktas\/sios-akimirkos-jegos-praktika\/","og_site_name":"Skaitytaknyga","article_publisher":"https:\/\/www.facebook.com\/skaitytaknyga\/","article_modified_time":"2025-01-20T20:19:48+00:00","og_image":[{"width":513,"height":800,"url":"https:\/\/skaitytaknyga.lt\/wp-content\/uploads\/2024\/10\/Sios-akimirkos-jegos-praktika.webp","type":"image\/webp"}],"twitter_card":"summary_large_image","twitter_misc":{"Estimated reading time":"1 minute"},"schema":{"@context":"https:\/\/schema.org","@graph":[{"@type":"WebPage","@id":"https:\/\/skaitytaknyga.lt\/produktas\/sios-akimirkos-jegos-praktika\/","url":"https:\/\/skaitytaknyga.lt\/produktas\/sios-akimirkos-jegos-praktika\/","name":"\u0160ios akimirkos j\u0117gos praktika","isPartOf":{"@id":"https:\/\/skaitytaknyga.lt\/#website"},"primaryImageOfPage":{"@id":"https:\/\/skaitytaknyga.lt\/produktas\/sios-akimirkos-jegos-praktika\/#primaryimage"},"image":{"@id":"https:\/\/skaitytaknyga.lt\/produktas\/sios-akimirkos-jegos-praktika\/#primaryimage"},"thumbnailUrl":"https:\/\/skaitytaknyga.lt\/wp-content\/uploads\/2024\/10\/Sios-akimirkos-jegos-praktika.webp","datePublished":"2024-10-12T15:27:39+00:00","dateModified":"2025-01-20T20:19:48+00:00","description":"Gyvenime gali atsitikti daug nelemt\u0173 dalyk\u0173. J\u016bs galite susirgti, prarasti darbingum\u0105, netekti nam\u0173, turto ar pad\u0117ties visuomen\u0117je, gali nutr\u016bkti artimi","breadcrumb":{"@id":"https:\/\/skaitytaknyga.lt\/produktas\/sios-akimirkos-jegos-praktika\/#breadcrumb"},"inLanguage":"en-GB","potentialAction":[{"@type":"ReadAction","target":["https:\/\/skaitytaknyga.lt\/produktas\/sios-akimirkos-jegos-praktika\/"]}]},{"@type":"ImageObject","inLanguage":"en-GB","@id":"https:\/\/skaitytaknyga.lt\/produktas\/sios-akimirkos-jegos-praktika\/#primaryimage","url":"https:\/\/skaitytaknyga.lt\/wp-content\/uploads\/2024\/10\/Sios-akimirkos-jegos-praktika.webp","contentUrl":"https:\/\/skaitytaknyga.lt\/wp-content\/uploads\/2024\/10\/Sios-akimirkos-jegos-praktika.webp","width":513,"height":800,"caption":"\u0160ios akimirkos j\u0117gos praktika"},{"@type":"BreadcrumbList","@id":"https:\/\/skaitytaknyga.lt\/produktas\/sios-akimirkos-jegos-praktika\/#breadcrumb","itemListElement":[{"@type":"ListItem","position":1,"name":"Home","item":"https:\/\/skaitytaknyga.lt\/"},{"@type":"ListItem","position":2,"name":"Parduotuv\u0117","item":"https:\/\/skaitytaknyga.lt\/knygu-parduotuve\/"},{"@type":"ListItem","position":3,"name":"\u0160ios akimirkos j\u0117gos praktika"}]},{"@type":"WebSite","@id":"https:\/\/skaitytaknyga.lt\/#website","url":"https:\/\/skaitytaknyga.lt\/","name":"skaitytaknyga.lt","description":"Skaitytaknyga.lt \u2013 tai ma\u017eas \u0161eimos verslas, kuris prasid\u0117jo nuo meil\u0117s knygoms ir siekio i\u0161gelb\u0117ti knygas nuo likimo prie konteinerio. Kas vienam nereikalingas daiktas \u2013 kitam lobis, o mes esame tarpininkai, kurie padeda abiems tapti laimingesniems ???? \u017dinome kaip nelengva i\u0161gyventi ma\u017eiems verslams, tad nuo \u0161iol, \u010dia rasite ir kit\u0173, ma\u017e\u0173 \u0161eim\u0173 versl\u0173, rank\u0173 darbo, dovan\u0173 sau ir artimiesiems.","publisher":{"@id":"https:\/\/skaitytaknyga.lt\/#organization"},"potentialAction":[{"@type":"SearchAction","target":{"@type":"EntryPoint","urlTemplate":"https:\/\/skaitytaknyga.lt\/?s={search_term_string}"},"query-input":{"@type":"PropertyValueSpecification","valueRequired":true,"valueName":"search_term_string"}}],"inLanguage":"en-GB"},{"@type":"Organization","@id":"https:\/\/skaitytaknyga.lt\/#organization","name":"skaitytaknyga.lt","url":"https:\/\/skaitytaknyga.lt\/","logo":{"@type":"ImageObject","inLanguage":"en-GB","@id":"https:\/\/skaitytaknyga.lt\/#\/schema\/logo\/image\/","url":"https:\/\/skaitytaknyga.lt\/wp-content\/uploads\/2024\/05\/cropped-cropped-cropped-02_00843_jt3bggkj1j3HLc7SyY6rEUpg.jpeg","contentUrl":"https:\/\/skaitytaknyga.lt\/wp-content\/uploads\/2024\/05\/cropped-cropped-cropped-02_00843_jt3bggkj1j3HLc7SyY6rEUpg.jpeg","width":1600,"height":1600,"caption":"skaitytaknyga.lt"},"image":{"@id":"https:\/\/skaitytaknyga.lt\/#\/schema\/logo\/image\/"},"sameAs":["https:\/\/www.facebook.com\/skaitytaknyga\/"]}]}},"_links":{"self":[{"href":"https:\/\/skaitytaknyga.lt\/en\/wp-json\/wp\/v2\/product\/14188","targetHints":{"allow":["GET"]}}],"collection":[{"href":"https:\/\/skaitytaknyga.lt\/en\/wp-json\/wp\/v2\/product"}],"about":[{"href":"https:\/\/skaitytaknyga.lt\/en\/wp-json\/wp\/v2\/types\/product"}],"replies":[{"embeddable":true,"href":"https:\/\/skaitytaknyga.lt\/en\/wp-json\/wp\/v2\/comments?post=14188"}],"wp:featuredmedia":[{"embeddable":true,"href":"https:\/\/skaitytaknyga.lt\/en\/wp-json\/wp\/v2\/media\/14206"}],"wp:attachment":[{"href":"https:\/\/skaitytaknyga.lt\/en\/wp-json\/wp\/v2\/media?parent=14188"}],"wp:term":[{"taxonomy":"product_brand","embeddable":true,"href":"https:\/\/skaitytaknyga.lt\/en\/wp-json\/wp\/v2\/product_brand?post=14188"},{"taxonomy":"product_cat","embeddable":true,"href":"https:\/\/skaitytaknyga.lt\/en\/wp-json\/wp\/v2\/product_cat?post=14188"},{"taxonomy":"product_tag","embeddable":true,"href":"https:\/\/skaitytaknyga.lt\/en\/wp-json\/wp\/v2\/product_tag?post=14188"}],"curies":[{"name":"wp","href":"https:\/\/api.w.org\/{rel}","templated":true}]}}