{"id":14187,"date":"2024-10-12T18:27:38","date_gmt":"2024-10-12T15:27:38","guid":{"rendered":"https:\/\/skaitytaknyga.lt\/?post_type=product&#038;p=14187"},"modified":"2025-11-04T14:21:24","modified_gmt":"2025-11-04T12:21:24","slug":"lieknekime-kartu","status":"publish","type":"product","link":"https:\/\/skaitytaknyga.lt\/en\/produktas\/lieknekime-kartu\/","title":{"rendered":"Liekn\u0117kime kartu"},"content":{"rendered":"<p>Nor\u0117tum\u0117te valgyti k\u0105 norite ir mesti svor\u012f?<\/p>\n<p>Nor\u0117tum\u0117te i\u0161 tikr\u0173j\u0173 d\u017eiaugtis savo k\u016bnu?<\/p>\n<p>Ne\u012fstengiate numesti paskutini\u0173 trij\u0173 kilogram\u0173 antsvorio?<\/p>\n<p>Jums sunku atsispirti antrai porcijai valgio?<\/p>\n<p>Kelia apmaud\u0105 valgymo \u012fpro\u010diai ir svoris?<\/p>\n<p>Tuomet \u0161i knyga kaip tik Jums.<\/p>\n<p>Knygoje pristatomas originalus b\u016bdas, kaip \u012fveikti persivalgym\u0105, nuramdyti potrauk\u012f prie tukinan\u010di\u0173 maisto produkt\u0173, u\u017esidegti noru kiek pajud\u0117ti ir taip atsikratyti nereikaling\u0173 kilogram\u0173.<\/p>\n<p>Knygos autorius Paulas McKenna suk\u016br\u0117 efektyvi\u0105 liekn\u0117jimo program\u0105, kuri padeda pakeisti m\u0105stym\u0105, \u012fsitikinimus, po\u017ei\u016br\u012f \u012f save, savo sveikat\u0105 bei maist\u0105 ir be vargo kontroliuoti mityb\u0105 ir svor\u012f.<\/p>\n<p>Svarbi McKennos sukurtos liekn\u0117jimo programos dalis \u2013 psichologiniai pratimai, kuriuos atliekant nereikalingi kilogramai tirpsta dar lengviau.<\/p>\n<p>Daugiau nei 70 % veiksmingumas \u2013 \u012frodytas!<\/p>\n<ul class=\"about-product d-none d-xl-block mt-4\">\n<li><strong>Autorius:<\/strong>\u00a0Paul McKenna<\/li>\n<li><strong>Leid\u0117jas:<\/strong>\u00a0Alma littera<\/li>\n<li><strong>Metai:<\/strong>\u00a02006<\/li>\n<li><strong>Puslapiai:<\/strong>\u00a0136<\/li>\n<li class=\"toggleable type-new-formats \"><strong>ISBN:<\/strong>\u00a09789955242369<\/li>\n<li class=\"toggleable type-new-formats \"><strong>Formatas:<\/strong>\u00a014,3 x 21,2 cm, mink\u0161ti vir\u0161eliai<\/li>\n<li><strong>Kalba:<\/strong>\u00a0Lietuvi\u0173<\/li>\n<li><strong>Vert\u0117jas:<\/strong>\u00a0Andrius Patiomkinas<\/li>\n<\/ul>\n","protected":false},"excerpt":{"rendered":"<p>Nor\u0117tum\u0117te valgyti k\u0105 norite ir mesti svor\u012f? Nor\u0117tum\u0117te i\u0161 tikr\u0173j\u0173 d\u017eiaugtis savo k\u016bnu? Ne\u012fstengiate numesti paskutini\u0173 trij\u0173 kilogram\u0173 antsvorio? Jums sunku atsispirti antrai porcijai valgio? Kelia apmaud\u0105 valgymo \u012fpro\u010diai ir svoris? Tuomet \u0161i knyga kaip tik Jums. Knygoje pristatomas originalus b\u016bdas, kaip \u012fveikti persivalgym\u0105, nuramdyti potrauk\u012f prie tukinan\u010di\u0173 maisto produkt\u0173, u\u017esidegti noru kiek pajud\u0117ti ir taip atsikratyti nereikaling\u0173 kilogram\u0173. Knygos autorius Paulas McKenna suk\u016br\u0117 efektyvi\u0105 liekn\u0117jimo program\u0105, kuri padeda pakeisti m\u0105stym\u0105, \u012fsitikinimus, po\u017ei\u016br\u012f \u012f save, savo sveikat\u0105 bei maist\u0105 ir be vargo kontroliuoti mityb\u0105 ir svor\u012f. Svarbi McKennos sukurtos liekn\u0117jimo programos dalis \u2013 psichologiniai pratimai, kuriuos atliekant nereikalingi kilogramai tirpsta dar lengviau. Daugiau nei 70 % veiksmingumas \u2013 \u012frodytas! Autorius:\u00a0Paul McKenna Leid\u0117jas:\u00a0Alma littera Metai:\u00a02006 Puslapiai:\u00a0136 ISBN:\u00a09789955242369 Formatas:\u00a014,3 x 21,2 cm, mink\u0161ti vir\u0161eliai Kalba:\u00a0Lietuvi\u0173 Vert\u0117jas:\u00a0Andrius Patiomkinas<\/p>\n","protected":false},"featured_media":14202,"comment_status":"open","ping_status":"closed","template":"","meta":{"_acf_changed":false,"site-sidebar-layout":"default","site-content-layout":"","ast-site-content-layout":"default","site-content-style":"default","site-sidebar-style":"default","ast-global-header-display":"","ast-banner-title-visibility":"","ast-main-header-display":"","ast-hfb-above-header-display":"","ast-hfb-below-header-display":"","ast-hfb-mobile-header-display":"","site-post-title":"","ast-breadcrumbs-content":"","ast-featured-img":"","footer-sml-layout":"","ast-disable-related-posts":"","theme-transparent-header-meta":"default","adv-header-id-meta":"","stick-header-meta":"","header-above-stick-meta":"","header-main-stick-meta":"","header-below-stick-meta":"","astra-migrate-meta-layouts":"set","ast-page-background-enabled":"default","ast-page-background-meta":{"desktop":{"background-color":"","background-image":"","background-repeat":"repeat","background-position":"center center","background-size":"auto","background-attachment":"scroll","background-type":"","background-media":"","overlay-type":"","overlay-color":"","overlay-opacity":"","overlay-gradient":""},"tablet":{"background-color":"","background-image":"","background-repeat":"repeat","background-position":"center center","background-size":"auto","background-attachment":"scroll","background-type":"","background-media":"","overlay-type":"","overlay-color":"","overlay-opacity":"","overlay-gradient":""},"mobile":{"background-color":"","background-image":"","background-repeat":"repeat","background-position":"center center","background-size":"auto","background-attachment":"scroll","background-type":"","background-media":"","overlay-type":"","overlay-color":"","overlay-opacity":"","overlay-gradient":""}},"ast-content-background-meta":{"desktop":{"background-color":"var(--ast-global-color-4)","background-image":"","background-repeat":"repeat","background-position":"center center","background-size":"auto","background-attachment":"scroll","background-type":"","background-media":"","overlay-type":"","overlay-color":"","overlay-opacity":"","overlay-gradient":""},"tablet":{"background-color":"var(--ast-global-color-4)","background-image":"","background-repeat":"repeat","background-position":"center center","background-size":"auto","background-attachment":"scroll","background-type":"","background-media":"","overlay-type":"","overlay-color":"","overlay-opacity":"","overlay-gradient":""},"mobile":{"background-color":"var(--ast-global-color-4)","background-image":"","background-repeat":"repeat","background-position":"center center","background-size":"auto","background-attachment":"scroll","background-type":"","background-media":"","overlay-type":"","overlay-color":"","overlay-opacity":"","overlay-gradient":""}}},"product_brand":[],"product_cat":[15,165],"product_tag":[],"class_list":{"0":"post-14187","1":"product","2":"type-product","3":"status-publish","4":"has-post-thumbnail","6":"product_cat-uncategorized","7":"product_cat-religija-filosofija-ir-ezoterika","8":"desktop-align-left","9":"tablet-align-left","10":"mobile-align-left","12":"first","13":"instock","14":"shipping-taxable","15":"purchasable","16":"product-type-simple"},"acf":[],"yoast_head":"<!-- This site is optimized with the Yoast SEO plugin v27.0 - https:\/\/yoast.com\/product\/yoast-seo-wordpress\/ -->\n<title>Liekn\u0117kime kartu<\/title>\n<meta name=\"description\" content=\"Nor\u0117tum\u0117te valgyti k\u0105 norite ir mesti svor\u012f? Nor\u0117tum\u0117te i\u0161 tikr\u0173j\u0173 d\u017eiaugtis savo k\u016bnu? Ne\u012fstengiate numesti paskutini\u0173 trij\u0173 kilogram\u0173 antsvorio? Jums\" \/>\n<meta name=\"robots\" content=\"index, follow, max-snippet:-1, max-image-preview:large, max-video-preview:-1\" \/>\n<link rel=\"canonical\" href=\"https:\/\/skaitytaknyga.lt\/en\/produktas\/lieknekime-kartu\/\" \/>\n<meta property=\"og:locale\" content=\"en_GB\" \/>\n<meta property=\"og:locale:alternate\" content=\"lt_LT\" \/>\n<meta property=\"og:type\" content=\"article\" \/>\n<meta property=\"og:title\" content=\"Liekn\u0117kime kartu\" \/>\n<meta property=\"og:description\" content=\"Nor\u0117tum\u0117te valgyti k\u0105 norite ir mesti svor\u012f? Nor\u0117tum\u0117te i\u0161 tikr\u0173j\u0173 d\u017eiaugtis savo k\u016bnu? Ne\u012fstengiate numesti paskutini\u0173 trij\u0173 kilogram\u0173 antsvorio? Jums\" \/>\n<meta property=\"og:url\" content=\"https:\/\/skaitytaknyga.lt\/en\/produktas\/lieknekime-kartu\/\" \/>\n<meta property=\"og:site_name\" content=\"Skaitytaknyga\" \/>\n<meta property=\"article:publisher\" content=\"https:\/\/www.facebook.com\/skaitytaknyga\/\" \/>\n<meta property=\"article:modified_time\" content=\"2025-11-04T12:21:24+00:00\" \/>\n<meta property=\"og:image\" content=\"https:\/\/skaitytaknyga.lt\/wp-content\/uploads\/2024\/10\/Lieknekime-kartu.webp\" \/>\n\t<meta property=\"og:image:width\" content=\"525\" \/>\n\t<meta property=\"og:image:height\" content=\"800\" \/>\n\t<meta property=\"og:image:type\" content=\"image\/webp\" \/>\n<meta name=\"twitter:card\" content=\"summary_large_image\" \/>\n<meta name=\"twitter:label1\" content=\"Estimated reading time\" \/>\n\t<meta name=\"twitter:data1\" content=\"1 minute\" \/>\n<script type=\"application\/ld+json\" class=\"yoast-schema-graph\">{\"@context\":\"https:\/\/schema.org\",\"@graph\":[{\"@type\":\"WebPage\",\"@id\":\"https:\/\/skaitytaknyga.lt\/produktas\/lieknekime-kartu\/\",\"url\":\"https:\/\/skaitytaknyga.lt\/produktas\/lieknekime-kartu\/\",\"name\":\"Liekn\u0117kime kartu\",\"isPartOf\":{\"@id\":\"https:\/\/skaitytaknyga.lt\/#website\"},\"primaryImageOfPage\":{\"@id\":\"https:\/\/skaitytaknyga.lt\/produktas\/lieknekime-kartu\/#primaryimage\"},\"image\":{\"@id\":\"https:\/\/skaitytaknyga.lt\/produktas\/lieknekime-kartu\/#primaryimage\"},\"thumbnailUrl\":\"https:\/\/skaitytaknyga.lt\/wp-content\/uploads\/2024\/10\/Lieknekime-kartu.webp\",\"datePublished\":\"2024-10-12T15:27:38+00:00\",\"dateModified\":\"2025-11-04T12:21:24+00:00\",\"description\":\"Nor\u0117tum\u0117te valgyti k\u0105 norite ir mesti svor\u012f? Nor\u0117tum\u0117te i\u0161 tikr\u0173j\u0173 d\u017eiaugtis savo k\u016bnu? Ne\u012fstengiate numesti paskutini\u0173 trij\u0173 kilogram\u0173 antsvorio? Jums\",\"breadcrumb\":{\"@id\":\"https:\/\/skaitytaknyga.lt\/produktas\/lieknekime-kartu\/#breadcrumb\"},\"inLanguage\":\"en-GB\",\"potentialAction\":[{\"@type\":\"ReadAction\",\"target\":[\"https:\/\/skaitytaknyga.lt\/produktas\/lieknekime-kartu\/\"]}]},{\"@type\":\"ImageObject\",\"inLanguage\":\"en-GB\",\"@id\":\"https:\/\/skaitytaknyga.lt\/produktas\/lieknekime-kartu\/#primaryimage\",\"url\":\"https:\/\/skaitytaknyga.lt\/wp-content\/uploads\/2024\/10\/Lieknekime-kartu.webp\",\"contentUrl\":\"https:\/\/skaitytaknyga.lt\/wp-content\/uploads\/2024\/10\/Lieknekime-kartu.webp\",\"width\":525,\"height\":800,\"caption\":\"Liekn\u0117kime kartu\"},{\"@type\":\"BreadcrumbList\",\"@id\":\"https:\/\/skaitytaknyga.lt\/produktas\/lieknekime-kartu\/#breadcrumb\",\"itemListElement\":[{\"@type\":\"ListItem\",\"position\":1,\"name\":\"Home\",\"item\":\"https:\/\/skaitytaknyga.lt\/\"},{\"@type\":\"ListItem\",\"position\":2,\"name\":\"Parduotuv\u0117\",\"item\":\"https:\/\/skaitytaknyga.lt\/knygu-parduotuve\/\"},{\"@type\":\"ListItem\",\"position\":3,\"name\":\"Liekn\u0117kime kartu\"}]},{\"@type\":\"WebSite\",\"@id\":\"https:\/\/skaitytaknyga.lt\/#website\",\"url\":\"https:\/\/skaitytaknyga.lt\/\",\"name\":\"skaitytaknyga.lt\",\"description\":\"Skaitytaknyga.lt \u2013 tai ma\u017eas \u0161eimos verslas, kuris prasid\u0117jo nuo meil\u0117s knygoms ir siekio i\u0161gelb\u0117ti knygas nuo likimo prie konteinerio. Kas vienam nereikalingas daiktas \u2013 kitam lobis, o mes esame tarpininkai, kurie padeda abiems tapti laimingesniems ???? \u017dinome kaip nelengva i\u0161gyventi ma\u017eiems verslams, tad nuo \u0161iol, \u010dia rasite ir kit\u0173, ma\u017e\u0173 \u0161eim\u0173 versl\u0173, rank\u0173 darbo, dovan\u0173 sau ir artimiesiems.\",\"publisher\":{\"@id\":\"https:\/\/skaitytaknyga.lt\/#organization\"},\"potentialAction\":[{\"@type\":\"SearchAction\",\"target\":{\"@type\":\"EntryPoint\",\"urlTemplate\":\"https:\/\/skaitytaknyga.lt\/?s={search_term_string}\"},\"query-input\":{\"@type\":\"PropertyValueSpecification\",\"valueRequired\":true,\"valueName\":\"search_term_string\"}}],\"inLanguage\":\"en-GB\"},{\"@type\":\"Organization\",\"@id\":\"https:\/\/skaitytaknyga.lt\/#organization\",\"name\":\"skaitytaknyga.lt\",\"url\":\"https:\/\/skaitytaknyga.lt\/\",\"logo\":{\"@type\":\"ImageObject\",\"inLanguage\":\"en-GB\",\"@id\":\"https:\/\/skaitytaknyga.lt\/#\/schema\/logo\/image\/\",\"url\":\"https:\/\/skaitytaknyga.lt\/wp-content\/uploads\/2024\/05\/cropped-cropped-cropped-02_00843_jt3bggkj1j3HLc7SyY6rEUpg.jpeg\",\"contentUrl\":\"https:\/\/skaitytaknyga.lt\/wp-content\/uploads\/2024\/05\/cropped-cropped-cropped-02_00843_jt3bggkj1j3HLc7SyY6rEUpg.jpeg\",\"width\":1600,\"height\":1600,\"caption\":\"skaitytaknyga.lt\"},\"image\":{\"@id\":\"https:\/\/skaitytaknyga.lt\/#\/schema\/logo\/image\/\"},\"sameAs\":[\"https:\/\/www.facebook.com\/skaitytaknyga\/\"]}]}<\/script>\n<!-- \/ Yoast SEO plugin. -->","yoast_head_json":{"title":"Liekn\u0117kime kartu","description":"Nor\u0117tum\u0117te valgyti k\u0105 norite ir mesti svor\u012f? Nor\u0117tum\u0117te i\u0161 tikr\u0173j\u0173 d\u017eiaugtis savo k\u016bnu? Ne\u012fstengiate numesti paskutini\u0173 trij\u0173 kilogram\u0173 antsvorio? Jums","robots":{"index":"index","follow":"follow","max-snippet":"max-snippet:-1","max-image-preview":"max-image-preview:large","max-video-preview":"max-video-preview:-1"},"canonical":"https:\/\/skaitytaknyga.lt\/en\/produktas\/lieknekime-kartu\/","og_locale":"en_GB","og_type":"article","og_title":"[:lt]Liekn\u0117kime kartu[:] - Skaitytaknyga","og_description":"Nor\u0117tum\u0117te valgyti k\u0105 norite ir mesti svor\u012f? Nor\u0117tum\u0117te i\u0161 tikr\u0173j\u0173 d\u017eiaugtis savo k\u016bnu? Ne\u012fstengiate numesti paskutini\u0173 trij\u0173 kilogram\u0173 antsvorio? Jums","og_url":"https:\/\/skaitytaknyga.lt\/en\/produktas\/lieknekime-kartu\/","og_site_name":"Skaitytaknyga","article_publisher":"https:\/\/www.facebook.com\/skaitytaknyga\/","article_modified_time":"2025-11-04T12:21:24+00:00","og_image":[{"width":525,"height":800,"url":"https:\/\/skaitytaknyga.lt\/wp-content\/uploads\/2024\/10\/Lieknekime-kartu.webp","type":"image\/webp"}],"twitter_card":"summary_large_image","twitter_misc":{"Estimated reading time":"1 minute"},"schema":{"@context":"https:\/\/schema.org","@graph":[{"@type":"WebPage","@id":"https:\/\/skaitytaknyga.lt\/produktas\/lieknekime-kartu\/","url":"https:\/\/skaitytaknyga.lt\/produktas\/lieknekime-kartu\/","name":"Liekn\u0117kime kartu","isPartOf":{"@id":"https:\/\/skaitytaknyga.lt\/#website"},"primaryImageOfPage":{"@id":"https:\/\/skaitytaknyga.lt\/produktas\/lieknekime-kartu\/#primaryimage"},"image":{"@id":"https:\/\/skaitytaknyga.lt\/produktas\/lieknekime-kartu\/#primaryimage"},"thumbnailUrl":"https:\/\/skaitytaknyga.lt\/wp-content\/uploads\/2024\/10\/Lieknekime-kartu.webp","datePublished":"2024-10-12T15:27:38+00:00","dateModified":"2025-11-04T12:21:24+00:00","description":"Nor\u0117tum\u0117te valgyti k\u0105 norite ir mesti svor\u012f? Nor\u0117tum\u0117te i\u0161 tikr\u0173j\u0173 d\u017eiaugtis savo k\u016bnu? Ne\u012fstengiate numesti paskutini\u0173 trij\u0173 kilogram\u0173 antsvorio? Jums","breadcrumb":{"@id":"https:\/\/skaitytaknyga.lt\/produktas\/lieknekime-kartu\/#breadcrumb"},"inLanguage":"en-GB","potentialAction":[{"@type":"ReadAction","target":["https:\/\/skaitytaknyga.lt\/produktas\/lieknekime-kartu\/"]}]},{"@type":"ImageObject","inLanguage":"en-GB","@id":"https:\/\/skaitytaknyga.lt\/produktas\/lieknekime-kartu\/#primaryimage","url":"https:\/\/skaitytaknyga.lt\/wp-content\/uploads\/2024\/10\/Lieknekime-kartu.webp","contentUrl":"https:\/\/skaitytaknyga.lt\/wp-content\/uploads\/2024\/10\/Lieknekime-kartu.webp","width":525,"height":800,"caption":"Liekn\u0117kime kartu"},{"@type":"BreadcrumbList","@id":"https:\/\/skaitytaknyga.lt\/produktas\/lieknekime-kartu\/#breadcrumb","itemListElement":[{"@type":"ListItem","position":1,"name":"Home","item":"https:\/\/skaitytaknyga.lt\/"},{"@type":"ListItem","position":2,"name":"Parduotuv\u0117","item":"https:\/\/skaitytaknyga.lt\/knygu-parduotuve\/"},{"@type":"ListItem","position":3,"name":"Liekn\u0117kime kartu"}]},{"@type":"WebSite","@id":"https:\/\/skaitytaknyga.lt\/#website","url":"https:\/\/skaitytaknyga.lt\/","name":"skaitytaknyga.lt","description":"Skaitytaknyga.lt \u2013 tai ma\u017eas \u0161eimos verslas, kuris prasid\u0117jo nuo meil\u0117s knygoms ir siekio i\u0161gelb\u0117ti knygas nuo likimo prie konteinerio. Kas vienam nereikalingas daiktas \u2013 kitam lobis, o mes esame tarpininkai, kurie padeda abiems tapti laimingesniems ???? \u017dinome kaip nelengva i\u0161gyventi ma\u017eiems verslams, tad nuo \u0161iol, \u010dia rasite ir kit\u0173, ma\u017e\u0173 \u0161eim\u0173 versl\u0173, rank\u0173 darbo, dovan\u0173 sau ir artimiesiems.","publisher":{"@id":"https:\/\/skaitytaknyga.lt\/#organization"},"potentialAction":[{"@type":"SearchAction","target":{"@type":"EntryPoint","urlTemplate":"https:\/\/skaitytaknyga.lt\/?s={search_term_string}"},"query-input":{"@type":"PropertyValueSpecification","valueRequired":true,"valueName":"search_term_string"}}],"inLanguage":"en-GB"},{"@type":"Organization","@id":"https:\/\/skaitytaknyga.lt\/#organization","name":"skaitytaknyga.lt","url":"https:\/\/skaitytaknyga.lt\/","logo":{"@type":"ImageObject","inLanguage":"en-GB","@id":"https:\/\/skaitytaknyga.lt\/#\/schema\/logo\/image\/","url":"https:\/\/skaitytaknyga.lt\/wp-content\/uploads\/2024\/05\/cropped-cropped-cropped-02_00843_jt3bggkj1j3HLc7SyY6rEUpg.jpeg","contentUrl":"https:\/\/skaitytaknyga.lt\/wp-content\/uploads\/2024\/05\/cropped-cropped-cropped-02_00843_jt3bggkj1j3HLc7SyY6rEUpg.jpeg","width":1600,"height":1600,"caption":"skaitytaknyga.lt"},"image":{"@id":"https:\/\/skaitytaknyga.lt\/#\/schema\/logo\/image\/"},"sameAs":["https:\/\/www.facebook.com\/skaitytaknyga\/"]}]}},"_links":{"self":[{"href":"https:\/\/skaitytaknyga.lt\/en\/wp-json\/wp\/v2\/product\/14187","targetHints":{"allow":["GET"]}}],"collection":[{"href":"https:\/\/skaitytaknyga.lt\/en\/wp-json\/wp\/v2\/product"}],"about":[{"href":"https:\/\/skaitytaknyga.lt\/en\/wp-json\/wp\/v2\/types\/product"}],"replies":[{"embeddable":true,"href":"https:\/\/skaitytaknyga.lt\/en\/wp-json\/wp\/v2\/comments?post=14187"}],"wp:featuredmedia":[{"embeddable":true,"href":"https:\/\/skaitytaknyga.lt\/en\/wp-json\/wp\/v2\/media\/14202"}],"wp:attachment":[{"href":"https:\/\/skaitytaknyga.lt\/en\/wp-json\/wp\/v2\/media?parent=14187"}],"wp:term":[{"taxonomy":"product_brand","embeddable":true,"href":"https:\/\/skaitytaknyga.lt\/en\/wp-json\/wp\/v2\/product_brand?post=14187"},{"taxonomy":"product_cat","embeddable":true,"href":"https:\/\/skaitytaknyga.lt\/en\/wp-json\/wp\/v2\/product_cat?post=14187"},{"taxonomy":"product_tag","embeddable":true,"href":"https:\/\/skaitytaknyga.lt\/en\/wp-json\/wp\/v2\/product_tag?post=14187"}],"curies":[{"name":"wp","href":"https:\/\/api.w.org\/{rel}","templated":true}]}}