{"id":14186,"date":"2024-10-12T18:27:37","date_gmt":"2024-10-12T15:27:37","guid":{"rendered":"https:\/\/skaitytaknyga.lt\/?post_type=product&#038;p=14186"},"modified":"2026-03-18T13:28:51","modified_gmt":"2026-03-18T11:28:51","slug":"auksinis-usas-mitai-ir-realybe","status":"publish","type":"product","link":"https:\/\/skaitytaknyga.lt\/en\/produktas\/auksinis-usas-mitai-ir-realybe\/","title":{"rendered":"Auksinis \u016bsas: mitai ir realyb\u0117"},"content":{"rendered":"<p>Visa tiesa apie augal\u0105, kuris gydo visas ligas\u2026 Ta\u010diau neteisingai vartojamas, gali pra\u017eudyti.<\/p>\n<p>Auksinio \u016bso antpilai gali pastatyti \u017emog\u0173 ant koj\u0173. Tinkamai j\u012f panaudojus, galima ilgai ir sveikai gyventi. Daugelis laiko auksin\u012f \u016bs\u0105 geriausiu biostimuliatoriumi, atkurian\u010diu ir keleriopai sustiprinan\u010diu gyvybines j\u0117gas. Tai augalas, slepiantis savyje ne\u012fkainojamus turtus, tod\u0117l laikomas sveikatos eliksyru. Ta\u010diau neteisingai vartojamas, auksinis \u016bsas gali sukelti nepageidaujam\u0173 \u0161alutini\u0173 rei\u0161kini\u0173 ir rimt\u0173 sveikatos problem\u0173. Kiek tiesos yra \u0161iuose teiginiuose, kur mitai, o kur realyb\u0117, pagaliau su\u017einosite perskait\u0119 \u0161i\u0105 pripa\u017einto medicinos autoriteto knyg\u0105 apie auksin\u012f \u016bs\u0105.<\/p>\n<p>\u017dmon\u0117s auksin\u012f \u016bs\u0105 vadina \u012fvairiai: Tolim\u0173j\u0173 Ryt\u0173 \u016bsas, gyvasis plaukas, drakono \u017eol\u0117, Veneros plaukas, kukur\u016bzas, naminis \u017een\u0161enis, o moksli\u0161kai \u2013 kvapioji kalizija (callisia fragrans). Vaistines i\u0161 ties\u0173 i\u0161 Piet\u0173 Amerikos kilusio augalo savybes lemia biologi\u0161kai aktyvios med\u017eiagos \u2014 ne\u012fprastos sud\u0117ties flavanoidai ir augaliniai steroidai. Auksinio \u016bso sultyse yra daug \u017emogaus organizmui labai svarbi\u0173 med\u017eiag\u0173, kaip gele\u017eis, chromas, varis, nikelis. \u0160io augalo sultis galima vadinti \u201egyvuoju vandeniu&#8221;, nes puikiai gydo \u017eaizdas, odos ligas, o nuoviras kambario temperat\u016broje ner\u016bgsta kelis m\u0117nesius.<\/p>\n<p>AUKSINIO \u016aSO PLIUSAI<\/p>\n<p>Auksinio \u016bso sultimis gydoma nudegimai, opalig\u0117, reumatas, bronchin\u0117 astma, cukrinis diabetas, v\u0117\u017eys, jos veikia kaip diuretikas. Antpilai tonizuoja ir stiprina organizm\u0105, slopina net chroni\u0161kus u\u017edegimus. Gydantis auksiniu \u016bsu, kraujyje suma\u017e\u0117ja cukraus kiekis, pager\u0117ja savijauta, padid\u0117ja darbingumas, atsiranda daugiau j\u0117g\u0173, ma\u017e\u0117ja tro\u0161kulys. Reguliariai vartojant auksinio \u016bso antpil\u0105, i\u0161sivalo vir\u0161kinamasis traktas, nebevargina r\u0117muo, normal\u0117ja tu\u0161tinimasis, valosi organizmas, \u0161alinami ter\u0161alai, smulk\u016bs akmenys ir sm\u0117lis i\u0161 inkst\u0173, traukiasi inkst\u0173 bei \u0161lapimtaki\u0173 akmenlig\u0117. I\u0161sivalius organizmui, \u017emogus tampa aktyvesnis ir darbingesnis, daugeliui pager\u0117ja reg\u0117jimas ir suma\u017e\u0117ja kraujosp\u016bdis\u2026<\/p>\n<p>AUKSINIO \u016aSO MINUSAI<\/p>\n<p>Ta\u010diau prie\u0161 prad\u0117dami savaranki\u0161k\u0105 gydym\u0105, b\u016btinai perskaitykite \u0161i\u0105 knyg\u0105, nes \u0161io augalo preparatai sukelia daug \u0161alutini\u0173 rei\u0161kini\u0173: stipri\u0105 alergij\u0105, alergin\u012f dermatit\u0105, balso styg\u0173 pa\u017eeidim\u0105 ir pan., ypa\u010d jeigu \u017emogaus imunitetas nusilp\u0119s. Net liaudies medicinos \u017eyniuoniai pabr\u0117\u017eia, kad auksin\u012f \u016bs\u0105 reikia vartoti atsargiai, su saiku ir protu.<\/p>\n<p>Apie autori\u0173<\/p>\n<p>Ivanas Pavlovi\u010dius Neumyvakinas \u2013 profesorius, medicinos moksl\u0173 daktaras, Nacionalin\u0117s premijos laureatas, tikrasis Rusijos gamtos moksl\u0173 akademijos narys, daugiau kaip 200 mokini\u0173 darb\u0173 autorius, nusipeln\u0119s i\u0161rad\u0117jas, u\u017epatentav\u0119s 85 i\u0161radimus, nuo 1959 m. tiesiogiai dirba kosmin\u0117s medicinos srityje. B\u016bdamas unikalaus stacionaro \u2013 kosmin\u0117s ligonin\u0117s erdv\u0117laivyje \u2013 k\u016br\u0117jas, Ivanas Pavlovi\u010dius ne tik koordinuoja geriausius \u0161ios srities specialistus Rusijoje, bet ir pats kuria naujus principus, metodus bei b\u016bdus, kaip suteikti medicinos pagalb\u0105 kosmonautams \u012fvairios trukm\u0117s skryd\u017ei\u0173 metu.<\/p>\n<p>Daugiau kaip keturis de\u0161imtme\u010dius \u017emoni\u0173 gydymui ir sveikatinimui paskyrusio Neumyvakino pavard\u0117 gerai \u017einoma ne vien profesionalams, bet ir tiems, kurie renkasi alternatyvi\u0105j\u0105, neoficiali\u0105 medicin\u0105. Jis yra tradicin\u0117s liaudies medicinos profesional\u0173 asociacijos prezidiumo narys, peln\u0119s auk\u0161\u010diausi\u0105 \u0161ios srities apdovanojim\u0105 \u2013 gintarin\u0119 \u201eMagistro \u017evaig\u017ed\u0119&#8221;.<\/p>\n<p>Did\u017eioji jo tyrin\u0117jim\u0173 dalis skirta optimali\u0173 gydymo metod\u0173 ir \u012fvairi\u0173 lig\u0173 profilaktikos priemoni\u0173 paie\u0161kai, darant netiesiogin\u012f poveik\u012f organizmui pasitelkiant \u012fvairius liaudi\u0161kus gydymo metodus ir priemones. Mokslininko \u012fsitikinimu, medicinos ateitis \u2013 derinti tradicin\u0119 ir liaudies medicin\u0105, susieti fizin\u012f ir dvasin\u012f gyvenim\u0105.<\/p>\n<p>Remdamasis kompleksini\u0173 tyrim\u0173, atlikt\u0173 su geriausiais medicinos srities specialistais, rezultatais, I.P.Neumyvakinas padar\u0117 i\u0161vad\u0105, kad:<\/p>\n<p>* \u017dmogus yra savaime susireguliuojanti ir atsistatanti bioenergin\u0117 sistema, kurioje viskas tarpusavyje susij\u0119 ir viena nuo kito priklauso, o atsparumo resursai visada didesni nei \u017ealojan\u010di\u0173 faktori\u0173 poveikis.<\/p>\n<p>&nbsp;<\/p>\n","protected":false},"excerpt":{"rendered":"<p>Visa tiesa apie augal\u0105, kuris gydo visas ligas\u2026 Ta\u010diau neteisingai vartojamas, gali pra\u017eudyti. Auksinio \u016bso antpilai gali pastatyti \u017emog\u0173 ant koj\u0173. Tinkamai j\u012f panaudojus, galima ilgai ir sveikai gyventi. Daugelis laiko auksin\u012f \u016bs\u0105 geriausiu biostimuliatoriumi, atkurian\u010diu ir keleriopai sustiprinan\u010diu gyvybines j\u0117gas. Tai augalas, slepiantis savyje ne\u012fkainojamus turtus, tod\u0117l laikomas sveikatos eliksyru. Ta\u010diau neteisingai vartojamas, auksinis \u016bsas gali sukelti nepageidaujam\u0173 \u0161alutini\u0173 rei\u0161kini\u0173 ir rimt\u0173 sveikatos problem\u0173. Kiek tiesos yra \u0161iuose teiginiuose, kur mitai, o kur realyb\u0117, pagaliau su\u017einosite perskait\u0119 \u0161i\u0105 pripa\u017einto medicinos autoriteto knyg\u0105 apie auksin\u012f \u016bs\u0105. \u017dmon\u0117s auksin\u012f \u016bs\u0105 vadina \u012fvairiai: Tolim\u0173j\u0173 Ryt\u0173 \u016bsas, gyvasis plaukas, drakono \u017eol\u0117, Veneros plaukas, kukur\u016bzas, naminis \u017een\u0161enis, o moksli\u0161kai \u2013 kvapioji kalizija (callisia fragrans). Vaistines i\u0161 ties\u0173 i\u0161 Piet\u0173 Amerikos kilusio augalo savybes lemia biologi\u0161kai aktyvios med\u017eiagos \u2014 ne\u012fprastos sud\u0117ties flavanoidai ir augaliniai steroidai. Auksinio \u016bso sultyse yra daug \u017emogaus organizmui labai svarbi\u0173 med\u017eiag\u0173, kaip gele\u017eis, chromas, varis, nikelis. \u0160io augalo sultis galima vadinti \u201egyvuoju vandeniu&#8221;, nes puikiai gydo \u017eaizdas, odos ligas, o nuoviras kambario temperat\u016broje ner\u016bgsta kelis m\u0117nesius. AUKSINIO \u016aSO PLIUSAI Auksinio \u016bso sultimis gydoma nudegimai, opalig\u0117, reumatas, bronchin\u0117 astma, cukrinis diabetas, v\u0117\u017eys, jos veikia kaip diuretikas. Antpilai tonizuoja ir stiprina organizm\u0105, slopina net chroni\u0161kus u\u017edegimus. Gydantis auksiniu \u016bsu, kraujyje suma\u017e\u0117ja cukraus kiekis, pager\u0117ja savijauta, padid\u0117ja darbingumas, atsiranda daugiau j\u0117g\u0173, ma\u017e\u0117ja tro\u0161kulys. Reguliariai vartojant auksinio \u016bso antpil\u0105, i\u0161sivalo vir\u0161kinamasis traktas, nebevargina r\u0117muo, normal\u0117ja tu\u0161tinimasis, valosi organizmas, \u0161alinami ter\u0161alai, smulk\u016bs akmenys ir sm\u0117lis i\u0161 inkst\u0173, traukiasi inkst\u0173 bei \u0161lapimtaki\u0173 akmenlig\u0117. I\u0161sivalius organizmui, \u017emogus tampa aktyvesnis ir darbingesnis, daugeliui pager\u0117ja reg\u0117jimas ir suma\u017e\u0117ja kraujosp\u016bdis\u2026 AUKSINIO \u016aSO MINUSAI Ta\u010diau prie\u0161 prad\u0117dami savaranki\u0161k\u0105 gydym\u0105, b\u016btinai perskaitykite \u0161i\u0105 knyg\u0105, nes \u0161io augalo preparatai sukelia daug \u0161alutini\u0173 rei\u0161kini\u0173: stipri\u0105 alergij\u0105, alergin\u012f dermatit\u0105, balso styg\u0173 pa\u017eeidim\u0105 ir pan., ypa\u010d jeigu \u017emogaus imunitetas nusilp\u0119s. Net liaudies medicinos \u017eyniuoniai pabr\u0117\u017eia, kad auksin\u012f \u016bs\u0105 reikia vartoti atsargiai, su saiku ir protu. Apie autori\u0173 Ivanas Pavlovi\u010dius Neumyvakinas \u2013 profesorius, medicinos moksl\u0173 daktaras, Nacionalin\u0117s premijos laureatas, tikrasis Rusijos gamtos moksl\u0173 akademijos narys, daugiau kaip 200 mokini\u0173 darb\u0173 autorius, nusipeln\u0119s i\u0161rad\u0117jas, u\u017epatentav\u0119s 85 i\u0161radimus, nuo 1959 m. tiesiogiai dirba kosmin\u0117s medicinos srityje. B\u016bdamas unikalaus stacionaro \u2013 kosmin\u0117s ligonin\u0117s erdv\u0117laivyje \u2013 k\u016br\u0117jas, Ivanas Pavlovi\u010dius ne tik koordinuoja geriausius \u0161ios srities specialistus Rusijoje, bet ir pats kuria naujus principus, metodus bei b\u016bdus, kaip suteikti medicinos pagalb\u0105 kosmonautams \u012fvairios trukm\u0117s skryd\u017ei\u0173 metu. Daugiau kaip keturis de\u0161imtme\u010dius \u017emoni\u0173 gydymui ir sveikatinimui paskyrusio Neumyvakino pavard\u0117 gerai \u017einoma ne vien profesionalams, bet ir tiems, kurie renkasi alternatyvi\u0105j\u0105, neoficiali\u0105 medicin\u0105. Jis yra tradicin\u0117s liaudies medicinos profesional\u0173 asociacijos prezidiumo narys, peln\u0119s auk\u0161\u010diausi\u0105 \u0161ios srities apdovanojim\u0105 \u2013 gintarin\u0119 \u201eMagistro \u017evaig\u017ed\u0119&#8221;. Did\u017eioji jo tyrin\u0117jim\u0173 dalis skirta optimali\u0173 gydymo metod\u0173 ir \u012fvairi\u0173 lig\u0173 profilaktikos priemoni\u0173 paie\u0161kai, darant netiesiogin\u012f poveik\u012f organizmui pasitelkiant \u012fvairius liaudi\u0161kus gydymo metodus ir priemones. Mokslininko \u012fsitikinimu, medicinos ateitis \u2013 derinti tradicin\u0119 ir liaudies medicin\u0105, susieti fizin\u012f ir dvasin\u012f gyvenim\u0105. Remdamasis kompleksini\u0173 tyrim\u0173, atlikt\u0173 su geriausiais medicinos srities specialistais, rezultatais, I.P.Neumyvakinas padar\u0117 i\u0161vad\u0105, kad: * \u017dmogus yra savaime susireguliuojanti ir atsistatanti bioenergin\u0117 sistema, kurioje viskas tarpusavyje susij\u0119 ir viena nuo kito priklauso, o atsparumo resursai visada didesni nei \u017ealojan\u010di\u0173 faktori\u0173 poveikis. &nbsp;<\/p>\n","protected":false},"featured_media":14203,"comment_status":"open","ping_status":"closed","template":"","meta":{"_acf_changed":false,"site-sidebar-layout":"default","site-content-layout":"","ast-site-content-layout":"default","site-content-style":"default","site-sidebar-style":"default","ast-global-header-display":"","ast-banner-title-visibility":"","ast-main-header-display":"","ast-hfb-above-header-display":"","ast-hfb-below-header-display":"","ast-hfb-mobile-header-display":"","site-post-title":"","ast-breadcrumbs-content":"","ast-featured-img":"","footer-sml-layout":"","ast-disable-related-posts":"","theme-transparent-header-meta":"default","adv-header-id-meta":"","stick-header-meta":"","header-above-stick-meta":"","header-main-stick-meta":"","header-below-stick-meta":"","astra-migrate-meta-layouts":"set","ast-page-background-enabled":"default","ast-page-background-meta":{"desktop":{"background-color":"","background-image":"","background-repeat":"repeat","background-position":"center center","background-size":"auto","background-attachment":"scroll","background-type":"","background-media":"","overlay-type":"","overlay-color":"","overlay-opacity":"","overlay-gradient":""},"tablet":{"background-color":"","background-image":"","background-repeat":"repeat","background-position":"center center","background-size":"auto","background-attachment":"scroll","background-type":"","background-media":"","overlay-type":"","overlay-color":"","overlay-opacity":"","overlay-gradient":""},"mobile":{"background-color":"","background-image":"","background-repeat":"repeat","background-position":"center center","background-size":"auto","background-attachment":"scroll","background-type":"","background-media":"","overlay-type":"","overlay-color":"","overlay-opacity":"","overlay-gradient":""}},"ast-content-background-meta":{"desktop":{"background-color":"var(--ast-global-color-4)","background-image":"","background-repeat":"repeat","background-position":"center center","background-size":"auto","background-attachment":"scroll","background-type":"","background-media":"","overlay-type":"","overlay-color":"","overlay-opacity":"","overlay-gradient":""},"tablet":{"background-color":"var(--ast-global-color-4)","background-image":"","background-repeat":"repeat","background-position":"center center","background-size":"auto","background-attachment":"scroll","background-type":"","background-media":"","overlay-type":"","overlay-color":"","overlay-opacity":"","overlay-gradient":""},"mobile":{"background-color":"var(--ast-global-color-4)","background-image":"","background-repeat":"repeat","background-position":"center center","background-size":"auto","background-attachment":"scroll","background-type":"","background-media":"","overlay-type":"","overlay-color":"","overlay-opacity":"","overlay-gradient":""}}},"product_brand":[],"product_cat":[9853,9857,15,55],"product_tag":[2551,2552,2550,2553,2554],"class_list":{"0":"post-14186","1":"product","2":"type-product","3":"status-publish","4":"has-post-thumbnail","6":"product_cat-augalai","7":"product_cat-naturali-medicina","8":"product_cat-uncategorized","9":"product_cat-sveikata-ir-sveika-mityba","10":"product_tag-alternatyvioji-medicina","11":"product_tag-augalai","12":"product_tag-ivan-neumyvakin","13":"product_tag-liaudies-gydymas","14":"product_tag-sveikatos-stiprinimas","15":"desktop-align-left","16":"tablet-align-left","17":"mobile-align-left","19":"first","20":"outofstock","21":"shipping-taxable","22":"purchasable","23":"product-type-simple"},"acf":[],"yoast_head":"<!-- This site is optimized with the Yoast SEO plugin v27.0 - https:\/\/yoast.com\/product\/yoast-seo-wordpress\/ -->\n<title>Auksinis \u016bsas: mitai ir realyb\u0117<\/title>\n<meta name=\"description\" content=\"Visa tiesa apie augal\u0105, kuris gydo visas ligas\u2026 Ta\u010diau neteisingai vartojamas, gali pra\u017eudyti. Auksinio \u016bso antpilai gali pastatyti \u017emog\u0173 ant koj\u0173.\" \/>\n<meta name=\"robots\" content=\"index, follow, max-snippet:-1, max-image-preview:large, max-video-preview:-1\" \/>\n<link rel=\"canonical\" href=\"https:\/\/skaitytaknyga.lt\/en\/produktas\/auksinis-usas-mitai-ir-realybe\/\" \/>\n<meta property=\"og:locale\" content=\"en_GB\" \/>\n<meta property=\"og:locale:alternate\" content=\"lt_LT\" \/>\n<meta property=\"og:type\" content=\"article\" \/>\n<meta property=\"og:title\" content=\"Auksinis \u016bsas: mitai ir realyb\u0117\" \/>\n<meta property=\"og:description\" content=\"Visa tiesa apie augal\u0105, kuris gydo visas ligas\u2026 Ta\u010diau neteisingai vartojamas, gali pra\u017eudyti. Auksinio \u016bso antpilai gali pastatyti \u017emog\u0173 ant koj\u0173.\" \/>\n<meta property=\"og:url\" content=\"https:\/\/skaitytaknyga.lt\/en\/produktas\/auksinis-usas-mitai-ir-realybe\/\" \/>\n<meta property=\"og:site_name\" content=\"Skaitytaknyga\" \/>\n<meta property=\"article:publisher\" content=\"https:\/\/www.facebook.com\/skaitytaknyga\/\" \/>\n<meta property=\"article:modified_time\" content=\"2026-03-18T11:28:51+00:00\" \/>\n<meta property=\"og:image\" content=\"https:\/\/skaitytaknyga.lt\/wp-content\/uploads\/2024\/10\/Auksinis-usas.-mitai-ir-realybe.png\" \/>\n\t<meta property=\"og:image:width\" content=\"836\" \/>\n\t<meta property=\"og:image:height\" content=\"1256\" \/>\n\t<meta property=\"og:image:type\" content=\"image\/png\" \/>\n<meta name=\"twitter:card\" content=\"summary_large_image\" \/>\n<meta name=\"twitter:label1\" content=\"Estimated reading time\" \/>\n\t<meta name=\"twitter:data1\" content=\"3 minutes\" \/>\n<script type=\"application\/ld+json\" class=\"yoast-schema-graph\">{\"@context\":\"https:\/\/schema.org\",\"@graph\":[{\"@type\":\"WebPage\",\"@id\":\"https:\/\/skaitytaknyga.lt\/produktas\/auksinis-usas-mitai-ir-realybe\/\",\"url\":\"https:\/\/skaitytaknyga.lt\/produktas\/auksinis-usas-mitai-ir-realybe\/\",\"name\":\"Auksinis \u016bsas: mitai ir realyb\u0117\",\"isPartOf\":{\"@id\":\"https:\/\/skaitytaknyga.lt\/#website\"},\"primaryImageOfPage\":{\"@id\":\"https:\/\/skaitytaknyga.lt\/produktas\/auksinis-usas-mitai-ir-realybe\/#primaryimage\"},\"image\":{\"@id\":\"https:\/\/skaitytaknyga.lt\/produktas\/auksinis-usas-mitai-ir-realybe\/#primaryimage\"},\"thumbnailUrl\":\"https:\/\/skaitytaknyga.lt\/wp-content\/uploads\/2024\/10\/Auksinis-usas.-mitai-ir-realybe.png\",\"datePublished\":\"2024-10-12T15:27:37+00:00\",\"dateModified\":\"2026-03-18T11:28:51+00:00\",\"description\":\"Visa tiesa apie augal\u0105, kuris gydo visas ligas\u2026 Ta\u010diau neteisingai vartojamas, gali pra\u017eudyti. Auksinio \u016bso antpilai gali pastatyti \u017emog\u0173 ant koj\u0173.\",\"breadcrumb\":{\"@id\":\"https:\/\/skaitytaknyga.lt\/produktas\/auksinis-usas-mitai-ir-realybe\/#breadcrumb\"},\"inLanguage\":\"en-GB\",\"potentialAction\":[{\"@type\":\"ReadAction\",\"target\":[\"https:\/\/skaitytaknyga.lt\/produktas\/auksinis-usas-mitai-ir-realybe\/\"]}]},{\"@type\":\"ImageObject\",\"inLanguage\":\"en-GB\",\"@id\":\"https:\/\/skaitytaknyga.lt\/produktas\/auksinis-usas-mitai-ir-realybe\/#primaryimage\",\"url\":\"https:\/\/skaitytaknyga.lt\/wp-content\/uploads\/2024\/10\/Auksinis-usas.-mitai-ir-realybe.png\",\"contentUrl\":\"https:\/\/skaitytaknyga.lt\/wp-content\/uploads\/2024\/10\/Auksinis-usas.-mitai-ir-realybe.png\",\"width\":836,\"height\":1256,\"caption\":\"Auksinis \u016bsas: mitai ir realyb\u0117\"},{\"@type\":\"BreadcrumbList\",\"@id\":\"https:\/\/skaitytaknyga.lt\/produktas\/auksinis-usas-mitai-ir-realybe\/#breadcrumb\",\"itemListElement\":[{\"@type\":\"ListItem\",\"position\":1,\"name\":\"Home\",\"item\":\"https:\/\/skaitytaknyga.lt\/\"},{\"@type\":\"ListItem\",\"position\":2,\"name\":\"Parduotuv\u0117\",\"item\":\"https:\/\/skaitytaknyga.lt\/knygu-parduotuve\/\"},{\"@type\":\"ListItem\",\"position\":3,\"name\":\"Auksinis \u016bsas: mitai ir realyb\u0117\"}]},{\"@type\":\"WebSite\",\"@id\":\"https:\/\/skaitytaknyga.lt\/#website\",\"url\":\"https:\/\/skaitytaknyga.lt\/\",\"name\":\"skaitytaknyga.lt\",\"description\":\"Skaitytaknyga.lt \u2013 tai ma\u017eas \u0161eimos verslas, kuris prasid\u0117jo nuo meil\u0117s knygoms ir siekio i\u0161gelb\u0117ti knygas nuo likimo prie konteinerio. Kas vienam nereikalingas daiktas \u2013 kitam lobis, o mes esame tarpininkai, kurie padeda abiems tapti laimingesniems ???? \u017dinome kaip nelengva i\u0161gyventi ma\u017eiems verslams, tad nuo \u0161iol, \u010dia rasite ir kit\u0173, ma\u017e\u0173 \u0161eim\u0173 versl\u0173, rank\u0173 darbo, dovan\u0173 sau ir artimiesiems.\",\"publisher\":{\"@id\":\"https:\/\/skaitytaknyga.lt\/#organization\"},\"potentialAction\":[{\"@type\":\"SearchAction\",\"target\":{\"@type\":\"EntryPoint\",\"urlTemplate\":\"https:\/\/skaitytaknyga.lt\/?s={search_term_string}\"},\"query-input\":{\"@type\":\"PropertyValueSpecification\",\"valueRequired\":true,\"valueName\":\"search_term_string\"}}],\"inLanguage\":\"en-GB\"},{\"@type\":\"Organization\",\"@id\":\"https:\/\/skaitytaknyga.lt\/#organization\",\"name\":\"skaitytaknyga.lt\",\"url\":\"https:\/\/skaitytaknyga.lt\/\",\"logo\":{\"@type\":\"ImageObject\",\"inLanguage\":\"en-GB\",\"@id\":\"https:\/\/skaitytaknyga.lt\/#\/schema\/logo\/image\/\",\"url\":\"https:\/\/skaitytaknyga.lt\/wp-content\/uploads\/2024\/05\/cropped-cropped-cropped-02_00843_jt3bggkj1j3HLc7SyY6rEUpg.jpeg\",\"contentUrl\":\"https:\/\/skaitytaknyga.lt\/wp-content\/uploads\/2024\/05\/cropped-cropped-cropped-02_00843_jt3bggkj1j3HLc7SyY6rEUpg.jpeg\",\"width\":1600,\"height\":1600,\"caption\":\"skaitytaknyga.lt\"},\"image\":{\"@id\":\"https:\/\/skaitytaknyga.lt\/#\/schema\/logo\/image\/\"},\"sameAs\":[\"https:\/\/www.facebook.com\/skaitytaknyga\/\"]}]}<\/script>\n<!-- \/ Yoast SEO plugin. -->","yoast_head_json":{"title":"Auksinis \u016bsas: mitai ir realyb\u0117","description":"Visa tiesa apie augal\u0105, kuris gydo visas ligas\u2026 Ta\u010diau neteisingai vartojamas, gali pra\u017eudyti. Auksinio \u016bso antpilai gali pastatyti \u017emog\u0173 ant koj\u0173.","robots":{"index":"index","follow":"follow","max-snippet":"max-snippet:-1","max-image-preview":"max-image-preview:large","max-video-preview":"max-video-preview:-1"},"canonical":"https:\/\/skaitytaknyga.lt\/en\/produktas\/auksinis-usas-mitai-ir-realybe\/","og_locale":"en_GB","og_type":"article","og_title":"[:lt]Auksinis \u016bsas: mitai ir realyb\u0117[:] - Skaitytaknyga","og_description":"Visa tiesa apie augal\u0105, kuris gydo visas ligas\u2026 Ta\u010diau neteisingai vartojamas, gali pra\u017eudyti. Auksinio \u016bso antpilai gali pastatyti \u017emog\u0173 ant koj\u0173.","og_url":"https:\/\/skaitytaknyga.lt\/en\/produktas\/auksinis-usas-mitai-ir-realybe\/","og_site_name":"Skaitytaknyga","article_publisher":"https:\/\/www.facebook.com\/skaitytaknyga\/","article_modified_time":"2026-03-18T11:28:51+00:00","og_image":[{"width":836,"height":1256,"url":"https:\/\/skaitytaknyga.lt\/wp-content\/uploads\/2024\/10\/Auksinis-usas.-mitai-ir-realybe.png","type":"image\/png"}],"twitter_card":"summary_large_image","twitter_misc":{"Estimated reading time":"3 minutes"},"schema":{"@context":"https:\/\/schema.org","@graph":[{"@type":"WebPage","@id":"https:\/\/skaitytaknyga.lt\/produktas\/auksinis-usas-mitai-ir-realybe\/","url":"https:\/\/skaitytaknyga.lt\/produktas\/auksinis-usas-mitai-ir-realybe\/","name":"Auksinis \u016bsas: mitai ir realyb\u0117","isPartOf":{"@id":"https:\/\/skaitytaknyga.lt\/#website"},"primaryImageOfPage":{"@id":"https:\/\/skaitytaknyga.lt\/produktas\/auksinis-usas-mitai-ir-realybe\/#primaryimage"},"image":{"@id":"https:\/\/skaitytaknyga.lt\/produktas\/auksinis-usas-mitai-ir-realybe\/#primaryimage"},"thumbnailUrl":"https:\/\/skaitytaknyga.lt\/wp-content\/uploads\/2024\/10\/Auksinis-usas.-mitai-ir-realybe.png","datePublished":"2024-10-12T15:27:37+00:00","dateModified":"2026-03-18T11:28:51+00:00","description":"Visa tiesa apie augal\u0105, kuris gydo visas ligas\u2026 Ta\u010diau neteisingai vartojamas, gali pra\u017eudyti. Auksinio \u016bso antpilai gali pastatyti \u017emog\u0173 ant koj\u0173.","breadcrumb":{"@id":"https:\/\/skaitytaknyga.lt\/produktas\/auksinis-usas-mitai-ir-realybe\/#breadcrumb"},"inLanguage":"en-GB","potentialAction":[{"@type":"ReadAction","target":["https:\/\/skaitytaknyga.lt\/produktas\/auksinis-usas-mitai-ir-realybe\/"]}]},{"@type":"ImageObject","inLanguage":"en-GB","@id":"https:\/\/skaitytaknyga.lt\/produktas\/auksinis-usas-mitai-ir-realybe\/#primaryimage","url":"https:\/\/skaitytaknyga.lt\/wp-content\/uploads\/2024\/10\/Auksinis-usas.-mitai-ir-realybe.png","contentUrl":"https:\/\/skaitytaknyga.lt\/wp-content\/uploads\/2024\/10\/Auksinis-usas.-mitai-ir-realybe.png","width":836,"height":1256,"caption":"Auksinis \u016bsas: mitai ir realyb\u0117"},{"@type":"BreadcrumbList","@id":"https:\/\/skaitytaknyga.lt\/produktas\/auksinis-usas-mitai-ir-realybe\/#breadcrumb","itemListElement":[{"@type":"ListItem","position":1,"name":"Home","item":"https:\/\/skaitytaknyga.lt\/"},{"@type":"ListItem","position":2,"name":"Parduotuv\u0117","item":"https:\/\/skaitytaknyga.lt\/knygu-parduotuve\/"},{"@type":"ListItem","position":3,"name":"Auksinis \u016bsas: mitai ir realyb\u0117"}]},{"@type":"WebSite","@id":"https:\/\/skaitytaknyga.lt\/#website","url":"https:\/\/skaitytaknyga.lt\/","name":"skaitytaknyga.lt","description":"Skaitytaknyga.lt \u2013 tai ma\u017eas \u0161eimos verslas, kuris prasid\u0117jo nuo meil\u0117s knygoms ir siekio i\u0161gelb\u0117ti knygas nuo likimo prie konteinerio. Kas vienam nereikalingas daiktas \u2013 kitam lobis, o mes esame tarpininkai, kurie padeda abiems tapti laimingesniems ???? \u017dinome kaip nelengva i\u0161gyventi ma\u017eiems verslams, tad nuo \u0161iol, \u010dia rasite ir kit\u0173, ma\u017e\u0173 \u0161eim\u0173 versl\u0173, rank\u0173 darbo, dovan\u0173 sau ir artimiesiems.","publisher":{"@id":"https:\/\/skaitytaknyga.lt\/#organization"},"potentialAction":[{"@type":"SearchAction","target":{"@type":"EntryPoint","urlTemplate":"https:\/\/skaitytaknyga.lt\/?s={search_term_string}"},"query-input":{"@type":"PropertyValueSpecification","valueRequired":true,"valueName":"search_term_string"}}],"inLanguage":"en-GB"},{"@type":"Organization","@id":"https:\/\/skaitytaknyga.lt\/#organization","name":"skaitytaknyga.lt","url":"https:\/\/skaitytaknyga.lt\/","logo":{"@type":"ImageObject","inLanguage":"en-GB","@id":"https:\/\/skaitytaknyga.lt\/#\/schema\/logo\/image\/","url":"https:\/\/skaitytaknyga.lt\/wp-content\/uploads\/2024\/05\/cropped-cropped-cropped-02_00843_jt3bggkj1j3HLc7SyY6rEUpg.jpeg","contentUrl":"https:\/\/skaitytaknyga.lt\/wp-content\/uploads\/2024\/05\/cropped-cropped-cropped-02_00843_jt3bggkj1j3HLc7SyY6rEUpg.jpeg","width":1600,"height":1600,"caption":"skaitytaknyga.lt"},"image":{"@id":"https:\/\/skaitytaknyga.lt\/#\/schema\/logo\/image\/"},"sameAs":["https:\/\/www.facebook.com\/skaitytaknyga\/"]}]}},"_links":{"self":[{"href":"https:\/\/skaitytaknyga.lt\/en\/wp-json\/wp\/v2\/product\/14186","targetHints":{"allow":["GET"]}}],"collection":[{"href":"https:\/\/skaitytaknyga.lt\/en\/wp-json\/wp\/v2\/product"}],"about":[{"href":"https:\/\/skaitytaknyga.lt\/en\/wp-json\/wp\/v2\/types\/product"}],"replies":[{"embeddable":true,"href":"https:\/\/skaitytaknyga.lt\/en\/wp-json\/wp\/v2\/comments?post=14186"}],"wp:featuredmedia":[{"embeddable":true,"href":"https:\/\/skaitytaknyga.lt\/en\/wp-json\/wp\/v2\/media\/14203"}],"wp:attachment":[{"href":"https:\/\/skaitytaknyga.lt\/en\/wp-json\/wp\/v2\/media?parent=14186"}],"wp:term":[{"taxonomy":"product_brand","embeddable":true,"href":"https:\/\/skaitytaknyga.lt\/en\/wp-json\/wp\/v2\/product_brand?post=14186"},{"taxonomy":"product_cat","embeddable":true,"href":"https:\/\/skaitytaknyga.lt\/en\/wp-json\/wp\/v2\/product_cat?post=14186"},{"taxonomy":"product_tag","embeddable":true,"href":"https:\/\/skaitytaknyga.lt\/en\/wp-json\/wp\/v2\/product_tag?post=14186"}],"curies":[{"name":"wp","href":"https:\/\/api.w.org\/{rel}","templated":true}]}}