{"id":14185,"date":"2024-10-12T18:27:36","date_gmt":"2024-10-12T15:27:36","guid":{"rendered":"https:\/\/skaitytaknyga.lt\/?post_type=product&#038;p=14185"},"modified":"2025-09-30T19:08:48","modified_gmt":"2025-09-30T16:08:48","slug":"sios-akimirkos-jega-dvasios-nusvitimo-vadovas","status":"publish","type":"product","link":"https:\/\/skaitytaknyga.lt\/en\/produktas\/sios-akimirkos-jega-dvasios-nusvitimo-vadovas\/","title":{"rendered":"\u0160ios akimirkos j\u0117ga. Dvasios nu\u0161vitimo vadovas"},"content":{"rendered":"<p>\u017di\u016briu \u012f j\u012f ir nematau, bandau prisiliesti ir neprisilie\u010diu, noriu i\u0161girsti ir negird\u017eiu &#8211; tai A\u0161 &#8211; &#8211; &#8211; u\u017e vis\u0173 \u017eod\u017ei\u0173, regimybi\u0173 ir poj\u016b\u010di\u0173. Toks am\u017einai esantis. Toks nei didelis, nei ma\u017eas, nei ap\u0161viestas, nei u\u017etamsintas, nei skaidrus, nei drumzlinas, nei tyras, nei nuod\u0117mingas, nei gim\u0119s, nei mirsiantis&#8230; toks \u0161ioje akimirkoje, \u010dia ir dabar. \u0160tai toks a\u0161 ESU.<\/p>\n<p>Nor\u0117dami prisiliesti prie \u0161ios akimirkos j\u0117gos, turime atsisakyti analitinio m\u0105stymo ir jo sukurto netikro a\u0161, arba ego. Su \u0161ios knygos puslapiais mes spar\u010diai kylame \u012f dvasios auk\u0161tumas, kur \u012fkvepiame tyro b\u016bties oro. Nors kelion\u0117 i\u0161ties nelengva, Eckhartas Tolle kalba apie j\u0105 labai suprantamai. \u0160ioje knygoje jis atsako \u012f da\u017eniausiai jam pateikiamus klausimus, ir tie atsakymai yra kelion\u0117s kelrod\u017eiai \u017eenklai.<\/p>\n<p>O m\u016bs\u0173, keliautoj\u0173, laukia nauji atradimai. Vis\u0173 pirma mes su\u017einosime, kad nesame vien protas, kad galime i\u0161sivaduoti i\u0161 psichologinio skausmo, kad tikr\u0105sias savo galias atskleisime tik atsidav\u0119 \u0161iai b\u016bties akimirkai. Mes taip pat su\u017einosime, jog m\u016bs\u0173 k\u016bnas yra tie vartai, pro kuriuos galime \u012f\u017eengti \u012f vidin\u0117s ramyb\u0117s ir tylos erdv\u0119, \u012f Dabar, \u012f am\u017ein\u0105 buvim\u0105 \u010dia \u2013 kur n\u0117ra joki\u0173 problem\u0173, kur vie\u0161patauja d\u017eiaugsmas, kur mes randame savo tikr\u0105j\u012f a\u0161. Patek\u0119 \u012f t\u0105 erdv\u0119 mes suvokiame, jog esame tobuli.<\/p>\n<p>Daug kas i\u0161 m\u016bs\u0173 supras, kad pagrindin\u0117 \u0161io kelio kli\u016btis yra m\u016bs\u0173 bendravimas su \u017emon\u0117mis, ypa\u010d intym\u016bs santykiai. Ta\u010diau mes jau esame \u201ekitoje teritorijoje\u201c, kurioje viskas vyksta kitaip. Ima ai\u0161k\u0117ti, jog santykiai \u2013 tai dar vieneri vartai, vedantys \u012f dvasios nu\u0161vitim\u0105. Pro juos \u017eengsime, jei i\u0161moksime i\u0161 tikr\u0173j\u0173 myl\u0117ti, atjausti ir bendrauti i\u0161mintingai. Pasekm\u0117 \u2013 tikra dviej\u0173 a\u0161 s\u0105junga.<\/p>\n<p>Kai i\u0161moksime b\u016bti tik \u010dia ir dabar, kai imsime jausti savo vidin\u012f k\u016bn\u0105, kai gal\u0117sime atleisti ir nesiprie\u0161inti, kai prisiliesime prie \u017eod\u017eiais ir s\u0105vokomis nei\u0161rei\u0161kiamos savo Esaties \u2013 \u0161tai tada \u012fvyks tikrieji poky\u010diai, kurie vadinami nu\u0161vitimu.<\/p>\n<ul class=\"about-product d-none d-xl-block mt-4\">\n<li><strong>Autorius:<\/strong>\u00a0Eckhart Tolle<\/li>\n<li><strong>Leid\u0117jas:<\/strong>\u00a0Mijalba<\/li>\n<li><strong>Metai:<\/strong>\u00a02010<\/li>\n<li><strong>Puslapiai:<\/strong>\u00a0240<\/li>\n<li class=\"toggleable type-new-formats \"><strong>ISBN:<\/strong>\u00a09789955599050<\/li>\n<li><strong>Versijos kodas:<\/strong>\u00a0PT.<\/li>\n<li class=\"toggleable type-new-formats \"><strong>Formatas:<\/strong>\u00a015 x 21,5 cm, mink\u0161ti vir\u0161eliai<\/li>\n<li><strong>Kalba:<\/strong>\u00a0Lietuvi\u0173<\/li>\n<li><strong>Vert\u0117jas:<\/strong>\u00a0Andrius Rondomanskis, Jonas Vitk\u016bnas<\/li>\n<\/ul>\n","protected":false},"excerpt":{"rendered":"<p>\u017di\u016briu \u012f j\u012f ir nematau, bandau prisiliesti ir neprisilie\u010diu, noriu i\u0161girsti ir negird\u017eiu &#8211; tai A\u0161 &#8211; &#8211; &#8211; u\u017e vis\u0173 \u017eod\u017ei\u0173, regimybi\u0173 ir poj\u016b\u010di\u0173. Toks am\u017einai esantis. Toks nei didelis, nei ma\u017eas, nei ap\u0161viestas, nei u\u017etamsintas, nei skaidrus, nei drumzlinas, nei tyras, nei nuod\u0117mingas, nei gim\u0119s, nei mirsiantis&#8230; toks \u0161ioje akimirkoje, \u010dia ir dabar. \u0160tai toks a\u0161 ESU. Nor\u0117dami prisiliesti prie \u0161ios akimirkos j\u0117gos, turime atsisakyti analitinio m\u0105stymo ir jo sukurto netikro a\u0161, arba ego. Su \u0161ios knygos puslapiais mes spar\u010diai kylame \u012f dvasios auk\u0161tumas, kur \u012fkvepiame tyro b\u016bties oro. Nors kelion\u0117 i\u0161ties nelengva, Eckhartas Tolle kalba apie j\u0105 labai suprantamai. \u0160ioje knygoje jis atsako \u012f da\u017eniausiai jam pateikiamus klausimus, ir tie atsakymai yra kelion\u0117s kelrod\u017eiai \u017eenklai. O m\u016bs\u0173, keliautoj\u0173, laukia nauji atradimai. Vis\u0173 pirma mes su\u017einosime, kad nesame vien protas, kad galime i\u0161sivaduoti i\u0161 psichologinio skausmo, kad tikr\u0105sias savo galias atskleisime tik atsidav\u0119 \u0161iai b\u016bties akimirkai. Mes taip pat su\u017einosime, jog m\u016bs\u0173 k\u016bnas yra tie vartai, pro kuriuos galime \u012f\u017eengti \u012f vidin\u0117s ramyb\u0117s ir tylos erdv\u0119, \u012f Dabar, \u012f am\u017ein\u0105 buvim\u0105 \u010dia \u2013 kur n\u0117ra joki\u0173 problem\u0173, kur vie\u0161patauja d\u017eiaugsmas, kur mes randame savo tikr\u0105j\u012f a\u0161. Patek\u0119 \u012f t\u0105 erdv\u0119 mes suvokiame, jog esame tobuli. Daug kas i\u0161 m\u016bs\u0173 supras, kad pagrindin\u0117 \u0161io kelio kli\u016btis yra m\u016bs\u0173 bendravimas su \u017emon\u0117mis, ypa\u010d intym\u016bs santykiai. Ta\u010diau mes jau esame \u201ekitoje teritorijoje\u201c, kurioje viskas vyksta kitaip. Ima ai\u0161k\u0117ti, jog santykiai \u2013 tai dar vieneri vartai, vedantys \u012f dvasios nu\u0161vitim\u0105. Pro juos \u017eengsime, jei i\u0161moksime i\u0161 tikr\u0173j\u0173 myl\u0117ti, atjausti ir bendrauti i\u0161mintingai. Pasekm\u0117 \u2013 tikra dviej\u0173 a\u0161 s\u0105junga. Kai i\u0161moksime b\u016bti tik \u010dia ir dabar, kai imsime jausti savo vidin\u012f k\u016bn\u0105, kai gal\u0117sime atleisti ir nesiprie\u0161inti, kai prisiliesime prie \u017eod\u017eiais ir s\u0105vokomis nei\u0161rei\u0161kiamos savo Esaties \u2013 \u0161tai tada \u012fvyks tikrieji poky\u010diai, kurie vadinami nu\u0161vitimu. Autorius:\u00a0Eckhart Tolle Leid\u0117jas:\u00a0Mijalba Metai:\u00a02010 Puslapiai:\u00a0240 ISBN:\u00a09789955599050 Versijos kodas:\u00a0PT. Formatas:\u00a015 x 21,5 cm, mink\u0161ti vir\u0161eliai Kalba:\u00a0Lietuvi\u0173 Vert\u0117jas:\u00a0Andrius Rondomanskis, Jonas Vitk\u016bnas<\/p>\n","protected":false},"featured_media":14195,"comment_status":"open","ping_status":"closed","template":"","meta":{"_acf_changed":false,"site-sidebar-layout":"default","site-content-layout":"","ast-site-content-layout":"default","site-content-style":"default","site-sidebar-style":"default","ast-global-header-display":"","ast-banner-title-visibility":"","ast-main-header-display":"","ast-hfb-above-header-display":"","ast-hfb-below-header-display":"","ast-hfb-mobile-header-display":"","site-post-title":"","ast-breadcrumbs-content":"","ast-featured-img":"","footer-sml-layout":"","ast-disable-related-posts":"","theme-transparent-header-meta":"default","adv-header-id-meta":"","stick-header-meta":"","header-above-stick-meta":"","header-main-stick-meta":"","header-below-stick-meta":"","astra-migrate-meta-layouts":"set","ast-page-background-enabled":"default","ast-page-background-meta":{"desktop":{"background-color":"","background-image":"","background-repeat":"repeat","background-position":"center center","background-size":"auto","background-attachment":"scroll","background-type":"","background-media":"","overlay-type":"","overlay-color":"","overlay-opacity":"","overlay-gradient":""},"tablet":{"background-color":"","background-image":"","background-repeat":"repeat","background-position":"center center","background-size":"auto","background-attachment":"scroll","background-type":"","background-media":"","overlay-type":"","overlay-color":"","overlay-opacity":"","overlay-gradient":""},"mobile":{"background-color":"","background-image":"","background-repeat":"repeat","background-position":"center center","background-size":"auto","background-attachment":"scroll","background-type":"","background-media":"","overlay-type":"","overlay-color":"","overlay-opacity":"","overlay-gradient":""}},"ast-content-background-meta":{"desktop":{"background-color":"var(--ast-global-color-4)","background-image":"","background-repeat":"repeat","background-position":"center center","background-size":"auto","background-attachment":"scroll","background-type":"","background-media":"","overlay-type":"","overlay-color":"","overlay-opacity":"","overlay-gradient":""},"tablet":{"background-color":"var(--ast-global-color-4)","background-image":"","background-repeat":"repeat","background-position":"center center","background-size":"auto","background-attachment":"scroll","background-type":"","background-media":"","overlay-type":"","overlay-color":"","overlay-opacity":"","overlay-gradient":""},"mobile":{"background-color":"var(--ast-global-color-4)","background-image":"","background-repeat":"repeat","background-position":"center center","background-size":"auto","background-attachment":"scroll","background-type":"","background-media":"","overlay-type":"","overlay-color":"","overlay-opacity":"","overlay-gradient":""}}},"product_brand":[],"product_cat":[165,15],"product_tag":[1962,1964,1960,1959,1963,1961],"class_list":{"0":"post-14185","1":"product","2":"type-product","3":"status-publish","4":"has-post-thumbnail","6":"product_cat-religija-filosofija-ir-ezoterika","7":"product_cat-uncategorized","8":"product_tag-dabarties-jega","9":"product_tag-dvasine-praktika","10":"product_tag-dvasinis-nusvitimas","11":"product_tag-eckhart-tolle","12":"product_tag-meditacija","13":"product_tag-samoningas-gyvenimas","14":"desktop-align-left","15":"tablet-align-left","16":"mobile-align-left","18":"first","19":"outofstock","20":"shipping-taxable","21":"purchasable","22":"product-type-simple"},"acf":[],"yoast_head":"<!-- This site is optimized with the Yoast SEO plugin v27.4 - https:\/\/yoast.com\/product\/yoast-seo-wordpress\/ -->\n<title>\u0160ios akimirkos j\u0117ga. Dvasios nu\u0161vitimo vadovas<\/title>\n<meta name=\"description\" content=\"\u017di\u016briu \u012f j\u012f ir nematau, bandau prisiliesti ir neprisilie\u010diu, noriu i\u0161girsti ir negird\u017eiu - tai A\u0161 - - - u\u017e vis\u0173 \u017eod\u017ei\u0173, regimybi\u0173 ir poj\u016b\u010di\u0173. Toks am\u017einai\" \/>\n<meta name=\"robots\" content=\"index, follow, max-snippet:-1, max-image-preview:large, max-video-preview:-1\" \/>\n<link rel=\"canonical\" href=\"https:\/\/skaitytaknyga.lt\/en\/produktas\/sios-akimirkos-jega-dvasios-nusvitimo-vadovas\/\" \/>\n<meta property=\"og:locale\" content=\"en_GB\" \/>\n<meta property=\"og:locale:alternate\" content=\"lt_LT\" \/>\n<meta property=\"og:type\" content=\"article\" \/>\n<meta property=\"og:title\" content=\"\u0160ios akimirkos j\u0117ga. Dvasios nu\u0161vitimo vadovas\" \/>\n<meta property=\"og:description\" content=\"\u017di\u016briu \u012f j\u012f ir nematau, bandau prisiliesti ir neprisilie\u010diu, noriu i\u0161girsti ir negird\u017eiu - tai A\u0161 - - - u\u017e vis\u0173 \u017eod\u017ei\u0173, regimybi\u0173 ir poj\u016b\u010di\u0173. Toks am\u017einai\" \/>\n<meta property=\"og:url\" content=\"https:\/\/skaitytaknyga.lt\/en\/produktas\/sios-akimirkos-jega-dvasios-nusvitimo-vadovas\/\" \/>\n<meta property=\"og:site_name\" content=\"Skaitytaknyga\" \/>\n<meta property=\"article:publisher\" content=\"https:\/\/www.facebook.com\/skaitytaknyga\/\" \/>\n<meta property=\"article:modified_time\" content=\"2025-09-30T16:08:48+00:00\" \/>\n<meta property=\"og:image\" content=\"https:\/\/skaitytaknyga.lt\/wp-content\/uploads\/2024\/10\/1547024350_Sios-akimirkos-jega-Tolle3.webp\" \/>\n\t<meta property=\"og:image:width\" content=\"494\" \/>\n\t<meta property=\"og:image:height\" content=\"752\" \/>\n\t<meta property=\"og:image:type\" content=\"image\/webp\" \/>\n<meta name=\"twitter:card\" content=\"summary_large_image\" \/>\n<meta name=\"twitter:label1\" content=\"Estimated reading time\" \/>\n\t<meta name=\"twitter:data1\" content=\"2 minutes\" \/>\n<script type=\"application\/ld+json\" class=\"yoast-schema-graph\">{\"@context\":\"https:\\\/\\\/schema.org\",\"@graph\":[{\"@type\":\"WebPage\",\"@id\":\"https:\\\/\\\/skaitytaknyga.lt\\\/produktas\\\/sios-akimirkos-jega-dvasios-nusvitimo-vadovas\\\/\",\"url\":\"https:\\\/\\\/skaitytaknyga.lt\\\/produktas\\\/sios-akimirkos-jega-dvasios-nusvitimo-vadovas\\\/\",\"name\":\"\u0160ios akimirkos j\u0117ga. Dvasios nu\u0161vitimo vadovas\",\"isPartOf\":{\"@id\":\"https:\\\/\\\/skaitytaknyga.lt\\\/#website\"},\"primaryImageOfPage\":{\"@id\":\"https:\\\/\\\/skaitytaknyga.lt\\\/produktas\\\/sios-akimirkos-jega-dvasios-nusvitimo-vadovas\\\/#primaryimage\"},\"image\":{\"@id\":\"https:\\\/\\\/skaitytaknyga.lt\\\/produktas\\\/sios-akimirkos-jega-dvasios-nusvitimo-vadovas\\\/#primaryimage\"},\"thumbnailUrl\":\"https:\\\/\\\/skaitytaknyga.lt\\\/wp-content\\\/uploads\\\/2024\\\/10\\\/1547024350_Sios-akimirkos-jega-Tolle3.webp\",\"datePublished\":\"2024-10-12T15:27:36+00:00\",\"dateModified\":\"2025-09-30T16:08:48+00:00\",\"description\":\"\u017di\u016briu \u012f j\u012f ir nematau, bandau prisiliesti ir neprisilie\u010diu, noriu i\u0161girsti ir negird\u017eiu - tai A\u0161 - - - u\u017e vis\u0173 \u017eod\u017ei\u0173, regimybi\u0173 ir poj\u016b\u010di\u0173. Toks am\u017einai\",\"breadcrumb\":{\"@id\":\"https:\\\/\\\/skaitytaknyga.lt\\\/produktas\\\/sios-akimirkos-jega-dvasios-nusvitimo-vadovas\\\/#breadcrumb\"},\"inLanguage\":\"en-GB\",\"potentialAction\":[{\"@type\":\"ReadAction\",\"target\":[\"https:\\\/\\\/skaitytaknyga.lt\\\/produktas\\\/sios-akimirkos-jega-dvasios-nusvitimo-vadovas\\\/\"]}]},{\"@type\":\"ImageObject\",\"inLanguage\":\"en-GB\",\"@id\":\"https:\\\/\\\/skaitytaknyga.lt\\\/produktas\\\/sios-akimirkos-jega-dvasios-nusvitimo-vadovas\\\/#primaryimage\",\"url\":\"https:\\\/\\\/skaitytaknyga.lt\\\/wp-content\\\/uploads\\\/2024\\\/10\\\/1547024350_Sios-akimirkos-jega-Tolle3.webp\",\"contentUrl\":\"https:\\\/\\\/skaitytaknyga.lt\\\/wp-content\\\/uploads\\\/2024\\\/10\\\/1547024350_Sios-akimirkos-jega-Tolle3.webp\",\"width\":494,\"height\":752,\"caption\":\"\u0160ios akimirkos j\u0117ga. Dvasios nu\u0161vitimo vadovas\"},{\"@type\":\"BreadcrumbList\",\"@id\":\"https:\\\/\\\/skaitytaknyga.lt\\\/produktas\\\/sios-akimirkos-jega-dvasios-nusvitimo-vadovas\\\/#breadcrumb\",\"itemListElement\":[{\"@type\":\"ListItem\",\"position\":1,\"name\":\"Home\",\"item\":\"https:\\\/\\\/skaitytaknyga.lt\\\/\"},{\"@type\":\"ListItem\",\"position\":2,\"name\":\"Parduotuv\u0117\",\"item\":\"https:\\\/\\\/skaitytaknyga.lt\\\/knygu-parduotuve\\\/\"},{\"@type\":\"ListItem\",\"position\":3,\"name\":\"\u0160ios akimirkos j\u0117ga. Dvasios nu\u0161vitimo vadovas\"}]},{\"@type\":\"WebSite\",\"@id\":\"https:\\\/\\\/skaitytaknyga.lt\\\/#website\",\"url\":\"https:\\\/\\\/skaitytaknyga.lt\\\/\",\"name\":\"skaitytaknyga.lt\",\"description\":\"Skaitytaknyga.lt \u2013 tai ma\u017eas \u0161eimos verslas, kuris prasid\u0117jo nuo meil\u0117s knygoms ir siekio i\u0161gelb\u0117ti knygas nuo likimo prie konteinerio. Kas vienam nereikalingas daiktas \u2013 kitam lobis, o mes esame tarpininkai, kurie padeda abiems tapti laimingesniems ???? \u017dinome kaip nelengva i\u0161gyventi ma\u017eiems verslams, tad nuo \u0161iol, \u010dia rasite ir kit\u0173, ma\u017e\u0173 \u0161eim\u0173 versl\u0173, rank\u0173 darbo, dovan\u0173 sau ir artimiesiems.\",\"publisher\":{\"@id\":\"https:\\\/\\\/skaitytaknyga.lt\\\/#organization\"},\"potentialAction\":[{\"@type\":\"SearchAction\",\"target\":{\"@type\":\"EntryPoint\",\"urlTemplate\":\"https:\\\/\\\/skaitytaknyga.lt\\\/?s={search_term_string}\"},\"query-input\":{\"@type\":\"PropertyValueSpecification\",\"valueRequired\":true,\"valueName\":\"search_term_string\"}}],\"inLanguage\":\"en-GB\"},{\"@type\":\"Organization\",\"@id\":\"https:\\\/\\\/skaitytaknyga.lt\\\/#organization\",\"name\":\"skaitytaknyga.lt\",\"url\":\"https:\\\/\\\/skaitytaknyga.lt\\\/\",\"logo\":{\"@type\":\"ImageObject\",\"inLanguage\":\"en-GB\",\"@id\":\"https:\\\/\\\/skaitytaknyga.lt\\\/#\\\/schema\\\/logo\\\/image\\\/\",\"url\":\"https:\\\/\\\/skaitytaknyga.lt\\\/wp-content\\\/uploads\\\/2024\\\/05\\\/cropped-cropped-cropped-02_00843_jt3bggkj1j3HLc7SyY6rEUpg.jpeg\",\"contentUrl\":\"https:\\\/\\\/skaitytaknyga.lt\\\/wp-content\\\/uploads\\\/2024\\\/05\\\/cropped-cropped-cropped-02_00843_jt3bggkj1j3HLc7SyY6rEUpg.jpeg\",\"width\":1600,\"height\":1600,\"caption\":\"skaitytaknyga.lt\"},\"image\":{\"@id\":\"https:\\\/\\\/skaitytaknyga.lt\\\/#\\\/schema\\\/logo\\\/image\\\/\"},\"sameAs\":[\"https:\\\/\\\/www.facebook.com\\\/skaitytaknyga\\\/\"]}]}<\/script>\n<!-- \/ Yoast SEO plugin. -->","yoast_head_json":{"title":"\u0160ios akimirkos j\u0117ga. Dvasios nu\u0161vitimo vadovas","description":"\u017di\u016briu \u012f j\u012f ir nematau, bandau prisiliesti ir neprisilie\u010diu, noriu i\u0161girsti ir negird\u017eiu - tai A\u0161 - - - u\u017e vis\u0173 \u017eod\u017ei\u0173, regimybi\u0173 ir poj\u016b\u010di\u0173. Toks am\u017einai","robots":{"index":"index","follow":"follow","max-snippet":"max-snippet:-1","max-image-preview":"max-image-preview:large","max-video-preview":"max-video-preview:-1"},"canonical":"https:\/\/skaitytaknyga.lt\/en\/produktas\/sios-akimirkos-jega-dvasios-nusvitimo-vadovas\/","og_locale":"en_GB","og_type":"article","og_title":"[:lt]\u0160ios akimirkos j\u0117ga. Dvasios nu\u0161vitimo vadovas[:] - Skaitytaknyga","og_description":"\u017di\u016briu \u012f j\u012f ir nematau, bandau prisiliesti ir neprisilie\u010diu, noriu i\u0161girsti ir negird\u017eiu - tai A\u0161 - - - u\u017e vis\u0173 \u017eod\u017ei\u0173, regimybi\u0173 ir poj\u016b\u010di\u0173. Toks am\u017einai","og_url":"https:\/\/skaitytaknyga.lt\/en\/produktas\/sios-akimirkos-jega-dvasios-nusvitimo-vadovas\/","og_site_name":"Skaitytaknyga","article_publisher":"https:\/\/www.facebook.com\/skaitytaknyga\/","article_modified_time":"2025-09-30T16:08:48+00:00","og_image":[{"width":494,"height":752,"url":"https:\/\/skaitytaknyga.lt\/wp-content\/uploads\/2024\/10\/1547024350_Sios-akimirkos-jega-Tolle3.webp","type":"image\/webp"}],"twitter_card":"summary_large_image","twitter_misc":{"Estimated reading time":"2 minutes"},"schema":{"@context":"https:\/\/schema.org","@graph":[{"@type":"WebPage","@id":"https:\/\/skaitytaknyga.lt\/produktas\/sios-akimirkos-jega-dvasios-nusvitimo-vadovas\/","url":"https:\/\/skaitytaknyga.lt\/produktas\/sios-akimirkos-jega-dvasios-nusvitimo-vadovas\/","name":"\u0160ios akimirkos j\u0117ga. Dvasios nu\u0161vitimo vadovas","isPartOf":{"@id":"https:\/\/skaitytaknyga.lt\/#website"},"primaryImageOfPage":{"@id":"https:\/\/skaitytaknyga.lt\/produktas\/sios-akimirkos-jega-dvasios-nusvitimo-vadovas\/#primaryimage"},"image":{"@id":"https:\/\/skaitytaknyga.lt\/produktas\/sios-akimirkos-jega-dvasios-nusvitimo-vadovas\/#primaryimage"},"thumbnailUrl":"https:\/\/skaitytaknyga.lt\/wp-content\/uploads\/2024\/10\/1547024350_Sios-akimirkos-jega-Tolle3.webp","datePublished":"2024-10-12T15:27:36+00:00","dateModified":"2025-09-30T16:08:48+00:00","description":"\u017di\u016briu \u012f j\u012f ir nematau, bandau prisiliesti ir neprisilie\u010diu, noriu i\u0161girsti ir negird\u017eiu - tai A\u0161 - - - u\u017e vis\u0173 \u017eod\u017ei\u0173, regimybi\u0173 ir poj\u016b\u010di\u0173. Toks am\u017einai","breadcrumb":{"@id":"https:\/\/skaitytaknyga.lt\/produktas\/sios-akimirkos-jega-dvasios-nusvitimo-vadovas\/#breadcrumb"},"inLanguage":"en-GB","potentialAction":[{"@type":"ReadAction","target":["https:\/\/skaitytaknyga.lt\/produktas\/sios-akimirkos-jega-dvasios-nusvitimo-vadovas\/"]}]},{"@type":"ImageObject","inLanguage":"en-GB","@id":"https:\/\/skaitytaknyga.lt\/produktas\/sios-akimirkos-jega-dvasios-nusvitimo-vadovas\/#primaryimage","url":"https:\/\/skaitytaknyga.lt\/wp-content\/uploads\/2024\/10\/1547024350_Sios-akimirkos-jega-Tolle3.webp","contentUrl":"https:\/\/skaitytaknyga.lt\/wp-content\/uploads\/2024\/10\/1547024350_Sios-akimirkos-jega-Tolle3.webp","width":494,"height":752,"caption":"\u0160ios akimirkos j\u0117ga. Dvasios nu\u0161vitimo vadovas"},{"@type":"BreadcrumbList","@id":"https:\/\/skaitytaknyga.lt\/produktas\/sios-akimirkos-jega-dvasios-nusvitimo-vadovas\/#breadcrumb","itemListElement":[{"@type":"ListItem","position":1,"name":"Home","item":"https:\/\/skaitytaknyga.lt\/"},{"@type":"ListItem","position":2,"name":"Parduotuv\u0117","item":"https:\/\/skaitytaknyga.lt\/knygu-parduotuve\/"},{"@type":"ListItem","position":3,"name":"\u0160ios akimirkos j\u0117ga. Dvasios nu\u0161vitimo vadovas"}]},{"@type":"WebSite","@id":"https:\/\/skaitytaknyga.lt\/#website","url":"https:\/\/skaitytaknyga.lt\/","name":"skaitytaknyga.lt","description":"Skaitytaknyga.lt \u2013 tai ma\u017eas \u0161eimos verslas, kuris prasid\u0117jo nuo meil\u0117s knygoms ir siekio i\u0161gelb\u0117ti knygas nuo likimo prie konteinerio. Kas vienam nereikalingas daiktas \u2013 kitam lobis, o mes esame tarpininkai, kurie padeda abiems tapti laimingesniems ???? \u017dinome kaip nelengva i\u0161gyventi ma\u017eiems verslams, tad nuo \u0161iol, \u010dia rasite ir kit\u0173, ma\u017e\u0173 \u0161eim\u0173 versl\u0173, rank\u0173 darbo, dovan\u0173 sau ir artimiesiems.","publisher":{"@id":"https:\/\/skaitytaknyga.lt\/#organization"},"potentialAction":[{"@type":"SearchAction","target":{"@type":"EntryPoint","urlTemplate":"https:\/\/skaitytaknyga.lt\/?s={search_term_string}"},"query-input":{"@type":"PropertyValueSpecification","valueRequired":true,"valueName":"search_term_string"}}],"inLanguage":"en-GB"},{"@type":"Organization","@id":"https:\/\/skaitytaknyga.lt\/#organization","name":"skaitytaknyga.lt","url":"https:\/\/skaitytaknyga.lt\/","logo":{"@type":"ImageObject","inLanguage":"en-GB","@id":"https:\/\/skaitytaknyga.lt\/#\/schema\/logo\/image\/","url":"https:\/\/skaitytaknyga.lt\/wp-content\/uploads\/2024\/05\/cropped-cropped-cropped-02_00843_jt3bggkj1j3HLc7SyY6rEUpg.jpeg","contentUrl":"https:\/\/skaitytaknyga.lt\/wp-content\/uploads\/2024\/05\/cropped-cropped-cropped-02_00843_jt3bggkj1j3HLc7SyY6rEUpg.jpeg","width":1600,"height":1600,"caption":"skaitytaknyga.lt"},"image":{"@id":"https:\/\/skaitytaknyga.lt\/#\/schema\/logo\/image\/"},"sameAs":["https:\/\/www.facebook.com\/skaitytaknyga\/"]}]}},"_links":{"self":[{"href":"https:\/\/skaitytaknyga.lt\/en\/wp-json\/wp\/v2\/product\/14185","targetHints":{"allow":["GET"]}}],"collection":[{"href":"https:\/\/skaitytaknyga.lt\/en\/wp-json\/wp\/v2\/product"}],"about":[{"href":"https:\/\/skaitytaknyga.lt\/en\/wp-json\/wp\/v2\/types\/product"}],"replies":[{"embeddable":true,"href":"https:\/\/skaitytaknyga.lt\/en\/wp-json\/wp\/v2\/comments?post=14185"}],"wp:featuredmedia":[{"embeddable":true,"href":"https:\/\/skaitytaknyga.lt\/en\/wp-json\/wp\/v2\/media\/14195"}],"wp:attachment":[{"href":"https:\/\/skaitytaknyga.lt\/en\/wp-json\/wp\/v2\/media?parent=14185"}],"wp:term":[{"taxonomy":"product_brand","embeddable":true,"href":"https:\/\/skaitytaknyga.lt\/en\/wp-json\/wp\/v2\/product_brand?post=14185"},{"taxonomy":"product_cat","embeddable":true,"href":"https:\/\/skaitytaknyga.lt\/en\/wp-json\/wp\/v2\/product_cat?post=14185"},{"taxonomy":"product_tag","embeddable":true,"href":"https:\/\/skaitytaknyga.lt\/en\/wp-json\/wp\/v2\/product_tag?post=14185"}],"curies":[{"name":"wp","href":"https:\/\/api.w.org\/{rel}","templated":true}]}}